{"id":3296,"date":"2024-06-24T10:24:58","date_gmt":"2024-06-24T08:24:58","guid":{"rendered":"https:\/\/www.astronomy.tours\/product\/eksploruj-wszechswiat-tom-1-wstep-do-astronomii-dla-dzieci\/"},"modified":"2024-06-24T10:24:58","modified_gmt":"2024-06-24T08:24:58","slug":"eksploruj-wszechswiat-tom-1-wstep-do-astronomii-dla-dzieci","status":"publish","type":"product","link":"https:\/\/www.astronomy.tours\/pl\/produkt\/eksploruj-wszechswiat-tom-1-wstep-do-astronomii-dla-dzieci\/","title":{"rendered":"Eksploruj Wszech\u015bwiat Tom 1: Wst\u0119p do Astronomii&#8221; dla dzieci"},"content":{"rendered":"<p>Wyrusz w ekscytuj\u0105c\u0105 podr\u00f3\u017c przez kosmos z &#8220;Explore the Universe Book 1: Introduction to Astronomy&#8221;, pierwsz\u0105 ods\u0142on\u0105 wci\u0105gaj\u0105cej serii stworzonej przez zesp\u00f3\u0142 Fundacji Centrum Astronomii i Nauki. Do\u0142\u0105cz do Maxa i jego przyjaci\u00f3\u0142, kt\u00f3rzy odkrywaj\u0105 cuda kosmosu w zabawnej i edukacyjnej przygodzie.<\/p>\n<p><strong>Kluczowe cechy:<\/strong><\/p>\n<ul>\n<li>Zawarto\u015b\u0107 edukacyjna: Poznaj podstawowe poj\u0119cia astronomiczne, takie jak lata \u015bwietlne, odleg\u0142o\u015bci w przestrzeni, dylatacja czasu, konstelacje, Gwiazda P\u00f3\u0142nocna (Polaris) oraz jak j\u0105 zlokalizowa\u0107 i u\u017cywa\u0107, planety Uk\u0142adu S\u0142onecznego i Ksi\u0119\u017cyc.<\/li>\n<li>Kolorowe ilustracje: Ciesz si\u0119 56 kolorowymi stronami wype\u0142nionymi urzekaj\u0105cymi grafikami, kt\u00f3re o\u017cywiaj\u0105 tajemnice wszech\u015bwiata.<\/li>\n<li>\u0141atwy do zrozumienia j\u0119zyk: Napisany jasnym, przyst\u0119pnym j\u0119zykiem odpowiednim dla dzieci w wieku do 12 lat, dzi\u0119ki czemu z\u0142o\u017cone tematy s\u0105 \u0142atwe do zrozumienia i przyjemne w nauce.<\/li>\n<li>Wci\u0105gaj\u0105ca fabu\u0142a: Pod\u0105\u017caj za Maxem i jego przyjaci\u00f3\u0142mi podczas ich kosmicznych przyg\u00f3d, rozwijaj\u0105c ciekawo\u015b\u0107 i wyobra\u017ani\u0119.<\/li>\n<\/ul>\n<p>Idealna dla m\u0142odych entuzjast\u00f3w astronomii i ciekawskich umys\u0142\u00f3w, ta ksi\u0105\u017cka rozbudza zainteresowanie nauk\u0105 i zach\u0119ca do odkrywania kosmosu. Niezale\u017cnie od tego, czy czytasz sam, czy z rodzicem, &#8220;Explore the Universe Book 1&#8221; inspiruje mi\u0142o\u015b\u0107 do astronomii i przygotowuje grunt pod dalsz\u0105 nauk\u0119 w kolejnych cz\u0119\u015bciach serii.<\/p>\n<p>Rozpal w sobie pasj\u0119 odkrywania i rozwijaj m\u0142ode umys\u0142y dzi\u0119ki &#8220;Explore the Universe Book 1: Introduction to Astronomy&#8221;. Do\u0142\u0105cz do Maxa i przyjaci\u00f3\u0142 w niezapomnianej podr\u00f3\u017cy przez gwiazdy!<\/p>\n","protected":false},"excerpt":{"rendered":"<p>Wyrusz w ekscytuj\u0105c\u0105 podr\u00f3\u017c przez kosmos z &#8220;Explore the Universe Book 1: Introduction to Astronomy&#8221;, pierwsz\u0105 ods\u0142on\u0105 wci\u0105gaj\u0105cej serii stworzonej przez zesp\u00f3\u0142 Fundacji Centrum Astronomii i Nauki. Do\u0142\u0105cz do Maxa i jego przyjaci\u00f3\u0142, kt\u00f3rzy odkrywaj\u0105 cuda kosmosu w zabawnej i edukacyjnej przygodzie.<\/p>\n","protected":false},"featured_media":0,"comment_status":"closed","ping_status":"closed","template":"","meta":[],"pwb-brand":[],"product_brand":[],"product_cat":[143,70],"product_tag":[],"class_list":{"0":"post-3296","1":"product","2":"type-product","3":"status-publish","5":"product_cat-dla-dzieci","6":"product_cat-ksiazki","8":"first","9":"instock","10":"shipping-taxable","11":"purchasable","12":"product-type-variable"},"yoast_head":"<!-- This site is optimized with the Yoast SEO plugin v25.3 - https:\/\/yoast.com\/wordpress\/plugins\/seo\/ -->\n<title>Eksploruj Wszech\u015bwiat Tom 1: Wst\u0119p do Astronomii&quot; dla dzieci - Astronomy Tours<\/title>\n<meta name=\"robots\" content=\"index, follow, max-snippet:-1, max-image-preview:large, max-video-preview:-1\" \/>\n<link rel=\"canonical\" href=\"https:\/\/www.astronomy.tours\/produkt\/explore-the-universe-book-1-introduction-to-astronomy-2\/\" \/>\n<meta property=\"og:locale\" content=\"pl_PL\" \/>\n<meta property=\"og:type\" content=\"article\" \/>\n<meta property=\"og:title\" content=\"Eksploruj Wszech\u015bwiat Tom 1: Wst\u0119p do Astronomii&quot; dla dzieci - Astronomy Tours\" \/>\n<meta property=\"og:description\" content=\"Wyrusz w ekscytuj\u0105c\u0105 podr\u00f3\u017c przez kosmos z &quot;Explore the Universe Book 1: Introduction to Astronomy&quot;, pierwsz\u0105 ods\u0142on\u0105 wci\u0105gaj\u0105cej serii stworzonej przez zesp\u00f3\u0142 Fundacji Centrum Astronomii i Nauki. Do\u0142\u0105cz do Maxa i jego przyjaci\u00f3\u0142, kt\u00f3rzy odkrywaj\u0105 cuda kosmosu w zabawnej i edukacyjnej przygodzie.\" \/>\n<meta property=\"og:url\" content=\"https:\/\/www.astronomy.tours\/produkt\/explore-the-universe-book-1-introduction-to-astronomy-2\/\" \/>\n<meta property=\"og:site_name\" content=\"Astronomy Tours\" \/>\n<meta property=\"article:publisher\" content=\"https:\/\/www.facebook.com\/astronomy.tours\/\" \/>\n<meta name=\"twitter:card\" content=\"summary_large_image\" \/>\n<meta name=\"twitter:label1\" content=\"Szacowany czas czytania\" \/>\n\t<meta name=\"twitter:data1\" content=\"1 minuta\" \/>\n<script type=\"application\/ld+json\" class=\"yoast-schema-graph\">{\"@context\":\"https:\/\/schema.org\",\"@graph\":[{\"@type\":\"WebPage\",\"@id\":\"https:\/\/www.astronomy.tours\/produkt\/explore-the-universe-book-1-introduction-to-astronomy-2\/\",\"url\":\"https:\/\/www.astronomy.tours\/produkt\/explore-the-universe-book-1-introduction-to-astronomy-2\/\",\"name\":\"Eksploruj Wszech\u015bwiat Tom 1: Wst\u0119p do Astronomii\\\" dla dzieci - Astronomy Tours\",\"isPartOf\":{\"@id\":\"https:\/\/www.astronomy.tours\/#website\"},\"datePublished\":\"2024-06-24T08:24:58+00:00\",\"breadcrumb\":{\"@id\":\"https:\/\/www.astronomy.tours\/produkt\/explore-the-universe-book-1-introduction-to-astronomy-2\/#breadcrumb\"},\"inLanguage\":\"pl-PL\",\"potentialAction\":[{\"@type\":\"ReadAction\",\"target\":[\"https:\/\/www.astronomy.tours\/produkt\/explore-the-universe-book-1-introduction-to-astronomy-2\/\"]}]},{\"@type\":\"BreadcrumbList\",\"@id\":\"https:\/\/www.astronomy.tours\/produkt\/explore-the-universe-book-1-introduction-to-astronomy-2\/#breadcrumb\",\"itemListElement\":[{\"@type\":\"ListItem\",\"position\":1,\"name\":\"Home\",\"item\":\"https:\/\/www.astronomy.tours\/pl\/\"},{\"@type\":\"ListItem\",\"position\":2,\"name\":\"Sklep\",\"item\":\"https:\/\/www.astronomy.tours\/pl\/sklep\/\"},{\"@type\":\"ListItem\",\"position\":3,\"name\":\"Eksploruj Wszech\u015bwiat Tom 1: Wst\u0119p do Astronomii&#8221; dla dzieci\"}]},{\"@type\":\"WebSite\",\"@id\":\"https:\/\/www.astronomy.tours\/#website\",\"url\":\"https:\/\/www.astronomy.tours\/\",\"name\":\"Astronomy Tours\",\"description\":\"Astronomical tours\",\"publisher\":{\"@id\":\"https:\/\/www.astronomy.tours\/#organization\"},\"potentialAction\":[{\"@type\":\"SearchAction\",\"target\":{\"@type\":\"EntryPoint\",\"urlTemplate\":\"https:\/\/www.astronomy.tours\/?s={search_term_string}\"},\"query-input\":{\"@type\":\"PropertyValueSpecification\",\"valueRequired\":true,\"valueName\":\"search_term_string\"}}],\"inLanguage\":\"pl-PL\"},{\"@type\":\"Organization\",\"@id\":\"https:\/\/www.astronomy.tours\/#organization\",\"name\":\"Astronomy Tours S.COOP\",\"url\":\"https:\/\/www.astronomy.tours\/\",\"logo\":{\"@type\":\"ImageObject\",\"inLanguage\":\"pl-PL\",\"@id\":\"https:\/\/www.astronomy.tours\/#\/schema\/logo\/image\/\",\"url\":\"https:\/\/www.astronomy.tours\/wp-content\/uploads\/2026\/02\/logo-astronomy-tours-black-small.png\",\"contentUrl\":\"https:\/\/www.astronomy.tours\/wp-content\/uploads\/2026\/02\/logo-astronomy-tours-black-small.png\",\"width\":2000,\"height\":740,\"caption\":\"Astronomy Tours S.COOP\"},\"image\":{\"@id\":\"https:\/\/www.astronomy.tours\/#\/schema\/logo\/image\/\"},\"sameAs\":[\"https:\/\/www.facebook.com\/astronomy.tours\/\",\"https:\/\/www.instagram.com\/astronomytours\/?hl=en\"]}]}<\/script>\n<!-- \/ Yoast SEO plugin. -->","yoast_head_json":{"title":"Eksploruj Wszech\u015bwiat Tom 1: Wst\u0119p do Astronomii\" dla dzieci - Astronomy Tours","robots":{"index":"index","follow":"follow","max-snippet":"max-snippet:-1","max-image-preview":"max-image-preview:large","max-video-preview":"max-video-preview:-1"},"canonical":"https:\/\/www.astronomy.tours\/produkt\/explore-the-universe-book-1-introduction-to-astronomy-2\/","og_locale":"pl_PL","og_type":"article","og_title":"Eksploruj Wszech\u015bwiat Tom 1: Wst\u0119p do Astronomii\" dla dzieci - Astronomy Tours","og_description":"Wyrusz w ekscytuj\u0105c\u0105 podr\u00f3\u017c przez kosmos z \"Explore the Universe Book 1: Introduction to Astronomy\", pierwsz\u0105 ods\u0142on\u0105 wci\u0105gaj\u0105cej serii stworzonej przez zesp\u00f3\u0142 Fundacji Centrum Astronomii i Nauki. Do\u0142\u0105cz do Maxa i jego przyjaci\u00f3\u0142, kt\u00f3rzy odkrywaj\u0105 cuda kosmosu w zabawnej i edukacyjnej przygodzie.","og_url":"https:\/\/www.astronomy.tours\/produkt\/explore-the-universe-book-1-introduction-to-astronomy-2\/","og_site_name":"Astronomy Tours","article_publisher":"https:\/\/www.facebook.com\/astronomy.tours\/","twitter_card":"summary_large_image","twitter_misc":{"Szacowany czas czytania":"1 minuta"},"schema":{"@context":"https:\/\/schema.org","@graph":[{"@type":"WebPage","@id":"https:\/\/www.astronomy.tours\/produkt\/explore-the-universe-book-1-introduction-to-astronomy-2\/","url":"https:\/\/www.astronomy.tours\/produkt\/explore-the-universe-book-1-introduction-to-astronomy-2\/","name":"Eksploruj Wszech\u015bwiat Tom 1: Wst\u0119p do Astronomii\" dla dzieci - Astronomy Tours","isPartOf":{"@id":"https:\/\/www.astronomy.tours\/#website"},"datePublished":"2024-06-24T08:24:58+00:00","breadcrumb":{"@id":"https:\/\/www.astronomy.tours\/produkt\/explore-the-universe-book-1-introduction-to-astronomy-2\/#breadcrumb"},"inLanguage":"pl-PL","potentialAction":[{"@type":"ReadAction","target":["https:\/\/www.astronomy.tours\/produkt\/explore-the-universe-book-1-introduction-to-astronomy-2\/"]}]},{"@type":"BreadcrumbList","@id":"https:\/\/www.astronomy.tours\/produkt\/explore-the-universe-book-1-introduction-to-astronomy-2\/#breadcrumb","itemListElement":[{"@type":"ListItem","position":1,"name":"Home","item":"https:\/\/www.astronomy.tours\/pl\/"},{"@type":"ListItem","position":2,"name":"Sklep","item":"https:\/\/www.astronomy.tours\/pl\/sklep\/"},{"@type":"ListItem","position":3,"name":"Eksploruj Wszech\u015bwiat Tom 1: Wst\u0119p do Astronomii&#8221; dla dzieci"}]},{"@type":"WebSite","@id":"https:\/\/www.astronomy.tours\/#website","url":"https:\/\/www.astronomy.tours\/","name":"Astronomy Tours","description":"Astronomical tours","publisher":{"@id":"https:\/\/www.astronomy.tours\/#organization"},"potentialAction":[{"@type":"SearchAction","target":{"@type":"EntryPoint","urlTemplate":"https:\/\/www.astronomy.tours\/?s={search_term_string}"},"query-input":{"@type":"PropertyValueSpecification","valueRequired":true,"valueName":"search_term_string"}}],"inLanguage":"pl-PL"},{"@type":"Organization","@id":"https:\/\/www.astronomy.tours\/#organization","name":"Astronomy Tours S.COOP","url":"https:\/\/www.astronomy.tours\/","logo":{"@type":"ImageObject","inLanguage":"pl-PL","@id":"https:\/\/www.astronomy.tours\/#\/schema\/logo\/image\/","url":"https:\/\/www.astronomy.tours\/wp-content\/uploads\/2026\/02\/logo-astronomy-tours-black-small.png","contentUrl":"https:\/\/www.astronomy.tours\/wp-content\/uploads\/2026\/02\/logo-astronomy-tours-black-small.png","width":2000,"height":740,"caption":"Astronomy Tours S.COOP"},"image":{"@id":"https:\/\/www.astronomy.tours\/#\/schema\/logo\/image\/"},"sameAs":["https:\/\/www.facebook.com\/astronomy.tours\/","https:\/\/www.instagram.com\/astronomytours\/?hl=en"]}]}},"brands":[],"_links":{"self":[{"href":"https:\/\/www.astronomy.tours\/pl\/wp-json\/wp\/v2\/product\/3296","targetHints":{"allow":["GET"]}}],"collection":[{"href":"https:\/\/www.astronomy.tours\/pl\/wp-json\/wp\/v2\/product"}],"about":[{"href":"https:\/\/www.astronomy.tours\/pl\/wp-json\/wp\/v2\/types\/product"}],"replies":[{"embeddable":true,"href":"https:\/\/www.astronomy.tours\/pl\/wp-json\/wp\/v2\/comments?post=3296"}],"wp:attachment":[{"href":"https:\/\/www.astronomy.tours\/pl\/wp-json\/wp\/v2\/media?parent=3296"}],"wp:term":[{"taxonomy":"pwb-brand","embeddable":true,"href":"https:\/\/www.astronomy.tours\/pl\/wp-json\/wp\/v2\/pwb-brand?post=3296"},{"taxonomy":"product_brand","embeddable":true,"href":"https:\/\/www.astronomy.tours\/pl\/wp-json\/wp\/v2\/product_brand?post=3296"},{"taxonomy":"product_cat","embeddable":true,"href":"https:\/\/www.astronomy.tours\/pl\/wp-json\/wp\/v2\/product_cat?post=3296"},{"taxonomy":"product_tag","embeddable":true,"href":"https:\/\/www.astronomy.tours\/pl\/wp-json\/wp\/v2\/product_tag?post=3296"}],"curies":[{"name":"wp","href":"https:\/\/api.w.org\/{rel}","templated":true}]}}