{"id":3280,"date":"2024-06-24T09:58:59","date_gmt":"2024-06-24T07:58:59","guid":{"rendered":"https:\/\/www.astronomy.tours\/product\/bluza-z-kapturem-star-stuff\/"},"modified":"2024-06-24T09:59:22","modified_gmt":"2024-06-24T07:59:22","slug":"bluza-z-kapturem-star-stuff","status":"publish","type":"product","link":"https:\/\/www.astronomy.tours\/pl\/produkt\/bluza-z-kapturem-star-stuff\/","title":{"rendered":"Bluza z kapturem &#8220;Star Stuff&#8221;"},"content":{"rendered":"<div>Ogarnij kosmos dzi\u0119ki naszej bluzie z kapturem &#8220;Star Stuff&#8221;, b\u0119d\u0105cej ho\u0142dem dla cud\u00f3w wszech\u015bwiata i ducha naukowych docieka\u0144. Ta klasyczna czarna bluza z kapturem ma efektowny wz\u00f3r graficzny zar\u00f3wno z przodu, jak i z ty\u0142u, dzi\u0119ki czemu jest doskona\u0142ym dodatkiem do Twojej garderoby.<\/div>\n<div><\/div>\n<div>Z przodu znajduje si\u0119 inspiruj\u0105cy cytat Carla Sagana: &#8220;Jeste\u015bmy stworzeni z gwiazd&#8221;. To g\u0142\u0119bokie stwierdzenie zawiera w sobie ide\u0119, \u017ce pierwiastki w nas pochodz\u0105 z samych gwiazd, \u0142\u0105cz\u0105c nas z ogromem kosmosu.<\/div>\n<div><\/div>\n<div>Z ty\u0142u bluzy dumnie widnieje emblemat Astronoma oraz logo Centrum Astronomii i Nauki wraz z ich mottem: &#8220;Niebo nale\u017cy do wszystkich&#8221;. Motto to odnosi si\u0119 do inkluzywnego i uniwersalnego charakteru astronomii, nauki, kt\u00f3ra zaprasza wszystkich do spojrzenia w g\u00f3r\u0119 i zastanowienia si\u0119 nad naszym miejscem w kosmosie.<\/div>\n<div><\/div>\n<div>Stworzona z my\u015bl\u0105 o wygodzie, nasza bluza z kapturem jest wykonana z mi\u0119kkiego, przytulnego materia\u0142u, kt\u00f3ry b\u0119dziesz chcia\u0142 nosi\u0107 przez ca\u0142y dzie\u0144, niezale\u017cnie od tego, czy obserwujesz gwiazdy na zewn\u0105trz, czy relaksujesz si\u0119 w domu. Jest dost\u0119pny w wielu rozmiarach unisex, aby zapewni\u0107 idealne dopasowanie dla ka\u017cdego. Aby wybra\u0107 preferowany rozmiar, zapoznaj si\u0119 z poni\u017csz\u0105 tabel\u0105 rozmiar\u00f3w.<\/div>\n<div><\/div>\n<div><strong>Tabela rozmiar\u00f3w:<\/strong><\/div>\n<table class=\"t1\" cellspacing=\"0\" cellpadding=\"0\">\n<tbody>\n<tr>\n<td class=\"td1\" valign=\"bottom\">\n<p class=\"p2\"><b>Rozmiar<\/b><\/p>\n<\/td>\n<td class=\"td2\" valign=\"bottom\">\n<p class=\"p2\"><b>Klatka piersiowa (cale)<\/b><\/p>\n<\/td>\n<td class=\"td3\" valign=\"bottom\">\n<p class=\"p2\"><b>D\u0142ugo\u015b\u0107 (cale)<\/b><\/p>\n<\/td>\n<\/tr>\n<tr>\n<td class=\"td4\" valign=\"top\">\n<p class=\"p2\">S<\/p>\n<\/td>\n<td class=\"td5\" valign=\"top\">\n<p class=\"p2\">36<\/p>\n<\/td>\n<td class=\"td6\" valign=\"top\">\n<p class=\"p2\">26<\/p>\n<\/td>\n<\/tr>\n<tr>\n<td class=\"td1\" valign=\"top\">\n<p class=\"p2\">M<\/p>\n<\/td>\n<td class=\"td2\" valign=\"top\">\n<p class=\"p2\">40<\/p>\n<\/td>\n<td class=\"td3\" valign=\"top\">\n<p class=\"p2\">27<\/p>\n<\/td>\n<\/tr>\n<tr>\n<td class=\"td4\" valign=\"top\">\n<p class=\"p2\">L<\/p>\n<\/td>\n<td class=\"td5\" valign=\"top\">\n<p class=\"p2\">44<\/p>\n<\/td>\n<td class=\"td6\" valign=\"top\">\n<p class=\"p2\">28<\/p>\n<\/td>\n<\/tr>\n<tr>\n<td class=\"td1\" valign=\"top\">\n<p class=\"p2\">XL<\/p>\n<\/td>\n<td class=\"td2\" valign=\"top\">\n<p class=\"p2\">48<\/p>\n<\/td>\n<td class=\"td3\" valign=\"top\">\n<p class=\"p2\">29<\/p>\n<\/td>\n<\/tr>\n<tr>\n<td class=\"td4\" valign=\"top\">\n<p class=\"p2\">XXL<\/p>\n<\/td>\n<td class=\"td5\" valign=\"top\">\n<p class=\"p2\">52<\/p>\n<\/td>\n<td class=\"td6\" valign=\"top\">\n<p class=\"p2\">30<\/p>\n<\/td>\n<\/tr>\n<\/tbody>\n<\/table>\n<div>Do\u0142\u0105cz do nas, \u015bwi\u0119tuj\u0105c pi\u0119kno kosmosu i jedno\u015b\u0107 ludzko\u015bci z nasz\u0105 bluz\u0105 z kapturem &#8220;Star Stuff&#8221;. To co\u015b wi\u0119cej ni\u017c tylko odzie\u017c &#8211; to wyraz ciekawo\u015bci, eksploracji i podziwu.<\/div>\n<div>Uwaga: Modelka ma na sobie rozmiar M.<\/div>\n","protected":false},"excerpt":{"rendered":"<div class=\"elementor-element elementor-element-4dbd0e0 elementor-widget elementor-widget-woocommerce-product-short-description\" data-id=\"4dbd0e0\" data-element_type=\"widget\" data-widget_type=\"woocommerce-product-short-description.default\">\n<div class=\"elementor-widget-container\">\n<div class=\"woocommerce-product-details__short-description\">\n<p>Ogarnij kosmos dzi\u0119ki naszej bluzie z kapturem &#8220;Star Stuff&#8221;, b\u0119d\u0105cej ho\u0142dem dla cud\u00f3w wszech\u015bwiata i ducha naukowych docieka\u0144. Ta klasyczna czarna bluza z kapturem ma efektowny wz\u00f3r graficzny zar\u00f3wno z przodu, jak i z ty\u0142u, dzi\u0119ki czemu jest doskona\u0142ym dodatkiem do Twojej garderoby.<\/p>\n<\/div>\n<\/div>\n<\/div>\n<div class=\"elementor-element elementor-element-1419917d elementor-widget elementor-widget-woocommerce-notices\" data-id=\"1419917d\" data-element_type=\"widget\" data-widget_type=\"woocommerce-notices.default\">\n<div class=\"elementor-widget-container\">\n<div class=\"e-woocommerce-notices-wrapper\">\n<div class=\"woocommerce-notices-wrapper\"><\/div>\n<\/div>\n<\/div>\n<\/div>\n<div class=\"elementor-element elementor-element-1bace7 e-add-to-cart--show-quantity-yes elementor-widget elementor-widget-woocommerce-product-add-to-cart\" data-id=\"1bace7\" data-element_type=\"widget\" data-widget_type=\"woocommerce-product-add-to-cart.default\">\n<div class=\"elementor-widget-container\">\n<div class=\"elementor-add-to-cart elementor-product-variable\"><\/div>\n<\/div>\n<\/div>\n","protected":false},"featured_media":3055,"comment_status":"closed","ping_status":"closed","template":"","meta":[],"pwb-brand":[230],"product_brand":[],"product_cat":[139,71],"product_tag":[],"class_list":{"0":"post-3280","1":"product","2":"type-product","3":"status-publish","4":"has-post-thumbnail","6":"pwb-brand-just-stargaze-pl","7":"product_cat-bluza","8":"product_cat-ubrania","10":"first","11":"instock","12":"featured","13":"shipping-taxable","14":"purchasable","15":"product-type-variable"},"yoast_head":"<!-- This site is optimized with the Yoast SEO plugin v25.3 - https:\/\/yoast.com\/wordpress\/plugins\/seo\/ -->\n<title>Bluza z kapturem &quot;Star Stuff&quot; - Astronomy Tours<\/title>\n<meta name=\"robots\" content=\"index, follow, max-snippet:-1, max-image-preview:large, max-video-preview:-1\" \/>\n<link rel=\"canonical\" href=\"https:\/\/www.astronomy.tours\/produkt\/hoodie-star-stuff\/\" \/>\n<meta property=\"og:locale\" content=\"pl_PL\" \/>\n<meta property=\"og:type\" content=\"article\" \/>\n<meta property=\"og:title\" content=\"Bluza z kapturem &quot;Star Stuff&quot; - Astronomy Tours\" \/>\n<meta property=\"og:description\" content=\"Ogarnij kosmos dzi\u0119ki naszej bluzie z kapturem &quot;Star Stuff&quot;, b\u0119d\u0105cej ho\u0142dem dla cud\u00f3w wszech\u015bwiata i ducha naukowych docieka\u0144. Ta klasyczna czarna bluza z kapturem ma efektowny wz\u00f3r graficzny zar\u00f3wno z przodu, jak i z ty\u0142u, dzi\u0119ki czemu jest doskona\u0142ym dodatkiem do Twojej garderoby.\" \/>\n<meta property=\"og:url\" content=\"https:\/\/www.astronomy.tours\/produkt\/hoodie-star-stuff\/\" \/>\n<meta property=\"og:site_name\" content=\"Astronomy Tours\" \/>\n<meta property=\"article:publisher\" content=\"https:\/\/www.facebook.com\/astronomy.tours\/\" \/>\n<meta property=\"article:modified_time\" content=\"2024-06-24T07:59:22+00:00\" \/>\n<meta property=\"og:image\" content=\"https:\/\/www.astronomy.tours\/wp-content\/uploads\/2024\/05\/1.webp\" \/>\n\t<meta property=\"og:image:width\" content=\"2000\" \/>\n\t<meta property=\"og:image:height\" content=\"2000\" \/>\n\t<meta property=\"og:image:type\" content=\"image\/webp\" \/>\n<meta name=\"twitter:card\" content=\"summary_large_image\" \/>\n<meta name=\"twitter:label1\" content=\"Szacowany czas czytania\" \/>\n\t<meta name=\"twitter:data1\" content=\"1 minuta\" \/>\n<script type=\"application\/ld+json\" class=\"yoast-schema-graph\">{\"@context\":\"https:\/\/schema.org\",\"@graph\":[{\"@type\":\"WebPage\",\"@id\":\"https:\/\/www.astronomy.tours\/produkt\/hoodie-star-stuff\/\",\"url\":\"https:\/\/www.astronomy.tours\/produkt\/hoodie-star-stuff\/\",\"name\":\"Bluza z kapturem \\\"Star Stuff\\\" - Astronomy Tours\",\"isPartOf\":{\"@id\":\"https:\/\/www.astronomy.tours\/#website\"},\"primaryImageOfPage\":{\"@id\":\"https:\/\/www.astronomy.tours\/produkt\/hoodie-star-stuff\/#primaryimage\"},\"image\":{\"@id\":\"https:\/\/www.astronomy.tours\/produkt\/hoodie-star-stuff\/#primaryimage\"},\"thumbnailUrl\":\"https:\/\/www.astronomy.tours\/wp-content\/uploads\/2024\/05\/1.webp\",\"datePublished\":\"2024-06-24T07:58:59+00:00\",\"dateModified\":\"2024-06-24T07:59:22+00:00\",\"breadcrumb\":{\"@id\":\"https:\/\/www.astronomy.tours\/produkt\/hoodie-star-stuff\/#breadcrumb\"},\"inLanguage\":\"pl-PL\",\"potentialAction\":[{\"@type\":\"ReadAction\",\"target\":[\"https:\/\/www.astronomy.tours\/produkt\/hoodie-star-stuff\/\"]}]},{\"@type\":\"ImageObject\",\"inLanguage\":\"pl-PL\",\"@id\":\"https:\/\/www.astronomy.tours\/produkt\/hoodie-star-stuff\/#primaryimage\",\"url\":\"https:\/\/www.astronomy.tours\/wp-content\/uploads\/2024\/05\/1.webp\",\"contentUrl\":\"https:\/\/www.astronomy.tours\/wp-content\/uploads\/2024\/05\/1.webp\",\"width\":2000,\"height\":2000},{\"@type\":\"BreadcrumbList\",\"@id\":\"https:\/\/www.astronomy.tours\/produkt\/hoodie-star-stuff\/#breadcrumb\",\"itemListElement\":[{\"@type\":\"ListItem\",\"position\":1,\"name\":\"Home\",\"item\":\"https:\/\/www.astronomy.tours\/pl\/\"},{\"@type\":\"ListItem\",\"position\":2,\"name\":\"Sklep\",\"item\":\"https:\/\/www.astronomy.tours\/pl\/sklep\/\"},{\"@type\":\"ListItem\",\"position\":3,\"name\":\"Bluza z kapturem &#8220;Star Stuff&#8221;\"}]},{\"@type\":\"WebSite\",\"@id\":\"https:\/\/www.astronomy.tours\/#website\",\"url\":\"https:\/\/www.astronomy.tours\/\",\"name\":\"Astronomy Tours\",\"description\":\"Astronomical tours\",\"publisher\":{\"@id\":\"https:\/\/www.astronomy.tours\/#organization\"},\"potentialAction\":[{\"@type\":\"SearchAction\",\"target\":{\"@type\":\"EntryPoint\",\"urlTemplate\":\"https:\/\/www.astronomy.tours\/?s={search_term_string}\"},\"query-input\":{\"@type\":\"PropertyValueSpecification\",\"valueRequired\":true,\"valueName\":\"search_term_string\"}}],\"inLanguage\":\"pl-PL\"},{\"@type\":\"Organization\",\"@id\":\"https:\/\/www.astronomy.tours\/#organization\",\"name\":\"Astronomy Tours S.COOP\",\"url\":\"https:\/\/www.astronomy.tours\/\",\"logo\":{\"@type\":\"ImageObject\",\"inLanguage\":\"pl-PL\",\"@id\":\"https:\/\/www.astronomy.tours\/#\/schema\/logo\/image\/\",\"url\":\"https:\/\/www.astronomy.tours\/wp-content\/uploads\/2026\/02\/logo-astronomy-tours-black-small.png\",\"contentUrl\":\"https:\/\/www.astronomy.tours\/wp-content\/uploads\/2026\/02\/logo-astronomy-tours-black-small.png\",\"width\":2000,\"height\":740,\"caption\":\"Astronomy Tours S.COOP\"},\"image\":{\"@id\":\"https:\/\/www.astronomy.tours\/#\/schema\/logo\/image\/\"},\"sameAs\":[\"https:\/\/www.facebook.com\/astronomy.tours\/\",\"https:\/\/www.instagram.com\/astronomytours\/?hl=en\"]}]}<\/script>\n<!-- \/ Yoast SEO plugin. -->","yoast_head_json":{"title":"Bluza z kapturem \"Star Stuff\" - Astronomy Tours","robots":{"index":"index","follow":"follow","max-snippet":"max-snippet:-1","max-image-preview":"max-image-preview:large","max-video-preview":"max-video-preview:-1"},"canonical":"https:\/\/www.astronomy.tours\/produkt\/hoodie-star-stuff\/","og_locale":"pl_PL","og_type":"article","og_title":"Bluza z kapturem \"Star Stuff\" - Astronomy Tours","og_description":"Ogarnij kosmos dzi\u0119ki naszej bluzie z kapturem \"Star Stuff\", b\u0119d\u0105cej ho\u0142dem dla cud\u00f3w wszech\u015bwiata i ducha naukowych docieka\u0144. Ta klasyczna czarna bluza z kapturem ma efektowny wz\u00f3r graficzny zar\u00f3wno z przodu, jak i z ty\u0142u, dzi\u0119ki czemu jest doskona\u0142ym dodatkiem do Twojej garderoby.","og_url":"https:\/\/www.astronomy.tours\/produkt\/hoodie-star-stuff\/","og_site_name":"Astronomy Tours","article_publisher":"https:\/\/www.facebook.com\/astronomy.tours\/","article_modified_time":"2024-06-24T07:59:22+00:00","og_image":[{"width":2000,"height":2000,"url":"https:\/\/www.astronomy.tours\/wp-content\/uploads\/2024\/05\/1.webp","type":"image\/webp"}],"twitter_card":"summary_large_image","twitter_misc":{"Szacowany czas czytania":"1 minuta"},"schema":{"@context":"https:\/\/schema.org","@graph":[{"@type":"WebPage","@id":"https:\/\/www.astronomy.tours\/produkt\/hoodie-star-stuff\/","url":"https:\/\/www.astronomy.tours\/produkt\/hoodie-star-stuff\/","name":"Bluza z kapturem \"Star Stuff\" - Astronomy Tours","isPartOf":{"@id":"https:\/\/www.astronomy.tours\/#website"},"primaryImageOfPage":{"@id":"https:\/\/www.astronomy.tours\/produkt\/hoodie-star-stuff\/#primaryimage"},"image":{"@id":"https:\/\/www.astronomy.tours\/produkt\/hoodie-star-stuff\/#primaryimage"},"thumbnailUrl":"https:\/\/www.astronomy.tours\/wp-content\/uploads\/2024\/05\/1.webp","datePublished":"2024-06-24T07:58:59+00:00","dateModified":"2024-06-24T07:59:22+00:00","breadcrumb":{"@id":"https:\/\/www.astronomy.tours\/produkt\/hoodie-star-stuff\/#breadcrumb"},"inLanguage":"pl-PL","potentialAction":[{"@type":"ReadAction","target":["https:\/\/www.astronomy.tours\/produkt\/hoodie-star-stuff\/"]}]},{"@type":"ImageObject","inLanguage":"pl-PL","@id":"https:\/\/www.astronomy.tours\/produkt\/hoodie-star-stuff\/#primaryimage","url":"https:\/\/www.astronomy.tours\/wp-content\/uploads\/2024\/05\/1.webp","contentUrl":"https:\/\/www.astronomy.tours\/wp-content\/uploads\/2024\/05\/1.webp","width":2000,"height":2000},{"@type":"BreadcrumbList","@id":"https:\/\/www.astronomy.tours\/produkt\/hoodie-star-stuff\/#breadcrumb","itemListElement":[{"@type":"ListItem","position":1,"name":"Home","item":"https:\/\/www.astronomy.tours\/pl\/"},{"@type":"ListItem","position":2,"name":"Sklep","item":"https:\/\/www.astronomy.tours\/pl\/sklep\/"},{"@type":"ListItem","position":3,"name":"Bluza z kapturem &#8220;Star Stuff&#8221;"}]},{"@type":"WebSite","@id":"https:\/\/www.astronomy.tours\/#website","url":"https:\/\/www.astronomy.tours\/","name":"Astronomy Tours","description":"Astronomical tours","publisher":{"@id":"https:\/\/www.astronomy.tours\/#organization"},"potentialAction":[{"@type":"SearchAction","target":{"@type":"EntryPoint","urlTemplate":"https:\/\/www.astronomy.tours\/?s={search_term_string}"},"query-input":{"@type":"PropertyValueSpecification","valueRequired":true,"valueName":"search_term_string"}}],"inLanguage":"pl-PL"},{"@type":"Organization","@id":"https:\/\/www.astronomy.tours\/#organization","name":"Astronomy Tours S.COOP","url":"https:\/\/www.astronomy.tours\/","logo":{"@type":"ImageObject","inLanguage":"pl-PL","@id":"https:\/\/www.astronomy.tours\/#\/schema\/logo\/image\/","url":"https:\/\/www.astronomy.tours\/wp-content\/uploads\/2026\/02\/logo-astronomy-tours-black-small.png","contentUrl":"https:\/\/www.astronomy.tours\/wp-content\/uploads\/2026\/02\/logo-astronomy-tours-black-small.png","width":2000,"height":740,"caption":"Astronomy Tours S.COOP"},"image":{"@id":"https:\/\/www.astronomy.tours\/#\/schema\/logo\/image\/"},"sameAs":["https:\/\/www.facebook.com\/astronomy.tours\/","https:\/\/www.instagram.com\/astronomytours\/?hl=en"]}]}},"brands":[{"id":230,"name":"Just Stargaze","slug":"just-stargaze-pl"}],"_links":{"self":[{"href":"https:\/\/www.astronomy.tours\/pl\/wp-json\/wp\/v2\/product\/3280","targetHints":{"allow":["GET"]}}],"collection":[{"href":"https:\/\/www.astronomy.tours\/pl\/wp-json\/wp\/v2\/product"}],"about":[{"href":"https:\/\/www.astronomy.tours\/pl\/wp-json\/wp\/v2\/types\/product"}],"replies":[{"embeddable":true,"href":"https:\/\/www.astronomy.tours\/pl\/wp-json\/wp\/v2\/comments?post=3280"}],"wp:featuredmedia":[{"embeddable":true,"href":"https:\/\/www.astronomy.tours\/pl\/wp-json\/wp\/v2\/media\/3055"}],"wp:attachment":[{"href":"https:\/\/www.astronomy.tours\/pl\/wp-json\/wp\/v2\/media?parent=3280"}],"wp:term":[{"taxonomy":"pwb-brand","embeddable":true,"href":"https:\/\/www.astronomy.tours\/pl\/wp-json\/wp\/v2\/pwb-brand?post=3280"},{"taxonomy":"product_brand","embeddable":true,"href":"https:\/\/www.astronomy.tours\/pl\/wp-json\/wp\/v2\/product_brand?post=3280"},{"taxonomy":"product_cat","embeddable":true,"href":"https:\/\/www.astronomy.tours\/pl\/wp-json\/wp\/v2\/product_cat?post=3280"},{"taxonomy":"product_tag","embeddable":true,"href":"https:\/\/www.astronomy.tours\/pl\/wp-json\/wp\/v2\/product_tag?post=3280"}],"curies":[{"name":"wp","href":"https:\/\/api.w.org\/{rel}","templated":true}]}}