{"id":3133,"date":"2024-06-06T07:51:24","date_gmt":"2024-06-06T05:51:24","guid":{"rendered":"https:\/\/www.astronomy.tours\/product\/dobson-305-1500-flex-tube-go-to\/"},"modified":"2024-06-06T07:55:57","modified_gmt":"2024-06-06T05:55:57","slug":"dobson-305-1500-flex-tube-go-to","status":"publish","type":"product","link":"https:\/\/www.astronomy.tours\/pl\/produkt\/dobson-305-1500-flex-tube-go-to\/","title":{"rendered":"Dobson 305\/1500 Flex Tube Go-To"},"content":{"rendered":"<p class=\"p1\"><strong>Przeno\u015bne Obserwatorium:<\/strong><\/p>\n<p class=\"p1\">Do\u015bwiadcz narodzin przeno\u015bnego obserwatorium astronomicznego dzi\u0119ki ekscytuj\u0105cej serii teleskop\u00f3w DOBSON od SkyWatcher, wyposa\u017conych w funkcj\u0119 Go-To. Odkrywaj cuda Wszech\u015bwiata, od mg\u0142awic po gromady gwiazd i galaktyki, z \u0142atwo\u015bci\u0105. Opantentowany system rur Dobsona zapewnia niezr\u00f3wnan\u0105 przeno\u015bno\u015b\u0107 i wydajno\u015b\u0107 optyczn\u0105.<\/p>\n<p class=\"p1\"><strong>Prosta Konfiguracja i Kalibracja:<\/strong><\/p>\n<p class=\"p1\">Zaprojektowany dla wygody, Teleskop Dobson BK 12 Go-To Wi-Fi posiada dwucz\u0119\u015bciowy, kompaktowy design, kt\u00f3ry wymaga minimalnego czasu monta\u017cu. Po z\u0142o\u017ceniu, kalibracja teleskopu jest prostym procesem, zapewniaj\u0105c optymalne dzia\u0142anie przez ca\u0142\u0105 noc. Opatentowane sprz\u0119g\u0142o regulacji napi\u0119cia pozwala u\u017cytkownikom dostroi\u0107 tarcie dla p\u0142ynnego \u015bledzenia bez perfekcyjnej r\u00f3wnowagi.<\/p>\n<p class=\"p1\"><strong>Zaawansowana Kontrola i Nawigacja:<\/strong><\/p>\n<p class=\"p1\">Nawiguj po kosmosie z precyzj\u0105 za pomoc\u0105 panelu kontroli SynScanTM AZ, kt\u00f3ry oferuje kompletn\u0105 baz\u0119 danych obejmuj\u0105c\u0105 ponad 42,900 obiekt\u00f3w niebieskich. \u0141atwo wskazuj i ruszaj dzi\u0119ki intuicyjnemu systemowi menu, kt\u00f3ry zawiera metody kalibracji Brightest-Star i Two-Star dla \u0142atwej konfiguracji. Podw\u00f3jny uk\u0142ad enkoder\u00f3w pozwala na r\u0119czny ruch bez konieczno\u015bci ponownej kalibracji, co zwi\u0119ksza wygod\u0119 u\u017cytkowania.<\/p>\n<p class=\"p1\"><strong>Zintegrowany Modu\u0142 Wi-Fi:<\/strong><\/p>\n<p class=\"p1\">Teleskop Dobson BK 12 Go-To Wi-Fi jest wyposa\u017cony w zintegrowany adapter Wi-Fi, kt\u00f3ry umo\u017cliwia bezprzewodow\u0105 kontrol\u0119 monta\u017cu SkyWatcher Go-To za pomoc\u0105 smartfona lub tabletu. Wystarczy pobra\u0107 aplikacj\u0119 SynScan ze sklepu Google Play lub Apple App Store, aby cieszy\u0107 si\u0119 bezproblemowym po\u0142\u0105czeniem i dost\u0119pem do obszernej bazy danych obiekt\u00f3w dla \u0142atwej obserwacji.<\/p>\n<p class=\"p1\"><strong>Projekt Gotowy do Astrofotografii:<\/strong><\/p>\n<p class=\"p1\">Uchwytaj osza\u0142amiaj\u0105ce obrazy kosmosu dzi\u0119ki teleskopowi Dobson BK 12 Go-To Wi-Fi, kt\u00f3ry jest gotowy do astrofotografii. Dzi\u0119ki optycznemu systemowi reflektorowemu Newtona, \u015brednicy 305 mm i ogniskowej 1500 mm, ten teleskop oferuje wyj\u0105tkowe mo\u017cliwo\u015bci zbierania \u015bwiat\u0142a i imponuj\u0105c\u0105 rozdzielczo\u015b\u0107 do fotografowania obiekt\u00f3w g\u0142\u0119bokiego nieba. Teleskop jest wyposa\u017cony w okulary SP10 i SP26 oraz celownik 8&#215;50, niezb\u0119dne do astrofotografii.<\/p>\n<p class=\"p1\"><strong>Specyfikacje Techniczne:<\/strong><\/p>\n<ul>\n<li class=\"p1\">Projekt Optyczny: Reflektor Newtona<\/li>\n<li class=\"p1\">\u015arednica: 305 mm<\/li>\n<li class=\"p1\">D\u0142ugo\u015b\u0107 Ogniskowa: 1500 mm<\/li>\n<li class=\"p1\">Stosunek Ogniskowej do \u015arednicy: f\/4.9<\/li>\n<li class=\"p1\">Maksymalnie Zalecane Powi\u0119kszenie: 610x<\/li>\n<li class=\"p1\">Magnituda Graniczna Gwiazd: 14.5<\/li>\n<li class=\"p1\">Moc Rozdzielcza: 0.39 sekundy k\u0105towe<\/li>\n<li class=\"p1\">Uchwyt na Okulary: 2&#8243; (z adapterem do 1.25&#8243;)<\/li>\n<li class=\"p1\">Wymiary Tubusu: 450 x (920mm-1400mm)<\/li>\n<li class=\"p1\">Waga: 21 kg<\/li>\n<li class=\"p1\">Okulary: SP10 i SP26<\/li>\n<li class=\"p1\">Celownik: 8&#215;50<\/li>\n<li class=\"p1\">Monta\u017c: Sk\u0142adany 12-calowy Dobson<\/li>\n<\/ul>\n<p class=\"p1\">Uwolnij swoj\u0105 pasj\u0119 do astronomii i odkryj g\u0142\u0119biny kosmosu z Teleskopem SkyWatcher Dobson BK 12 Go-To Wi-Fi. Niezale\u017cnie od tego, czy jeste\u015b do\u015bwiadczonym astronomem, czy pocz\u0105tkuj\u0105cym, ten teleskop oferuje doskona\u0142e po\u0142\u0105czenie precyzji, przeno\u015bno\u015bci i zaawansowanej technologii, kt\u00f3re podnios\u0105 jako\u015b\u0107 twoich przyg\u00f3d z gwiazdami.<\/p>\n","protected":false},"excerpt":{"rendered":"<p class=\"p1\"><strong>Wybierz si\u0119 si\u0119 w Przestrze\u0144 Kosmiczn\u0105 z Teleskopem SkyWatcher Dobson BK 12 Go-To Wi-Fi<\/strong><\/p>\n<p class=\"p1\">Teleskop SkyWatcher Dobson BK 12 Go-To Wi-Fi to spektakularny instrument do obserwacji g\u0142\u0119bokiego kosmosu, oferuj\u0105cy wyj\u0105tkow\u0105 jako\u015b\u0107 i zaawansowane funkcje. Dzi\u0119ki systemowi kontroli SynScanTM AZ, ten teleskop umo\u017cliwia precyzyjne \u015bledzenie obiekt\u00f3w niebieskich, rewolucjonizuj\u0105c twoje do\u015bwiadczenia ze spojrzeniem w gwiazdy.<\/p>\n","protected":false},"featured_media":3131,"comment_status":"closed","ping_status":"closed","template":"","meta":[],"pwb-brand":[228],"product_brand":[],"product_cat":[120,72],"product_tag":[],"class_list":{"0":"post-3133","1":"product","2":"type-product","3":"status-publish","4":"has-post-thumbnail","6":"pwb-brand-skywatcher-pl","7":"product_cat-teleskopy","8":"product_cat-sprzet","10":"first","11":"instock","12":"shipping-taxable","13":"purchasable","14":"product-type-simple"},"yoast_head":"<!-- This site is optimized with the Yoast SEO plugin v25.3 - https:\/\/yoast.com\/wordpress\/plugins\/seo\/ -->\n<title>Dobson 305\/1500 Flex Tube Go-To - Astronomy Tours<\/title>\n<meta name=\"robots\" content=\"index, follow, max-snippet:-1, max-image-preview:large, max-video-preview:-1\" \/>\n<link rel=\"canonical\" href=\"https:\/\/www.astronomy.tours\/pl\/produkt\/dobson-305-1500-flex-tube-go-to\/\" \/>\n<meta property=\"og:locale\" content=\"pl_PL\" \/>\n<meta property=\"og:type\" content=\"article\" \/>\n<meta property=\"og:title\" content=\"Dobson 305\/1500 Flex Tube Go-To - Astronomy Tours\" \/>\n<meta property=\"og:description\" content=\"Wybierz si\u0119 si\u0119 w Przestrze\u0144 Kosmiczn\u0105 z Teleskopem SkyWatcher Dobson BK 12 Go-To Wi-Fi Teleskop SkyWatcher Dobson BK 12 Go-To Wi-Fi to spektakularny instrument do obserwacji g\u0142\u0119bokiego kosmosu, oferuj\u0105cy wyj\u0105tkow\u0105 jako\u015b\u0107 i zaawansowane funkcje. Dzi\u0119ki systemowi kontroli SynScanTM AZ, ten teleskop umo\u017cliwia precyzyjne \u015bledzenie obiekt\u00f3w niebieskich, rewolucjonizuj\u0105c twoje do\u015bwiadczenia ze spojrzeniem w gwiazdy.\" \/>\n<meta property=\"og:url\" content=\"https:\/\/www.astronomy.tours\/pl\/produkt\/dobson-305-1500-flex-tube-go-to\/\" \/>\n<meta property=\"og:site_name\" content=\"Astronomy Tours\" \/>\n<meta property=\"article:publisher\" content=\"https:\/\/www.facebook.com\/astronomy.tours\/\" \/>\n<meta property=\"article:modified_time\" content=\"2024-06-06T05:55:57+00:00\" \/>\n<meta property=\"og:image\" content=\"https:\/\/www.astronomy.tours\/wp-content\/uploads\/2024\/06\/SW0065-1jpg.jpeg\" \/>\n\t<meta property=\"og:image:width\" content=\"500\" \/>\n\t<meta property=\"og:image:height\" content=\"652\" \/>\n\t<meta property=\"og:image:type\" content=\"image\/jpeg\" \/>\n<meta name=\"twitter:card\" content=\"summary_large_image\" \/>\n<meta name=\"twitter:label1\" content=\"Szacowany czas czytania\" \/>\n\t<meta name=\"twitter:data1\" content=\"2 minuty\" \/>\n<script type=\"application\/ld+json\" class=\"yoast-schema-graph\">{\"@context\":\"https:\/\/schema.org\",\"@graph\":[{\"@type\":\"WebPage\",\"@id\":\"https:\/\/www.astronomy.tours\/pl\/produkt\/dobson-305-1500-flex-tube-go-to\/\",\"url\":\"https:\/\/www.astronomy.tours\/pl\/produkt\/dobson-305-1500-flex-tube-go-to\/\",\"name\":\"Dobson 305\/1500 Flex Tube Go-To - Astronomy Tours\",\"isPartOf\":{\"@id\":\"https:\/\/www.astronomy.tours\/#website\"},\"primaryImageOfPage\":{\"@id\":\"https:\/\/www.astronomy.tours\/pl\/produkt\/dobson-305-1500-flex-tube-go-to\/#primaryimage\"},\"image\":{\"@id\":\"https:\/\/www.astronomy.tours\/pl\/produkt\/dobson-305-1500-flex-tube-go-to\/#primaryimage\"},\"thumbnailUrl\":\"https:\/\/www.astronomy.tours\/wp-content\/uploads\/2024\/06\/SW0065-1jpg.jpeg\",\"datePublished\":\"2024-06-06T05:51:24+00:00\",\"dateModified\":\"2024-06-06T05:55:57+00:00\",\"breadcrumb\":{\"@id\":\"https:\/\/www.astronomy.tours\/pl\/produkt\/dobson-305-1500-flex-tube-go-to\/#breadcrumb\"},\"inLanguage\":\"pl-PL\",\"potentialAction\":[{\"@type\":\"ReadAction\",\"target\":[\"https:\/\/www.astronomy.tours\/pl\/produkt\/dobson-305-1500-flex-tube-go-to\/\"]}]},{\"@type\":\"ImageObject\",\"inLanguage\":\"pl-PL\",\"@id\":\"https:\/\/www.astronomy.tours\/pl\/produkt\/dobson-305-1500-flex-tube-go-to\/#primaryimage\",\"url\":\"https:\/\/www.astronomy.tours\/wp-content\/uploads\/2024\/06\/SW0065-1jpg.jpeg\",\"contentUrl\":\"https:\/\/www.astronomy.tours\/wp-content\/uploads\/2024\/06\/SW0065-1jpg.jpeg\",\"width\":500,\"height\":652},{\"@type\":\"BreadcrumbList\",\"@id\":\"https:\/\/www.astronomy.tours\/pl\/produkt\/dobson-305-1500-flex-tube-go-to\/#breadcrumb\",\"itemListElement\":[{\"@type\":\"ListItem\",\"position\":1,\"name\":\"Home\",\"item\":\"https:\/\/www.astronomy.tours\/pl\/\"},{\"@type\":\"ListItem\",\"position\":2,\"name\":\"Sklep\",\"item\":\"https:\/\/www.astronomy.tours\/pl\/sklep\/\"},{\"@type\":\"ListItem\",\"position\":3,\"name\":\"Dobson 305\/1500 Flex Tube Go-To\"}]},{\"@type\":\"WebSite\",\"@id\":\"https:\/\/www.astronomy.tours\/#website\",\"url\":\"https:\/\/www.astronomy.tours\/\",\"name\":\"Astronomy Tours\",\"description\":\"Astronomical tours\",\"publisher\":{\"@id\":\"https:\/\/www.astronomy.tours\/#organization\"},\"potentialAction\":[{\"@type\":\"SearchAction\",\"target\":{\"@type\":\"EntryPoint\",\"urlTemplate\":\"https:\/\/www.astronomy.tours\/?s={search_term_string}\"},\"query-input\":{\"@type\":\"PropertyValueSpecification\",\"valueRequired\":true,\"valueName\":\"search_term_string\"}}],\"inLanguage\":\"pl-PL\"},{\"@type\":\"Organization\",\"@id\":\"https:\/\/www.astronomy.tours\/#organization\",\"name\":\"Astronomy Tours S.COOP\",\"url\":\"https:\/\/www.astronomy.tours\/\",\"logo\":{\"@type\":\"ImageObject\",\"inLanguage\":\"pl-PL\",\"@id\":\"https:\/\/www.astronomy.tours\/#\/schema\/logo\/image\/\",\"url\":\"https:\/\/www.astronomy.tours\/wp-content\/uploads\/2026\/02\/logo-astronomy-tours-black-small.png\",\"contentUrl\":\"https:\/\/www.astronomy.tours\/wp-content\/uploads\/2026\/02\/logo-astronomy-tours-black-small.png\",\"width\":2000,\"height\":740,\"caption\":\"Astronomy Tours S.COOP\"},\"image\":{\"@id\":\"https:\/\/www.astronomy.tours\/#\/schema\/logo\/image\/\"},\"sameAs\":[\"https:\/\/www.facebook.com\/astronomy.tours\/\",\"https:\/\/www.instagram.com\/astronomytours\/?hl=en\"]}]}<\/script>\n<!-- \/ Yoast SEO plugin. -->","yoast_head_json":{"title":"Dobson 305\/1500 Flex Tube Go-To - Astronomy Tours","robots":{"index":"index","follow":"follow","max-snippet":"max-snippet:-1","max-image-preview":"max-image-preview:large","max-video-preview":"max-video-preview:-1"},"canonical":"https:\/\/www.astronomy.tours\/pl\/produkt\/dobson-305-1500-flex-tube-go-to\/","og_locale":"pl_PL","og_type":"article","og_title":"Dobson 305\/1500 Flex Tube Go-To - Astronomy Tours","og_description":"Wybierz si\u0119 si\u0119 w Przestrze\u0144 Kosmiczn\u0105 z Teleskopem SkyWatcher Dobson BK 12 Go-To Wi-Fi Teleskop SkyWatcher Dobson BK 12 Go-To Wi-Fi to spektakularny instrument do obserwacji g\u0142\u0119bokiego kosmosu, oferuj\u0105cy wyj\u0105tkow\u0105 jako\u015b\u0107 i zaawansowane funkcje. Dzi\u0119ki systemowi kontroli SynScanTM AZ, ten teleskop umo\u017cliwia precyzyjne \u015bledzenie obiekt\u00f3w niebieskich, rewolucjonizuj\u0105c twoje do\u015bwiadczenia ze spojrzeniem w gwiazdy.","og_url":"https:\/\/www.astronomy.tours\/pl\/produkt\/dobson-305-1500-flex-tube-go-to\/","og_site_name":"Astronomy Tours","article_publisher":"https:\/\/www.facebook.com\/astronomy.tours\/","article_modified_time":"2024-06-06T05:55:57+00:00","og_image":[{"width":500,"height":652,"url":"https:\/\/www.astronomy.tours\/wp-content\/uploads\/2024\/06\/SW0065-1jpg.jpeg","type":"image\/jpeg"}],"twitter_card":"summary_large_image","twitter_misc":{"Szacowany czas czytania":"2 minuty"},"schema":{"@context":"https:\/\/schema.org","@graph":[{"@type":"WebPage","@id":"https:\/\/www.astronomy.tours\/pl\/produkt\/dobson-305-1500-flex-tube-go-to\/","url":"https:\/\/www.astronomy.tours\/pl\/produkt\/dobson-305-1500-flex-tube-go-to\/","name":"Dobson 305\/1500 Flex Tube Go-To - Astronomy Tours","isPartOf":{"@id":"https:\/\/www.astronomy.tours\/#website"},"primaryImageOfPage":{"@id":"https:\/\/www.astronomy.tours\/pl\/produkt\/dobson-305-1500-flex-tube-go-to\/#primaryimage"},"image":{"@id":"https:\/\/www.astronomy.tours\/pl\/produkt\/dobson-305-1500-flex-tube-go-to\/#primaryimage"},"thumbnailUrl":"https:\/\/www.astronomy.tours\/wp-content\/uploads\/2024\/06\/SW0065-1jpg.jpeg","datePublished":"2024-06-06T05:51:24+00:00","dateModified":"2024-06-06T05:55:57+00:00","breadcrumb":{"@id":"https:\/\/www.astronomy.tours\/pl\/produkt\/dobson-305-1500-flex-tube-go-to\/#breadcrumb"},"inLanguage":"pl-PL","potentialAction":[{"@type":"ReadAction","target":["https:\/\/www.astronomy.tours\/pl\/produkt\/dobson-305-1500-flex-tube-go-to\/"]}]},{"@type":"ImageObject","inLanguage":"pl-PL","@id":"https:\/\/www.astronomy.tours\/pl\/produkt\/dobson-305-1500-flex-tube-go-to\/#primaryimage","url":"https:\/\/www.astronomy.tours\/wp-content\/uploads\/2024\/06\/SW0065-1jpg.jpeg","contentUrl":"https:\/\/www.astronomy.tours\/wp-content\/uploads\/2024\/06\/SW0065-1jpg.jpeg","width":500,"height":652},{"@type":"BreadcrumbList","@id":"https:\/\/www.astronomy.tours\/pl\/produkt\/dobson-305-1500-flex-tube-go-to\/#breadcrumb","itemListElement":[{"@type":"ListItem","position":1,"name":"Home","item":"https:\/\/www.astronomy.tours\/pl\/"},{"@type":"ListItem","position":2,"name":"Sklep","item":"https:\/\/www.astronomy.tours\/pl\/sklep\/"},{"@type":"ListItem","position":3,"name":"Dobson 305\/1500 Flex Tube Go-To"}]},{"@type":"WebSite","@id":"https:\/\/www.astronomy.tours\/#website","url":"https:\/\/www.astronomy.tours\/","name":"Astronomy Tours","description":"Astronomical tours","publisher":{"@id":"https:\/\/www.astronomy.tours\/#organization"},"potentialAction":[{"@type":"SearchAction","target":{"@type":"EntryPoint","urlTemplate":"https:\/\/www.astronomy.tours\/?s={search_term_string}"},"query-input":{"@type":"PropertyValueSpecification","valueRequired":true,"valueName":"search_term_string"}}],"inLanguage":"pl-PL"},{"@type":"Organization","@id":"https:\/\/www.astronomy.tours\/#organization","name":"Astronomy Tours S.COOP","url":"https:\/\/www.astronomy.tours\/","logo":{"@type":"ImageObject","inLanguage":"pl-PL","@id":"https:\/\/www.astronomy.tours\/#\/schema\/logo\/image\/","url":"https:\/\/www.astronomy.tours\/wp-content\/uploads\/2026\/02\/logo-astronomy-tours-black-small.png","contentUrl":"https:\/\/www.astronomy.tours\/wp-content\/uploads\/2026\/02\/logo-astronomy-tours-black-small.png","width":2000,"height":740,"caption":"Astronomy Tours S.COOP"},"image":{"@id":"https:\/\/www.astronomy.tours\/#\/schema\/logo\/image\/"},"sameAs":["https:\/\/www.facebook.com\/astronomy.tours\/","https:\/\/www.instagram.com\/astronomytours\/?hl=en"]}]}},"brands":[{"id":228,"name":"SKYWATCHER","slug":"skywatcher-pl"}],"_links":{"self":[{"href":"https:\/\/www.astronomy.tours\/pl\/wp-json\/wp\/v2\/product\/3133","targetHints":{"allow":["GET"]}}],"collection":[{"href":"https:\/\/www.astronomy.tours\/pl\/wp-json\/wp\/v2\/product"}],"about":[{"href":"https:\/\/www.astronomy.tours\/pl\/wp-json\/wp\/v2\/types\/product"}],"replies":[{"embeddable":true,"href":"https:\/\/www.astronomy.tours\/pl\/wp-json\/wp\/v2\/comments?post=3133"}],"wp:featuredmedia":[{"embeddable":true,"href":"https:\/\/www.astronomy.tours\/pl\/wp-json\/wp\/v2\/media\/3131"}],"wp:attachment":[{"href":"https:\/\/www.astronomy.tours\/pl\/wp-json\/wp\/v2\/media?parent=3133"}],"wp:term":[{"taxonomy":"pwb-brand","embeddable":true,"href":"https:\/\/www.astronomy.tours\/pl\/wp-json\/wp\/v2\/pwb-brand?post=3133"},{"taxonomy":"product_brand","embeddable":true,"href":"https:\/\/www.astronomy.tours\/pl\/wp-json\/wp\/v2\/product_brand?post=3133"},{"taxonomy":"product_cat","embeddable":true,"href":"https:\/\/www.astronomy.tours\/pl\/wp-json\/wp\/v2\/product_cat?post=3133"},{"taxonomy":"product_tag","embeddable":true,"href":"https:\/\/www.astronomy.tours\/pl\/wp-json\/wp\/v2\/product_tag?post=3133"}],"curies":[{"name":"wp","href":"https:\/\/api.w.org\/{rel}","templated":true}]}}