{"id":3119,"date":"2024-06-06T07:39:00","date_gmt":"2024-06-06T05:39:00","guid":{"rendered":"https:\/\/www.astronomy.tours\/product\/dobson-254-1200-flex-tube-go-to-wifi\/"},"modified":"2024-06-06T07:39:00","modified_gmt":"2024-06-06T05:39:00","slug":"dobson-254-1200-flex-tube-go-to-wifi","status":"publish","type":"product","link":"https:\/\/www.astronomy.tours\/pl\/produkt\/dobson-254-1200-flex-tube-go-to-wifi\/","title":{"rendered":"Dobson 254\/1200 Flex tube Go-To Wifi"},"content":{"rendered":"<p class=\"p1\"><strong>Zaawansowana technologia Go-To:<\/strong><\/p>\n<p class=\"p1\">Emocjonuj\u0105ca seria teleskop\u00f3w DOBSON firmy SkyWatcher z funkcj\u0105 Go-To stanowi post\u0119p w precyzji i in\u017cynierii instrument\u00f3w astronomicznych. Dzi\u0119ki Dobson Go-To mo\u017cesz bez wysi\u0142ku cieszy\u0107 si\u0119 wspania\u0142o\u015bciami Wszech\u015bwiata, w tym mg\u0142awicami, c\u00famulos estelares, galaktykami i wieloma innymi. Opatentowany przez firm\u0119 Dobson system tuby retrakcyjnej gwarantuje \u0142atwo\u015b\u0107 przenoszenia i wysok\u0105 wydajno\u015b\u0107 optyczn\u0105.<\/p>\n<p class=\"p1\"><strong>Prosta konfiguracja i kalibracja:<\/strong><\/p>\n<p class=\"p1\">Konfiguracja Telescopio Dobson BK 10 Go-To Wi-Fi jest bardzo prosta. Kompaktowa konstrukcja sk\u0142adaj\u0105ca si\u0119 z dw\u00f3ch cz\u0119\u015bci pozwala na szybki monta\u017c, a opatentowany uchwyt regulacji napr\u0119\u017cenia umo\u017cliwia u\u017cytkownikom dostosowanie tarcia w celu uzyskania p\u0142ynnej pracy bez konieczno\u015bci zachowania idealnej r\u00f3wnowagi. Po zamontowaniu, regulacja teleskopu jest prosta i zachowuje precyzj\u0119 przez ca\u0142\u0105 noc.<\/p>\n<p class=\"p1\"><strong>Ulepszone sterowanie i nawigacja:<\/strong><\/p>\n<p class=\"p1\">Poruszaj si\u0119 po niebie noc\u0105 z precyzj\u0105, korzystaj\u0105c z panelu sterowania SynScanTM AZ, kt\u00f3ry oferuje pe\u0142n\u0105 baz\u0119 danych zawieraj\u0105c\u0105 ponad 42 900 obiekt\u00f3w nieba. Po prostu uruchom i zobacz intuicyjny system menu, kt\u00f3ry zawiera metody wyr\u00f3wnywania Estrella m\u00e1s Brillante i Dos Estrellas w celu \u0142atwej konfiguracji. Konstrukcja podw\u00f3jnego modu\u0142u koduj\u0105cego umo\u017cliwia r\u0119czne przemieszczanie bez konieczno\u015bci stosowania narz\u0119dzi, zwi\u0119kszaj\u0105c wygod\u0119 u\u017cytkownika.<\/p>\n<p class=\"p1\"><strong>Modu\u0142 Wi-Fi Integrado:<\/strong><\/p>\n<p class=\"p1\">Awangardowym dodatkiem do Dobson BK 10 Go-To jest zintegrowany adapter Wi-Fi. Steruj monta\u017cem SkyWatcher Go-To za pomoc\u0105 smartfona lub tabletu z aplikacj\u0105 SynScan, dost\u0119pn\u0105 bezp\u0142atnie w Google Play lub App Store firmy Apple. Korzystaj z doskona\u0142ej \u0142\u0105czno\u015bci i dost\u0119pu do szerokiej bazy danych obiekt\u00f3w, aby obserwowa\u0107 je bez wysi\u0142ku.<\/p>\n<p class=\"p1\"><strong>Astrofotografia Gotowy projekt:<\/strong><\/p>\n<p class=\"p1\">Teleskop Dobson BK 10 Go-To Wi-Fi pozwala uzyska\u0107 imponuj\u0105ce obrazy zjawisk niebieskich dzi\u0119ki specjalnej konstrukcji do astrofotografii. System optyczny reflektora Newtoniano o \u015brednicy 254 mm i d\u0142ugo\u015bci ogniskowej 1200 mm zapewnia doskona\u0142\u0105 zdolno\u015b\u0107 przechwytywania \u015bwiat\u0142a i imponuj\u0105c\u0105 rozdzielczo\u015b\u0107 do fotografowania obiekt\u00f3w znajduj\u0105cych si\u0119 w g\u0142\u0119bokim cieniu. Teleskop jest wyposa\u017cony w okulary SP10 i SP26, a tak\u017ce w buscador 9&#215;50, zapewniaj\u0105c niezb\u0119dne narz\u0119dzia do astrofotografii.<\/p>\n<p class=\"p1\"><strong>Specyfika techniczna:<\/strong><\/p>\n<ul>\n<li class=\"p1\">Konstrukcja optyczna: Reflector Newtoniano<\/li>\n<li class=\"p1\">\u015arednica: 254 mm<\/li>\n<li class=\"p1\">D\u0142ugo\u015b\u0107 ogniskowej: 1200 mm<\/li>\n<li class=\"p1\">Ogniskowa: f\/4,7<\/li>\n<li class=\"p1\">Magnificaci\u00f3n M\u00e1xima Recomendada: 508x<\/li>\n<li class=\"p1\">Magnitud Estelar L\u00edmite: 14.1<\/li>\n<li class=\"p1\">Poder de Resoluci\u00f3n: 0.47 segundos de arco<\/li>\n<li class=\"p1\">Soporte para Oculares: 2&#8243; (z adapterem do 1,25&#8243;)<\/li>\n<li class=\"p1\">Wymiary tuby: 380 x (800 mm-1120 mm)<\/li>\n<li class=\"p1\">Peso: 15 kg<\/li>\n<li class=\"p1\">Okulary: SP10 i SP26<\/li>\n<li class=\"p1\">Buscador: 9&#215;50<\/li>\n<li class=\"p1\">Montura: Dobson Retr\u00e1ctil 10&#8243; (Plegable)<\/li>\n<\/ul>\n<p class=\"p1\">Teleskop SkyWatcher Dobson BK 10 Go-To Wi-Fi pozwala uwolni\u0107 potencja\u0142 astrofotograficzny i cieszy\u0107 si\u0119 niebia\u0144skimi przygodami. Niezale\u017cnie od tego, czy jeste\u015b do\u015bwiadczonym astronomem, czy pocz\u0105tkuj\u0105cym, ten teleskop oferuje idealne po\u0142\u0105czenie precyzji, przeno\u015bno\u015bci i innowacji technologicznych, aby podnie\u015b\u0107 twoje do\u015bwiadczenie w obserwacjach gwiazd.<\/p>\n","protected":false},"excerpt":{"rendered":"<p class=\"p1\"><strong>Odkrywanie g\u0142\u0119bi kosmosu za pomoc\u0105 teleskopu SkyWatcher Dobson 254\/1200 BK 10 Go-To Wi-Fi<\/strong><\/p>\n<p class=\"p1\">Teleskop SkyWatcher Dobson BK 10 Go-To Wi-Fi to idealny towarzysz do obserwacji g\u0142\u0119bokiego nieba, oferuj\u0105cy wyj\u0105tkowe mo\u017cliwo\u015bci przechwytywania \u015bwiat\u0142a i uznan\u0105 jako\u015b\u0107 SkyWatcher. Prze\u017cyj narodziny przeno\u015bnego obserwatorium astronomicznego!<\/p>\n","protected":false},"featured_media":3116,"comment_status":"closed","ping_status":"closed","template":"","meta":[],"pwb-brand":[228],"product_brand":[],"product_cat":[120,72],"product_tag":[],"class_list":{"0":"post-3119","1":"product","2":"type-product","3":"status-publish","4":"has-post-thumbnail","6":"pwb-brand-skywatcher-pl","7":"product_cat-teleskopy","8":"product_cat-sprzet","10":"first","11":"instock","12":"shipping-taxable","13":"purchasable","14":"product-type-simple"},"yoast_head":"<!-- This site is optimized with the Yoast SEO plugin v25.3 - https:\/\/yoast.com\/wordpress\/plugins\/seo\/ -->\n<title>Dobson 254\/1200 Flex tube Go-To Wifi - Astronomy Tours<\/title>\n<meta name=\"robots\" content=\"index, follow, max-snippet:-1, max-image-preview:large, max-video-preview:-1\" \/>\n<link rel=\"canonical\" href=\"https:\/\/www.astronomy.tours\/produkt\/dobson-254-1200-flex-tube-go-to-wifi\/\" \/>\n<meta property=\"og:locale\" content=\"pl_PL\" \/>\n<meta property=\"og:type\" content=\"article\" \/>\n<meta property=\"og:title\" content=\"Dobson 254\/1200 Flex tube Go-To Wifi - Astronomy Tours\" \/>\n<meta property=\"og:description\" content=\"Odkrywanie g\u0142\u0119bi kosmosu za pomoc\u0105 teleskopu SkyWatcher Dobson 254\/1200 BK 10 Go-To Wi-Fi Teleskop SkyWatcher Dobson BK 10 Go-To Wi-Fi to idealny towarzysz do obserwacji g\u0142\u0119bokiego nieba, oferuj\u0105cy wyj\u0105tkowe mo\u017cliwo\u015bci przechwytywania \u015bwiat\u0142a i uznan\u0105 jako\u015b\u0107 SkyWatcher. Prze\u017cyj narodziny przeno\u015bnego obserwatorium astronomicznego!\" \/>\n<meta property=\"og:url\" content=\"https:\/\/www.astronomy.tours\/produkt\/dobson-254-1200-flex-tube-go-to-wifi\/\" \/>\n<meta property=\"og:site_name\" content=\"Astronomy Tours\" \/>\n<meta property=\"article:publisher\" content=\"https:\/\/www.facebook.com\/astronomy.tours\/\" \/>\n<meta property=\"og:image\" content=\"https:\/\/www.astronomy.tours\/wp-content\/uploads\/2024\/06\/SW0064-1.jpg\" \/>\n\t<meta property=\"og:image:width\" content=\"680\" \/>\n\t<meta property=\"og:image:height\" content=\"782\" \/>\n\t<meta property=\"og:image:type\" content=\"image\/jpeg\" \/>\n<meta name=\"twitter:card\" content=\"summary_large_image\" \/>\n<meta name=\"twitter:label1\" content=\"Szacowany czas czytania\" \/>\n\t<meta name=\"twitter:data1\" content=\"2 minuty\" \/>\n<script type=\"application\/ld+json\" class=\"yoast-schema-graph\">{\"@context\":\"https:\/\/schema.org\",\"@graph\":[{\"@type\":\"WebPage\",\"@id\":\"https:\/\/www.astronomy.tours\/produkt\/dobson-254-1200-flex-tube-go-to-wifi\/\",\"url\":\"https:\/\/www.astronomy.tours\/produkt\/dobson-254-1200-flex-tube-go-to-wifi\/\",\"name\":\"Dobson 254\/1200 Flex tube Go-To Wifi - Astronomy Tours\",\"isPartOf\":{\"@id\":\"https:\/\/www.astronomy.tours\/#website\"},\"primaryImageOfPage\":{\"@id\":\"https:\/\/www.astronomy.tours\/produkt\/dobson-254-1200-flex-tube-go-to-wifi\/#primaryimage\"},\"image\":{\"@id\":\"https:\/\/www.astronomy.tours\/produkt\/dobson-254-1200-flex-tube-go-to-wifi\/#primaryimage\"},\"thumbnailUrl\":\"https:\/\/www.astronomy.tours\/wp-content\/uploads\/2024\/06\/SW0064-1.jpg\",\"datePublished\":\"2024-06-06T05:39:00+00:00\",\"breadcrumb\":{\"@id\":\"https:\/\/www.astronomy.tours\/produkt\/dobson-254-1200-flex-tube-go-to-wifi\/#breadcrumb\"},\"inLanguage\":\"pl-PL\",\"potentialAction\":[{\"@type\":\"ReadAction\",\"target\":[\"https:\/\/www.astronomy.tours\/produkt\/dobson-254-1200-flex-tube-go-to-wifi\/\"]}]},{\"@type\":\"ImageObject\",\"inLanguage\":\"pl-PL\",\"@id\":\"https:\/\/www.astronomy.tours\/produkt\/dobson-254-1200-flex-tube-go-to-wifi\/#primaryimage\",\"url\":\"https:\/\/www.astronomy.tours\/wp-content\/uploads\/2024\/06\/SW0064-1.jpg\",\"contentUrl\":\"https:\/\/www.astronomy.tours\/wp-content\/uploads\/2024\/06\/SW0064-1.jpg\",\"width\":680,\"height\":782},{\"@type\":\"BreadcrumbList\",\"@id\":\"https:\/\/www.astronomy.tours\/produkt\/dobson-254-1200-flex-tube-go-to-wifi\/#breadcrumb\",\"itemListElement\":[{\"@type\":\"ListItem\",\"position\":1,\"name\":\"Home\",\"item\":\"https:\/\/www.astronomy.tours\/pl\/\"},{\"@type\":\"ListItem\",\"position\":2,\"name\":\"Sklep\",\"item\":\"https:\/\/www.astronomy.tours\/pl\/sklep\/\"},{\"@type\":\"ListItem\",\"position\":3,\"name\":\"Dobson 254\/1200 Flex tube Go-To Wifi\"}]},{\"@type\":\"WebSite\",\"@id\":\"https:\/\/www.astronomy.tours\/#website\",\"url\":\"https:\/\/www.astronomy.tours\/\",\"name\":\"Astronomy Tours\",\"description\":\"Astronomical tours\",\"publisher\":{\"@id\":\"https:\/\/www.astronomy.tours\/#organization\"},\"potentialAction\":[{\"@type\":\"SearchAction\",\"target\":{\"@type\":\"EntryPoint\",\"urlTemplate\":\"https:\/\/www.astronomy.tours\/?s={search_term_string}\"},\"query-input\":{\"@type\":\"PropertyValueSpecification\",\"valueRequired\":true,\"valueName\":\"search_term_string\"}}],\"inLanguage\":\"pl-PL\"},{\"@type\":\"Organization\",\"@id\":\"https:\/\/www.astronomy.tours\/#organization\",\"name\":\"Astronomy Tours S.COOP\",\"url\":\"https:\/\/www.astronomy.tours\/\",\"logo\":{\"@type\":\"ImageObject\",\"inLanguage\":\"pl-PL\",\"@id\":\"https:\/\/www.astronomy.tours\/#\/schema\/logo\/image\/\",\"url\":\"https:\/\/www.astronomy.tours\/wp-content\/uploads\/2026\/02\/logo-astronomy-tours-black-small.png\",\"contentUrl\":\"https:\/\/www.astronomy.tours\/wp-content\/uploads\/2026\/02\/logo-astronomy-tours-black-small.png\",\"width\":2000,\"height\":740,\"caption\":\"Astronomy Tours S.COOP\"},\"image\":{\"@id\":\"https:\/\/www.astronomy.tours\/#\/schema\/logo\/image\/\"},\"sameAs\":[\"https:\/\/www.facebook.com\/astronomy.tours\/\",\"https:\/\/www.instagram.com\/astronomytours\/?hl=en\"]}]}<\/script>\n<!-- \/ Yoast SEO plugin. -->","yoast_head_json":{"title":"Dobson 254\/1200 Flex tube Go-To Wifi - Astronomy Tours","robots":{"index":"index","follow":"follow","max-snippet":"max-snippet:-1","max-image-preview":"max-image-preview:large","max-video-preview":"max-video-preview:-1"},"canonical":"https:\/\/www.astronomy.tours\/produkt\/dobson-254-1200-flex-tube-go-to-wifi\/","og_locale":"pl_PL","og_type":"article","og_title":"Dobson 254\/1200 Flex tube Go-To Wifi - Astronomy Tours","og_description":"Odkrywanie g\u0142\u0119bi kosmosu za pomoc\u0105 teleskopu SkyWatcher Dobson 254\/1200 BK 10 Go-To Wi-Fi Teleskop SkyWatcher Dobson BK 10 Go-To Wi-Fi to idealny towarzysz do obserwacji g\u0142\u0119bokiego nieba, oferuj\u0105cy wyj\u0105tkowe mo\u017cliwo\u015bci przechwytywania \u015bwiat\u0142a i uznan\u0105 jako\u015b\u0107 SkyWatcher. Prze\u017cyj narodziny przeno\u015bnego obserwatorium astronomicznego!","og_url":"https:\/\/www.astronomy.tours\/produkt\/dobson-254-1200-flex-tube-go-to-wifi\/","og_site_name":"Astronomy Tours","article_publisher":"https:\/\/www.facebook.com\/astronomy.tours\/","og_image":[{"width":680,"height":782,"url":"https:\/\/www.astronomy.tours\/wp-content\/uploads\/2024\/06\/SW0064-1.jpg","type":"image\/jpeg"}],"twitter_card":"summary_large_image","twitter_misc":{"Szacowany czas czytania":"2 minuty"},"schema":{"@context":"https:\/\/schema.org","@graph":[{"@type":"WebPage","@id":"https:\/\/www.astronomy.tours\/produkt\/dobson-254-1200-flex-tube-go-to-wifi\/","url":"https:\/\/www.astronomy.tours\/produkt\/dobson-254-1200-flex-tube-go-to-wifi\/","name":"Dobson 254\/1200 Flex tube Go-To Wifi - Astronomy Tours","isPartOf":{"@id":"https:\/\/www.astronomy.tours\/#website"},"primaryImageOfPage":{"@id":"https:\/\/www.astronomy.tours\/produkt\/dobson-254-1200-flex-tube-go-to-wifi\/#primaryimage"},"image":{"@id":"https:\/\/www.astronomy.tours\/produkt\/dobson-254-1200-flex-tube-go-to-wifi\/#primaryimage"},"thumbnailUrl":"https:\/\/www.astronomy.tours\/wp-content\/uploads\/2024\/06\/SW0064-1.jpg","datePublished":"2024-06-06T05:39:00+00:00","breadcrumb":{"@id":"https:\/\/www.astronomy.tours\/produkt\/dobson-254-1200-flex-tube-go-to-wifi\/#breadcrumb"},"inLanguage":"pl-PL","potentialAction":[{"@type":"ReadAction","target":["https:\/\/www.astronomy.tours\/produkt\/dobson-254-1200-flex-tube-go-to-wifi\/"]}]},{"@type":"ImageObject","inLanguage":"pl-PL","@id":"https:\/\/www.astronomy.tours\/produkt\/dobson-254-1200-flex-tube-go-to-wifi\/#primaryimage","url":"https:\/\/www.astronomy.tours\/wp-content\/uploads\/2024\/06\/SW0064-1.jpg","contentUrl":"https:\/\/www.astronomy.tours\/wp-content\/uploads\/2024\/06\/SW0064-1.jpg","width":680,"height":782},{"@type":"BreadcrumbList","@id":"https:\/\/www.astronomy.tours\/produkt\/dobson-254-1200-flex-tube-go-to-wifi\/#breadcrumb","itemListElement":[{"@type":"ListItem","position":1,"name":"Home","item":"https:\/\/www.astronomy.tours\/pl\/"},{"@type":"ListItem","position":2,"name":"Sklep","item":"https:\/\/www.astronomy.tours\/pl\/sklep\/"},{"@type":"ListItem","position":3,"name":"Dobson 254\/1200 Flex tube Go-To Wifi"}]},{"@type":"WebSite","@id":"https:\/\/www.astronomy.tours\/#website","url":"https:\/\/www.astronomy.tours\/","name":"Astronomy Tours","description":"Astronomical tours","publisher":{"@id":"https:\/\/www.astronomy.tours\/#organization"},"potentialAction":[{"@type":"SearchAction","target":{"@type":"EntryPoint","urlTemplate":"https:\/\/www.astronomy.tours\/?s={search_term_string}"},"query-input":{"@type":"PropertyValueSpecification","valueRequired":true,"valueName":"search_term_string"}}],"inLanguage":"pl-PL"},{"@type":"Organization","@id":"https:\/\/www.astronomy.tours\/#organization","name":"Astronomy Tours S.COOP","url":"https:\/\/www.astronomy.tours\/","logo":{"@type":"ImageObject","inLanguage":"pl-PL","@id":"https:\/\/www.astronomy.tours\/#\/schema\/logo\/image\/","url":"https:\/\/www.astronomy.tours\/wp-content\/uploads\/2026\/02\/logo-astronomy-tours-black-small.png","contentUrl":"https:\/\/www.astronomy.tours\/wp-content\/uploads\/2026\/02\/logo-astronomy-tours-black-small.png","width":2000,"height":740,"caption":"Astronomy Tours S.COOP"},"image":{"@id":"https:\/\/www.astronomy.tours\/#\/schema\/logo\/image\/"},"sameAs":["https:\/\/www.facebook.com\/astronomy.tours\/","https:\/\/www.instagram.com\/astronomytours\/?hl=en"]}]}},"brands":[{"id":228,"name":"SKYWATCHER","slug":"skywatcher-pl"}],"_links":{"self":[{"href":"https:\/\/www.astronomy.tours\/pl\/wp-json\/wp\/v2\/product\/3119","targetHints":{"allow":["GET"]}}],"collection":[{"href":"https:\/\/www.astronomy.tours\/pl\/wp-json\/wp\/v2\/product"}],"about":[{"href":"https:\/\/www.astronomy.tours\/pl\/wp-json\/wp\/v2\/types\/product"}],"replies":[{"embeddable":true,"href":"https:\/\/www.astronomy.tours\/pl\/wp-json\/wp\/v2\/comments?post=3119"}],"wp:featuredmedia":[{"embeddable":true,"href":"https:\/\/www.astronomy.tours\/pl\/wp-json\/wp\/v2\/media\/3116"}],"wp:attachment":[{"href":"https:\/\/www.astronomy.tours\/pl\/wp-json\/wp\/v2\/media?parent=3119"}],"wp:term":[{"taxonomy":"pwb-brand","embeddable":true,"href":"https:\/\/www.astronomy.tours\/pl\/wp-json\/wp\/v2\/pwb-brand?post=3119"},{"taxonomy":"product_brand","embeddable":true,"href":"https:\/\/www.astronomy.tours\/pl\/wp-json\/wp\/v2\/product_brand?post=3119"},{"taxonomy":"product_cat","embeddable":true,"href":"https:\/\/www.astronomy.tours\/pl\/wp-json\/wp\/v2\/product_cat?post=3119"},{"taxonomy":"product_tag","embeddable":true,"href":"https:\/\/www.astronomy.tours\/pl\/wp-json\/wp\/v2\/product_tag?post=3119"}],"curies":[{"name":"wp","href":"https:\/\/api.w.org\/{rel}","templated":true}]}}