{"id":2416,"date":"2024-06-05T14:14:53","date_gmt":"2024-06-05T12:14:53","guid":{"rendered":"https:\/\/astronomy-new.imoli.com.pl\/?post_type=product&#038;p=2416"},"modified":"2024-06-05T14:16:42","modified_gmt":"2024-06-05T12:16:42","slug":"fartuch-finca-astronomica-curry","status":"publish","type":"product","link":"https:\/\/www.astronomy.tours\/pl\/produkt\/fartuch-finca-astronomica-curry\/","title":{"rendered":"Fartuch z Przepisem na Curry z Finca Astronomica"},"content":{"rendered":"<div>Przenie\u015b smaki Finca Astronomica do swojej kuchni dzi\u0119ki naszemu ekskluzywnemu fartuchowi z przepisem na curry, zainspirowanemu kulinarznymi rozkoszami podczas naszych wycieczek ze stargazingiem. Ten stylowy, czarny fartuch posiada kolorowy wz\u00f3r i zawiera kr\u00f3tki przepis na nasze ulubione domowe curry wegetaria\u0144skie.<\/div>\n<div><\/div>\n<div><strong>Cechy Fartucha:<\/strong><\/div>\n<ul>\n<li>Fartuch najwy\u017cszej jako\u015bci w kolorze czarnym z regulowanym paskiem na szyj\u0119 i wi\u0105zaniami w talii dla wygodnego dopasowania.<\/li>\n<li>\u017bywy i przyci\u0105gaj\u0105cy wzrok wz\u00f3r, kt\u00f3ry dodaje charakteru twojemu strojowi kuchennemu.<\/li>\n<li>Praktyczna kiesze\u0144 z przodu, w kt\u00f3rej mo\u017cna trzyma\u0107 przybory kuchenne lub karty z przepisami podczas gotowania.<\/li>\n<\/ul>\n<div><strong>Przepis na Curry z Finca Astronomica:<\/strong><\/div>\n<ul>\n<li>Krok po kroku instrukcje dotycz\u0105ce przygotowania naszego charakterystycznego curry wegetaria\u0144skiego, uwielbianego przez naszych go\u015bci stargazingu.<\/li>\n<li>Odkryj mieszank\u0119 aromatycznych przypraw i \u015bwie\u017cych sk\u0142adnik\u00f3w, kt\u00f3re sprawiaj\u0105, \u017ce to curry jest smakowitym przysmakiem.<\/li>\n<\/ul>\n<div>Niezale\u017cnie od tego, czy jeste\u015b do\u015bwiadczonym szefem kuchni, czy mi\u0142o\u015bnikiem gotowania, nasz Fartuch z Przepisem na Curry zapewnia zabawn\u0105 i praktyczn\u0105 mo\u017cliwo\u015b\u0107 odtworzenia smaku Finca Astronomica w domu. To tak\u017ce doskona\u0142y prezent dla wszystkich, kt\u00f3rzy lubi\u0105 kulinarn\u0105 przygod\u0119 i eksploracj\u0119 nowych smak\u00f3w.<\/div>\n<div><\/div>\n<div>Przyjmij ducha odkrywania i kulinarn\u0105 kreatywno\u015b\u0107 dzi\u0119ki naszemu Fartuchowi z Przepisem na Curry z Finca Astronomica. Przygotuj si\u0119 na przyprawienie swojej kuchni i delektuj si\u0119 bogatymi smakami domowego curry wegetaria\u0144skiego!<\/div>\n","protected":false},"excerpt":{"rendered":"<p>Przenie\u015b smaki Finca Astronomica do swojej kuchni dzi\u0119ki naszemu ekskluzywnemu fartuchowi z przepisem na curry, zainspirowanemu kulinarznymi rozkoszami podczas naszych wycieczek ze stargazingiem. Ten stylowy, czarny fartuch posiada kolorowy wz\u00f3r i zawiera kr\u00f3tki przepis na nasze ulubione domowe curry wegetaria\u0144skie.<\/p>\n","protected":false},"featured_media":3004,"comment_status":"closed","ping_status":"closed","template":"","meta":[],"pwb-brand":[],"product_brand":[],"product_cat":[73],"product_tag":[],"class_list":{"0":"post-2416","1":"product","2":"type-product","3":"status-publish","4":"has-post-thumbnail","6":"product_cat-solar","8":"first","9":"instock","10":"shipping-taxable","11":"product-type-simple"},"yoast_head":"<!-- This site is optimized with the Yoast SEO plugin v25.3 - https:\/\/yoast.com\/wordpress\/plugins\/seo\/ -->\n<title>Fartuch z Przepisem na Curry z Finca Astronomica - Astronomy Tours<\/title>\n<meta name=\"robots\" content=\"index, follow, max-snippet:-1, max-image-preview:large, max-video-preview:-1\" \/>\n<link rel=\"canonical\" href=\"https:\/\/www.astronomy.tours\/pl\/produkt\/fartuch-finca-astronomica-curry\/\" \/>\n<meta property=\"og:locale\" content=\"pl_PL\" \/>\n<meta property=\"og:type\" content=\"article\" \/>\n<meta property=\"og:title\" content=\"Fartuch z Przepisem na Curry z Finca Astronomica - Astronomy Tours\" \/>\n<meta property=\"og:description\" content=\"Przenie\u015b smaki Finca Astronomica do swojej kuchni dzi\u0119ki naszemu ekskluzywnemu fartuchowi z przepisem na curry, zainspirowanemu kulinarznymi rozkoszami podczas naszych wycieczek ze stargazingiem. Ten stylowy, czarny fartuch posiada kolorowy wz\u00f3r i zawiera kr\u00f3tki przepis na nasze ulubione domowe curry wegetaria\u0144skie.\" \/>\n<meta property=\"og:url\" content=\"https:\/\/www.astronomy.tours\/pl\/produkt\/fartuch-finca-astronomica-curry\/\" \/>\n<meta property=\"og:site_name\" content=\"Astronomy Tours\" \/>\n<meta property=\"article:publisher\" content=\"https:\/\/www.facebook.com\/astronomy.tours\/\" \/>\n<meta property=\"article:modified_time\" content=\"2024-06-05T12:16:42+00:00\" \/>\n<meta property=\"og:image\" content=\"https:\/\/www.astronomy.tours\/wp-content\/uploads\/2024\/06\/1.webp\" \/>\n\t<meta property=\"og:image:width\" content=\"2000\" \/>\n\t<meta property=\"og:image:height\" content=\"2000\" \/>\n\t<meta property=\"og:image:type\" content=\"image\/webp\" \/>\n<meta name=\"twitter:card\" content=\"summary_large_image\" \/>\n<meta name=\"twitter:label1\" content=\"Szacowany czas czytania\" \/>\n\t<meta name=\"twitter:data1\" content=\"1 minuta\" \/>\n<script type=\"application\/ld+json\" class=\"yoast-schema-graph\">{\"@context\":\"https:\/\/schema.org\",\"@graph\":[{\"@type\":\"WebPage\",\"@id\":\"https:\/\/www.astronomy.tours\/pl\/produkt\/fartuch-finca-astronomica-curry\/\",\"url\":\"https:\/\/www.astronomy.tours\/pl\/produkt\/fartuch-finca-astronomica-curry\/\",\"name\":\"Fartuch z Przepisem na Curry z Finca Astronomica - Astronomy Tours\",\"isPartOf\":{\"@id\":\"https:\/\/www.astronomy.tours\/#website\"},\"primaryImageOfPage\":{\"@id\":\"https:\/\/www.astronomy.tours\/pl\/produkt\/fartuch-finca-astronomica-curry\/#primaryimage\"},\"image\":{\"@id\":\"https:\/\/www.astronomy.tours\/pl\/produkt\/fartuch-finca-astronomica-curry\/#primaryimage\"},\"thumbnailUrl\":\"https:\/\/www.astronomy.tours\/wp-content\/uploads\/2024\/06\/1.webp\",\"datePublished\":\"2024-06-05T12:14:53+00:00\",\"dateModified\":\"2024-06-05T12:16:42+00:00\",\"breadcrumb\":{\"@id\":\"https:\/\/www.astronomy.tours\/pl\/produkt\/fartuch-finca-astronomica-curry\/#breadcrumb\"},\"inLanguage\":\"pl-PL\",\"potentialAction\":[{\"@type\":\"ReadAction\",\"target\":[\"https:\/\/www.astronomy.tours\/pl\/produkt\/fartuch-finca-astronomica-curry\/\"]}]},{\"@type\":\"ImageObject\",\"inLanguage\":\"pl-PL\",\"@id\":\"https:\/\/www.astronomy.tours\/pl\/produkt\/fartuch-finca-astronomica-curry\/#primaryimage\",\"url\":\"https:\/\/www.astronomy.tours\/wp-content\/uploads\/2024\/06\/1.webp\",\"contentUrl\":\"https:\/\/www.astronomy.tours\/wp-content\/uploads\/2024\/06\/1.webp\",\"width\":2000,\"height\":2000},{\"@type\":\"BreadcrumbList\",\"@id\":\"https:\/\/www.astronomy.tours\/pl\/produkt\/fartuch-finca-astronomica-curry\/#breadcrumb\",\"itemListElement\":[{\"@type\":\"ListItem\",\"position\":1,\"name\":\"Home\",\"item\":\"https:\/\/www.astronomy.tours\/pl\/\"},{\"@type\":\"ListItem\",\"position\":2,\"name\":\"Sklep\",\"item\":\"https:\/\/www.astronomy.tours\/pl\/sklep\/\"},{\"@type\":\"ListItem\",\"position\":3,\"name\":\"Fartuch z Przepisem na Curry z Finca Astronomica\"}]},{\"@type\":\"WebSite\",\"@id\":\"https:\/\/www.astronomy.tours\/#website\",\"url\":\"https:\/\/www.astronomy.tours\/\",\"name\":\"Astronomy Tours\",\"description\":\"Astronomical tours\",\"publisher\":{\"@id\":\"https:\/\/www.astronomy.tours\/#organization\"},\"potentialAction\":[{\"@type\":\"SearchAction\",\"target\":{\"@type\":\"EntryPoint\",\"urlTemplate\":\"https:\/\/www.astronomy.tours\/?s={search_term_string}\"},\"query-input\":{\"@type\":\"PropertyValueSpecification\",\"valueRequired\":true,\"valueName\":\"search_term_string\"}}],\"inLanguage\":\"pl-PL\"},{\"@type\":\"Organization\",\"@id\":\"https:\/\/www.astronomy.tours\/#organization\",\"name\":\"Astronomy Tours S.COOP\",\"url\":\"https:\/\/www.astronomy.tours\/\",\"logo\":{\"@type\":\"ImageObject\",\"inLanguage\":\"pl-PL\",\"@id\":\"https:\/\/www.astronomy.tours\/#\/schema\/logo\/image\/\",\"url\":\"https:\/\/www.astronomy.tours\/wp-content\/uploads\/2026\/02\/logo-astronomy-tours-black-small.png\",\"contentUrl\":\"https:\/\/www.astronomy.tours\/wp-content\/uploads\/2026\/02\/logo-astronomy-tours-black-small.png\",\"width\":2000,\"height\":740,\"caption\":\"Astronomy Tours S.COOP\"},\"image\":{\"@id\":\"https:\/\/www.astronomy.tours\/#\/schema\/logo\/image\/\"},\"sameAs\":[\"https:\/\/www.facebook.com\/astronomy.tours\/\",\"https:\/\/www.instagram.com\/astronomytours\/?hl=en\"]}]}<\/script>\n<!-- \/ Yoast SEO plugin. -->","yoast_head_json":{"title":"Fartuch z Przepisem na Curry z Finca Astronomica - Astronomy Tours","robots":{"index":"index","follow":"follow","max-snippet":"max-snippet:-1","max-image-preview":"max-image-preview:large","max-video-preview":"max-video-preview:-1"},"canonical":"https:\/\/www.astronomy.tours\/pl\/produkt\/fartuch-finca-astronomica-curry\/","og_locale":"pl_PL","og_type":"article","og_title":"Fartuch z Przepisem na Curry z Finca Astronomica - Astronomy Tours","og_description":"Przenie\u015b smaki Finca Astronomica do swojej kuchni dzi\u0119ki naszemu ekskluzywnemu fartuchowi z przepisem na curry, zainspirowanemu kulinarznymi rozkoszami podczas naszych wycieczek ze stargazingiem. Ten stylowy, czarny fartuch posiada kolorowy wz\u00f3r i zawiera kr\u00f3tki przepis na nasze ulubione domowe curry wegetaria\u0144skie.","og_url":"https:\/\/www.astronomy.tours\/pl\/produkt\/fartuch-finca-astronomica-curry\/","og_site_name":"Astronomy Tours","article_publisher":"https:\/\/www.facebook.com\/astronomy.tours\/","article_modified_time":"2024-06-05T12:16:42+00:00","og_image":[{"width":2000,"height":2000,"url":"https:\/\/www.astronomy.tours\/wp-content\/uploads\/2024\/06\/1.webp","type":"image\/webp"}],"twitter_card":"summary_large_image","twitter_misc":{"Szacowany czas czytania":"1 minuta"},"schema":{"@context":"https:\/\/schema.org","@graph":[{"@type":"WebPage","@id":"https:\/\/www.astronomy.tours\/pl\/produkt\/fartuch-finca-astronomica-curry\/","url":"https:\/\/www.astronomy.tours\/pl\/produkt\/fartuch-finca-astronomica-curry\/","name":"Fartuch z Przepisem na Curry z Finca Astronomica - Astronomy Tours","isPartOf":{"@id":"https:\/\/www.astronomy.tours\/#website"},"primaryImageOfPage":{"@id":"https:\/\/www.astronomy.tours\/pl\/produkt\/fartuch-finca-astronomica-curry\/#primaryimage"},"image":{"@id":"https:\/\/www.astronomy.tours\/pl\/produkt\/fartuch-finca-astronomica-curry\/#primaryimage"},"thumbnailUrl":"https:\/\/www.astronomy.tours\/wp-content\/uploads\/2024\/06\/1.webp","datePublished":"2024-06-05T12:14:53+00:00","dateModified":"2024-06-05T12:16:42+00:00","breadcrumb":{"@id":"https:\/\/www.astronomy.tours\/pl\/produkt\/fartuch-finca-astronomica-curry\/#breadcrumb"},"inLanguage":"pl-PL","potentialAction":[{"@type":"ReadAction","target":["https:\/\/www.astronomy.tours\/pl\/produkt\/fartuch-finca-astronomica-curry\/"]}]},{"@type":"ImageObject","inLanguage":"pl-PL","@id":"https:\/\/www.astronomy.tours\/pl\/produkt\/fartuch-finca-astronomica-curry\/#primaryimage","url":"https:\/\/www.astronomy.tours\/wp-content\/uploads\/2024\/06\/1.webp","contentUrl":"https:\/\/www.astronomy.tours\/wp-content\/uploads\/2024\/06\/1.webp","width":2000,"height":2000},{"@type":"BreadcrumbList","@id":"https:\/\/www.astronomy.tours\/pl\/produkt\/fartuch-finca-astronomica-curry\/#breadcrumb","itemListElement":[{"@type":"ListItem","position":1,"name":"Home","item":"https:\/\/www.astronomy.tours\/pl\/"},{"@type":"ListItem","position":2,"name":"Sklep","item":"https:\/\/www.astronomy.tours\/pl\/sklep\/"},{"@type":"ListItem","position":3,"name":"Fartuch z Przepisem na Curry z Finca Astronomica"}]},{"@type":"WebSite","@id":"https:\/\/www.astronomy.tours\/#website","url":"https:\/\/www.astronomy.tours\/","name":"Astronomy Tours","description":"Astronomical tours","publisher":{"@id":"https:\/\/www.astronomy.tours\/#organization"},"potentialAction":[{"@type":"SearchAction","target":{"@type":"EntryPoint","urlTemplate":"https:\/\/www.astronomy.tours\/?s={search_term_string}"},"query-input":{"@type":"PropertyValueSpecification","valueRequired":true,"valueName":"search_term_string"}}],"inLanguage":"pl-PL"},{"@type":"Organization","@id":"https:\/\/www.astronomy.tours\/#organization","name":"Astronomy Tours S.COOP","url":"https:\/\/www.astronomy.tours\/","logo":{"@type":"ImageObject","inLanguage":"pl-PL","@id":"https:\/\/www.astronomy.tours\/#\/schema\/logo\/image\/","url":"https:\/\/www.astronomy.tours\/wp-content\/uploads\/2026\/02\/logo-astronomy-tours-black-small.png","contentUrl":"https:\/\/www.astronomy.tours\/wp-content\/uploads\/2026\/02\/logo-astronomy-tours-black-small.png","width":2000,"height":740,"caption":"Astronomy Tours S.COOP"},"image":{"@id":"https:\/\/www.astronomy.tours\/#\/schema\/logo\/image\/"},"sameAs":["https:\/\/www.facebook.com\/astronomy.tours\/","https:\/\/www.instagram.com\/astronomytours\/?hl=en"]}]}},"brands":[],"_links":{"self":[{"href":"https:\/\/www.astronomy.tours\/pl\/wp-json\/wp\/v2\/product\/2416","targetHints":{"allow":["GET"]}}],"collection":[{"href":"https:\/\/www.astronomy.tours\/pl\/wp-json\/wp\/v2\/product"}],"about":[{"href":"https:\/\/www.astronomy.tours\/pl\/wp-json\/wp\/v2\/types\/product"}],"replies":[{"embeddable":true,"href":"https:\/\/www.astronomy.tours\/pl\/wp-json\/wp\/v2\/comments?post=2416"}],"wp:featuredmedia":[{"embeddable":true,"href":"https:\/\/www.astronomy.tours\/pl\/wp-json\/wp\/v2\/media\/3004"}],"wp:attachment":[{"href":"https:\/\/www.astronomy.tours\/pl\/wp-json\/wp\/v2\/media?parent=2416"}],"wp:term":[{"taxonomy":"pwb-brand","embeddable":true,"href":"https:\/\/www.astronomy.tours\/pl\/wp-json\/wp\/v2\/pwb-brand?post=2416"},{"taxonomy":"product_brand","embeddable":true,"href":"https:\/\/www.astronomy.tours\/pl\/wp-json\/wp\/v2\/product_brand?post=2416"},{"taxonomy":"product_cat","embeddable":true,"href":"https:\/\/www.astronomy.tours\/pl\/wp-json\/wp\/v2\/product_cat?post=2416"},{"taxonomy":"product_tag","embeddable":true,"href":"https:\/\/www.astronomy.tours\/pl\/wp-json\/wp\/v2\/product_tag?post=2416"}],"curies":[{"name":"wp","href":"https:\/\/api.w.org\/{rel}","templated":true}]}}