{"id":2235,"date":"2024-05-21T10:52:03","date_gmt":"2024-05-21T08:52:03","guid":{"rendered":"https:\/\/astronomy-new.imoli.com.pl\/?post_type=product&#038;p=2235"},"modified":"2024-06-24T10:19:19","modified_gmt":"2024-06-24T08:19:19","slug":"explore-the-universe-book-1-introduction-to-astronomy","status":"publish","type":"product","link":"https:\/\/www.astronomy.tours\/pl\/produkt\/explore-the-universe-book-1-introduction-to-astronomy\/","title":{"rendered":"Eksploruj Wszech\u015bwiat Tom 1: Wst\u0119p do Astronomii&#8221; dla dzieci"},"content":{"rendered":"<div>\n<div>Rozpocznij ekscytuj\u0105c\u0105 podr\u00f3\u017c przez przestrze\u0144 ze &#8220;Eksploruj Wszech\u015bwiat Tom 1: Wst\u0119p do Astronomii&#8221;, pierwsz\u0105 cz\u0119\u015bci\u0105 zaanga\u017cuj\u0105cej serii stworzonej przez zesp\u00f3\u0142 Fundacji Centrum Astronomicznego i Naukowego. Do\u0142\u0105cz do Maxa i jego przyjaci\u00f3\u0142, gdy odkrywaj\u0105 cuda kosmosu w zabawnej i edukacyjnej przygodzie.<\/div>\n<div><strong>G\u0142\u00f3wne cechy:<\/strong><\/div>\n<ul>\n<li>Tre\u015b\u0107 Edukacyjna: Dowiedz si\u0119 o podstawowych poj\u0119ciach astronomicznych, takich jak lat \u015bwietlnych, odleg\u0142o\u015bci w kosmosie, dylatacji czasu, gwiazdozbiorach, Gwiazdce Polarnej (Polarnika), oraz jak j\u0105 zlokalizowa\u0107 i wykorzysta\u0107, planetach uk\u0142adu s\u0142onecznego oraz ksi\u0119\u017cycu.<\/li>\n<li>Kolorowe Ilustracje: Ciesz si\u0119 56 kolorowymi stronami wype\u0142nionymi fascynuj\u0105cymi grafikami, kt\u00f3re o\u017cywiaj\u0105 tajemnice wszech\u015bwiata.<\/li>\n<li>J\u0119zyk \u0141atwy do Zrozumienia: Napisane w klarownym, przyst\u0119pnym j\u0119zyku odpowiednim dla dzieci do 12 roku \u017cycia, co sprawia, \u017ce z\u0142o\u017cone tematy s\u0105 \u0142atwe do zrozumienia i zabawne w nauce.<\/li>\n<li>Zajmuj\u0105ca Fabu\u0142a: \u015aled\u017a Maxa i jego przyjaci\u00f3\u0142 w ich kosmicznych przygodach, rozwijaj\u0105c ciekawo\u015b\u0107 i wyobra\u017ani\u0119.<\/li>\n<\/ul>\n<div>Doskona\u0142a dla m\u0142odych entuzjast\u00f3w astronomii i ciekawych umys\u0142\u00f3w, ta ksi\u0105\u017cka rozpala zainteresowanie nauk\u0105 i zach\u0119ca do eksploracji kosmosu. Bez wzgl\u0119du na to, czy czytasz samodzielnie, czy z rodzicem, &#8220;Eksploruj Wszech\u015bwiat Tom 1&#8221; inspiruje mi\u0142o\u015b\u0107 do astronomii i przygotowuje grunt do dalszej nauki w kolejnych cz\u0119\u015bciach serii.<\/div>\n<div>Zapal pasj\u0119 do odkrywania i poszerzaj m\u0142ode umys\u0142y dzi\u0119ki &#8220;Eksploruj Wszech\u015bwiat Tom 1: Wst\u0119p do Astronomii&#8221;. Do\u0142\u0105cz do Maxa i przyjaci\u00f3\u0142 w niezapomnianej podr\u00f3\u017cy przez gwiazdy!<\/div>\n<div>Obecnie ksi\u0105\u017cka dost\u0119pna jedynie w j. Angielskim<\/div>\n<\/div>\n","protected":false},"excerpt":{"rendered":"<p>Rozpocznij ekscytuj\u0105c\u0105 podr\u00f3\u017c przez przestrze\u0144 ze &#8220;Eksploruj Wszech\u015bwiat Tom 1: Wst\u0119p do Astronomii&#8221;, pierwsz\u0105 cz\u0119\u015bci\u0105 zaanga\u017cuj\u0105cej serii stworzonej przez zesp\u00f3\u0142 Fundacji Centrum Astronomicznego i Naukowego. Do\u0142\u0105cz do Maxa i jego przyjaci\u00f3\u0142, gdy odkrywaj\u0105 cuda kosmosu w zabawnej i edukacyjnej przygodzie.<\/p>\n","protected":false},"featured_media":0,"comment_status":"closed","ping_status":"closed","template":"","meta":[],"pwb-brand":[],"product_brand":[],"product_cat":[143],"product_tag":[],"class_list":{"0":"post-2235","1":"product","2":"type-product","3":"status-publish","5":"product_cat-dla-dzieci","7":"first","8":"instock","9":"shipping-taxable","10":"purchasable","11":"product-type-variable"},"yoast_head":"<!-- This site is optimized with the Yoast SEO plugin v25.3 - https:\/\/yoast.com\/wordpress\/plugins\/seo\/ -->\n<title>Eksploruj Wszech\u015bwiat Tom 1: Wst\u0119p do Astronomii&quot; dla dzieci - Astronomy Tours<\/title>\n<meta name=\"robots\" content=\"index, follow, max-snippet:-1, max-image-preview:large, max-video-preview:-1\" \/>\n<link rel=\"canonical\" href=\"https:\/\/www.astronomy.tours\/pl\/produkt\/explore-the-universe-book-1-introduction-to-astronomy\/\" \/>\n<meta property=\"og:locale\" content=\"pl_PL\" \/>\n<meta property=\"og:type\" content=\"article\" \/>\n<meta property=\"og:title\" content=\"Eksploruj Wszech\u015bwiat Tom 1: Wst\u0119p do Astronomii&quot; dla dzieci - Astronomy Tours\" \/>\n<meta property=\"og:description\" content=\"Rozpocznij ekscytuj\u0105c\u0105 podr\u00f3\u017c przez przestrze\u0144 ze &quot;Eksploruj Wszech\u015bwiat Tom 1: Wst\u0119p do Astronomii&quot;, pierwsz\u0105 cz\u0119\u015bci\u0105 zaanga\u017cuj\u0105cej serii stworzonej przez zesp\u00f3\u0142 Fundacji Centrum Astronomicznego i Naukowego. Do\u0142\u0105cz do Maxa i jego przyjaci\u00f3\u0142, gdy odkrywaj\u0105 cuda kosmosu w zabawnej i edukacyjnej przygodzie.\" \/>\n<meta property=\"og:url\" content=\"https:\/\/www.astronomy.tours\/pl\/produkt\/explore-the-universe-book-1-introduction-to-astronomy\/\" \/>\n<meta property=\"og:site_name\" content=\"Astronomy Tours\" \/>\n<meta property=\"article:publisher\" content=\"https:\/\/www.facebook.com\/astronomy.tours\/\" \/>\n<meta property=\"article:modified_time\" content=\"2024-06-24T08:19:19+00:00\" \/>\n<meta name=\"twitter:card\" content=\"summary_large_image\" \/>\n<meta name=\"twitter:label1\" content=\"Szacowany czas czytania\" \/>\n\t<meta name=\"twitter:data1\" content=\"1 minuta\" \/>\n<script type=\"application\/ld+json\" class=\"yoast-schema-graph\">{\"@context\":\"https:\/\/schema.org\",\"@graph\":[{\"@type\":\"WebPage\",\"@id\":\"https:\/\/www.astronomy.tours\/pl\/produkt\/explore-the-universe-book-1-introduction-to-astronomy\/\",\"url\":\"https:\/\/www.astronomy.tours\/pl\/produkt\/explore-the-universe-book-1-introduction-to-astronomy\/\",\"name\":\"Eksploruj Wszech\u015bwiat Tom 1: Wst\u0119p do Astronomii\\\" dla dzieci - Astronomy Tours\",\"isPartOf\":{\"@id\":\"https:\/\/www.astronomy.tours\/#website\"},\"datePublished\":\"2024-05-21T08:52:03+00:00\",\"dateModified\":\"2024-06-24T08:19:19+00:00\",\"breadcrumb\":{\"@id\":\"https:\/\/www.astronomy.tours\/pl\/produkt\/explore-the-universe-book-1-introduction-to-astronomy\/#breadcrumb\"},\"inLanguage\":\"pl-PL\",\"potentialAction\":[{\"@type\":\"ReadAction\",\"target\":[\"https:\/\/www.astronomy.tours\/pl\/produkt\/explore-the-universe-book-1-introduction-to-astronomy\/\"]}]},{\"@type\":\"BreadcrumbList\",\"@id\":\"https:\/\/www.astronomy.tours\/pl\/produkt\/explore-the-universe-book-1-introduction-to-astronomy\/#breadcrumb\",\"itemListElement\":[{\"@type\":\"ListItem\",\"position\":1,\"name\":\"Home\",\"item\":\"https:\/\/www.astronomy.tours\/pl\/\"},{\"@type\":\"ListItem\",\"position\":2,\"name\":\"Sklep\",\"item\":\"https:\/\/www.astronomy.tours\/pl\/sklep\/\"},{\"@type\":\"ListItem\",\"position\":3,\"name\":\"Eksploruj Wszech\u015bwiat Tom 1: Wst\u0119p do Astronomii&#8221; dla dzieci\"}]},{\"@type\":\"WebSite\",\"@id\":\"https:\/\/www.astronomy.tours\/#website\",\"url\":\"https:\/\/www.astronomy.tours\/\",\"name\":\"Astronomy Tours\",\"description\":\"Astronomical tours\",\"publisher\":{\"@id\":\"https:\/\/www.astronomy.tours\/#organization\"},\"potentialAction\":[{\"@type\":\"SearchAction\",\"target\":{\"@type\":\"EntryPoint\",\"urlTemplate\":\"https:\/\/www.astronomy.tours\/?s={search_term_string}\"},\"query-input\":{\"@type\":\"PropertyValueSpecification\",\"valueRequired\":true,\"valueName\":\"search_term_string\"}}],\"inLanguage\":\"pl-PL\"},{\"@type\":\"Organization\",\"@id\":\"https:\/\/www.astronomy.tours\/#organization\",\"name\":\"Astronomy Tours S.COOP\",\"url\":\"https:\/\/www.astronomy.tours\/\",\"logo\":{\"@type\":\"ImageObject\",\"inLanguage\":\"pl-PL\",\"@id\":\"https:\/\/www.astronomy.tours\/#\/schema\/logo\/image\/\",\"url\":\"https:\/\/www.astronomy.tours\/wp-content\/uploads\/2026\/02\/logo-astronomy-tours-black-small.png\",\"contentUrl\":\"https:\/\/www.astronomy.tours\/wp-content\/uploads\/2026\/02\/logo-astronomy-tours-black-small.png\",\"width\":2000,\"height\":740,\"caption\":\"Astronomy Tours S.COOP\"},\"image\":{\"@id\":\"https:\/\/www.astronomy.tours\/#\/schema\/logo\/image\/\"},\"sameAs\":[\"https:\/\/www.facebook.com\/astronomy.tours\/\",\"https:\/\/www.instagram.com\/astronomytours\/?hl=en\"]}]}<\/script>\n<!-- \/ Yoast SEO plugin. -->","yoast_head_json":{"title":"Eksploruj Wszech\u015bwiat Tom 1: Wst\u0119p do Astronomii\" dla dzieci - Astronomy Tours","robots":{"index":"index","follow":"follow","max-snippet":"max-snippet:-1","max-image-preview":"max-image-preview:large","max-video-preview":"max-video-preview:-1"},"canonical":"https:\/\/www.astronomy.tours\/pl\/produkt\/explore-the-universe-book-1-introduction-to-astronomy\/","og_locale":"pl_PL","og_type":"article","og_title":"Eksploruj Wszech\u015bwiat Tom 1: Wst\u0119p do Astronomii\" dla dzieci - Astronomy Tours","og_description":"Rozpocznij ekscytuj\u0105c\u0105 podr\u00f3\u017c przez przestrze\u0144 ze \"Eksploruj Wszech\u015bwiat Tom 1: Wst\u0119p do Astronomii\", pierwsz\u0105 cz\u0119\u015bci\u0105 zaanga\u017cuj\u0105cej serii stworzonej przez zesp\u00f3\u0142 Fundacji Centrum Astronomicznego i Naukowego. Do\u0142\u0105cz do Maxa i jego przyjaci\u00f3\u0142, gdy odkrywaj\u0105 cuda kosmosu w zabawnej i edukacyjnej przygodzie.","og_url":"https:\/\/www.astronomy.tours\/pl\/produkt\/explore-the-universe-book-1-introduction-to-astronomy\/","og_site_name":"Astronomy Tours","article_publisher":"https:\/\/www.facebook.com\/astronomy.tours\/","article_modified_time":"2024-06-24T08:19:19+00:00","twitter_card":"summary_large_image","twitter_misc":{"Szacowany czas czytania":"1 minuta"},"schema":{"@context":"https:\/\/schema.org","@graph":[{"@type":"WebPage","@id":"https:\/\/www.astronomy.tours\/pl\/produkt\/explore-the-universe-book-1-introduction-to-astronomy\/","url":"https:\/\/www.astronomy.tours\/pl\/produkt\/explore-the-universe-book-1-introduction-to-astronomy\/","name":"Eksploruj Wszech\u015bwiat Tom 1: Wst\u0119p do Astronomii\" dla dzieci - Astronomy Tours","isPartOf":{"@id":"https:\/\/www.astronomy.tours\/#website"},"datePublished":"2024-05-21T08:52:03+00:00","dateModified":"2024-06-24T08:19:19+00:00","breadcrumb":{"@id":"https:\/\/www.astronomy.tours\/pl\/produkt\/explore-the-universe-book-1-introduction-to-astronomy\/#breadcrumb"},"inLanguage":"pl-PL","potentialAction":[{"@type":"ReadAction","target":["https:\/\/www.astronomy.tours\/pl\/produkt\/explore-the-universe-book-1-introduction-to-astronomy\/"]}]},{"@type":"BreadcrumbList","@id":"https:\/\/www.astronomy.tours\/pl\/produkt\/explore-the-universe-book-1-introduction-to-astronomy\/#breadcrumb","itemListElement":[{"@type":"ListItem","position":1,"name":"Home","item":"https:\/\/www.astronomy.tours\/pl\/"},{"@type":"ListItem","position":2,"name":"Sklep","item":"https:\/\/www.astronomy.tours\/pl\/sklep\/"},{"@type":"ListItem","position":3,"name":"Eksploruj Wszech\u015bwiat Tom 1: Wst\u0119p do Astronomii&#8221; dla dzieci"}]},{"@type":"WebSite","@id":"https:\/\/www.astronomy.tours\/#website","url":"https:\/\/www.astronomy.tours\/","name":"Astronomy Tours","description":"Astronomical tours","publisher":{"@id":"https:\/\/www.astronomy.tours\/#organization"},"potentialAction":[{"@type":"SearchAction","target":{"@type":"EntryPoint","urlTemplate":"https:\/\/www.astronomy.tours\/?s={search_term_string}"},"query-input":{"@type":"PropertyValueSpecification","valueRequired":true,"valueName":"search_term_string"}}],"inLanguage":"pl-PL"},{"@type":"Organization","@id":"https:\/\/www.astronomy.tours\/#organization","name":"Astronomy Tours S.COOP","url":"https:\/\/www.astronomy.tours\/","logo":{"@type":"ImageObject","inLanguage":"pl-PL","@id":"https:\/\/www.astronomy.tours\/#\/schema\/logo\/image\/","url":"https:\/\/www.astronomy.tours\/wp-content\/uploads\/2026\/02\/logo-astronomy-tours-black-small.png","contentUrl":"https:\/\/www.astronomy.tours\/wp-content\/uploads\/2026\/02\/logo-astronomy-tours-black-small.png","width":2000,"height":740,"caption":"Astronomy Tours S.COOP"},"image":{"@id":"https:\/\/www.astronomy.tours\/#\/schema\/logo\/image\/"},"sameAs":["https:\/\/www.facebook.com\/astronomy.tours\/","https:\/\/www.instagram.com\/astronomytours\/?hl=en"]}]}},"brands":[],"_links":{"self":[{"href":"https:\/\/www.astronomy.tours\/pl\/wp-json\/wp\/v2\/product\/2235","targetHints":{"allow":["GET"]}}],"collection":[{"href":"https:\/\/www.astronomy.tours\/pl\/wp-json\/wp\/v2\/product"}],"about":[{"href":"https:\/\/www.astronomy.tours\/pl\/wp-json\/wp\/v2\/types\/product"}],"replies":[{"embeddable":true,"href":"https:\/\/www.astronomy.tours\/pl\/wp-json\/wp\/v2\/comments?post=2235"}],"wp:attachment":[{"href":"https:\/\/www.astronomy.tours\/pl\/wp-json\/wp\/v2\/media?parent=2235"}],"wp:term":[{"taxonomy":"pwb-brand","embeddable":true,"href":"https:\/\/www.astronomy.tours\/pl\/wp-json\/wp\/v2\/pwb-brand?post=2235"},{"taxonomy":"product_brand","embeddable":true,"href":"https:\/\/www.astronomy.tours\/pl\/wp-json\/wp\/v2\/product_brand?post=2235"},{"taxonomy":"product_cat","embeddable":true,"href":"https:\/\/www.astronomy.tours\/pl\/wp-json\/wp\/v2\/product_cat?post=2235"},{"taxonomy":"product_tag","embeddable":true,"href":"https:\/\/www.astronomy.tours\/pl\/wp-json\/wp\/v2\/product_tag?post=2235"}],"curies":[{"name":"wp","href":"https:\/\/api.w.org\/{rel}","templated":true}]}}