{"id":2231,"date":"2024-05-21T10:41:13","date_gmt":"2024-05-21T08:41:13","guid":{"rendered":"https:\/\/astronomy-new.imoli.com.pl\/?post_type=product&#038;p=2231"},"modified":"2024-06-05T14:39:09","modified_gmt":"2024-06-05T12:39:09","slug":"solar-viewing-glasses","status":"publish","type":"product","link":"https:\/\/www.astronomy.tours\/pl\/produkt\/solar-viewing-glasses\/","title":{"rendered":"Okulary do Obserwacji S\u0142o\u0144ca"},"content":{"rendered":"<div>\n<div>Bezpiecznie obserwuj za\u0107mienia s\u0142oneczne i ciesz si\u0119 obserwacj\u0105 S\u0142o\u0144ca z pewno\u015bci\u0105, korzystaj\u0105c z naszych Certyfikowanych Okular\u00f3w do Obserwacji S\u0142o\u0144ca. Te wytrzyma\u0142e okulary z kartonu zosta\u0142y zaprojektowane zgodnie z rygorystycznymi standardami bezpiecze\u0144stwa dla obserwacji s\u0142onecznych.<\/div>\n<div><strong>Certyfikaty:<\/strong><\/div>\n<ul>\n<li>ISO 12312-2:2015<\/li>\n<li>Certyfikat CE<\/li>\n<\/ul>\n<div>Nasze okulary do obserwacji s\u0142onecznej zapewniaj\u0105 niezb\u0119dn\u0105 ochron\u0119 oczu podczas obserwacji aktywno\u015bci S\u0142o\u0144ca, w tym za\u0107mie\u0144 i plam s\u0142onecznych. Specjalne soczewki skutecznie filtrowi\u0105 szkodliwe promieniowanie ultrafioletowe, widzialne i podczerwone, zapewniaj\u0105c ochron\u0119 oczu przed blaskiem s\u0142onecznym.<\/div>\n<div>Te lekkie i wygodne okulary nie s\u0105 ograniczone do obserwacji za\u0107mie\u0144; s\u0105 r\u00f3wnie\u017c doskona\u0142e do og\u00f3lnego obserwowania S\u0142o\u0144ca przez ca\u0142y rok. Czy jeste\u015b mi\u0142o\u015bnikiem astronomii, mi\u0142o\u015bnikiem natury, czy po prostu ciekaw, jak dzia\u0142a Uk\u0142ad S\u0142oneczny, nasze Certyfikowane Okulary do Obserwacji S\u0142o\u0144ca s\u0105 niezb\u0119dnym akcesorium.<\/div>\n<div>Pozosta\u0144 bezpieczny i do\u015bwiadczaj cud\u00f3w S\u0142o\u0144ca z poczuciem spokoju. Nasze okulary do obserwacji s\u0142onecznej s\u0105 certyfikowane do obserwacji s\u0142onecznych i zaprojektowane z my\u015bl\u0105 o Twojej przyjemno\u015bci i bezpiecze\u0144stwie.<\/div>\n<\/div>\n","protected":false},"excerpt":{"rendered":"<p>Bezpiecznie obserwuj za\u0107mienia s\u0142oneczne i ciesz si\u0119 obserwacj\u0105 S\u0142o\u0144ca z pewno\u015bci\u0105, korzystaj\u0105c z naszych Certyfikowanych Okular\u00f3w do Obserwacji S\u0142o\u0144ca. Te wytrzyma\u0142e okulary z kartonu zosta\u0142y zaprojektowane zgodnie z rygorystycznymi standardami bezpiecze\u0144stwa dla obserwacji s\u0142onecznych.<\/p>\n","protected":false},"featured_media":3019,"comment_status":"closed","ping_status":"closed","template":"","meta":[],"pwb-brand":[],"product_brand":[],"product_cat":[73],"product_tag":[],"class_list":{"0":"post-2231","1":"product","2":"type-product","3":"status-publish","4":"has-post-thumbnail","6":"product_cat-solar","8":"first","9":"instock","10":"shipping-taxable","11":"purchasable","12":"product-type-simple"},"yoast_head":"<!-- This site is optimized with the Yoast SEO plugin v25.3 - https:\/\/yoast.com\/wordpress\/plugins\/seo\/ -->\n<title>Okulary do Obserwacji S\u0142o\u0144ca - Astronomy Tours<\/title>\n<meta name=\"robots\" content=\"index, follow, max-snippet:-1, max-image-preview:large, max-video-preview:-1\" \/>\n<link rel=\"canonical\" href=\"https:\/\/www.astronomy.tours\/pl\/produkt\/solar-viewing-glasses\/\" \/>\n<meta property=\"og:locale\" content=\"pl_PL\" \/>\n<meta property=\"og:type\" content=\"article\" \/>\n<meta property=\"og:title\" content=\"Okulary do Obserwacji S\u0142o\u0144ca - Astronomy Tours\" \/>\n<meta property=\"og:description\" content=\"Bezpiecznie obserwuj za\u0107mienia s\u0142oneczne i ciesz si\u0119 obserwacj\u0105 S\u0142o\u0144ca z pewno\u015bci\u0105, korzystaj\u0105c z naszych Certyfikowanych Okular\u00f3w do Obserwacji S\u0142o\u0144ca. Te wytrzyma\u0142e okulary z kartonu zosta\u0142y zaprojektowane zgodnie z rygorystycznymi standardami bezpiecze\u0144stwa dla obserwacji s\u0142onecznych.\" \/>\n<meta property=\"og:url\" content=\"https:\/\/www.astronomy.tours\/pl\/produkt\/solar-viewing-glasses\/\" \/>\n<meta property=\"og:site_name\" content=\"Astronomy Tours\" \/>\n<meta property=\"article:publisher\" content=\"https:\/\/www.facebook.com\/astronomy.tours\/\" \/>\n<meta property=\"article:modified_time\" content=\"2024-06-05T12:39:09+00:00\" \/>\n<meta property=\"og:image\" content=\"https:\/\/www.astronomy.tours\/wp-content\/uploads\/2024\/05\/4-1.webp\" \/>\n\t<meta property=\"og:image:width\" content=\"2000\" \/>\n\t<meta property=\"og:image:height\" content=\"2000\" \/>\n\t<meta property=\"og:image:type\" content=\"image\/webp\" \/>\n<meta name=\"twitter:card\" content=\"summary_large_image\" \/>\n<meta name=\"twitter:label1\" content=\"Szacowany czas czytania\" \/>\n\t<meta name=\"twitter:data1\" content=\"1 minuta\" \/>\n<script type=\"application\/ld+json\" class=\"yoast-schema-graph\">{\"@context\":\"https:\/\/schema.org\",\"@graph\":[{\"@type\":\"WebPage\",\"@id\":\"https:\/\/www.astronomy.tours\/pl\/produkt\/solar-viewing-glasses\/\",\"url\":\"https:\/\/www.astronomy.tours\/pl\/produkt\/solar-viewing-glasses\/\",\"name\":\"Okulary do Obserwacji S\u0142o\u0144ca - Astronomy Tours\",\"isPartOf\":{\"@id\":\"https:\/\/www.astronomy.tours\/#website\"},\"primaryImageOfPage\":{\"@id\":\"https:\/\/www.astronomy.tours\/pl\/produkt\/solar-viewing-glasses\/#primaryimage\"},\"image\":{\"@id\":\"https:\/\/www.astronomy.tours\/pl\/produkt\/solar-viewing-glasses\/#primaryimage\"},\"thumbnailUrl\":\"https:\/\/www.astronomy.tours\/wp-content\/uploads\/2024\/05\/4-1.webp\",\"datePublished\":\"2024-05-21T08:41:13+00:00\",\"dateModified\":\"2024-06-05T12:39:09+00:00\",\"breadcrumb\":{\"@id\":\"https:\/\/www.astronomy.tours\/pl\/produkt\/solar-viewing-glasses\/#breadcrumb\"},\"inLanguage\":\"pl-PL\",\"potentialAction\":[{\"@type\":\"ReadAction\",\"target\":[\"https:\/\/www.astronomy.tours\/pl\/produkt\/solar-viewing-glasses\/\"]}]},{\"@type\":\"ImageObject\",\"inLanguage\":\"pl-PL\",\"@id\":\"https:\/\/www.astronomy.tours\/pl\/produkt\/solar-viewing-glasses\/#primaryimage\",\"url\":\"https:\/\/www.astronomy.tours\/wp-content\/uploads\/2024\/05\/4-1.webp\",\"contentUrl\":\"https:\/\/www.astronomy.tours\/wp-content\/uploads\/2024\/05\/4-1.webp\",\"width\":2000,\"height\":2000},{\"@type\":\"BreadcrumbList\",\"@id\":\"https:\/\/www.astronomy.tours\/pl\/produkt\/solar-viewing-glasses\/#breadcrumb\",\"itemListElement\":[{\"@type\":\"ListItem\",\"position\":1,\"name\":\"Home\",\"item\":\"https:\/\/www.astronomy.tours\/pl\/\"},{\"@type\":\"ListItem\",\"position\":2,\"name\":\"Sklep\",\"item\":\"https:\/\/www.astronomy.tours\/pl\/sklep\/\"},{\"@type\":\"ListItem\",\"position\":3,\"name\":\"Okulary do Obserwacji S\u0142o\u0144ca\"}]},{\"@type\":\"WebSite\",\"@id\":\"https:\/\/www.astronomy.tours\/#website\",\"url\":\"https:\/\/www.astronomy.tours\/\",\"name\":\"Astronomy Tours\",\"description\":\"Astronomical tours\",\"publisher\":{\"@id\":\"https:\/\/www.astronomy.tours\/#organization\"},\"potentialAction\":[{\"@type\":\"SearchAction\",\"target\":{\"@type\":\"EntryPoint\",\"urlTemplate\":\"https:\/\/www.astronomy.tours\/?s={search_term_string}\"},\"query-input\":{\"@type\":\"PropertyValueSpecification\",\"valueRequired\":true,\"valueName\":\"search_term_string\"}}],\"inLanguage\":\"pl-PL\"},{\"@type\":\"Organization\",\"@id\":\"https:\/\/www.astronomy.tours\/#organization\",\"name\":\"Astronomy Tours S.COOP\",\"url\":\"https:\/\/www.astronomy.tours\/\",\"logo\":{\"@type\":\"ImageObject\",\"inLanguage\":\"pl-PL\",\"@id\":\"https:\/\/www.astronomy.tours\/#\/schema\/logo\/image\/\",\"url\":\"https:\/\/www.astronomy.tours\/wp-content\/uploads\/2026\/02\/logo-astronomy-tours-black-small.png\",\"contentUrl\":\"https:\/\/www.astronomy.tours\/wp-content\/uploads\/2026\/02\/logo-astronomy-tours-black-small.png\",\"width\":2000,\"height\":740,\"caption\":\"Astronomy Tours S.COOP\"},\"image\":{\"@id\":\"https:\/\/www.astronomy.tours\/#\/schema\/logo\/image\/\"},\"sameAs\":[\"https:\/\/www.facebook.com\/astronomy.tours\/\",\"https:\/\/www.instagram.com\/astronomytours\/?hl=en\"]}]}<\/script>\n<!-- \/ Yoast SEO plugin. -->","yoast_head_json":{"title":"Okulary do Obserwacji S\u0142o\u0144ca - Astronomy Tours","robots":{"index":"index","follow":"follow","max-snippet":"max-snippet:-1","max-image-preview":"max-image-preview:large","max-video-preview":"max-video-preview:-1"},"canonical":"https:\/\/www.astronomy.tours\/pl\/produkt\/solar-viewing-glasses\/","og_locale":"pl_PL","og_type":"article","og_title":"Okulary do Obserwacji S\u0142o\u0144ca - Astronomy Tours","og_description":"Bezpiecznie obserwuj za\u0107mienia s\u0142oneczne i ciesz si\u0119 obserwacj\u0105 S\u0142o\u0144ca z pewno\u015bci\u0105, korzystaj\u0105c z naszych Certyfikowanych Okular\u00f3w do Obserwacji S\u0142o\u0144ca. Te wytrzyma\u0142e okulary z kartonu zosta\u0142y zaprojektowane zgodnie z rygorystycznymi standardami bezpiecze\u0144stwa dla obserwacji s\u0142onecznych.","og_url":"https:\/\/www.astronomy.tours\/pl\/produkt\/solar-viewing-glasses\/","og_site_name":"Astronomy Tours","article_publisher":"https:\/\/www.facebook.com\/astronomy.tours\/","article_modified_time":"2024-06-05T12:39:09+00:00","og_image":[{"width":2000,"height":2000,"url":"https:\/\/www.astronomy.tours\/wp-content\/uploads\/2024\/05\/4-1.webp","type":"image\/webp"}],"twitter_card":"summary_large_image","twitter_misc":{"Szacowany czas czytania":"1 minuta"},"schema":{"@context":"https:\/\/schema.org","@graph":[{"@type":"WebPage","@id":"https:\/\/www.astronomy.tours\/pl\/produkt\/solar-viewing-glasses\/","url":"https:\/\/www.astronomy.tours\/pl\/produkt\/solar-viewing-glasses\/","name":"Okulary do Obserwacji S\u0142o\u0144ca - Astronomy Tours","isPartOf":{"@id":"https:\/\/www.astronomy.tours\/#website"},"primaryImageOfPage":{"@id":"https:\/\/www.astronomy.tours\/pl\/produkt\/solar-viewing-glasses\/#primaryimage"},"image":{"@id":"https:\/\/www.astronomy.tours\/pl\/produkt\/solar-viewing-glasses\/#primaryimage"},"thumbnailUrl":"https:\/\/www.astronomy.tours\/wp-content\/uploads\/2024\/05\/4-1.webp","datePublished":"2024-05-21T08:41:13+00:00","dateModified":"2024-06-05T12:39:09+00:00","breadcrumb":{"@id":"https:\/\/www.astronomy.tours\/pl\/produkt\/solar-viewing-glasses\/#breadcrumb"},"inLanguage":"pl-PL","potentialAction":[{"@type":"ReadAction","target":["https:\/\/www.astronomy.tours\/pl\/produkt\/solar-viewing-glasses\/"]}]},{"@type":"ImageObject","inLanguage":"pl-PL","@id":"https:\/\/www.astronomy.tours\/pl\/produkt\/solar-viewing-glasses\/#primaryimage","url":"https:\/\/www.astronomy.tours\/wp-content\/uploads\/2024\/05\/4-1.webp","contentUrl":"https:\/\/www.astronomy.tours\/wp-content\/uploads\/2024\/05\/4-1.webp","width":2000,"height":2000},{"@type":"BreadcrumbList","@id":"https:\/\/www.astronomy.tours\/pl\/produkt\/solar-viewing-glasses\/#breadcrumb","itemListElement":[{"@type":"ListItem","position":1,"name":"Home","item":"https:\/\/www.astronomy.tours\/pl\/"},{"@type":"ListItem","position":2,"name":"Sklep","item":"https:\/\/www.astronomy.tours\/pl\/sklep\/"},{"@type":"ListItem","position":3,"name":"Okulary do Obserwacji S\u0142o\u0144ca"}]},{"@type":"WebSite","@id":"https:\/\/www.astronomy.tours\/#website","url":"https:\/\/www.astronomy.tours\/","name":"Astronomy Tours","description":"Astronomical tours","publisher":{"@id":"https:\/\/www.astronomy.tours\/#organization"},"potentialAction":[{"@type":"SearchAction","target":{"@type":"EntryPoint","urlTemplate":"https:\/\/www.astronomy.tours\/?s={search_term_string}"},"query-input":{"@type":"PropertyValueSpecification","valueRequired":true,"valueName":"search_term_string"}}],"inLanguage":"pl-PL"},{"@type":"Organization","@id":"https:\/\/www.astronomy.tours\/#organization","name":"Astronomy Tours S.COOP","url":"https:\/\/www.astronomy.tours\/","logo":{"@type":"ImageObject","inLanguage":"pl-PL","@id":"https:\/\/www.astronomy.tours\/#\/schema\/logo\/image\/","url":"https:\/\/www.astronomy.tours\/wp-content\/uploads\/2026\/02\/logo-astronomy-tours-black-small.png","contentUrl":"https:\/\/www.astronomy.tours\/wp-content\/uploads\/2026\/02\/logo-astronomy-tours-black-small.png","width":2000,"height":740,"caption":"Astronomy Tours S.COOP"},"image":{"@id":"https:\/\/www.astronomy.tours\/#\/schema\/logo\/image\/"},"sameAs":["https:\/\/www.facebook.com\/astronomy.tours\/","https:\/\/www.instagram.com\/astronomytours\/?hl=en"]}]}},"brands":[],"_links":{"self":[{"href":"https:\/\/www.astronomy.tours\/pl\/wp-json\/wp\/v2\/product\/2231","targetHints":{"allow":["GET"]}}],"collection":[{"href":"https:\/\/www.astronomy.tours\/pl\/wp-json\/wp\/v2\/product"}],"about":[{"href":"https:\/\/www.astronomy.tours\/pl\/wp-json\/wp\/v2\/types\/product"}],"replies":[{"embeddable":true,"href":"https:\/\/www.astronomy.tours\/pl\/wp-json\/wp\/v2\/comments?post=2231"}],"wp:featuredmedia":[{"embeddable":true,"href":"https:\/\/www.astronomy.tours\/pl\/wp-json\/wp\/v2\/media\/3019"}],"wp:attachment":[{"href":"https:\/\/www.astronomy.tours\/pl\/wp-json\/wp\/v2\/media?parent=2231"}],"wp:term":[{"taxonomy":"pwb-brand","embeddable":true,"href":"https:\/\/www.astronomy.tours\/pl\/wp-json\/wp\/v2\/pwb-brand?post=2231"},{"taxonomy":"product_brand","embeddable":true,"href":"https:\/\/www.astronomy.tours\/pl\/wp-json\/wp\/v2\/product_brand?post=2231"},{"taxonomy":"product_cat","embeddable":true,"href":"https:\/\/www.astronomy.tours\/pl\/wp-json\/wp\/v2\/product_cat?post=2231"},{"taxonomy":"product_tag","embeddable":true,"href":"https:\/\/www.astronomy.tours\/pl\/wp-json\/wp\/v2\/product_tag?post=2231"}],"curies":[{"name":"wp","href":"https:\/\/api.w.org\/{rel}","templated":true}]}}