{"id":1105,"date":"2024-04-09T11:28:15","date_gmt":"2024-04-09T09:28:15","guid":{"rendered":"https:\/\/astronomy-new.imoli.com.pl\/product\/dobson-150-1200\/"},"modified":"2024-06-05T13:59:53","modified_gmt":"2024-06-05T11:59:53","slug":"dobson-150-1200","status":"publish","type":"product","link":"https:\/\/www.astronomy.tours\/pl\/produkt\/dobson-150-1200\/","title":{"rendered":"Dobson 150\/1200"},"content":{"rendered":"<p class=\"p1\"><strong>Kompaktowy Rozmiar dla \u0141atwej Przeno\u015bno\u015bci:<\/strong><\/p>\n<p class=\"p1\">Dzi\u0119ki swoim por\u0119cznym wymiarom, Teleskop Dobson 150\/1200 jest Twoim idealnym towarzyszem podr\u00f3\u017cy. Zabierz go na biwaki, wycieczki pod gwiazdami lub po prostu ustaw go w swoim ogrodzie na nocn\u0105 przygod\u0119 astronomiczn\u0105. Jego lekka konstrukcja zapewnia bezproblemowy transport bez kompromis\u00f3w w zakresie wydajno\u015bci.<\/p>\n<p class=\"p1\"><strong>Przyjazny dla Pocz\u0105tkuj\u0105cych Projekt:<\/strong><\/p>\n<p class=\"p1\">Nawigowanie po kosmosie nigdy nie by\u0142o \u0142atwiejsze dzi\u0119ki \u0142atwym w obs\u0142udze funkcjom Teleskopu Dobson 150\/1200. Opatentowane sprz\u0119g\u0142o regulacji napi\u0119cia umo\u017cliwia bezwysi\u0142kow\u0105 kontrol\u0119, co sprawia, \u017ce pocz\u0105tkuj\u0105cy mog\u0105 z \u0142atwo\u015bci\u0105 \u015bledzi\u0107 obiekty niebieskie z precyzj\u0105. Nie musisz martwi\u0107 si\u0119 o skomplikowane ustawienia czy problemy z r\u00f3wnowa\u017ceniem \u2013 ten teleskop jest zaprojektowany, aby zapewni\u0107 intuicyjne i przyjemne do\u015bwiadczenie obserwacji gwiazd dla entuzjast\u00f3w na ka\u017cdym poziomie.<\/p>\n<p class=\"p1\"><strong>Imponuj\u0105ce Specyfikacje:<\/strong><\/p>\n<ul>\n<li class=\"p1\">Konstrukcja Optyczna: Reflektor Newtona<\/li>\n<li class=\"p1\">Apertura: 153mm<\/li>\n<li class=\"p1\">D\u0142ugo\u015b\u0107 Ogniskowej: 1200mm<\/li>\n<li class=\"p1\">Stosunek Ogniskowej: f\/7.8<\/li>\n<li class=\"p1\">Maksymalne Zalecane Powi\u0119kszenie: 306x<\/li>\n<li class=\"p1\">Graniczna Wielko\u015b\u0107 Gwiazdowa: 13.6<\/li>\n<li class=\"p1\">Zdolno\u015b\u0107 Rozdzielcza: 0.74 sekundy \u0142uku<\/li>\n<li class=\"p1\">Uchwyt na Okular: 2&#8243; (z adapterem 1.25&#8243;)<\/li>\n<li class=\"p1\">Waga Tuby: 8kg<\/li>\n<li class=\"p1\">Okulary: SP10 i SP25 (zale\u017cnie od producenta)<\/li>\n<li class=\"p1\">Szukacz: 6&#215;30<\/li>\n<li class=\"p1\">Monta\u017c: 6&#8243; Dobson<\/li>\n<\/ul>\n<p class=\"p1\">Wyrusz w podr\u00f3\u017c przez kosmos z pewno\u015bci\u0105 siebie i \u0142atwo\u015bci\u0105, prowadzony przez Teleskop Dobson 150\/1200. Niezale\u017cnie od tego, czy jeste\u015b pocz\u0105tkuj\u0105cym astronomem, czy do\u015bwiadczonym odkrywc\u0105, ten teleskop obiecuje zapieraj\u0105ce dech w piersiach widoki nocnego nieba i nieko\u0144cz\u0105ce si\u0119 mo\u017cliwo\u015bci odkrywania.<\/p>\n","protected":false},"excerpt":{"rendered":"<p class=\"p1\"><strong>Odkryj Wszech\u015bwiat z Teleskopem Dobson 150\/1200: Tw\u00f3j Idealny Kosmiczny Towarzysz<\/strong><\/p>\n<p class=\"p1\">Do\u015bwiadcz ogromu przestrzeni z Teleskopem Dobson 150\/1200, cudem nieba zaprojektowanym zar\u00f3wno dla pocz\u0105tkuj\u0105cych, jak i do\u015bwiadczonych mi\u0142o\u015bnik\u00f3w astronomii. Jego kompaktowy rozmiar sprawia, \u017ce jest idealny do eksploracji kosmosu z dowolnej lokalizacji, czy to w twoim ogrodzie, czy pod gwia\u017adzistym niebem odleg\u0142ych krain.<\/p>\n","protected":false},"featured_media":1641,"comment_status":"open","ping_status":"closed","template":"","meta":[],"pwb-brand":[228],"product_brand":[],"product_cat":[120,72],"product_tag":[],"class_list":{"0":"post-1105","1":"product","2":"type-product","3":"status-publish","4":"has-post-thumbnail","6":"pwb-brand-skywatcher-pl","7":"product_cat-teleskopy","8":"product_cat-sprzet","10":"first","11":"instock","12":"shipping-taxable","13":"purchasable","14":"product-type-simple"},"yoast_head":"<!-- This site is optimized with the Yoast SEO plugin v25.3 - https:\/\/yoast.com\/wordpress\/plugins\/seo\/ -->\n<title>Dobson 150\/1200 - Astronomy Tours<\/title>\n<meta name=\"robots\" content=\"index, follow, max-snippet:-1, max-image-preview:large, max-video-preview:-1\" \/>\n<link rel=\"canonical\" href=\"https:\/\/www.astronomy.tours\/pl\/produkt\/dobson-150-1200\/\" \/>\n<meta property=\"og:locale\" content=\"pl_PL\" \/>\n<meta property=\"og:type\" content=\"article\" \/>\n<meta property=\"og:title\" content=\"Dobson 150\/1200 - Astronomy Tours\" \/>\n<meta property=\"og:description\" content=\"Odkryj Wszech\u015bwiat z Teleskopem Dobson 150\/1200: Tw\u00f3j Idealny Kosmiczny Towarzysz Do\u015bwiadcz ogromu przestrzeni z Teleskopem Dobson 150\/1200, cudem nieba zaprojektowanym zar\u00f3wno dla pocz\u0105tkuj\u0105cych, jak i do\u015bwiadczonych mi\u0142o\u015bnik\u00f3w astronomii. Jego kompaktowy rozmiar sprawia, \u017ce jest idealny do eksploracji kosmosu z dowolnej lokalizacji, czy to w twoim ogrodzie, czy pod gwia\u017adzistym niebem odleg\u0142ych krain.\" \/>\n<meta property=\"og:url\" content=\"https:\/\/www.astronomy.tours\/pl\/produkt\/dobson-150-1200\/\" \/>\n<meta property=\"og:site_name\" content=\"Astronomy Tours\" \/>\n<meta property=\"article:publisher\" content=\"https:\/\/www.facebook.com\/astronomy.tours\/\" \/>\n<meta property=\"article:modified_time\" content=\"2024-06-05T11:59:53+00:00\" \/>\n<meta property=\"og:image\" content=\"https:\/\/www.astronomy.tours\/wp-content\/uploads\/2024\/04\/SW0394-1.webp\" \/>\n\t<meta property=\"og:image:width\" content=\"1150\" \/>\n\t<meta property=\"og:image:height\" content=\"1150\" \/>\n\t<meta property=\"og:image:type\" content=\"image\/webp\" \/>\n<meta name=\"twitter:card\" content=\"summary_large_image\" \/>\n<meta name=\"twitter:label1\" content=\"Szacowany czas czytania\" \/>\n\t<meta name=\"twitter:data1\" content=\"1 minuta\" \/>\n<script type=\"application\/ld+json\" class=\"yoast-schema-graph\">{\"@context\":\"https:\/\/schema.org\",\"@graph\":[{\"@type\":\"WebPage\",\"@id\":\"https:\/\/www.astronomy.tours\/pl\/produkt\/dobson-150-1200\/\",\"url\":\"https:\/\/www.astronomy.tours\/pl\/produkt\/dobson-150-1200\/\",\"name\":\"Dobson 150\/1200 - Astronomy Tours\",\"isPartOf\":{\"@id\":\"https:\/\/www.astronomy.tours\/#website\"},\"primaryImageOfPage\":{\"@id\":\"https:\/\/www.astronomy.tours\/pl\/produkt\/dobson-150-1200\/#primaryimage\"},\"image\":{\"@id\":\"https:\/\/www.astronomy.tours\/pl\/produkt\/dobson-150-1200\/#primaryimage\"},\"thumbnailUrl\":\"https:\/\/www.astronomy.tours\/wp-content\/uploads\/2024\/04\/SW0394-1.webp\",\"datePublished\":\"2024-04-09T09:28:15+00:00\",\"dateModified\":\"2024-06-05T11:59:53+00:00\",\"breadcrumb\":{\"@id\":\"https:\/\/www.astronomy.tours\/pl\/produkt\/dobson-150-1200\/#breadcrumb\"},\"inLanguage\":\"pl-PL\",\"potentialAction\":[{\"@type\":\"ReadAction\",\"target\":[\"https:\/\/www.astronomy.tours\/pl\/produkt\/dobson-150-1200\/\"]}]},{\"@type\":\"ImageObject\",\"inLanguage\":\"pl-PL\",\"@id\":\"https:\/\/www.astronomy.tours\/pl\/produkt\/dobson-150-1200\/#primaryimage\",\"url\":\"https:\/\/www.astronomy.tours\/wp-content\/uploads\/2024\/04\/SW0394-1.webp\",\"contentUrl\":\"https:\/\/www.astronomy.tours\/wp-content\/uploads\/2024\/04\/SW0394-1.webp\",\"width\":1150,\"height\":1150},{\"@type\":\"BreadcrumbList\",\"@id\":\"https:\/\/www.astronomy.tours\/pl\/produkt\/dobson-150-1200\/#breadcrumb\",\"itemListElement\":[{\"@type\":\"ListItem\",\"position\":1,\"name\":\"Home\",\"item\":\"https:\/\/www.astronomy.tours\/pl\/\"},{\"@type\":\"ListItem\",\"position\":2,\"name\":\"Sklep\",\"item\":\"https:\/\/www.astronomy.tours\/pl\/sklep\/\"},{\"@type\":\"ListItem\",\"position\":3,\"name\":\"Dobson 150\/1200\"}]},{\"@type\":\"WebSite\",\"@id\":\"https:\/\/www.astronomy.tours\/#website\",\"url\":\"https:\/\/www.astronomy.tours\/\",\"name\":\"Astronomy Tours\",\"description\":\"Astronomical tours\",\"publisher\":{\"@id\":\"https:\/\/www.astronomy.tours\/#organization\"},\"potentialAction\":[{\"@type\":\"SearchAction\",\"target\":{\"@type\":\"EntryPoint\",\"urlTemplate\":\"https:\/\/www.astronomy.tours\/?s={search_term_string}\"},\"query-input\":{\"@type\":\"PropertyValueSpecification\",\"valueRequired\":true,\"valueName\":\"search_term_string\"}}],\"inLanguage\":\"pl-PL\"},{\"@type\":\"Organization\",\"@id\":\"https:\/\/www.astronomy.tours\/#organization\",\"name\":\"Astronomy Tours S.COOP\",\"url\":\"https:\/\/www.astronomy.tours\/\",\"logo\":{\"@type\":\"ImageObject\",\"inLanguage\":\"pl-PL\",\"@id\":\"https:\/\/www.astronomy.tours\/#\/schema\/logo\/image\/\",\"url\":\"https:\/\/www.astronomy.tours\/wp-content\/uploads\/2026\/02\/logo-astronomy-tours-black-small.png\",\"contentUrl\":\"https:\/\/www.astronomy.tours\/wp-content\/uploads\/2026\/02\/logo-astronomy-tours-black-small.png\",\"width\":2000,\"height\":740,\"caption\":\"Astronomy Tours S.COOP\"},\"image\":{\"@id\":\"https:\/\/www.astronomy.tours\/#\/schema\/logo\/image\/\"},\"sameAs\":[\"https:\/\/www.facebook.com\/astronomy.tours\/\",\"https:\/\/www.instagram.com\/astronomytours\/?hl=en\"]}]}<\/script>\n<!-- \/ Yoast SEO plugin. -->","yoast_head_json":{"title":"Dobson 150\/1200 - Astronomy Tours","robots":{"index":"index","follow":"follow","max-snippet":"max-snippet:-1","max-image-preview":"max-image-preview:large","max-video-preview":"max-video-preview:-1"},"canonical":"https:\/\/www.astronomy.tours\/pl\/produkt\/dobson-150-1200\/","og_locale":"pl_PL","og_type":"article","og_title":"Dobson 150\/1200 - Astronomy Tours","og_description":"Odkryj Wszech\u015bwiat z Teleskopem Dobson 150\/1200: Tw\u00f3j Idealny Kosmiczny Towarzysz Do\u015bwiadcz ogromu przestrzeni z Teleskopem Dobson 150\/1200, cudem nieba zaprojektowanym zar\u00f3wno dla pocz\u0105tkuj\u0105cych, jak i do\u015bwiadczonych mi\u0142o\u015bnik\u00f3w astronomii. Jego kompaktowy rozmiar sprawia, \u017ce jest idealny do eksploracji kosmosu z dowolnej lokalizacji, czy to w twoim ogrodzie, czy pod gwia\u017adzistym niebem odleg\u0142ych krain.","og_url":"https:\/\/www.astronomy.tours\/pl\/produkt\/dobson-150-1200\/","og_site_name":"Astronomy Tours","article_publisher":"https:\/\/www.facebook.com\/astronomy.tours\/","article_modified_time":"2024-06-05T11:59:53+00:00","og_image":[{"width":1150,"height":1150,"url":"https:\/\/www.astronomy.tours\/wp-content\/uploads\/2024\/04\/SW0394-1.webp","type":"image\/webp"}],"twitter_card":"summary_large_image","twitter_misc":{"Szacowany czas czytania":"1 minuta"},"schema":{"@context":"https:\/\/schema.org","@graph":[{"@type":"WebPage","@id":"https:\/\/www.astronomy.tours\/pl\/produkt\/dobson-150-1200\/","url":"https:\/\/www.astronomy.tours\/pl\/produkt\/dobson-150-1200\/","name":"Dobson 150\/1200 - Astronomy Tours","isPartOf":{"@id":"https:\/\/www.astronomy.tours\/#website"},"primaryImageOfPage":{"@id":"https:\/\/www.astronomy.tours\/pl\/produkt\/dobson-150-1200\/#primaryimage"},"image":{"@id":"https:\/\/www.astronomy.tours\/pl\/produkt\/dobson-150-1200\/#primaryimage"},"thumbnailUrl":"https:\/\/www.astronomy.tours\/wp-content\/uploads\/2024\/04\/SW0394-1.webp","datePublished":"2024-04-09T09:28:15+00:00","dateModified":"2024-06-05T11:59:53+00:00","breadcrumb":{"@id":"https:\/\/www.astronomy.tours\/pl\/produkt\/dobson-150-1200\/#breadcrumb"},"inLanguage":"pl-PL","potentialAction":[{"@type":"ReadAction","target":["https:\/\/www.astronomy.tours\/pl\/produkt\/dobson-150-1200\/"]}]},{"@type":"ImageObject","inLanguage":"pl-PL","@id":"https:\/\/www.astronomy.tours\/pl\/produkt\/dobson-150-1200\/#primaryimage","url":"https:\/\/www.astronomy.tours\/wp-content\/uploads\/2024\/04\/SW0394-1.webp","contentUrl":"https:\/\/www.astronomy.tours\/wp-content\/uploads\/2024\/04\/SW0394-1.webp","width":1150,"height":1150},{"@type":"BreadcrumbList","@id":"https:\/\/www.astronomy.tours\/pl\/produkt\/dobson-150-1200\/#breadcrumb","itemListElement":[{"@type":"ListItem","position":1,"name":"Home","item":"https:\/\/www.astronomy.tours\/pl\/"},{"@type":"ListItem","position":2,"name":"Sklep","item":"https:\/\/www.astronomy.tours\/pl\/sklep\/"},{"@type":"ListItem","position":3,"name":"Dobson 150\/1200"}]},{"@type":"WebSite","@id":"https:\/\/www.astronomy.tours\/#website","url":"https:\/\/www.astronomy.tours\/","name":"Astronomy Tours","description":"Astronomical tours","publisher":{"@id":"https:\/\/www.astronomy.tours\/#organization"},"potentialAction":[{"@type":"SearchAction","target":{"@type":"EntryPoint","urlTemplate":"https:\/\/www.astronomy.tours\/?s={search_term_string}"},"query-input":{"@type":"PropertyValueSpecification","valueRequired":true,"valueName":"search_term_string"}}],"inLanguage":"pl-PL"},{"@type":"Organization","@id":"https:\/\/www.astronomy.tours\/#organization","name":"Astronomy Tours S.COOP","url":"https:\/\/www.astronomy.tours\/","logo":{"@type":"ImageObject","inLanguage":"pl-PL","@id":"https:\/\/www.astronomy.tours\/#\/schema\/logo\/image\/","url":"https:\/\/www.astronomy.tours\/wp-content\/uploads\/2026\/02\/logo-astronomy-tours-black-small.png","contentUrl":"https:\/\/www.astronomy.tours\/wp-content\/uploads\/2026\/02\/logo-astronomy-tours-black-small.png","width":2000,"height":740,"caption":"Astronomy Tours S.COOP"},"image":{"@id":"https:\/\/www.astronomy.tours\/#\/schema\/logo\/image\/"},"sameAs":["https:\/\/www.facebook.com\/astronomy.tours\/","https:\/\/www.instagram.com\/astronomytours\/?hl=en"]}]}},"brands":[{"id":228,"name":"SKYWATCHER","slug":"skywatcher-pl"}],"_links":{"self":[{"href":"https:\/\/www.astronomy.tours\/pl\/wp-json\/wp\/v2\/product\/1105","targetHints":{"allow":["GET"]}}],"collection":[{"href":"https:\/\/www.astronomy.tours\/pl\/wp-json\/wp\/v2\/product"}],"about":[{"href":"https:\/\/www.astronomy.tours\/pl\/wp-json\/wp\/v2\/types\/product"}],"replies":[{"embeddable":true,"href":"https:\/\/www.astronomy.tours\/pl\/wp-json\/wp\/v2\/comments?post=1105"}],"wp:featuredmedia":[{"embeddable":true,"href":"https:\/\/www.astronomy.tours\/pl\/wp-json\/wp\/v2\/media\/1641"}],"wp:attachment":[{"href":"https:\/\/www.astronomy.tours\/pl\/wp-json\/wp\/v2\/media?parent=1105"}],"wp:term":[{"taxonomy":"pwb-brand","embeddable":true,"href":"https:\/\/www.astronomy.tours\/pl\/wp-json\/wp\/v2\/pwb-brand?post=1105"},{"taxonomy":"product_brand","embeddable":true,"href":"https:\/\/www.astronomy.tours\/pl\/wp-json\/wp\/v2\/product_brand?post=1105"},{"taxonomy":"product_cat","embeddable":true,"href":"https:\/\/www.astronomy.tours\/pl\/wp-json\/wp\/v2\/product_cat?post=1105"},{"taxonomy":"product_tag","embeddable":true,"href":"https:\/\/www.astronomy.tours\/pl\/wp-json\/wp\/v2\/product_tag?post=1105"}],"curies":[{"name":"wp","href":"https:\/\/api.w.org\/{rel}","templated":true}]}}