{"id":1104,"date":"2024-04-09T12:46:24","date_gmt":"2024-04-09T10:46:24","guid":{"rendered":"https:\/\/astronomy-new.imoli.com.pl\/product\/dobson-203-1200\/"},"modified":"2024-06-05T14:02:10","modified_gmt":"2024-06-05T12:02:10","slug":"dobson-203-1200","status":"publish","type":"product","link":"https:\/\/www.astronomy.tours\/pl\/produkt\/dobson-203-1200\/","title":{"rendered":"Dobson 203\/1200"},"content":{"rendered":"<p class=\"p1\"><strong>Odkryj Specjalne Ceny:<\/strong><\/p>\n<p class=\"p1\">Odkrywaj wszech\u015bwiat w niepowtarzalnej cenie dzi\u0119ki naszej ekskluzywnej ofercie na Teleskop SkyWatcher Dobson Classic 8&#8243;. Dopasowujemy najlepsze oferty, kt\u00f3re mo\u017cesz znale\u017a\u0107 w innych miejscach, zapewniaj\u0105c, \u017ce otrzymasz najwi\u0119ksz\u0105 warto\u015b\u0107 za swoj\u0105 inwestycj\u0119.<\/p>\n<p class=\"p1\"><strong>Do\u015bwiadcz Prostoty Monta\u017cy Dobson:<\/strong><\/p>\n<p class=\"p1\">Teleskopy montowane na Dobsonie s\u0105 preferowane przez amator\u00f3w astronomii i producent\u00f3w teleskop\u00f3w ze wzgl\u0119du na ich prostot\u0119 i \u0142atwo\u015b\u0107 obs\u0142ugi. Dzi\u0119ki opatentowanemu sprz\u0119g\u0142u regulacji napi\u0119cia SkyWatcher, masz pe\u0142n\u0105 kontrol\u0119 nad tarciem mi\u0119dzy tub\u0105 a bokiem monta\u017cu. Niezale\u017cnie od tego, czy regulujesz napi\u0119cie dla stabilno\u015bci, czy blokujesz tub\u0119 w pozycji, monta\u017c Dobson oferuje niezr\u00f3wnan\u0105 wygod\u0119 i wszechstronno\u015b\u0107.<\/p>\n<p class=\"p1\"><strong>Specyfikacje Techniczne:<\/strong><\/p>\n<ul>\n<li class=\"p1\">Konstrukcja Optyczna: Reflektor Newtona<\/li>\n<li class=\"p1\">Apertura: 203mm<\/li>\n<li class=\"p1\">D\u0142ugo\u015b\u0107 Ogniskowej: 1200mm<\/li>\n<li class=\"p1\">Stosunek Ogniskowej: f\/5.9<\/li>\n<li class=\"p1\">Maksymalne Zalecane Powi\u0119kszenie: 406x<\/li>\n<li class=\"p1\">Graniczna Wielko\u015b\u0107 Gwiazdowa: 13.6<\/li>\n<li class=\"p1\">Zdolno\u015b\u0107 Rozdzielcza: 0.59 sekundy \u0142uku<\/li>\n<li class=\"p1\">Uchwyt na Okular: 2&#8243; (z adapterem 1.25&#8243;)<\/li>\n<li class=\"p1\">Wymiary Tuby: 238 x (835mm-1115mm)<\/li>\n<li class=\"p1\">Waga: 11kg<\/li>\n<li class=\"p1\">Okulary: SP10 i SP26<\/li>\n<li class=\"p1\">Szukacz: 9&#215;50<\/li>\n<li class=\"p1\">Monta\u017c: 8\u201d Dobson<\/li>\n<\/ul>\n<p class=\"p1\"><strong>Zwi\u0119ksz Swoje Do\u015bwiadczenie Obserwacyjne:<\/strong><\/p>\n<p class=\"p1\">Ten wszechstronny zestaw zawiera wszystko, czego potrzebujesz, aby rozpocz\u0105\u0107 eksploracj\u0119 kosmosu od razu po wyj\u0119ciu z pude\u0142ka. Od wszechstronnych okular\u00f3w Super po precyzyjny wyci\u0105g Crayforda, ka\u017cdy komponent jest starannie dobrany, aby maksymalizowa\u0107 Twoj\u0105 przyjemno\u015b\u0107 z obserwacji.<\/p>\n<p class=\"p1\">Uwolnij swoj\u0105 ciekawo\u015b\u0107 i wyrusz w podr\u00f3\u017c przez gwiazdy z Teleskopem SkyWatcher Dobson Classic 8&#8243;. To co\u015b wi\u0119cej ni\u017c tylko teleskop \u2013 to Twoja brama do cud\u00f3w wszech\u015bwiata.<\/p>\n","protected":false},"excerpt":{"rendered":"<p class=\"p1\"><strong>Przedstawiamy Teleskop SkyWatcher Dobson Classic 8&#8243;: Twoja Brama do Astronomicznych Odkry\u0107<\/strong><\/p>\n<p class=\"p1\">Zanurz si\u0119 w cudach kosmosu z Teleskopem SkyWatcher Dobson Classic 8&#8243;, znanym ze swojej wyj\u0105tkowej jasno\u015bci i niezr\u00f3wnanej wydajno\u015bci. Jako jeden z naszych najlepiej sprzedaj\u0105cych si\u0119 teleskop\u00f3w, jest to idealny wyb\u00f3r dla pocz\u0105tkuj\u0105cych, kt\u00f3rzy chc\u0105 zag\u0142\u0119bi\u0107 si\u0119 w \u015bwiaty obserwacji astronomicznych.<\/p>\n","protected":false},"featured_media":1521,"comment_status":"open","ping_status":"closed","template":"","meta":[],"pwb-brand":[228],"product_brand":[],"product_cat":[120,72],"product_tag":[],"class_list":{"0":"post-1104","1":"product","2":"type-product","3":"status-publish","4":"has-post-thumbnail","6":"pwb-brand-skywatcher-pl","7":"product_cat-teleskopy","8":"product_cat-sprzet","10":"first","11":"instock","12":"shipping-taxable","13":"purchasable","14":"product-type-simple"},"yoast_head":"<!-- This site is optimized with the Yoast SEO plugin v25.3 - https:\/\/yoast.com\/wordpress\/plugins\/seo\/ -->\n<title>Dobson 203\/1200 - Astronomy Tours<\/title>\n<meta name=\"robots\" content=\"index, follow, max-snippet:-1, max-image-preview:large, max-video-preview:-1\" \/>\n<link rel=\"canonical\" href=\"https:\/\/www.astronomy.tours\/pl\/produkt\/dobson-203-1200\/\" \/>\n<meta property=\"og:locale\" content=\"pl_PL\" \/>\n<meta property=\"og:type\" content=\"article\" \/>\n<meta property=\"og:title\" content=\"Dobson 203\/1200 - Astronomy Tours\" \/>\n<meta property=\"og:description\" content=\"Przedstawiamy Teleskop SkyWatcher Dobson Classic 8&quot;: Twoja Brama do Astronomicznych Odkry\u0107 Zanurz si\u0119 w cudach kosmosu z Teleskopem SkyWatcher Dobson Classic 8&quot;, znanym ze swojej wyj\u0105tkowej jasno\u015bci i niezr\u00f3wnanej wydajno\u015bci. Jako jeden z naszych najlepiej sprzedaj\u0105cych si\u0119 teleskop\u00f3w, jest to idealny wyb\u00f3r dla pocz\u0105tkuj\u0105cych, kt\u00f3rzy chc\u0105 zag\u0142\u0119bi\u0107 si\u0119 w \u015bwiaty obserwacji astronomicznych.\" \/>\n<meta property=\"og:url\" content=\"https:\/\/www.astronomy.tours\/pl\/produkt\/dobson-203-1200\/\" \/>\n<meta property=\"og:site_name\" content=\"Astronomy Tours\" \/>\n<meta property=\"article:publisher\" content=\"https:\/\/www.facebook.com\/astronomy.tours\/\" \/>\n<meta property=\"article:modified_time\" content=\"2024-06-05T12:02:10+00:00\" \/>\n<meta property=\"og:image\" content=\"https:\/\/www.astronomy.tours\/wp-content\/uploads\/2024\/04\/SW0054-2-1.webp\" \/>\n\t<meta property=\"og:image:width\" content=\"1150\" \/>\n\t<meta property=\"og:image:height\" content=\"1150\" \/>\n\t<meta property=\"og:image:type\" content=\"image\/webp\" \/>\n<meta name=\"twitter:card\" content=\"summary_large_image\" \/>\n<meta name=\"twitter:label1\" content=\"Szacowany czas czytania\" \/>\n\t<meta name=\"twitter:data1\" content=\"1 minuta\" \/>\n<script type=\"application\/ld+json\" class=\"yoast-schema-graph\">{\"@context\":\"https:\/\/schema.org\",\"@graph\":[{\"@type\":\"WebPage\",\"@id\":\"https:\/\/www.astronomy.tours\/pl\/produkt\/dobson-203-1200\/\",\"url\":\"https:\/\/www.astronomy.tours\/pl\/produkt\/dobson-203-1200\/\",\"name\":\"Dobson 203\/1200 - Astronomy Tours\",\"isPartOf\":{\"@id\":\"https:\/\/www.astronomy.tours\/#website\"},\"primaryImageOfPage\":{\"@id\":\"https:\/\/www.astronomy.tours\/pl\/produkt\/dobson-203-1200\/#primaryimage\"},\"image\":{\"@id\":\"https:\/\/www.astronomy.tours\/pl\/produkt\/dobson-203-1200\/#primaryimage\"},\"thumbnailUrl\":\"https:\/\/www.astronomy.tours\/wp-content\/uploads\/2024\/04\/SW0054-2-1.webp\",\"datePublished\":\"2024-04-09T10:46:24+00:00\",\"dateModified\":\"2024-06-05T12:02:10+00:00\",\"breadcrumb\":{\"@id\":\"https:\/\/www.astronomy.tours\/pl\/produkt\/dobson-203-1200\/#breadcrumb\"},\"inLanguage\":\"pl-PL\",\"potentialAction\":[{\"@type\":\"ReadAction\",\"target\":[\"https:\/\/www.astronomy.tours\/pl\/produkt\/dobson-203-1200\/\"]}]},{\"@type\":\"ImageObject\",\"inLanguage\":\"pl-PL\",\"@id\":\"https:\/\/www.astronomy.tours\/pl\/produkt\/dobson-203-1200\/#primaryimage\",\"url\":\"https:\/\/www.astronomy.tours\/wp-content\/uploads\/2024\/04\/SW0054-2-1.webp\",\"contentUrl\":\"https:\/\/www.astronomy.tours\/wp-content\/uploads\/2024\/04\/SW0054-2-1.webp\",\"width\":1150,\"height\":1150},{\"@type\":\"BreadcrumbList\",\"@id\":\"https:\/\/www.astronomy.tours\/pl\/produkt\/dobson-203-1200\/#breadcrumb\",\"itemListElement\":[{\"@type\":\"ListItem\",\"position\":1,\"name\":\"Home\",\"item\":\"https:\/\/www.astronomy.tours\/pl\/\"},{\"@type\":\"ListItem\",\"position\":2,\"name\":\"Sklep\",\"item\":\"https:\/\/www.astronomy.tours\/pl\/sklep\/\"},{\"@type\":\"ListItem\",\"position\":3,\"name\":\"Dobson 203\/1200\"}]},{\"@type\":\"WebSite\",\"@id\":\"https:\/\/www.astronomy.tours\/#website\",\"url\":\"https:\/\/www.astronomy.tours\/\",\"name\":\"Astronomy Tours\",\"description\":\"Astronomical tours\",\"publisher\":{\"@id\":\"https:\/\/www.astronomy.tours\/#organization\"},\"potentialAction\":[{\"@type\":\"SearchAction\",\"target\":{\"@type\":\"EntryPoint\",\"urlTemplate\":\"https:\/\/www.astronomy.tours\/?s={search_term_string}\"},\"query-input\":{\"@type\":\"PropertyValueSpecification\",\"valueRequired\":true,\"valueName\":\"search_term_string\"}}],\"inLanguage\":\"pl-PL\"},{\"@type\":\"Organization\",\"@id\":\"https:\/\/www.astronomy.tours\/#organization\",\"name\":\"Astronomy Tours S.COOP\",\"url\":\"https:\/\/www.astronomy.tours\/\",\"logo\":{\"@type\":\"ImageObject\",\"inLanguage\":\"pl-PL\",\"@id\":\"https:\/\/www.astronomy.tours\/#\/schema\/logo\/image\/\",\"url\":\"https:\/\/www.astronomy.tours\/wp-content\/uploads\/2026\/02\/logo-astronomy-tours-black-small.png\",\"contentUrl\":\"https:\/\/www.astronomy.tours\/wp-content\/uploads\/2026\/02\/logo-astronomy-tours-black-small.png\",\"width\":2000,\"height\":740,\"caption\":\"Astronomy Tours S.COOP\"},\"image\":{\"@id\":\"https:\/\/www.astronomy.tours\/#\/schema\/logo\/image\/\"},\"sameAs\":[\"https:\/\/www.facebook.com\/astronomy.tours\/\",\"https:\/\/www.instagram.com\/astronomytours\/?hl=en\"]}]}<\/script>\n<!-- \/ Yoast SEO plugin. -->","yoast_head_json":{"title":"Dobson 203\/1200 - Astronomy Tours","robots":{"index":"index","follow":"follow","max-snippet":"max-snippet:-1","max-image-preview":"max-image-preview:large","max-video-preview":"max-video-preview:-1"},"canonical":"https:\/\/www.astronomy.tours\/pl\/produkt\/dobson-203-1200\/","og_locale":"pl_PL","og_type":"article","og_title":"Dobson 203\/1200 - Astronomy Tours","og_description":"Przedstawiamy Teleskop SkyWatcher Dobson Classic 8\": Twoja Brama do Astronomicznych Odkry\u0107 Zanurz si\u0119 w cudach kosmosu z Teleskopem SkyWatcher Dobson Classic 8\", znanym ze swojej wyj\u0105tkowej jasno\u015bci i niezr\u00f3wnanej wydajno\u015bci. Jako jeden z naszych najlepiej sprzedaj\u0105cych si\u0119 teleskop\u00f3w, jest to idealny wyb\u00f3r dla pocz\u0105tkuj\u0105cych, kt\u00f3rzy chc\u0105 zag\u0142\u0119bi\u0107 si\u0119 w \u015bwiaty obserwacji astronomicznych.","og_url":"https:\/\/www.astronomy.tours\/pl\/produkt\/dobson-203-1200\/","og_site_name":"Astronomy Tours","article_publisher":"https:\/\/www.facebook.com\/astronomy.tours\/","article_modified_time":"2024-06-05T12:02:10+00:00","og_image":[{"width":1150,"height":1150,"url":"https:\/\/www.astronomy.tours\/wp-content\/uploads\/2024\/04\/SW0054-2-1.webp","type":"image\/webp"}],"twitter_card":"summary_large_image","twitter_misc":{"Szacowany czas czytania":"1 minuta"},"schema":{"@context":"https:\/\/schema.org","@graph":[{"@type":"WebPage","@id":"https:\/\/www.astronomy.tours\/pl\/produkt\/dobson-203-1200\/","url":"https:\/\/www.astronomy.tours\/pl\/produkt\/dobson-203-1200\/","name":"Dobson 203\/1200 - Astronomy Tours","isPartOf":{"@id":"https:\/\/www.astronomy.tours\/#website"},"primaryImageOfPage":{"@id":"https:\/\/www.astronomy.tours\/pl\/produkt\/dobson-203-1200\/#primaryimage"},"image":{"@id":"https:\/\/www.astronomy.tours\/pl\/produkt\/dobson-203-1200\/#primaryimage"},"thumbnailUrl":"https:\/\/www.astronomy.tours\/wp-content\/uploads\/2024\/04\/SW0054-2-1.webp","datePublished":"2024-04-09T10:46:24+00:00","dateModified":"2024-06-05T12:02:10+00:00","breadcrumb":{"@id":"https:\/\/www.astronomy.tours\/pl\/produkt\/dobson-203-1200\/#breadcrumb"},"inLanguage":"pl-PL","potentialAction":[{"@type":"ReadAction","target":["https:\/\/www.astronomy.tours\/pl\/produkt\/dobson-203-1200\/"]}]},{"@type":"ImageObject","inLanguage":"pl-PL","@id":"https:\/\/www.astronomy.tours\/pl\/produkt\/dobson-203-1200\/#primaryimage","url":"https:\/\/www.astronomy.tours\/wp-content\/uploads\/2024\/04\/SW0054-2-1.webp","contentUrl":"https:\/\/www.astronomy.tours\/wp-content\/uploads\/2024\/04\/SW0054-2-1.webp","width":1150,"height":1150},{"@type":"BreadcrumbList","@id":"https:\/\/www.astronomy.tours\/pl\/produkt\/dobson-203-1200\/#breadcrumb","itemListElement":[{"@type":"ListItem","position":1,"name":"Home","item":"https:\/\/www.astronomy.tours\/pl\/"},{"@type":"ListItem","position":2,"name":"Sklep","item":"https:\/\/www.astronomy.tours\/pl\/sklep\/"},{"@type":"ListItem","position":3,"name":"Dobson 203\/1200"}]},{"@type":"WebSite","@id":"https:\/\/www.astronomy.tours\/#website","url":"https:\/\/www.astronomy.tours\/","name":"Astronomy Tours","description":"Astronomical tours","publisher":{"@id":"https:\/\/www.astronomy.tours\/#organization"},"potentialAction":[{"@type":"SearchAction","target":{"@type":"EntryPoint","urlTemplate":"https:\/\/www.astronomy.tours\/?s={search_term_string}"},"query-input":{"@type":"PropertyValueSpecification","valueRequired":true,"valueName":"search_term_string"}}],"inLanguage":"pl-PL"},{"@type":"Organization","@id":"https:\/\/www.astronomy.tours\/#organization","name":"Astronomy Tours S.COOP","url":"https:\/\/www.astronomy.tours\/","logo":{"@type":"ImageObject","inLanguage":"pl-PL","@id":"https:\/\/www.astronomy.tours\/#\/schema\/logo\/image\/","url":"https:\/\/www.astronomy.tours\/wp-content\/uploads\/2026\/02\/logo-astronomy-tours-black-small.png","contentUrl":"https:\/\/www.astronomy.tours\/wp-content\/uploads\/2026\/02\/logo-astronomy-tours-black-small.png","width":2000,"height":740,"caption":"Astronomy Tours S.COOP"},"image":{"@id":"https:\/\/www.astronomy.tours\/#\/schema\/logo\/image\/"},"sameAs":["https:\/\/www.facebook.com\/astronomy.tours\/","https:\/\/www.instagram.com\/astronomytours\/?hl=en"]}]}},"brands":[{"id":228,"name":"SKYWATCHER","slug":"skywatcher-pl"}],"_links":{"self":[{"href":"https:\/\/www.astronomy.tours\/pl\/wp-json\/wp\/v2\/product\/1104","targetHints":{"allow":["GET"]}}],"collection":[{"href":"https:\/\/www.astronomy.tours\/pl\/wp-json\/wp\/v2\/product"}],"about":[{"href":"https:\/\/www.astronomy.tours\/pl\/wp-json\/wp\/v2\/types\/product"}],"replies":[{"embeddable":true,"href":"https:\/\/www.astronomy.tours\/pl\/wp-json\/wp\/v2\/comments?post=1104"}],"wp:featuredmedia":[{"embeddable":true,"href":"https:\/\/www.astronomy.tours\/pl\/wp-json\/wp\/v2\/media\/1521"}],"wp:attachment":[{"href":"https:\/\/www.astronomy.tours\/pl\/wp-json\/wp\/v2\/media?parent=1104"}],"wp:term":[{"taxonomy":"pwb-brand","embeddable":true,"href":"https:\/\/www.astronomy.tours\/pl\/wp-json\/wp\/v2\/pwb-brand?post=1104"},{"taxonomy":"product_brand","embeddable":true,"href":"https:\/\/www.astronomy.tours\/pl\/wp-json\/wp\/v2\/product_brand?post=1104"},{"taxonomy":"product_cat","embeddable":true,"href":"https:\/\/www.astronomy.tours\/pl\/wp-json\/wp\/v2\/product_cat?post=1104"},{"taxonomy":"product_tag","embeddable":true,"href":"https:\/\/www.astronomy.tours\/pl\/wp-json\/wp\/v2\/product_tag?post=1104"}],"curies":[{"name":"wp","href":"https:\/\/api.w.org\/{rel}","templated":true}]}}