{"id":1102,"date":"2024-04-09T13:57:51","date_gmt":"2024-04-09T11:57:51","guid":{"rendered":"https:\/\/astronomy-new.imoli.com.pl\/product\/dobson-305-1500\/"},"modified":"2024-06-05T14:07:55","modified_gmt":"2024-06-05T12:07:55","slug":"dobson-305-1500","status":"publish","type":"product","link":"https:\/\/www.astronomy.tours\/pl\/produkt\/dobson-305-1500\/","title":{"rendered":"Dobson 305\/1500"},"content":{"rendered":"<p class=\"p1\"><strong>Prostota i Precyzja Monta\u017cy Dobsona:<\/strong><\/p>\n<p class=\"p1\">Do\u0142\u0105cz do grona amator\u00f3w astronomii i producent\u00f3w teleskop\u00f3w, kt\u00f3rzy doceniaj\u0105 prostot\u0119 i skuteczno\u015b\u0107 monta\u017cy Dobsona. Dzi\u0119ki opatentowanemu sprz\u0119g\u0142u regulacji napi\u0119cia SkyWatcher, masz pe\u0142n\u0105 kontrol\u0119 nad tarciem mi\u0119dzy tub\u0105 a bokiem monta\u017cu. Umo\u017cliwia to p\u0142ynne regulacje lub pewne zablokowanie tuby w pozycji dla stabilnej obserwacji, niezale\u017cnie od wywa\u017cenia tuby.<\/p>\n<p class=\"p1\"><strong>Specyfikacje Techniczne:<\/strong><\/p>\n<ul>\n<li class=\"p1\">Konstrukcja Optyczna: Paraboliczny Reflektor Newtona<\/li>\n<li class=\"p1\">Apertura: 305mm<\/li>\n<li class=\"p1\">D\u0142ugo\u015b\u0107 Ogniskowej: 1500mm<\/li>\n<li class=\"p1\">Stosunek Ogniskowej: f\/5<\/li>\n<li class=\"p1\">Maksymalne Zalecane Powi\u0119kszenie: 600x<\/li>\n<li class=\"p1\">Graniczna Wielko\u015b\u0107 Gwiazdowa: 15<\/li>\n<li class=\"p1\">Uchwyt na Okular: 2&#8243; (z adapterem 1.25&#8243;)<\/li>\n<li class=\"p1\">Wymiary Tuby: 26x112cm<\/li>\n<li class=\"p1\">Waga Tuby: 15kg<\/li>\n<li class=\"p1\">Waga Podstawy: 16kg<\/li>\n<li class=\"p1\">Okulary: SP10 i SP25<\/li>\n<li class=\"p1\">Szukacz: 9&#215;50<\/li>\n<li class=\"p1\">Monta\u017c: 12\u201d Dobson<\/li>\n<\/ul>\n<p class=\"p1\"><strong>Do\u015bwiadcz Niezr\u00f3wnanej Wszechstronno\u015bci:<\/strong><\/p>\n<p class=\"p1\">Dzi\u0119ki swojej du\u017cej aperturze i kompaktowej konstrukcji, Teleskop SkyWatcher Dobson Traditional 12&#8243; oferuje niezr\u00f3wnan\u0105 wszechstronno\u015b\u0107 i przeno\u015bno\u015b\u0107. Niezale\u017cnie od tego, czy eksplorujesz odleg\u0142e, ciemne miejsca, czy ustawiasz go w swoim ogrodzie, ten teleskop zapewnia, \u017ce nigdy nie przegapisz \u017cadnej chwili cud\u00f3w nieba.<\/p>\n<p class=\"p1\"><strong>Kompletny Zestaw do Bezproblemowej Obserwacji:<\/strong><\/p>\n<p class=\"p1\">Ten zestaw teleskopu zawiera wszystko, czego potrzebujesz, aby rozpocz\u0105\u0107 swoj\u0105 kosmiczn\u0105 podr\u00f3\u017c. Od pot\u0119\u017cnych okular\u00f3w Super po precyzyjny szukacz, ka\u017cdy komponent jest starannie dobrany, aby zwi\u0119kszy\u0107 Twoje wra\u017cenia z obserwacji i przybli\u017cy\u0107 odleg\u0142e obiekty niebieskie.<\/p>\n<p class=\"p1\">Uwolnij swoj\u0105 ciekawo\u015b\u0107 i wyrusz w niezapomnian\u0105 podr\u00f3\u017c przez kosmos z Teleskopem SkyWatcher Dobson Traditional 12&#8243;. To co\u015b wi\u0119cej ni\u017c tylko teleskop \u2013 to Twoje okno na niesko\u0144czone cuda wszech\u015bwiata.<\/p>\n","protected":false},"excerpt":{"rendered":"<p class=\"p1\"><strong>Zanurz Si\u0119 w G\u0142\u0119binach Wszech\u015bwiata z Teleskopem SkyWatcher Dobson Traditional 12&#8243;<\/strong><\/p>\n<p class=\"p1\">Przygotuj si\u0119 na odkrywanie tajemnic kosmosu z Teleskopem SkyWatcher Dobson Traditional 12&#8243;, stworzonym dla entuzjast\u00f3w pragn\u0105cych obserwowa\u0107 galaktyki, mg\u0142awice i obiekty g\u0142\u0119bokiego nieba. Wszechstronny i \u0142atwo przeno\u015bny w samochodzie, ten teleskop Dobsona od SkyWatcher oferuje niezr\u00f3wnan\u0105 wydajno\u015b\u0107 i wygod\u0119.<\/p>\n","protected":false},"featured_media":1536,"comment_status":"open","ping_status":"closed","template":"","meta":[],"pwb-brand":[228],"product_brand":[],"product_cat":[120,72],"product_tag":[],"class_list":{"0":"post-1102","1":"product","2":"type-product","3":"status-publish","4":"has-post-thumbnail","6":"pwb-brand-skywatcher-pl","7":"product_cat-teleskopy","8":"product_cat-sprzet","10":"first","11":"instock","12":"shipping-taxable","13":"purchasable","14":"product-type-simple"},"yoast_head":"<!-- This site is optimized with the Yoast SEO plugin v25.3 - https:\/\/yoast.com\/wordpress\/plugins\/seo\/ -->\n<title>Dobson 305\/1500 - Astronomy Tours<\/title>\n<meta name=\"robots\" content=\"index, follow, max-snippet:-1, max-image-preview:large, max-video-preview:-1\" \/>\n<link rel=\"canonical\" href=\"https:\/\/www.astronomy.tours\/pl\/produkt\/dobson-305-1500\/\" \/>\n<meta property=\"og:locale\" content=\"pl_PL\" \/>\n<meta property=\"og:type\" content=\"article\" \/>\n<meta property=\"og:title\" content=\"Dobson 305\/1500 - Astronomy Tours\" \/>\n<meta property=\"og:description\" content=\"Zanurz Si\u0119 w G\u0142\u0119binach Wszech\u015bwiata z Teleskopem SkyWatcher Dobson Traditional 12&quot; Przygotuj si\u0119 na odkrywanie tajemnic kosmosu z Teleskopem SkyWatcher Dobson Traditional 12&quot;, stworzonym dla entuzjast\u00f3w pragn\u0105cych obserwowa\u0107 galaktyki, mg\u0142awice i obiekty g\u0142\u0119bokiego nieba. Wszechstronny i \u0142atwo przeno\u015bny w samochodzie, ten teleskop Dobsona od SkyWatcher oferuje niezr\u00f3wnan\u0105 wydajno\u015b\u0107 i wygod\u0119.\" \/>\n<meta property=\"og:url\" content=\"https:\/\/www.astronomy.tours\/pl\/produkt\/dobson-305-1500\/\" \/>\n<meta property=\"og:site_name\" content=\"Astronomy Tours\" \/>\n<meta property=\"article:publisher\" content=\"https:\/\/www.facebook.com\/astronomy.tours\/\" \/>\n<meta property=\"article:modified_time\" content=\"2024-06-05T12:07:55+00:00\" \/>\n<meta property=\"og:image\" content=\"https:\/\/www.astronomy.tours\/wp-content\/uploads\/2024\/04\/SW0056-1.webp\" \/>\n\t<meta property=\"og:image:width\" content=\"1150\" \/>\n\t<meta property=\"og:image:height\" content=\"1150\" \/>\n\t<meta property=\"og:image:type\" content=\"image\/webp\" \/>\n<meta name=\"twitter:card\" content=\"summary_large_image\" \/>\n<meta name=\"twitter:label1\" content=\"Szacowany czas czytania\" \/>\n\t<meta name=\"twitter:data1\" content=\"1 minuta\" \/>\n<script type=\"application\/ld+json\" class=\"yoast-schema-graph\">{\"@context\":\"https:\/\/schema.org\",\"@graph\":[{\"@type\":\"WebPage\",\"@id\":\"https:\/\/www.astronomy.tours\/pl\/produkt\/dobson-305-1500\/\",\"url\":\"https:\/\/www.astronomy.tours\/pl\/produkt\/dobson-305-1500\/\",\"name\":\"Dobson 305\/1500 - Astronomy Tours\",\"isPartOf\":{\"@id\":\"https:\/\/www.astronomy.tours\/#website\"},\"primaryImageOfPage\":{\"@id\":\"https:\/\/www.astronomy.tours\/pl\/produkt\/dobson-305-1500\/#primaryimage\"},\"image\":{\"@id\":\"https:\/\/www.astronomy.tours\/pl\/produkt\/dobson-305-1500\/#primaryimage\"},\"thumbnailUrl\":\"https:\/\/www.astronomy.tours\/wp-content\/uploads\/2024\/04\/SW0056-1.webp\",\"datePublished\":\"2024-04-09T11:57:51+00:00\",\"dateModified\":\"2024-06-05T12:07:55+00:00\",\"breadcrumb\":{\"@id\":\"https:\/\/www.astronomy.tours\/pl\/produkt\/dobson-305-1500\/#breadcrumb\"},\"inLanguage\":\"pl-PL\",\"potentialAction\":[{\"@type\":\"ReadAction\",\"target\":[\"https:\/\/www.astronomy.tours\/pl\/produkt\/dobson-305-1500\/\"]}]},{\"@type\":\"ImageObject\",\"inLanguage\":\"pl-PL\",\"@id\":\"https:\/\/www.astronomy.tours\/pl\/produkt\/dobson-305-1500\/#primaryimage\",\"url\":\"https:\/\/www.astronomy.tours\/wp-content\/uploads\/2024\/04\/SW0056-1.webp\",\"contentUrl\":\"https:\/\/www.astronomy.tours\/wp-content\/uploads\/2024\/04\/SW0056-1.webp\",\"width\":1150,\"height\":1150},{\"@type\":\"BreadcrumbList\",\"@id\":\"https:\/\/www.astronomy.tours\/pl\/produkt\/dobson-305-1500\/#breadcrumb\",\"itemListElement\":[{\"@type\":\"ListItem\",\"position\":1,\"name\":\"Home\",\"item\":\"https:\/\/www.astronomy.tours\/pl\/\"},{\"@type\":\"ListItem\",\"position\":2,\"name\":\"Sklep\",\"item\":\"https:\/\/www.astronomy.tours\/pl\/sklep\/\"},{\"@type\":\"ListItem\",\"position\":3,\"name\":\"Dobson 305\/1500\"}]},{\"@type\":\"WebSite\",\"@id\":\"https:\/\/www.astronomy.tours\/#website\",\"url\":\"https:\/\/www.astronomy.tours\/\",\"name\":\"Astronomy Tours\",\"description\":\"Astronomical tours\",\"publisher\":{\"@id\":\"https:\/\/www.astronomy.tours\/#organization\"},\"potentialAction\":[{\"@type\":\"SearchAction\",\"target\":{\"@type\":\"EntryPoint\",\"urlTemplate\":\"https:\/\/www.astronomy.tours\/?s={search_term_string}\"},\"query-input\":{\"@type\":\"PropertyValueSpecification\",\"valueRequired\":true,\"valueName\":\"search_term_string\"}}],\"inLanguage\":\"pl-PL\"},{\"@type\":\"Organization\",\"@id\":\"https:\/\/www.astronomy.tours\/#organization\",\"name\":\"Astronomy Tours S.COOP\",\"url\":\"https:\/\/www.astronomy.tours\/\",\"logo\":{\"@type\":\"ImageObject\",\"inLanguage\":\"pl-PL\",\"@id\":\"https:\/\/www.astronomy.tours\/#\/schema\/logo\/image\/\",\"url\":\"https:\/\/www.astronomy.tours\/wp-content\/uploads\/2026\/02\/logo-astronomy-tours-black-small.png\",\"contentUrl\":\"https:\/\/www.astronomy.tours\/wp-content\/uploads\/2026\/02\/logo-astronomy-tours-black-small.png\",\"width\":2000,\"height\":740,\"caption\":\"Astronomy Tours S.COOP\"},\"image\":{\"@id\":\"https:\/\/www.astronomy.tours\/#\/schema\/logo\/image\/\"},\"sameAs\":[\"https:\/\/www.facebook.com\/astronomy.tours\/\",\"https:\/\/www.instagram.com\/astronomytours\/?hl=en\"]}]}<\/script>\n<!-- \/ Yoast SEO plugin. -->","yoast_head_json":{"title":"Dobson 305\/1500 - Astronomy Tours","robots":{"index":"index","follow":"follow","max-snippet":"max-snippet:-1","max-image-preview":"max-image-preview:large","max-video-preview":"max-video-preview:-1"},"canonical":"https:\/\/www.astronomy.tours\/pl\/produkt\/dobson-305-1500\/","og_locale":"pl_PL","og_type":"article","og_title":"Dobson 305\/1500 - Astronomy Tours","og_description":"Zanurz Si\u0119 w G\u0142\u0119binach Wszech\u015bwiata z Teleskopem SkyWatcher Dobson Traditional 12\" Przygotuj si\u0119 na odkrywanie tajemnic kosmosu z Teleskopem SkyWatcher Dobson Traditional 12\", stworzonym dla entuzjast\u00f3w pragn\u0105cych obserwowa\u0107 galaktyki, mg\u0142awice i obiekty g\u0142\u0119bokiego nieba. Wszechstronny i \u0142atwo przeno\u015bny w samochodzie, ten teleskop Dobsona od SkyWatcher oferuje niezr\u00f3wnan\u0105 wydajno\u015b\u0107 i wygod\u0119.","og_url":"https:\/\/www.astronomy.tours\/pl\/produkt\/dobson-305-1500\/","og_site_name":"Astronomy Tours","article_publisher":"https:\/\/www.facebook.com\/astronomy.tours\/","article_modified_time":"2024-06-05T12:07:55+00:00","og_image":[{"width":1150,"height":1150,"url":"https:\/\/www.astronomy.tours\/wp-content\/uploads\/2024\/04\/SW0056-1.webp","type":"image\/webp"}],"twitter_card":"summary_large_image","twitter_misc":{"Szacowany czas czytania":"1 minuta"},"schema":{"@context":"https:\/\/schema.org","@graph":[{"@type":"WebPage","@id":"https:\/\/www.astronomy.tours\/pl\/produkt\/dobson-305-1500\/","url":"https:\/\/www.astronomy.tours\/pl\/produkt\/dobson-305-1500\/","name":"Dobson 305\/1500 - Astronomy Tours","isPartOf":{"@id":"https:\/\/www.astronomy.tours\/#website"},"primaryImageOfPage":{"@id":"https:\/\/www.astronomy.tours\/pl\/produkt\/dobson-305-1500\/#primaryimage"},"image":{"@id":"https:\/\/www.astronomy.tours\/pl\/produkt\/dobson-305-1500\/#primaryimage"},"thumbnailUrl":"https:\/\/www.astronomy.tours\/wp-content\/uploads\/2024\/04\/SW0056-1.webp","datePublished":"2024-04-09T11:57:51+00:00","dateModified":"2024-06-05T12:07:55+00:00","breadcrumb":{"@id":"https:\/\/www.astronomy.tours\/pl\/produkt\/dobson-305-1500\/#breadcrumb"},"inLanguage":"pl-PL","potentialAction":[{"@type":"ReadAction","target":["https:\/\/www.astronomy.tours\/pl\/produkt\/dobson-305-1500\/"]}]},{"@type":"ImageObject","inLanguage":"pl-PL","@id":"https:\/\/www.astronomy.tours\/pl\/produkt\/dobson-305-1500\/#primaryimage","url":"https:\/\/www.astronomy.tours\/wp-content\/uploads\/2024\/04\/SW0056-1.webp","contentUrl":"https:\/\/www.astronomy.tours\/wp-content\/uploads\/2024\/04\/SW0056-1.webp","width":1150,"height":1150},{"@type":"BreadcrumbList","@id":"https:\/\/www.astronomy.tours\/pl\/produkt\/dobson-305-1500\/#breadcrumb","itemListElement":[{"@type":"ListItem","position":1,"name":"Home","item":"https:\/\/www.astronomy.tours\/pl\/"},{"@type":"ListItem","position":2,"name":"Sklep","item":"https:\/\/www.astronomy.tours\/pl\/sklep\/"},{"@type":"ListItem","position":3,"name":"Dobson 305\/1500"}]},{"@type":"WebSite","@id":"https:\/\/www.astronomy.tours\/#website","url":"https:\/\/www.astronomy.tours\/","name":"Astronomy Tours","description":"Astronomical tours","publisher":{"@id":"https:\/\/www.astronomy.tours\/#organization"},"potentialAction":[{"@type":"SearchAction","target":{"@type":"EntryPoint","urlTemplate":"https:\/\/www.astronomy.tours\/?s={search_term_string}"},"query-input":{"@type":"PropertyValueSpecification","valueRequired":true,"valueName":"search_term_string"}}],"inLanguage":"pl-PL"},{"@type":"Organization","@id":"https:\/\/www.astronomy.tours\/#organization","name":"Astronomy Tours S.COOP","url":"https:\/\/www.astronomy.tours\/","logo":{"@type":"ImageObject","inLanguage":"pl-PL","@id":"https:\/\/www.astronomy.tours\/#\/schema\/logo\/image\/","url":"https:\/\/www.astronomy.tours\/wp-content\/uploads\/2026\/02\/logo-astronomy-tours-black-small.png","contentUrl":"https:\/\/www.astronomy.tours\/wp-content\/uploads\/2026\/02\/logo-astronomy-tours-black-small.png","width":2000,"height":740,"caption":"Astronomy Tours S.COOP"},"image":{"@id":"https:\/\/www.astronomy.tours\/#\/schema\/logo\/image\/"},"sameAs":["https:\/\/www.facebook.com\/astronomy.tours\/","https:\/\/www.instagram.com\/astronomytours\/?hl=en"]}]}},"brands":[{"id":228,"name":"SKYWATCHER","slug":"skywatcher-pl"}],"_links":{"self":[{"href":"https:\/\/www.astronomy.tours\/pl\/wp-json\/wp\/v2\/product\/1102","targetHints":{"allow":["GET"]}}],"collection":[{"href":"https:\/\/www.astronomy.tours\/pl\/wp-json\/wp\/v2\/product"}],"about":[{"href":"https:\/\/www.astronomy.tours\/pl\/wp-json\/wp\/v2\/types\/product"}],"replies":[{"embeddable":true,"href":"https:\/\/www.astronomy.tours\/pl\/wp-json\/wp\/v2\/comments?post=1102"}],"wp:featuredmedia":[{"embeddable":true,"href":"https:\/\/www.astronomy.tours\/pl\/wp-json\/wp\/v2\/media\/1536"}],"wp:attachment":[{"href":"https:\/\/www.astronomy.tours\/pl\/wp-json\/wp\/v2\/media?parent=1102"}],"wp:term":[{"taxonomy":"pwb-brand","embeddable":true,"href":"https:\/\/www.astronomy.tours\/pl\/wp-json\/wp\/v2\/pwb-brand?post=1102"},{"taxonomy":"product_brand","embeddable":true,"href":"https:\/\/www.astronomy.tours\/pl\/wp-json\/wp\/v2\/product_brand?post=1102"},{"taxonomy":"product_cat","embeddable":true,"href":"https:\/\/www.astronomy.tours\/pl\/wp-json\/wp\/v2\/product_cat?post=1102"},{"taxonomy":"product_tag","embeddable":true,"href":"https:\/\/www.astronomy.tours\/pl\/wp-json\/wp\/v2\/product_tag?post=1102"}],"curies":[{"name":"wp","href":"https:\/\/api.w.org\/{rel}","templated":true}]}}