{"id":1101,"date":"2024-04-09T14:04:12","date_gmt":"2024-04-09T12:04:12","guid":{"rendered":"https:\/\/astronomy-new.imoli.com.pl\/product\/dobson-203-1200-flex-tube\/"},"modified":"2024-06-05T14:11:28","modified_gmt":"2024-06-05T12:11:28","slug":"dobson-203-1200-flex-tube","status":"publish","type":"product","link":"https:\/\/www.astronomy.tours\/pl\/produkt\/dobson-203-1200-flex-tube\/","title":{"rendered":"Dobson 203\/1200 Flex tube"},"content":{"rendered":"<p class=\"p2\"><strong>Rewolucyjny Wz\u00f3r Dobsona z Wysuwanym Tubusem:<\/strong><\/p>\n<p class=\"p2\">Do\u015bwiadcz szczytu projektowania teleskop\u00f3w dzi\u0119ki serii Dobsona z wysuwanym tubusem SkyWatcher. W przeciwie\u0144stwie do tradycyjnych tubus\u00f3w w stylu Truss, te teleskopy mo\u017cna \u0142atwo z\u0142o\u017cy\u0107 na dwie kompaktowe cz\u0119\u015bci, co umo\u017cliwia bezproblemowe przechowywanie i transport. Zintegrowany wyci\u0105g Crayforda zapewnia precyzyjne i p\u0142ynne regulacje zar\u00f3wno dla obserwacji wizualnych, jak i astrofotografii.<\/p>\n<p class=\"p2\"><strong>P\u0142ynne Przej\u015bcie do Astrofotografii:<\/strong><\/p>\n<p class=\"p2\">Dzi\u0119ki du\u017cej aperturze i szybkiemu stosunkowi ogniskowej, teleskop SkyWatcher BK Retractable 8&#8243; jest doskonale przystosowany do astrofotografii. \u0141atwo uchwy\u0107 osza\u0142amiaj\u0105ce obrazy galaktyk, mg\u0142awic i obiekt\u00f3w g\u0142\u0119bokiego nieba, dzi\u0119ki imponuj\u0105cym mo\u017cliwo\u015bciom zbierania \u015bwiat\u0142a i doskona\u0142ej zdolno\u015bci rozdzielczej.<\/p>\n<p class=\"p2\"><strong>Zwi\u0119kszona Mobilno\u015b\u0107 do Eksploracji w Terenie:<\/strong><\/p>\n<p class=\"p2\">Niezale\u017cnie od tego, czy eksplorujesz odleg\u0142e miejsca o ciemnym niebie, czy ustawiasz si\u0119 w swoim ogrodzie, kompaktowy i lekki design tego teleskopu zapewnia, \u017ce nigdy nie przegapisz \u017cadnej chwili kosmicznego zachwytu. Wystarczy z\u0142o\u017cy\u0107 tubus na dwie cz\u0119\u015bci i jeste\u015b gotowy na kolejn\u0105 astronomiczn\u0105 przygod\u0119.<\/p>\n<p class=\"p2\"><strong>Szybka i \u0141atwa Kolimacja dla Optymalnej Wydajno\u015bci:<\/strong><\/p>\n<p class=\"p2\">Po z\u0142o\u017ceniu kolimacja teleskopu jest bardzo prosta, zapewniaj\u0105c optymaln\u0105 wydajno\u015b\u0107 zar\u00f3wno dla obserwacji wizualnych, jak i astrofotografii. Sp\u0119dzaj mniej czasu na wyr\u00f3wnywaniu optyki, a wi\u0119cej na eksplorowaniu kosmosu dzi\u0119ki \u0142atwemu w u\u017cyciu systemowi kolimacji SkyWatcher.<\/p>\n<p class=\"p2\"><strong>Specyfikacje Techniczne:<\/strong><\/p>\n<ul>\n<li class=\"p2\">Konstrukcja Optyczna: Reflektor Newtona<\/li>\n<li class=\"p2\">Apertura: 203mm<\/li>\n<li class=\"p2\">D\u0142ugo\u015b\u0107 Ogniskowej: 1200mm<\/li>\n<li class=\"p2\">Stosunek Ogniskowej: f\/6<\/li>\n<li class=\"p2\">Maksymalne Zalecane Powi\u0119kszenie: 406x<\/li>\n<li class=\"p2\">Graniczna Wielko\u015b\u0107 Gwiazdowa: 14.2<\/li>\n<li class=\"p2\">Zdolno\u015b\u0107 Rozdzielcza: 0.58 sekundy \u0142uku<\/li>\n<li class=\"p2\">Uchwyt na Okular: 2&#8243; (z adapterem 1.25&#8243;)<\/li>\n<li class=\"p2\">Wymiary Tubusu: 320 x (830mm-1110mm)<\/li>\n<li class=\"p2\">Waga Tubusu: 11kg<\/li>\n<li class=\"p2\">Wymiary Podstawy: 520x740mm (kszta\u0142t eliptyczny)<\/li>\n<li class=\"p2\">Waga Podstawy: 11.5kg<\/li>\n<li class=\"p2\">Okulary: SP10 i SP25 (mog\u0105 ulec zmianie)<\/li>\n<li class=\"p2\">Szukacz: 8&#215;50<\/li>\n<li class=\"p2\">Monta\u017c: Dobson Wysuwany 8\u201d<\/li>\n<\/ul>\n<p class=\"p2\"><strong>Uwolnij swoj\u0105 Kreatywno\u015b\u0107 z Teleskopem SkyWatcher BK Retractable 8&#8243;:<\/strong><\/p>\n<p class=\"p2\">Niezale\u017cnie od tego, czy uchwycasz osza\u0142amiaj\u0105ce obrazy odleg\u0142ych galaktyk, czy po prostu obserwujesz cuda nocnego nieba, teleskop SkyWatcher BK Retractable 8&#8243; jest Twoj\u0105 bram\u0105 do kosmosu. Do\u015bwiadcz dreszczyku eksploracji i odkrywania dzi\u0119ki temu wszechstronnemu i innowacyjnemu teleskopowi.<\/p>\n","protected":false},"excerpt":{"rendered":"<p class=\"p1\"><strong>Odkryj Kosmos z Teleskopem SkyWatcher BK Retractable 8&#8243;: Idealny do Eksploracji i Astrofotografii<\/strong><\/p>\n<p class=\"p1\">Rozpocznij podr\u00f3\u017c po niebie jak nigdy dot\u0105d z teleskopem SkyWatcher BK Retractable 8&#8243;. Ten innowacyjny teleskop \u0142\u0105czy \u0142atwo\u015b\u0107 obs\u0142ugi, wyj\u0105tkow\u0105 mobilno\u015b\u0107 i zaawansowane mo\u017cliwo\u015bci astrofotografii, czyni\u0105c go idealnym wyborem zar\u00f3wno dla obserwacji wizualnych, jak i entuzjast\u00f3w astrofotografii.<\/p>\n","protected":false},"featured_media":1539,"comment_status":"open","ping_status":"closed","template":"","meta":[],"pwb-brand":[228],"product_brand":[],"product_cat":[120,72],"product_tag":[],"class_list":{"0":"post-1101","1":"product","2":"type-product","3":"status-publish","4":"has-post-thumbnail","6":"pwb-brand-skywatcher-pl","7":"product_cat-teleskopy","8":"product_cat-sprzet","10":"first","11":"instock","12":"shipping-taxable","13":"purchasable","14":"product-type-simple"},"yoast_head":"<!-- This site is optimized with the Yoast SEO plugin v25.3 - https:\/\/yoast.com\/wordpress\/plugins\/seo\/ -->\n<title>Dobson 203\/1200 Flex tube - Astronomy Tours<\/title>\n<meta name=\"robots\" content=\"index, follow, max-snippet:-1, max-image-preview:large, max-video-preview:-1\" \/>\n<link rel=\"canonical\" href=\"https:\/\/www.astronomy.tours\/pl\/produkt\/dobson-203-1200-flex-tube\/\" \/>\n<meta property=\"og:locale\" content=\"pl_PL\" \/>\n<meta property=\"og:type\" content=\"article\" \/>\n<meta property=\"og:title\" content=\"Dobson 203\/1200 Flex tube - Astronomy Tours\" \/>\n<meta property=\"og:description\" content=\"Odkryj Kosmos z Teleskopem SkyWatcher BK Retractable 8&quot;: Idealny do Eksploracji i Astrofotografii Rozpocznij podr\u00f3\u017c po niebie jak nigdy dot\u0105d z teleskopem SkyWatcher BK Retractable 8&quot;. Ten innowacyjny teleskop \u0142\u0105czy \u0142atwo\u015b\u0107 obs\u0142ugi, wyj\u0105tkow\u0105 mobilno\u015b\u0107 i zaawansowane mo\u017cliwo\u015bci astrofotografii, czyni\u0105c go idealnym wyborem zar\u00f3wno dla obserwacji wizualnych, jak i entuzjast\u00f3w astrofotografii.\" \/>\n<meta property=\"og:url\" content=\"https:\/\/www.astronomy.tours\/pl\/produkt\/dobson-203-1200-flex-tube\/\" \/>\n<meta property=\"og:site_name\" content=\"Astronomy Tours\" \/>\n<meta property=\"article:publisher\" content=\"https:\/\/www.facebook.com\/astronomy.tours\/\" \/>\n<meta property=\"article:modified_time\" content=\"2024-06-05T12:11:28+00:00\" \/>\n<meta property=\"og:image\" content=\"https:\/\/www.astronomy.tours\/wp-content\/uploads\/2024\/04\/SW0058-1jpg-1.webp\" \/>\n\t<meta property=\"og:image:width\" content=\"767\" \/>\n\t<meta property=\"og:image:height\" content=\"1150\" \/>\n\t<meta property=\"og:image:type\" content=\"image\/webp\" \/>\n<meta name=\"twitter:card\" content=\"summary_large_image\" \/>\n<meta name=\"twitter:label1\" content=\"Szacowany czas czytania\" \/>\n\t<meta name=\"twitter:data1\" content=\"2 minuty\" \/>\n<script type=\"application\/ld+json\" class=\"yoast-schema-graph\">{\"@context\":\"https:\/\/schema.org\",\"@graph\":[{\"@type\":\"WebPage\",\"@id\":\"https:\/\/www.astronomy.tours\/pl\/produkt\/dobson-203-1200-flex-tube\/\",\"url\":\"https:\/\/www.astronomy.tours\/pl\/produkt\/dobson-203-1200-flex-tube\/\",\"name\":\"Dobson 203\/1200 Flex tube - Astronomy Tours\",\"isPartOf\":{\"@id\":\"https:\/\/www.astronomy.tours\/#website\"},\"primaryImageOfPage\":{\"@id\":\"https:\/\/www.astronomy.tours\/pl\/produkt\/dobson-203-1200-flex-tube\/#primaryimage\"},\"image\":{\"@id\":\"https:\/\/www.astronomy.tours\/pl\/produkt\/dobson-203-1200-flex-tube\/#primaryimage\"},\"thumbnailUrl\":\"https:\/\/www.astronomy.tours\/wp-content\/uploads\/2024\/04\/SW0058-1jpg-1.webp\",\"datePublished\":\"2024-04-09T12:04:12+00:00\",\"dateModified\":\"2024-06-05T12:11:28+00:00\",\"breadcrumb\":{\"@id\":\"https:\/\/www.astronomy.tours\/pl\/produkt\/dobson-203-1200-flex-tube\/#breadcrumb\"},\"inLanguage\":\"pl-PL\",\"potentialAction\":[{\"@type\":\"ReadAction\",\"target\":[\"https:\/\/www.astronomy.tours\/pl\/produkt\/dobson-203-1200-flex-tube\/\"]}]},{\"@type\":\"ImageObject\",\"inLanguage\":\"pl-PL\",\"@id\":\"https:\/\/www.astronomy.tours\/pl\/produkt\/dobson-203-1200-flex-tube\/#primaryimage\",\"url\":\"https:\/\/www.astronomy.tours\/wp-content\/uploads\/2024\/04\/SW0058-1jpg-1.webp\",\"contentUrl\":\"https:\/\/www.astronomy.tours\/wp-content\/uploads\/2024\/04\/SW0058-1jpg-1.webp\",\"width\":767,\"height\":1150},{\"@type\":\"BreadcrumbList\",\"@id\":\"https:\/\/www.astronomy.tours\/pl\/produkt\/dobson-203-1200-flex-tube\/#breadcrumb\",\"itemListElement\":[{\"@type\":\"ListItem\",\"position\":1,\"name\":\"Home\",\"item\":\"https:\/\/www.astronomy.tours\/pl\/\"},{\"@type\":\"ListItem\",\"position\":2,\"name\":\"Sklep\",\"item\":\"https:\/\/www.astronomy.tours\/pl\/sklep\/\"},{\"@type\":\"ListItem\",\"position\":3,\"name\":\"Dobson 203\/1200 Flex tube\"}]},{\"@type\":\"WebSite\",\"@id\":\"https:\/\/www.astronomy.tours\/#website\",\"url\":\"https:\/\/www.astronomy.tours\/\",\"name\":\"Astronomy Tours\",\"description\":\"Astronomical tours\",\"publisher\":{\"@id\":\"https:\/\/www.astronomy.tours\/#organization\"},\"potentialAction\":[{\"@type\":\"SearchAction\",\"target\":{\"@type\":\"EntryPoint\",\"urlTemplate\":\"https:\/\/www.astronomy.tours\/?s={search_term_string}\"},\"query-input\":{\"@type\":\"PropertyValueSpecification\",\"valueRequired\":true,\"valueName\":\"search_term_string\"}}],\"inLanguage\":\"pl-PL\"},{\"@type\":\"Organization\",\"@id\":\"https:\/\/www.astronomy.tours\/#organization\",\"name\":\"Astronomy Tours S.COOP\",\"url\":\"https:\/\/www.astronomy.tours\/\",\"logo\":{\"@type\":\"ImageObject\",\"inLanguage\":\"pl-PL\",\"@id\":\"https:\/\/www.astronomy.tours\/#\/schema\/logo\/image\/\",\"url\":\"https:\/\/www.astronomy.tours\/wp-content\/uploads\/2026\/02\/logo-astronomy-tours-black-small.png\",\"contentUrl\":\"https:\/\/www.astronomy.tours\/wp-content\/uploads\/2026\/02\/logo-astronomy-tours-black-small.png\",\"width\":2000,\"height\":740,\"caption\":\"Astronomy Tours S.COOP\"},\"image\":{\"@id\":\"https:\/\/www.astronomy.tours\/#\/schema\/logo\/image\/\"},\"sameAs\":[\"https:\/\/www.facebook.com\/astronomy.tours\/\",\"https:\/\/www.instagram.com\/astronomytours\/?hl=en\"]}]}<\/script>\n<!-- \/ Yoast SEO plugin. -->","yoast_head_json":{"title":"Dobson 203\/1200 Flex tube - Astronomy Tours","robots":{"index":"index","follow":"follow","max-snippet":"max-snippet:-1","max-image-preview":"max-image-preview:large","max-video-preview":"max-video-preview:-1"},"canonical":"https:\/\/www.astronomy.tours\/pl\/produkt\/dobson-203-1200-flex-tube\/","og_locale":"pl_PL","og_type":"article","og_title":"Dobson 203\/1200 Flex tube - Astronomy Tours","og_description":"Odkryj Kosmos z Teleskopem SkyWatcher BK Retractable 8\": Idealny do Eksploracji i Astrofotografii Rozpocznij podr\u00f3\u017c po niebie jak nigdy dot\u0105d z teleskopem SkyWatcher BK Retractable 8\". Ten innowacyjny teleskop \u0142\u0105czy \u0142atwo\u015b\u0107 obs\u0142ugi, wyj\u0105tkow\u0105 mobilno\u015b\u0107 i zaawansowane mo\u017cliwo\u015bci astrofotografii, czyni\u0105c go idealnym wyborem zar\u00f3wno dla obserwacji wizualnych, jak i entuzjast\u00f3w astrofotografii.","og_url":"https:\/\/www.astronomy.tours\/pl\/produkt\/dobson-203-1200-flex-tube\/","og_site_name":"Astronomy Tours","article_publisher":"https:\/\/www.facebook.com\/astronomy.tours\/","article_modified_time":"2024-06-05T12:11:28+00:00","og_image":[{"width":767,"height":1150,"url":"https:\/\/www.astronomy.tours\/wp-content\/uploads\/2024\/04\/SW0058-1jpg-1.webp","type":"image\/webp"}],"twitter_card":"summary_large_image","twitter_misc":{"Szacowany czas czytania":"2 minuty"},"schema":{"@context":"https:\/\/schema.org","@graph":[{"@type":"WebPage","@id":"https:\/\/www.astronomy.tours\/pl\/produkt\/dobson-203-1200-flex-tube\/","url":"https:\/\/www.astronomy.tours\/pl\/produkt\/dobson-203-1200-flex-tube\/","name":"Dobson 203\/1200 Flex tube - Astronomy Tours","isPartOf":{"@id":"https:\/\/www.astronomy.tours\/#website"},"primaryImageOfPage":{"@id":"https:\/\/www.astronomy.tours\/pl\/produkt\/dobson-203-1200-flex-tube\/#primaryimage"},"image":{"@id":"https:\/\/www.astronomy.tours\/pl\/produkt\/dobson-203-1200-flex-tube\/#primaryimage"},"thumbnailUrl":"https:\/\/www.astronomy.tours\/wp-content\/uploads\/2024\/04\/SW0058-1jpg-1.webp","datePublished":"2024-04-09T12:04:12+00:00","dateModified":"2024-06-05T12:11:28+00:00","breadcrumb":{"@id":"https:\/\/www.astronomy.tours\/pl\/produkt\/dobson-203-1200-flex-tube\/#breadcrumb"},"inLanguage":"pl-PL","potentialAction":[{"@type":"ReadAction","target":["https:\/\/www.astronomy.tours\/pl\/produkt\/dobson-203-1200-flex-tube\/"]}]},{"@type":"ImageObject","inLanguage":"pl-PL","@id":"https:\/\/www.astronomy.tours\/pl\/produkt\/dobson-203-1200-flex-tube\/#primaryimage","url":"https:\/\/www.astronomy.tours\/wp-content\/uploads\/2024\/04\/SW0058-1jpg-1.webp","contentUrl":"https:\/\/www.astronomy.tours\/wp-content\/uploads\/2024\/04\/SW0058-1jpg-1.webp","width":767,"height":1150},{"@type":"BreadcrumbList","@id":"https:\/\/www.astronomy.tours\/pl\/produkt\/dobson-203-1200-flex-tube\/#breadcrumb","itemListElement":[{"@type":"ListItem","position":1,"name":"Home","item":"https:\/\/www.astronomy.tours\/pl\/"},{"@type":"ListItem","position":2,"name":"Sklep","item":"https:\/\/www.astronomy.tours\/pl\/sklep\/"},{"@type":"ListItem","position":3,"name":"Dobson 203\/1200 Flex tube"}]},{"@type":"WebSite","@id":"https:\/\/www.astronomy.tours\/#website","url":"https:\/\/www.astronomy.tours\/","name":"Astronomy Tours","description":"Astronomical tours","publisher":{"@id":"https:\/\/www.astronomy.tours\/#organization"},"potentialAction":[{"@type":"SearchAction","target":{"@type":"EntryPoint","urlTemplate":"https:\/\/www.astronomy.tours\/?s={search_term_string}"},"query-input":{"@type":"PropertyValueSpecification","valueRequired":true,"valueName":"search_term_string"}}],"inLanguage":"pl-PL"},{"@type":"Organization","@id":"https:\/\/www.astronomy.tours\/#organization","name":"Astronomy Tours S.COOP","url":"https:\/\/www.astronomy.tours\/","logo":{"@type":"ImageObject","inLanguage":"pl-PL","@id":"https:\/\/www.astronomy.tours\/#\/schema\/logo\/image\/","url":"https:\/\/www.astronomy.tours\/wp-content\/uploads\/2026\/02\/logo-astronomy-tours-black-small.png","contentUrl":"https:\/\/www.astronomy.tours\/wp-content\/uploads\/2026\/02\/logo-astronomy-tours-black-small.png","width":2000,"height":740,"caption":"Astronomy Tours S.COOP"},"image":{"@id":"https:\/\/www.astronomy.tours\/#\/schema\/logo\/image\/"},"sameAs":["https:\/\/www.facebook.com\/astronomy.tours\/","https:\/\/www.instagram.com\/astronomytours\/?hl=en"]}]}},"brands":[{"id":228,"name":"SKYWATCHER","slug":"skywatcher-pl"}],"_links":{"self":[{"href":"https:\/\/www.astronomy.tours\/pl\/wp-json\/wp\/v2\/product\/1101","targetHints":{"allow":["GET"]}}],"collection":[{"href":"https:\/\/www.astronomy.tours\/pl\/wp-json\/wp\/v2\/product"}],"about":[{"href":"https:\/\/www.astronomy.tours\/pl\/wp-json\/wp\/v2\/types\/product"}],"replies":[{"embeddable":true,"href":"https:\/\/www.astronomy.tours\/pl\/wp-json\/wp\/v2\/comments?post=1101"}],"wp:featuredmedia":[{"embeddable":true,"href":"https:\/\/www.astronomy.tours\/pl\/wp-json\/wp\/v2\/media\/1539"}],"wp:attachment":[{"href":"https:\/\/www.astronomy.tours\/pl\/wp-json\/wp\/v2\/media?parent=1101"}],"wp:term":[{"taxonomy":"pwb-brand","embeddable":true,"href":"https:\/\/www.astronomy.tours\/pl\/wp-json\/wp\/v2\/pwb-brand?post=1101"},{"taxonomy":"product_brand","embeddable":true,"href":"https:\/\/www.astronomy.tours\/pl\/wp-json\/wp\/v2\/product_brand?post=1101"},{"taxonomy":"product_cat","embeddable":true,"href":"https:\/\/www.astronomy.tours\/pl\/wp-json\/wp\/v2\/product_cat?post=1101"},{"taxonomy":"product_tag","embeddable":true,"href":"https:\/\/www.astronomy.tours\/pl\/wp-json\/wp\/v2\/product_tag?post=1101"}],"curies":[{"name":"wp","href":"https:\/\/api.w.org\/{rel}","templated":true}]}}