{"id":1100,"date":"2024-04-09T14:07:30","date_gmt":"2024-04-09T12:07:30","guid":{"rendered":"https:\/\/astronomy-new.imoli.com.pl\/product\/dobson-254-1200-flex-tube\/"},"modified":"2024-06-05T14:14:22","modified_gmt":"2024-06-05T12:14:22","slug":"dobson-254-1200-flex-tube","status":"publish","type":"product","link":"https:\/\/www.astronomy.tours\/pl\/produkt\/dobson-254-1200-flex-tube\/","title":{"rendered":"Dobson 254\/1200 Flex tube"},"content":{"rendered":"<p class=\"p1\"><strong>Rewolucyjny Wz\u00f3r Dobsona z Wysuwanym Tubusem:<\/strong><\/p>\n<p class=\"p1\">Do\u015bwiadcz najnowszej innowacji SkyWatcher z seri\u0105 Dobson BK Retrakcyjn\u0105. Te teleskopy integruj\u0105 standardowy wyci\u0105g Crayforda, zapewniaj\u0105c wyj\u0105tkow\u0105 wydajno\u015b\u0107, mobilno\u015b\u0107 i du\u017c\u0105 apertur\u0119. W przeciwie\u0144stwie do tradycyjnych tubus\u00f3w w stylu Truss, Dobsoniany SkyWatcher z wysuwanym tubusem mo\u017cna z\u0142o\u017cy\u0107 na dwie kompaktowe cz\u0119\u015bci, co umo\u017cliwia bezproblemowe przechowywanie i transport.<\/p>\n<p class=\"p1\"><strong>Bezproblemowy Monta\u017c i Kolimacja:<\/strong><\/p>\n<p class=\"p1\">Zapomnij o uci\u0105\u017cliwym monta\u017cu \u2013 z teleskopem SkyWatcher Dobson BK Retrakcyjnym 10&#8243; monta\u017c jest bardzo prosty. Wystarczy roz\u0142o\u017cy\u0107 dwie kompaktowe cz\u0119\u015bci i jeste\u015b gotowy do obserwacji. Kolimacja teleskopu jest r\u00f3wnie prosta, co zapewnia optymaln\u0105 wydajno\u015b\u0107 podczas sesji obserwacyjnej.<\/p>\n<p class=\"p1\"><strong>Specyfikacje Techniczne:<\/strong><\/p>\n<ul>\n<li class=\"p1\">Konstrukcja Optyczna: Reflektor Newtona<\/li>\n<li class=\"p1\">Apertura: 254mm<\/li>\n<li class=\"p1\">D\u0142ugo\u015b\u0107 Ogniskowej: 1200mm<\/li>\n<li class=\"p1\">Stosunek Ogniskowej: f\/4.7<\/li>\n<li class=\"p1\">Maksymalne Zalecane Powi\u0119kszenie: 508x<\/li>\n<li class=\"p1\">Graniczna Wielko\u015b\u0107 Gwiazdowa: 14.7<\/li>\n<li class=\"p1\">Zdolno\u015b\u0107 Rozdzielcza: 0.45 sekundy \u0142uku<\/li>\n<li class=\"p1\">Uchwyt na Okular: 2&#8243; (z adapterem 1.25&#8243;)<\/li>\n<li class=\"p1\">Wymiary Tubusu: 380 x (800mm-1120mm)<\/li>\n<li class=\"p1\">Waga Tubusu: 15kg<\/li>\n<li class=\"p1\">Wymiary Podstawy: 520x740mm (kszta\u0142t eliptyczny)<\/li>\n<li class=\"p1\">Waga Podstawy: 12.5kg<\/li>\n<li class=\"p1\">Okulary: SP10 i SP25 (mog\u0105 ulec zmianie)<\/li>\n<li class=\"p1\">Szukacz: 9&#215;50 prosty<\/li>\n<li class=\"p1\">Monta\u017c: Dobson Retrakcyjny 12\u201d<\/li>\n<\/ul>\n<p class=\"p1\"><strong>Odkryj Potencja\u0142 Astrofotografii:<\/strong><\/p>\n<p class=\"p1\">Dzi\u0119ki szybkiej stosunkowi ogniskowej i du\u017cej aperturze, teleskop SkyWatcher Dobson BK Retrakcyjny 10&#8243; jest idealny dla entuzjast\u00f3w astrofotografii. \u0141atwo uchwy\u0107 osza\u0142amiaj\u0105ce obrazy galaktyk, mg\u0142awic i obiekt\u00f3w g\u0142\u0119bokiego nieba, dzi\u0119ki imponuj\u0105cym mo\u017cliwo\u015bciom zbierania \u015bwiat\u0142a i wysokiej zdolno\u015bci rozdzielczej.<\/p>\n<p class=\"p1\"><strong>Zanurz si\u0119 w Kosmosie:<\/strong><\/p>\n<p class=\"p1\">Niezale\u017cnie od tego, czy obserwujesz odleg\u0142e galaktyki, czy robisz zapieraj\u0105ce dech w piersiach zdj\u0119cia kosmicznych cud\u00f3w, teleskop SkyWatcher Dobson BK Retrakcyjny 10&#8243; oferuje niezr\u00f3wnane wra\u017cenia z obserwacji. Eksploruj tajemnice wszech\u015bwiata z pewno\u015bci\u0105 i \u0142atwo\u015bci\u0105, i pozw\u00f3l, aby kosmos ujawni\u0142 swoje sekrety w osza\u0142amiaj\u0105cych detalach.<\/p>\n","protected":false},"excerpt":{"rendered":"<p class=\"p1\"><strong>Odkryj Kosmos z Teleskopem Retrakcyjnym SkyWatcher Dobson BK 10&#8243;<\/strong><\/p>\n<p class=\"p1\">Przedstawiamy teleskop SkyWatcher Dobson BK Retrakcyjny 10&#8243;, Twoj\u0105 przepustk\u0119 do niepowtarzalnej eksploracji astronomicznej. Dzi\u0119ki idealnej \u015brednicy optycznej dla maksymalnego zbierania \u015bwiat\u0142a i renomowanej jako\u015bci teleskop\u00f3w SkyWatcher, ten instrument zosta\u0142 zaprojektowany, aby wynie\u015b\u0107 Twoje obserwacje g\u0142\u0119bokiego nieba na nowy poziom.<\/p>\n","protected":false},"featured_media":1548,"comment_status":"open","ping_status":"closed","template":"","meta":[],"pwb-brand":[228],"product_brand":[],"product_cat":[120,72],"product_tag":[],"class_list":{"0":"post-1100","1":"product","2":"type-product","3":"status-publish","4":"has-post-thumbnail","6":"pwb-brand-skywatcher-pl","7":"product_cat-teleskopy","8":"product_cat-sprzet","10":"first","11":"instock","12":"shipping-taxable","13":"purchasable","14":"product-type-simple"},"yoast_head":"<!-- This site is optimized with the Yoast SEO plugin v25.3 - https:\/\/yoast.com\/wordpress\/plugins\/seo\/ -->\n<title>Dobson 254\/1200 Flex tube - Astronomy Tours<\/title>\n<meta name=\"robots\" content=\"index, follow, max-snippet:-1, max-image-preview:large, max-video-preview:-1\" \/>\n<link rel=\"canonical\" href=\"https:\/\/www.astronomy.tours\/produkt\/dobson-254-1200-flex-tube\/\" \/>\n<meta property=\"og:locale\" content=\"pl_PL\" \/>\n<meta property=\"og:type\" content=\"article\" \/>\n<meta property=\"og:title\" content=\"Dobson 254\/1200 Flex tube - Astronomy Tours\" \/>\n<meta property=\"og:description\" content=\"Odkryj Kosmos z Teleskopem Retrakcyjnym SkyWatcher Dobson BK 10&quot; Przedstawiamy teleskop SkyWatcher Dobson BK Retrakcyjny 10&quot;, Twoj\u0105 przepustk\u0119 do niepowtarzalnej eksploracji astronomicznej. Dzi\u0119ki idealnej \u015brednicy optycznej dla maksymalnego zbierania \u015bwiat\u0142a i renomowanej jako\u015bci teleskop\u00f3w SkyWatcher, ten instrument zosta\u0142 zaprojektowany, aby wynie\u015b\u0107 Twoje obserwacje g\u0142\u0119bokiego nieba na nowy poziom.\" \/>\n<meta property=\"og:url\" content=\"https:\/\/www.astronomy.tours\/produkt\/dobson-254-1200-flex-tube\/\" \/>\n<meta property=\"og:site_name\" content=\"Astronomy Tours\" \/>\n<meta property=\"article:publisher\" content=\"https:\/\/www.facebook.com\/astronomy.tours\/\" \/>\n<meta property=\"article:modified_time\" content=\"2024-06-05T12:14:22+00:00\" \/>\n<meta property=\"og:image\" content=\"https:\/\/www.astronomy.tours\/wp-content\/uploads\/2024\/04\/SW0059-1.webp\" \/>\n\t<meta property=\"og:image:width\" content=\"1006\" \/>\n\t<meta property=\"og:image:height\" content=\"1150\" \/>\n\t<meta property=\"og:image:type\" content=\"image\/webp\" \/>\n<meta name=\"twitter:card\" content=\"summary_large_image\" \/>\n<meta name=\"twitter:label1\" content=\"Szacowany czas czytania\" \/>\n\t<meta name=\"twitter:data1\" content=\"1 minuta\" \/>\n<script type=\"application\/ld+json\" class=\"yoast-schema-graph\">{\"@context\":\"https:\/\/schema.org\",\"@graph\":[{\"@type\":\"WebPage\",\"@id\":\"https:\/\/www.astronomy.tours\/produkt\/dobson-254-1200-flex-tube\/\",\"url\":\"https:\/\/www.astronomy.tours\/produkt\/dobson-254-1200-flex-tube\/\",\"name\":\"Dobson 254\/1200 Flex tube - Astronomy Tours\",\"isPartOf\":{\"@id\":\"https:\/\/www.astronomy.tours\/#website\"},\"primaryImageOfPage\":{\"@id\":\"https:\/\/www.astronomy.tours\/produkt\/dobson-254-1200-flex-tube\/#primaryimage\"},\"image\":{\"@id\":\"https:\/\/www.astronomy.tours\/produkt\/dobson-254-1200-flex-tube\/#primaryimage\"},\"thumbnailUrl\":\"https:\/\/www.astronomy.tours\/wp-content\/uploads\/2024\/04\/SW0059-1.webp\",\"datePublished\":\"2024-04-09T12:07:30+00:00\",\"dateModified\":\"2024-06-05T12:14:22+00:00\",\"breadcrumb\":{\"@id\":\"https:\/\/www.astronomy.tours\/produkt\/dobson-254-1200-flex-tube\/#breadcrumb\"},\"inLanguage\":\"pl-PL\",\"potentialAction\":[{\"@type\":\"ReadAction\",\"target\":[\"https:\/\/www.astronomy.tours\/produkt\/dobson-254-1200-flex-tube\/\"]}]},{\"@type\":\"ImageObject\",\"inLanguage\":\"pl-PL\",\"@id\":\"https:\/\/www.astronomy.tours\/produkt\/dobson-254-1200-flex-tube\/#primaryimage\",\"url\":\"https:\/\/www.astronomy.tours\/wp-content\/uploads\/2024\/04\/SW0059-1.webp\",\"contentUrl\":\"https:\/\/www.astronomy.tours\/wp-content\/uploads\/2024\/04\/SW0059-1.webp\",\"width\":1006,\"height\":1150},{\"@type\":\"BreadcrumbList\",\"@id\":\"https:\/\/www.astronomy.tours\/produkt\/dobson-254-1200-flex-tube\/#breadcrumb\",\"itemListElement\":[{\"@type\":\"ListItem\",\"position\":1,\"name\":\"Home\",\"item\":\"https:\/\/www.astronomy.tours\/pl\/\"},{\"@type\":\"ListItem\",\"position\":2,\"name\":\"Sklep\",\"item\":\"https:\/\/www.astronomy.tours\/pl\/sklep\/\"},{\"@type\":\"ListItem\",\"position\":3,\"name\":\"Dobson 254\/1200 Flex tube\"}]},{\"@type\":\"WebSite\",\"@id\":\"https:\/\/www.astronomy.tours\/#website\",\"url\":\"https:\/\/www.astronomy.tours\/\",\"name\":\"Astronomy Tours\",\"description\":\"Astronomical tours\",\"publisher\":{\"@id\":\"https:\/\/www.astronomy.tours\/#organization\"},\"potentialAction\":[{\"@type\":\"SearchAction\",\"target\":{\"@type\":\"EntryPoint\",\"urlTemplate\":\"https:\/\/www.astronomy.tours\/?s={search_term_string}\"},\"query-input\":{\"@type\":\"PropertyValueSpecification\",\"valueRequired\":true,\"valueName\":\"search_term_string\"}}],\"inLanguage\":\"pl-PL\"},{\"@type\":\"Organization\",\"@id\":\"https:\/\/www.astronomy.tours\/#organization\",\"name\":\"Astronomy Tours S.COOP\",\"url\":\"https:\/\/www.astronomy.tours\/\",\"logo\":{\"@type\":\"ImageObject\",\"inLanguage\":\"pl-PL\",\"@id\":\"https:\/\/www.astronomy.tours\/#\/schema\/logo\/image\/\",\"url\":\"https:\/\/www.astronomy.tours\/wp-content\/uploads\/2026\/02\/logo-astronomy-tours-black-small.png\",\"contentUrl\":\"https:\/\/www.astronomy.tours\/wp-content\/uploads\/2026\/02\/logo-astronomy-tours-black-small.png\",\"width\":2000,\"height\":740,\"caption\":\"Astronomy Tours S.COOP\"},\"image\":{\"@id\":\"https:\/\/www.astronomy.tours\/#\/schema\/logo\/image\/\"},\"sameAs\":[\"https:\/\/www.facebook.com\/astronomy.tours\/\",\"https:\/\/www.instagram.com\/astronomytours\/?hl=en\"]}]}<\/script>\n<!-- \/ Yoast SEO plugin. -->","yoast_head_json":{"title":"Dobson 254\/1200 Flex tube - Astronomy Tours","robots":{"index":"index","follow":"follow","max-snippet":"max-snippet:-1","max-image-preview":"max-image-preview:large","max-video-preview":"max-video-preview:-1"},"canonical":"https:\/\/www.astronomy.tours\/produkt\/dobson-254-1200-flex-tube\/","og_locale":"pl_PL","og_type":"article","og_title":"Dobson 254\/1200 Flex tube - Astronomy Tours","og_description":"Odkryj Kosmos z Teleskopem Retrakcyjnym SkyWatcher Dobson BK 10\" Przedstawiamy teleskop SkyWatcher Dobson BK Retrakcyjny 10\", Twoj\u0105 przepustk\u0119 do niepowtarzalnej eksploracji astronomicznej. Dzi\u0119ki idealnej \u015brednicy optycznej dla maksymalnego zbierania \u015bwiat\u0142a i renomowanej jako\u015bci teleskop\u00f3w SkyWatcher, ten instrument zosta\u0142 zaprojektowany, aby wynie\u015b\u0107 Twoje obserwacje g\u0142\u0119bokiego nieba na nowy poziom.","og_url":"https:\/\/www.astronomy.tours\/produkt\/dobson-254-1200-flex-tube\/","og_site_name":"Astronomy Tours","article_publisher":"https:\/\/www.facebook.com\/astronomy.tours\/","article_modified_time":"2024-06-05T12:14:22+00:00","og_image":[{"width":1006,"height":1150,"url":"https:\/\/www.astronomy.tours\/wp-content\/uploads\/2024\/04\/SW0059-1.webp","type":"image\/webp"}],"twitter_card":"summary_large_image","twitter_misc":{"Szacowany czas czytania":"1 minuta"},"schema":{"@context":"https:\/\/schema.org","@graph":[{"@type":"WebPage","@id":"https:\/\/www.astronomy.tours\/produkt\/dobson-254-1200-flex-tube\/","url":"https:\/\/www.astronomy.tours\/produkt\/dobson-254-1200-flex-tube\/","name":"Dobson 254\/1200 Flex tube - Astronomy Tours","isPartOf":{"@id":"https:\/\/www.astronomy.tours\/#website"},"primaryImageOfPage":{"@id":"https:\/\/www.astronomy.tours\/produkt\/dobson-254-1200-flex-tube\/#primaryimage"},"image":{"@id":"https:\/\/www.astronomy.tours\/produkt\/dobson-254-1200-flex-tube\/#primaryimage"},"thumbnailUrl":"https:\/\/www.astronomy.tours\/wp-content\/uploads\/2024\/04\/SW0059-1.webp","datePublished":"2024-04-09T12:07:30+00:00","dateModified":"2024-06-05T12:14:22+00:00","breadcrumb":{"@id":"https:\/\/www.astronomy.tours\/produkt\/dobson-254-1200-flex-tube\/#breadcrumb"},"inLanguage":"pl-PL","potentialAction":[{"@type":"ReadAction","target":["https:\/\/www.astronomy.tours\/produkt\/dobson-254-1200-flex-tube\/"]}]},{"@type":"ImageObject","inLanguage":"pl-PL","@id":"https:\/\/www.astronomy.tours\/produkt\/dobson-254-1200-flex-tube\/#primaryimage","url":"https:\/\/www.astronomy.tours\/wp-content\/uploads\/2024\/04\/SW0059-1.webp","contentUrl":"https:\/\/www.astronomy.tours\/wp-content\/uploads\/2024\/04\/SW0059-1.webp","width":1006,"height":1150},{"@type":"BreadcrumbList","@id":"https:\/\/www.astronomy.tours\/produkt\/dobson-254-1200-flex-tube\/#breadcrumb","itemListElement":[{"@type":"ListItem","position":1,"name":"Home","item":"https:\/\/www.astronomy.tours\/pl\/"},{"@type":"ListItem","position":2,"name":"Sklep","item":"https:\/\/www.astronomy.tours\/pl\/sklep\/"},{"@type":"ListItem","position":3,"name":"Dobson 254\/1200 Flex tube"}]},{"@type":"WebSite","@id":"https:\/\/www.astronomy.tours\/#website","url":"https:\/\/www.astronomy.tours\/","name":"Astronomy Tours","description":"Astronomical tours","publisher":{"@id":"https:\/\/www.astronomy.tours\/#organization"},"potentialAction":[{"@type":"SearchAction","target":{"@type":"EntryPoint","urlTemplate":"https:\/\/www.astronomy.tours\/?s={search_term_string}"},"query-input":{"@type":"PropertyValueSpecification","valueRequired":true,"valueName":"search_term_string"}}],"inLanguage":"pl-PL"},{"@type":"Organization","@id":"https:\/\/www.astronomy.tours\/#organization","name":"Astronomy Tours S.COOP","url":"https:\/\/www.astronomy.tours\/","logo":{"@type":"ImageObject","inLanguage":"pl-PL","@id":"https:\/\/www.astronomy.tours\/#\/schema\/logo\/image\/","url":"https:\/\/www.astronomy.tours\/wp-content\/uploads\/2026\/02\/logo-astronomy-tours-black-small.png","contentUrl":"https:\/\/www.astronomy.tours\/wp-content\/uploads\/2026\/02\/logo-astronomy-tours-black-small.png","width":2000,"height":740,"caption":"Astronomy Tours S.COOP"},"image":{"@id":"https:\/\/www.astronomy.tours\/#\/schema\/logo\/image\/"},"sameAs":["https:\/\/www.facebook.com\/astronomy.tours\/","https:\/\/www.instagram.com\/astronomytours\/?hl=en"]}]}},"brands":[{"id":228,"name":"SKYWATCHER","slug":"skywatcher-pl"}],"_links":{"self":[{"href":"https:\/\/www.astronomy.tours\/pl\/wp-json\/wp\/v2\/product\/1100","targetHints":{"allow":["GET"]}}],"collection":[{"href":"https:\/\/www.astronomy.tours\/pl\/wp-json\/wp\/v2\/product"}],"about":[{"href":"https:\/\/www.astronomy.tours\/pl\/wp-json\/wp\/v2\/types\/product"}],"replies":[{"embeddable":true,"href":"https:\/\/www.astronomy.tours\/pl\/wp-json\/wp\/v2\/comments?post=1100"}],"wp:featuredmedia":[{"embeddable":true,"href":"https:\/\/www.astronomy.tours\/pl\/wp-json\/wp\/v2\/media\/1548"}],"wp:attachment":[{"href":"https:\/\/www.astronomy.tours\/pl\/wp-json\/wp\/v2\/media?parent=1100"}],"wp:term":[{"taxonomy":"pwb-brand","embeddable":true,"href":"https:\/\/www.astronomy.tours\/pl\/wp-json\/wp\/v2\/pwb-brand?post=1100"},{"taxonomy":"product_brand","embeddable":true,"href":"https:\/\/www.astronomy.tours\/pl\/wp-json\/wp\/v2\/product_brand?post=1100"},{"taxonomy":"product_cat","embeddable":true,"href":"https:\/\/www.astronomy.tours\/pl\/wp-json\/wp\/v2\/product_cat?post=1100"},{"taxonomy":"product_tag","embeddable":true,"href":"https:\/\/www.astronomy.tours\/pl\/wp-json\/wp\/v2\/product_tag?post=1100"}],"curies":[{"name":"wp","href":"https:\/\/api.w.org\/{rel}","templated":true}]}}