{"id":1093,"date":"2024-04-09T14:41:16","date_gmt":"2024-04-09T12:41:16","guid":{"rendered":"https:\/\/astronomy-new.imoli.com.pl\/product\/dobson-355-1600-flex-tube-go-to-wifi\/"},"modified":"2024-06-06T08:11:14","modified_gmt":"2024-06-06T06:11:14","slug":"dobson-355-1600-flex-tube-go-to-wifi","status":"publish","type":"product","link":"https:\/\/www.astronomy.tours\/pl\/produkt\/dobson-355-1600-flex-tube-go-to-wifi\/","title":{"rendered":"Dobson 355\/1600 Flex Tube Go-To Wifi"},"content":{"rendered":"<p class=\"p1\"><strong>Odkrywanie Tajemnic Teleskop\u00f3w Dobsona:<\/strong><\/p>\n<p class=\"p1\">Teleskop Dobsona, upowszechniony przez Johna Dobsona pod koniec lat 70., oferuje prosty, ale elegancki design monta\u017cu altazymutalnego. Sk\u0142adaj\u0105cy si\u0119 z ruchomego zestawu tub optycznych zamontowanych w pudle, monta\u017c dobsonowski pozwala na \u0142atwe ruchy w pionie i poziomie. Jednak osi\u0105gni\u0119cie optymalnej stabilno\u015bci podczas obserwacji obiekt\u00f3w niebieskich mo\u017ce by\u0107 wyzwaniem z powodu potrzeby wywa\u017cenia tarcia i stabilno\u015bci.<\/p>\n<p class=\"p1\"><strong>Zwi\u0119kszona Stabilno\u015b\u0107 i Kontrola:<\/strong><\/p>\n<p class=\"p1\">Teleskop Sky-Watcher Dobson SynScan GOTO 14&#8243; WIFI wprowadza innowacyjne funkcje, kt\u00f3re rozwi\u0105zuj\u0105 problemy zwi\u0105zane ze stabilno\u015bci\u0105 i kontrol\u0105, z kt\u00f3rymi cz\u0119sto wi\u0105\u017c\u0105 si\u0119 teleskopy dobsonowskie. W\u0142\u0105czenie Uchwytu Kontroli Napi\u0119cia pozwala u\u017cytkownikom bezproblemowo regulowa\u0107 tarcie, zapewniaj\u0105c p\u0142ynne ruchy i stabilne pozycjonowanie zestawu tub optycznych. Eliminuje to potrzeb\u0119 idealnej r\u00f3wnowagi, zapewniaj\u0105c bezproblemowe do\u015bwiadczenie obserwacyjne.<\/p>\n<p class=\"p1\"><strong>Precyzja i Wydajno\u015b\u0107 Nowej Generacji:<\/strong><\/p>\n<p class=\"p1\">Poznaj nast\u0119pn\u0105 generacj\u0119 precyzyjnego in\u017cynieringu dzi\u0119ki serii Teleskop\u00f3w Sky-Watcher Dobson SynScan GOTO. Te teleskopy oferuj\u0105 niezr\u00f3wnan\u0105 przeno\u015bno\u015b\u0107, wydajno\u015b\u0107 i warto\u015b\u0107 dzi\u0119ki opatentowanemu projektowi sk\u0142adanego tubusu i zaawansowanej monta\u017cu AZ SynScan. Dzi\u0119ki kompleksowej bazie danych obejmuj\u0105cej ponad 42,900 obiekt\u00f3w niebieskich, w tym planety, mg\u0142awice, gromady gwiazdowe i galaktyki, monta\u017c SynScan AZ pozwala na precyzyjne namierzanie obiekt\u00f3w i automatyczne \u015bledzenie.<\/p>\n<p class=\"p1\"><strong>Bezproblemowa Konfiguracja i Obs\u0142uga:<\/strong><\/p>\n<p class=\"p1\">Poruszaj si\u0119 po kosmosie z precyzj\u0105 dzi\u0119ki panelowi sterowania SynScanTM AZ, kt\u00f3ry oferuje wszechstronn\u0105 baz\u0119 danych obejmuj\u0105c\u0105 ponad 42,900 obiekt\u00f3w niebieskich. Prosty w obs\u0142udze system menu, obejmuj\u0105cy metody wyboru Najja\u015bniejszej Gwiazdy i Dw\u00f3ch Gwiazd, umo\u017cliwia \u0142atw\u0105 konfiguracj\u0119. Podw\u00f3jny enkoder umo\u017cliwia r\u0119czny ruch bez konieczno\u015bci ponownego wywa\u017cenia, zwi\u0119kszaj\u0105c wygod\u0119 u\u017cytkowania.<\/p>\n<p class=\"p1\"><strong>Zintegrowany Modu\u0142 Wi-Fi:<\/strong><\/p>\n<p class=\"p1\">Teleskop Sky-Watcher Dobson SynScan GOTO 14&#8243; WIFI jest wyposa\u017cony w zintegrowany modu\u0142 Wi-Fi, kt\u00f3ry umo\u017cliwia bezprzewodow\u0105 kontrol\u0119 monta\u017cu Sky-Watcher Go-To za pomoc\u0105 smartfona lub tabletu. Wystarczy pobra\u0107 aplikacj\u0119 SynScan z Google Play lub App Store, aby cieszy\u0107 si\u0119 bezproblemowym po\u0142\u0105czeniem i dost\u0119pem do rozleg\u0142ej bazy obiekt\u00f3w do obserwacji.<\/p>\n<p class=\"p1\"><strong>Specyfikacje Techniczne:<\/strong><\/p>\n<ul>\n<li class=\"p1\">\u015arednica Obiektywu: 355 mm<\/li>\n<li class=\"p1\">Ogniskowa: 1600 mm<\/li>\n<li class=\"p1\">Stosunek Fokalny: f\/4.5<\/li>\n<li class=\"p1\">Projekt Optyczny: Parabolicz<\/li>\n<\/ul>\n","protected":false},"excerpt":{"rendered":"<p class=\"p1\"><strong>Odkryj G\u0142\u0119bie Kosmosu z Teleskopem Sky-Watcher Dobson SynScan GOTO 14&#8243; WIFI<\/strong><\/p>\n<p class=\"p1\">Teleskop Sky-Watcher Dobson SynScan GOTO 14&#8243; WIFI to niezwyk\u0142e narz\u0119dzie do obserwacji g\u0142\u0119bokiego kosmosu, oferuj\u0105ce wyj\u0105tkow\u0105 jako\u015b\u0107 i zaawansowane funkcje. Dzi\u0119ki systemowi kontroli SynScanTM AZ, ten teleskop umo\u017cliwia precyzyjne \u015bledzenie obiekt\u00f3w niebieskich, rewolucjonizuj\u0105c Twoje do\u015bwiadczenie w obserwacji gwiazd.<\/p>\n","protected":false},"featured_media":1620,"comment_status":"open","ping_status":"closed","template":"","meta":[],"pwb-brand":[228],"product_brand":[],"product_cat":[120,72],"product_tag":[],"class_list":{"0":"post-1093","1":"product","2":"type-product","3":"status-publish","4":"has-post-thumbnail","6":"pwb-brand-skywatcher-pl","7":"product_cat-teleskopy","8":"product_cat-sprzet","10":"first","11":"instock","12":"shipping-taxable","13":"purchasable","14":"product-type-simple"},"yoast_head":"<!-- This site is optimized with the Yoast SEO plugin v25.3 - https:\/\/yoast.com\/wordpress\/plugins\/seo\/ -->\n<title>Dobson 355\/1600 Flex Tube Go-To Wifi - Astronomy Tours<\/title>\n<meta name=\"robots\" content=\"index, follow, max-snippet:-1, max-image-preview:large, max-video-preview:-1\" \/>\n<link rel=\"canonical\" href=\"https:\/\/www.astronomy.tours\/pl\/produkt\/dobson-355-1600-flex-tube-go-to-wifi\/\" \/>\n<meta property=\"og:locale\" content=\"pl_PL\" \/>\n<meta property=\"og:type\" content=\"article\" \/>\n<meta property=\"og:title\" content=\"Dobson 355\/1600 Flex Tube Go-To Wifi - Astronomy Tours\" \/>\n<meta property=\"og:description\" content=\"Odkryj G\u0142\u0119bie Kosmosu z Teleskopem Sky-Watcher Dobson SynScan GOTO 14&quot; WIFI Teleskop Sky-Watcher Dobson SynScan GOTO 14&quot; WIFI to niezwyk\u0142e narz\u0119dzie do obserwacji g\u0142\u0119bokiego kosmosu, oferuj\u0105ce wyj\u0105tkow\u0105 jako\u015b\u0107 i zaawansowane funkcje. Dzi\u0119ki systemowi kontroli SynScanTM AZ, ten teleskop umo\u017cliwia precyzyjne \u015bledzenie obiekt\u00f3w niebieskich, rewolucjonizuj\u0105c Twoje do\u015bwiadczenie w obserwacji gwiazd.\" \/>\n<meta property=\"og:url\" content=\"https:\/\/www.astronomy.tours\/pl\/produkt\/dobson-355-1600-flex-tube-go-to-wifi\/\" \/>\n<meta property=\"og:site_name\" content=\"Astronomy Tours\" \/>\n<meta property=\"article:publisher\" content=\"https:\/\/www.facebook.com\/astronomy.tours\/\" \/>\n<meta property=\"article:modified_time\" content=\"2024-06-06T06:11:14+00:00\" \/>\n<meta property=\"og:image\" content=\"https:\/\/www.astronomy.tours\/wp-content\/uploads\/2024\/04\/SW0066-1-1.webp\" \/>\n\t<meta property=\"og:image:width\" content=\"1150\" \/>\n\t<meta property=\"og:image:height\" content=\"1150\" \/>\n\t<meta property=\"og:image:type\" content=\"image\/webp\" \/>\n<meta name=\"twitter:card\" content=\"summary_large_image\" \/>\n<meta name=\"twitter:label1\" content=\"Szacowany czas czytania\" \/>\n\t<meta name=\"twitter:data1\" content=\"2 minuty\" \/>\n<script type=\"application\/ld+json\" class=\"yoast-schema-graph\">{\"@context\":\"https:\/\/schema.org\",\"@graph\":[{\"@type\":\"WebPage\",\"@id\":\"https:\/\/www.astronomy.tours\/pl\/produkt\/dobson-355-1600-flex-tube-go-to-wifi\/\",\"url\":\"https:\/\/www.astronomy.tours\/pl\/produkt\/dobson-355-1600-flex-tube-go-to-wifi\/\",\"name\":\"Dobson 355\/1600 Flex Tube Go-To Wifi - Astronomy Tours\",\"isPartOf\":{\"@id\":\"https:\/\/www.astronomy.tours\/#website\"},\"primaryImageOfPage\":{\"@id\":\"https:\/\/www.astronomy.tours\/pl\/produkt\/dobson-355-1600-flex-tube-go-to-wifi\/#primaryimage\"},\"image\":{\"@id\":\"https:\/\/www.astronomy.tours\/pl\/produkt\/dobson-355-1600-flex-tube-go-to-wifi\/#primaryimage\"},\"thumbnailUrl\":\"https:\/\/www.astronomy.tours\/wp-content\/uploads\/2024\/04\/SW0066-1-1.webp\",\"datePublished\":\"2024-04-09T12:41:16+00:00\",\"dateModified\":\"2024-06-06T06:11:14+00:00\",\"breadcrumb\":{\"@id\":\"https:\/\/www.astronomy.tours\/pl\/produkt\/dobson-355-1600-flex-tube-go-to-wifi\/#breadcrumb\"},\"inLanguage\":\"pl-PL\",\"potentialAction\":[{\"@type\":\"ReadAction\",\"target\":[\"https:\/\/www.astronomy.tours\/pl\/produkt\/dobson-355-1600-flex-tube-go-to-wifi\/\"]}]},{\"@type\":\"ImageObject\",\"inLanguage\":\"pl-PL\",\"@id\":\"https:\/\/www.astronomy.tours\/pl\/produkt\/dobson-355-1600-flex-tube-go-to-wifi\/#primaryimage\",\"url\":\"https:\/\/www.astronomy.tours\/wp-content\/uploads\/2024\/04\/SW0066-1-1.webp\",\"contentUrl\":\"https:\/\/www.astronomy.tours\/wp-content\/uploads\/2024\/04\/SW0066-1-1.webp\",\"width\":1150,\"height\":1150},{\"@type\":\"BreadcrumbList\",\"@id\":\"https:\/\/www.astronomy.tours\/pl\/produkt\/dobson-355-1600-flex-tube-go-to-wifi\/#breadcrumb\",\"itemListElement\":[{\"@type\":\"ListItem\",\"position\":1,\"name\":\"Home\",\"item\":\"https:\/\/www.astronomy.tours\/pl\/\"},{\"@type\":\"ListItem\",\"position\":2,\"name\":\"Sklep\",\"item\":\"https:\/\/www.astronomy.tours\/pl\/sklep\/\"},{\"@type\":\"ListItem\",\"position\":3,\"name\":\"Dobson 355\/1600 Flex Tube Go-To Wifi\"}]},{\"@type\":\"WebSite\",\"@id\":\"https:\/\/www.astronomy.tours\/#website\",\"url\":\"https:\/\/www.astronomy.tours\/\",\"name\":\"Astronomy Tours\",\"description\":\"Astronomical tours\",\"publisher\":{\"@id\":\"https:\/\/www.astronomy.tours\/#organization\"},\"potentialAction\":[{\"@type\":\"SearchAction\",\"target\":{\"@type\":\"EntryPoint\",\"urlTemplate\":\"https:\/\/www.astronomy.tours\/?s={search_term_string}\"},\"query-input\":{\"@type\":\"PropertyValueSpecification\",\"valueRequired\":true,\"valueName\":\"search_term_string\"}}],\"inLanguage\":\"pl-PL\"},{\"@type\":\"Organization\",\"@id\":\"https:\/\/www.astronomy.tours\/#organization\",\"name\":\"Astronomy Tours S.COOP\",\"url\":\"https:\/\/www.astronomy.tours\/\",\"logo\":{\"@type\":\"ImageObject\",\"inLanguage\":\"pl-PL\",\"@id\":\"https:\/\/www.astronomy.tours\/#\/schema\/logo\/image\/\",\"url\":\"https:\/\/www.astronomy.tours\/wp-content\/uploads\/2026\/02\/logo-astronomy-tours-black-small.png\",\"contentUrl\":\"https:\/\/www.astronomy.tours\/wp-content\/uploads\/2026\/02\/logo-astronomy-tours-black-small.png\",\"width\":2000,\"height\":740,\"caption\":\"Astronomy Tours S.COOP\"},\"image\":{\"@id\":\"https:\/\/www.astronomy.tours\/#\/schema\/logo\/image\/\"},\"sameAs\":[\"https:\/\/www.facebook.com\/astronomy.tours\/\",\"https:\/\/www.instagram.com\/astronomytours\/?hl=en\"]}]}<\/script>\n<!-- \/ Yoast SEO plugin. -->","yoast_head_json":{"title":"Dobson 355\/1600 Flex Tube Go-To Wifi - Astronomy Tours","robots":{"index":"index","follow":"follow","max-snippet":"max-snippet:-1","max-image-preview":"max-image-preview:large","max-video-preview":"max-video-preview:-1"},"canonical":"https:\/\/www.astronomy.tours\/pl\/produkt\/dobson-355-1600-flex-tube-go-to-wifi\/","og_locale":"pl_PL","og_type":"article","og_title":"Dobson 355\/1600 Flex Tube Go-To Wifi - Astronomy Tours","og_description":"Odkryj G\u0142\u0119bie Kosmosu z Teleskopem Sky-Watcher Dobson SynScan GOTO 14\" WIFI Teleskop Sky-Watcher Dobson SynScan GOTO 14\" WIFI to niezwyk\u0142e narz\u0119dzie do obserwacji g\u0142\u0119bokiego kosmosu, oferuj\u0105ce wyj\u0105tkow\u0105 jako\u015b\u0107 i zaawansowane funkcje. Dzi\u0119ki systemowi kontroli SynScanTM AZ, ten teleskop umo\u017cliwia precyzyjne \u015bledzenie obiekt\u00f3w niebieskich, rewolucjonizuj\u0105c Twoje do\u015bwiadczenie w obserwacji gwiazd.","og_url":"https:\/\/www.astronomy.tours\/pl\/produkt\/dobson-355-1600-flex-tube-go-to-wifi\/","og_site_name":"Astronomy Tours","article_publisher":"https:\/\/www.facebook.com\/astronomy.tours\/","article_modified_time":"2024-06-06T06:11:14+00:00","og_image":[{"width":1150,"height":1150,"url":"https:\/\/www.astronomy.tours\/wp-content\/uploads\/2024\/04\/SW0066-1-1.webp","type":"image\/webp"}],"twitter_card":"summary_large_image","twitter_misc":{"Szacowany czas czytania":"2 minuty"},"schema":{"@context":"https:\/\/schema.org","@graph":[{"@type":"WebPage","@id":"https:\/\/www.astronomy.tours\/pl\/produkt\/dobson-355-1600-flex-tube-go-to-wifi\/","url":"https:\/\/www.astronomy.tours\/pl\/produkt\/dobson-355-1600-flex-tube-go-to-wifi\/","name":"Dobson 355\/1600 Flex Tube Go-To Wifi - Astronomy Tours","isPartOf":{"@id":"https:\/\/www.astronomy.tours\/#website"},"primaryImageOfPage":{"@id":"https:\/\/www.astronomy.tours\/pl\/produkt\/dobson-355-1600-flex-tube-go-to-wifi\/#primaryimage"},"image":{"@id":"https:\/\/www.astronomy.tours\/pl\/produkt\/dobson-355-1600-flex-tube-go-to-wifi\/#primaryimage"},"thumbnailUrl":"https:\/\/www.astronomy.tours\/wp-content\/uploads\/2024\/04\/SW0066-1-1.webp","datePublished":"2024-04-09T12:41:16+00:00","dateModified":"2024-06-06T06:11:14+00:00","breadcrumb":{"@id":"https:\/\/www.astronomy.tours\/pl\/produkt\/dobson-355-1600-flex-tube-go-to-wifi\/#breadcrumb"},"inLanguage":"pl-PL","potentialAction":[{"@type":"ReadAction","target":["https:\/\/www.astronomy.tours\/pl\/produkt\/dobson-355-1600-flex-tube-go-to-wifi\/"]}]},{"@type":"ImageObject","inLanguage":"pl-PL","@id":"https:\/\/www.astronomy.tours\/pl\/produkt\/dobson-355-1600-flex-tube-go-to-wifi\/#primaryimage","url":"https:\/\/www.astronomy.tours\/wp-content\/uploads\/2024\/04\/SW0066-1-1.webp","contentUrl":"https:\/\/www.astronomy.tours\/wp-content\/uploads\/2024\/04\/SW0066-1-1.webp","width":1150,"height":1150},{"@type":"BreadcrumbList","@id":"https:\/\/www.astronomy.tours\/pl\/produkt\/dobson-355-1600-flex-tube-go-to-wifi\/#breadcrumb","itemListElement":[{"@type":"ListItem","position":1,"name":"Home","item":"https:\/\/www.astronomy.tours\/pl\/"},{"@type":"ListItem","position":2,"name":"Sklep","item":"https:\/\/www.astronomy.tours\/pl\/sklep\/"},{"@type":"ListItem","position":3,"name":"Dobson 355\/1600 Flex Tube Go-To Wifi"}]},{"@type":"WebSite","@id":"https:\/\/www.astronomy.tours\/#website","url":"https:\/\/www.astronomy.tours\/","name":"Astronomy Tours","description":"Astronomical tours","publisher":{"@id":"https:\/\/www.astronomy.tours\/#organization"},"potentialAction":[{"@type":"SearchAction","target":{"@type":"EntryPoint","urlTemplate":"https:\/\/www.astronomy.tours\/?s={search_term_string}"},"query-input":{"@type":"PropertyValueSpecification","valueRequired":true,"valueName":"search_term_string"}}],"inLanguage":"pl-PL"},{"@type":"Organization","@id":"https:\/\/www.astronomy.tours\/#organization","name":"Astronomy Tours S.COOP","url":"https:\/\/www.astronomy.tours\/","logo":{"@type":"ImageObject","inLanguage":"pl-PL","@id":"https:\/\/www.astronomy.tours\/#\/schema\/logo\/image\/","url":"https:\/\/www.astronomy.tours\/wp-content\/uploads\/2026\/02\/logo-astronomy-tours-black-small.png","contentUrl":"https:\/\/www.astronomy.tours\/wp-content\/uploads\/2026\/02\/logo-astronomy-tours-black-small.png","width":2000,"height":740,"caption":"Astronomy Tours S.COOP"},"image":{"@id":"https:\/\/www.astronomy.tours\/#\/schema\/logo\/image\/"},"sameAs":["https:\/\/www.facebook.com\/astronomy.tours\/","https:\/\/www.instagram.com\/astronomytours\/?hl=en"]}]}},"brands":[{"id":228,"name":"SKYWATCHER","slug":"skywatcher-pl"}],"_links":{"self":[{"href":"https:\/\/www.astronomy.tours\/pl\/wp-json\/wp\/v2\/product\/1093","targetHints":{"allow":["GET"]}}],"collection":[{"href":"https:\/\/www.astronomy.tours\/pl\/wp-json\/wp\/v2\/product"}],"about":[{"href":"https:\/\/www.astronomy.tours\/pl\/wp-json\/wp\/v2\/types\/product"}],"replies":[{"embeddable":true,"href":"https:\/\/www.astronomy.tours\/pl\/wp-json\/wp\/v2\/comments?post=1093"}],"wp:featuredmedia":[{"embeddable":true,"href":"https:\/\/www.astronomy.tours\/pl\/wp-json\/wp\/v2\/media\/1620"}],"wp:attachment":[{"href":"https:\/\/www.astronomy.tours\/pl\/wp-json\/wp\/v2\/media?parent=1093"}],"wp:term":[{"taxonomy":"pwb-brand","embeddable":true,"href":"https:\/\/www.astronomy.tours\/pl\/wp-json\/wp\/v2\/pwb-brand?post=1093"},{"taxonomy":"product_brand","embeddable":true,"href":"https:\/\/www.astronomy.tours\/pl\/wp-json\/wp\/v2\/product_brand?post=1093"},{"taxonomy":"product_cat","embeddable":true,"href":"https:\/\/www.astronomy.tours\/pl\/wp-json\/wp\/v2\/product_cat?post=1093"},{"taxonomy":"product_tag","embeddable":true,"href":"https:\/\/www.astronomy.tours\/pl\/wp-json\/wp\/v2\/product_tag?post=1093"}],"curies":[{"name":"wp","href":"https:\/\/api.w.org\/{rel}","templated":true}]}}