{"id":1092,"date":"2024-04-09T14:44:21","date_gmt":"2024-04-09T12:44:21","guid":{"rendered":"https:\/\/astronomy-new.imoli.com.pl\/product\/dobson-406-1800-flex-tube-go-to-wif\/"},"modified":"2024-06-06T08:16:31","modified_gmt":"2024-06-06T06:16:31","slug":"dobson-406-1800-flex-tube-go-to-wif","status":"publish","type":"product","link":"https:\/\/www.astronomy.tours\/pl\/produkt\/dobson-406-1800-flex-tube-go-to-wif\/","title":{"rendered":"Dobson 406\/1800 Flex tube Go-To Wif"},"content":{"rendered":"<p class=\"p1\"><strong>Odkrywanie Tajemnic Teleskop\u00f3w Dobsona:<\/strong><\/p>\n<p class=\"p1\">Teleskop Dobsona, kt\u00f3rego pionierem by\u0142 John Dobson pod koniec lat 70. XX wieku, jest znany ze swojego prostego, ale skutecznego projektu monta\u017cu altazymutalnego. Projekt ten obejmuje skrzyniowy monta\u017c tuby optycznej, kt\u00f3ry obraca si\u0119 w pionie i poziomie na bazie azymutalnej. Jednak\u017ce uzyskanie stabilno\u015bci podczas obserwacji obiekt\u00f3w niebieskich mo\u017ce by\u0107 trudne ze wzgl\u0119du na potrzeb\u0119 r\u00f3wnowa\u017cenia tarcia i stabilno\u015bci.<\/p>\n<p class=\"p1\"><strong>Zwi\u0119kszona Stabilno\u015b\u0107 i Kontrola:<\/strong><\/p>\n<p class=\"p1\">Teleskop Sky-Watcher Dobson SynScan GOTO 16&#8243; WIFI wprowadza innowacyjne funkcje, aby poradzi\u0107 sobie ze stabilno\u015bci\u0105 i kontrol\u0105, z kt\u00f3rymi zwykle wi\u0105\u017c\u0105 si\u0119 teleskopy Dobsona. W\u0142\u0105czenie uchwytu do kontroli napi\u0119cia pozwala u\u017cytkownikom \u0142atwo regulowa\u0107 tarcie, zapewniaj\u0105c p\u0142ynne ruchy i stabilne pozycjonowanie tuby optycznej. Eliminuje to potrzeb\u0119 idealnej r\u00f3wnowagi, zapewniaj\u0105c bezproblemowe do\u015bwiadczenia obserwacyjne.<\/p>\n<p class=\"p1\"><strong>Precyzja i Wydajno\u015b\u0107 Nast\u0119pnej Generacji:<\/strong><\/p>\n<p class=\"p1\">Do\u015bwiadcz nast\u0119pnej generacji precyzyjnego in\u017cynieringu dzi\u0119ki serii teleskop\u00f3w Sky-Watcher Dobson SynScan GOTO. Te teleskopy oferuj\u0105 niezr\u00f3wnan\u0105 przeno\u015bno\u015b\u0107, wydajno\u015b\u0107 i warto\u015b\u0107 dzi\u0119ki opatentowanemu projektowi sk\u0142adanej tuby i zaawansowanemu komputerowemu monta\u017cowi SynScan AZ. Dzi\u0119ki wszechstronnej bazie danych zawieraj\u0105cej ponad 42 900 obiekt\u00f3w niebieskich, w tym planety, mg\u0142awice, gromady gwiazd i galaktyki, monta\u017c SynScan AZ umo\u017cliwia precyzyjne celowanie w obiekty i automatyczne \u015bledzenie.<\/p>\n<p class=\"p1\"><strong>Bezproblemowe Po\u0142\u0105czenie i Wygoda:<\/strong><\/p>\n<p class=\"p1\">Wyposa\u017cony w zintegrowany modu\u0142 Wi-Fi, teleskop Dobson SynScan GOTO 16&#8243; WIFI umo\u017cliwia bezprzewodow\u0105 kontrol\u0119 za pomoc\u0105 smartfona lub tabletu. Wystarczy pobra\u0107 aplikacj\u0119 SynScan z Google Play lub App Store, aby uzyska\u0107 dost\u0119p do wielu funkcji, w tym identyfikacji obiekt\u00f3w, automatycznego kierowania i funkcji &#8220;point-and-go&#8221;. Ciesz si\u0119 bezproblemow\u0105 nawigacj\u0105 po nocnym niebie i odkrywaj kosmiczne skarby z \u0142atwo\u015bci\u0105.<\/p>\n<p class=\"p1\"><strong>Specyfikacje Techniczne:<\/strong><\/p>\n<ul>\n<li class=\"p1\">\u015arednica Obiektywu: 406mm<\/li>\n<li class=\"p1\">Ogniskowa: 1800mm<\/li>\n<li class=\"p1\">Stosunek Fokalny: f\/4.4<\/li>\n<li class=\"p1\">Projekt Optyczny: Paraboliczny Reflektor Newtona<\/li>\n<li class=\"p1\">Okular: 2&#8243; Crayford z adapterem 2&#8243; do 1.25&#8243;<\/li>\n<li class=\"p1\">Okulary: Serie SP 10mm i 25mm (1.25&#8243;) zapewniaj\u0105ce powi\u0119kszenie odpowiednio x180 i x72<\/li>\n<li class=\"p1\">Maksymalne Teoretyczne Powi\u0119kszenie: x812<\/li>\n<li class=\"p1\">Graniczna Magnitudo Gwiazdowa: 15<\/li>\n<li class=\"p1\">Celownik: 8&#215;50<\/li>\n<li class=\"p1\">Rozk\u0142adany monta\u017c Dobsona z nowym systemem regulacji ci\u015bnienia<\/li>\n<li class=\"p1\">\u015arednica Zwierciad\u0142a Wt\u00f3rnego: 100mm<\/li>\n<li class=\"p1\">Waga Tubusu: 38 kg<\/li>\n<li class=\"p1\">D\u0142ugo\u015b\u0107 Tubusu: 168.5 cm<\/li>\n<li class=\"p1\">Funkcje Monta\u017cu Komputerowego:<\/li>\n<li class=\"p1\">Zasilanie: 10-15 V DC 1 Amper, wtyk 2,1 mm (\u015brodkowy +)<\/li>\n<li class=\"p1\">Rozdzielczo\u015b\u0107 enkodera silnika: 1 620 000 krok\u00f3w na obrot<\/li>\n<li class=\"p1\">Rozdzielczo\u015b\u0107 enkodera osi g\u0142\u00f3wnej: 11 748 krok\u00f3w na obrot<\/li>\n<li class=\"p1\">Pr\u0119dko\u015bci przesuwu: 1.0X, 2.0X, 8X, 16X, 32X, 200X, 400X, 600X, 800X, 1000X<\/li>\n<li class=\"p1\">Pr\u0119dko\u015bci \u015bledzenia: sideralna, ksi\u0119\u017cycowa, s\u0142oneczna<\/li>\n<li class=\"p1\">Tryb \u015bledzenia: dwuosiowy<\/li>\n<li class=\"p1\">Metody kalibracji: Najja\u015bniejsza Gwiazda, Dwie Gwiazdy<\/li>\n<\/ul>\n<p class=\"p1\"><strong>Baza danych<\/strong>: Kompletne katalogi M (Messier), NGC (Nowy Katalog Og\u00f3lny) i IC (Katalog Indeksowy); cz\u0119\u015bciowy katalog SAO (Smithsonian Astrophysical Observatory); 25 obiekt\u00f3w zdefiniowanych przez u\u017cytkownika; \u0142\u0105cznie 42 900 obiekt\u00f3w<\/p>\n<p class=\"p1\">Dok\u0142adno\u015b\u0107 punktowania GOTO do 5 minut k\u0105towych<\/p>\n<p class=\"p1\"><strong>Wyrusz w Podr\u00f3\u017c Odkrywcz\u0105:<\/strong><\/p>\n<p class=\"p1\">Teleskop Sky-Watcher Dobson SynScan GOTO 16&#8243; WIFI \u0142\u0105czy wygod\u0119 i dost\u0119pno\u015b\u0107 tradycyjnych monta\u017cy Dobsona z zaawansowanymi funkcjami systemu Go-To. Odkrywaj wszech\u015bwiat jak nigdy dot\u0105d i wyrusz w podr\u00f3\u017c po odkrycia kosmiczne z tym niezwyk\u0142ym teleskopem.<\/p>\n","protected":false},"excerpt":{"rendered":"<p class=\"p1\"><strong>Odkrywaj Kosmos z Teleskopem Sky-Watcher Dobson SynScan GOTO 16&#8243; WIFI<\/strong><\/p>\n<p class=\"p1\">Teleskop Sky-Watcher Dobson SynScan GOTO 16&#8243; WIFI oferuje niezwyk\u0142e do\u015bwiadczenie obserwacyjne dzi\u0119ki swoim 406 mm \u015brednicy i ogniskowej wynosz\u0105cej 1800 mm. Wyposa\u017cony w paraboliczne zwierciad\u0142o g\u0142\u00f3wne z Pyreksu oraz system wspomagaj\u0105cy z\u0142o\u017cony z czterech ramion dla zwierciad\u0142a wt\u00f3rnego, ten teleskop zapewnia doskona\u0142e osi\u0105gi optyczne, idealne do obserwacji g\u0142\u0119bokiego kosmosu.<\/p>\n","protected":false},"featured_media":1629,"comment_status":"open","ping_status":"closed","template":"","meta":[],"pwb-brand":[228],"product_brand":[],"product_cat":[120,72],"product_tag":[],"class_list":{"0":"post-1092","1":"product","2":"type-product","3":"status-publish","4":"has-post-thumbnail","6":"pwb-brand-skywatcher-pl","7":"product_cat-teleskopy","8":"product_cat-sprzet","10":"first","11":"instock","12":"shipping-taxable","13":"purchasable","14":"product-type-simple"},"yoast_head":"<!-- This site is optimized with the Yoast SEO plugin v25.3 - https:\/\/yoast.com\/wordpress\/plugins\/seo\/ -->\n<title>Dobson 406\/1800 Flex tube Go-To Wif - Astronomy Tours<\/title>\n<meta name=\"robots\" content=\"index, follow, max-snippet:-1, max-image-preview:large, max-video-preview:-1\" \/>\n<link rel=\"canonical\" href=\"https:\/\/www.astronomy.tours\/pl\/produkt\/dobson-406-1800-flex-tube-go-to-wif\/\" \/>\n<meta property=\"og:locale\" content=\"pl_PL\" \/>\n<meta property=\"og:type\" content=\"article\" \/>\n<meta property=\"og:title\" content=\"Dobson 406\/1800 Flex tube Go-To Wif - Astronomy Tours\" \/>\n<meta property=\"og:description\" content=\"Odkrywaj Kosmos z Teleskopem Sky-Watcher Dobson SynScan GOTO 16&quot; WIFI Teleskop Sky-Watcher Dobson SynScan GOTO 16&quot; WIFI oferuje niezwyk\u0142e do\u015bwiadczenie obserwacyjne dzi\u0119ki swoim 406 mm \u015brednicy i ogniskowej wynosz\u0105cej 1800 mm. Wyposa\u017cony w paraboliczne zwierciad\u0142o g\u0142\u00f3wne z Pyreksu oraz system wspomagaj\u0105cy z\u0142o\u017cony z czterech ramion dla zwierciad\u0142a wt\u00f3rnego, ten teleskop zapewnia doskona\u0142e osi\u0105gi optyczne, idealne do obserwacji g\u0142\u0119bokiego kosmosu.\" \/>\n<meta property=\"og:url\" content=\"https:\/\/www.astronomy.tours\/pl\/produkt\/dobson-406-1800-flex-tube-go-to-wif\/\" \/>\n<meta property=\"og:site_name\" content=\"Astronomy Tours\" \/>\n<meta property=\"article:publisher\" content=\"https:\/\/www.facebook.com\/astronomy.tours\/\" \/>\n<meta property=\"article:modified_time\" content=\"2024-06-06T06:16:31+00:00\" \/>\n<meta property=\"og:image\" content=\"https:\/\/www.astronomy.tours\/wp-content\/uploads\/2024\/04\/SW0067-1-1.webp\" \/>\n\t<meta property=\"og:image:width\" content=\"1095\" \/>\n\t<meta property=\"og:image:height\" content=\"1150\" \/>\n\t<meta property=\"og:image:type\" content=\"image\/webp\" \/>\n<meta name=\"twitter:card\" content=\"summary_large_image\" \/>\n<meta name=\"twitter:label1\" content=\"Szacowany czas czytania\" \/>\n\t<meta name=\"twitter:data1\" content=\"2 minuty\" \/>\n<script type=\"application\/ld+json\" class=\"yoast-schema-graph\">{\"@context\":\"https:\/\/schema.org\",\"@graph\":[{\"@type\":\"WebPage\",\"@id\":\"https:\/\/www.astronomy.tours\/pl\/produkt\/dobson-406-1800-flex-tube-go-to-wif\/\",\"url\":\"https:\/\/www.astronomy.tours\/pl\/produkt\/dobson-406-1800-flex-tube-go-to-wif\/\",\"name\":\"Dobson 406\/1800 Flex tube Go-To Wif - Astronomy Tours\",\"isPartOf\":{\"@id\":\"https:\/\/www.astronomy.tours\/#website\"},\"primaryImageOfPage\":{\"@id\":\"https:\/\/www.astronomy.tours\/pl\/produkt\/dobson-406-1800-flex-tube-go-to-wif\/#primaryimage\"},\"image\":{\"@id\":\"https:\/\/www.astronomy.tours\/pl\/produkt\/dobson-406-1800-flex-tube-go-to-wif\/#primaryimage\"},\"thumbnailUrl\":\"https:\/\/www.astronomy.tours\/wp-content\/uploads\/2024\/04\/SW0067-1-1.webp\",\"datePublished\":\"2024-04-09T12:44:21+00:00\",\"dateModified\":\"2024-06-06T06:16:31+00:00\",\"breadcrumb\":{\"@id\":\"https:\/\/www.astronomy.tours\/pl\/produkt\/dobson-406-1800-flex-tube-go-to-wif\/#breadcrumb\"},\"inLanguage\":\"pl-PL\",\"potentialAction\":[{\"@type\":\"ReadAction\",\"target\":[\"https:\/\/www.astronomy.tours\/pl\/produkt\/dobson-406-1800-flex-tube-go-to-wif\/\"]}]},{\"@type\":\"ImageObject\",\"inLanguage\":\"pl-PL\",\"@id\":\"https:\/\/www.astronomy.tours\/pl\/produkt\/dobson-406-1800-flex-tube-go-to-wif\/#primaryimage\",\"url\":\"https:\/\/www.astronomy.tours\/wp-content\/uploads\/2024\/04\/SW0067-1-1.webp\",\"contentUrl\":\"https:\/\/www.astronomy.tours\/wp-content\/uploads\/2024\/04\/SW0067-1-1.webp\",\"width\":1095,\"height\":1150},{\"@type\":\"BreadcrumbList\",\"@id\":\"https:\/\/www.astronomy.tours\/pl\/produkt\/dobson-406-1800-flex-tube-go-to-wif\/#breadcrumb\",\"itemListElement\":[{\"@type\":\"ListItem\",\"position\":1,\"name\":\"Home\",\"item\":\"https:\/\/www.astronomy.tours\/pl\/\"},{\"@type\":\"ListItem\",\"position\":2,\"name\":\"Sklep\",\"item\":\"https:\/\/www.astronomy.tours\/pl\/sklep\/\"},{\"@type\":\"ListItem\",\"position\":3,\"name\":\"Dobson 406\/1800 Flex tube Go-To Wif\"}]},{\"@type\":\"WebSite\",\"@id\":\"https:\/\/www.astronomy.tours\/#website\",\"url\":\"https:\/\/www.astronomy.tours\/\",\"name\":\"Astronomy Tours\",\"description\":\"Astronomical tours\",\"publisher\":{\"@id\":\"https:\/\/www.astronomy.tours\/#organization\"},\"potentialAction\":[{\"@type\":\"SearchAction\",\"target\":{\"@type\":\"EntryPoint\",\"urlTemplate\":\"https:\/\/www.astronomy.tours\/?s={search_term_string}\"},\"query-input\":{\"@type\":\"PropertyValueSpecification\",\"valueRequired\":true,\"valueName\":\"search_term_string\"}}],\"inLanguage\":\"pl-PL\"},{\"@type\":\"Organization\",\"@id\":\"https:\/\/www.astronomy.tours\/#organization\",\"name\":\"Astronomy Tours S.COOP\",\"url\":\"https:\/\/www.astronomy.tours\/\",\"logo\":{\"@type\":\"ImageObject\",\"inLanguage\":\"pl-PL\",\"@id\":\"https:\/\/www.astronomy.tours\/#\/schema\/logo\/image\/\",\"url\":\"https:\/\/www.astronomy.tours\/wp-content\/uploads\/2026\/02\/logo-astronomy-tours-black-small.png\",\"contentUrl\":\"https:\/\/www.astronomy.tours\/wp-content\/uploads\/2026\/02\/logo-astronomy-tours-black-small.png\",\"width\":2000,\"height\":740,\"caption\":\"Astronomy Tours S.COOP\"},\"image\":{\"@id\":\"https:\/\/www.astronomy.tours\/#\/schema\/logo\/image\/\"},\"sameAs\":[\"https:\/\/www.facebook.com\/astronomy.tours\/\",\"https:\/\/www.instagram.com\/astronomytours\/?hl=en\"]}]}<\/script>\n<!-- \/ Yoast SEO plugin. -->","yoast_head_json":{"title":"Dobson 406\/1800 Flex tube Go-To Wif - Astronomy Tours","robots":{"index":"index","follow":"follow","max-snippet":"max-snippet:-1","max-image-preview":"max-image-preview:large","max-video-preview":"max-video-preview:-1"},"canonical":"https:\/\/www.astronomy.tours\/pl\/produkt\/dobson-406-1800-flex-tube-go-to-wif\/","og_locale":"pl_PL","og_type":"article","og_title":"Dobson 406\/1800 Flex tube Go-To Wif - Astronomy Tours","og_description":"Odkrywaj Kosmos z Teleskopem Sky-Watcher Dobson SynScan GOTO 16\" WIFI Teleskop Sky-Watcher Dobson SynScan GOTO 16\" WIFI oferuje niezwyk\u0142e do\u015bwiadczenie obserwacyjne dzi\u0119ki swoim 406 mm \u015brednicy i ogniskowej wynosz\u0105cej 1800 mm. Wyposa\u017cony w paraboliczne zwierciad\u0142o g\u0142\u00f3wne z Pyreksu oraz system wspomagaj\u0105cy z\u0142o\u017cony z czterech ramion dla zwierciad\u0142a wt\u00f3rnego, ten teleskop zapewnia doskona\u0142e osi\u0105gi optyczne, idealne do obserwacji g\u0142\u0119bokiego kosmosu.","og_url":"https:\/\/www.astronomy.tours\/pl\/produkt\/dobson-406-1800-flex-tube-go-to-wif\/","og_site_name":"Astronomy Tours","article_publisher":"https:\/\/www.facebook.com\/astronomy.tours\/","article_modified_time":"2024-06-06T06:16:31+00:00","og_image":[{"width":1095,"height":1150,"url":"https:\/\/www.astronomy.tours\/wp-content\/uploads\/2024\/04\/SW0067-1-1.webp","type":"image\/webp"}],"twitter_card":"summary_large_image","twitter_misc":{"Szacowany czas czytania":"2 minuty"},"schema":{"@context":"https:\/\/schema.org","@graph":[{"@type":"WebPage","@id":"https:\/\/www.astronomy.tours\/pl\/produkt\/dobson-406-1800-flex-tube-go-to-wif\/","url":"https:\/\/www.astronomy.tours\/pl\/produkt\/dobson-406-1800-flex-tube-go-to-wif\/","name":"Dobson 406\/1800 Flex tube Go-To Wif - Astronomy Tours","isPartOf":{"@id":"https:\/\/www.astronomy.tours\/#website"},"primaryImageOfPage":{"@id":"https:\/\/www.astronomy.tours\/pl\/produkt\/dobson-406-1800-flex-tube-go-to-wif\/#primaryimage"},"image":{"@id":"https:\/\/www.astronomy.tours\/pl\/produkt\/dobson-406-1800-flex-tube-go-to-wif\/#primaryimage"},"thumbnailUrl":"https:\/\/www.astronomy.tours\/wp-content\/uploads\/2024\/04\/SW0067-1-1.webp","datePublished":"2024-04-09T12:44:21+00:00","dateModified":"2024-06-06T06:16:31+00:00","breadcrumb":{"@id":"https:\/\/www.astronomy.tours\/pl\/produkt\/dobson-406-1800-flex-tube-go-to-wif\/#breadcrumb"},"inLanguage":"pl-PL","potentialAction":[{"@type":"ReadAction","target":["https:\/\/www.astronomy.tours\/pl\/produkt\/dobson-406-1800-flex-tube-go-to-wif\/"]}]},{"@type":"ImageObject","inLanguage":"pl-PL","@id":"https:\/\/www.astronomy.tours\/pl\/produkt\/dobson-406-1800-flex-tube-go-to-wif\/#primaryimage","url":"https:\/\/www.astronomy.tours\/wp-content\/uploads\/2024\/04\/SW0067-1-1.webp","contentUrl":"https:\/\/www.astronomy.tours\/wp-content\/uploads\/2024\/04\/SW0067-1-1.webp","width":1095,"height":1150},{"@type":"BreadcrumbList","@id":"https:\/\/www.astronomy.tours\/pl\/produkt\/dobson-406-1800-flex-tube-go-to-wif\/#breadcrumb","itemListElement":[{"@type":"ListItem","position":1,"name":"Home","item":"https:\/\/www.astronomy.tours\/pl\/"},{"@type":"ListItem","position":2,"name":"Sklep","item":"https:\/\/www.astronomy.tours\/pl\/sklep\/"},{"@type":"ListItem","position":3,"name":"Dobson 406\/1800 Flex tube Go-To Wif"}]},{"@type":"WebSite","@id":"https:\/\/www.astronomy.tours\/#website","url":"https:\/\/www.astronomy.tours\/","name":"Astronomy Tours","description":"Astronomical tours","publisher":{"@id":"https:\/\/www.astronomy.tours\/#organization"},"potentialAction":[{"@type":"SearchAction","target":{"@type":"EntryPoint","urlTemplate":"https:\/\/www.astronomy.tours\/?s={search_term_string}"},"query-input":{"@type":"PropertyValueSpecification","valueRequired":true,"valueName":"search_term_string"}}],"inLanguage":"pl-PL"},{"@type":"Organization","@id":"https:\/\/www.astronomy.tours\/#organization","name":"Astronomy Tours S.COOP","url":"https:\/\/www.astronomy.tours\/","logo":{"@type":"ImageObject","inLanguage":"pl-PL","@id":"https:\/\/www.astronomy.tours\/#\/schema\/logo\/image\/","url":"https:\/\/www.astronomy.tours\/wp-content\/uploads\/2026\/02\/logo-astronomy-tours-black-small.png","contentUrl":"https:\/\/www.astronomy.tours\/wp-content\/uploads\/2026\/02\/logo-astronomy-tours-black-small.png","width":2000,"height":740,"caption":"Astronomy Tours S.COOP"},"image":{"@id":"https:\/\/www.astronomy.tours\/#\/schema\/logo\/image\/"},"sameAs":["https:\/\/www.facebook.com\/astronomy.tours\/","https:\/\/www.instagram.com\/astronomytours\/?hl=en"]}]}},"brands":[{"id":228,"name":"SKYWATCHER","slug":"skywatcher-pl"}],"_links":{"self":[{"href":"https:\/\/www.astronomy.tours\/pl\/wp-json\/wp\/v2\/product\/1092","targetHints":{"allow":["GET"]}}],"collection":[{"href":"https:\/\/www.astronomy.tours\/pl\/wp-json\/wp\/v2\/product"}],"about":[{"href":"https:\/\/www.astronomy.tours\/pl\/wp-json\/wp\/v2\/types\/product"}],"replies":[{"embeddable":true,"href":"https:\/\/www.astronomy.tours\/pl\/wp-json\/wp\/v2\/comments?post=1092"}],"wp:featuredmedia":[{"embeddable":true,"href":"https:\/\/www.astronomy.tours\/pl\/wp-json\/wp\/v2\/media\/1629"}],"wp:attachment":[{"href":"https:\/\/www.astronomy.tours\/pl\/wp-json\/wp\/v2\/media?parent=1092"}],"wp:term":[{"taxonomy":"pwb-brand","embeddable":true,"href":"https:\/\/www.astronomy.tours\/pl\/wp-json\/wp\/v2\/pwb-brand?post=1092"},{"taxonomy":"product_brand","embeddable":true,"href":"https:\/\/www.astronomy.tours\/pl\/wp-json\/wp\/v2\/product_brand?post=1092"},{"taxonomy":"product_cat","embeddable":true,"href":"https:\/\/www.astronomy.tours\/pl\/wp-json\/wp\/v2\/product_cat?post=1092"},{"taxonomy":"product_tag","embeddable":true,"href":"https:\/\/www.astronomy.tours\/pl\/wp-json\/wp\/v2\/product_tag?post=1092"}],"curies":[{"name":"wp","href":"https:\/\/api.w.org\/{rel}","templated":true}]}}