{"id":1070,"date":"2024-04-09T14:54:02","date_gmt":"2024-04-09T12:54:02","guid":{"rendered":"https:\/\/astronomy-new.imoli.com.pl\/product\/uchwyt-az3-z-aluminiowym-statywem\/"},"modified":"2024-06-05T15:06:56","modified_gmt":"2024-06-05T13:06:56","slug":"uchwyt-az3-z-aluminiowym-statywem","status":"publish","type":"product","link":"https:\/\/www.astronomy.tours\/pl\/produkt\/uchwyt-az3-z-aluminiowym-statywem\/","title":{"rendered":"Uchwyt AZ3 z aluminiowym statywem"},"content":{"rendered":"<p class=\"p1\">Rozszerzaj\u0105c swoj\u0105 gam\u0119 monta\u017cy, Sky-Watcher prezentuje nowy model przeznaczony dla u\u017cytkownik\u00f3w lornetek i teleskop\u00f3w zainteresowanych obserwacj\u0105 zar\u00f3wno w dzie\u0144, jak i w nocy. Monta\u017c AZ3 Pronto SkyWatcher to lekki monta\u017c altazymutalny, oferuj\u0105cy najprostszy, najwygodniejszy i najbardziej wszechstronny system u\u017cytkowania. Jego ruchy s\u0105 proste: g\u00f3ra-d\u00f3\u0142 \/ lewo-prawo, bez konieczno\u015bci wyr\u00f3wnania biegunowego. Dzi\u0119ki dw\u00f3m uchwytom (umieszczonym symetrycznie) mo\u017cna dokona\u0107 precyzyjnych, p\u0142ynnych ruch\u00f3w nawet podczas obserwacji przy du\u017cych powi\u0119kszeniach. Aby uzyska\u0107 maksymaln\u0105 pr\u0119dko\u015b\u0107 wskazywania, monta\u017c mo\u017cna r\u0119cznie kierowa\u0107 w obu osiach (poprzez zwolnienie hamulc\u00f3w).<\/p>\n<p class=\"p1\">Ze zdolno\u015bci\u0105 obci\u0105\u017cenia 3 kg (z opcjonalnym m\u0119skim uchwytem typu Vixen), mo\u017cna u\u017cywa\u0107 lornetek o \u015brednicy do 80 mm lub teleskop\u00f3w Maksutowa o \u015brednicy 90-100 mm. Sk\u0142adany tr\u00f3jn\u00f3g aluminiowy jest \u0142atwy w transporcie. Jest to idealne po\u0142\u0105czenie (monta\u017c + tr\u00f3jn\u00f3g) dla obserwator\u00f3w podr\u00f3\u017cuj\u0105cych!<\/p>\n<p class=\"p1\"><strong>Specyfikacja Techniczna:<\/strong><\/p>\n<ul>\n<li class=\"p1\">Typ Monta\u017cu: Monta\u017c AZ3 Pronto SkyWatcher<\/li>\n<li class=\"p1\">Zdolno\u015b\u0107 Obci\u0105\u017cenia: 3 kg<\/li>\n<li class=\"p1\">Mechanizm: \u015alimakowy, 180 z\u0119b\u00f3w w osi AR, 116 z\u0119b\u00f3w w osi DEC<\/li>\n<li class=\"p1\">Uchwyt Typu Vixen<\/li>\n<li class=\"p1\">Tr\u00f3jn\u00f3g Sk\u0142adany: Z odst\u0119pem i kolumn\u0105 przed\u0142u\u017caj\u0105c\u0105 o 21,5 cm<\/li>\n<li class=\"p1\">Wysoko\u015b\u0107 Tr\u00f3jnoga z Monta\u017c\u0105: Od 78,5 mm do 150 mm<\/li>\n<li class=\"p1\">Waga Ca\u0142kowita: 3,85 kg<\/li>\n<\/ul>\n<p class=\"p1\">Monta\u017c AZ3 Pronto SkyWatcher z tr\u00f3jnogiem aluminiowym oferuje przeno\u015bno\u015b\u0107, \u0142atwo\u015b\u0107 u\u017cytkowania i wszechstronno\u015b\u0107, co czyni go doskona\u0142ym wyborem dla obserwator\u00f3w ci\u0105gle w ruchu, kt\u00f3rzy potrzebuj\u0105 niezawodnego monta\u017cu dla swoich lornetek lub teleskop\u00f3w.<\/p>\n","protected":false},"excerpt":{"rendered":"<p class=\"p1\"><strong>Monta\u017c Altazymutalny AZ3 Pronto SkyWatcher z Tr\u00f3jnogiem Aluminiowym<\/strong><\/p>\n<p class=\"p1\">Przedstawiamy nowy, ultraportatywny monta\u017c AZ3 Pronto SkyWatcher z tr\u00f3jnogiem i kolumn\u0105 przed\u0142u\u017caj\u0105c\u0105. Jest to najbardziej dost\u0119pne i rewolucyjne rozwi\u0105zanie dla nomadycznego astronoma!<\/p>\n","protected":false},"featured_media":1665,"comment_status":"open","ping_status":"closed","template":"","meta":[],"pwb-brand":[228],"product_brand":[],"product_cat":[122,72],"product_tag":[],"class_list":{"0":"post-1070","1":"product","2":"type-product","3":"status-publish","4":"has-post-thumbnail","6":"pwb-brand-skywatcher-pl","7":"product_cat-statywy-i-akcesoria","8":"product_cat-sprzet","10":"first","11":"instock","12":"shipping-taxable","13":"purchasable","14":"product-type-simple"},"yoast_head":"<!-- This site is optimized with the Yoast SEO plugin v25.3 - https:\/\/yoast.com\/wordpress\/plugins\/seo\/ -->\n<title>Uchwyt AZ3 z aluminiowym statywem - Astronomy Tours<\/title>\n<meta name=\"robots\" content=\"index, follow, max-snippet:-1, max-image-preview:large, max-video-preview:-1\" \/>\n<link rel=\"canonical\" href=\"https:\/\/www.astronomy.tours\/pl\/produkt\/uchwyt-az3-z-aluminiowym-statywem\/\" \/>\n<meta property=\"og:locale\" content=\"pl_PL\" \/>\n<meta property=\"og:type\" content=\"article\" \/>\n<meta property=\"og:title\" content=\"Uchwyt AZ3 z aluminiowym statywem - Astronomy Tours\" \/>\n<meta property=\"og:description\" content=\"Monta\u017c Altazymutalny AZ3 Pronto SkyWatcher z Tr\u00f3jnogiem Aluminiowym Przedstawiamy nowy, ultraportatywny monta\u017c AZ3 Pronto SkyWatcher z tr\u00f3jnogiem i kolumn\u0105 przed\u0142u\u017caj\u0105c\u0105. Jest to najbardziej dost\u0119pne i rewolucyjne rozwi\u0105zanie dla nomadycznego astronoma!\" \/>\n<meta property=\"og:url\" content=\"https:\/\/www.astronomy.tours\/pl\/produkt\/uchwyt-az3-z-aluminiowym-statywem\/\" \/>\n<meta property=\"og:site_name\" content=\"Astronomy Tours\" \/>\n<meta property=\"article:publisher\" content=\"https:\/\/www.facebook.com\/astronomy.tours\/\" \/>\n<meta property=\"article:modified_time\" content=\"2024-06-05T13:06:56+00:00\" \/>\n<meta property=\"og:image\" content=\"https:\/\/www.astronomy.tours\/wp-content\/uploads\/2024\/04\/SW0122-1-1.webp\" \/>\n\t<meta property=\"og:image:width\" content=\"916\" \/>\n\t<meta property=\"og:image:height\" content=\"1150\" \/>\n\t<meta property=\"og:image:type\" content=\"image\/webp\" \/>\n<meta name=\"twitter:card\" content=\"summary_large_image\" \/>\n<meta name=\"twitter:label1\" content=\"Szacowany czas czytania\" \/>\n\t<meta name=\"twitter:data1\" content=\"1 minuta\" \/>\n<script type=\"application\/ld+json\" class=\"yoast-schema-graph\">{\"@context\":\"https:\/\/schema.org\",\"@graph\":[{\"@type\":\"WebPage\",\"@id\":\"https:\/\/www.astronomy.tours\/pl\/produkt\/uchwyt-az3-z-aluminiowym-statywem\/\",\"url\":\"https:\/\/www.astronomy.tours\/pl\/produkt\/uchwyt-az3-z-aluminiowym-statywem\/\",\"name\":\"Uchwyt AZ3 z aluminiowym statywem - Astronomy Tours\",\"isPartOf\":{\"@id\":\"https:\/\/www.astronomy.tours\/#website\"},\"primaryImageOfPage\":{\"@id\":\"https:\/\/www.astronomy.tours\/pl\/produkt\/uchwyt-az3-z-aluminiowym-statywem\/#primaryimage\"},\"image\":{\"@id\":\"https:\/\/www.astronomy.tours\/pl\/produkt\/uchwyt-az3-z-aluminiowym-statywem\/#primaryimage\"},\"thumbnailUrl\":\"https:\/\/www.astronomy.tours\/wp-content\/uploads\/2024\/04\/SW0122-1-1.webp\",\"datePublished\":\"2024-04-09T12:54:02+00:00\",\"dateModified\":\"2024-06-05T13:06:56+00:00\",\"breadcrumb\":{\"@id\":\"https:\/\/www.astronomy.tours\/pl\/produkt\/uchwyt-az3-z-aluminiowym-statywem\/#breadcrumb\"},\"inLanguage\":\"pl-PL\",\"potentialAction\":[{\"@type\":\"ReadAction\",\"target\":[\"https:\/\/www.astronomy.tours\/pl\/produkt\/uchwyt-az3-z-aluminiowym-statywem\/\"]}]},{\"@type\":\"ImageObject\",\"inLanguage\":\"pl-PL\",\"@id\":\"https:\/\/www.astronomy.tours\/pl\/produkt\/uchwyt-az3-z-aluminiowym-statywem\/#primaryimage\",\"url\":\"https:\/\/www.astronomy.tours\/wp-content\/uploads\/2024\/04\/SW0122-1-1.webp\",\"contentUrl\":\"https:\/\/www.astronomy.tours\/wp-content\/uploads\/2024\/04\/SW0122-1-1.webp\",\"width\":916,\"height\":1150},{\"@type\":\"BreadcrumbList\",\"@id\":\"https:\/\/www.astronomy.tours\/pl\/produkt\/uchwyt-az3-z-aluminiowym-statywem\/#breadcrumb\",\"itemListElement\":[{\"@type\":\"ListItem\",\"position\":1,\"name\":\"Home\",\"item\":\"https:\/\/www.astronomy.tours\/pl\/\"},{\"@type\":\"ListItem\",\"position\":2,\"name\":\"Sklep\",\"item\":\"https:\/\/www.astronomy.tours\/pl\/sklep\/\"},{\"@type\":\"ListItem\",\"position\":3,\"name\":\"Uchwyt AZ3 z aluminiowym statywem\"}]},{\"@type\":\"WebSite\",\"@id\":\"https:\/\/www.astronomy.tours\/#website\",\"url\":\"https:\/\/www.astronomy.tours\/\",\"name\":\"Astronomy Tours\",\"description\":\"Astronomical tours\",\"publisher\":{\"@id\":\"https:\/\/www.astronomy.tours\/#organization\"},\"potentialAction\":[{\"@type\":\"SearchAction\",\"target\":{\"@type\":\"EntryPoint\",\"urlTemplate\":\"https:\/\/www.astronomy.tours\/?s={search_term_string}\"},\"query-input\":{\"@type\":\"PropertyValueSpecification\",\"valueRequired\":true,\"valueName\":\"search_term_string\"}}],\"inLanguage\":\"pl-PL\"},{\"@type\":\"Organization\",\"@id\":\"https:\/\/www.astronomy.tours\/#organization\",\"name\":\"Astronomy Tours S.COOP\",\"url\":\"https:\/\/www.astronomy.tours\/\",\"logo\":{\"@type\":\"ImageObject\",\"inLanguage\":\"pl-PL\",\"@id\":\"https:\/\/www.astronomy.tours\/#\/schema\/logo\/image\/\",\"url\":\"https:\/\/www.astronomy.tours\/wp-content\/uploads\/2026\/02\/logo-astronomy-tours-black-small.png\",\"contentUrl\":\"https:\/\/www.astronomy.tours\/wp-content\/uploads\/2026\/02\/logo-astronomy-tours-black-small.png\",\"width\":2000,\"height\":740,\"caption\":\"Astronomy Tours S.COOP\"},\"image\":{\"@id\":\"https:\/\/www.astronomy.tours\/#\/schema\/logo\/image\/\"},\"sameAs\":[\"https:\/\/www.facebook.com\/astronomy.tours\/\",\"https:\/\/www.instagram.com\/astronomytours\/?hl=en\"]}]}<\/script>\n<!-- \/ Yoast SEO plugin. -->","yoast_head_json":{"title":"Uchwyt AZ3 z aluminiowym statywem - Astronomy Tours","robots":{"index":"index","follow":"follow","max-snippet":"max-snippet:-1","max-image-preview":"max-image-preview:large","max-video-preview":"max-video-preview:-1"},"canonical":"https:\/\/www.astronomy.tours\/pl\/produkt\/uchwyt-az3-z-aluminiowym-statywem\/","og_locale":"pl_PL","og_type":"article","og_title":"Uchwyt AZ3 z aluminiowym statywem - Astronomy Tours","og_description":"Monta\u017c Altazymutalny AZ3 Pronto SkyWatcher z Tr\u00f3jnogiem Aluminiowym Przedstawiamy nowy, ultraportatywny monta\u017c AZ3 Pronto SkyWatcher z tr\u00f3jnogiem i kolumn\u0105 przed\u0142u\u017caj\u0105c\u0105. Jest to najbardziej dost\u0119pne i rewolucyjne rozwi\u0105zanie dla nomadycznego astronoma!","og_url":"https:\/\/www.astronomy.tours\/pl\/produkt\/uchwyt-az3-z-aluminiowym-statywem\/","og_site_name":"Astronomy Tours","article_publisher":"https:\/\/www.facebook.com\/astronomy.tours\/","article_modified_time":"2024-06-05T13:06:56+00:00","og_image":[{"width":916,"height":1150,"url":"https:\/\/www.astronomy.tours\/wp-content\/uploads\/2024\/04\/SW0122-1-1.webp","type":"image\/webp"}],"twitter_card":"summary_large_image","twitter_misc":{"Szacowany czas czytania":"1 minuta"},"schema":{"@context":"https:\/\/schema.org","@graph":[{"@type":"WebPage","@id":"https:\/\/www.astronomy.tours\/pl\/produkt\/uchwyt-az3-z-aluminiowym-statywem\/","url":"https:\/\/www.astronomy.tours\/pl\/produkt\/uchwyt-az3-z-aluminiowym-statywem\/","name":"Uchwyt AZ3 z aluminiowym statywem - Astronomy Tours","isPartOf":{"@id":"https:\/\/www.astronomy.tours\/#website"},"primaryImageOfPage":{"@id":"https:\/\/www.astronomy.tours\/pl\/produkt\/uchwyt-az3-z-aluminiowym-statywem\/#primaryimage"},"image":{"@id":"https:\/\/www.astronomy.tours\/pl\/produkt\/uchwyt-az3-z-aluminiowym-statywem\/#primaryimage"},"thumbnailUrl":"https:\/\/www.astronomy.tours\/wp-content\/uploads\/2024\/04\/SW0122-1-1.webp","datePublished":"2024-04-09T12:54:02+00:00","dateModified":"2024-06-05T13:06:56+00:00","breadcrumb":{"@id":"https:\/\/www.astronomy.tours\/pl\/produkt\/uchwyt-az3-z-aluminiowym-statywem\/#breadcrumb"},"inLanguage":"pl-PL","potentialAction":[{"@type":"ReadAction","target":["https:\/\/www.astronomy.tours\/pl\/produkt\/uchwyt-az3-z-aluminiowym-statywem\/"]}]},{"@type":"ImageObject","inLanguage":"pl-PL","@id":"https:\/\/www.astronomy.tours\/pl\/produkt\/uchwyt-az3-z-aluminiowym-statywem\/#primaryimage","url":"https:\/\/www.astronomy.tours\/wp-content\/uploads\/2024\/04\/SW0122-1-1.webp","contentUrl":"https:\/\/www.astronomy.tours\/wp-content\/uploads\/2024\/04\/SW0122-1-1.webp","width":916,"height":1150},{"@type":"BreadcrumbList","@id":"https:\/\/www.astronomy.tours\/pl\/produkt\/uchwyt-az3-z-aluminiowym-statywem\/#breadcrumb","itemListElement":[{"@type":"ListItem","position":1,"name":"Home","item":"https:\/\/www.astronomy.tours\/pl\/"},{"@type":"ListItem","position":2,"name":"Sklep","item":"https:\/\/www.astronomy.tours\/pl\/sklep\/"},{"@type":"ListItem","position":3,"name":"Uchwyt AZ3 z aluminiowym statywem"}]},{"@type":"WebSite","@id":"https:\/\/www.astronomy.tours\/#website","url":"https:\/\/www.astronomy.tours\/","name":"Astronomy Tours","description":"Astronomical tours","publisher":{"@id":"https:\/\/www.astronomy.tours\/#organization"},"potentialAction":[{"@type":"SearchAction","target":{"@type":"EntryPoint","urlTemplate":"https:\/\/www.astronomy.tours\/?s={search_term_string}"},"query-input":{"@type":"PropertyValueSpecification","valueRequired":true,"valueName":"search_term_string"}}],"inLanguage":"pl-PL"},{"@type":"Organization","@id":"https:\/\/www.astronomy.tours\/#organization","name":"Astronomy Tours S.COOP","url":"https:\/\/www.astronomy.tours\/","logo":{"@type":"ImageObject","inLanguage":"pl-PL","@id":"https:\/\/www.astronomy.tours\/#\/schema\/logo\/image\/","url":"https:\/\/www.astronomy.tours\/wp-content\/uploads\/2026\/02\/logo-astronomy-tours-black-small.png","contentUrl":"https:\/\/www.astronomy.tours\/wp-content\/uploads\/2026\/02\/logo-astronomy-tours-black-small.png","width":2000,"height":740,"caption":"Astronomy Tours S.COOP"},"image":{"@id":"https:\/\/www.astronomy.tours\/#\/schema\/logo\/image\/"},"sameAs":["https:\/\/www.facebook.com\/astronomy.tours\/","https:\/\/www.instagram.com\/astronomytours\/?hl=en"]}]}},"brands":[{"id":228,"name":"SKYWATCHER","slug":"skywatcher-pl"}],"_links":{"self":[{"href":"https:\/\/www.astronomy.tours\/pl\/wp-json\/wp\/v2\/product\/1070","targetHints":{"allow":["GET"]}}],"collection":[{"href":"https:\/\/www.astronomy.tours\/pl\/wp-json\/wp\/v2\/product"}],"about":[{"href":"https:\/\/www.astronomy.tours\/pl\/wp-json\/wp\/v2\/types\/product"}],"replies":[{"embeddable":true,"href":"https:\/\/www.astronomy.tours\/pl\/wp-json\/wp\/v2\/comments?post=1070"}],"wp:featuredmedia":[{"embeddable":true,"href":"https:\/\/www.astronomy.tours\/pl\/wp-json\/wp\/v2\/media\/1665"}],"wp:attachment":[{"href":"https:\/\/www.astronomy.tours\/pl\/wp-json\/wp\/v2\/media?parent=1070"}],"wp:term":[{"taxonomy":"pwb-brand","embeddable":true,"href":"https:\/\/www.astronomy.tours\/pl\/wp-json\/wp\/v2\/pwb-brand?post=1070"},{"taxonomy":"product_brand","embeddable":true,"href":"https:\/\/www.astronomy.tours\/pl\/wp-json\/wp\/v2\/product_brand?post=1070"},{"taxonomy":"product_cat","embeddable":true,"href":"https:\/\/www.astronomy.tours\/pl\/wp-json\/wp\/v2\/product_cat?post=1070"},{"taxonomy":"product_tag","embeddable":true,"href":"https:\/\/www.astronomy.tours\/pl\/wp-json\/wp\/v2\/product_tag?post=1070"}],"curies":[{"name":"wp","href":"https:\/\/api.w.org\/{rel}","templated":true}]}}