{"id":1069,"date":"2024-04-09T14:55:47","date_gmt":"2024-04-09T12:55:47","guid":{"rendered":"https:\/\/astronomy-new.imoli.com.pl\/product\/uchwyt-az5-bez-triopodu\/"},"modified":"2024-06-05T15:10:04","modified_gmt":"2024-06-05T13:10:04","slug":"uchwyt-az5-bez-triopodu","status":"publish","type":"product","link":"https:\/\/www.astronomy.tours\/pl\/produkt\/uchwyt-az5-bez-triopodu\/","title":{"rendered":"Uchwyt AZ5 bez triopodu"},"content":{"rendered":"<p class=\"p1\">Monta\u017c AZ5 SkyWatcher zosta\u0142 zaprojektowany, aby zapewni\u0107 wszechstronno\u015b\u0107 i \u0142atwo\u015b\u0107 u\u017cytkowania dla astronom\u00f3w, kt\u00f3rzy s\u0105 ci\u0105gle w ruchu. Jego konstrukcja altazymutalna umo\u017cliwia proste ruchy g\u00f3ra-d\u00f3\u0142 i lewo-prawo bez konieczno\u015bci wyr\u00f3wnania biegunowego. Dzi\u0119ki dw\u00f3m symetrycznie umieszczonym pokr\u0119t\u0142om steruj\u0105cym, mo\u017cna dok\u0142adnie dostosowa\u0107 ustawienia nawet podczas obserwacji przy du\u017cych powi\u0119kszeniach. Aby uzyska\u0107 maksymaln\u0105 pr\u0119dko\u015b\u0107 wskazywania, monta\u017c mo\u017cna r\u0119cznie kierowa\u0107 w obu osiach poprzez zwolnienie hamulc\u00f3w.<\/p>\n<p class=\"p1\">Ze zdolno\u015bci\u0105 obci\u0105\u017cenia 5 kg (z opcjonalnym m\u0119skim uchwytem typu Vixen), mo\u017cna u\u017cywa\u0107 lornetek o \u015brednicy do 100-120 mm lub teleskop\u00f3w Maksutowa do 127 mm, a nawet ma\u0142ych teleskop\u00f3w optycznych Newtona (nale\u017cy zwr\u00f3ci\u0107 uwag\u0119 na d\u0142ugo\u015b\u0107 tubusu w tym ostatnim przypadku). Sk\u0142adany tr\u00f3jn\u00f3g aluminiowy jest \u0142atwy w transporcie. To idealne po\u0142\u0105czenie (monta\u017c + tr\u00f3jn\u00f3g) dla obserwatora podr\u00f3\u017cuj\u0105cego!<\/p>\n<p class=\"p1\"><strong>Specyfikacja Techniczna:<\/strong><\/p>\n<ul>\n<li class=\"p1\">Typ Monta\u017cu: SkyWatcher AZ5 Deluxe Manual Mount<\/li>\n<li class=\"p1\">Zdolno\u015b\u0107 Obci\u0105\u017cenia: 5 kg<\/li>\n<li class=\"p1\">Mechanika: \u015alimakowy, 96 z\u0119b\u00f3w w obu osiach AR i DEC<\/li>\n<li class=\"p1\">Obr\u00f3t: AZ 360\u00ba, ALT -50\u00ba do +90\u00ba<\/li>\n<li class=\"p1\">Uchwyt Typu Vixen<\/li>\n<li class=\"p1\">Sk\u0142adany tr\u00f3jn\u00f3g z odst\u0119pem i kolumn\u0105 przed\u0142u\u017caj\u0105c\u0105 o 21,5 cm<\/li>\n<li class=\"p1\">Wysoko\u015b\u0107 tr\u00f3jnoga plus monta\u017c: od 86,5 mm do 158 mm<\/li>\n<li class=\"p1\">Ca\u0142kowita Waga: 4,9 kg<\/li>\n<\/ul>\n","protected":false},"excerpt":{"rendered":"<p class=\"p1\"><strong>Monta\u017c AZ5 SkyWatcher (Bez Tr\u00f3jnoga)<\/strong><\/p>\n<p class=\"p1\">Przedstawiamy nowy, ultraportatywny monta\u017c AZ5 SkyWatcher bez tr\u00f3jnoga i kolumny przed\u0142u\u017caj\u0105cej. Jest to najbardziej dost\u0119pne i rewolucyjne rozwi\u0105zanie dla nomadycznego astronoma!<\/p>\n","protected":false},"featured_media":1689,"comment_status":"open","ping_status":"closed","template":"","meta":[],"pwb-brand":[228],"product_brand":[],"product_cat":[120,72],"product_tag":[],"class_list":{"0":"post-1069","1":"product","2":"type-product","3":"status-publish","4":"has-post-thumbnail","6":"pwb-brand-skywatcher-pl","7":"product_cat-teleskopy","8":"product_cat-sprzet","10":"first","11":"instock","12":"shipping-taxable","13":"purchasable","14":"product-type-simple"},"yoast_head":"<!-- This site is optimized with the Yoast SEO plugin v25.3 - https:\/\/yoast.com\/wordpress\/plugins\/seo\/ -->\n<title>Uchwyt AZ5 bez triopodu - Astronomy Tours<\/title>\n<meta name=\"robots\" content=\"index, follow, max-snippet:-1, max-image-preview:large, max-video-preview:-1\" \/>\n<link rel=\"canonical\" href=\"https:\/\/www.astronomy.tours\/produkt\/az5-mount-without-triopod\/\" \/>\n<meta property=\"og:locale\" content=\"pl_PL\" \/>\n<meta property=\"og:type\" content=\"article\" \/>\n<meta property=\"og:title\" content=\"Uchwyt AZ5 bez triopodu - Astronomy Tours\" \/>\n<meta property=\"og:description\" content=\"Monta\u017c AZ5 SkyWatcher (Bez Tr\u00f3jnoga) Przedstawiamy nowy, ultraportatywny monta\u017c AZ5 SkyWatcher bez tr\u00f3jnoga i kolumny przed\u0142u\u017caj\u0105cej. Jest to najbardziej dost\u0119pne i rewolucyjne rozwi\u0105zanie dla nomadycznego astronoma!\" \/>\n<meta property=\"og:url\" content=\"https:\/\/www.astronomy.tours\/produkt\/az5-mount-without-triopod\/\" \/>\n<meta property=\"og:site_name\" content=\"Astronomy Tours\" \/>\n<meta property=\"article:publisher\" content=\"https:\/\/www.facebook.com\/astronomy.tours\/\" \/>\n<meta property=\"article:modified_time\" content=\"2024-06-05T13:10:04+00:00\" \/>\n<meta property=\"og:image\" content=\"https:\/\/www.astronomy.tours\/wp-content\/uploads\/2024\/04\/SW0408-1.webp\" \/>\n\t<meta property=\"og:image:width\" content=\"1150\" \/>\n\t<meta property=\"og:image:height\" content=\"1150\" \/>\n\t<meta property=\"og:image:type\" content=\"image\/webp\" \/>\n<meta name=\"twitter:card\" content=\"summary_large_image\" \/>\n<meta name=\"twitter:label1\" content=\"Szacowany czas czytania\" \/>\n\t<meta name=\"twitter:data1\" content=\"1 minuta\" \/>\n<script type=\"application\/ld+json\" class=\"yoast-schema-graph\">{\"@context\":\"https:\/\/schema.org\",\"@graph\":[{\"@type\":\"WebPage\",\"@id\":\"https:\/\/www.astronomy.tours\/produkt\/az5-mount-without-triopod\/\",\"url\":\"https:\/\/www.astronomy.tours\/produkt\/az5-mount-without-triopod\/\",\"name\":\"Uchwyt AZ5 bez triopodu - Astronomy Tours\",\"isPartOf\":{\"@id\":\"https:\/\/www.astronomy.tours\/#website\"},\"primaryImageOfPage\":{\"@id\":\"https:\/\/www.astronomy.tours\/produkt\/az5-mount-without-triopod\/#primaryimage\"},\"image\":{\"@id\":\"https:\/\/www.astronomy.tours\/produkt\/az5-mount-without-triopod\/#primaryimage\"},\"thumbnailUrl\":\"https:\/\/www.astronomy.tours\/wp-content\/uploads\/2024\/04\/SW0408-1.webp\",\"datePublished\":\"2024-04-09T12:55:47+00:00\",\"dateModified\":\"2024-06-05T13:10:04+00:00\",\"breadcrumb\":{\"@id\":\"https:\/\/www.astronomy.tours\/produkt\/az5-mount-without-triopod\/#breadcrumb\"},\"inLanguage\":\"pl-PL\",\"potentialAction\":[{\"@type\":\"ReadAction\",\"target\":[\"https:\/\/www.astronomy.tours\/produkt\/az5-mount-without-triopod\/\"]}]},{\"@type\":\"ImageObject\",\"inLanguage\":\"pl-PL\",\"@id\":\"https:\/\/www.astronomy.tours\/produkt\/az5-mount-without-triopod\/#primaryimage\",\"url\":\"https:\/\/www.astronomy.tours\/wp-content\/uploads\/2024\/04\/SW0408-1.webp\",\"contentUrl\":\"https:\/\/www.astronomy.tours\/wp-content\/uploads\/2024\/04\/SW0408-1.webp\",\"width\":1150,\"height\":1150},{\"@type\":\"BreadcrumbList\",\"@id\":\"https:\/\/www.astronomy.tours\/produkt\/az5-mount-without-triopod\/#breadcrumb\",\"itemListElement\":[{\"@type\":\"ListItem\",\"position\":1,\"name\":\"Home\",\"item\":\"https:\/\/www.astronomy.tours\/pl\/\"},{\"@type\":\"ListItem\",\"position\":2,\"name\":\"Sklep\",\"item\":\"https:\/\/www.astronomy.tours\/pl\/sklep\/\"},{\"@type\":\"ListItem\",\"position\":3,\"name\":\"Uchwyt AZ5 bez triopodu\"}]},{\"@type\":\"WebSite\",\"@id\":\"https:\/\/www.astronomy.tours\/#website\",\"url\":\"https:\/\/www.astronomy.tours\/\",\"name\":\"Astronomy Tours\",\"description\":\"Astronomical tours\",\"publisher\":{\"@id\":\"https:\/\/www.astronomy.tours\/#organization\"},\"potentialAction\":[{\"@type\":\"SearchAction\",\"target\":{\"@type\":\"EntryPoint\",\"urlTemplate\":\"https:\/\/www.astronomy.tours\/?s={search_term_string}\"},\"query-input\":{\"@type\":\"PropertyValueSpecification\",\"valueRequired\":true,\"valueName\":\"search_term_string\"}}],\"inLanguage\":\"pl-PL\"},{\"@type\":\"Organization\",\"@id\":\"https:\/\/www.astronomy.tours\/#organization\",\"name\":\"Astronomy Tours S.COOP\",\"url\":\"https:\/\/www.astronomy.tours\/\",\"logo\":{\"@type\":\"ImageObject\",\"inLanguage\":\"pl-PL\",\"@id\":\"https:\/\/www.astronomy.tours\/#\/schema\/logo\/image\/\",\"url\":\"https:\/\/www.astronomy.tours\/wp-content\/uploads\/2026\/02\/logo-astronomy-tours-black-small.png\",\"contentUrl\":\"https:\/\/www.astronomy.tours\/wp-content\/uploads\/2026\/02\/logo-astronomy-tours-black-small.png\",\"width\":2000,\"height\":740,\"caption\":\"Astronomy Tours S.COOP\"},\"image\":{\"@id\":\"https:\/\/www.astronomy.tours\/#\/schema\/logo\/image\/\"},\"sameAs\":[\"https:\/\/www.facebook.com\/astronomy.tours\/\",\"https:\/\/www.instagram.com\/astronomytours\/?hl=en\"]}]}<\/script>\n<!-- \/ Yoast SEO plugin. -->","yoast_head_json":{"title":"Uchwyt AZ5 bez triopodu - Astronomy Tours","robots":{"index":"index","follow":"follow","max-snippet":"max-snippet:-1","max-image-preview":"max-image-preview:large","max-video-preview":"max-video-preview:-1"},"canonical":"https:\/\/www.astronomy.tours\/produkt\/az5-mount-without-triopod\/","og_locale":"pl_PL","og_type":"article","og_title":"Uchwyt AZ5 bez triopodu - Astronomy Tours","og_description":"Monta\u017c AZ5 SkyWatcher (Bez Tr\u00f3jnoga) Przedstawiamy nowy, ultraportatywny monta\u017c AZ5 SkyWatcher bez tr\u00f3jnoga i kolumny przed\u0142u\u017caj\u0105cej. Jest to najbardziej dost\u0119pne i rewolucyjne rozwi\u0105zanie dla nomadycznego astronoma!","og_url":"https:\/\/www.astronomy.tours\/produkt\/az5-mount-without-triopod\/","og_site_name":"Astronomy Tours","article_publisher":"https:\/\/www.facebook.com\/astronomy.tours\/","article_modified_time":"2024-06-05T13:10:04+00:00","og_image":[{"width":1150,"height":1150,"url":"https:\/\/www.astronomy.tours\/wp-content\/uploads\/2024\/04\/SW0408-1.webp","type":"image\/webp"}],"twitter_card":"summary_large_image","twitter_misc":{"Szacowany czas czytania":"1 minuta"},"schema":{"@context":"https:\/\/schema.org","@graph":[{"@type":"WebPage","@id":"https:\/\/www.astronomy.tours\/produkt\/az5-mount-without-triopod\/","url":"https:\/\/www.astronomy.tours\/produkt\/az5-mount-without-triopod\/","name":"Uchwyt AZ5 bez triopodu - Astronomy Tours","isPartOf":{"@id":"https:\/\/www.astronomy.tours\/#website"},"primaryImageOfPage":{"@id":"https:\/\/www.astronomy.tours\/produkt\/az5-mount-without-triopod\/#primaryimage"},"image":{"@id":"https:\/\/www.astronomy.tours\/produkt\/az5-mount-without-triopod\/#primaryimage"},"thumbnailUrl":"https:\/\/www.astronomy.tours\/wp-content\/uploads\/2024\/04\/SW0408-1.webp","datePublished":"2024-04-09T12:55:47+00:00","dateModified":"2024-06-05T13:10:04+00:00","breadcrumb":{"@id":"https:\/\/www.astronomy.tours\/produkt\/az5-mount-without-triopod\/#breadcrumb"},"inLanguage":"pl-PL","potentialAction":[{"@type":"ReadAction","target":["https:\/\/www.astronomy.tours\/produkt\/az5-mount-without-triopod\/"]}]},{"@type":"ImageObject","inLanguage":"pl-PL","@id":"https:\/\/www.astronomy.tours\/produkt\/az5-mount-without-triopod\/#primaryimage","url":"https:\/\/www.astronomy.tours\/wp-content\/uploads\/2024\/04\/SW0408-1.webp","contentUrl":"https:\/\/www.astronomy.tours\/wp-content\/uploads\/2024\/04\/SW0408-1.webp","width":1150,"height":1150},{"@type":"BreadcrumbList","@id":"https:\/\/www.astronomy.tours\/produkt\/az5-mount-without-triopod\/#breadcrumb","itemListElement":[{"@type":"ListItem","position":1,"name":"Home","item":"https:\/\/www.astronomy.tours\/pl\/"},{"@type":"ListItem","position":2,"name":"Sklep","item":"https:\/\/www.astronomy.tours\/pl\/sklep\/"},{"@type":"ListItem","position":3,"name":"Uchwyt AZ5 bez triopodu"}]},{"@type":"WebSite","@id":"https:\/\/www.astronomy.tours\/#website","url":"https:\/\/www.astronomy.tours\/","name":"Astronomy Tours","description":"Astronomical tours","publisher":{"@id":"https:\/\/www.astronomy.tours\/#organization"},"potentialAction":[{"@type":"SearchAction","target":{"@type":"EntryPoint","urlTemplate":"https:\/\/www.astronomy.tours\/?s={search_term_string}"},"query-input":{"@type":"PropertyValueSpecification","valueRequired":true,"valueName":"search_term_string"}}],"inLanguage":"pl-PL"},{"@type":"Organization","@id":"https:\/\/www.astronomy.tours\/#organization","name":"Astronomy Tours S.COOP","url":"https:\/\/www.astronomy.tours\/","logo":{"@type":"ImageObject","inLanguage":"pl-PL","@id":"https:\/\/www.astronomy.tours\/#\/schema\/logo\/image\/","url":"https:\/\/www.astronomy.tours\/wp-content\/uploads\/2026\/02\/logo-astronomy-tours-black-small.png","contentUrl":"https:\/\/www.astronomy.tours\/wp-content\/uploads\/2026\/02\/logo-astronomy-tours-black-small.png","width":2000,"height":740,"caption":"Astronomy Tours S.COOP"},"image":{"@id":"https:\/\/www.astronomy.tours\/#\/schema\/logo\/image\/"},"sameAs":["https:\/\/www.facebook.com\/astronomy.tours\/","https:\/\/www.instagram.com\/astronomytours\/?hl=en"]}]}},"brands":[{"id":228,"name":"SKYWATCHER","slug":"skywatcher-pl"}],"_links":{"self":[{"href":"https:\/\/www.astronomy.tours\/pl\/wp-json\/wp\/v2\/product\/1069","targetHints":{"allow":["GET"]}}],"collection":[{"href":"https:\/\/www.astronomy.tours\/pl\/wp-json\/wp\/v2\/product"}],"about":[{"href":"https:\/\/www.astronomy.tours\/pl\/wp-json\/wp\/v2\/types\/product"}],"replies":[{"embeddable":true,"href":"https:\/\/www.astronomy.tours\/pl\/wp-json\/wp\/v2\/comments?post=1069"}],"wp:featuredmedia":[{"embeddable":true,"href":"https:\/\/www.astronomy.tours\/pl\/wp-json\/wp\/v2\/media\/1689"}],"wp:attachment":[{"href":"https:\/\/www.astronomy.tours\/pl\/wp-json\/wp\/v2\/media?parent=1069"}],"wp:term":[{"taxonomy":"pwb-brand","embeddable":true,"href":"https:\/\/www.astronomy.tours\/pl\/wp-json\/wp\/v2\/pwb-brand?post=1069"},{"taxonomy":"product_brand","embeddable":true,"href":"https:\/\/www.astronomy.tours\/pl\/wp-json\/wp\/v2\/product_brand?post=1069"},{"taxonomy":"product_cat","embeddable":true,"href":"https:\/\/www.astronomy.tours\/pl\/wp-json\/wp\/v2\/product_cat?post=1069"},{"taxonomy":"product_tag","embeddable":true,"href":"https:\/\/www.astronomy.tours\/pl\/wp-json\/wp\/v2\/product_tag?post=1069"}],"curies":[{"name":"wp","href":"https:\/\/api.w.org\/{rel}","templated":true}]}}