{"id":1068,"date":"2024-04-09T14:58:10","date_gmt":"2024-04-09T12:58:10","guid":{"rendered":"https:\/\/astronomy-new.imoli.com.pl\/product\/uchwyt-miniaz-go-to-wifi-bez-statywu\/"},"modified":"2024-06-05T15:13:12","modified_gmt":"2024-06-05T13:13:12","slug":"uchwyt-miniaz-go-to-wifi-bez-statywu","status":"publish","type":"product","link":"https:\/\/www.astronomy.tours\/pl\/produkt\/uchwyt-miniaz-go-to-wifi-bez-statywu\/","title":{"rendered":"Uchwyt MiniAZ Go-To wifi bez statywu"},"content":{"rendered":"<p class=\"p1\">Aby poszerzy\u0107 swoj\u0105 ofert\u0119 monta\u017cy, Sky-Watcher oferuje nowy model dla u\u017cytkownik\u00f3w lornetek i teleskop\u00f3w zainteresowanych obserwacj\u0105 zar\u00f3wno w dzie\u0144, jak i w nocy. Monta\u017c Mini AZ-GTi WiFi firmy SkyWatcher to monta\u017c Go-To z baz\u0105 danych, umo\u017cliwiaj\u0105cy automatyczne lokalizowanie obiekt\u00f3w astronomicznych.<\/p>\n<p class=\"p1\">Monta\u017c Go-To WiFi AZ-GTi jest wi\u0119c monta\u017cem altazymutalnym, najprostszym, najwygodniejszym i najbardziej wszechstronnym systemem, kt\u00f3ry mo\u017cna u\u017cywa\u0107, z zastosowaniem silnika w obu osiach i wyposa\u017cony w w\u0142asn\u0105 sie\u0107 WiFi. Za pomoc\u0105 smartfona (Androida Google&#8217;a lub iOS Apple&#8217;a) i bezp\u0142atnej aplikacji SynScan mo\u017cesz \u0142atwo sterowa\u0107 swoim monta\u017cem bez konieczno\u015bci u\u017cywania kabli!<\/p>\n<p class=\"p1\">Po wprowadzeniu wsp\u00f3\u0142rz\u0119dnych do aplikacji i wykonaniu procedury wywa\u017cania, mo\u017cesz eksplorowa\u0107 Wszech\u015bwiat za pomoc\u0105 smartfona lub tabletu. Nie musisz zna\u0107 nieba dzi\u0119ki bazie danych obejmuj\u0105cej ponad 10 000 obiekt\u00f3w&#8230; a korzystaj\u0105c z silnika dwuosiowego, unikniesz konieczno\u015bci r\u0119cznej kompensacji rotacji Ziemi. Monta\u017c SkyWatcher AZ GOTO WiFi, AZ-GTi, pozwala nawet na korzystanie z technologii Freedom-Find\u2122 firmy SkyWatcher, aby r\u0119cznie porusza\u0107 instrumentem bez utraty pozycji (w innych rodzajach monta\u017cy, je\u015bli odczepisz osie, aby wykona\u0107 ruch manualny, teleskop traci wyr\u00f3wnanie i proces musi by\u0107 powt\u00f3rzony). W ten spos\u00f3b masz maksymaln\u0105 swobod\u0119 i elastyczno\u015b\u0107 podczas obserwacji.<\/p>\n<p class=\"p1\">Z \u0142adowno\u015bci\u0105 5 kg (z opcjonalnym uchwytem Vixen) mo\u017cna u\u017cywa\u0107 lornetek o \u015brednicy do 100\/120 mm lub teleskop\u00f3w Maksutowa do 127 mm, a tak\u017ce ma\u0142ych teleskop\u00f3w Newtona. To idealne wyposa\u017cenie dla obserwatora podr\u00f3\u017cuj\u0105cego.<\/p>\n<p class=\"p1\"><strong>Specyfikacje Techniczne:<\/strong><\/p>\n<ul>\n<li class=\"p1\">Rodzaj Monta\u017cu: Monta\u017c Sky-Watcher AZ-GTi WiFi Go-To<\/li>\n<li class=\"p1\">Automatyzacja: Go-To<\/li>\n<li class=\"p1\">\u0141adowno\u015b\u0107: 5 kg<\/li>\n<li class=\"p1\">Nap\u0119d: Serwosilnik DC w obu osiach.<\/li>\n<li class=\"p1\">Sterowanie: za pomoc\u0105 bezp\u0142atnej aplikacji SynScan (iOS lub Android) lub opcjonalnego pilota r\u0119cznego SynScan.<\/li>\n<li class=\"p1\">Baza Danych w Aplikacji SynScan: +40 000 obiekt\u00f3w, w tym katalogi Messier, NGC, IC, Caldwell. 305 gwiazd nazwanych, 55 gwiazd podw\u00f3jnych, planety, Ksi\u0119\u017cyc i S\u0142o\u0144ce.<\/li>\n<li class=\"p1\">Wywa\u017canie: Najja\u015bniejsza Gwiazda lub Poziom P\u00f3\u0142nocny<\/li>\n<li class=\"p1\">Inne funkcje Aplikacji SynScan: Najlepsze obiekty nocy, identyfikacja obiekt\u00f3w, kontrola internetowa, PAE (ulepszenie dok\u0142adno\u015bci wskazywania).<\/li>\n<li class=\"p1\">Dok\u0142adno\u015b\u0107 Wskazywania: 10&#8221; RMS k\u0105ta<\/li>\n<li class=\"p1\">Rozdzielczo\u015b\u0107: Enkodery z 2 073 600 impulsami\/obr\u00f3t (0,625 sekundy k\u0105towe)<\/li>\n<li class=\"p1\">Typ Wskazywania: Technologia podw\u00f3jnych enkoder\u00f3w Freedom-Find\u2122<\/li>\n<li class=\"p1\">Typ \u015aledzenia: Syderyczne, Ksi\u0119\u017cycowe, S\u0142oneczne<\/li>\n<li class=\"p1\">Zakres Pr\u0119dko\u015bci: od 0,5x do 800x<\/li>\n<li class=\"p1\">Port Po\u0142\u0105czenia dla Pilota R\u0119cznego SynScan Port Wyzwalacza Migawki Kamery (kabel opcjonalny) Zintegrowany modu\u0142 Wifi Gniazdo zasilania 12V<\/li>\n<li class=\"p1\">Uchwyt Vixen<\/li>\n<li class=\"p1\">Waga Monta\u017cu: 1,3 kg Waga Statywu: 2,6 kg Waga Ca\u0142kowita: 3,9 kg<\/li>\n<li class=\"p1\">Zasilanie: 12V DC (opcjonalny kabel baterii lub zbiornik zasilania) lub baterie AA (8 sztuk AA\/LR6 nie s\u0105 do\u0142\u0105czone)<\/li>\n<\/ul>\n","protected":false},"excerpt":{"rendered":"<p class=\"p1\"><strong>MiniAZ Go-To monta\u017c WiFi (bez statywu)<\/strong><\/p>\n<p class=\"p1\">Nowy ultra przeno\u015bny monta\u017c Mini AZ-GTi WiFi firmy SkyWatcher BEZ statywu. Najta\u0144sze i najbardziej rewolucyjne rozwi\u0105zanie dla astronoma podr\u00f3\u017cuj\u0105cego!<\/p>\n","protected":false},"featured_media":1680,"comment_status":"open","ping_status":"closed","template":"","meta":[],"pwb-brand":[228],"product_brand":[],"product_cat":[122,72],"product_tag":[],"class_list":{"0":"post-1068","1":"product","2":"type-product","3":"status-publish","4":"has-post-thumbnail","6":"pwb-brand-skywatcher-pl","7":"product_cat-statywy-i-akcesoria","8":"product_cat-sprzet","10":"first","11":"instock","12":"shipping-taxable","13":"purchasable","14":"product-type-simple"},"yoast_head":"<!-- This site is optimized with the Yoast SEO plugin v25.3 - https:\/\/yoast.com\/wordpress\/plugins\/seo\/ -->\n<title>Uchwyt MiniAZ Go-To wifi bez statywu - Astronomy Tours<\/title>\n<meta name=\"robots\" content=\"index, follow, max-snippet:-1, max-image-preview:large, max-video-preview:-1\" \/>\n<link rel=\"canonical\" href=\"https:\/\/www.astronomy.tours\/pl\/produkt\/uchwyt-miniaz-go-to-wifi-bez-statywu\/\" \/>\n<meta property=\"og:locale\" content=\"pl_PL\" \/>\n<meta property=\"og:type\" content=\"article\" \/>\n<meta property=\"og:title\" content=\"Uchwyt MiniAZ Go-To wifi bez statywu - Astronomy Tours\" \/>\n<meta property=\"og:description\" content=\"MiniAZ Go-To monta\u017c WiFi (bez statywu) Nowy ultra przeno\u015bny monta\u017c Mini AZ-GTi WiFi firmy SkyWatcher BEZ statywu. Najta\u0144sze i najbardziej rewolucyjne rozwi\u0105zanie dla astronoma podr\u00f3\u017cuj\u0105cego!\" \/>\n<meta property=\"og:url\" content=\"https:\/\/www.astronomy.tours\/pl\/produkt\/uchwyt-miniaz-go-to-wifi-bez-statywu\/\" \/>\n<meta property=\"og:site_name\" content=\"Astronomy Tours\" \/>\n<meta property=\"article:publisher\" content=\"https:\/\/www.facebook.com\/astronomy.tours\/\" \/>\n<meta property=\"article:modified_time\" content=\"2024-06-05T13:13:12+00:00\" \/>\n<meta property=\"og:image\" content=\"https:\/\/www.astronomy.tours\/wp-content\/uploads\/2024\/04\/SW0407-1-2.webp\" \/>\n\t<meta property=\"og:image:width\" content=\"1150\" \/>\n\t<meta property=\"og:image:height\" content=\"1150\" \/>\n\t<meta property=\"og:image:type\" content=\"image\/webp\" \/>\n<meta name=\"twitter:card\" content=\"summary_large_image\" \/>\n<meta name=\"twitter:label1\" content=\"Szacowany czas czytania\" \/>\n\t<meta name=\"twitter:data1\" content=\"2 minuty\" \/>\n<script type=\"application\/ld+json\" class=\"yoast-schema-graph\">{\"@context\":\"https:\/\/schema.org\",\"@graph\":[{\"@type\":\"WebPage\",\"@id\":\"https:\/\/www.astronomy.tours\/pl\/produkt\/uchwyt-miniaz-go-to-wifi-bez-statywu\/\",\"url\":\"https:\/\/www.astronomy.tours\/pl\/produkt\/uchwyt-miniaz-go-to-wifi-bez-statywu\/\",\"name\":\"Uchwyt MiniAZ Go-To wifi bez statywu - Astronomy Tours\",\"isPartOf\":{\"@id\":\"https:\/\/www.astronomy.tours\/#website\"},\"primaryImageOfPage\":{\"@id\":\"https:\/\/www.astronomy.tours\/pl\/produkt\/uchwyt-miniaz-go-to-wifi-bez-statywu\/#primaryimage\"},\"image\":{\"@id\":\"https:\/\/www.astronomy.tours\/pl\/produkt\/uchwyt-miniaz-go-to-wifi-bez-statywu\/#primaryimage\"},\"thumbnailUrl\":\"https:\/\/www.astronomy.tours\/wp-content\/uploads\/2024\/04\/SW0407-1-2.webp\",\"datePublished\":\"2024-04-09T12:58:10+00:00\",\"dateModified\":\"2024-06-05T13:13:12+00:00\",\"breadcrumb\":{\"@id\":\"https:\/\/www.astronomy.tours\/pl\/produkt\/uchwyt-miniaz-go-to-wifi-bez-statywu\/#breadcrumb\"},\"inLanguage\":\"pl-PL\",\"potentialAction\":[{\"@type\":\"ReadAction\",\"target\":[\"https:\/\/www.astronomy.tours\/pl\/produkt\/uchwyt-miniaz-go-to-wifi-bez-statywu\/\"]}]},{\"@type\":\"ImageObject\",\"inLanguage\":\"pl-PL\",\"@id\":\"https:\/\/www.astronomy.tours\/pl\/produkt\/uchwyt-miniaz-go-to-wifi-bez-statywu\/#primaryimage\",\"url\":\"https:\/\/www.astronomy.tours\/wp-content\/uploads\/2024\/04\/SW0407-1-2.webp\",\"contentUrl\":\"https:\/\/www.astronomy.tours\/wp-content\/uploads\/2024\/04\/SW0407-1-2.webp\",\"width\":1150,\"height\":1150},{\"@type\":\"BreadcrumbList\",\"@id\":\"https:\/\/www.astronomy.tours\/pl\/produkt\/uchwyt-miniaz-go-to-wifi-bez-statywu\/#breadcrumb\",\"itemListElement\":[{\"@type\":\"ListItem\",\"position\":1,\"name\":\"Home\",\"item\":\"https:\/\/www.astronomy.tours\/pl\/\"},{\"@type\":\"ListItem\",\"position\":2,\"name\":\"Sklep\",\"item\":\"https:\/\/www.astronomy.tours\/pl\/sklep\/\"},{\"@type\":\"ListItem\",\"position\":3,\"name\":\"Uchwyt MiniAZ Go-To wifi bez statywu\"}]},{\"@type\":\"WebSite\",\"@id\":\"https:\/\/www.astronomy.tours\/#website\",\"url\":\"https:\/\/www.astronomy.tours\/\",\"name\":\"Astronomy Tours\",\"description\":\"Astronomical tours\",\"publisher\":{\"@id\":\"https:\/\/www.astronomy.tours\/#organization\"},\"potentialAction\":[{\"@type\":\"SearchAction\",\"target\":{\"@type\":\"EntryPoint\",\"urlTemplate\":\"https:\/\/www.astronomy.tours\/?s={search_term_string}\"},\"query-input\":{\"@type\":\"PropertyValueSpecification\",\"valueRequired\":true,\"valueName\":\"search_term_string\"}}],\"inLanguage\":\"pl-PL\"},{\"@type\":\"Organization\",\"@id\":\"https:\/\/www.astronomy.tours\/#organization\",\"name\":\"Astronomy Tours S.COOP\",\"url\":\"https:\/\/www.astronomy.tours\/\",\"logo\":{\"@type\":\"ImageObject\",\"inLanguage\":\"pl-PL\",\"@id\":\"https:\/\/www.astronomy.tours\/#\/schema\/logo\/image\/\",\"url\":\"https:\/\/www.astronomy.tours\/wp-content\/uploads\/2026\/02\/logo-astronomy-tours-black-small.png\",\"contentUrl\":\"https:\/\/www.astronomy.tours\/wp-content\/uploads\/2026\/02\/logo-astronomy-tours-black-small.png\",\"width\":2000,\"height\":740,\"caption\":\"Astronomy Tours S.COOP\"},\"image\":{\"@id\":\"https:\/\/www.astronomy.tours\/#\/schema\/logo\/image\/\"},\"sameAs\":[\"https:\/\/www.facebook.com\/astronomy.tours\/\",\"https:\/\/www.instagram.com\/astronomytours\/?hl=en\"]}]}<\/script>\n<!-- \/ Yoast SEO plugin. -->","yoast_head_json":{"title":"Uchwyt MiniAZ Go-To wifi bez statywu - Astronomy Tours","robots":{"index":"index","follow":"follow","max-snippet":"max-snippet:-1","max-image-preview":"max-image-preview:large","max-video-preview":"max-video-preview:-1"},"canonical":"https:\/\/www.astronomy.tours\/pl\/produkt\/uchwyt-miniaz-go-to-wifi-bez-statywu\/","og_locale":"pl_PL","og_type":"article","og_title":"Uchwyt MiniAZ Go-To wifi bez statywu - Astronomy Tours","og_description":"MiniAZ Go-To monta\u017c WiFi (bez statywu) Nowy ultra przeno\u015bny monta\u017c Mini AZ-GTi WiFi firmy SkyWatcher BEZ statywu. Najta\u0144sze i najbardziej rewolucyjne rozwi\u0105zanie dla astronoma podr\u00f3\u017cuj\u0105cego!","og_url":"https:\/\/www.astronomy.tours\/pl\/produkt\/uchwyt-miniaz-go-to-wifi-bez-statywu\/","og_site_name":"Astronomy Tours","article_publisher":"https:\/\/www.facebook.com\/astronomy.tours\/","article_modified_time":"2024-06-05T13:13:12+00:00","og_image":[{"width":1150,"height":1150,"url":"https:\/\/www.astronomy.tours\/wp-content\/uploads\/2024\/04\/SW0407-1-2.webp","type":"image\/webp"}],"twitter_card":"summary_large_image","twitter_misc":{"Szacowany czas czytania":"2 minuty"},"schema":{"@context":"https:\/\/schema.org","@graph":[{"@type":"WebPage","@id":"https:\/\/www.astronomy.tours\/pl\/produkt\/uchwyt-miniaz-go-to-wifi-bez-statywu\/","url":"https:\/\/www.astronomy.tours\/pl\/produkt\/uchwyt-miniaz-go-to-wifi-bez-statywu\/","name":"Uchwyt MiniAZ Go-To wifi bez statywu - Astronomy Tours","isPartOf":{"@id":"https:\/\/www.astronomy.tours\/#website"},"primaryImageOfPage":{"@id":"https:\/\/www.astronomy.tours\/pl\/produkt\/uchwyt-miniaz-go-to-wifi-bez-statywu\/#primaryimage"},"image":{"@id":"https:\/\/www.astronomy.tours\/pl\/produkt\/uchwyt-miniaz-go-to-wifi-bez-statywu\/#primaryimage"},"thumbnailUrl":"https:\/\/www.astronomy.tours\/wp-content\/uploads\/2024\/04\/SW0407-1-2.webp","datePublished":"2024-04-09T12:58:10+00:00","dateModified":"2024-06-05T13:13:12+00:00","breadcrumb":{"@id":"https:\/\/www.astronomy.tours\/pl\/produkt\/uchwyt-miniaz-go-to-wifi-bez-statywu\/#breadcrumb"},"inLanguage":"pl-PL","potentialAction":[{"@type":"ReadAction","target":["https:\/\/www.astronomy.tours\/pl\/produkt\/uchwyt-miniaz-go-to-wifi-bez-statywu\/"]}]},{"@type":"ImageObject","inLanguage":"pl-PL","@id":"https:\/\/www.astronomy.tours\/pl\/produkt\/uchwyt-miniaz-go-to-wifi-bez-statywu\/#primaryimage","url":"https:\/\/www.astronomy.tours\/wp-content\/uploads\/2024\/04\/SW0407-1-2.webp","contentUrl":"https:\/\/www.astronomy.tours\/wp-content\/uploads\/2024\/04\/SW0407-1-2.webp","width":1150,"height":1150},{"@type":"BreadcrumbList","@id":"https:\/\/www.astronomy.tours\/pl\/produkt\/uchwyt-miniaz-go-to-wifi-bez-statywu\/#breadcrumb","itemListElement":[{"@type":"ListItem","position":1,"name":"Home","item":"https:\/\/www.astronomy.tours\/pl\/"},{"@type":"ListItem","position":2,"name":"Sklep","item":"https:\/\/www.astronomy.tours\/pl\/sklep\/"},{"@type":"ListItem","position":3,"name":"Uchwyt MiniAZ Go-To wifi bez statywu"}]},{"@type":"WebSite","@id":"https:\/\/www.astronomy.tours\/#website","url":"https:\/\/www.astronomy.tours\/","name":"Astronomy Tours","description":"Astronomical tours","publisher":{"@id":"https:\/\/www.astronomy.tours\/#organization"},"potentialAction":[{"@type":"SearchAction","target":{"@type":"EntryPoint","urlTemplate":"https:\/\/www.astronomy.tours\/?s={search_term_string}"},"query-input":{"@type":"PropertyValueSpecification","valueRequired":true,"valueName":"search_term_string"}}],"inLanguage":"pl-PL"},{"@type":"Organization","@id":"https:\/\/www.astronomy.tours\/#organization","name":"Astronomy Tours S.COOP","url":"https:\/\/www.astronomy.tours\/","logo":{"@type":"ImageObject","inLanguage":"pl-PL","@id":"https:\/\/www.astronomy.tours\/#\/schema\/logo\/image\/","url":"https:\/\/www.astronomy.tours\/wp-content\/uploads\/2026\/02\/logo-astronomy-tours-black-small.png","contentUrl":"https:\/\/www.astronomy.tours\/wp-content\/uploads\/2026\/02\/logo-astronomy-tours-black-small.png","width":2000,"height":740,"caption":"Astronomy Tours S.COOP"},"image":{"@id":"https:\/\/www.astronomy.tours\/#\/schema\/logo\/image\/"},"sameAs":["https:\/\/www.facebook.com\/astronomy.tours\/","https:\/\/www.instagram.com\/astronomytours\/?hl=en"]}]}},"brands":[{"id":228,"name":"SKYWATCHER","slug":"skywatcher-pl"}],"_links":{"self":[{"href":"https:\/\/www.astronomy.tours\/pl\/wp-json\/wp\/v2\/product\/1068","targetHints":{"allow":["GET"]}}],"collection":[{"href":"https:\/\/www.astronomy.tours\/pl\/wp-json\/wp\/v2\/product"}],"about":[{"href":"https:\/\/www.astronomy.tours\/pl\/wp-json\/wp\/v2\/types\/product"}],"replies":[{"embeddable":true,"href":"https:\/\/www.astronomy.tours\/pl\/wp-json\/wp\/v2\/comments?post=1068"}],"wp:featuredmedia":[{"embeddable":true,"href":"https:\/\/www.astronomy.tours\/pl\/wp-json\/wp\/v2\/media\/1680"}],"wp:attachment":[{"href":"https:\/\/www.astronomy.tours\/pl\/wp-json\/wp\/v2\/media?parent=1068"}],"wp:term":[{"taxonomy":"pwb-brand","embeddable":true,"href":"https:\/\/www.astronomy.tours\/pl\/wp-json\/wp\/v2\/pwb-brand?post=1068"},{"taxonomy":"product_brand","embeddable":true,"href":"https:\/\/www.astronomy.tours\/pl\/wp-json\/wp\/v2\/product_brand?post=1068"},{"taxonomy":"product_cat","embeddable":true,"href":"https:\/\/www.astronomy.tours\/pl\/wp-json\/wp\/v2\/product_cat?post=1068"},{"taxonomy":"product_tag","embeddable":true,"href":"https:\/\/www.astronomy.tours\/pl\/wp-json\/wp\/v2\/product_tag?post=1068"}],"curies":[{"name":"wp","href":"https:\/\/api.w.org\/{rel}","templated":true}]}}