{"id":1066,"date":"2024-04-09T15:04:56","date_gmt":"2024-04-09T13:04:56","guid":{"rendered":"https:\/\/astronomy-new.imoli.com.pl\/product\/zestaw-obiektywow-uwa-82-7-mm-15-mm-i-23-mm-con-caja\/"},"modified":"2024-06-05T15:18:50","modified_gmt":"2024-06-05T13:18:50","slug":"zestaw-obiektywow-uwa-82-7-mm-15-mm-i-23-mm-con-caja","status":"publish","type":"product","link":"https:\/\/www.astronomy.tours\/pl\/produkt\/zestaw-obiektywow-uwa-82-7-mm-15-mm-i-23-mm-con-caja\/","title":{"rendered":"Zestaw obiektyw\u00f3w UWA 82\u00b0 (7 mm, 15 mm i 23 mm) con caja"},"content":{"rendered":"<p class=\"p1\">Seria okular\u00f3w UWA SkyWatcher oferuje poprawion\u0105 wydajno\u015b\u0107 wraz z szerokim zakresem ogniskowych. Ta seria okular\u00f3w zosta\u0142a zaprojektowana z my\u015bl\u0105 o wymaganiach u\u017cytkownik\u00f3w, aby mogli korzysta\u0107 z cech, kt\u00f3re uczyni\u0142y t\u0119 seri\u0119 wyj\u0105tkow\u0105.<\/p>\n<p class=\"p1\">Okulary o ultrak\u0105tnym widmie P\u00f6ssl posiadaj\u0105 7 soczewek pokrytych pow\u0142ok\u0105 antyrefleksyjn\u0105, aby uzyska\u0107 doskona\u0142\u0105 transmisj\u0119 \u015bwiat\u0142a.<\/p>\n<p class=\"p1\">Ta zmiana konstrukcji optycznej z 7 soczewkami zwi\u0119ksza pole widzenia z 52\u00b0 do 82\u00b0. Dodatkowo poprawiono komfort u\u017cytkowania dzi\u0119ki odleg\u0142o\u015bci ocznej wynosz\u0105cej 16 mm i szerokim elastycznym paskiem u\u0142atwiaj\u0105cym chwyt i manipulacj\u0119.<\/p>\n<p class=\"p1\">Okulary Sky-Watcher s\u0105 doskonale skorygowane pod k\u0105tem aberracji chromatycznej i pasuj\u0105 do wszystkich rodzaj\u00f3w instrument\u00f3w (zwierciade\u0142, refraktor\u00f3w i katadioptryk\u00f3w).<\/p>\n<p class=\"p1\">Ich pozorne pole widzenia wynosi 82\u00b0.<\/p>\n<p class=\"p1\">Zawieraj\u0105 regulowany okular i wewn\u0119trzne gwinty do mocowania filtr\u00f3w.<\/p>\n<p class=\"p1\">Ten zestaw jest dostarczany w wytrzyma\u0142ym etui aluminiowym, kt\u00f3re chroni okulary, a tak\u017ce zawiera precyzyjnie wyci\u0119t\u0105 piank\u0119 dostosowuj\u0105c\u0105 si\u0119 do wymiar\u00f3w ka\u017cdego elementu. Z uchwytem zintegrowanym.<\/p>\n<p class=\"p1\"><strong>Specyfikacja techniczna:<\/strong><\/p>\n<ul>\n<li class=\"p1\">D\u0142ugo\u015b\u0107 ogniskowej: 7 mm<\/li>\n<li class=\"p1\">\u015arednica: 31.8 mm (1.25 cala)<\/li>\n<li class=\"p1\">Pole widzenia: 82\u00b0<\/li>\n<li class=\"p1\">Waga: 342 g<\/li>\n<\/ul>\n<p>&nbsp;<\/p>\n<ul>\n<li class=\"p1\">D\u0142ugo\u015b\u0107 ogniskowej: 15 mm<\/li>\n<li class=\"p1\">\u015arednica: 31.8 mm (1.25 cala)<\/li>\n<li class=\"p1\">Pole widzenia: 82\u00b0<\/li>\n<li class=\"p1\">Waga: 400 g<\/li>\n<\/ul>\n<p>&nbsp;<\/p>\n<ul>\n<li class=\"p1\">D\u0142ugo\u015b\u0107 ogniskowej: 23 mm<\/li>\n<li class=\"p1\">\u015arednica: 50.8 mm (2 cale)<\/li>\n<li class=\"p1\">Pole widzenia: 82\u00b0<\/li>\n<li class=\"p1\">Waga: 816 g<\/li>\n<\/ul>\n","protected":false},"excerpt":{"rendered":"<p class=\"p1\"><strong>Zestaw Soczewek UWA 82\u00b0 (7 mm, 15 mm i 23 mm) z etui<\/strong><\/p>\n<p class=\"p1\">Je\u015bli szukasz optycznie lepszych okular\u00f3w, okular UWA SkyWatcher oferuje poprawion\u0105 wydajno\u015b\u0107 wraz z szerokim zakresem ogniskowych. W\u015br\u00f3d wielu cech tego okularu SkyWatcher wyr\u00f3\u017cniaj\u0105 si\u0119 czernione kraw\u0119dzie soczewek, minimalizuj\u0105ce wewn\u0119trzne refleksy i zwi\u0119kszaj\u0105ce kontrast.<\/p>\n","protected":false},"featured_media":1677,"comment_status":"open","ping_status":"closed","template":"","meta":[],"pwb-brand":[228],"product_brand":[],"product_cat":[122,72],"product_tag":[],"class_list":{"0":"post-1066","1":"product","2":"type-product","3":"status-publish","4":"has-post-thumbnail","6":"pwb-brand-skywatcher-pl","7":"product_cat-statywy-i-akcesoria","8":"product_cat-sprzet","10":"first","11":"instock","12":"shipping-taxable","13":"purchasable","14":"product-type-simple"},"yoast_head":"<!-- This site is optimized with the Yoast SEO plugin v25.3 - https:\/\/yoast.com\/wordpress\/plugins\/seo\/ -->\n<title>Zestaw obiektyw\u00f3w UWA 82\u00b0 (7 mm, 15 mm i 23 mm) con caja - Astronomy Tours<\/title>\n<meta name=\"robots\" content=\"index, follow, max-snippet:-1, max-image-preview:large, max-video-preview:-1\" \/>\n<link rel=\"canonical\" href=\"https:\/\/www.astronomy.tours\/pl\/produkt\/zestaw-obiektywow-uwa-82-7-mm-15-mm-i-23-mm-con-caja\/\" \/>\n<meta property=\"og:locale\" content=\"pl_PL\" \/>\n<meta property=\"og:type\" content=\"article\" \/>\n<meta property=\"og:title\" content=\"Zestaw obiektyw\u00f3w UWA 82\u00b0 (7 mm, 15 mm i 23 mm) con caja - Astronomy Tours\" \/>\n<meta property=\"og:description\" content=\"Zestaw Soczewek UWA 82\u00b0 (7 mm, 15 mm i 23 mm) z etui Je\u015bli szukasz optycznie lepszych okular\u00f3w, okular UWA SkyWatcher oferuje poprawion\u0105 wydajno\u015b\u0107 wraz z szerokim zakresem ogniskowych. W\u015br\u00f3d wielu cech tego okularu SkyWatcher wyr\u00f3\u017cniaj\u0105 si\u0119 czernione kraw\u0119dzie soczewek, minimalizuj\u0105ce wewn\u0119trzne refleksy i zwi\u0119kszaj\u0105ce kontrast.\" \/>\n<meta property=\"og:url\" content=\"https:\/\/www.astronomy.tours\/pl\/produkt\/zestaw-obiektywow-uwa-82-7-mm-15-mm-i-23-mm-con-caja\/\" \/>\n<meta property=\"og:site_name\" content=\"Astronomy Tours\" \/>\n<meta property=\"article:publisher\" content=\"https:\/\/www.facebook.com\/astronomy.tours\/\" \/>\n<meta property=\"article:modified_time\" content=\"2024-06-05T13:18:50+00:00\" \/>\n<meta property=\"og:image\" content=\"https:\/\/www.astronomy.tours\/wp-content\/uploads\/2024\/04\/SW0389-2-1.webp\" \/>\n\t<meta property=\"og:image:width\" content=\"1150\" \/>\n\t<meta property=\"og:image:height\" content=\"1150\" \/>\n\t<meta property=\"og:image:type\" content=\"image\/webp\" \/>\n<meta name=\"twitter:card\" content=\"summary_large_image\" \/>\n<meta name=\"twitter:label1\" content=\"Szacowany czas czytania\" \/>\n\t<meta name=\"twitter:data1\" content=\"1 minuta\" \/>\n<script type=\"application\/ld+json\" class=\"yoast-schema-graph\">{\"@context\":\"https:\/\/schema.org\",\"@graph\":[{\"@type\":\"WebPage\",\"@id\":\"https:\/\/www.astronomy.tours\/pl\/produkt\/zestaw-obiektywow-uwa-82-7-mm-15-mm-i-23-mm-con-caja\/\",\"url\":\"https:\/\/www.astronomy.tours\/pl\/produkt\/zestaw-obiektywow-uwa-82-7-mm-15-mm-i-23-mm-con-caja\/\",\"name\":\"Zestaw obiektyw\u00f3w UWA 82\u00b0 (7 mm, 15 mm i 23 mm) con caja - Astronomy Tours\",\"isPartOf\":{\"@id\":\"https:\/\/www.astronomy.tours\/#website\"},\"primaryImageOfPage\":{\"@id\":\"https:\/\/www.astronomy.tours\/pl\/produkt\/zestaw-obiektywow-uwa-82-7-mm-15-mm-i-23-mm-con-caja\/#primaryimage\"},\"image\":{\"@id\":\"https:\/\/www.astronomy.tours\/pl\/produkt\/zestaw-obiektywow-uwa-82-7-mm-15-mm-i-23-mm-con-caja\/#primaryimage\"},\"thumbnailUrl\":\"https:\/\/www.astronomy.tours\/wp-content\/uploads\/2024\/04\/SW0389-2-1.webp\",\"datePublished\":\"2024-04-09T13:04:56+00:00\",\"dateModified\":\"2024-06-05T13:18:50+00:00\",\"breadcrumb\":{\"@id\":\"https:\/\/www.astronomy.tours\/pl\/produkt\/zestaw-obiektywow-uwa-82-7-mm-15-mm-i-23-mm-con-caja\/#breadcrumb\"},\"inLanguage\":\"pl-PL\",\"potentialAction\":[{\"@type\":\"ReadAction\",\"target\":[\"https:\/\/www.astronomy.tours\/pl\/produkt\/zestaw-obiektywow-uwa-82-7-mm-15-mm-i-23-mm-con-caja\/\"]}]},{\"@type\":\"ImageObject\",\"inLanguage\":\"pl-PL\",\"@id\":\"https:\/\/www.astronomy.tours\/pl\/produkt\/zestaw-obiektywow-uwa-82-7-mm-15-mm-i-23-mm-con-caja\/#primaryimage\",\"url\":\"https:\/\/www.astronomy.tours\/wp-content\/uploads\/2024\/04\/SW0389-2-1.webp\",\"contentUrl\":\"https:\/\/www.astronomy.tours\/wp-content\/uploads\/2024\/04\/SW0389-2-1.webp\",\"width\":1150,\"height\":1150},{\"@type\":\"BreadcrumbList\",\"@id\":\"https:\/\/www.astronomy.tours\/pl\/produkt\/zestaw-obiektywow-uwa-82-7-mm-15-mm-i-23-mm-con-caja\/#breadcrumb\",\"itemListElement\":[{\"@type\":\"ListItem\",\"position\":1,\"name\":\"Home\",\"item\":\"https:\/\/www.astronomy.tours\/pl\/\"},{\"@type\":\"ListItem\",\"position\":2,\"name\":\"Sklep\",\"item\":\"https:\/\/www.astronomy.tours\/pl\/sklep\/\"},{\"@type\":\"ListItem\",\"position\":3,\"name\":\"Zestaw obiektyw\u00f3w UWA 82\u00b0 (7 mm, 15 mm i 23 mm) con caja\"}]},{\"@type\":\"WebSite\",\"@id\":\"https:\/\/www.astronomy.tours\/#website\",\"url\":\"https:\/\/www.astronomy.tours\/\",\"name\":\"Astronomy Tours\",\"description\":\"Astronomical tours\",\"publisher\":{\"@id\":\"https:\/\/www.astronomy.tours\/#organization\"},\"potentialAction\":[{\"@type\":\"SearchAction\",\"target\":{\"@type\":\"EntryPoint\",\"urlTemplate\":\"https:\/\/www.astronomy.tours\/?s={search_term_string}\"},\"query-input\":{\"@type\":\"PropertyValueSpecification\",\"valueRequired\":true,\"valueName\":\"search_term_string\"}}],\"inLanguage\":\"pl-PL\"},{\"@type\":\"Organization\",\"@id\":\"https:\/\/www.astronomy.tours\/#organization\",\"name\":\"Astronomy Tours S.COOP\",\"url\":\"https:\/\/www.astronomy.tours\/\",\"logo\":{\"@type\":\"ImageObject\",\"inLanguage\":\"pl-PL\",\"@id\":\"https:\/\/www.astronomy.tours\/#\/schema\/logo\/image\/\",\"url\":\"https:\/\/www.astronomy.tours\/wp-content\/uploads\/2026\/02\/logo-astronomy-tours-black-small.png\",\"contentUrl\":\"https:\/\/www.astronomy.tours\/wp-content\/uploads\/2026\/02\/logo-astronomy-tours-black-small.png\",\"width\":2000,\"height\":740,\"caption\":\"Astronomy Tours S.COOP\"},\"image\":{\"@id\":\"https:\/\/www.astronomy.tours\/#\/schema\/logo\/image\/\"},\"sameAs\":[\"https:\/\/www.facebook.com\/astronomy.tours\/\",\"https:\/\/www.instagram.com\/astronomytours\/?hl=en\"]}]}<\/script>\n<!-- \/ Yoast SEO plugin. -->","yoast_head_json":{"title":"Zestaw obiektyw\u00f3w UWA 82\u00b0 (7 mm, 15 mm i 23 mm) con caja - Astronomy Tours","robots":{"index":"index","follow":"follow","max-snippet":"max-snippet:-1","max-image-preview":"max-image-preview:large","max-video-preview":"max-video-preview:-1"},"canonical":"https:\/\/www.astronomy.tours\/pl\/produkt\/zestaw-obiektywow-uwa-82-7-mm-15-mm-i-23-mm-con-caja\/","og_locale":"pl_PL","og_type":"article","og_title":"Zestaw obiektyw\u00f3w UWA 82\u00b0 (7 mm, 15 mm i 23 mm) con caja - Astronomy Tours","og_description":"Zestaw Soczewek UWA 82\u00b0 (7 mm, 15 mm i 23 mm) z etui Je\u015bli szukasz optycznie lepszych okular\u00f3w, okular UWA SkyWatcher oferuje poprawion\u0105 wydajno\u015b\u0107 wraz z szerokim zakresem ogniskowych. W\u015br\u00f3d wielu cech tego okularu SkyWatcher wyr\u00f3\u017cniaj\u0105 si\u0119 czernione kraw\u0119dzie soczewek, minimalizuj\u0105ce wewn\u0119trzne refleksy i zwi\u0119kszaj\u0105ce kontrast.","og_url":"https:\/\/www.astronomy.tours\/pl\/produkt\/zestaw-obiektywow-uwa-82-7-mm-15-mm-i-23-mm-con-caja\/","og_site_name":"Astronomy Tours","article_publisher":"https:\/\/www.facebook.com\/astronomy.tours\/","article_modified_time":"2024-06-05T13:18:50+00:00","og_image":[{"width":1150,"height":1150,"url":"https:\/\/www.astronomy.tours\/wp-content\/uploads\/2024\/04\/SW0389-2-1.webp","type":"image\/webp"}],"twitter_card":"summary_large_image","twitter_misc":{"Szacowany czas czytania":"1 minuta"},"schema":{"@context":"https:\/\/schema.org","@graph":[{"@type":"WebPage","@id":"https:\/\/www.astronomy.tours\/pl\/produkt\/zestaw-obiektywow-uwa-82-7-mm-15-mm-i-23-mm-con-caja\/","url":"https:\/\/www.astronomy.tours\/pl\/produkt\/zestaw-obiektywow-uwa-82-7-mm-15-mm-i-23-mm-con-caja\/","name":"Zestaw obiektyw\u00f3w UWA 82\u00b0 (7 mm, 15 mm i 23 mm) con caja - Astronomy Tours","isPartOf":{"@id":"https:\/\/www.astronomy.tours\/#website"},"primaryImageOfPage":{"@id":"https:\/\/www.astronomy.tours\/pl\/produkt\/zestaw-obiektywow-uwa-82-7-mm-15-mm-i-23-mm-con-caja\/#primaryimage"},"image":{"@id":"https:\/\/www.astronomy.tours\/pl\/produkt\/zestaw-obiektywow-uwa-82-7-mm-15-mm-i-23-mm-con-caja\/#primaryimage"},"thumbnailUrl":"https:\/\/www.astronomy.tours\/wp-content\/uploads\/2024\/04\/SW0389-2-1.webp","datePublished":"2024-04-09T13:04:56+00:00","dateModified":"2024-06-05T13:18:50+00:00","breadcrumb":{"@id":"https:\/\/www.astronomy.tours\/pl\/produkt\/zestaw-obiektywow-uwa-82-7-mm-15-mm-i-23-mm-con-caja\/#breadcrumb"},"inLanguage":"pl-PL","potentialAction":[{"@type":"ReadAction","target":["https:\/\/www.astronomy.tours\/pl\/produkt\/zestaw-obiektywow-uwa-82-7-mm-15-mm-i-23-mm-con-caja\/"]}]},{"@type":"ImageObject","inLanguage":"pl-PL","@id":"https:\/\/www.astronomy.tours\/pl\/produkt\/zestaw-obiektywow-uwa-82-7-mm-15-mm-i-23-mm-con-caja\/#primaryimage","url":"https:\/\/www.astronomy.tours\/wp-content\/uploads\/2024\/04\/SW0389-2-1.webp","contentUrl":"https:\/\/www.astronomy.tours\/wp-content\/uploads\/2024\/04\/SW0389-2-1.webp","width":1150,"height":1150},{"@type":"BreadcrumbList","@id":"https:\/\/www.astronomy.tours\/pl\/produkt\/zestaw-obiektywow-uwa-82-7-mm-15-mm-i-23-mm-con-caja\/#breadcrumb","itemListElement":[{"@type":"ListItem","position":1,"name":"Home","item":"https:\/\/www.astronomy.tours\/pl\/"},{"@type":"ListItem","position":2,"name":"Sklep","item":"https:\/\/www.astronomy.tours\/pl\/sklep\/"},{"@type":"ListItem","position":3,"name":"Zestaw obiektyw\u00f3w UWA 82\u00b0 (7 mm, 15 mm i 23 mm) con caja"}]},{"@type":"WebSite","@id":"https:\/\/www.astronomy.tours\/#website","url":"https:\/\/www.astronomy.tours\/","name":"Astronomy Tours","description":"Astronomical tours","publisher":{"@id":"https:\/\/www.astronomy.tours\/#organization"},"potentialAction":[{"@type":"SearchAction","target":{"@type":"EntryPoint","urlTemplate":"https:\/\/www.astronomy.tours\/?s={search_term_string}"},"query-input":{"@type":"PropertyValueSpecification","valueRequired":true,"valueName":"search_term_string"}}],"inLanguage":"pl-PL"},{"@type":"Organization","@id":"https:\/\/www.astronomy.tours\/#organization","name":"Astronomy Tours S.COOP","url":"https:\/\/www.astronomy.tours\/","logo":{"@type":"ImageObject","inLanguage":"pl-PL","@id":"https:\/\/www.astronomy.tours\/#\/schema\/logo\/image\/","url":"https:\/\/www.astronomy.tours\/wp-content\/uploads\/2026\/02\/logo-astronomy-tours-black-small.png","contentUrl":"https:\/\/www.astronomy.tours\/wp-content\/uploads\/2026\/02\/logo-astronomy-tours-black-small.png","width":2000,"height":740,"caption":"Astronomy Tours S.COOP"},"image":{"@id":"https:\/\/www.astronomy.tours\/#\/schema\/logo\/image\/"},"sameAs":["https:\/\/www.facebook.com\/astronomy.tours\/","https:\/\/www.instagram.com\/astronomytours\/?hl=en"]}]}},"brands":[{"id":228,"name":"SKYWATCHER","slug":"skywatcher-pl"}],"_links":{"self":[{"href":"https:\/\/www.astronomy.tours\/pl\/wp-json\/wp\/v2\/product\/1066","targetHints":{"allow":["GET"]}}],"collection":[{"href":"https:\/\/www.astronomy.tours\/pl\/wp-json\/wp\/v2\/product"}],"about":[{"href":"https:\/\/www.astronomy.tours\/pl\/wp-json\/wp\/v2\/types\/product"}],"replies":[{"embeddable":true,"href":"https:\/\/www.astronomy.tours\/pl\/wp-json\/wp\/v2\/comments?post=1066"}],"wp:featuredmedia":[{"embeddable":true,"href":"https:\/\/www.astronomy.tours\/pl\/wp-json\/wp\/v2\/media\/1677"}],"wp:attachment":[{"href":"https:\/\/www.astronomy.tours\/pl\/wp-json\/wp\/v2\/media?parent=1066"}],"wp:term":[{"taxonomy":"pwb-brand","embeddable":true,"href":"https:\/\/www.astronomy.tours\/pl\/wp-json\/wp\/v2\/pwb-brand?post=1066"},{"taxonomy":"product_brand","embeddable":true,"href":"https:\/\/www.astronomy.tours\/pl\/wp-json\/wp\/v2\/product_brand?post=1066"},{"taxonomy":"product_cat","embeddable":true,"href":"https:\/\/www.astronomy.tours\/pl\/wp-json\/wp\/v2\/product_cat?post=1066"},{"taxonomy":"product_tag","embeddable":true,"href":"https:\/\/www.astronomy.tours\/pl\/wp-json\/wp\/v2\/product_tag?post=1066"}],"curies":[{"name":"wp","href":"https:\/\/api.w.org\/{rel}","templated":true}]}}