{"id":1065,"date":"2024-04-09T15:06:27","date_gmt":"2024-04-09T13:06:27","guid":{"rendered":"https:\/\/astronomy-new.imoli.com.pl\/product\/statyw-star-adventurer-azgti-pronto\/"},"modified":"2024-06-05T15:21:10","modified_gmt":"2024-06-05T13:21:10","slug":"statyw-star-adventurer-azgti-pronto","status":"publish","type":"product","link":"https:\/\/www.astronomy.tours\/pl\/produkt\/statyw-star-adventurer-azgti-pronto\/","title":{"rendered":"Statyw STAR ADVENTURER \/ AZGTi\/PRONTO"},"content":{"rendered":"<p class=\"p1\">\u015aruba centralna o \u015brednicy 3\/8 cala umo\u017cliwia monta\u017c wielu osprz\u0119t\u00f3w. Wykonany jest z anodowanego aluminium (malowany na bia\u0142o i czarno). Nogi sk\u0142adaj\u0105 si\u0119 z 2 regulowanych cz\u0119\u015bci, co zapewnia wysoko\u015b\u0107 od 70 cm do 1,22 m. Do\u0142\u0105czony jest poziomica do prawid\u0142owego wypoziomowania.<\/p>\n<ul>\n<li class=\"p1\">SW0215 Obiektyw LET 28mm (50.8)<\/li>\n<li class=\"p1\">Obiektyw LET 28mm (2&#8243; 50.8mm)<\/li>\n<li class=\"p1\">Okular SkyWatcher 28mm 2&#8243; posiada wiele pow\u0142ok antyrefleksyjnych, a pole widzenia wynosi 56\u00b0.<\/li>\n<\/ul>\n<p class=\"p1\"><strong>Specyfikacja techniczna:<\/strong><\/p>\n<p class=\"p1\">Okular ma odleg\u0142o\u015b\u0107 oka wynosz\u0105c\u0105 20mm dla wysokiego komfortu wizualnego.<\/p>\n<ul>\n<li class=\"p1\">D\u0142ugo\u015b\u0107 ogniskowej: 28mm<\/li>\n<li class=\"p1\">\u015arednica: 2&#8243; (50.8mm)<\/li>\n<li class=\"p1\">Waga: 274g<\/li>\n<li class=\"p1\">\u015arednica zewn\u0119trzna: 67mm<\/li>\n<\/ul>\n","protected":false},"excerpt":{"rendered":"<p class=\"p1\"><strong>STAR ADVENTURER \/ AZGTi \/ PRONTO statyw<\/strong><\/p>\n<p class=\"p1\">Sky-Watcher wprowadzi\u0142 w\u0142a\u015bnie ten nowy statyw do swojej gamy przeno\u015bnych monta\u017cy (Star-Adventurer, AZ-Gti, Pronto). Oferuje doskona\u0142\u0105 stabilno\u015b\u0107 dla twojego sprz\u0119tu fotograficznego, przy bardzo niskiej wadze zaledwie 1,6 kg. Posiada bardzo przyjemny, funkcjonalny i atrakcyjny design.<\/p>\n","protected":false},"featured_media":1704,"comment_status":"open","ping_status":"closed","template":"","meta":[],"pwb-brand":[228],"product_brand":[],"product_cat":[122,72],"product_tag":[],"class_list":{"0":"post-1065","1":"product","2":"type-product","3":"status-publish","4":"has-post-thumbnail","6":"pwb-brand-skywatcher-pl","7":"product_cat-statywy-i-akcesoria","8":"product_cat-sprzet","10":"first","11":"instock","12":"shipping-taxable","13":"purchasable","14":"product-type-simple"},"yoast_head":"<!-- This site is optimized with the Yoast SEO plugin v25.3 - https:\/\/yoast.com\/wordpress\/plugins\/seo\/ -->\n<title>Statyw STAR ADVENTURER \/ AZGTi\/PRONTO - Astronomy Tours<\/title>\n<meta name=\"robots\" content=\"index, follow, max-snippet:-1, max-image-preview:large, max-video-preview:-1\" \/>\n<link rel=\"canonical\" href=\"https:\/\/www.astronomy.tours\/pl\/produkt\/statyw-star-adventurer-azgti-pronto\/\" \/>\n<meta property=\"og:locale\" content=\"pl_PL\" \/>\n<meta property=\"og:type\" content=\"article\" \/>\n<meta property=\"og:title\" content=\"Statyw STAR ADVENTURER \/ AZGTi\/PRONTO - Astronomy Tours\" \/>\n<meta property=\"og:description\" content=\"STAR ADVENTURER \/ AZGTi \/ PRONTO statyw Sky-Watcher wprowadzi\u0142 w\u0142a\u015bnie ten nowy statyw do swojej gamy przeno\u015bnych monta\u017cy (Star-Adventurer, AZ-Gti, Pronto). Oferuje doskona\u0142\u0105 stabilno\u015b\u0107 dla twojego sprz\u0119tu fotograficznego, przy bardzo niskiej wadze zaledwie 1,6 kg. Posiada bardzo przyjemny, funkcjonalny i atrakcyjny design.\" \/>\n<meta property=\"og:url\" content=\"https:\/\/www.astronomy.tours\/pl\/produkt\/statyw-star-adventurer-azgti-pronto\/\" \/>\n<meta property=\"og:site_name\" content=\"Astronomy Tours\" \/>\n<meta property=\"article:publisher\" content=\"https:\/\/www.facebook.com\/astronomy.tours\/\" \/>\n<meta property=\"article:modified_time\" content=\"2024-06-05T13:21:10+00:00\" \/>\n<meta property=\"og:image\" content=\"https:\/\/www.astronomy.tours\/wp-content\/uploads\/2024\/04\/SW0418-1.webp\" \/>\n\t<meta property=\"og:image:width\" content=\"1150\" \/>\n\t<meta property=\"og:image:height\" content=\"1150\" \/>\n\t<meta property=\"og:image:type\" content=\"image\/webp\" \/>\n<meta name=\"twitter:card\" content=\"summary_large_image\" \/>\n<script type=\"application\/ld+json\" class=\"yoast-schema-graph\">{\"@context\":\"https:\/\/schema.org\",\"@graph\":[{\"@type\":\"WebPage\",\"@id\":\"https:\/\/www.astronomy.tours\/pl\/produkt\/statyw-star-adventurer-azgti-pronto\/\",\"url\":\"https:\/\/www.astronomy.tours\/pl\/produkt\/statyw-star-adventurer-azgti-pronto\/\",\"name\":\"Statyw STAR ADVENTURER \/ AZGTi\/PRONTO - Astronomy Tours\",\"isPartOf\":{\"@id\":\"https:\/\/www.astronomy.tours\/#website\"},\"primaryImageOfPage\":{\"@id\":\"https:\/\/www.astronomy.tours\/pl\/produkt\/statyw-star-adventurer-azgti-pronto\/#primaryimage\"},\"image\":{\"@id\":\"https:\/\/www.astronomy.tours\/pl\/produkt\/statyw-star-adventurer-azgti-pronto\/#primaryimage\"},\"thumbnailUrl\":\"https:\/\/www.astronomy.tours\/wp-content\/uploads\/2024\/04\/SW0418-1.webp\",\"datePublished\":\"2024-04-09T13:06:27+00:00\",\"dateModified\":\"2024-06-05T13:21:10+00:00\",\"breadcrumb\":{\"@id\":\"https:\/\/www.astronomy.tours\/pl\/produkt\/statyw-star-adventurer-azgti-pronto\/#breadcrumb\"},\"inLanguage\":\"pl-PL\",\"potentialAction\":[{\"@type\":\"ReadAction\",\"target\":[\"https:\/\/www.astronomy.tours\/pl\/produkt\/statyw-star-adventurer-azgti-pronto\/\"]}]},{\"@type\":\"ImageObject\",\"inLanguage\":\"pl-PL\",\"@id\":\"https:\/\/www.astronomy.tours\/pl\/produkt\/statyw-star-adventurer-azgti-pronto\/#primaryimage\",\"url\":\"https:\/\/www.astronomy.tours\/wp-content\/uploads\/2024\/04\/SW0418-1.webp\",\"contentUrl\":\"https:\/\/www.astronomy.tours\/wp-content\/uploads\/2024\/04\/SW0418-1.webp\",\"width\":1150,\"height\":1150},{\"@type\":\"BreadcrumbList\",\"@id\":\"https:\/\/www.astronomy.tours\/pl\/produkt\/statyw-star-adventurer-azgti-pronto\/#breadcrumb\",\"itemListElement\":[{\"@type\":\"ListItem\",\"position\":1,\"name\":\"Home\",\"item\":\"https:\/\/www.astronomy.tours\/pl\/\"},{\"@type\":\"ListItem\",\"position\":2,\"name\":\"Sklep\",\"item\":\"https:\/\/www.astronomy.tours\/pl\/sklep\/\"},{\"@type\":\"ListItem\",\"position\":3,\"name\":\"Statyw STAR ADVENTURER \/ AZGTi\/PRONTO\"}]},{\"@type\":\"WebSite\",\"@id\":\"https:\/\/www.astronomy.tours\/#website\",\"url\":\"https:\/\/www.astronomy.tours\/\",\"name\":\"Astronomy Tours\",\"description\":\"Astronomical tours\",\"publisher\":{\"@id\":\"https:\/\/www.astronomy.tours\/#organization\"},\"potentialAction\":[{\"@type\":\"SearchAction\",\"target\":{\"@type\":\"EntryPoint\",\"urlTemplate\":\"https:\/\/www.astronomy.tours\/?s={search_term_string}\"},\"query-input\":{\"@type\":\"PropertyValueSpecification\",\"valueRequired\":true,\"valueName\":\"search_term_string\"}}],\"inLanguage\":\"pl-PL\"},{\"@type\":\"Organization\",\"@id\":\"https:\/\/www.astronomy.tours\/#organization\",\"name\":\"Astronomy Tours S.COOP\",\"url\":\"https:\/\/www.astronomy.tours\/\",\"logo\":{\"@type\":\"ImageObject\",\"inLanguage\":\"pl-PL\",\"@id\":\"https:\/\/www.astronomy.tours\/#\/schema\/logo\/image\/\",\"url\":\"https:\/\/www.astronomy.tours\/wp-content\/uploads\/2026\/02\/logo-astronomy-tours-black-small.png\",\"contentUrl\":\"https:\/\/www.astronomy.tours\/wp-content\/uploads\/2026\/02\/logo-astronomy-tours-black-small.png\",\"width\":2000,\"height\":740,\"caption\":\"Astronomy Tours S.COOP\"},\"image\":{\"@id\":\"https:\/\/www.astronomy.tours\/#\/schema\/logo\/image\/\"},\"sameAs\":[\"https:\/\/www.facebook.com\/astronomy.tours\/\",\"https:\/\/www.instagram.com\/astronomytours\/?hl=en\"]}]}<\/script>\n<!-- \/ Yoast SEO plugin. -->","yoast_head_json":{"title":"Statyw STAR ADVENTURER \/ AZGTi\/PRONTO - Astronomy Tours","robots":{"index":"index","follow":"follow","max-snippet":"max-snippet:-1","max-image-preview":"max-image-preview:large","max-video-preview":"max-video-preview:-1"},"canonical":"https:\/\/www.astronomy.tours\/pl\/produkt\/statyw-star-adventurer-azgti-pronto\/","og_locale":"pl_PL","og_type":"article","og_title":"Statyw STAR ADVENTURER \/ AZGTi\/PRONTO - Astronomy Tours","og_description":"STAR ADVENTURER \/ AZGTi \/ PRONTO statyw Sky-Watcher wprowadzi\u0142 w\u0142a\u015bnie ten nowy statyw do swojej gamy przeno\u015bnych monta\u017cy (Star-Adventurer, AZ-Gti, Pronto). Oferuje doskona\u0142\u0105 stabilno\u015b\u0107 dla twojego sprz\u0119tu fotograficznego, przy bardzo niskiej wadze zaledwie 1,6 kg. Posiada bardzo przyjemny, funkcjonalny i atrakcyjny design.","og_url":"https:\/\/www.astronomy.tours\/pl\/produkt\/statyw-star-adventurer-azgti-pronto\/","og_site_name":"Astronomy Tours","article_publisher":"https:\/\/www.facebook.com\/astronomy.tours\/","article_modified_time":"2024-06-05T13:21:10+00:00","og_image":[{"width":1150,"height":1150,"url":"https:\/\/www.astronomy.tours\/wp-content\/uploads\/2024\/04\/SW0418-1.webp","type":"image\/webp"}],"twitter_card":"summary_large_image","schema":{"@context":"https:\/\/schema.org","@graph":[{"@type":"WebPage","@id":"https:\/\/www.astronomy.tours\/pl\/produkt\/statyw-star-adventurer-azgti-pronto\/","url":"https:\/\/www.astronomy.tours\/pl\/produkt\/statyw-star-adventurer-azgti-pronto\/","name":"Statyw STAR ADVENTURER \/ AZGTi\/PRONTO - Astronomy Tours","isPartOf":{"@id":"https:\/\/www.astronomy.tours\/#website"},"primaryImageOfPage":{"@id":"https:\/\/www.astronomy.tours\/pl\/produkt\/statyw-star-adventurer-azgti-pronto\/#primaryimage"},"image":{"@id":"https:\/\/www.astronomy.tours\/pl\/produkt\/statyw-star-adventurer-azgti-pronto\/#primaryimage"},"thumbnailUrl":"https:\/\/www.astronomy.tours\/wp-content\/uploads\/2024\/04\/SW0418-1.webp","datePublished":"2024-04-09T13:06:27+00:00","dateModified":"2024-06-05T13:21:10+00:00","breadcrumb":{"@id":"https:\/\/www.astronomy.tours\/pl\/produkt\/statyw-star-adventurer-azgti-pronto\/#breadcrumb"},"inLanguage":"pl-PL","potentialAction":[{"@type":"ReadAction","target":["https:\/\/www.astronomy.tours\/pl\/produkt\/statyw-star-adventurer-azgti-pronto\/"]}]},{"@type":"ImageObject","inLanguage":"pl-PL","@id":"https:\/\/www.astronomy.tours\/pl\/produkt\/statyw-star-adventurer-azgti-pronto\/#primaryimage","url":"https:\/\/www.astronomy.tours\/wp-content\/uploads\/2024\/04\/SW0418-1.webp","contentUrl":"https:\/\/www.astronomy.tours\/wp-content\/uploads\/2024\/04\/SW0418-1.webp","width":1150,"height":1150},{"@type":"BreadcrumbList","@id":"https:\/\/www.astronomy.tours\/pl\/produkt\/statyw-star-adventurer-azgti-pronto\/#breadcrumb","itemListElement":[{"@type":"ListItem","position":1,"name":"Home","item":"https:\/\/www.astronomy.tours\/pl\/"},{"@type":"ListItem","position":2,"name":"Sklep","item":"https:\/\/www.astronomy.tours\/pl\/sklep\/"},{"@type":"ListItem","position":3,"name":"Statyw STAR ADVENTURER \/ AZGTi\/PRONTO"}]},{"@type":"WebSite","@id":"https:\/\/www.astronomy.tours\/#website","url":"https:\/\/www.astronomy.tours\/","name":"Astronomy Tours","description":"Astronomical tours","publisher":{"@id":"https:\/\/www.astronomy.tours\/#organization"},"potentialAction":[{"@type":"SearchAction","target":{"@type":"EntryPoint","urlTemplate":"https:\/\/www.astronomy.tours\/?s={search_term_string}"},"query-input":{"@type":"PropertyValueSpecification","valueRequired":true,"valueName":"search_term_string"}}],"inLanguage":"pl-PL"},{"@type":"Organization","@id":"https:\/\/www.astronomy.tours\/#organization","name":"Astronomy Tours S.COOP","url":"https:\/\/www.astronomy.tours\/","logo":{"@type":"ImageObject","inLanguage":"pl-PL","@id":"https:\/\/www.astronomy.tours\/#\/schema\/logo\/image\/","url":"https:\/\/www.astronomy.tours\/wp-content\/uploads\/2026\/02\/logo-astronomy-tours-black-small.png","contentUrl":"https:\/\/www.astronomy.tours\/wp-content\/uploads\/2026\/02\/logo-astronomy-tours-black-small.png","width":2000,"height":740,"caption":"Astronomy Tours S.COOP"},"image":{"@id":"https:\/\/www.astronomy.tours\/#\/schema\/logo\/image\/"},"sameAs":["https:\/\/www.facebook.com\/astronomy.tours\/","https:\/\/www.instagram.com\/astronomytours\/?hl=en"]}]}},"brands":[{"id":228,"name":"SKYWATCHER","slug":"skywatcher-pl"}],"_links":{"self":[{"href":"https:\/\/www.astronomy.tours\/pl\/wp-json\/wp\/v2\/product\/1065","targetHints":{"allow":["GET"]}}],"collection":[{"href":"https:\/\/www.astronomy.tours\/pl\/wp-json\/wp\/v2\/product"}],"about":[{"href":"https:\/\/www.astronomy.tours\/pl\/wp-json\/wp\/v2\/types\/product"}],"replies":[{"embeddable":true,"href":"https:\/\/www.astronomy.tours\/pl\/wp-json\/wp\/v2\/comments?post=1065"}],"wp:featuredmedia":[{"embeddable":true,"href":"https:\/\/www.astronomy.tours\/pl\/wp-json\/wp\/v2\/media\/1704"}],"wp:attachment":[{"href":"https:\/\/www.astronomy.tours\/pl\/wp-json\/wp\/v2\/media?parent=1065"}],"wp:term":[{"taxonomy":"pwb-brand","embeddable":true,"href":"https:\/\/www.astronomy.tours\/pl\/wp-json\/wp\/v2\/pwb-brand?post=1065"},{"taxonomy":"product_brand","embeddable":true,"href":"https:\/\/www.astronomy.tours\/pl\/wp-json\/wp\/v2\/product_brand?post=1065"},{"taxonomy":"product_cat","embeddable":true,"href":"https:\/\/www.astronomy.tours\/pl\/wp-json\/wp\/v2\/product_cat?post=1065"},{"taxonomy":"product_tag","embeddable":true,"href":"https:\/\/www.astronomy.tours\/pl\/wp-json\/wp\/v2\/product_tag?post=1065"}],"curies":[{"name":"wp","href":"https:\/\/api.w.org\/{rel}","templated":true}]}}