{"id":1061,"date":"2024-04-09T15:14:53","date_gmt":"2024-04-09T13:14:53","guid":{"rendered":"https:\/\/astronomy-new.imoli.com.pl\/product\/teleskop-seestar-smart\/"},"modified":"2024-06-05T15:33:20","modified_gmt":"2024-06-05T13:33:20","slug":"teleskop-seestar-smart","status":"publish","type":"product","link":"https:\/\/www.astronomy.tours\/pl\/produkt\/teleskop-seestar-smart\/","title":{"rendered":"Teleskop Seestar SMART"},"content":{"rendered":"<p class=\"p1\">Dzi\u0119ki kompatybilno\u015bci z aplikacj\u0105 mobiln\u0105, mo\u017cesz \u0142atwo kontrolowa\u0107 i rejestrowa\u0107 obiekty niebieskie, takie jak S\u0142o\u0144ce, Ksi\u0119\u017cyc, galaktyki i mg\u0142awice.<\/p>\n<p class=\"p1\"><strong>G\u0142\u00f3wne Cechy:<\/strong><\/p>\n<ul>\n<li class=\"p1\">Pe\u0142na Kontrola Obraz\u00f3w: Szybkie sprawdzanie prognoz pogody i zalece\u0144 dotycz\u0105cych obserwacji nocnej. Wybierz obiekty niebieskie do sfotografowania lub prze\u0142\u0105cz si\u0119 na tryb krajobrazu i rozpocznij rejestrowanie jednym klikni\u0119ciem.<\/li>\n<li class=\"p1\">Automatyczne Ostro\u015b\u0107 i GoTo: Wykorzystuje wbudowane sensory i mapy gwiazd po\u0142\u0105czone z GPS-em twojego telefonu do automatycznej kalibracji i wyr\u00f3wnania.<\/li>\n<li class=\"p1\">Immersyjne Do\u015bwiadczenie Wizualne: Optyka potr\u00f3jna apokromatyczna o profesjonalnej jako\u015bci zapewnia ostre obrazy z doskona\u0142\u0105 kontrol\u0105 aberracji chromatycznej.<\/li>\n<li class=\"p1\">Niska Konsumpcja Energii: D\u0142uga \u017cywotno\u015b\u0107 baterii, \u0142adowana za pomoc\u0105 zewn\u0119trznej baterii, oferuj\u0105ca do 6 godzin u\u017cytkowania po pe\u0142nym na\u0142adowaniu.<\/li>\n<li class=\"p1\">Wi-Fi\/Bluetooth Zintegrowane: Wygodnie \u0142\u0105czy si\u0119 z Wi-Fi\/Bluetooth dla u\u017cytku w dowolnym miejscu.<\/li>\n<li class=\"p1\">Zintegrowane Czujniki: Wbudowane czujniki pomagaj\u0105 w poziomowaniu statywu za pomoc\u0105 ekranu twojego telefonu kom\u00f3rkowego.<\/li>\n<\/ul>\n<p class=\"p1\"><strong>Specyfikacje Techniczne:<\/strong><\/p>\n<p class=\"p1\"><strong>System Optyczny:<\/strong><\/p>\n<ul>\n<li class=\"p1\"><span class=\"Apple-converted-space\">\u00a0 <\/span>Typ: Refraktor<\/li>\n<li class=\"p1\"><span class=\"Apple-converted-space\">\u00a0 <\/span>\u015arednica: 50 mm<\/li>\n<li class=\"p1\"><span class=\"Apple-converted-space\">\u00a0 <\/span>Ogniskowa: 250 mm<\/li>\n<li class=\"p1\"><span class=\"Apple-converted-space\">\u00a0 <\/span>Stosunek Ogniskowej do \u015arednicy: f\/5<\/li>\n<li class=\"p1\"><span class=\"Apple-converted-space\">\u00a0 <\/span>Zdolno\u015b\u0107 Rozdzielcza: 2,4 sekundy k\u0105towe<\/li>\n<\/ul>\n<p class=\"p1\"><strong>Monta\u017c:<\/strong><\/p>\n<ul>\n<li class=\"p1\"><span class=\"Apple-converted-space\">\u00a0 <\/span>Typ: Altazymutalny<\/li>\n<li class=\"p1\"><span class=\"Apple-converted-space\">\u00a0 <\/span>GoTo: Tak<\/li>\n<li class=\"p1\"><span class=\"Apple-converted-space\">\u00a0 <\/span>\u017bywotno\u015b\u0107 Baterii: 6 godzin<\/li>\n<\/ul>\n<p class=\"p1\"><strong>System GoTo:<\/strong><\/p>\n<ul>\n<li class=\"p1\"><span class=\"Apple-converted-space\">\u00a0 <\/span>Proces Wyr\u00f3wnania: Automatyczny<\/li>\n<li class=\"p1\"><span class=\"Apple-converted-space\">\u00a0 <\/span>Wi-Fi: Tak<\/li>\n<\/ul>\n<p class=\"p1\"><strong>Og\u00f3lne:<\/strong><\/p>\n<ul>\n<li class=\"p1\"><span class=\"Apple-converted-space\">\u00a0 <\/span>Waga Ca\u0142kowita: 3 kg<\/li>\n<li class=\"p1\"><span class=\"Apple-converted-space\">\u00a0 <\/span>Kolor: Czarny<\/li>\n<li class=\"p1\"><span class=\"Apple-converted-space\">\u00a0 <\/span>Wymiary: 142 mm (d\u0142ugo\u015b\u0107) x 129 mm (szeroko\u015b\u0107) x 257 mm (wysoko\u015b\u0107)<\/li>\n<\/ul>\n<p class=\"p1\"><strong>Zastosowania:<\/strong><\/p>\n<ul>\n<li class=\"p1\">Automatyczna Astrofotografia<\/li>\n<li class=\"p1\">Obserwacja Mg\u0142awic i Galaktyk<\/li>\n<li class=\"p1\">Obserwacja Natury<\/li>\n<\/ul>\n<p><strong>Rekomendowany Dla:<\/strong><\/p>\n<ul>\n<li class=\"p1\">Pocz\u0105tkuj\u0105cych i Zaawansowanych U\u017cytkownik\u00f3w<\/li>\n<\/ul>\n<p class=\"p1\"><strong>Co Zawiera W Pude\u0142ku:<\/strong><\/p>\n<ul>\n<li class=\"p1\">1x Teleskop Inteligentny Seestar S50 od ZWO<\/li>\n<li class=\"p1\">1x Mini Tr\u00f3jn\u00f3g z W\u0142\u00f3kna W\u0119glowego<\/li>\n<li class=\"p1\">1x Kabel Zasilaj\u0105cy USB-C<\/li>\n<li class=\"p1\">1x Filtr S\u0142oneczny<\/li>\n<li class=\"p1\">1x Wytrzyma\u0142e Etui Transportowe<\/li>\n<\/ul>\n<p class=\"p1\">Odkrywaj wszech\u015bwiat \u0142atwo i ekscytuj\u0105co dzi\u0119ki teleskopowi inteligentnemu Seestar S50. Doskona\u0142y zar\u00f3wno dla pocz\u0105tkuj\u0105cych, jak i pasjonat\u00f3w astronomii poszukuj\u0105cych kompletnego rozwi\u0105zania do obserwacji i fotografowania.<\/p>\n","protected":false},"excerpt":{"rendered":"<p class=\"p1\"><strong>Teleskop Inteligentny Seestar S50<\/strong><\/p>\n<p class=\"p1\">Teleskop inteligentny Seestar S50 integruje teleskop, elektryczny refokus, kamer\u0119 astronomiczn\u0105, inteligentny kontroler ASIAIR, monta\u017c altazymutalny i urz\u0105dzenie do zmiany filtr\u00f3w w jednostce wa\u017c\u0105cej zaledwie 3 kg. Teraz zawiera filtr s\u0142oneczny dla wi\u0119kszej wszechstronno\u015bci.<\/p>\n","protected":false},"featured_media":1770,"comment_status":"open","ping_status":"closed","template":"","meta":[],"pwb-brand":[232],"product_brand":[],"product_cat":[120,72],"product_tag":[],"class_list":{"0":"post-1061","1":"product","2":"type-product","3":"status-publish","4":"has-post-thumbnail","6":"pwb-brand-zwo-pl","7":"product_cat-teleskopy","8":"product_cat-sprzet","10":"first","11":"instock","12":"shipping-taxable","13":"purchasable","14":"product-type-simple"},"yoast_head":"<!-- This site is optimized with the Yoast SEO plugin v25.3 - https:\/\/yoast.com\/wordpress\/plugins\/seo\/ -->\n<title>Teleskop Seestar SMART - Astronomy Tours<\/title>\n<meta name=\"robots\" content=\"index, follow, max-snippet:-1, max-image-preview:large, max-video-preview:-1\" \/>\n<link rel=\"canonical\" href=\"https:\/\/www.astronomy.tours\/pl\/produkt\/teleskop-seestar-smart\/\" \/>\n<meta property=\"og:locale\" content=\"pl_PL\" \/>\n<meta property=\"og:type\" content=\"article\" \/>\n<meta property=\"og:title\" content=\"Teleskop Seestar SMART - Astronomy Tours\" \/>\n<meta property=\"og:description\" content=\"Teleskop Inteligentny Seestar S50 Teleskop inteligentny Seestar S50 integruje teleskop, elektryczny refokus, kamer\u0119 astronomiczn\u0105, inteligentny kontroler ASIAIR, monta\u017c altazymutalny i urz\u0105dzenie do zmiany filtr\u00f3w w jednostce wa\u017c\u0105cej zaledwie 3 kg. Teraz zawiera filtr s\u0142oneczny dla wi\u0119kszej wszechstronno\u015bci.\" \/>\n<meta property=\"og:url\" content=\"https:\/\/www.astronomy.tours\/pl\/produkt\/teleskop-seestar-smart\/\" \/>\n<meta property=\"og:site_name\" content=\"Astronomy Tours\" \/>\n<meta property=\"article:publisher\" content=\"https:\/\/www.facebook.com\/astronomy.tours\/\" \/>\n<meta property=\"article:modified_time\" content=\"2024-06-05T13:33:20+00:00\" \/>\n<meta property=\"og:image\" content=\"https:\/\/www.astronomy.tours\/wp-content\/uploads\/2024\/04\/ZWO-1.webp\" \/>\n\t<meta property=\"og:image:width\" content=\"1150\" \/>\n\t<meta property=\"og:image:height\" content=\"1150\" \/>\n\t<meta property=\"og:image:type\" content=\"image\/webp\" \/>\n<meta name=\"twitter:card\" content=\"summary_large_image\" \/>\n<meta name=\"twitter:label1\" content=\"Szacowany czas czytania\" \/>\n\t<meta name=\"twitter:data1\" content=\"2 minuty\" \/>\n<script type=\"application\/ld+json\" class=\"yoast-schema-graph\">{\"@context\":\"https:\/\/schema.org\",\"@graph\":[{\"@type\":\"WebPage\",\"@id\":\"https:\/\/www.astronomy.tours\/pl\/produkt\/teleskop-seestar-smart\/\",\"url\":\"https:\/\/www.astronomy.tours\/pl\/produkt\/teleskop-seestar-smart\/\",\"name\":\"Teleskop Seestar SMART - Astronomy Tours\",\"isPartOf\":{\"@id\":\"https:\/\/www.astronomy.tours\/#website\"},\"primaryImageOfPage\":{\"@id\":\"https:\/\/www.astronomy.tours\/pl\/produkt\/teleskop-seestar-smart\/#primaryimage\"},\"image\":{\"@id\":\"https:\/\/www.astronomy.tours\/pl\/produkt\/teleskop-seestar-smart\/#primaryimage\"},\"thumbnailUrl\":\"https:\/\/www.astronomy.tours\/wp-content\/uploads\/2024\/04\/ZWO-1.webp\",\"datePublished\":\"2024-04-09T13:14:53+00:00\",\"dateModified\":\"2024-06-05T13:33:20+00:00\",\"breadcrumb\":{\"@id\":\"https:\/\/www.astronomy.tours\/pl\/produkt\/teleskop-seestar-smart\/#breadcrumb\"},\"inLanguage\":\"pl-PL\",\"potentialAction\":[{\"@type\":\"ReadAction\",\"target\":[\"https:\/\/www.astronomy.tours\/pl\/produkt\/teleskop-seestar-smart\/\"]}]},{\"@type\":\"ImageObject\",\"inLanguage\":\"pl-PL\",\"@id\":\"https:\/\/www.astronomy.tours\/pl\/produkt\/teleskop-seestar-smart\/#primaryimage\",\"url\":\"https:\/\/www.astronomy.tours\/wp-content\/uploads\/2024\/04\/ZWO-1.webp\",\"contentUrl\":\"https:\/\/www.astronomy.tours\/wp-content\/uploads\/2024\/04\/ZWO-1.webp\",\"width\":1150,\"height\":1150},{\"@type\":\"BreadcrumbList\",\"@id\":\"https:\/\/www.astronomy.tours\/pl\/produkt\/teleskop-seestar-smart\/#breadcrumb\",\"itemListElement\":[{\"@type\":\"ListItem\",\"position\":1,\"name\":\"Home\",\"item\":\"https:\/\/www.astronomy.tours\/pl\/\"},{\"@type\":\"ListItem\",\"position\":2,\"name\":\"Sklep\",\"item\":\"https:\/\/www.astronomy.tours\/pl\/sklep\/\"},{\"@type\":\"ListItem\",\"position\":3,\"name\":\"Teleskop Seestar SMART\"}]},{\"@type\":\"WebSite\",\"@id\":\"https:\/\/www.astronomy.tours\/#website\",\"url\":\"https:\/\/www.astronomy.tours\/\",\"name\":\"Astronomy Tours\",\"description\":\"Astronomical tours\",\"publisher\":{\"@id\":\"https:\/\/www.astronomy.tours\/#organization\"},\"potentialAction\":[{\"@type\":\"SearchAction\",\"target\":{\"@type\":\"EntryPoint\",\"urlTemplate\":\"https:\/\/www.astronomy.tours\/?s={search_term_string}\"},\"query-input\":{\"@type\":\"PropertyValueSpecification\",\"valueRequired\":true,\"valueName\":\"search_term_string\"}}],\"inLanguage\":\"pl-PL\"},{\"@type\":\"Organization\",\"@id\":\"https:\/\/www.astronomy.tours\/#organization\",\"name\":\"Astronomy Tours S.COOP\",\"url\":\"https:\/\/www.astronomy.tours\/\",\"logo\":{\"@type\":\"ImageObject\",\"inLanguage\":\"pl-PL\",\"@id\":\"https:\/\/www.astronomy.tours\/#\/schema\/logo\/image\/\",\"url\":\"https:\/\/www.astronomy.tours\/wp-content\/uploads\/2026\/02\/logo-astronomy-tours-black-small.png\",\"contentUrl\":\"https:\/\/www.astronomy.tours\/wp-content\/uploads\/2026\/02\/logo-astronomy-tours-black-small.png\",\"width\":2000,\"height\":740,\"caption\":\"Astronomy Tours S.COOP\"},\"image\":{\"@id\":\"https:\/\/www.astronomy.tours\/#\/schema\/logo\/image\/\"},\"sameAs\":[\"https:\/\/www.facebook.com\/astronomy.tours\/\",\"https:\/\/www.instagram.com\/astronomytours\/?hl=en\"]}]}<\/script>\n<!-- \/ Yoast SEO plugin. -->","yoast_head_json":{"title":"Teleskop Seestar SMART - Astronomy Tours","robots":{"index":"index","follow":"follow","max-snippet":"max-snippet:-1","max-image-preview":"max-image-preview:large","max-video-preview":"max-video-preview:-1"},"canonical":"https:\/\/www.astronomy.tours\/pl\/produkt\/teleskop-seestar-smart\/","og_locale":"pl_PL","og_type":"article","og_title":"Teleskop Seestar SMART - Astronomy Tours","og_description":"Teleskop Inteligentny Seestar S50 Teleskop inteligentny Seestar S50 integruje teleskop, elektryczny refokus, kamer\u0119 astronomiczn\u0105, inteligentny kontroler ASIAIR, monta\u017c altazymutalny i urz\u0105dzenie do zmiany filtr\u00f3w w jednostce wa\u017c\u0105cej zaledwie 3 kg. Teraz zawiera filtr s\u0142oneczny dla wi\u0119kszej wszechstronno\u015bci.","og_url":"https:\/\/www.astronomy.tours\/pl\/produkt\/teleskop-seestar-smart\/","og_site_name":"Astronomy Tours","article_publisher":"https:\/\/www.facebook.com\/astronomy.tours\/","article_modified_time":"2024-06-05T13:33:20+00:00","og_image":[{"width":1150,"height":1150,"url":"https:\/\/www.astronomy.tours\/wp-content\/uploads\/2024\/04\/ZWO-1.webp","type":"image\/webp"}],"twitter_card":"summary_large_image","twitter_misc":{"Szacowany czas czytania":"2 minuty"},"schema":{"@context":"https:\/\/schema.org","@graph":[{"@type":"WebPage","@id":"https:\/\/www.astronomy.tours\/pl\/produkt\/teleskop-seestar-smart\/","url":"https:\/\/www.astronomy.tours\/pl\/produkt\/teleskop-seestar-smart\/","name":"Teleskop Seestar SMART - Astronomy Tours","isPartOf":{"@id":"https:\/\/www.astronomy.tours\/#website"},"primaryImageOfPage":{"@id":"https:\/\/www.astronomy.tours\/pl\/produkt\/teleskop-seestar-smart\/#primaryimage"},"image":{"@id":"https:\/\/www.astronomy.tours\/pl\/produkt\/teleskop-seestar-smart\/#primaryimage"},"thumbnailUrl":"https:\/\/www.astronomy.tours\/wp-content\/uploads\/2024\/04\/ZWO-1.webp","datePublished":"2024-04-09T13:14:53+00:00","dateModified":"2024-06-05T13:33:20+00:00","breadcrumb":{"@id":"https:\/\/www.astronomy.tours\/pl\/produkt\/teleskop-seestar-smart\/#breadcrumb"},"inLanguage":"pl-PL","potentialAction":[{"@type":"ReadAction","target":["https:\/\/www.astronomy.tours\/pl\/produkt\/teleskop-seestar-smart\/"]}]},{"@type":"ImageObject","inLanguage":"pl-PL","@id":"https:\/\/www.astronomy.tours\/pl\/produkt\/teleskop-seestar-smart\/#primaryimage","url":"https:\/\/www.astronomy.tours\/wp-content\/uploads\/2024\/04\/ZWO-1.webp","contentUrl":"https:\/\/www.astronomy.tours\/wp-content\/uploads\/2024\/04\/ZWO-1.webp","width":1150,"height":1150},{"@type":"BreadcrumbList","@id":"https:\/\/www.astronomy.tours\/pl\/produkt\/teleskop-seestar-smart\/#breadcrumb","itemListElement":[{"@type":"ListItem","position":1,"name":"Home","item":"https:\/\/www.astronomy.tours\/pl\/"},{"@type":"ListItem","position":2,"name":"Sklep","item":"https:\/\/www.astronomy.tours\/pl\/sklep\/"},{"@type":"ListItem","position":3,"name":"Teleskop Seestar SMART"}]},{"@type":"WebSite","@id":"https:\/\/www.astronomy.tours\/#website","url":"https:\/\/www.astronomy.tours\/","name":"Astronomy Tours","description":"Astronomical tours","publisher":{"@id":"https:\/\/www.astronomy.tours\/#organization"},"potentialAction":[{"@type":"SearchAction","target":{"@type":"EntryPoint","urlTemplate":"https:\/\/www.astronomy.tours\/?s={search_term_string}"},"query-input":{"@type":"PropertyValueSpecification","valueRequired":true,"valueName":"search_term_string"}}],"inLanguage":"pl-PL"},{"@type":"Organization","@id":"https:\/\/www.astronomy.tours\/#organization","name":"Astronomy Tours S.COOP","url":"https:\/\/www.astronomy.tours\/","logo":{"@type":"ImageObject","inLanguage":"pl-PL","@id":"https:\/\/www.astronomy.tours\/#\/schema\/logo\/image\/","url":"https:\/\/www.astronomy.tours\/wp-content\/uploads\/2026\/02\/logo-astronomy-tours-black-small.png","contentUrl":"https:\/\/www.astronomy.tours\/wp-content\/uploads\/2026\/02\/logo-astronomy-tours-black-small.png","width":2000,"height":740,"caption":"Astronomy Tours S.COOP"},"image":{"@id":"https:\/\/www.astronomy.tours\/#\/schema\/logo\/image\/"},"sameAs":["https:\/\/www.facebook.com\/astronomy.tours\/","https:\/\/www.instagram.com\/astronomytours\/?hl=en"]}]}},"brands":[{"id":232,"name":"ZWO","slug":"zwo-pl"}],"_links":{"self":[{"href":"https:\/\/www.astronomy.tours\/pl\/wp-json\/wp\/v2\/product\/1061","targetHints":{"allow":["GET"]}}],"collection":[{"href":"https:\/\/www.astronomy.tours\/pl\/wp-json\/wp\/v2\/product"}],"about":[{"href":"https:\/\/www.astronomy.tours\/pl\/wp-json\/wp\/v2\/types\/product"}],"replies":[{"embeddable":true,"href":"https:\/\/www.astronomy.tours\/pl\/wp-json\/wp\/v2\/comments?post=1061"}],"wp:featuredmedia":[{"embeddable":true,"href":"https:\/\/www.astronomy.tours\/pl\/wp-json\/wp\/v2\/media\/1770"}],"wp:attachment":[{"href":"https:\/\/www.astronomy.tours\/pl\/wp-json\/wp\/v2\/media?parent=1061"}],"wp:term":[{"taxonomy":"pwb-brand","embeddable":true,"href":"https:\/\/www.astronomy.tours\/pl\/wp-json\/wp\/v2\/pwb-brand?post=1061"},{"taxonomy":"product_brand","embeddable":true,"href":"https:\/\/www.astronomy.tours\/pl\/wp-json\/wp\/v2\/product_brand?post=1061"},{"taxonomy":"product_cat","embeddable":true,"href":"https:\/\/www.astronomy.tours\/pl\/wp-json\/wp\/v2\/product_cat?post=1061"},{"taxonomy":"product_tag","embeddable":true,"href":"https:\/\/www.astronomy.tours\/pl\/wp-json\/wp\/v2\/product_tag?post=1061"}],"curies":[{"name":"wp","href":"https:\/\/api.w.org\/{rel}","templated":true}]}}