{"id":1060,"date":"2024-04-09T15:17:22","date_gmt":"2024-04-09T13:17:22","guid":{"rendered":"https:\/\/astronomy-new.imoli.com.pl\/product\/lornetka-skymaster-15x70\/"},"modified":"2024-06-05T15:36:38","modified_gmt":"2024-06-05T13:36:38","slug":"lornetka-skymaster-15x70","status":"publish","type":"product","link":"https:\/\/www.astronomy.tours\/pl\/produkt\/lornetka-skymaster-15x70\/","title":{"rendered":"Lornetka Skymaster 15&#215;70"},"content":{"rendered":"<p class=\"p1\"><strong>G\u0142\u00f3wne cechy:<\/strong><\/p>\n<ul>\n<li class=\"p1\">Lornetka z pryzmatami Porro o powi\u0119kszeniu 15x<\/li>\n<li class=\"p1\">Du\u017cy obiektyw o \u015brednicy 70 mm zapewniaj\u0105cy maksymaln\u0105 jasno\u015b\u0107 w warunkach s\u0142abego o\u015bwietlenia i na d\u0142ugich dystansach<\/li>\n<li class=\"p1\">Ostro\u015b\u0107 na ca\u0142ym polu widzenia<\/li>\n<li class=\"p1\">Wielowarstwowe pow\u0142oki optyczne dla wyra\u017anych i czystych obraz\u00f3w<\/li>\n<li class=\"p1\">Nadaje si\u0119 zar\u00f3wno do obserwacji ziemskich, jak i astronomicznych<\/li>\n<li class=\"p1\">Ochronna pow\u0142oka z gumy dla pewnego chwytu<\/li>\n<li class=\"p1\">Du\u017cy pokr\u0119t\u0142o centralnej ostro\u015bci u\u0142atwiaj\u0105ce regulacj\u0119 ostro\u015bci<\/li>\n<li class=\"p1\">Adapter do statywu zapewniaj\u0105cy stabilne sesje obserwacyjne<\/li>\n<li class=\"p1\">D\u0142ugi dystans oka idealny dla os\u00f3b nosz\u0105cych okulary<\/li>\n<li class=\"p1\">Zestaw zawiera futera\u0142 podr\u00f3\u017cny do przechowywania i podr\u00f3\u017cowania<\/li>\n<li class=\"p1\">Ograniczona do\u017cywotnia gwarancja zapewnia najlepsz\u0105 ochron\u0119 produktu i wsparcie<\/li>\n<\/ul>\n<p class=\"p1\"><strong>Specyfikacje:<\/strong><\/p>\n<ul>\n<li class=\"p1\">Powi\u0119kszenie: 15x<\/li>\n<li class=\"p1\">\u015arednica obiektywu: 70 mm (2,75 cala)<\/li>\n<li class=\"p1\">K\u0105towe pole widzenia: 4,4 stopnia<\/li>\n<li class=\"p1\">Linearny obszar widzenia (@ 1000 jard\u00f3w \/ @ 1000 metr\u00f3w): 231 st\u00f3p (77 metr\u00f3w)<\/li>\n<li class=\"p1\">\u0179renica wyj\u015bciowa: 4,7 mm (0,18 cala)<\/li>\n<li class=\"p1\">D\u0142ugo\u015b\u0107 oka: 18 mm (0,71 cala)<\/li>\n<li class=\"p1\">Minimalna odleg\u0142o\u015b\u0107 ostrzenia: 43 stopy (13 metr\u00f3w)<\/li>\n<li class=\"p1\">Odleg\u0142o\u015b\u0107 mi\u0119dzy \u017arenicami (maks.): 72 mm (2,83 cala)<\/li>\n<li class=\"p1\">Odleg\u0142o\u015b\u0107 mi\u0119dzy \u017arenicami (min.): 56 mm (2,20 cala)<\/li>\n<li class=\"p1\">Zakres regulacji dioptrii: -4 do +8<\/li>\n<li class=\"p1\">Wsp\u00f3\u0142czynnik zmierzchu: 32,4<\/li>\n<li class=\"p1\">Jasno\u015b\u0107 wzgl\u0119dna: 22,09<\/li>\n<li class=\"p1\">Magnituda graniczna gwiazd: Idealna: 11,73 | \u015arednia: 10,73 | S\u0142aba: 9,73<\/li>\n<li class=\"p1\">Pow\u0142oki obiektywu: Wielowarstwowe<\/li>\n<li class=\"p1\">Szk\u0142o pryzmatu (typ): BaK-4<\/li>\n<li class=\"p1\">Pow\u0142oki pryzmatu: Brak<\/li>\n<li class=\"p1\">Waga: 48 oz (1361 g)<\/li>\n<li class=\"p1\">Ochrona przed \u015brodowiskiem: Wodoodporny<\/li>\n<li class=\"p1\">Mo\u017cliwo\u015b\u0107 adaptacji do statywu: Tak<\/li>\n<li class=\"p1\">Futera\u0142 podr\u00f3\u017cny: Nylon<\/li>\n<li class=\"p1\">Wymiary: 220 mm x 110 mm x 280 mm (8,7&#8243; x 4,3&#8243; x 11,0&#8243;)<\/li>\n<\/ul>\n<p class=\"p1\"><strong>Zawarto\u015b\u0107 zestawu:<\/strong><\/p>\n<ul>\n<li class=\"p1\">Adapter do statywu<\/li>\n<li class=\"p1\">Nak\u0142adki na obiektyw<\/li>\n<li class=\"p1\">Os\u0142ona przeciws\u0142oneczna<\/li>\n<li class=\"p1\">Pasek na szyj\u0119<\/li>\n<li class=\"p1\">\u015aciereczka do czyszczenia obiektywu<\/li>\n<li class=\"p1\">Instrukcja obs\u0142ugi<\/li>\n<\/ul>\n<p class=\"p1\"><strong>Ostrze\u017cenie dotycz\u0105ce S\u0142o\u0144ca<\/strong>: Nigdy nie patrz bezpo\u015brednio w stron\u0119 S\u0142o\u0144ca za pomoc\u0105 tych lornetek. Mo\u017ce to spowodowa\u0107 trwa\u0142e i nieodwracalne uszkodzenia wzroku. Unikaj r\u00f3wnie\u017c u\u017cywania lornetek do projekcji obrazu S\u0142o\u0144ca na jak\u0105kolwiek powierzchni\u0119, poniewa\u017c mo\u017ce to prowadzi\u0107 do wewn\u0119trznego nagrzewania si\u0119 i uszkodzenia optyki i akcesori\u00f3w. Zawsze nadzoruj korzystanie z tych lornetek, zw\u0142aszcza w pobli\u017cu dzieci, i upewnij si\u0119, \u017ce doros\u0142y znaj\u0105cy odpowiednie procedury operacyjne jest zawsze obecny.<\/p>\n","protected":false},"excerpt":{"rendered":"<p class=\"p1\"><strong>Lornetka Celestron SkyMaster 15&#215;70<\/strong><\/p>\n<p class=\"p1\">Seria lornetek Celestron SkyMaster o du\u017cych przekrojach obiektywu oferuje wyj\u0105tkow\u0105 warto\u015b\u0107 i wysokowydajn\u0105 optyk\u0119 idealn\u0105 do obserwacji astronomicznych i ziemskich, zw\u0142aszcza na du\u017ce odleg\u0142o\u015bci. Ka\u017cdy model SkyMaster wyposa\u017cony jest w wysokiej jako\u015bci pryzmaty BaK-4 i wielowarstwowe pow\u0142oki optyczne, kt\u00f3re zwi\u0119kszaj\u0105 kontrast.<\/p>\n","protected":false},"featured_media":1443,"comment_status":"open","ping_status":"closed","template":"","meta":[],"pwb-brand":[234],"product_brand":[],"product_cat":[124,72],"product_tag":[],"class_list":{"0":"post-1060","1":"product","2":"type-product","3":"status-publish","4":"has-post-thumbnail","6":"pwb-brand-celestron-pl","7":"product_cat-lornetka","8":"product_cat-sprzet","10":"first","11":"instock","12":"shipping-taxable","13":"purchasable","14":"product-type-simple"},"yoast_head":"<!-- This site is optimized with the Yoast SEO plugin v25.3 - https:\/\/yoast.com\/wordpress\/plugins\/seo\/ -->\n<title>Lornetka Skymaster 15x70 - Astronomy Tours<\/title>\n<meta name=\"robots\" content=\"index, follow, max-snippet:-1, max-image-preview:large, max-video-preview:-1\" \/>\n<link rel=\"canonical\" href=\"https:\/\/www.astronomy.tours\/pl\/produkt\/lornetka-skymaster-15x70\/\" \/>\n<meta property=\"og:locale\" content=\"pl_PL\" \/>\n<meta property=\"og:type\" content=\"article\" \/>\n<meta property=\"og:title\" content=\"Lornetka Skymaster 15x70 - Astronomy Tours\" \/>\n<meta property=\"og:description\" content=\"Lornetka Celestron SkyMaster 15x70 Seria lornetek Celestron SkyMaster o du\u017cych przekrojach obiektywu oferuje wyj\u0105tkow\u0105 warto\u015b\u0107 i wysokowydajn\u0105 optyk\u0119 idealn\u0105 do obserwacji astronomicznych i ziemskich, zw\u0142aszcza na du\u017ce odleg\u0142o\u015bci. Ka\u017cdy model SkyMaster wyposa\u017cony jest w wysokiej jako\u015bci pryzmaty BaK-4 i wielowarstwowe pow\u0142oki optyczne, kt\u00f3re zwi\u0119kszaj\u0105 kontrast.\" \/>\n<meta property=\"og:url\" content=\"https:\/\/www.astronomy.tours\/pl\/produkt\/lornetka-skymaster-15x70\/\" \/>\n<meta property=\"og:site_name\" content=\"Astronomy Tours\" \/>\n<meta property=\"article:publisher\" content=\"https:\/\/www.facebook.com\/astronomy.tours\/\" \/>\n<meta property=\"article:modified_time\" content=\"2024-06-05T13:36:38+00:00\" \/>\n<meta property=\"og:image\" content=\"https:\/\/www.astronomy.tours\/wp-content\/uploads\/2024\/04\/CB71009-DS-1-1.webp\" \/>\n\t<meta property=\"og:image:width\" content=\"1150\" \/>\n\t<meta property=\"og:image:height\" content=\"704\" \/>\n\t<meta property=\"og:image:type\" content=\"image\/webp\" \/>\n<meta name=\"twitter:card\" content=\"summary_large_image\" \/>\n<meta name=\"twitter:label1\" content=\"Szacowany czas czytania\" \/>\n\t<meta name=\"twitter:data1\" content=\"2 minuty\" \/>\n<script type=\"application\/ld+json\" class=\"yoast-schema-graph\">{\"@context\":\"https:\/\/schema.org\",\"@graph\":[{\"@type\":\"WebPage\",\"@id\":\"https:\/\/www.astronomy.tours\/pl\/produkt\/lornetka-skymaster-15x70\/\",\"url\":\"https:\/\/www.astronomy.tours\/pl\/produkt\/lornetka-skymaster-15x70\/\",\"name\":\"Lornetka Skymaster 15x70 - Astronomy Tours\",\"isPartOf\":{\"@id\":\"https:\/\/www.astronomy.tours\/#website\"},\"primaryImageOfPage\":{\"@id\":\"https:\/\/www.astronomy.tours\/pl\/produkt\/lornetka-skymaster-15x70\/#primaryimage\"},\"image\":{\"@id\":\"https:\/\/www.astronomy.tours\/pl\/produkt\/lornetka-skymaster-15x70\/#primaryimage\"},\"thumbnailUrl\":\"https:\/\/www.astronomy.tours\/wp-content\/uploads\/2024\/04\/CB71009-DS-1-1.webp\",\"datePublished\":\"2024-04-09T13:17:22+00:00\",\"dateModified\":\"2024-06-05T13:36:38+00:00\",\"breadcrumb\":{\"@id\":\"https:\/\/www.astronomy.tours\/pl\/produkt\/lornetka-skymaster-15x70\/#breadcrumb\"},\"inLanguage\":\"pl-PL\",\"potentialAction\":[{\"@type\":\"ReadAction\",\"target\":[\"https:\/\/www.astronomy.tours\/pl\/produkt\/lornetka-skymaster-15x70\/\"]}]},{\"@type\":\"ImageObject\",\"inLanguage\":\"pl-PL\",\"@id\":\"https:\/\/www.astronomy.tours\/pl\/produkt\/lornetka-skymaster-15x70\/#primaryimage\",\"url\":\"https:\/\/www.astronomy.tours\/wp-content\/uploads\/2024\/04\/CB71009-DS-1-1.webp\",\"contentUrl\":\"https:\/\/www.astronomy.tours\/wp-content\/uploads\/2024\/04\/CB71009-DS-1-1.webp\",\"width\":1150,\"height\":704},{\"@type\":\"BreadcrumbList\",\"@id\":\"https:\/\/www.astronomy.tours\/pl\/produkt\/lornetka-skymaster-15x70\/#breadcrumb\",\"itemListElement\":[{\"@type\":\"ListItem\",\"position\":1,\"name\":\"Home\",\"item\":\"https:\/\/www.astronomy.tours\/pl\/\"},{\"@type\":\"ListItem\",\"position\":2,\"name\":\"Sklep\",\"item\":\"https:\/\/www.astronomy.tours\/pl\/sklep\/\"},{\"@type\":\"ListItem\",\"position\":3,\"name\":\"Lornetka Skymaster 15&#215;70\"}]},{\"@type\":\"WebSite\",\"@id\":\"https:\/\/www.astronomy.tours\/#website\",\"url\":\"https:\/\/www.astronomy.tours\/\",\"name\":\"Astronomy Tours\",\"description\":\"Astronomical tours\",\"publisher\":{\"@id\":\"https:\/\/www.astronomy.tours\/#organization\"},\"potentialAction\":[{\"@type\":\"SearchAction\",\"target\":{\"@type\":\"EntryPoint\",\"urlTemplate\":\"https:\/\/www.astronomy.tours\/?s={search_term_string}\"},\"query-input\":{\"@type\":\"PropertyValueSpecification\",\"valueRequired\":true,\"valueName\":\"search_term_string\"}}],\"inLanguage\":\"pl-PL\"},{\"@type\":\"Organization\",\"@id\":\"https:\/\/www.astronomy.tours\/#organization\",\"name\":\"Astronomy Tours S.COOP\",\"url\":\"https:\/\/www.astronomy.tours\/\",\"logo\":{\"@type\":\"ImageObject\",\"inLanguage\":\"pl-PL\",\"@id\":\"https:\/\/www.astronomy.tours\/#\/schema\/logo\/image\/\",\"url\":\"https:\/\/www.astronomy.tours\/wp-content\/uploads\/2026\/02\/logo-astronomy-tours-black-small.png\",\"contentUrl\":\"https:\/\/www.astronomy.tours\/wp-content\/uploads\/2026\/02\/logo-astronomy-tours-black-small.png\",\"width\":2000,\"height\":740,\"caption\":\"Astronomy Tours S.COOP\"},\"image\":{\"@id\":\"https:\/\/www.astronomy.tours\/#\/schema\/logo\/image\/\"},\"sameAs\":[\"https:\/\/www.facebook.com\/astronomy.tours\/\",\"https:\/\/www.instagram.com\/astronomytours\/?hl=en\"]}]}<\/script>\n<!-- \/ Yoast SEO plugin. -->","yoast_head_json":{"title":"Lornetka Skymaster 15x70 - Astronomy Tours","robots":{"index":"index","follow":"follow","max-snippet":"max-snippet:-1","max-image-preview":"max-image-preview:large","max-video-preview":"max-video-preview:-1"},"canonical":"https:\/\/www.astronomy.tours\/pl\/produkt\/lornetka-skymaster-15x70\/","og_locale":"pl_PL","og_type":"article","og_title":"Lornetka Skymaster 15x70 - Astronomy Tours","og_description":"Lornetka Celestron SkyMaster 15x70 Seria lornetek Celestron SkyMaster o du\u017cych przekrojach obiektywu oferuje wyj\u0105tkow\u0105 warto\u015b\u0107 i wysokowydajn\u0105 optyk\u0119 idealn\u0105 do obserwacji astronomicznych i ziemskich, zw\u0142aszcza na du\u017ce odleg\u0142o\u015bci. Ka\u017cdy model SkyMaster wyposa\u017cony jest w wysokiej jako\u015bci pryzmaty BaK-4 i wielowarstwowe pow\u0142oki optyczne, kt\u00f3re zwi\u0119kszaj\u0105 kontrast.","og_url":"https:\/\/www.astronomy.tours\/pl\/produkt\/lornetka-skymaster-15x70\/","og_site_name":"Astronomy Tours","article_publisher":"https:\/\/www.facebook.com\/astronomy.tours\/","article_modified_time":"2024-06-05T13:36:38+00:00","og_image":[{"width":1150,"height":704,"url":"https:\/\/www.astronomy.tours\/wp-content\/uploads\/2024\/04\/CB71009-DS-1-1.webp","type":"image\/webp"}],"twitter_card":"summary_large_image","twitter_misc":{"Szacowany czas czytania":"2 minuty"},"schema":{"@context":"https:\/\/schema.org","@graph":[{"@type":"WebPage","@id":"https:\/\/www.astronomy.tours\/pl\/produkt\/lornetka-skymaster-15x70\/","url":"https:\/\/www.astronomy.tours\/pl\/produkt\/lornetka-skymaster-15x70\/","name":"Lornetka Skymaster 15x70 - Astronomy Tours","isPartOf":{"@id":"https:\/\/www.astronomy.tours\/#website"},"primaryImageOfPage":{"@id":"https:\/\/www.astronomy.tours\/pl\/produkt\/lornetka-skymaster-15x70\/#primaryimage"},"image":{"@id":"https:\/\/www.astronomy.tours\/pl\/produkt\/lornetka-skymaster-15x70\/#primaryimage"},"thumbnailUrl":"https:\/\/www.astronomy.tours\/wp-content\/uploads\/2024\/04\/CB71009-DS-1-1.webp","datePublished":"2024-04-09T13:17:22+00:00","dateModified":"2024-06-05T13:36:38+00:00","breadcrumb":{"@id":"https:\/\/www.astronomy.tours\/pl\/produkt\/lornetka-skymaster-15x70\/#breadcrumb"},"inLanguage":"pl-PL","potentialAction":[{"@type":"ReadAction","target":["https:\/\/www.astronomy.tours\/pl\/produkt\/lornetka-skymaster-15x70\/"]}]},{"@type":"ImageObject","inLanguage":"pl-PL","@id":"https:\/\/www.astronomy.tours\/pl\/produkt\/lornetka-skymaster-15x70\/#primaryimage","url":"https:\/\/www.astronomy.tours\/wp-content\/uploads\/2024\/04\/CB71009-DS-1-1.webp","contentUrl":"https:\/\/www.astronomy.tours\/wp-content\/uploads\/2024\/04\/CB71009-DS-1-1.webp","width":1150,"height":704},{"@type":"BreadcrumbList","@id":"https:\/\/www.astronomy.tours\/pl\/produkt\/lornetka-skymaster-15x70\/#breadcrumb","itemListElement":[{"@type":"ListItem","position":1,"name":"Home","item":"https:\/\/www.astronomy.tours\/pl\/"},{"@type":"ListItem","position":2,"name":"Sklep","item":"https:\/\/www.astronomy.tours\/pl\/sklep\/"},{"@type":"ListItem","position":3,"name":"Lornetka Skymaster 15&#215;70"}]},{"@type":"WebSite","@id":"https:\/\/www.astronomy.tours\/#website","url":"https:\/\/www.astronomy.tours\/","name":"Astronomy Tours","description":"Astronomical tours","publisher":{"@id":"https:\/\/www.astronomy.tours\/#organization"},"potentialAction":[{"@type":"SearchAction","target":{"@type":"EntryPoint","urlTemplate":"https:\/\/www.astronomy.tours\/?s={search_term_string}"},"query-input":{"@type":"PropertyValueSpecification","valueRequired":true,"valueName":"search_term_string"}}],"inLanguage":"pl-PL"},{"@type":"Organization","@id":"https:\/\/www.astronomy.tours\/#organization","name":"Astronomy Tours S.COOP","url":"https:\/\/www.astronomy.tours\/","logo":{"@type":"ImageObject","inLanguage":"pl-PL","@id":"https:\/\/www.astronomy.tours\/#\/schema\/logo\/image\/","url":"https:\/\/www.astronomy.tours\/wp-content\/uploads\/2026\/02\/logo-astronomy-tours-black-small.png","contentUrl":"https:\/\/www.astronomy.tours\/wp-content\/uploads\/2026\/02\/logo-astronomy-tours-black-small.png","width":2000,"height":740,"caption":"Astronomy Tours S.COOP"},"image":{"@id":"https:\/\/www.astronomy.tours\/#\/schema\/logo\/image\/"},"sameAs":["https:\/\/www.facebook.com\/astronomy.tours\/","https:\/\/www.instagram.com\/astronomytours\/?hl=en"]}]}},"brands":[{"id":234,"name":"CELESTRON","slug":"celestron-pl"}],"_links":{"self":[{"href":"https:\/\/www.astronomy.tours\/pl\/wp-json\/wp\/v2\/product\/1060","targetHints":{"allow":["GET"]}}],"collection":[{"href":"https:\/\/www.astronomy.tours\/pl\/wp-json\/wp\/v2\/product"}],"about":[{"href":"https:\/\/www.astronomy.tours\/pl\/wp-json\/wp\/v2\/types\/product"}],"replies":[{"embeddable":true,"href":"https:\/\/www.astronomy.tours\/pl\/wp-json\/wp\/v2\/comments?post=1060"}],"wp:featuredmedia":[{"embeddable":true,"href":"https:\/\/www.astronomy.tours\/pl\/wp-json\/wp\/v2\/media\/1443"}],"wp:attachment":[{"href":"https:\/\/www.astronomy.tours\/pl\/wp-json\/wp\/v2\/media?parent=1060"}],"wp:term":[{"taxonomy":"pwb-brand","embeddable":true,"href":"https:\/\/www.astronomy.tours\/pl\/wp-json\/wp\/v2\/pwb-brand?post=1060"},{"taxonomy":"product_brand","embeddable":true,"href":"https:\/\/www.astronomy.tours\/pl\/wp-json\/wp\/v2\/product_brand?post=1060"},{"taxonomy":"product_cat","embeddable":true,"href":"https:\/\/www.astronomy.tours\/pl\/wp-json\/wp\/v2\/product_cat?post=1060"},{"taxonomy":"product_tag","embeddable":true,"href":"https:\/\/www.astronomy.tours\/pl\/wp-json\/wp\/v2\/product_tag?post=1060"}],"curies":[{"name":"wp","href":"https:\/\/api.w.org\/{rel}","templated":true}]}}