{"id":1058,"date":"2024-04-09T15:21:22","date_gmt":"2024-04-09T13:21:22","guid":{"rendered":"https:\/\/astronomy-new.imoli.com.pl\/product\/lornetka-skymaster-20x80-pro\/"},"modified":"2024-06-05T15:44:26","modified_gmt":"2024-06-05T13:44:26","slug":"lornetka-skymaster-20x80-pro","status":"publish","type":"product","link":"https:\/\/www.astronomy.tours\/pl\/produkt\/lornetka-skymaster-20x80-pro\/","title":{"rendered":"Lornetka Skymaster 20&#215;80 PRO"},"content":{"rendered":"<p class=\"p1\"><strong>G\u0142\u00f3wne cechy:<\/strong><\/p>\n<ul>\n<li class=\"p1\">Wysokiej jako\u015bci lornetki astronomiczne idealne dla amator\u00f3w astronomii i obserwacji na du\u017c\u0105 odleg\u0142o\u015b\u0107<\/li>\n<li class=\"p1\">Wyj\u0105tkowe optyka, pow\u0142oki, komponenty wewn\u0119trzne i konstrukcja obudowy w por\u00f3wnaniu z modelami przyjaznymi dla portfela<\/li>\n<li class=\"p1\">Du\u017ce obiektywy o \u015brednicy 80 mm dla doskona\u0142ej zdolno\u015bci zbierania \u015bwiat\u0142a, idealne do warunk\u00f3w o s\u0142abym o\u015bwietleniu i obserwacji astronomicznych<\/li>\n<li class=\"p1\">Pryzmaty BaK-4 i optyka w pe\u0142ni wielowarstwowa z opatentowanymi pow\u0142okami XLT Celestron dla zwi\u0119kszonej transmisji \u015bwiat\u0142a, ostro\u015bci i kontrastu<\/li>\n<\/ul>\n<p class=\"p1\"><strong>Zintegrowany adapter na statyw:<\/strong><\/p>\n<p class=\"p1\">Lornetki astronomiczne Celestron SkyMaster PRO 20&#215;80 s\u0105 wyposa\u017cone w zintegrowany adapter na statyw, kt\u00f3ry umo\u017cliwia zamocowanie ich na statywie dla stabilnych obserwacji o du\u017cej powi\u0119kszeniu. Adapter posiada r\u00f3wnie\u017c szyn\u0119 do zamocowania wska\u017anika punktu czerwonego, u\u0142atwiaj\u0105c szybkie i \u0142atwe namierzanie obiekt\u00f3w niebieskich.<\/p>\n<p class=\"p1\"><strong>Szyna RSR (Reflex Sight Ready):<\/strong><\/p>\n<p class=\"p1\">Zamocowany adapter na statyw na SkyMaster PRO posiada szyn\u0119 RSR, kt\u00f3ra umo\u017cliwia zamocowanie wska\u017anika punktu czerwonego na lornetkach, u\u0142atwiaj\u0105c szybkie i \u0142atwe namierzanie obiekt\u00f3w niebieskich.<\/p>\n<p class=\"p1\"><strong>Wytrzyma\u0142a i wodoodporna konstrukcja:<\/strong><\/p>\n<p class=\"p1\">Lornetki Celestron SkyMaster PRO s\u0105 wykonane z aluminium i poliw\u0119glanu, co sprawia, \u017ce s\u0105 lekkie, ale jednocze\u015bnie wytrzyma\u0142e. Wytrzyma\u0142a gumowa pow\u0142oka zapewnia wygodny i pewny chwyt, idealny do codziennego u\u017cytku w terenie. S\u0105 wodoodporne i wype\u0142nione azotem, aby zapobiec parowaniu si\u0119 soczewek wewn\u0119trznych, zapewniaj\u0105c niezawodn\u0105 wydajno\u015b\u0107 we wszystkich warunkach pogodowych.<\/p>\n<p class=\"p1\"><strong>Rozszerzone odleg\u0142o\u015bci oka:<\/strong><\/p>\n<p class=\"p1\">Dzi\u0119ki odleg\u0142o\u015bci oka wynosz\u0105cej 15,5 mm, lornetki SkyMaster PRO s\u0105 wygodne w u\u017cyciu zar\u00f3wno z okularami, jak i bez nich. Osoby nosz\u0105ce okulary mog\u0105 cieszy\u0107 si\u0119 pe\u0142nym polem widzenia, podczas gdy osoby bez okular\u00f3w mog\u0105 \u0142atwo ustawi\u0107 oczy w optymalnej odleg\u0142o\u015bci od okular\u00f3w, aby uzyska\u0107 maksymaln\u0105 wydajno\u015b\u0107.<\/p>\n<p class=\"p1\"><strong>Zwi\u0119kszone powi\u0119kszenie:<\/strong><\/p>\n<p class=\"p1\">Lornetki Celestron SkyMaster PRO o powi\u0119kszeniu 20x zapewniaj\u0105 szczeg\u00f3\u0142owe widoki obiekt\u00f3w niebieskich i s\u0105 doskona\u0142e do obserwacji dzikiej przyrody na du\u017cych odleg\u0142o\u015bciach.<\/p>\n<p class=\"p1\"><strong>Specyfikacje:<\/strong><\/p>\n<ul>\n<li class=\"p1\">Powi\u0119kszenie: 20x<\/li>\n<li class=\"p1\">\u015arednica obiektywu: 80 mm<\/li>\n<li class=\"p1\">Pow\u0142oki optyczne: Wielowarstwowe z pow\u0142okami XLT<\/li>\n<li class=\"p1\">Typ pryzmatu: Pryzmat Porro (BAK4)<\/li>\n<li class=\"p1\">Pole widzenia: 3,2 stopnia<\/li>\n<li class=\"p1\">\u015arednica \u017arenicy wyj\u015bciowej: 4 mm<\/li>\n<li class=\"p1\">Odleg\u0142o\u015b\u0107 oka: 15,5 mm<\/li>\n<li class=\"p1\">Minimalna odleg\u0142o\u015b\u0107 ostro\u015bci: 20,2 metra<\/li>\n<li class=\"p1\">Wodoodporno\u015b\u0107: Wodoodporne, wype\u0142nione azotem<\/li>\n<li class=\"p1\">Jasno\u015b\u0107 wzgl\u0119dna: 16<\/li>\n<li class=\"p1\">Wsp\u00f3\u0142czynnik zmierzchu: 40<\/li>\n<li class=\"p1\">Regulacja odleg\u0142o\u015bci mi\u0119dzy\u017arenicznej: \u00b14<\/li>\n<li class=\"p1\">Mo\u017cliwo\u015b\u0107 adaptacji do statywu: Tak<\/li>\n<li class=\"p1\">Wymiary (DxSxW): 330 x 241 x 102 mm<\/li>\n<li class=\"p1\">Waga: 2 450 gram\u00f3w<\/li>\n<li class=\"p1\">Gwarancja: 2 lata na wady produkcyjne<\/li>\n<\/ul>\n<p class=\"p1\"><strong>Zawarto\u015b\u0107 opakowania<\/strong>: Adapter na statyw, szyna do wska\u017anika, os\u0142ony obiektyw\u00f3w, pasek na szyj\u0119 i instrukcja obs\u0142ugi<\/p>\n<p class=\"p1\">Lornetki astronomiczne Celestron SkyMaster PRO 20&#215;80 oferuj\u0105 niezr\u00f3wnan\u0105 wydajno\u015b\u0107 i wszechstronno\u015b\u0107 w obserwacji astronomicznej i obserwacji na du\u017c\u0105 odleg\u0142o\u015b\u0107, sprawiaj\u0105c, \u017ce s\u0105 doskona\u0142ym wyborem zar\u00f3wno dla pocz\u0105tkuj\u0105cych astronom\u00f3w, jak i mi\u0142o\u015bnik\u00f3w natury.<\/p>\n","protected":false},"excerpt":{"rendered":"<p class=\"p1\"><strong>Lornetki Astronomiczne Celestron SkyMaster PRO 20&#215;80<\/strong><\/p>\n<p class=\"p1\">Lornetki astronomiczne Celestron SkyMaster PRO to nast\u0119pne pokolenie lornetek dla entuzjast\u00f3w astronomii, oferuj\u0105ce wy\u017csz\u0105 jako\u015b\u0107 w por\u00f3wnaniu z innymi modelami serii SkyMaster. Te lornetki s\u0105 wype\u0142nione azotem, aby zapobiec parowaniu si\u0119 soczewek i zapewni\u0107 wyj\u0105tkow\u0105 wydajno\u015b\u0107.<\/p>\n","protected":false},"featured_media":1482,"comment_status":"open","ping_status":"closed","template":"","meta":[],"pwb-brand":[234],"product_brand":[],"product_cat":[124,72],"product_tag":[],"class_list":{"0":"post-1058","1":"product","2":"type-product","3":"status-publish","4":"has-post-thumbnail","6":"pwb-brand-celestron-pl","7":"product_cat-lornetka","8":"product_cat-sprzet","10":"first","11":"instock","12":"shipping-taxable","13":"purchasable","14":"product-type-simple"},"yoast_head":"<!-- This site is optimized with the Yoast SEO plugin v25.3 - https:\/\/yoast.com\/wordpress\/plugins\/seo\/ -->\n<title>Lornetka Skymaster 20x80 PRO - Astronomy Tours<\/title>\n<meta name=\"robots\" content=\"index, follow, max-snippet:-1, max-image-preview:large, max-video-preview:-1\" \/>\n<link rel=\"canonical\" href=\"https:\/\/www.astronomy.tours\/pl\/produkt\/lornetka-skymaster-20x80-pro\/\" \/>\n<meta property=\"og:locale\" content=\"pl_PL\" \/>\n<meta property=\"og:type\" content=\"article\" \/>\n<meta property=\"og:title\" content=\"Lornetka Skymaster 20x80 PRO - Astronomy Tours\" \/>\n<meta property=\"og:description\" content=\"Lornetki Astronomiczne Celestron SkyMaster PRO 20x80 Lornetki astronomiczne Celestron SkyMaster PRO to nast\u0119pne pokolenie lornetek dla entuzjast\u00f3w astronomii, oferuj\u0105ce wy\u017csz\u0105 jako\u015b\u0107 w por\u00f3wnaniu z innymi modelami serii SkyMaster. Te lornetki s\u0105 wype\u0142nione azotem, aby zapobiec parowaniu si\u0119 soczewek i zapewni\u0107 wyj\u0105tkow\u0105 wydajno\u015b\u0107.\" \/>\n<meta property=\"og:url\" content=\"https:\/\/www.astronomy.tours\/pl\/produkt\/lornetka-skymaster-20x80-pro\/\" \/>\n<meta property=\"og:site_name\" content=\"Astronomy Tours\" \/>\n<meta property=\"article:publisher\" content=\"https:\/\/www.facebook.com\/astronomy.tours\/\" \/>\n<meta property=\"article:modified_time\" content=\"2024-06-05T13:44:26+00:00\" \/>\n<meta property=\"og:image\" content=\"https:\/\/www.astronomy.tours\/wp-content\/uploads\/2024\/04\/CB72031-DS-2-1.webp\" \/>\n\t<meta property=\"og:image:width\" content=\"1150\" \/>\n\t<meta property=\"og:image:height\" content=\"859\" \/>\n\t<meta property=\"og:image:type\" content=\"image\/webp\" \/>\n<meta name=\"twitter:card\" content=\"summary_large_image\" \/>\n<meta name=\"twitter:label1\" content=\"Szacowany czas czytania\" \/>\n\t<meta name=\"twitter:data1\" content=\"2 minuty\" \/>\n<script type=\"application\/ld+json\" class=\"yoast-schema-graph\">{\"@context\":\"https:\/\/schema.org\",\"@graph\":[{\"@type\":\"WebPage\",\"@id\":\"https:\/\/www.astronomy.tours\/pl\/produkt\/lornetka-skymaster-20x80-pro\/\",\"url\":\"https:\/\/www.astronomy.tours\/pl\/produkt\/lornetka-skymaster-20x80-pro\/\",\"name\":\"Lornetka Skymaster 20x80 PRO - Astronomy Tours\",\"isPartOf\":{\"@id\":\"https:\/\/www.astronomy.tours\/#website\"},\"primaryImageOfPage\":{\"@id\":\"https:\/\/www.astronomy.tours\/pl\/produkt\/lornetka-skymaster-20x80-pro\/#primaryimage\"},\"image\":{\"@id\":\"https:\/\/www.astronomy.tours\/pl\/produkt\/lornetka-skymaster-20x80-pro\/#primaryimage\"},\"thumbnailUrl\":\"https:\/\/www.astronomy.tours\/wp-content\/uploads\/2024\/04\/CB72031-DS-2-1.webp\",\"datePublished\":\"2024-04-09T13:21:22+00:00\",\"dateModified\":\"2024-06-05T13:44:26+00:00\",\"breadcrumb\":{\"@id\":\"https:\/\/www.astronomy.tours\/pl\/produkt\/lornetka-skymaster-20x80-pro\/#breadcrumb\"},\"inLanguage\":\"pl-PL\",\"potentialAction\":[{\"@type\":\"ReadAction\",\"target\":[\"https:\/\/www.astronomy.tours\/pl\/produkt\/lornetka-skymaster-20x80-pro\/\"]}]},{\"@type\":\"ImageObject\",\"inLanguage\":\"pl-PL\",\"@id\":\"https:\/\/www.astronomy.tours\/pl\/produkt\/lornetka-skymaster-20x80-pro\/#primaryimage\",\"url\":\"https:\/\/www.astronomy.tours\/wp-content\/uploads\/2024\/04\/CB72031-DS-2-1.webp\",\"contentUrl\":\"https:\/\/www.astronomy.tours\/wp-content\/uploads\/2024\/04\/CB72031-DS-2-1.webp\",\"width\":1150,\"height\":859},{\"@type\":\"BreadcrumbList\",\"@id\":\"https:\/\/www.astronomy.tours\/pl\/produkt\/lornetka-skymaster-20x80-pro\/#breadcrumb\",\"itemListElement\":[{\"@type\":\"ListItem\",\"position\":1,\"name\":\"Home\",\"item\":\"https:\/\/www.astronomy.tours\/pl\/\"},{\"@type\":\"ListItem\",\"position\":2,\"name\":\"Sklep\",\"item\":\"https:\/\/www.astronomy.tours\/pl\/sklep\/\"},{\"@type\":\"ListItem\",\"position\":3,\"name\":\"Lornetka Skymaster 20&#215;80 PRO\"}]},{\"@type\":\"WebSite\",\"@id\":\"https:\/\/www.astronomy.tours\/#website\",\"url\":\"https:\/\/www.astronomy.tours\/\",\"name\":\"Astronomy Tours\",\"description\":\"Astronomical tours\",\"publisher\":{\"@id\":\"https:\/\/www.astronomy.tours\/#organization\"},\"potentialAction\":[{\"@type\":\"SearchAction\",\"target\":{\"@type\":\"EntryPoint\",\"urlTemplate\":\"https:\/\/www.astronomy.tours\/?s={search_term_string}\"},\"query-input\":{\"@type\":\"PropertyValueSpecification\",\"valueRequired\":true,\"valueName\":\"search_term_string\"}}],\"inLanguage\":\"pl-PL\"},{\"@type\":\"Organization\",\"@id\":\"https:\/\/www.astronomy.tours\/#organization\",\"name\":\"Astronomy Tours S.COOP\",\"url\":\"https:\/\/www.astronomy.tours\/\",\"logo\":{\"@type\":\"ImageObject\",\"inLanguage\":\"pl-PL\",\"@id\":\"https:\/\/www.astronomy.tours\/#\/schema\/logo\/image\/\",\"url\":\"https:\/\/www.astronomy.tours\/wp-content\/uploads\/2026\/02\/logo-astronomy-tours-black-small.png\",\"contentUrl\":\"https:\/\/www.astronomy.tours\/wp-content\/uploads\/2026\/02\/logo-astronomy-tours-black-small.png\",\"width\":2000,\"height\":740,\"caption\":\"Astronomy Tours S.COOP\"},\"image\":{\"@id\":\"https:\/\/www.astronomy.tours\/#\/schema\/logo\/image\/\"},\"sameAs\":[\"https:\/\/www.facebook.com\/astronomy.tours\/\",\"https:\/\/www.instagram.com\/astronomytours\/?hl=en\"]}]}<\/script>\n<!-- \/ Yoast SEO plugin. -->","yoast_head_json":{"title":"Lornetka Skymaster 20x80 PRO - Astronomy Tours","robots":{"index":"index","follow":"follow","max-snippet":"max-snippet:-1","max-image-preview":"max-image-preview:large","max-video-preview":"max-video-preview:-1"},"canonical":"https:\/\/www.astronomy.tours\/pl\/produkt\/lornetka-skymaster-20x80-pro\/","og_locale":"pl_PL","og_type":"article","og_title":"Lornetka Skymaster 20x80 PRO - Astronomy Tours","og_description":"Lornetki Astronomiczne Celestron SkyMaster PRO 20x80 Lornetki astronomiczne Celestron SkyMaster PRO to nast\u0119pne pokolenie lornetek dla entuzjast\u00f3w astronomii, oferuj\u0105ce wy\u017csz\u0105 jako\u015b\u0107 w por\u00f3wnaniu z innymi modelami serii SkyMaster. Te lornetki s\u0105 wype\u0142nione azotem, aby zapobiec parowaniu si\u0119 soczewek i zapewni\u0107 wyj\u0105tkow\u0105 wydajno\u015b\u0107.","og_url":"https:\/\/www.astronomy.tours\/pl\/produkt\/lornetka-skymaster-20x80-pro\/","og_site_name":"Astronomy Tours","article_publisher":"https:\/\/www.facebook.com\/astronomy.tours\/","article_modified_time":"2024-06-05T13:44:26+00:00","og_image":[{"width":1150,"height":859,"url":"https:\/\/www.astronomy.tours\/wp-content\/uploads\/2024\/04\/CB72031-DS-2-1.webp","type":"image\/webp"}],"twitter_card":"summary_large_image","twitter_misc":{"Szacowany czas czytania":"2 minuty"},"schema":{"@context":"https:\/\/schema.org","@graph":[{"@type":"WebPage","@id":"https:\/\/www.astronomy.tours\/pl\/produkt\/lornetka-skymaster-20x80-pro\/","url":"https:\/\/www.astronomy.tours\/pl\/produkt\/lornetka-skymaster-20x80-pro\/","name":"Lornetka Skymaster 20x80 PRO - Astronomy Tours","isPartOf":{"@id":"https:\/\/www.astronomy.tours\/#website"},"primaryImageOfPage":{"@id":"https:\/\/www.astronomy.tours\/pl\/produkt\/lornetka-skymaster-20x80-pro\/#primaryimage"},"image":{"@id":"https:\/\/www.astronomy.tours\/pl\/produkt\/lornetka-skymaster-20x80-pro\/#primaryimage"},"thumbnailUrl":"https:\/\/www.astronomy.tours\/wp-content\/uploads\/2024\/04\/CB72031-DS-2-1.webp","datePublished":"2024-04-09T13:21:22+00:00","dateModified":"2024-06-05T13:44:26+00:00","breadcrumb":{"@id":"https:\/\/www.astronomy.tours\/pl\/produkt\/lornetka-skymaster-20x80-pro\/#breadcrumb"},"inLanguage":"pl-PL","potentialAction":[{"@type":"ReadAction","target":["https:\/\/www.astronomy.tours\/pl\/produkt\/lornetka-skymaster-20x80-pro\/"]}]},{"@type":"ImageObject","inLanguage":"pl-PL","@id":"https:\/\/www.astronomy.tours\/pl\/produkt\/lornetka-skymaster-20x80-pro\/#primaryimage","url":"https:\/\/www.astronomy.tours\/wp-content\/uploads\/2024\/04\/CB72031-DS-2-1.webp","contentUrl":"https:\/\/www.astronomy.tours\/wp-content\/uploads\/2024\/04\/CB72031-DS-2-1.webp","width":1150,"height":859},{"@type":"BreadcrumbList","@id":"https:\/\/www.astronomy.tours\/pl\/produkt\/lornetka-skymaster-20x80-pro\/#breadcrumb","itemListElement":[{"@type":"ListItem","position":1,"name":"Home","item":"https:\/\/www.astronomy.tours\/pl\/"},{"@type":"ListItem","position":2,"name":"Sklep","item":"https:\/\/www.astronomy.tours\/pl\/sklep\/"},{"@type":"ListItem","position":3,"name":"Lornetka Skymaster 20&#215;80 PRO"}]},{"@type":"WebSite","@id":"https:\/\/www.astronomy.tours\/#website","url":"https:\/\/www.astronomy.tours\/","name":"Astronomy Tours","description":"Astronomical tours","publisher":{"@id":"https:\/\/www.astronomy.tours\/#organization"},"potentialAction":[{"@type":"SearchAction","target":{"@type":"EntryPoint","urlTemplate":"https:\/\/www.astronomy.tours\/?s={search_term_string}"},"query-input":{"@type":"PropertyValueSpecification","valueRequired":true,"valueName":"search_term_string"}}],"inLanguage":"pl-PL"},{"@type":"Organization","@id":"https:\/\/www.astronomy.tours\/#organization","name":"Astronomy Tours S.COOP","url":"https:\/\/www.astronomy.tours\/","logo":{"@type":"ImageObject","inLanguage":"pl-PL","@id":"https:\/\/www.astronomy.tours\/#\/schema\/logo\/image\/","url":"https:\/\/www.astronomy.tours\/wp-content\/uploads\/2026\/02\/logo-astronomy-tours-black-small.png","contentUrl":"https:\/\/www.astronomy.tours\/wp-content\/uploads\/2026\/02\/logo-astronomy-tours-black-small.png","width":2000,"height":740,"caption":"Astronomy Tours S.COOP"},"image":{"@id":"https:\/\/www.astronomy.tours\/#\/schema\/logo\/image\/"},"sameAs":["https:\/\/www.facebook.com\/astronomy.tours\/","https:\/\/www.instagram.com\/astronomytours\/?hl=en"]}]}},"brands":[{"id":234,"name":"CELESTRON","slug":"celestron-pl"}],"_links":{"self":[{"href":"https:\/\/www.astronomy.tours\/pl\/wp-json\/wp\/v2\/product\/1058","targetHints":{"allow":["GET"]}}],"collection":[{"href":"https:\/\/www.astronomy.tours\/pl\/wp-json\/wp\/v2\/product"}],"about":[{"href":"https:\/\/www.astronomy.tours\/pl\/wp-json\/wp\/v2\/types\/product"}],"replies":[{"embeddable":true,"href":"https:\/\/www.astronomy.tours\/pl\/wp-json\/wp\/v2\/comments?post=1058"}],"wp:featuredmedia":[{"embeddable":true,"href":"https:\/\/www.astronomy.tours\/pl\/wp-json\/wp\/v2\/media\/1482"}],"wp:attachment":[{"href":"https:\/\/www.astronomy.tours\/pl\/wp-json\/wp\/v2\/media?parent=1058"}],"wp:term":[{"taxonomy":"pwb-brand","embeddable":true,"href":"https:\/\/www.astronomy.tours\/pl\/wp-json\/wp\/v2\/pwb-brand?post=1058"},{"taxonomy":"product_brand","embeddable":true,"href":"https:\/\/www.astronomy.tours\/pl\/wp-json\/wp\/v2\/product_brand?post=1058"},{"taxonomy":"product_cat","embeddable":true,"href":"https:\/\/www.astronomy.tours\/pl\/wp-json\/wp\/v2\/product_cat?post=1058"},{"taxonomy":"product_tag","embeddable":true,"href":"https:\/\/www.astronomy.tours\/pl\/wp-json\/wp\/v2\/product_tag?post=1058"}],"curies":[{"name":"wp","href":"https:\/\/api.w.org\/{rel}","templated":true}]}}