{"id":1057,"date":"2024-04-09T15:29:20","date_gmt":"2024-04-09T13:29:20","guid":{"rendered":"https:\/\/astronomy-new.imoli.com.pl\/product\/mikroskop-smart-m1a-wif\/"},"modified":"2024-06-05T15:47:30","modified_gmt":"2024-06-05T13:47:30","slug":"mikroskop-smart-m1a-wif","status":"publish","type":"product","link":"https:\/\/www.astronomy.tours\/pl\/produkt\/mikroskop-smart-m1a-wif\/","title":{"rendered":"Mikroskop SMART M1A &#8211; wif"},"content":{"rendered":"<p class=\"p1\"><strong>G\u0142\u00f3wne cechy:<\/strong><\/p>\n<ul>\n<li class=\"p1\">Bezpo\u015brednie ogl\u0105danie z urz\u0105dze\u0144 z systemem Android lub iOS<\/li>\n<li class=\"p1\">Nadaje si\u0119 do obserwacji minera\u0142\u00f3w, owad\u00f3w, ro\u015blin i innych pr\u00f3bek przy \u015brednich i niskich powi\u0119kszeniach<\/li>\n<li class=\"p1\">Idealny do ogl\u0105dania preparat\u00f3w, tkanin i organizm\u00f3w wodnych przy podstawowym o\u015bwietleniu przenikaj\u0105cym<\/li>\n<li class=\"p1\">Powi\u0119kszenia od 10x do 200x (cyfrowe powi\u0119kszenie do 400x)<\/li>\n<li class=\"p1\">W pe\u0142ni przeno\u015bny, mo\u017ce by\u0107 od\u0142\u0105czony od podstawy do bezpo\u015bredniego u\u017cycia na obiektach<\/li>\n<li class=\"p1\">Wbudowana bateria z czasem pracy do 2 godzin<\/li>\n<li class=\"p1\">Nadaje si\u0119 do zastosowa\u0144 edukacyjnych i zawodowych ze wzgl\u0119du na swoj\u0105 wszechstronno\u015b\u0107<\/li>\n<li class=\"p1\">Ogl\u0105danie na \u017cywo na tabletach i smartfonach za pomoc\u0105 dedykowanej aplikacji<\/li>\n<li class=\"p1\">Szeroki zakres akcesori\u00f3w dost\u0119pnych, w tym szkie\u0142 preparatowych i uchwyt\u00f3w na pr\u00f3bki<\/li>\n<li class=\"p1\">Zawiera ksi\u0105\u017ck\u0119 o obserwacjach mikroskopowych i dziennik komentarzy<\/li>\n<li class=\"p1\">\u0141\u0105czno\u015b\u0107 USB umo\u017cliwiaj\u0105ca korzystanie z komputer\u00f3w z systemem Windows lub Mac za pomoc\u0105 oprogramowania do pobrania<\/li>\n<\/ul>\n<p class=\"p1\"><strong>Specyfikacje:<\/strong><\/p>\n<ul>\n<li class=\"p1\">Model: DiProgress M1<\/li>\n<li class=\"p1\">Rozdzielczo\u015b\u0107: 640&#215;480, 1280&#215;720, 1920&#215;1080<\/li>\n<li class=\"p1\">Powi\u0119kszenie: 20x-200x (cyfrowe powi\u0119kszenie do 400x)<\/li>\n<li class=\"p1\">\u0141\u0105czno\u015b\u0107: WiFi, USB-C<\/li>\n<li class=\"p1\">Bateria: 2000 mAh<\/li>\n<li class=\"p1\">O\u015bwietlenie: Regulowane o\u015bwietlenie LED z g\u00f3ry i z do\u0142u<\/li>\n<li class=\"p1\">Obs\u0142ugiwane systemy operacyjne: Android 5.0, iOS 8.0, Windows 7 lub nowszy, Mac<\/li>\n<\/ul>\n<p class=\"p1\">Mikroskop SMART M1A zosta\u0142 zaprojektowany, aby zapewni\u0107 p\u0142ynne i intuicyjne do\u015bwiadczenie mikroskopowe, co czyni go odpowiednim zar\u00f3wno do cel\u00f3w edukacyjnych, jak i profesjonalnych. Jego bezprzewodowa \u0142\u0105czno\u015b\u0107 i wszechstronne funkcje umo\u017cliwiaj\u0105 \u0142atw\u0105 obserwacj\u0119 i dokumentowanie mikroskopowych obiekt\u00f3w bezpo\u015brednio z urz\u0105dze\u0144 mobilnych lub komputera.<\/p>\n","protected":false},"excerpt":{"rendered":"<p class=\"p2\"><strong>Mikroskop SMART M1A WiFi<\/strong><\/p>\n<p class=\"p2\">Mikroskop SMART M1A to przeno\u015bne i wszechstronne narz\u0119dzie do obserwowania r\u00f3\u017cnorodnych pr\u00f3bek, pocz\u0105wszy od minera\u0142\u00f3w i owad\u00f3w, a sko\u0144czywszy na tkaninach i organizmach wodnych. Pozwala na bezpo\u015brednie ogl\u0105danie na urz\u0105dzeniach z systemem Android lub iOS dzi\u0119ki po\u0142\u0105czeniu WiFi, oferuj\u0105c wygod\u0119 obserwacji na \u017cywo bez konieczno\u015bci korzystania z okular\u00f3w.<\/p>\n","protected":false},"featured_media":1398,"comment_status":"open","ping_status":"closed","template":"","meta":[],"pwb-brand":[236],"product_brand":[],"product_cat":[123,72],"product_tag":[],"class_list":{"0":"post-1057","1":"product","2":"type-product","3":"status-publish","4":"has-post-thumbnail","6":"pwb-brand-beaverlab-pl","7":"product_cat-mikroskopy","8":"product_cat-sprzet","10":"first","11":"instock","12":"shipping-taxable","13":"purchasable","14":"product-type-simple"},"yoast_head":"<!-- This site is optimized with the Yoast SEO plugin v25.3 - https:\/\/yoast.com\/wordpress\/plugins\/seo\/ -->\n<title>Mikroskop SMART M1A - wif - Astronomy Tours<\/title>\n<meta name=\"robots\" content=\"index, follow, max-snippet:-1, max-image-preview:large, max-video-preview:-1\" \/>\n<link rel=\"canonical\" href=\"https:\/\/www.astronomy.tours\/produkt\/smart-microscope-m1a-wif\/\" \/>\n<meta property=\"og:locale\" content=\"pl_PL\" \/>\n<meta property=\"og:type\" content=\"article\" \/>\n<meta property=\"og:title\" content=\"Mikroskop SMART M1A - wif - Astronomy Tours\" \/>\n<meta property=\"og:description\" content=\"Mikroskop SMART M1A WiFi Mikroskop SMART M1A to przeno\u015bne i wszechstronne narz\u0119dzie do obserwowania r\u00f3\u017cnorodnych pr\u00f3bek, pocz\u0105wszy od minera\u0142\u00f3w i owad\u00f3w, a sko\u0144czywszy na tkaninach i organizmach wodnych. Pozwala na bezpo\u015brednie ogl\u0105danie na urz\u0105dzeniach z systemem Android lub iOS dzi\u0119ki po\u0142\u0105czeniu WiFi, oferuj\u0105c wygod\u0119 obserwacji na \u017cywo bez konieczno\u015bci korzystania z okular\u00f3w.\" \/>\n<meta property=\"og:url\" content=\"https:\/\/www.astronomy.tours\/produkt\/smart-microscope-m1a-wif\/\" \/>\n<meta property=\"og:site_name\" content=\"Astronomy Tours\" \/>\n<meta property=\"article:publisher\" content=\"https:\/\/www.facebook.com\/astronomy.tours\/\" \/>\n<meta property=\"article:modified_time\" content=\"2024-06-05T13:47:30+00:00\" \/>\n<meta property=\"og:image\" content=\"https:\/\/www.astronomy.tours\/wp-content\/uploads\/2024\/04\/BL-DDL-M1A-1-1.webp\" \/>\n\t<meta property=\"og:image:width\" content=\"958\" \/>\n\t<meta property=\"og:image:height\" content=\"1150\" \/>\n\t<meta property=\"og:image:type\" content=\"image\/webp\" \/>\n<meta name=\"twitter:card\" content=\"summary_large_image\" \/>\n<meta name=\"twitter:label1\" content=\"Szacowany czas czytania\" \/>\n\t<meta name=\"twitter:data1\" content=\"1 minuta\" \/>\n<script type=\"application\/ld+json\" class=\"yoast-schema-graph\">{\"@context\":\"https:\/\/schema.org\",\"@graph\":[{\"@type\":\"WebPage\",\"@id\":\"https:\/\/www.astronomy.tours\/produkt\/smart-microscope-m1a-wif\/\",\"url\":\"https:\/\/www.astronomy.tours\/produkt\/smart-microscope-m1a-wif\/\",\"name\":\"Mikroskop SMART M1A - wif - Astronomy Tours\",\"isPartOf\":{\"@id\":\"https:\/\/www.astronomy.tours\/#website\"},\"primaryImageOfPage\":{\"@id\":\"https:\/\/www.astronomy.tours\/produkt\/smart-microscope-m1a-wif\/#primaryimage\"},\"image\":{\"@id\":\"https:\/\/www.astronomy.tours\/produkt\/smart-microscope-m1a-wif\/#primaryimage\"},\"thumbnailUrl\":\"https:\/\/www.astronomy.tours\/wp-content\/uploads\/2024\/04\/BL-DDL-M1A-1-1.webp\",\"datePublished\":\"2024-04-09T13:29:20+00:00\",\"dateModified\":\"2024-06-05T13:47:30+00:00\",\"breadcrumb\":{\"@id\":\"https:\/\/www.astronomy.tours\/produkt\/smart-microscope-m1a-wif\/#breadcrumb\"},\"inLanguage\":\"pl-PL\",\"potentialAction\":[{\"@type\":\"ReadAction\",\"target\":[\"https:\/\/www.astronomy.tours\/produkt\/smart-microscope-m1a-wif\/\"]}]},{\"@type\":\"ImageObject\",\"inLanguage\":\"pl-PL\",\"@id\":\"https:\/\/www.astronomy.tours\/produkt\/smart-microscope-m1a-wif\/#primaryimage\",\"url\":\"https:\/\/www.astronomy.tours\/wp-content\/uploads\/2024\/04\/BL-DDL-M1A-1-1.webp\",\"contentUrl\":\"https:\/\/www.astronomy.tours\/wp-content\/uploads\/2024\/04\/BL-DDL-M1A-1-1.webp\",\"width\":958,\"height\":1150},{\"@type\":\"BreadcrumbList\",\"@id\":\"https:\/\/www.astronomy.tours\/produkt\/smart-microscope-m1a-wif\/#breadcrumb\",\"itemListElement\":[{\"@type\":\"ListItem\",\"position\":1,\"name\":\"Home\",\"item\":\"https:\/\/www.astronomy.tours\/pl\/\"},{\"@type\":\"ListItem\",\"position\":2,\"name\":\"Sklep\",\"item\":\"https:\/\/www.astronomy.tours\/pl\/sklep\/\"},{\"@type\":\"ListItem\",\"position\":3,\"name\":\"Mikroskop SMART M1A &#8211; wif\"}]},{\"@type\":\"WebSite\",\"@id\":\"https:\/\/www.astronomy.tours\/#website\",\"url\":\"https:\/\/www.astronomy.tours\/\",\"name\":\"Astronomy Tours\",\"description\":\"Astronomical tours\",\"publisher\":{\"@id\":\"https:\/\/www.astronomy.tours\/#organization\"},\"potentialAction\":[{\"@type\":\"SearchAction\",\"target\":{\"@type\":\"EntryPoint\",\"urlTemplate\":\"https:\/\/www.astronomy.tours\/?s={search_term_string}\"},\"query-input\":{\"@type\":\"PropertyValueSpecification\",\"valueRequired\":true,\"valueName\":\"search_term_string\"}}],\"inLanguage\":\"pl-PL\"},{\"@type\":\"Organization\",\"@id\":\"https:\/\/www.astronomy.tours\/#organization\",\"name\":\"Astronomy Tours S.COOP\",\"url\":\"https:\/\/www.astronomy.tours\/\",\"logo\":{\"@type\":\"ImageObject\",\"inLanguage\":\"pl-PL\",\"@id\":\"https:\/\/www.astronomy.tours\/#\/schema\/logo\/image\/\",\"url\":\"https:\/\/www.astronomy.tours\/wp-content\/uploads\/2026\/02\/logo-astronomy-tours-black-small.png\",\"contentUrl\":\"https:\/\/www.astronomy.tours\/wp-content\/uploads\/2026\/02\/logo-astronomy-tours-black-small.png\",\"width\":2000,\"height\":740,\"caption\":\"Astronomy Tours S.COOP\"},\"image\":{\"@id\":\"https:\/\/www.astronomy.tours\/#\/schema\/logo\/image\/\"},\"sameAs\":[\"https:\/\/www.facebook.com\/astronomy.tours\/\",\"https:\/\/www.instagram.com\/astronomytours\/?hl=en\"]}]}<\/script>\n<!-- \/ Yoast SEO plugin. -->","yoast_head_json":{"title":"Mikroskop SMART M1A - wif - Astronomy Tours","robots":{"index":"index","follow":"follow","max-snippet":"max-snippet:-1","max-image-preview":"max-image-preview:large","max-video-preview":"max-video-preview:-1"},"canonical":"https:\/\/www.astronomy.tours\/produkt\/smart-microscope-m1a-wif\/","og_locale":"pl_PL","og_type":"article","og_title":"Mikroskop SMART M1A - wif - Astronomy Tours","og_description":"Mikroskop SMART M1A WiFi Mikroskop SMART M1A to przeno\u015bne i wszechstronne narz\u0119dzie do obserwowania r\u00f3\u017cnorodnych pr\u00f3bek, pocz\u0105wszy od minera\u0142\u00f3w i owad\u00f3w, a sko\u0144czywszy na tkaninach i organizmach wodnych. Pozwala na bezpo\u015brednie ogl\u0105danie na urz\u0105dzeniach z systemem Android lub iOS dzi\u0119ki po\u0142\u0105czeniu WiFi, oferuj\u0105c wygod\u0119 obserwacji na \u017cywo bez konieczno\u015bci korzystania z okular\u00f3w.","og_url":"https:\/\/www.astronomy.tours\/produkt\/smart-microscope-m1a-wif\/","og_site_name":"Astronomy Tours","article_publisher":"https:\/\/www.facebook.com\/astronomy.tours\/","article_modified_time":"2024-06-05T13:47:30+00:00","og_image":[{"width":958,"height":1150,"url":"https:\/\/www.astronomy.tours\/wp-content\/uploads\/2024\/04\/BL-DDL-M1A-1-1.webp","type":"image\/webp"}],"twitter_card":"summary_large_image","twitter_misc":{"Szacowany czas czytania":"1 minuta"},"schema":{"@context":"https:\/\/schema.org","@graph":[{"@type":"WebPage","@id":"https:\/\/www.astronomy.tours\/produkt\/smart-microscope-m1a-wif\/","url":"https:\/\/www.astronomy.tours\/produkt\/smart-microscope-m1a-wif\/","name":"Mikroskop SMART M1A - wif - Astronomy Tours","isPartOf":{"@id":"https:\/\/www.astronomy.tours\/#website"},"primaryImageOfPage":{"@id":"https:\/\/www.astronomy.tours\/produkt\/smart-microscope-m1a-wif\/#primaryimage"},"image":{"@id":"https:\/\/www.astronomy.tours\/produkt\/smart-microscope-m1a-wif\/#primaryimage"},"thumbnailUrl":"https:\/\/www.astronomy.tours\/wp-content\/uploads\/2024\/04\/BL-DDL-M1A-1-1.webp","datePublished":"2024-04-09T13:29:20+00:00","dateModified":"2024-06-05T13:47:30+00:00","breadcrumb":{"@id":"https:\/\/www.astronomy.tours\/produkt\/smart-microscope-m1a-wif\/#breadcrumb"},"inLanguage":"pl-PL","potentialAction":[{"@type":"ReadAction","target":["https:\/\/www.astronomy.tours\/produkt\/smart-microscope-m1a-wif\/"]}]},{"@type":"ImageObject","inLanguage":"pl-PL","@id":"https:\/\/www.astronomy.tours\/produkt\/smart-microscope-m1a-wif\/#primaryimage","url":"https:\/\/www.astronomy.tours\/wp-content\/uploads\/2024\/04\/BL-DDL-M1A-1-1.webp","contentUrl":"https:\/\/www.astronomy.tours\/wp-content\/uploads\/2024\/04\/BL-DDL-M1A-1-1.webp","width":958,"height":1150},{"@type":"BreadcrumbList","@id":"https:\/\/www.astronomy.tours\/produkt\/smart-microscope-m1a-wif\/#breadcrumb","itemListElement":[{"@type":"ListItem","position":1,"name":"Home","item":"https:\/\/www.astronomy.tours\/pl\/"},{"@type":"ListItem","position":2,"name":"Sklep","item":"https:\/\/www.astronomy.tours\/pl\/sklep\/"},{"@type":"ListItem","position":3,"name":"Mikroskop SMART M1A &#8211; wif"}]},{"@type":"WebSite","@id":"https:\/\/www.astronomy.tours\/#website","url":"https:\/\/www.astronomy.tours\/","name":"Astronomy Tours","description":"Astronomical tours","publisher":{"@id":"https:\/\/www.astronomy.tours\/#organization"},"potentialAction":[{"@type":"SearchAction","target":{"@type":"EntryPoint","urlTemplate":"https:\/\/www.astronomy.tours\/?s={search_term_string}"},"query-input":{"@type":"PropertyValueSpecification","valueRequired":true,"valueName":"search_term_string"}}],"inLanguage":"pl-PL"},{"@type":"Organization","@id":"https:\/\/www.astronomy.tours\/#organization","name":"Astronomy Tours S.COOP","url":"https:\/\/www.astronomy.tours\/","logo":{"@type":"ImageObject","inLanguage":"pl-PL","@id":"https:\/\/www.astronomy.tours\/#\/schema\/logo\/image\/","url":"https:\/\/www.astronomy.tours\/wp-content\/uploads\/2026\/02\/logo-astronomy-tours-black-small.png","contentUrl":"https:\/\/www.astronomy.tours\/wp-content\/uploads\/2026\/02\/logo-astronomy-tours-black-small.png","width":2000,"height":740,"caption":"Astronomy Tours S.COOP"},"image":{"@id":"https:\/\/www.astronomy.tours\/#\/schema\/logo\/image\/"},"sameAs":["https:\/\/www.facebook.com\/astronomy.tours\/","https:\/\/www.instagram.com\/astronomytours\/?hl=en"]}]}},"brands":[{"id":236,"name":"BEAVERLAB","slug":"beaverlab-pl"}],"_links":{"self":[{"href":"https:\/\/www.astronomy.tours\/pl\/wp-json\/wp\/v2\/product\/1057","targetHints":{"allow":["GET"]}}],"collection":[{"href":"https:\/\/www.astronomy.tours\/pl\/wp-json\/wp\/v2\/product"}],"about":[{"href":"https:\/\/www.astronomy.tours\/pl\/wp-json\/wp\/v2\/types\/product"}],"replies":[{"embeddable":true,"href":"https:\/\/www.astronomy.tours\/pl\/wp-json\/wp\/v2\/comments?post=1057"}],"wp:featuredmedia":[{"embeddable":true,"href":"https:\/\/www.astronomy.tours\/pl\/wp-json\/wp\/v2\/media\/1398"}],"wp:attachment":[{"href":"https:\/\/www.astronomy.tours\/pl\/wp-json\/wp\/v2\/media?parent=1057"}],"wp:term":[{"taxonomy":"pwb-brand","embeddable":true,"href":"https:\/\/www.astronomy.tours\/pl\/wp-json\/wp\/v2\/pwb-brand?post=1057"},{"taxonomy":"product_brand","embeddable":true,"href":"https:\/\/www.astronomy.tours\/pl\/wp-json\/wp\/v2\/product_brand?post=1057"},{"taxonomy":"product_cat","embeddable":true,"href":"https:\/\/www.astronomy.tours\/pl\/wp-json\/wp\/v2\/product_cat?post=1057"},{"taxonomy":"product_tag","embeddable":true,"href":"https:\/\/www.astronomy.tours\/pl\/wp-json\/wp\/v2\/product_tag?post=1057"}],"curies":[{"name":"wp","href":"https:\/\/api.w.org\/{rel}","templated":true}]}}