{"id":1056,"date":"2024-04-09T15:31:17","date_gmt":"2024-04-09T13:31:17","guid":{"rendered":"https:\/\/astronomy-new.imoli.com.pl\/product\/mikroskop-smart-m2a-wifi-lcd\/"},"modified":"2024-06-05T15:28:32","modified_gmt":"2024-06-05T13:28:32","slug":"mikroskop-smart-m2a-wifi-lcd","status":"publish","type":"product","link":"https:\/\/www.astronomy.tours\/pl\/produkt\/mikroskop-smart-m2a-wifi-lcd\/","title":{"rendered":"Mikroskop SMART M2 wifi LCD"},"content":{"rendered":"<div>\n<div>Mikroskop SMART M2A \u0142\u0105czy w sobie przeno\u015bno\u015b\u0107 z zaawansowanymi funkcjami, oferuj\u0105c ekran LCD o przek\u0105tnej 4,3 cala do wysokiej rozdzielczo\u015bci obrazu na \u017cywo oraz \u0142\u0105czno\u015b\u0107 WiFi umo\u017cliwiaj\u0105c\u0105 bezproblemow\u0105 obserwacj\u0119 na urz\u0105dzeniach z systemami Android lub iOS.<\/div>\n<div><\/div>\n<div><strong>G\u0142\u00f3wne cechy:<\/strong><\/div>\n<ul>\n<li>Wysokiej rozdzielczo\u015bci obraz na \u017cywo na ekranie LCD o przek\u0105tnej 4,3 cala lub za po\u015brednictwem WiFi na urz\u0105dzeniach z systemem Android lub iOS<\/li>\n<li>Nadaje si\u0119 do obserwacji minera\u0142\u00f3w, owad\u00f3w, ro\u015blin i innych obiekt\u00f3w przy \u015brednich i niskich powi\u0119kszeniach<\/li>\n<li>Idealny do ogl\u0105dania preparowanych preparat\u00f3w, tkanin i organizm\u00f3w wodnych przy o\u015bwietleniu z podstawy<\/li>\n<li>Powi\u0119kszenia od 10x do 200x (cyfrowe powi\u0119kszenie do 400x)<\/li>\n<li>Mo\u017cliwo\u015b\u0107 oddzielenia mikroskopu od podstawy dla bezpo\u015bredniego u\u017cycia na obiektach, nawet na zewn\u0105trz, dzi\u0119ki wbudowanej akumulatorowi<\/li>\n<li>Mo\u017cliwo\u015b\u0107 pod\u0142\u0105czenia do komputera PC lub Mac za pomoc\u0105 kabla USB-C<\/li>\n<li>Szeroki wyb\u00f3r akcesori\u00f3w, w tym szkie\u0142 i uchwyt\u00f3w do pr\u00f3bek<\/li>\n<li>Zawiera ksi\u0105\u017ck\u0119 o obserwacjach mikroskopowych oraz dziennik komentarzy<\/li>\n<li>Interfejs dotykowy umo\u017cliwiaj\u0105cy sterowanie operacjami, robienie zdj\u0119\u0107, nagrywanie film\u00f3w i dok\u0142adne pomiar<\/li>\n<li>\u015alizg kalibracyjny do precyzyjnych pomiar\u00f3w z ka\u017cd\u0105 soczewk\u0105<\/li>\n<li>Nadaje si\u0119 zar\u00f3wno do u\u017cytku edukacyjnego, jak i zawodowego ze wzgl\u0119du na swoj\u0105 du\u017c\u0105 wszechstronno\u015b\u0107<\/li>\n<li>Mo\u017cliwo\u015b\u0107 po\u0142\u0105czenia z komputerem lub Maciem za pomoc\u0105 kabla USB-C do pomiar\u00f3w opartych na oprogramowaniu, przechowywania obraz\u00f3w i nagrywania wideo<\/li>\n<\/ul>\n<div><strong>Specyfikacje:<\/strong><\/div>\n<ul>\n<li>Model: DiProgress M2<\/li>\n<li>Rozdzielczo\u015b\u0107: 640&#215;480, 1600&#215;1200 pikseli (wideo: 1280&#215;720 pikseli)<\/li>\n<li>Powi\u0119kszenie: od 10x do 200x (cyfrowe powi\u0119kszenie do 400x)<\/li>\n<li>\u0141\u0105czno\u015b\u0107: WiFi, USB-C<\/li>\n<li>Akumulator: 2500 mAh<\/li>\n<li>O\u015bwietlenie: regulowane o\u015bwietlenie LED z g\u00f3ry i z do\u0142u<\/li>\n<li>Obs\u0142ugiwane systemy operacyjne: Windows 7 lub nowszy, Mac<\/li>\n<\/ul>\n<div>Mikroskop SMART M2A zosta\u0142 zaprojektowany, aby zapewni\u0107 kompleksowe do\u015bwiadczenie mikroskopowe, pozwalaj\u0105c u\u017cytkownikom obserwowa\u0107, przechwytywa\u0107 i analizowa\u0107 pr\u00f3bki z \u0142atwo\u015bci\u0105. Jego ekran LCD i \u0142\u0105czno\u015b\u0107 bezprzewodowa sprawiaj\u0105, \u017ce jest idealnym narz\u0119dziem do zastosowa\u0144 edukacyjnych i profesjonalnych, zapewniaj\u0105c elastyczno\u015b\u0107 i funkcjonalno\u015b\u0107 w kompaktowym i przeno\u015bnym designie.<\/div>\n<\/div>\n","protected":false},"excerpt":{"rendered":"<p class=\"p1\">Mikroskop SMART M2A \u0142\u0105czy w sobie przeno\u015bno\u015b\u0107 z zaawansowanymi funkcjami, oferuj\u0105c ekran LCD o przek\u0105tnej 4,3 cala do wysokiej rozdzielczo\u015bci obrazu na \u017cywo oraz \u0142\u0105czno\u015b\u0107 WiFi umo\u017cliwiaj\u0105c\u0105 bezproblemow\u0105 obserwacj\u0119 na urz\u0105dzeniach z systemami Android lub iOS.<\/p>\n","protected":false},"featured_media":1422,"comment_status":"open","ping_status":"closed","template":"","meta":[],"pwb-brand":[236],"product_brand":[],"product_cat":[123,72],"product_tag":[],"class_list":{"0":"post-1056","1":"product","2":"type-product","3":"status-publish","4":"has-post-thumbnail","6":"pwb-brand-beaverlab-pl","7":"product_cat-mikroskopy","8":"product_cat-sprzet","10":"first","11":"instock","12":"shipping-taxable","13":"purchasable","14":"product-type-simple"},"yoast_head":"<!-- This site is optimized with the Yoast SEO plugin v25.3 - https:\/\/yoast.com\/wordpress\/plugins\/seo\/ -->\n<title>Mikroskop SMART M2 wifi LCD - Astronomy Tours<\/title>\n<meta name=\"robots\" content=\"index, follow, max-snippet:-1, max-image-preview:large, max-video-preview:-1\" \/>\n<link rel=\"canonical\" href=\"https:\/\/www.astronomy.tours\/pl\/produkt\/mikroskop-smart-m2a-wifi-lcd\/\" \/>\n<meta property=\"og:locale\" content=\"pl_PL\" \/>\n<meta property=\"og:type\" content=\"article\" \/>\n<meta property=\"og:title\" content=\"Mikroskop SMART M2 wifi LCD - Astronomy Tours\" \/>\n<meta property=\"og:description\" content=\"Mikroskop SMART M2A \u0142\u0105czy w sobie przeno\u015bno\u015b\u0107 z zaawansowanymi funkcjami, oferuj\u0105c ekran LCD o przek\u0105tnej 4,3 cala do wysokiej rozdzielczo\u015bci obrazu na \u017cywo oraz \u0142\u0105czno\u015b\u0107 WiFi umo\u017cliwiaj\u0105c\u0105 bezproblemow\u0105 obserwacj\u0119 na urz\u0105dzeniach z systemami Android lub iOS.\" \/>\n<meta property=\"og:url\" content=\"https:\/\/www.astronomy.tours\/pl\/produkt\/mikroskop-smart-m2a-wifi-lcd\/\" \/>\n<meta property=\"og:site_name\" content=\"Astronomy Tours\" \/>\n<meta property=\"article:publisher\" content=\"https:\/\/www.facebook.com\/astronomy.tours\/\" \/>\n<meta property=\"article:modified_time\" content=\"2024-06-05T13:28:32+00:00\" \/>\n<meta property=\"og:image\" content=\"https:\/\/www.astronomy.tours\/wp-content\/uploads\/2024\/04\/BL-DDL-M2A-1-1.webp\" \/>\n\t<meta property=\"og:image:width\" content=\"958\" \/>\n\t<meta property=\"og:image:height\" content=\"1150\" \/>\n\t<meta property=\"og:image:type\" content=\"image\/webp\" \/>\n<meta name=\"twitter:card\" content=\"summary_large_image\" \/>\n<meta name=\"twitter:label1\" content=\"Szacowany czas czytania\" \/>\n\t<meta name=\"twitter:data1\" content=\"2 minuty\" \/>\n<script type=\"application\/ld+json\" class=\"yoast-schema-graph\">{\"@context\":\"https:\/\/schema.org\",\"@graph\":[{\"@type\":\"WebPage\",\"@id\":\"https:\/\/www.astronomy.tours\/pl\/produkt\/mikroskop-smart-m2a-wifi-lcd\/\",\"url\":\"https:\/\/www.astronomy.tours\/pl\/produkt\/mikroskop-smart-m2a-wifi-lcd\/\",\"name\":\"Mikroskop SMART M2 wifi LCD - Astronomy Tours\",\"isPartOf\":{\"@id\":\"https:\/\/www.astronomy.tours\/#website\"},\"primaryImageOfPage\":{\"@id\":\"https:\/\/www.astronomy.tours\/pl\/produkt\/mikroskop-smart-m2a-wifi-lcd\/#primaryimage\"},\"image\":{\"@id\":\"https:\/\/www.astronomy.tours\/pl\/produkt\/mikroskop-smart-m2a-wifi-lcd\/#primaryimage\"},\"thumbnailUrl\":\"https:\/\/www.astronomy.tours\/wp-content\/uploads\/2024\/04\/BL-DDL-M2A-1-1.webp\",\"datePublished\":\"2024-04-09T13:31:17+00:00\",\"dateModified\":\"2024-06-05T13:28:32+00:00\",\"breadcrumb\":{\"@id\":\"https:\/\/www.astronomy.tours\/pl\/produkt\/mikroskop-smart-m2a-wifi-lcd\/#breadcrumb\"},\"inLanguage\":\"pl-PL\",\"potentialAction\":[{\"@type\":\"ReadAction\",\"target\":[\"https:\/\/www.astronomy.tours\/pl\/produkt\/mikroskop-smart-m2a-wifi-lcd\/\"]}]},{\"@type\":\"ImageObject\",\"inLanguage\":\"pl-PL\",\"@id\":\"https:\/\/www.astronomy.tours\/pl\/produkt\/mikroskop-smart-m2a-wifi-lcd\/#primaryimage\",\"url\":\"https:\/\/www.astronomy.tours\/wp-content\/uploads\/2024\/04\/BL-DDL-M2A-1-1.webp\",\"contentUrl\":\"https:\/\/www.astronomy.tours\/wp-content\/uploads\/2024\/04\/BL-DDL-M2A-1-1.webp\",\"width\":958,\"height\":1150},{\"@type\":\"BreadcrumbList\",\"@id\":\"https:\/\/www.astronomy.tours\/pl\/produkt\/mikroskop-smart-m2a-wifi-lcd\/#breadcrumb\",\"itemListElement\":[{\"@type\":\"ListItem\",\"position\":1,\"name\":\"Home\",\"item\":\"https:\/\/www.astronomy.tours\/pl\/\"},{\"@type\":\"ListItem\",\"position\":2,\"name\":\"Sklep\",\"item\":\"https:\/\/www.astronomy.tours\/pl\/sklep\/\"},{\"@type\":\"ListItem\",\"position\":3,\"name\":\"Mikroskop SMART M2 wifi LCD\"}]},{\"@type\":\"WebSite\",\"@id\":\"https:\/\/www.astronomy.tours\/#website\",\"url\":\"https:\/\/www.astronomy.tours\/\",\"name\":\"Astronomy Tours\",\"description\":\"Astronomical tours\",\"publisher\":{\"@id\":\"https:\/\/www.astronomy.tours\/#organization\"},\"potentialAction\":[{\"@type\":\"SearchAction\",\"target\":{\"@type\":\"EntryPoint\",\"urlTemplate\":\"https:\/\/www.astronomy.tours\/?s={search_term_string}\"},\"query-input\":{\"@type\":\"PropertyValueSpecification\",\"valueRequired\":true,\"valueName\":\"search_term_string\"}}],\"inLanguage\":\"pl-PL\"},{\"@type\":\"Organization\",\"@id\":\"https:\/\/www.astronomy.tours\/#organization\",\"name\":\"Astronomy Tours S.COOP\",\"url\":\"https:\/\/www.astronomy.tours\/\",\"logo\":{\"@type\":\"ImageObject\",\"inLanguage\":\"pl-PL\",\"@id\":\"https:\/\/www.astronomy.tours\/#\/schema\/logo\/image\/\",\"url\":\"https:\/\/www.astronomy.tours\/wp-content\/uploads\/2026\/02\/logo-astronomy-tours-black-small.png\",\"contentUrl\":\"https:\/\/www.astronomy.tours\/wp-content\/uploads\/2026\/02\/logo-astronomy-tours-black-small.png\",\"width\":2000,\"height\":740,\"caption\":\"Astronomy Tours S.COOP\"},\"image\":{\"@id\":\"https:\/\/www.astronomy.tours\/#\/schema\/logo\/image\/\"},\"sameAs\":[\"https:\/\/www.facebook.com\/astronomy.tours\/\",\"https:\/\/www.instagram.com\/astronomytours\/?hl=en\"]}]}<\/script>\n<!-- \/ Yoast SEO plugin. -->","yoast_head_json":{"title":"Mikroskop SMART M2 wifi LCD - Astronomy Tours","robots":{"index":"index","follow":"follow","max-snippet":"max-snippet:-1","max-image-preview":"max-image-preview:large","max-video-preview":"max-video-preview:-1"},"canonical":"https:\/\/www.astronomy.tours\/pl\/produkt\/mikroskop-smart-m2a-wifi-lcd\/","og_locale":"pl_PL","og_type":"article","og_title":"Mikroskop SMART M2 wifi LCD - Astronomy Tours","og_description":"Mikroskop SMART M2A \u0142\u0105czy w sobie przeno\u015bno\u015b\u0107 z zaawansowanymi funkcjami, oferuj\u0105c ekran LCD o przek\u0105tnej 4,3 cala do wysokiej rozdzielczo\u015bci obrazu na \u017cywo oraz \u0142\u0105czno\u015b\u0107 WiFi umo\u017cliwiaj\u0105c\u0105 bezproblemow\u0105 obserwacj\u0119 na urz\u0105dzeniach z systemami Android lub iOS.","og_url":"https:\/\/www.astronomy.tours\/pl\/produkt\/mikroskop-smart-m2a-wifi-lcd\/","og_site_name":"Astronomy Tours","article_publisher":"https:\/\/www.facebook.com\/astronomy.tours\/","article_modified_time":"2024-06-05T13:28:32+00:00","og_image":[{"width":958,"height":1150,"url":"https:\/\/www.astronomy.tours\/wp-content\/uploads\/2024\/04\/BL-DDL-M2A-1-1.webp","type":"image\/webp"}],"twitter_card":"summary_large_image","twitter_misc":{"Szacowany czas czytania":"2 minuty"},"schema":{"@context":"https:\/\/schema.org","@graph":[{"@type":"WebPage","@id":"https:\/\/www.astronomy.tours\/pl\/produkt\/mikroskop-smart-m2a-wifi-lcd\/","url":"https:\/\/www.astronomy.tours\/pl\/produkt\/mikroskop-smart-m2a-wifi-lcd\/","name":"Mikroskop SMART M2 wifi LCD - Astronomy Tours","isPartOf":{"@id":"https:\/\/www.astronomy.tours\/#website"},"primaryImageOfPage":{"@id":"https:\/\/www.astronomy.tours\/pl\/produkt\/mikroskop-smart-m2a-wifi-lcd\/#primaryimage"},"image":{"@id":"https:\/\/www.astronomy.tours\/pl\/produkt\/mikroskop-smart-m2a-wifi-lcd\/#primaryimage"},"thumbnailUrl":"https:\/\/www.astronomy.tours\/wp-content\/uploads\/2024\/04\/BL-DDL-M2A-1-1.webp","datePublished":"2024-04-09T13:31:17+00:00","dateModified":"2024-06-05T13:28:32+00:00","breadcrumb":{"@id":"https:\/\/www.astronomy.tours\/pl\/produkt\/mikroskop-smart-m2a-wifi-lcd\/#breadcrumb"},"inLanguage":"pl-PL","potentialAction":[{"@type":"ReadAction","target":["https:\/\/www.astronomy.tours\/pl\/produkt\/mikroskop-smart-m2a-wifi-lcd\/"]}]},{"@type":"ImageObject","inLanguage":"pl-PL","@id":"https:\/\/www.astronomy.tours\/pl\/produkt\/mikroskop-smart-m2a-wifi-lcd\/#primaryimage","url":"https:\/\/www.astronomy.tours\/wp-content\/uploads\/2024\/04\/BL-DDL-M2A-1-1.webp","contentUrl":"https:\/\/www.astronomy.tours\/wp-content\/uploads\/2024\/04\/BL-DDL-M2A-1-1.webp","width":958,"height":1150},{"@type":"BreadcrumbList","@id":"https:\/\/www.astronomy.tours\/pl\/produkt\/mikroskop-smart-m2a-wifi-lcd\/#breadcrumb","itemListElement":[{"@type":"ListItem","position":1,"name":"Home","item":"https:\/\/www.astronomy.tours\/pl\/"},{"@type":"ListItem","position":2,"name":"Sklep","item":"https:\/\/www.astronomy.tours\/pl\/sklep\/"},{"@type":"ListItem","position":3,"name":"Mikroskop SMART M2 wifi LCD"}]},{"@type":"WebSite","@id":"https:\/\/www.astronomy.tours\/#website","url":"https:\/\/www.astronomy.tours\/","name":"Astronomy Tours","description":"Astronomical tours","publisher":{"@id":"https:\/\/www.astronomy.tours\/#organization"},"potentialAction":[{"@type":"SearchAction","target":{"@type":"EntryPoint","urlTemplate":"https:\/\/www.astronomy.tours\/?s={search_term_string}"},"query-input":{"@type":"PropertyValueSpecification","valueRequired":true,"valueName":"search_term_string"}}],"inLanguage":"pl-PL"},{"@type":"Organization","@id":"https:\/\/www.astronomy.tours\/#organization","name":"Astronomy Tours S.COOP","url":"https:\/\/www.astronomy.tours\/","logo":{"@type":"ImageObject","inLanguage":"pl-PL","@id":"https:\/\/www.astronomy.tours\/#\/schema\/logo\/image\/","url":"https:\/\/www.astronomy.tours\/wp-content\/uploads\/2026\/02\/logo-astronomy-tours-black-small.png","contentUrl":"https:\/\/www.astronomy.tours\/wp-content\/uploads\/2026\/02\/logo-astronomy-tours-black-small.png","width":2000,"height":740,"caption":"Astronomy Tours S.COOP"},"image":{"@id":"https:\/\/www.astronomy.tours\/#\/schema\/logo\/image\/"},"sameAs":["https:\/\/www.facebook.com\/astronomy.tours\/","https:\/\/www.instagram.com\/astronomytours\/?hl=en"]}]}},"brands":[{"id":236,"name":"BEAVERLAB","slug":"beaverlab-pl"}],"_links":{"self":[{"href":"https:\/\/www.astronomy.tours\/pl\/wp-json\/wp\/v2\/product\/1056","targetHints":{"allow":["GET"]}}],"collection":[{"href":"https:\/\/www.astronomy.tours\/pl\/wp-json\/wp\/v2\/product"}],"about":[{"href":"https:\/\/www.astronomy.tours\/pl\/wp-json\/wp\/v2\/types\/product"}],"replies":[{"embeddable":true,"href":"https:\/\/www.astronomy.tours\/pl\/wp-json\/wp\/v2\/comments?post=1056"}],"wp:featuredmedia":[{"embeddable":true,"href":"https:\/\/www.astronomy.tours\/pl\/wp-json\/wp\/v2\/media\/1422"}],"wp:attachment":[{"href":"https:\/\/www.astronomy.tours\/pl\/wp-json\/wp\/v2\/media?parent=1056"}],"wp:term":[{"taxonomy":"pwb-brand","embeddable":true,"href":"https:\/\/www.astronomy.tours\/pl\/wp-json\/wp\/v2\/pwb-brand?post=1056"},{"taxonomy":"product_brand","embeddable":true,"href":"https:\/\/www.astronomy.tours\/pl\/wp-json\/wp\/v2\/product_brand?post=1056"},{"taxonomy":"product_cat","embeddable":true,"href":"https:\/\/www.astronomy.tours\/pl\/wp-json\/wp\/v2\/product_cat?post=1056"},{"taxonomy":"product_tag","embeddable":true,"href":"https:\/\/www.astronomy.tours\/pl\/wp-json\/wp\/v2\/product_tag?post=1056"}],"curies":[{"name":"wp","href":"https:\/\/api.w.org\/{rel}","templated":true}]}}