{"id":1054,"date":"2024-04-09T15:36:22","date_gmt":"2024-04-09T13:36:22","guid":{"rendered":"https:\/\/astronomy-new.imoli.com.pl\/product\/inteligentny-teleskop-unistellar-equinox-2\/"},"modified":"2024-06-05T15:15:58","modified_gmt":"2024-06-05T13:15:58","slug":"inteligentny-teleskop-unistellar-equinox-2","status":"publish","type":"product","link":"https:\/\/www.astronomy.tours\/pl\/produkt\/inteligentny-teleskop-unistellar-equinox-2\/","title":{"rendered":"Teleskop SMART Unistellar Equinox 2"},"content":{"rendered":"<div>\n<div>Teleskop SMART Unistellar Equinox 2 to zautomatyzowany teleskop niezwykle \u0142atwy w u\u017cyciu, nie wymagaj\u0105cy wcze\u015bniejszej wiedzy astronomicznej. Rozpocznij rejestrowanie obraz\u00f3w przy pomocy widoku wspomaganego. Jest kompaktowy, lekki i sterowalny z poziomu smartfona\/tabletu. Nowa wersja wyposa\u017cona jest w wi\u0119kszy sensor.<\/div>\n<div><\/div>\n<div>Technologia cyfrowa i rozw\u00f3j aplikacji na smartfony i tablety zrewolucjonizowa\u0142y \u015bwiat astronomii w ostatnich latach. Unistellar, francuska firma startupowa, posz\u0142a o krok dalej, \u0142\u0105cz\u0105c szereg opatentowanych technologii w swoim teleskopie. eVscope\/eQuinox (Teleskop Wzmacnianej Wizji) to wynik 5-letnich bada\u0144 i rozwoju czterech francuskich innowator\u00f3w, zaprojektowany tak, aby umo\u017cliwi\u0107 ka\u017cdemu &#8211; czy to pocz\u0105tkuj\u0105cym w astronomii, czy po prostu zainteresowanym nocnym niebem &#8211; odkrywanie kosmosu i jego cud\u00f3w bez wcze\u015bniejszej wiedzy w dziedzinie. Zar\u00f3wno dla amator\u00f3w, jak i ekspert\u00f3w, eVscope\/eQuinox oferuje szybkie i \u0142atwe do zainstalowania rozwi\u0105zanie jako uzupe\u0142nienie Twojego istniej\u0105cego sprz\u0119tu.<\/div>\n<div><\/div>\n<div><strong>Teleskop SMART Unistellar Equinox 2<\/strong><\/div>\n<div><\/div>\n<div>Teleskop SMART Unistellar Equinox 2 oferuje szybkie ustawienie, gotowe do u\u017cycia w ci\u0105gu mniej ni\u017c 2 minut po w\u0142\u0105czeniu.<\/div>\n<div><\/div>\n<div><strong>G\u0142\u00f3wne cechy:<\/strong><\/div>\n<ul>\n<li>Ultra szybkie ustawienie, gotowe do u\u017cycia w ci\u0105gu mniej ni\u017c 2 minut po w\u0142\u0105czeniu<\/li>\n<li>Wbudowany akumulator do \u0142adowania dla godzin obserwacji bezprzewodowej<\/li>\n<li>Automatyczne nakierowywanie obiekt\u00f3w bez konieczno\u015bci wykonywania \u017cadnej kalibracji, dzi\u0119ki automatycznemu rozpoznawaniu gwiazd w polu widzenia<\/li>\n<li>Obserwacja obiekt\u00f3w nawet z o\u015brodk\u00f3w miejskich dzi\u0119ki opatentowanej rutynie czyszczenia zanieczyszcze\u0144 \u015bwietlnych<\/li>\n<li>Spo\u0142eczno\u015b\u0107 Unistellar z mo\u017cliwo\u015bciami naukowej obserwacji asteroid\u00f3w, komet lub egzoplanet<\/li>\n<li>Po pobraniu aplikacji Unistellar nie jest wymagane po\u0142\u0105czenie z internetem, aby z niej korzysta\u0107<\/li>\n<\/ul>\n<div><strong>Jak to dzia\u0142a:<\/strong><\/div>\n<ul>\n<li>Pobierz aplikacj\u0119 Unistellar i po\u0142\u0105cz urz\u0105dzenie z teleskopem za pomoc\u0105 WiFi (sie\u0107 tworzona przez teleskop)<\/li>\n<li>Wykonaj pocz\u0105tkow\u0105 synchronizacj\u0119 w losowym punkcie na niebie: teleskop rozpozna gwiazdy w tym polu, aby okre\u015bli\u0107 ich pozycje i kalibracj\u0119<\/li>\n<li>Wybierz obiekt, na kt\u00f3ry chcesz nakierowa\u0107: obiekty s\u0105 kategoryzowane lub wed\u0142ug gwiazdozbior\u00f3w<\/li>\n<li>Teleskop wska\u017ce obszar nieba w pobli\u017cu obiektu, ponownie zsynchronizuje i nast\u0119pnie precyzyjnie wska\u017ce obiekt<\/li>\n<li>Teraz mo\u017cesz zacz\u0105\u0107 &#8220;cyfrowo obserwowa\u0107&#8221;: w miar\u0119 up\u0142ywu czasu obiekt stanie si\u0119 bardziej szczeg\u00f3\u0142owy i ja\u015bniejszy. W zaledwie kilkadziesi\u0105t sekund mo\u017cna go r\u00f3wnie\u017c obserwowa\u0107 z o\u015bwietlonych obszar\u00f3w przez monitor urz\u0105dzenia!<\/li>\n<li>Wreszcie, mo\u017cesz obserwowa\u0107 obiekty, kt\u00f3re s\u0105 NIEMO\u017bLIWE do zobaczenia z normalnym teleskopem (nawet du\u017cymi) na tle miejskiego lub p\u0142askiego nieba.<\/li>\n<\/ul>\n<div><strong>Szczeg\u00f3lnie odpowiedni dla:<\/strong><\/div>\n<ul>\n<li>Szk\u00f3\u0142 i uniwersytet\u00f3w<\/li>\n<li>Dzia\u0142alno\u015bci edukacyjnej w dziedzinie astronomii<\/li>\n<li>Stowarzysze\u0144 astronomicznych, obserwatori\u00f3w i planetari\u00f3w<\/li>\n<li>Hoteli i o\u015brodk\u00f3w wypoczynkowych<\/li>\n<li>Wydarze\u0144<\/li>\n<\/ul>\n<div><strong>Specyfikacje:<\/strong><\/div>\n<ul>\n<li>\u015arednica: 114 mm<\/li>\n<li>Ogniskowa: 450 mm (f\/4)<\/li>\n<li>Czujnik kolorowy Sony IMX224<\/li>\n<li>Odpowiednie powi\u0119kszenie: 50x (cyfrowe do 200x)<\/li>\n<li>Waga ca\u0142kowita: 9 kg<\/li>\n<li>Pami\u0119\u0107 wewn\u0119trzna: 64 GB<\/li>\n<\/ul>\n<div>Maksymalna jasno\u015b\u0107: do 16 w oko\u0142o 1 minut\u0119, z nieba o \u015bredniej jako\u015bci, do 18 w ciemnym g\u00f3rskim niebie, po kilka minut ekspozycji.<\/div>\n<\/div>\n","protected":false},"excerpt":{"rendered":"<div>Teleskop SMART Unistellar Equinox 2 to zautomatyzowany teleskop niezwykle \u0142atwy w u\u017cyciu, nie wymagaj\u0105cy wcze\u015bniejszej wiedzy astronomicznej. Rozpocznij rejestrowanie obraz\u00f3w przy pomocy widoku wspomaganego. Jest kompaktowy, lekki i sterowalny z poziomu smartfona\/tabletu. Nowa wersja wyposa\u017cona jest w wi\u0119kszy sensor.<\/div>\n<div>Technologia cyfrowa i rozw\u00f3j aplikacji na smartfony i tablety zrewolucjonizowa\u0142y \u015bwiat astronomii w ostatnich latach. Unistellar, francuska firma startupowa, posz\u0142a o krok dalej, \u0142\u0105cz\u0105c szereg opatentowanych technologii w swoim teleskopie. eVscope\/eQuinox (Teleskop Wzmacnianej Wizji) to wynik 5-letnich bada\u0144 i rozwoju czterech francuskich innowator\u00f3w, zaprojektowany tak, aby umo\u017cliwi\u0107 ka\u017cdemu &#8211; czy to pocz\u0105tkuj\u0105cym w astronomii, czy po prostu zainteresowanym nocnym niebem &#8211; odkrywanie kosmosu i jego cud\u00f3w bez wcze\u015bniejszej wiedzy w dziedzinie. Zar\u00f3wno dla amator\u00f3w, jak i ekspert\u00f3w, eVscope\/eQuinox oferuje szybkie i \u0142atwe do zainstalowania rozwi\u0105zanie jako uzupe\u0142nienie Twojego istniej\u0105cego sprz\u0119tu.<\/div>\n","protected":false},"featured_media":1719,"comment_status":"open","ping_status":"closed","template":"","meta":[],"pwb-brand":[238],"product_brand":[],"product_cat":[120,72],"product_tag":[],"class_list":{"0":"post-1054","1":"product","2":"type-product","3":"status-publish","4":"has-post-thumbnail","6":"pwb-brand-unistellar-pl","7":"product_cat-teleskopy","8":"product_cat-sprzet","10":"first","11":"instock","12":"shipping-taxable","13":"purchasable","14":"product-type-simple"},"yoast_head":"<!-- This site is optimized with the Yoast SEO plugin v25.3 - https:\/\/yoast.com\/wordpress\/plugins\/seo\/ -->\n<title>Teleskop SMART Unistellar Equinox 2 - Astronomy Tours<\/title>\n<meta name=\"robots\" content=\"index, follow, max-snippet:-1, max-image-preview:large, max-video-preview:-1\" \/>\n<link rel=\"canonical\" href=\"https:\/\/www.astronomy.tours\/pl\/produkt\/inteligentny-teleskop-unistellar-equinox-2\/\" \/>\n<meta property=\"og:locale\" content=\"pl_PL\" \/>\n<meta property=\"og:type\" content=\"article\" \/>\n<meta property=\"og:title\" content=\"Teleskop SMART Unistellar Equinox 2 - Astronomy Tours\" \/>\n<meta property=\"og:description\" content=\"Teleskop SMART Unistellar Equinox 2 to zautomatyzowany teleskop niezwykle \u0142atwy w u\u017cyciu, nie wymagaj\u0105cy wcze\u015bniejszej wiedzy astronomicznej. Rozpocznij rejestrowanie obraz\u00f3w przy pomocy widoku wspomaganego. Jest kompaktowy, lekki i sterowalny z poziomu smartfona\/tabletu. Nowa wersja wyposa\u017cona jest w wi\u0119kszy sensor. Technologia cyfrowa i rozw\u00f3j aplikacji na smartfony i tablety zrewolucjonizowa\u0142y \u015bwiat astronomii w ostatnich latach. Unistellar, francuska firma startupowa, posz\u0142a o krok dalej, \u0142\u0105cz\u0105c szereg opatentowanych technologii w swoim teleskopie. eVscope\/eQuinox (Teleskop Wzmacnianej Wizji) to wynik 5-letnich bada\u0144 i rozwoju czterech francuskich innowator\u00f3w, zaprojektowany tak, aby umo\u017cliwi\u0107 ka\u017cdemu - czy to pocz\u0105tkuj\u0105cym w astronomii, czy po prostu zainteresowanym nocnym niebem - odkrywanie kosmosu i jego cud\u00f3w bez wcze\u015bniejszej wiedzy w dziedzinie. Zar\u00f3wno dla amator\u00f3w, jak i ekspert\u00f3w, eVscope\/eQuinox oferuje szybkie i \u0142atwe do zainstalowania rozwi\u0105zanie jako uzupe\u0142nienie Twojego istniej\u0105cego sprz\u0119tu.\" \/>\n<meta property=\"og:url\" content=\"https:\/\/www.astronomy.tours\/pl\/produkt\/inteligentny-teleskop-unistellar-equinox-2\/\" \/>\n<meta property=\"og:site_name\" content=\"Astronomy Tours\" \/>\n<meta property=\"article:publisher\" content=\"https:\/\/www.facebook.com\/astronomy.tours\/\" \/>\n<meta property=\"article:modified_time\" content=\"2024-06-05T13:15:58+00:00\" \/>\n<meta property=\"og:image\" content=\"https:\/\/www.astronomy.tours\/wp-content\/uploads\/2024\/04\/UNI-EQUINOX2-1.webp\" \/>\n\t<meta property=\"og:image:width\" content=\"1150\" \/>\n\t<meta property=\"og:image:height\" content=\"1150\" \/>\n\t<meta property=\"og:image:type\" content=\"image\/webp\" \/>\n<meta name=\"twitter:card\" content=\"summary_large_image\" \/>\n<meta name=\"twitter:label1\" content=\"Szacowany czas czytania\" \/>\n\t<meta name=\"twitter:data1\" content=\"2 minuty\" \/>\n<script type=\"application\/ld+json\" class=\"yoast-schema-graph\">{\"@context\":\"https:\/\/schema.org\",\"@graph\":[{\"@type\":\"WebPage\",\"@id\":\"https:\/\/www.astronomy.tours\/pl\/produkt\/inteligentny-teleskop-unistellar-equinox-2\/\",\"url\":\"https:\/\/www.astronomy.tours\/pl\/produkt\/inteligentny-teleskop-unistellar-equinox-2\/\",\"name\":\"Teleskop SMART Unistellar Equinox 2 - Astronomy Tours\",\"isPartOf\":{\"@id\":\"https:\/\/www.astronomy.tours\/#website\"},\"primaryImageOfPage\":{\"@id\":\"https:\/\/www.astronomy.tours\/pl\/produkt\/inteligentny-teleskop-unistellar-equinox-2\/#primaryimage\"},\"image\":{\"@id\":\"https:\/\/www.astronomy.tours\/pl\/produkt\/inteligentny-teleskop-unistellar-equinox-2\/#primaryimage\"},\"thumbnailUrl\":\"https:\/\/www.astronomy.tours\/wp-content\/uploads\/2024\/04\/UNI-EQUINOX2-1.webp\",\"datePublished\":\"2024-04-09T13:36:22+00:00\",\"dateModified\":\"2024-06-05T13:15:58+00:00\",\"breadcrumb\":{\"@id\":\"https:\/\/www.astronomy.tours\/pl\/produkt\/inteligentny-teleskop-unistellar-equinox-2\/#breadcrumb\"},\"inLanguage\":\"pl-PL\",\"potentialAction\":[{\"@type\":\"ReadAction\",\"target\":[\"https:\/\/www.astronomy.tours\/pl\/produkt\/inteligentny-teleskop-unistellar-equinox-2\/\"]}]},{\"@type\":\"ImageObject\",\"inLanguage\":\"pl-PL\",\"@id\":\"https:\/\/www.astronomy.tours\/pl\/produkt\/inteligentny-teleskop-unistellar-equinox-2\/#primaryimage\",\"url\":\"https:\/\/www.astronomy.tours\/wp-content\/uploads\/2024\/04\/UNI-EQUINOX2-1.webp\",\"contentUrl\":\"https:\/\/www.astronomy.tours\/wp-content\/uploads\/2024\/04\/UNI-EQUINOX2-1.webp\",\"width\":1150,\"height\":1150},{\"@type\":\"BreadcrumbList\",\"@id\":\"https:\/\/www.astronomy.tours\/pl\/produkt\/inteligentny-teleskop-unistellar-equinox-2\/#breadcrumb\",\"itemListElement\":[{\"@type\":\"ListItem\",\"position\":1,\"name\":\"Home\",\"item\":\"https:\/\/www.astronomy.tours\/pl\/\"},{\"@type\":\"ListItem\",\"position\":2,\"name\":\"Sklep\",\"item\":\"https:\/\/www.astronomy.tours\/pl\/sklep\/\"},{\"@type\":\"ListItem\",\"position\":3,\"name\":\"Teleskop SMART Unistellar Equinox 2\"}]},{\"@type\":\"WebSite\",\"@id\":\"https:\/\/www.astronomy.tours\/#website\",\"url\":\"https:\/\/www.astronomy.tours\/\",\"name\":\"Astronomy Tours\",\"description\":\"Astronomical tours\",\"publisher\":{\"@id\":\"https:\/\/www.astronomy.tours\/#organization\"},\"potentialAction\":[{\"@type\":\"SearchAction\",\"target\":{\"@type\":\"EntryPoint\",\"urlTemplate\":\"https:\/\/www.astronomy.tours\/?s={search_term_string}\"},\"query-input\":{\"@type\":\"PropertyValueSpecification\",\"valueRequired\":true,\"valueName\":\"search_term_string\"}}],\"inLanguage\":\"pl-PL\"},{\"@type\":\"Organization\",\"@id\":\"https:\/\/www.astronomy.tours\/#organization\",\"name\":\"Astronomy Tours S.COOP\",\"url\":\"https:\/\/www.astronomy.tours\/\",\"logo\":{\"@type\":\"ImageObject\",\"inLanguage\":\"pl-PL\",\"@id\":\"https:\/\/www.astronomy.tours\/#\/schema\/logo\/image\/\",\"url\":\"https:\/\/www.astronomy.tours\/wp-content\/uploads\/2026\/02\/logo-astronomy-tours-black-small.png\",\"contentUrl\":\"https:\/\/www.astronomy.tours\/wp-content\/uploads\/2026\/02\/logo-astronomy-tours-black-small.png\",\"width\":2000,\"height\":740,\"caption\":\"Astronomy Tours S.COOP\"},\"image\":{\"@id\":\"https:\/\/www.astronomy.tours\/#\/schema\/logo\/image\/\"},\"sameAs\":[\"https:\/\/www.facebook.com\/astronomy.tours\/\",\"https:\/\/www.instagram.com\/astronomytours\/?hl=en\"]}]}<\/script>\n<!-- \/ Yoast SEO plugin. -->","yoast_head_json":{"title":"Teleskop SMART Unistellar Equinox 2 - Astronomy Tours","robots":{"index":"index","follow":"follow","max-snippet":"max-snippet:-1","max-image-preview":"max-image-preview:large","max-video-preview":"max-video-preview:-1"},"canonical":"https:\/\/www.astronomy.tours\/pl\/produkt\/inteligentny-teleskop-unistellar-equinox-2\/","og_locale":"pl_PL","og_type":"article","og_title":"Teleskop SMART Unistellar Equinox 2 - Astronomy Tours","og_description":"Teleskop SMART Unistellar Equinox 2 to zautomatyzowany teleskop niezwykle \u0142atwy w u\u017cyciu, nie wymagaj\u0105cy wcze\u015bniejszej wiedzy astronomicznej. Rozpocznij rejestrowanie obraz\u00f3w przy pomocy widoku wspomaganego. Jest kompaktowy, lekki i sterowalny z poziomu smartfona\/tabletu. Nowa wersja wyposa\u017cona jest w wi\u0119kszy sensor. Technologia cyfrowa i rozw\u00f3j aplikacji na smartfony i tablety zrewolucjonizowa\u0142y \u015bwiat astronomii w ostatnich latach. Unistellar, francuska firma startupowa, posz\u0142a o krok dalej, \u0142\u0105cz\u0105c szereg opatentowanych technologii w swoim teleskopie. eVscope\/eQuinox (Teleskop Wzmacnianej Wizji) to wynik 5-letnich bada\u0144 i rozwoju czterech francuskich innowator\u00f3w, zaprojektowany tak, aby umo\u017cliwi\u0107 ka\u017cdemu - czy to pocz\u0105tkuj\u0105cym w astronomii, czy po prostu zainteresowanym nocnym niebem - odkrywanie kosmosu i jego cud\u00f3w bez wcze\u015bniejszej wiedzy w dziedzinie. Zar\u00f3wno dla amator\u00f3w, jak i ekspert\u00f3w, eVscope\/eQuinox oferuje szybkie i \u0142atwe do zainstalowania rozwi\u0105zanie jako uzupe\u0142nienie Twojego istniej\u0105cego sprz\u0119tu.","og_url":"https:\/\/www.astronomy.tours\/pl\/produkt\/inteligentny-teleskop-unistellar-equinox-2\/","og_site_name":"Astronomy Tours","article_publisher":"https:\/\/www.facebook.com\/astronomy.tours\/","article_modified_time":"2024-06-05T13:15:58+00:00","og_image":[{"width":1150,"height":1150,"url":"https:\/\/www.astronomy.tours\/wp-content\/uploads\/2024\/04\/UNI-EQUINOX2-1.webp","type":"image\/webp"}],"twitter_card":"summary_large_image","twitter_misc":{"Szacowany czas czytania":"2 minuty"},"schema":{"@context":"https:\/\/schema.org","@graph":[{"@type":"WebPage","@id":"https:\/\/www.astronomy.tours\/pl\/produkt\/inteligentny-teleskop-unistellar-equinox-2\/","url":"https:\/\/www.astronomy.tours\/pl\/produkt\/inteligentny-teleskop-unistellar-equinox-2\/","name":"Teleskop SMART Unistellar Equinox 2 - Astronomy Tours","isPartOf":{"@id":"https:\/\/www.astronomy.tours\/#website"},"primaryImageOfPage":{"@id":"https:\/\/www.astronomy.tours\/pl\/produkt\/inteligentny-teleskop-unistellar-equinox-2\/#primaryimage"},"image":{"@id":"https:\/\/www.astronomy.tours\/pl\/produkt\/inteligentny-teleskop-unistellar-equinox-2\/#primaryimage"},"thumbnailUrl":"https:\/\/www.astronomy.tours\/wp-content\/uploads\/2024\/04\/UNI-EQUINOX2-1.webp","datePublished":"2024-04-09T13:36:22+00:00","dateModified":"2024-06-05T13:15:58+00:00","breadcrumb":{"@id":"https:\/\/www.astronomy.tours\/pl\/produkt\/inteligentny-teleskop-unistellar-equinox-2\/#breadcrumb"},"inLanguage":"pl-PL","potentialAction":[{"@type":"ReadAction","target":["https:\/\/www.astronomy.tours\/pl\/produkt\/inteligentny-teleskop-unistellar-equinox-2\/"]}]},{"@type":"ImageObject","inLanguage":"pl-PL","@id":"https:\/\/www.astronomy.tours\/pl\/produkt\/inteligentny-teleskop-unistellar-equinox-2\/#primaryimage","url":"https:\/\/www.astronomy.tours\/wp-content\/uploads\/2024\/04\/UNI-EQUINOX2-1.webp","contentUrl":"https:\/\/www.astronomy.tours\/wp-content\/uploads\/2024\/04\/UNI-EQUINOX2-1.webp","width":1150,"height":1150},{"@type":"BreadcrumbList","@id":"https:\/\/www.astronomy.tours\/pl\/produkt\/inteligentny-teleskop-unistellar-equinox-2\/#breadcrumb","itemListElement":[{"@type":"ListItem","position":1,"name":"Home","item":"https:\/\/www.astronomy.tours\/pl\/"},{"@type":"ListItem","position":2,"name":"Sklep","item":"https:\/\/www.astronomy.tours\/pl\/sklep\/"},{"@type":"ListItem","position":3,"name":"Teleskop SMART Unistellar Equinox 2"}]},{"@type":"WebSite","@id":"https:\/\/www.astronomy.tours\/#website","url":"https:\/\/www.astronomy.tours\/","name":"Astronomy Tours","description":"Astronomical tours","publisher":{"@id":"https:\/\/www.astronomy.tours\/#organization"},"potentialAction":[{"@type":"SearchAction","target":{"@type":"EntryPoint","urlTemplate":"https:\/\/www.astronomy.tours\/?s={search_term_string}"},"query-input":{"@type":"PropertyValueSpecification","valueRequired":true,"valueName":"search_term_string"}}],"inLanguage":"pl-PL"},{"@type":"Organization","@id":"https:\/\/www.astronomy.tours\/#organization","name":"Astronomy Tours S.COOP","url":"https:\/\/www.astronomy.tours\/","logo":{"@type":"ImageObject","inLanguage":"pl-PL","@id":"https:\/\/www.astronomy.tours\/#\/schema\/logo\/image\/","url":"https:\/\/www.astronomy.tours\/wp-content\/uploads\/2026\/02\/logo-astronomy-tours-black-small.png","contentUrl":"https:\/\/www.astronomy.tours\/wp-content\/uploads\/2026\/02\/logo-astronomy-tours-black-small.png","width":2000,"height":740,"caption":"Astronomy Tours S.COOP"},"image":{"@id":"https:\/\/www.astronomy.tours\/#\/schema\/logo\/image\/"},"sameAs":["https:\/\/www.facebook.com\/astronomy.tours\/","https:\/\/www.instagram.com\/astronomytours\/?hl=en"]}]}},"brands":[{"id":238,"name":"UNISTELLAR","slug":"unistellar-pl"}],"_links":{"self":[{"href":"https:\/\/www.astronomy.tours\/pl\/wp-json\/wp\/v2\/product\/1054","targetHints":{"allow":["GET"]}}],"collection":[{"href":"https:\/\/www.astronomy.tours\/pl\/wp-json\/wp\/v2\/product"}],"about":[{"href":"https:\/\/www.astronomy.tours\/pl\/wp-json\/wp\/v2\/types\/product"}],"replies":[{"embeddable":true,"href":"https:\/\/www.astronomy.tours\/pl\/wp-json\/wp\/v2\/comments?post=1054"}],"wp:featuredmedia":[{"embeddable":true,"href":"https:\/\/www.astronomy.tours\/pl\/wp-json\/wp\/v2\/media\/1719"}],"wp:attachment":[{"href":"https:\/\/www.astronomy.tours\/pl\/wp-json\/wp\/v2\/media?parent=1054"}],"wp:term":[{"taxonomy":"pwb-brand","embeddable":true,"href":"https:\/\/www.astronomy.tours\/pl\/wp-json\/wp\/v2\/pwb-brand?post=1054"},{"taxonomy":"product_brand","embeddable":true,"href":"https:\/\/www.astronomy.tours\/pl\/wp-json\/wp\/v2\/product_brand?post=1054"},{"taxonomy":"product_cat","embeddable":true,"href":"https:\/\/www.astronomy.tours\/pl\/wp-json\/wp\/v2\/product_cat?post=1054"},{"taxonomy":"product_tag","embeddable":true,"href":"https:\/\/www.astronomy.tours\/pl\/wp-json\/wp\/v2\/product_tag?post=1054"}],"curies":[{"name":"wp","href":"https:\/\/api.w.org\/{rel}","templated":true}]}}