{"id":1052,"date":"2024-04-09T15:39:49","date_gmt":"2024-04-09T13:39:49","guid":{"rendered":"https:\/\/astronomy-new.imoli.com.pl\/product\/plecak-unistellar\/"},"modified":"2024-06-05T15:04:32","modified_gmt":"2024-06-05T13:04:32","slug":"plecak-unistellar","status":"publish","type":"product","link":"https:\/\/www.astronomy.tours\/pl\/produkt\/plecak-unistellar\/","title":{"rendered":"Plecak Unistellar"},"content":{"rendered":"<div>\n<div>Torba transportowa dla teleskopu Unistellar eVscope eQuinox<\/div>\n<div><\/div>\n<div>Mochila eVscope to doskona\u0142e akcesorium do maksymalizacji mobilno\u015bci twojego teleskopu eVscope.<\/div>\n<div><\/div>\n<div>Zbudowana z wytrzyma\u0142ej i wzmocnionej tkaniny, ta torba ma precyzyjne wy\u015bcie\u0142ane piank\u0105 podszycie, kt\u00f3re niezawodnie chroni tw\u00f3j teleskop przed uderzeniami. Wewn\u0119trzny pasek zapewnia pewne zabezpieczenie.<\/div>\n<div><\/div>\n<div>Wy\u015bcie\u0142ane i regulowane szelki na rami\u0119 oraz biodra zapewniaj\u0105 wygodne roz\u0142o\u017cenie ci\u0119\u017caru.<\/div>\n<div><\/div>\n<div>Dodatkowo, torba zapewnia ochron\u0119 przed deszczem i wilgoci\u0105, chroni\u0105c tw\u00f3j teleskop w r\u00f3\u017cnych warunkach pogodowych.<\/div>\n<\/div>\n","protected":false},"excerpt":{"rendered":"<div>Torba transportowa dla teleskopu Unistellar eVscope eQuinox<\/div>\n<div>Mochila eVscope to doskona\u0142e akcesorium do maksymalizacji mobilno\u015bci twojego teleskopu eVscope.<\/div>\n<div>Zbudowana z wytrzyma\u0142ej i wzmocnionej tkaniny, ta torba ma precyzyjne wy\u015bcie\u0142ane piank\u0105 podszycie, kt\u00f3re niezawodnie chroni tw\u00f3j teleskop przed uderzeniami. Wewn\u0119trzny pasek zapewnia pewne zabezpieczenie.<\/div>\n","protected":false},"featured_media":1707,"comment_status":"open","ping_status":"closed","template":"","meta":[],"pwb-brand":[238],"product_brand":[],"product_cat":[122,72],"product_tag":[],"class_list":{"0":"post-1052","1":"product","2":"type-product","3":"status-publish","4":"has-post-thumbnail","6":"pwb-brand-unistellar-pl","7":"product_cat-statywy-i-akcesoria","8":"product_cat-sprzet","10":"first","11":"instock","12":"shipping-taxable","13":"purchasable","14":"product-type-simple"},"yoast_head":"<!-- This site is optimized with the Yoast SEO plugin v25.3 - https:\/\/yoast.com\/wordpress\/plugins\/seo\/ -->\n<title>Plecak Unistellar - Astronomy Tours<\/title>\n<meta name=\"robots\" content=\"index, follow, max-snippet:-1, max-image-preview:large, max-video-preview:-1\" \/>\n<link rel=\"canonical\" href=\"https:\/\/www.astronomy.tours\/produkt\/unistellar-bagpack\/\" \/>\n<meta property=\"og:locale\" content=\"pl_PL\" \/>\n<meta property=\"og:type\" content=\"article\" \/>\n<meta property=\"og:title\" content=\"Plecak Unistellar - Astronomy Tours\" \/>\n<meta property=\"og:description\" content=\"Torba transportowa dla teleskopu Unistellar eVscope eQuinox Mochila eVscope to doskona\u0142e akcesorium do maksymalizacji mobilno\u015bci twojego teleskopu eVscope. Zbudowana z wytrzyma\u0142ej i wzmocnionej tkaniny, ta torba ma precyzyjne wy\u015bcie\u0142ane piank\u0105 podszycie, kt\u00f3re niezawodnie chroni tw\u00f3j teleskop przed uderzeniami. Wewn\u0119trzny pasek zapewnia pewne zabezpieczenie.\" \/>\n<meta property=\"og:url\" content=\"https:\/\/www.astronomy.tours\/produkt\/unistellar-bagpack\/\" \/>\n<meta property=\"og:site_name\" content=\"Astronomy Tours\" \/>\n<meta property=\"article:publisher\" content=\"https:\/\/www.facebook.com\/astronomy.tours\/\" \/>\n<meta property=\"article:modified_time\" content=\"2024-06-05T13:04:32+00:00\" \/>\n<meta property=\"og:image\" content=\"https:\/\/www.astronomy.tours\/wp-content\/uploads\/2024\/04\/UNI-1.webp\" \/>\n\t<meta property=\"og:image:width\" content=\"1150\" \/>\n\t<meta property=\"og:image:height\" content=\"1150\" \/>\n\t<meta property=\"og:image:type\" content=\"image\/webp\" \/>\n<meta name=\"twitter:card\" content=\"summary_large_image\" \/>\n<script type=\"application\/ld+json\" class=\"yoast-schema-graph\">{\"@context\":\"https:\/\/schema.org\",\"@graph\":[{\"@type\":\"WebPage\",\"@id\":\"https:\/\/www.astronomy.tours\/produkt\/unistellar-bagpack\/\",\"url\":\"https:\/\/www.astronomy.tours\/produkt\/unistellar-bagpack\/\",\"name\":\"Plecak Unistellar - Astronomy Tours\",\"isPartOf\":{\"@id\":\"https:\/\/www.astronomy.tours\/#website\"},\"primaryImageOfPage\":{\"@id\":\"https:\/\/www.astronomy.tours\/produkt\/unistellar-bagpack\/#primaryimage\"},\"image\":{\"@id\":\"https:\/\/www.astronomy.tours\/produkt\/unistellar-bagpack\/#primaryimage\"},\"thumbnailUrl\":\"https:\/\/www.astronomy.tours\/wp-content\/uploads\/2024\/04\/UNI-1.webp\",\"datePublished\":\"2024-04-09T13:39:49+00:00\",\"dateModified\":\"2024-06-05T13:04:32+00:00\",\"breadcrumb\":{\"@id\":\"https:\/\/www.astronomy.tours\/produkt\/unistellar-bagpack\/#breadcrumb\"},\"inLanguage\":\"pl-PL\",\"potentialAction\":[{\"@type\":\"ReadAction\",\"target\":[\"https:\/\/www.astronomy.tours\/produkt\/unistellar-bagpack\/\"]}]},{\"@type\":\"ImageObject\",\"inLanguage\":\"pl-PL\",\"@id\":\"https:\/\/www.astronomy.tours\/produkt\/unistellar-bagpack\/#primaryimage\",\"url\":\"https:\/\/www.astronomy.tours\/wp-content\/uploads\/2024\/04\/UNI-1.webp\",\"contentUrl\":\"https:\/\/www.astronomy.tours\/wp-content\/uploads\/2024\/04\/UNI-1.webp\",\"width\":1150,\"height\":1150},{\"@type\":\"BreadcrumbList\",\"@id\":\"https:\/\/www.astronomy.tours\/produkt\/unistellar-bagpack\/#breadcrumb\",\"itemListElement\":[{\"@type\":\"ListItem\",\"position\":1,\"name\":\"Home\",\"item\":\"https:\/\/www.astronomy.tours\/pl\/\"},{\"@type\":\"ListItem\",\"position\":2,\"name\":\"Sklep\",\"item\":\"https:\/\/www.astronomy.tours\/pl\/sklep\/\"},{\"@type\":\"ListItem\",\"position\":3,\"name\":\"Plecak Unistellar\"}]},{\"@type\":\"WebSite\",\"@id\":\"https:\/\/www.astronomy.tours\/#website\",\"url\":\"https:\/\/www.astronomy.tours\/\",\"name\":\"Astronomy Tours\",\"description\":\"Astronomical tours\",\"publisher\":{\"@id\":\"https:\/\/www.astronomy.tours\/#organization\"},\"potentialAction\":[{\"@type\":\"SearchAction\",\"target\":{\"@type\":\"EntryPoint\",\"urlTemplate\":\"https:\/\/www.astronomy.tours\/?s={search_term_string}\"},\"query-input\":{\"@type\":\"PropertyValueSpecification\",\"valueRequired\":true,\"valueName\":\"search_term_string\"}}],\"inLanguage\":\"pl-PL\"},{\"@type\":\"Organization\",\"@id\":\"https:\/\/www.astronomy.tours\/#organization\",\"name\":\"Astronomy Tours S.COOP\",\"url\":\"https:\/\/www.astronomy.tours\/\",\"logo\":{\"@type\":\"ImageObject\",\"inLanguage\":\"pl-PL\",\"@id\":\"https:\/\/www.astronomy.tours\/#\/schema\/logo\/image\/\",\"url\":\"https:\/\/www.astronomy.tours\/wp-content\/uploads\/2026\/02\/logo-astronomy-tours-black-small.png\",\"contentUrl\":\"https:\/\/www.astronomy.tours\/wp-content\/uploads\/2026\/02\/logo-astronomy-tours-black-small.png\",\"width\":2000,\"height\":740,\"caption\":\"Astronomy Tours S.COOP\"},\"image\":{\"@id\":\"https:\/\/www.astronomy.tours\/#\/schema\/logo\/image\/\"},\"sameAs\":[\"https:\/\/www.facebook.com\/astronomy.tours\/\",\"https:\/\/www.instagram.com\/astronomytours\/?hl=en\"]}]}<\/script>\n<!-- \/ Yoast SEO plugin. -->","yoast_head_json":{"title":"Plecak Unistellar - Astronomy Tours","robots":{"index":"index","follow":"follow","max-snippet":"max-snippet:-1","max-image-preview":"max-image-preview:large","max-video-preview":"max-video-preview:-1"},"canonical":"https:\/\/www.astronomy.tours\/produkt\/unistellar-bagpack\/","og_locale":"pl_PL","og_type":"article","og_title":"Plecak Unistellar - Astronomy Tours","og_description":"Torba transportowa dla teleskopu Unistellar eVscope eQuinox Mochila eVscope to doskona\u0142e akcesorium do maksymalizacji mobilno\u015bci twojego teleskopu eVscope. Zbudowana z wytrzyma\u0142ej i wzmocnionej tkaniny, ta torba ma precyzyjne wy\u015bcie\u0142ane piank\u0105 podszycie, kt\u00f3re niezawodnie chroni tw\u00f3j teleskop przed uderzeniami. Wewn\u0119trzny pasek zapewnia pewne zabezpieczenie.","og_url":"https:\/\/www.astronomy.tours\/produkt\/unistellar-bagpack\/","og_site_name":"Astronomy Tours","article_publisher":"https:\/\/www.facebook.com\/astronomy.tours\/","article_modified_time":"2024-06-05T13:04:32+00:00","og_image":[{"width":1150,"height":1150,"url":"https:\/\/www.astronomy.tours\/wp-content\/uploads\/2024\/04\/UNI-1.webp","type":"image\/webp"}],"twitter_card":"summary_large_image","schema":{"@context":"https:\/\/schema.org","@graph":[{"@type":"WebPage","@id":"https:\/\/www.astronomy.tours\/produkt\/unistellar-bagpack\/","url":"https:\/\/www.astronomy.tours\/produkt\/unistellar-bagpack\/","name":"Plecak Unistellar - Astronomy Tours","isPartOf":{"@id":"https:\/\/www.astronomy.tours\/#website"},"primaryImageOfPage":{"@id":"https:\/\/www.astronomy.tours\/produkt\/unistellar-bagpack\/#primaryimage"},"image":{"@id":"https:\/\/www.astronomy.tours\/produkt\/unistellar-bagpack\/#primaryimage"},"thumbnailUrl":"https:\/\/www.astronomy.tours\/wp-content\/uploads\/2024\/04\/UNI-1.webp","datePublished":"2024-04-09T13:39:49+00:00","dateModified":"2024-06-05T13:04:32+00:00","breadcrumb":{"@id":"https:\/\/www.astronomy.tours\/produkt\/unistellar-bagpack\/#breadcrumb"},"inLanguage":"pl-PL","potentialAction":[{"@type":"ReadAction","target":["https:\/\/www.astronomy.tours\/produkt\/unistellar-bagpack\/"]}]},{"@type":"ImageObject","inLanguage":"pl-PL","@id":"https:\/\/www.astronomy.tours\/produkt\/unistellar-bagpack\/#primaryimage","url":"https:\/\/www.astronomy.tours\/wp-content\/uploads\/2024\/04\/UNI-1.webp","contentUrl":"https:\/\/www.astronomy.tours\/wp-content\/uploads\/2024\/04\/UNI-1.webp","width":1150,"height":1150},{"@type":"BreadcrumbList","@id":"https:\/\/www.astronomy.tours\/produkt\/unistellar-bagpack\/#breadcrumb","itemListElement":[{"@type":"ListItem","position":1,"name":"Home","item":"https:\/\/www.astronomy.tours\/pl\/"},{"@type":"ListItem","position":2,"name":"Sklep","item":"https:\/\/www.astronomy.tours\/pl\/sklep\/"},{"@type":"ListItem","position":3,"name":"Plecak Unistellar"}]},{"@type":"WebSite","@id":"https:\/\/www.astronomy.tours\/#website","url":"https:\/\/www.astronomy.tours\/","name":"Astronomy Tours","description":"Astronomical tours","publisher":{"@id":"https:\/\/www.astronomy.tours\/#organization"},"potentialAction":[{"@type":"SearchAction","target":{"@type":"EntryPoint","urlTemplate":"https:\/\/www.astronomy.tours\/?s={search_term_string}"},"query-input":{"@type":"PropertyValueSpecification","valueRequired":true,"valueName":"search_term_string"}}],"inLanguage":"pl-PL"},{"@type":"Organization","@id":"https:\/\/www.astronomy.tours\/#organization","name":"Astronomy Tours S.COOP","url":"https:\/\/www.astronomy.tours\/","logo":{"@type":"ImageObject","inLanguage":"pl-PL","@id":"https:\/\/www.astronomy.tours\/#\/schema\/logo\/image\/","url":"https:\/\/www.astronomy.tours\/wp-content\/uploads\/2026\/02\/logo-astronomy-tours-black-small.png","contentUrl":"https:\/\/www.astronomy.tours\/wp-content\/uploads\/2026\/02\/logo-astronomy-tours-black-small.png","width":2000,"height":740,"caption":"Astronomy Tours S.COOP"},"image":{"@id":"https:\/\/www.astronomy.tours\/#\/schema\/logo\/image\/"},"sameAs":["https:\/\/www.facebook.com\/astronomy.tours\/","https:\/\/www.instagram.com\/astronomytours\/?hl=en"]}]}},"brands":[{"id":238,"name":"UNISTELLAR","slug":"unistellar-pl"}],"_links":{"self":[{"href":"https:\/\/www.astronomy.tours\/pl\/wp-json\/wp\/v2\/product\/1052","targetHints":{"allow":["GET"]}}],"collection":[{"href":"https:\/\/www.astronomy.tours\/pl\/wp-json\/wp\/v2\/product"}],"about":[{"href":"https:\/\/www.astronomy.tours\/pl\/wp-json\/wp\/v2\/types\/product"}],"replies":[{"embeddable":true,"href":"https:\/\/www.astronomy.tours\/pl\/wp-json\/wp\/v2\/comments?post=1052"}],"wp:featuredmedia":[{"embeddable":true,"href":"https:\/\/www.astronomy.tours\/pl\/wp-json\/wp\/v2\/media\/1707"}],"wp:attachment":[{"href":"https:\/\/www.astronomy.tours\/pl\/wp-json\/wp\/v2\/media?parent=1052"}],"wp:term":[{"taxonomy":"pwb-brand","embeddable":true,"href":"https:\/\/www.astronomy.tours\/pl\/wp-json\/wp\/v2\/pwb-brand?post=1052"},{"taxonomy":"product_brand","embeddable":true,"href":"https:\/\/www.astronomy.tours\/pl\/wp-json\/wp\/v2\/product_brand?post=1052"},{"taxonomy":"product_cat","embeddable":true,"href":"https:\/\/www.astronomy.tours\/pl\/wp-json\/wp\/v2\/product_cat?post=1052"},{"taxonomy":"product_tag","embeddable":true,"href":"https:\/\/www.astronomy.tours\/pl\/wp-json\/wp\/v2\/product_tag?post=1052"}],"curies":[{"name":"wp","href":"https:\/\/api.w.org\/{rel}","templated":true}]}}