{"id":3976,"date":"2024-09-16T16:05:26","date_gmt":"2024-09-16T14:05:26","guid":{"rendered":"https:\/\/www.astronomy.tours\/nadchodzace-wydarzenia\/"},"modified":"2024-10-04T14:12:27","modified_gmt":"2024-10-04T12:12:27","slug":"nadchodzace-wydarzenia","status":"publish","type":"page","link":"https:\/\/www.astronomy.tours\/pl\/nadchodzace-wydarzenia\/","title":{"rendered":"Nadchodz\u0105ce wydarzenia"},"content":{"rendered":"\t\t<div data-elementor-type=\"wp-page\" data-elementor-id=\"3976\" class=\"elementor elementor-3976 elementor-3864\" data-elementor-post-type=\"page\">\n\t\t\t\t<div class=\"elementor-element elementor-element-9856bac e-flex e-con-boxed e-con e-parent\" data-id=\"9856bac\" data-element_type=\"container\">\n\t\t\t\t\t<div class=\"e-con-inner\">\n\t\t\t\t<div class=\"elementor-element elementor-element-628e366 elementor-widget elementor-widget-heading\" data-id=\"628e366\" data-element_type=\"widget\" data-widget_type=\"heading.default\">\n\t\t\t\t<div class=\"elementor-widget-container\">\n\t\t\t<style>\/*! elementor - v3.22.0 - 17-06-2024 *\/\n.elementor-heading-title{padding:0;margin:0;line-height:1}.elementor-widget-heading .elementor-heading-title[class*=elementor-size-]>a{color:inherit;font-size:inherit;line-height:inherit}.elementor-widget-heading .elementor-heading-title.elementor-size-small{font-size:15px}.elementor-widget-heading .elementor-heading-title.elementor-size-medium{font-size:19px}.elementor-widget-heading .elementor-heading-title.elementor-size-large{font-size:29px}.elementor-widget-heading .elementor-heading-title.elementor-size-xl{font-size:39px}.elementor-widget-heading .elementor-heading-title.elementor-size-xxl{font-size:59px}<\/style><h1 class=\"elementor-heading-title elementor-size-default\">Przegl\u0105daj wszystkie wydarzenia<\/h1>\t\t<\/div>\n\t\t\t\t<\/div>\n\t\t\t\t<div class=\"elementor-element elementor-element-8dbeed4 elementor-widget elementor-widget-wp-travel-trip-search-form\" data-id=\"8dbeed4\" data-element_type=\"widget\" data-widget_type=\"wp-travel-trip-search-form.default\">\n\t\t\t\t<div class=\"elementor-widget-container\">\n\t\t\t\t\t\t<div class=\"wtwe-trips-search-wrapper\">\n\t\t\t\t\n\t\t\t\t<div class=\"wtwe-select-dropdown selectDropdown \">\n\t\t\t\t\t<select name=\"itinerary_types\" class=\"wtwe-search-widget-filters-input69e14addc63e2\" placeholder=\"Trips Type\">\n\t\t\t\t\t\t\t\t\t\t\t<option value=\"\">All<\/option>\n\t\t\t\t\t\t\t\t\t\t\t<option value=\"fotografia-pl\">Fotografia<\/option>\n\t\t\t\t\t\t\t\t\t\t\t<option value=\"jedzenie-i-napoje-wliczone-w-cene\">Jedzenie i napoje wliczone w cen\u0119<\/option>\n\t\t\t\t\t\t\t\t\t\t\t<option value=\"warsztat\">Warsztat<\/option>\n\t\t\t\t\t\t\t\t\t\t\t<option value=\"wycieczki-astronomiczne\">Wycieczki astronomiczne<\/option>\n\t\t\t\t\t\t\t\t\t\t\t<option value=\"wydarzenie\">Wydarzenie<\/option>\n\t\t\t\t\t\t\t\t\t\t\t<option value=\"wydarzenie-regularne\">Wydarzenie regularne<\/option>\n\t\t\t\t\t\t\t\t\t\t\t<option value=\"wydarzenie-specjalne\">Wydarzenie specjalne<\/option>\n\t\t\t\t\t\t\t\t\t\t<\/select>\n\t\t\t\t\t<ul class=\"wtwe-select-dropdown-box\">\n\t\t\t\t\t\t\t\t\t\t\t<li>\n\t\t\t\t\t\t\t<a>All<\/a>\n\t\t\t\t\t\t<\/li>\n\t\t\t\t\t\t\t\t\t\t\t<li>\n\t\t\t\t\t\t\t<a>Fotografia<\/a>\n\t\t\t\t\t\t<\/li>\n\t\t\t\t\t\t\t\t\t\t\t<li>\n\t\t\t\t\t\t\t<a>Jedzenie i napoje wliczone w cen\u0119<\/a>\n\t\t\t\t\t\t<\/li>\n\t\t\t\t\t\t\t\t\t\t\t<li>\n\t\t\t\t\t\t\t<a>Warsztat<\/a>\n\t\t\t\t\t\t<\/li>\n\t\t\t\t\t\t\t\t\t\t\t<li>\n\t\t\t\t\t\t\t<a>Wycieczki astronomiczne<\/a>\n\t\t\t\t\t\t<\/li>\n\t\t\t\t\t\t\t\t\t\t\t<li>\n\t\t\t\t\t\t\t<a>Wydarzenie<\/a>\n\t\t\t\t\t\t<\/li>\n\t\t\t\t\t\t\t\t\t\t\t<li>\n\t\t\t\t\t\t\t<a>Wydarzenie regularne<\/a>\n\t\t\t\t\t\t<\/li>\n\t\t\t\t\t\t\t\t\t\t\t<li>\n\t\t\t\t\t\t\t<a>Wydarzenie specjalne<\/a>\n\t\t\t\t\t\t<\/li>\n\t\t\t\t\t\t\t\t\t\t<\/ul>\n\t\t\t\t\t<div class=\"wtwe-select-wrapper wtwe-trips-type-selector\">\n\t\t\t\t\t\t\t\t\t\t\t\t<span class=\"wtwe-trip-type-selector-placeholder\">Trip Type<\/span>\n\t\t\t\t\t<\/div>\n\t\t\t\t<\/div>\n\n\t\t\t\t<div class=\"wtwe-select-dropdown selectDropdown wtwe-hidden\">\n\t\t\t\t\t<select name=\"travel_locations\" class=\"wtwe-trips-type-select wtwe-search-widget-filters-input69e14addc63e2\" placeholder=\"Destination\">\n\t\t\t\t\t\t\t\t\t\t<\/select>\n\t\t\t\t\t<ul class=\"wtwe-select-dropdown-box\">\n\t\t\t\t\t\t\t\t\t\t<\/ul>\n\t\t\t\t\t<div class=\"wtwe-select-wrapper wtwe-trips-destination-selector\">\n\t\t\t\t\t\t\t\t\t\t\t\t<span class=\"wtwe-trip-destination-selector-placeholder\">Destination<\/span>\n\t\t\t\t\t<\/div>\n\t\t\t\t<\/div>\n\n\t\t\t\t<div class=\"wtwe-select-dropdown filled \">\n\t\t\t\t\t<input name=\"wts\" type=\"text\" class=\"wtwe-select-wrapper wtwe-trips-search-input wtwe-search-widget-filters-input69e14addc63e2\" placeholder=\"E.g. Trekking\">\n\t\t\t\t<\/div>\n\n\t\t\t\t<input name=\"itinerary_results\" value=\"https:\/\/www.astronomy.tours?post_type=itineraries\" type=\"hidden\" class=\"wtwe-itinerary-archive-page-url\" \/>\n\t\t\t\t<input class=\"wtwe-search-widget-filters-input69e14addc63e2\" type=\"hidden\" name=\"_nonce\"  value=\"e40ddd27cb\" >\n\t\t\t\t<input class=\"wtwe-filter-data-index\" type=\"hidden\" data-index=\"69e14addc63e2\">\n\n\t\t\t\t<button class=\"wtwe-trips-search-btn \">\n\t\t\t\t\t\t\t\t\t\t<i class=\"fas fa-search\"><\/i>\n\t\t\t\t\t\t\t\t\t\t<span>Search<\/span>\n\t\t\t\t<\/button>\n\t\t\t<\/div>\n\t\t\t\t\t<\/div>\n\t\t\t\t<\/div>\n\t\t\t\t\t<\/div>\n\t\t\t\t<\/div>\n\t\t<div class=\"elementor-element elementor-element-7d26393a e-flex e-con-boxed e-con e-parent\" data-id=\"7d26393a\" data-element_type=\"container\">\n\t\t\t\t\t<div class=\"e-con-inner\">\n\t\t\t\t<div class=\"elementor-element elementor-element-52940ac7 elementor-widget elementor-widget-text-editor\" data-id=\"52940ac7\" data-element_type=\"widget\" data-widget_type=\"text-editor.default\">\n\t\t\t\t<div class=\"elementor-widget-container\">\n\t\t\t<style>\/*! elementor - v3.22.0 - 17-06-2024 *\/\n.elementor-widget-text-editor.elementor-drop-cap-view-stacked .elementor-drop-cap{background-color:#69727d;color:#fff}.elementor-widget-text-editor.elementor-drop-cap-view-framed .elementor-drop-cap{color:#69727d;border:3px solid;background-color:transparent}.elementor-widget-text-editor:not(.elementor-drop-cap-view-default) .elementor-drop-cap{margin-top:8px}.elementor-widget-text-editor:not(.elementor-drop-cap-view-default) .elementor-drop-cap-letter{width:1em;height:1em}.elementor-widget-text-editor .elementor-drop-cap{float:left;text-align:center;line-height:1;font-size:50px}.elementor-widget-text-editor .elementor-drop-cap-letter{display:inline-block}<\/style>\t\t\t\t\t\t<div class=\"wp-travel-itinerary-items\">\r\n\t\t\t\t\t\t\t\t<div class=\"wp-travel-itinerary-items wptravel-archive-wrapper  grid-view itinerary-3-per-row\" >\r\n\t\t\t\t\t\t\t<!-- Contents Here -->\r\n\t<div class=\"view-box\">\r\n\t\t<div class=\"view-image\">\r\n\t\t\t\t\t\t<a href=\"https:\/\/www.astronomy.tours\/pl\/itinerary\/wieczor-astronomiczny-tylko-dla-doroslych\/\" class=\"image-thumb\">\r\n\t\t\t\t<div class=\"image-overlay\"><\/div>\r\n\t\t\t\t<img fetchpriority=\"high\" decoding=\"async\" width=\"800\" height=\"800\" src=\"https:\/\/www.astronomy.tours\/wp-content\/uploads\/2024\/04\/Astronomy-Night-Adult-Only-1024x1024.webp\" class=\"attachment-large size-large wp-post-image\" alt=\"\" \/>\t\t\t<\/a>\r\n\t\t\t\t\t\t<div class=\"offer\">\r\n\t\t\t\t<span>#Astronomy Night &#8211; Adult Only<\/span>\r\n\t\t\t<\/div>\r\n\t\t\t\t\t<\/div>\r\n\r\n\t\t<div class=\"view-content\">\r\n\t\t\t<div class=\"left-content\">\r\n\t\t\t\t\t\t\t\t<header>\r\n\t\t\t\t\t\t\t\t\t\t<h2 class=\"entry-title\">\r\n\t\t\t\t\t\t<a class=\"heading-link\" href=\"https:\/\/www.astronomy.tours\/pl\/itinerary\/wieczor-astronomiczny-tylko-dla-doroslych\/\" rel=\"bookmark\" title=\"Permalink to: Noc astronomii &#8211; tylko dla doros\u0142ych\">\r\n\t\t\t\t\t\t\tNoc astronomii &#8211; tylko dla doros\u0142ych\t\t\t\t\t\t<\/a>\r\n\t\t\t\t\t<\/h2>\r\n\t\t\t\t\t<div class=\"favourite\"><a href=\"javascript:void(0);\" data-id=\"421\" data-event=\"add\" title=\"Please login to add your wishlists.\" class=\"wp-travel-add-to-wishlists\"><i class=\"far fa-bookmark\"><\/i> Please login to add your wishlists.<\/a><\/div>\t\t\t\t<\/header>\r\n\t\t\t\t\t\t\t\t<div class=\"trip-icons\">\r\n\t\t\t\t\t\t\t<div class=\"wp-travel-trip-time trip-duration\">\r\n\t\t\t<i class=\"far fa-calendar-alt\"><\/i>\t\t\t<span class=\"wp-travel-trip-duration\">\r\n\t\t\t\tN\/A\t\t\t<\/span>\r\n\t\t<\/div>\r\n\t\t\t\t\t\t\t<div class=\"trip-location\">\r\n\t\t\t\t\t\t<i class=\"fas fa-map-marker-alt\"><\/i>\t\t\t\t\t\t<span>\r\n\t\t\t\t\t\t\tN\/A\t\t\t\t\t\t<\/span>\r\n\t\t\t\t\t<\/div>\r\n\t\t\t\t\t<div class=\"group-size\">\r\n\t\t\t\t\t\t<i class=\"fas fa-users\"><\/i>\t\t\t\t\t\t<span>70<\/span>\r\n\t\t\t\t\t<\/div>\r\n\t\t\t\t<\/div>\r\n\t\t\t\t<div class=\"trip-desc\">\r\n\t\t\t\t\t<p>Wyrusz w czaruj\u0105c\u0105 podr\u00f3\u017c tylko dla doros\u0142ych podczas Nocy Astronomii!<br \/>\nDo\u0142\u0105cz do nas pod rozgwie\u017cd\u017conym niebem urzekaj\u0105cej Finca Astronomica na ekskluzywny wiecz\u00f3r pe\u0142en niebia\u0144skich cud\u00f3w, wyrafinowanych aktywno\u015bci i serdecznych spotka\u0144.<br \/>\nZarezerwuj swoje miejsce ju\u017c teraz i oddaj si\u0119 niezapomnianym kosmicznym prze\u017cyciom!<\/p>\n<p>Pocz\u0105tek wydarzenia: P\u00f3\u0142torej godziny przed zachodem s\u0142o\u0144ca, czas trwania 5 godzin.   <\/p>\n\t\t\t\t<\/div>\r\n\t\t\t<\/div>\r\n\t\t\t<div class=\"right-content\">\r\n\t\t\t\t<div class=\"footer-wrapper\">\r\n\t\t\t\t\t<div class=\"trip-price\">\r\n\t\t\t\t\t\t\t\t\t\t\t\t\t\t\t\t\t\t\t<span class=\"price-here\">\r\n\t\t\t\t\t\t\t\t\t\t\t<span class=\"wp-travel-trip-currency\">&#8364;<\/span><span class=\"wp-travel-trip-price-figure\">42.00<\/span>\r\n\t\t\t\t\t\t\t\t\t\t<\/span>\r\n\t\t\t\t\t\t\t\t\t\t\t\t\r\n\t\t\t\t\t<\/div>\r\n\t\t\t\t\t<div class=\"trip-rating\">\r\n\t\t\t\t\t\t\t\t\t\t\t<\/div>\r\n\t\t\t\t<\/div>\r\n\r\n\t\t\t\t\t\t\t\t\r\n\t\t\t\t<a class=\"wp-block-button__link explore-btn\" href=\"https:\/\/www.astronomy.tours\/pl\/itinerary\/wieczor-astronomiczny-tylko-dla-doroslych\/\"><span>Explore<\/span><\/a>\r\n\t\t\t<\/div>\r\n\t\t<\/div>\r\n\t<\/div>\r\n\r\n\t<!-- Contents Here -->\r\n\t<div class=\"view-box\">\r\n\t\t<div class=\"view-image\">\r\n\t\t\t\t\t\t<a href=\"https:\/\/www.astronomy.tours\/pl\/itinerary\/wieczor-astronomiczny\/\" class=\"image-thumb\">\r\n\t\t\t\t<div class=\"image-overlay\"><\/div>\r\n\t\t\t\t<img decoding=\"async\" width=\"800\" height=\"800\" src=\"https:\/\/www.astronomy.tours\/wp-content\/uploads\/2024\/04\/Astronomy-Night-1024x1024.webp\" class=\"attachment-large size-large wp-post-image\" alt=\"\" \/>\t\t\t<\/a>\r\n\t\t\t\t\t\t<div class=\"offer\">\r\n\t\t\t\t<span>#WT-CODE 2094<\/span>\r\n\t\t\t<\/div>\r\n\t\t\t\t\t<\/div>\r\n\r\n\t\t<div class=\"view-content\">\r\n\t\t\t<div class=\"left-content\">\r\n\t\t\t\t\t\t\t\t<header>\r\n\t\t\t\t\t\t\t\t\t\t<h2 class=\"entry-title\">\r\n\t\t\t\t\t\t<a class=\"heading-link\" href=\"https:\/\/www.astronomy.tours\/pl\/itinerary\/wieczor-astronomiczny\/\" rel=\"bookmark\" title=\"Permalink to: Wiecz\u00f3r astronomiczny\">\r\n\t\t\t\t\t\t\tWiecz\u00f3r astronomiczny\t\t\t\t\t\t<\/a>\r\n\t\t\t\t\t<\/h2>\r\n\t\t\t\t\t<div class=\"favourite\"><a href=\"javascript:void(0);\" data-id=\"2094\" data-event=\"add\" title=\"Please login to add your wishlists.\" class=\"wp-travel-add-to-wishlists\"><i class=\"far fa-bookmark\"><\/i> Please login to add your wishlists.<\/a><\/div>\t\t\t\t<\/header>\r\n\t\t\t\t\t\t\t\t<div class=\"trip-icons\">\r\n\t\t\t\t\t\t\t<div class=\"wp-travel-trip-time trip-duration\">\r\n\t\t\t<i class=\"far fa-calendar-alt\"><\/i>\t\t\t<span class=\"wp-travel-trip-duration\">\r\n\t\t\t\tN\/A\t\t\t<\/span>\r\n\t\t<\/div>\r\n\t\t\t\t\t\t\t<div class=\"trip-location\">\r\n\t\t\t\t\t\t<i class=\"fas fa-map-marker-alt\"><\/i>\t\t\t\t\t\t<span>\r\n\t\t\t\t\t\t\tN\/A\t\t\t\t\t\t<\/span>\r\n\t\t\t\t\t<\/div>\r\n\t\t\t\t\t<div class=\"group-size\">\r\n\t\t\t\t\t\t<i class=\"fas fa-users\"><\/i>\t\t\t\t\t\t<span>70<\/span>\r\n\t\t\t\t\t<\/div>\r\n\t\t\t\t<\/div>\r\n\t\t\t\t<div class=\"trip-desc\">\r\n\t\t\t\t\t<p>Odkryj magi\u0119 kosmosu pod gwia\u017adzistym niebem podczas naszego przyjaznego dla doros\u0142ych i dzieci Wieczoru Astronomicznego. Wy\u015bmienite jedzenie, fascynuj\u0105ce aktywno\u015bci i niezapomniane spotkania czekaj\u0105 na Ciebie na Fince Astronomicznej. Zarezerwuj ju\u017c teraz i prze\u017cyj wyj\u0105tkow\u0105 kosmiczn\u0105 przygod\u0119 odpowiedni\u0105 dla wszystkich wiek\u00f3w! \ud83c\udf0c\ud83d\udd2d\u2728<\/p>\n<p>Start wydarzenia: P\u00f3\u0142torej godziny przed zachodem s\u0142o\u0144ca, czas trwania 5 godzin.<\/p>\n<p><b>Ka\u017cda \u015broda i sobota<\/b><\/p>\n\t\t\t\t<\/div>\r\n\t\t\t<\/div>\r\n\t\t\t<div class=\"right-content\">\r\n\t\t\t\t<div class=\"footer-wrapper\">\r\n\t\t\t\t\t<div class=\"trip-price\">\r\n\t\t\t\t\t\t\t\t\t\t\t\t\t\t\t\t\t\t\t<span class=\"price-here\">\r\n\t\t\t\t\t\t\t\t\t\t\t<span class=\"wp-travel-trip-currency\">&#8364;<\/span><span class=\"wp-travel-trip-price-figure\">29.00<\/span>\r\n\t\t\t\t\t\t\t\t\t\t<\/span>\r\n\t\t\t\t\t\t\t\t\t\t\t\t\r\n\t\t\t\t\t<\/div>\r\n\t\t\t\t\t<div class=\"trip-rating\">\r\n\t\t\t\t\t\t\t\t\t\t\t<\/div>\r\n\t\t\t\t<\/div>\r\n\r\n\t\t\t\t\t\t\t\t\r\n\t\t\t\t<a class=\"wp-block-button__link explore-btn\" href=\"https:\/\/www.astronomy.tours\/pl\/itinerary\/wieczor-astronomiczny\/\"><span>Explore<\/span><\/a>\r\n\t\t\t<\/div>\r\n\t\t<\/div>\r\n\t<\/div>\r\n\r\n\t<!-- Contents Here -->\r\n\t<div class=\"view-box\">\r\n\t\t<div class=\"view-image\">\r\n\t\t\t\t\t\t<a href=\"https:\/\/www.astronomy.tours\/pl\/itinerary\/zacmienie-slonca-2026-zarezerwuj-swoje-miejsce-na-katamaranie-2\/\" class=\"image-thumb\">\r\n\t\t\t\t<div class=\"image-overlay\"><\/div>\r\n\t\t\t\t<img decoding=\"async\" width=\"800\" height=\"800\" src=\"https:\/\/www.astronomy.tours\/wp-content\/uploads\/2025\/08\/ChatGPT-Image-Aug-19-2025-06_10_29-PM.png\" class=\"attachment-large size-large wp-post-image\" alt=\"\" \/>\t\t\t<\/a>\r\n\t\t\t\t\t\t<div class=\"offer\">\r\n\t\t\t\t<span>#WT-CODE 5385<\/span>\r\n\t\t\t<\/div>\r\n\t\t\t\t\t<\/div>\r\n\r\n\t\t<div class=\"view-content\">\r\n\t\t\t<div class=\"left-content\">\r\n\t\t\t\t\t\t\t\t<header>\r\n\t\t\t\t\t\t\t\t\t\t<h2 class=\"entry-title\">\r\n\t\t\t\t\t\t<a class=\"heading-link\" href=\"https:\/\/www.astronomy.tours\/pl\/itinerary\/zacmienie-slonca-2026-zarezerwuj-swoje-miejsce-na-katamaranie-2\/\" rel=\"bookmark\" title=\"Permalink to: Za\u0107mienie S\u0142o\u0144ca 2026 \u2013 Zarezerwuj swoje miejsce na katamaranie\">\r\n\t\t\t\t\t\t\tZa\u0107mienie S\u0142o\u0144ca 2026 \u2013 Zarezerwuj swoje miejsce na katamaranie\t\t\t\t\t\t<\/a>\r\n\t\t\t\t\t<\/h2>\r\n\t\t\t\t\t<div class=\"favourite\"><a href=\"javascript:void(0);\" data-id=\"5385\" data-event=\"add\" title=\"Please login to add your wishlists.\" class=\"wp-travel-add-to-wishlists\"><i class=\"far fa-bookmark\"><\/i> Please login to add your wishlists.<\/a><\/div>\t\t\t\t<\/header>\r\n\t\t\t\t\t\t\t\t<div class=\"trip-icons\">\r\n\t\t\t\t\t\t\t<div class=\"wp-travel-trip-time trip-duration\">\r\n\t\t\t<i class=\"far fa-calendar-alt\"><\/i>\t\t\t<span class=\"wp-travel-trip-duration\">\r\n\t\t\t\t\t\t\t<\/span>\r\n\t\t<\/div>\r\n\t\t\t\t\t\t\t<div class=\"trip-location\">\r\n\t\t\t\t\t\t<i class=\"fas fa-map-marker-alt\"><\/i>\t\t\t\t\t\t<span>\r\n\t\t\t\t\t\t\tN\/A\t\t\t\t\t\t<\/span>\r\n\t\t\t\t\t<\/div>\r\n\t\t\t\t\t<div class=\"group-size\">\r\n\t\t\t\t\t\t<i class=\"fas fa-users\"><\/i>\t\t\t\t\t\t<span>1000<\/span>\r\n\t\t\t\t\t<\/div>\r\n\t\t\t\t<\/div>\r\n\t\t\t\t<div class=\"trip-desc\">\r\n\t\t\t\t\t<p>Za\u0107mienie S\u0142o\u0144ca \u2013 12 sierpnia 2026: Zobacz je z pok\u0142adu katamaranu na Morzu \u015ar\u00f3dziemnym.<br \/>\nPop\u0142y\u0144 ku za\u0107mieniu!<\/p>\n\t\t\t\t<\/div>\r\n\t\t\t<\/div>\r\n\t\t\t<div class=\"right-content\">\r\n\t\t\t\t<div class=\"footer-wrapper\">\r\n\t\t\t\t\t<div class=\"trip-price\">\r\n\t\t\t\t\t\t\t\t\t\t\t\t\t\t\t\t\t\t\t<span class=\"price-here\">\r\n\t\t\t\t\t\t\t\t\t\t\t<span class=\"wp-travel-trip-currency\">&#8364;<\/span><span class=\"wp-travel-trip-price-figure\">1.00<\/span>\r\n\t\t\t\t\t\t\t\t\t\t<\/span>\r\n\t\t\t\t\t\t\t\t\t\t\t\t\r\n\t\t\t\t\t<\/div>\r\n\t\t\t\t\t<div class=\"trip-rating\">\r\n\t\t\t\t\t\t\t\t\t\t\t\t\t<div class=\"wp-travel-average-review\">\r\n\t\t\t\t\t\t\t\t\t<div class=\"wp-travel-average-review\" title=\"Rated 0 out of 5\">\r\n\t\t<a>\r\n\t\t\t<span style=\"width:0%\">\r\n\t\t\t\t<strong itemprop=\"ratingValue\" class=\"rating\">0<\/strong> out of <span itemprop=\"bestRating\">5<\/span>\t\t\t<\/span>\r\n\t\t<\/a>\r\n\r\n\t<\/div>\r\n\t\t\t\t\t\t\t\t\t\t\t\t\t\t\t\t<\/div>\r\n\t\t\t\t\t\t\t<span class=\"wp-travel-review-text\"> (0 Reviews)<\/span>\r\n\t\t\t\t\t\t\t\t\t\t\t<\/div>\r\n\t\t\t\t<\/div>\r\n\r\n\t\t\t\t\t\t\t\t\r\n\t\t\t\t<a class=\"wp-block-button__link explore-btn\" href=\"https:\/\/www.astronomy.tours\/pl\/itinerary\/zacmienie-slonca-2026-zarezerwuj-swoje-miejsce-na-katamaranie-2\/\"><span>Explore<\/span><\/a>\r\n\t\t\t<\/div>\r\n\t\t<\/div>\r\n\t<\/div>\r\n\r\n\t\t\t\t\t<\/div>\r\n\t\t\t\t\t\t\t\t\t<\/div>\r\n\t\t\n<p> <\/p>\t\t\t\t\t\t<\/div>\n\t\t\t\t<\/div>\n\t\t\t\t\t<\/div>\n\t\t\t\t<\/div>\n\t\t\t\t<\/div>\n\t\t","protected":false},"excerpt":{"rendered":"<p>Przegl\u0105daj wszystkie wydarzenia AllAstronomical ToursEventFood and drinks includedPhotographyRegular eventSpecial eventWorkshop All Astronomical Tours Event Food and drinks included Photography Regular event Special event&#8230;<\/p>\n","protected":false},"author":5,"featured_media":0,"parent":0,"menu_order":0,"comment_status":"closed","ping_status":"closed","template":"","meta":{"footnotes":""},"class_list":["post-3976","page","type-page","status-publish","hentry"],"yoast_head":"<!-- This site is optimized with the Yoast SEO plugin v25.3 - https:\/\/yoast.com\/wordpress\/plugins\/seo\/ -->\n<title>Nadchodz\u0105ce wydarzenia - Astronomy Tours<\/title>\n<meta name=\"robots\" content=\"index, follow, max-snippet:-1, max-image-preview:large, max-video-preview:-1\" \/>\n<link rel=\"canonical\" href=\"https:\/\/www.astronomy.tours\/pl\/nadchodzace-wydarzenia\/\" \/>\n<meta property=\"og:locale\" content=\"pl_PL\" \/>\n<meta property=\"og:type\" content=\"article\" \/>\n<meta property=\"og:title\" content=\"Nadchodz\u0105ce wydarzenia - Astronomy Tours\" \/>\n<meta property=\"og:description\" content=\"Przegl\u0105daj wszystkie wydarzenia AllAstronomical ToursEventFood and drinks includedPhotographyRegular eventSpecial eventWorkshop All Astronomical Tours Event Food and drinks included Photography Regular event Special event...\" \/>\n<meta property=\"og:url\" content=\"https:\/\/www.astronomy.tours\/pl\/nadchodzace-wydarzenia\/\" \/>\n<meta property=\"og:site_name\" content=\"Astronomy Tours\" \/>\n<meta property=\"article:publisher\" content=\"https:\/\/www.facebook.com\/astronomy.tours\/\" \/>\n<meta property=\"article:modified_time\" content=\"2024-10-04T12:12:27+00:00\" \/>\n<meta name=\"twitter:card\" content=\"summary_large_image\" \/>\n<script type=\"application\/ld+json\" class=\"yoast-schema-graph\">{\"@context\":\"https:\/\/schema.org\",\"@graph\":[{\"@type\":\"WebPage\",\"@id\":\"https:\/\/www.astronomy.tours\/pl\/nadchodzace-wydarzenia\/\",\"url\":\"https:\/\/www.astronomy.tours\/pl\/nadchodzace-wydarzenia\/\",\"name\":\"Nadchodz\u0105ce wydarzenia - Astronomy Tours\",\"isPartOf\":{\"@id\":\"https:\/\/www.astronomy.tours\/#website\"},\"datePublished\":\"2024-09-16T14:05:26+00:00\",\"dateModified\":\"2024-10-04T12:12:27+00:00\",\"breadcrumb\":{\"@id\":\"https:\/\/www.astronomy.tours\/pl\/nadchodzace-wydarzenia\/#breadcrumb\"},\"inLanguage\":\"pl-PL\",\"potentialAction\":[{\"@type\":\"ReadAction\",\"target\":[\"https:\/\/www.astronomy.tours\/pl\/nadchodzace-wydarzenia\/\"]}]},{\"@type\":\"BreadcrumbList\",\"@id\":\"https:\/\/www.astronomy.tours\/pl\/nadchodzace-wydarzenia\/#breadcrumb\",\"itemListElement\":[{\"@type\":\"ListItem\",\"position\":1,\"name\":\"Home\",\"item\":\"https:\/\/www.astronomy.tours\/pl\/\"},{\"@type\":\"ListItem\",\"position\":2,\"name\":\"Nadchodz\u0105ce wydarzenia\"}]},{\"@type\":\"WebSite\",\"@id\":\"https:\/\/www.astronomy.tours\/#website\",\"url\":\"https:\/\/www.astronomy.tours\/\",\"name\":\"Astronomy Tours\",\"description\":\"Astronomical tours\",\"publisher\":{\"@id\":\"https:\/\/www.astronomy.tours\/#organization\"},\"potentialAction\":[{\"@type\":\"SearchAction\",\"target\":{\"@type\":\"EntryPoint\",\"urlTemplate\":\"https:\/\/www.astronomy.tours\/?s={search_term_string}\"},\"query-input\":{\"@type\":\"PropertyValueSpecification\",\"valueRequired\":true,\"valueName\":\"search_term_string\"}}],\"inLanguage\":\"pl-PL\"},{\"@type\":\"Organization\",\"@id\":\"https:\/\/www.astronomy.tours\/#organization\",\"name\":\"Astronomy Tours S.COOP\",\"url\":\"https:\/\/www.astronomy.tours\/\",\"logo\":{\"@type\":\"ImageObject\",\"inLanguage\":\"pl-PL\",\"@id\":\"https:\/\/www.astronomy.tours\/#\/schema\/logo\/image\/\",\"url\":\"https:\/\/www.astronomy.tours\/wp-content\/uploads\/2026\/02\/logo-astronomy-tours-black-small.png\",\"contentUrl\":\"https:\/\/www.astronomy.tours\/wp-content\/uploads\/2026\/02\/logo-astronomy-tours-black-small.png\",\"width\":2000,\"height\":740,\"caption\":\"Astronomy Tours S.COOP\"},\"image\":{\"@id\":\"https:\/\/www.astronomy.tours\/#\/schema\/logo\/image\/\"},\"sameAs\":[\"https:\/\/www.facebook.com\/astronomy.tours\/\",\"https:\/\/www.instagram.com\/astronomytours\/?hl=en\"]}]}<\/script>\n<!-- \/ Yoast SEO plugin. -->","yoast_head_json":{"title":"Nadchodz\u0105ce wydarzenia - Astronomy Tours","robots":{"index":"index","follow":"follow","max-snippet":"max-snippet:-1","max-image-preview":"max-image-preview:large","max-video-preview":"max-video-preview:-1"},"canonical":"https:\/\/www.astronomy.tours\/pl\/nadchodzace-wydarzenia\/","og_locale":"pl_PL","og_type":"article","og_title":"Nadchodz\u0105ce wydarzenia - Astronomy Tours","og_description":"Przegl\u0105daj wszystkie wydarzenia AllAstronomical ToursEventFood and drinks includedPhotographyRegular eventSpecial eventWorkshop All Astronomical Tours Event Food and drinks included Photography Regular event Special event...","og_url":"https:\/\/www.astronomy.tours\/pl\/nadchodzace-wydarzenia\/","og_site_name":"Astronomy Tours","article_publisher":"https:\/\/www.facebook.com\/astronomy.tours\/","article_modified_time":"2024-10-04T12:12:27+00:00","twitter_card":"summary_large_image","schema":{"@context":"https:\/\/schema.org","@graph":[{"@type":"WebPage","@id":"https:\/\/www.astronomy.tours\/pl\/nadchodzace-wydarzenia\/","url":"https:\/\/www.astronomy.tours\/pl\/nadchodzace-wydarzenia\/","name":"Nadchodz\u0105ce wydarzenia - Astronomy Tours","isPartOf":{"@id":"https:\/\/www.astronomy.tours\/#website"},"datePublished":"2024-09-16T14:05:26+00:00","dateModified":"2024-10-04T12:12:27+00:00","breadcrumb":{"@id":"https:\/\/www.astronomy.tours\/pl\/nadchodzace-wydarzenia\/#breadcrumb"},"inLanguage":"pl-PL","potentialAction":[{"@type":"ReadAction","target":["https:\/\/www.astronomy.tours\/pl\/nadchodzace-wydarzenia\/"]}]},{"@type":"BreadcrumbList","@id":"https:\/\/www.astronomy.tours\/pl\/nadchodzace-wydarzenia\/#breadcrumb","itemListElement":[{"@type":"ListItem","position":1,"name":"Home","item":"https:\/\/www.astronomy.tours\/pl\/"},{"@type":"ListItem","position":2,"name":"Nadchodz\u0105ce wydarzenia"}]},{"@type":"WebSite","@id":"https:\/\/www.astronomy.tours\/#website","url":"https:\/\/www.astronomy.tours\/","name":"Astronomy Tours","description":"Astronomical tours","publisher":{"@id":"https:\/\/www.astronomy.tours\/#organization"},"potentialAction":[{"@type":"SearchAction","target":{"@type":"EntryPoint","urlTemplate":"https:\/\/www.astronomy.tours\/?s={search_term_string}"},"query-input":{"@type":"PropertyValueSpecification","valueRequired":true,"valueName":"search_term_string"}}],"inLanguage":"pl-PL"},{"@type":"Organization","@id":"https:\/\/www.astronomy.tours\/#organization","name":"Astronomy Tours S.COOP","url":"https:\/\/www.astronomy.tours\/","logo":{"@type":"ImageObject","inLanguage":"pl-PL","@id":"https:\/\/www.astronomy.tours\/#\/schema\/logo\/image\/","url":"https:\/\/www.astronomy.tours\/wp-content\/uploads\/2026\/02\/logo-astronomy-tours-black-small.png","contentUrl":"https:\/\/www.astronomy.tours\/wp-content\/uploads\/2026\/02\/logo-astronomy-tours-black-small.png","width":2000,"height":740,"caption":"Astronomy Tours S.COOP"},"image":{"@id":"https:\/\/www.astronomy.tours\/#\/schema\/logo\/image\/"},"sameAs":["https:\/\/www.facebook.com\/astronomy.tours\/","https:\/\/www.instagram.com\/astronomytours\/?hl=en"]}]}},"_links":{"self":[{"href":"https:\/\/www.astronomy.tours\/pl\/wp-json\/wp\/v2\/pages\/3976","targetHints":{"allow":["GET"]}}],"collection":[{"href":"https:\/\/www.astronomy.tours\/pl\/wp-json\/wp\/v2\/pages"}],"about":[{"href":"https:\/\/www.astronomy.tours\/pl\/wp-json\/wp\/v2\/types\/page"}],"author":[{"embeddable":true,"href":"https:\/\/www.astronomy.tours\/pl\/wp-json\/wp\/v2\/users\/5"}],"replies":[{"embeddable":true,"href":"https:\/\/www.astronomy.tours\/pl\/wp-json\/wp\/v2\/comments?post=3976"}],"version-history":[{"count":3,"href":"https:\/\/www.astronomy.tours\/pl\/wp-json\/wp\/v2\/pages\/3976\/revisions"}],"predecessor-version":[{"id":3979,"href":"https:\/\/www.astronomy.tours\/pl\/wp-json\/wp\/v2\/pages\/3976\/revisions\/3979"}],"wp:attachment":[{"href":"https:\/\/www.astronomy.tours\/pl\/wp-json\/wp\/v2\/media?parent=3976"}],"curies":[{"name":"wp","href":"https:\/\/api.w.org\/{rel}","templated":true}]}}