{"id":2082,"date":"2024-05-09T10:55:09","date_gmt":"2024-05-09T08:55:09","guid":{"rendered":"https:\/\/astronomy-new.imoli.com.pl\/wydarzenia\/regularne-wydarzenia\/"},"modified":"2024-10-08T01:00:06","modified_gmt":"2024-10-07T23:00:06","slug":"regularne-wydarzenia","status":"publish","type":"page","link":"https:\/\/www.astronomy.tours\/pl\/wydarzenia\/regularne-wydarzenia\/","title":{"rendered":"Regularne wydarzenia"},"content":{"rendered":"\t\t<div data-elementor-type=\"wp-page\" data-elementor-id=\"2082\" class=\"elementor elementor-2082 elementor-2070\" data-elementor-post-type=\"page\">\n\t\t\t\t<div class=\"elementor-element elementor-element-9c04767 e-flex e-con-boxed e-con e-parent\" data-id=\"9c04767\" data-element_type=\"container\">\n\t\t\t\t\t<div class=\"e-con-inner\">\n\t\t<div class=\"elementor-element elementor-element-606e374 e-flex e-con-boxed e-con e-child\" data-id=\"606e374\" data-element_type=\"container\">\n\t\t\t\t\t<div class=\"e-con-inner\">\n\t\t\t\t\t<\/div>\n\t\t\t\t<\/div>\n\t\t<div class=\"elementor-element elementor-element-94a06c3 e-con-full e-flex e-con e-child\" data-id=\"94a06c3\" data-element_type=\"container\">\n\t\t\t\t<div class=\"elementor-element elementor-element-259b68b elementor-widget elementor-widget-text-editor\" data-id=\"259b68b\" data-element_type=\"widget\" data-widget_type=\"text-editor.default\">\n\t\t\t\t<div class=\"elementor-widget-container\">\n\t\t\t<style>\/*! elementor - v3.22.0 - 17-06-2024 *\/\n.elementor-widget-text-editor.elementor-drop-cap-view-stacked .elementor-drop-cap{background-color:#69727d;color:#fff}.elementor-widget-text-editor.elementor-drop-cap-view-framed .elementor-drop-cap{color:#69727d;border:3px solid;background-color:transparent}.elementor-widget-text-editor:not(.elementor-drop-cap-view-default) .elementor-drop-cap{margin-top:8px}.elementor-widget-text-editor:not(.elementor-drop-cap-view-default) .elementor-drop-cap-letter{width:1em;height:1em}.elementor-widget-text-editor .elementor-drop-cap{float:left;text-align:center;line-height:1;font-size:50px}.elementor-widget-text-editor .elementor-drop-cap-letter{display:inline-block}<\/style>\t\t\t\t\t\t<div class=\"wp-travel-itinerary-items\">\r\n\t\t\t\t\t\t\t\t<div class=\"wp-travel-itinerary-items wptravel-archive-wrapper  grid-view itinerary-3-per-row\" >\r\n\t\t\t\t\t\t\t<!-- Contents Here -->\r\n\t<div class=\"view-box\">\r\n\t\t<div class=\"view-image\">\r\n\t\t\t\t\t\t<a href=\"https:\/\/www.astronomy.tours\/pl\/itinerary\/wieczor-astronomiczny-tylko-dla-doroslych\/\" class=\"image-thumb\">\r\n\t\t\t\t<div class=\"image-overlay\"><\/div>\r\n\t\t\t\t<img fetchpriority=\"high\" decoding=\"async\" width=\"800\" height=\"800\" src=\"https:\/\/www.astronomy.tours\/wp-content\/uploads\/2024\/04\/Astronomy-Night-Adult-Only-1024x1024.webp\" class=\"attachment-large size-large wp-post-image\" alt=\"\" \/>\t\t\t<\/a>\r\n\t\t\t\t\t\t<div class=\"offer\">\r\n\t\t\t\t<span>#Astronomy Night &#8211; Adult Only<\/span>\r\n\t\t\t<\/div>\r\n\t\t\t\t\t<\/div>\r\n\r\n\t\t<div class=\"view-content\">\r\n\t\t\t<div class=\"left-content\">\r\n\t\t\t\t\t\t\t\t<header>\r\n\t\t\t\t\t\t\t\t\t\t<h2 class=\"entry-title\">\r\n\t\t\t\t\t\t<a class=\"heading-link\" href=\"https:\/\/www.astronomy.tours\/pl\/itinerary\/wieczor-astronomiczny-tylko-dla-doroslych\/\" rel=\"bookmark\" title=\"Permalink to: Noc astronomii &#8211; tylko dla doros\u0142ych\">\r\n\t\t\t\t\t\t\tNoc astronomii &#8211; tylko dla doros\u0142ych\t\t\t\t\t\t<\/a>\r\n\t\t\t\t\t<\/h2>\r\n\t\t\t\t\t<div class=\"favourite\"><a href=\"javascript:void(0);\" data-id=\"421\" data-event=\"add\" title=\"Please login to add your wishlists.\" class=\"wp-travel-add-to-wishlists\"><i class=\"far fa-bookmark\"><\/i> Please login to add your wishlists.<\/a><\/div>\t\t\t\t<\/header>\r\n\t\t\t\t\t\t\t\t<div class=\"trip-icons\">\r\n\t\t\t\t\t\t\t<div class=\"wp-travel-trip-time trip-duration\">\r\n\t\t\t<i class=\"far fa-calendar-alt\"><\/i>\t\t\t<span class=\"wp-travel-trip-duration\">\r\n\t\t\t\tN\/A\t\t\t<\/span>\r\n\t\t<\/div>\r\n\t\t\t\t\t\t\t<div class=\"trip-location\">\r\n\t\t\t\t\t\t<i class=\"fas fa-map-marker-alt\"><\/i>\t\t\t\t\t\t<span>\r\n\t\t\t\t\t\t\tN\/A\t\t\t\t\t\t<\/span>\r\n\t\t\t\t\t<\/div>\r\n\t\t\t\t\t<div class=\"group-size\">\r\n\t\t\t\t\t\t<i class=\"fas fa-users\"><\/i>\t\t\t\t\t\t<span>70<\/span>\r\n\t\t\t\t\t<\/div>\r\n\t\t\t\t<\/div>\r\n\t\t\t\t<div class=\"trip-desc\">\r\n\t\t\t\t\t<p>Wyrusz w czaruj\u0105c\u0105 podr\u00f3\u017c tylko dla doros\u0142ych podczas Nocy Astronomii!<br \/>\nDo\u0142\u0105cz do nas pod rozgwie\u017cd\u017conym niebem urzekaj\u0105cej Finca Astronomica na ekskluzywny wiecz\u00f3r pe\u0142en niebia\u0144skich cud\u00f3w, wyrafinowanych aktywno\u015bci i serdecznych spotka\u0144.<br \/>\nZarezerwuj swoje miejsce ju\u017c teraz i oddaj si\u0119 niezapomnianym kosmicznym prze\u017cyciom!<\/p>\n<p>Pocz\u0105tek wydarzenia: P\u00f3\u0142torej godziny przed zachodem s\u0142o\u0144ca, czas trwania 5 godzin.   <\/p>\n\t\t\t\t<\/div>\r\n\t\t\t<\/div>\r\n\t\t\t<div class=\"right-content\">\r\n\t\t\t\t<div class=\"footer-wrapper\">\r\n\t\t\t\t\t<div class=\"trip-price\">\r\n\t\t\t\t\t\t\t\t\t\t\t\t\t\t\t\t\t\t\t<span class=\"price-here\">\r\n\t\t\t\t\t\t\t\t\t\t\t<span class=\"wp-travel-trip-currency\">&#8364;<\/span><span class=\"wp-travel-trip-price-figure\">42.00<\/span>\r\n\t\t\t\t\t\t\t\t\t\t<\/span>\r\n\t\t\t\t\t\t\t\t\t\t\t\t\r\n\t\t\t\t\t<\/div>\r\n\t\t\t\t\t<div class=\"trip-rating\">\r\n\t\t\t\t\t\t\t\t\t\t\t<\/div>\r\n\t\t\t\t<\/div>\r\n\r\n\t\t\t\t\t\t\t\t\r\n\t\t\t\t<a class=\"wp-block-button__link explore-btn\" href=\"https:\/\/www.astronomy.tours\/pl\/itinerary\/wieczor-astronomiczny-tylko-dla-doroslych\/\"><span>Explore<\/span><\/a>\r\n\t\t\t<\/div>\r\n\t\t<\/div>\r\n\t<\/div>\r\n\r\n\t<!-- Contents Here -->\r\n\t<div class=\"view-box\">\r\n\t\t<div class=\"view-image\">\r\n\t\t\t\t\t\t<a href=\"https:\/\/www.astronomy.tours\/pl\/itinerary\/wieczor-astronomiczny\/\" class=\"image-thumb\">\r\n\t\t\t\t<div class=\"image-overlay\"><\/div>\r\n\t\t\t\t<img decoding=\"async\" width=\"800\" height=\"800\" src=\"https:\/\/www.astronomy.tours\/wp-content\/uploads\/2024\/04\/Astronomy-Night-1024x1024.webp\" class=\"attachment-large size-large wp-post-image\" alt=\"\" \/>\t\t\t<\/a>\r\n\t\t\t\t\t\t<div class=\"offer\">\r\n\t\t\t\t<span>#WT-CODE 2094<\/span>\r\n\t\t\t<\/div>\r\n\t\t\t\t\t<\/div>\r\n\r\n\t\t<div class=\"view-content\">\r\n\t\t\t<div class=\"left-content\">\r\n\t\t\t\t\t\t\t\t<header>\r\n\t\t\t\t\t\t\t\t\t\t<h2 class=\"entry-title\">\r\n\t\t\t\t\t\t<a class=\"heading-link\" href=\"https:\/\/www.astronomy.tours\/pl\/itinerary\/wieczor-astronomiczny\/\" rel=\"bookmark\" title=\"Permalink to: Wiecz\u00f3r astronomiczny\">\r\n\t\t\t\t\t\t\tWiecz\u00f3r astronomiczny\t\t\t\t\t\t<\/a>\r\n\t\t\t\t\t<\/h2>\r\n\t\t\t\t\t<div class=\"favourite\"><a href=\"javascript:void(0);\" data-id=\"2094\" data-event=\"add\" title=\"Please login to add your wishlists.\" class=\"wp-travel-add-to-wishlists\"><i class=\"far fa-bookmark\"><\/i> Please login to add your wishlists.<\/a><\/div>\t\t\t\t<\/header>\r\n\t\t\t\t\t\t\t\t<div class=\"trip-icons\">\r\n\t\t\t\t\t\t\t<div class=\"wp-travel-trip-time trip-duration\">\r\n\t\t\t<i class=\"far fa-calendar-alt\"><\/i>\t\t\t<span class=\"wp-travel-trip-duration\">\r\n\t\t\t\tN\/A\t\t\t<\/span>\r\n\t\t<\/div>\r\n\t\t\t\t\t\t\t<div class=\"trip-location\">\r\n\t\t\t\t\t\t<i class=\"fas fa-map-marker-alt\"><\/i>\t\t\t\t\t\t<span>\r\n\t\t\t\t\t\t\tN\/A\t\t\t\t\t\t<\/span>\r\n\t\t\t\t\t<\/div>\r\n\t\t\t\t\t<div class=\"group-size\">\r\n\t\t\t\t\t\t<i class=\"fas fa-users\"><\/i>\t\t\t\t\t\t<span>70<\/span>\r\n\t\t\t\t\t<\/div>\r\n\t\t\t\t<\/div>\r\n\t\t\t\t<div class=\"trip-desc\">\r\n\t\t\t\t\t<p>Odkryj magi\u0119 kosmosu pod gwia\u017adzistym niebem podczas naszego przyjaznego dla doros\u0142ych i dzieci Wieczoru Astronomicznego. Wy\u015bmienite jedzenie, fascynuj\u0105ce aktywno\u015bci i niezapomniane spotkania czekaj\u0105 na Ciebie na Fince Astronomicznej. Zarezerwuj ju\u017c teraz i prze\u017cyj wyj\u0105tkow\u0105 kosmiczn\u0105 przygod\u0119 odpowiedni\u0105 dla wszystkich wiek\u00f3w! \ud83c\udf0c\ud83d\udd2d\u2728<\/p>\n<p>Start wydarzenia: P\u00f3\u0142torej godziny przed zachodem s\u0142o\u0144ca, czas trwania 5 godzin.<\/p>\n<p><b>Ka\u017cda \u015broda i sobota<\/b><\/p>\n\t\t\t\t<\/div>\r\n\t\t\t<\/div>\r\n\t\t\t<div class=\"right-content\">\r\n\t\t\t\t<div class=\"footer-wrapper\">\r\n\t\t\t\t\t<div class=\"trip-price\">\r\n\t\t\t\t\t\t\t\t\t\t\t\t\t\t\t\t\t\t\t<span class=\"price-here\">\r\n\t\t\t\t\t\t\t\t\t\t\t<span class=\"wp-travel-trip-currency\">&#8364;<\/span><span class=\"wp-travel-trip-price-figure\">29.00<\/span>\r\n\t\t\t\t\t\t\t\t\t\t<\/span>\r\n\t\t\t\t\t\t\t\t\t\t\t\t\r\n\t\t\t\t\t<\/div>\r\n\t\t\t\t\t<div class=\"trip-rating\">\r\n\t\t\t\t\t\t\t\t\t\t\t<\/div>\r\n\t\t\t\t<\/div>\r\n\r\n\t\t\t\t\t\t\t\t\r\n\t\t\t\t<a class=\"wp-block-button__link explore-btn\" href=\"https:\/\/www.astronomy.tours\/pl\/itinerary\/wieczor-astronomiczny\/\"><span>Explore<\/span><\/a>\r\n\t\t\t<\/div>\r\n\t\t<\/div>\r\n\t<\/div>\r\n\r\n\t\t\t\t\t<\/div>\r\n\t\t\t\t\t\t\t\t\t<\/div>\r\n\t\t\t\t\t\t\t\t<\/div>\n\t\t\t\t<\/div>\n\t\t\t\t<\/div>\n\t\t\t\t\t<\/div>\n\t\t\t\t<\/div>\n\t\t\t\t<\/div>\n\t\t","protected":false},"excerpt":{"rendered":"","protected":false},"author":2,"featured_media":0,"parent":472,"menu_order":0,"comment_status":"closed","ping_status":"closed","template":"","meta":{"footnotes":""},"class_list":["post-2082","page","type-page","status-publish","hentry"],"yoast_head":"<!-- This site is optimized with the Yoast SEO plugin v25.3 - https:\/\/yoast.com\/wordpress\/plugins\/seo\/ -->\n<title>Regularne wydarzenia - Astronomy Tours<\/title>\n<meta name=\"robots\" content=\"index, follow, max-snippet:-1, max-image-preview:large, max-video-preview:-1\" \/>\n<link rel=\"canonical\" href=\"https:\/\/www.astronomy.tours\/events\/regular-events\/\" \/>\n<meta property=\"og:locale\" content=\"pl_PL\" \/>\n<meta property=\"og:type\" content=\"article\" \/>\n<meta property=\"og:title\" content=\"Regularne wydarzenia - Astronomy Tours\" \/>\n<meta property=\"og:url\" content=\"https:\/\/www.astronomy.tours\/events\/regular-events\/\" \/>\n<meta property=\"og:site_name\" content=\"Astronomy Tours\" \/>\n<meta property=\"article:publisher\" content=\"https:\/\/www.facebook.com\/astronomy.tours\/\" \/>\n<meta property=\"article:modified_time\" content=\"2024-10-07T23:00:06+00:00\" \/>\n<meta name=\"twitter:card\" content=\"summary_large_image\" \/>\n<script type=\"application\/ld+json\" class=\"yoast-schema-graph\">{\"@context\":\"https:\/\/schema.org\",\"@graph\":[{\"@type\":\"WebPage\",\"@id\":\"https:\/\/www.astronomy.tours\/events\/regular-events\/\",\"url\":\"https:\/\/www.astronomy.tours\/events\/regular-events\/\",\"name\":\"Regularne wydarzenia - Astronomy Tours\",\"isPartOf\":{\"@id\":\"https:\/\/www.astronomy.tours\/#website\"},\"datePublished\":\"2024-05-09T08:55:09+00:00\",\"dateModified\":\"2024-10-07T23:00:06+00:00\",\"breadcrumb\":{\"@id\":\"https:\/\/www.astronomy.tours\/events\/regular-events\/#breadcrumb\"},\"inLanguage\":\"pl-PL\",\"potentialAction\":[{\"@type\":\"ReadAction\",\"target\":[\"https:\/\/www.astronomy.tours\/events\/regular-events\/\"]}]},{\"@type\":\"BreadcrumbList\",\"@id\":\"https:\/\/www.astronomy.tours\/events\/regular-events\/#breadcrumb\",\"itemListElement\":[{\"@type\":\"ListItem\",\"position\":1,\"name\":\"Home\",\"item\":\"https:\/\/www.astronomy.tours\/pl\/\"},{\"@type\":\"ListItem\",\"position\":2,\"name\":\"Wydarzenia\",\"item\":\"https:\/\/www.astronomy.tours\/events\/\"},{\"@type\":\"ListItem\",\"position\":3,\"name\":\"Regularne wydarzenia\"}]},{\"@type\":\"WebSite\",\"@id\":\"https:\/\/www.astronomy.tours\/#website\",\"url\":\"https:\/\/www.astronomy.tours\/\",\"name\":\"Astronomy Tours\",\"description\":\"Astronomical tours\",\"publisher\":{\"@id\":\"https:\/\/www.astronomy.tours\/#organization\"},\"potentialAction\":[{\"@type\":\"SearchAction\",\"target\":{\"@type\":\"EntryPoint\",\"urlTemplate\":\"https:\/\/www.astronomy.tours\/?s={search_term_string}\"},\"query-input\":{\"@type\":\"PropertyValueSpecification\",\"valueRequired\":true,\"valueName\":\"search_term_string\"}}],\"inLanguage\":\"pl-PL\"},{\"@type\":\"Organization\",\"@id\":\"https:\/\/www.astronomy.tours\/#organization\",\"name\":\"Astronomy Tours S.COOP\",\"url\":\"https:\/\/www.astronomy.tours\/\",\"logo\":{\"@type\":\"ImageObject\",\"inLanguage\":\"pl-PL\",\"@id\":\"https:\/\/www.astronomy.tours\/#\/schema\/logo\/image\/\",\"url\":\"https:\/\/www.astronomy.tours\/wp-content\/uploads\/2026\/02\/logo-astronomy-tours-black-small.png\",\"contentUrl\":\"https:\/\/www.astronomy.tours\/wp-content\/uploads\/2026\/02\/logo-astronomy-tours-black-small.png\",\"width\":2000,\"height\":740,\"caption\":\"Astronomy Tours S.COOP\"},\"image\":{\"@id\":\"https:\/\/www.astronomy.tours\/#\/schema\/logo\/image\/\"},\"sameAs\":[\"https:\/\/www.facebook.com\/astronomy.tours\/\",\"https:\/\/www.instagram.com\/astronomytours\/?hl=en\"]}]}<\/script>\n<!-- \/ Yoast SEO plugin. -->","yoast_head_json":{"title":"Regularne wydarzenia - Astronomy Tours","robots":{"index":"index","follow":"follow","max-snippet":"max-snippet:-1","max-image-preview":"max-image-preview:large","max-video-preview":"max-video-preview:-1"},"canonical":"https:\/\/www.astronomy.tours\/events\/regular-events\/","og_locale":"pl_PL","og_type":"article","og_title":"Regularne wydarzenia - Astronomy Tours","og_url":"https:\/\/www.astronomy.tours\/events\/regular-events\/","og_site_name":"Astronomy Tours","article_publisher":"https:\/\/www.facebook.com\/astronomy.tours\/","article_modified_time":"2024-10-07T23:00:06+00:00","twitter_card":"summary_large_image","schema":{"@context":"https:\/\/schema.org","@graph":[{"@type":"WebPage","@id":"https:\/\/www.astronomy.tours\/events\/regular-events\/","url":"https:\/\/www.astronomy.tours\/events\/regular-events\/","name":"Regularne wydarzenia - Astronomy Tours","isPartOf":{"@id":"https:\/\/www.astronomy.tours\/#website"},"datePublished":"2024-05-09T08:55:09+00:00","dateModified":"2024-10-07T23:00:06+00:00","breadcrumb":{"@id":"https:\/\/www.astronomy.tours\/events\/regular-events\/#breadcrumb"},"inLanguage":"pl-PL","potentialAction":[{"@type":"ReadAction","target":["https:\/\/www.astronomy.tours\/events\/regular-events\/"]}]},{"@type":"BreadcrumbList","@id":"https:\/\/www.astronomy.tours\/events\/regular-events\/#breadcrumb","itemListElement":[{"@type":"ListItem","position":1,"name":"Home","item":"https:\/\/www.astronomy.tours\/pl\/"},{"@type":"ListItem","position":2,"name":"Wydarzenia","item":"https:\/\/www.astronomy.tours\/events\/"},{"@type":"ListItem","position":3,"name":"Regularne wydarzenia"}]},{"@type":"WebSite","@id":"https:\/\/www.astronomy.tours\/#website","url":"https:\/\/www.astronomy.tours\/","name":"Astronomy Tours","description":"Astronomical tours","publisher":{"@id":"https:\/\/www.astronomy.tours\/#organization"},"potentialAction":[{"@type":"SearchAction","target":{"@type":"EntryPoint","urlTemplate":"https:\/\/www.astronomy.tours\/?s={search_term_string}"},"query-input":{"@type":"PropertyValueSpecification","valueRequired":true,"valueName":"search_term_string"}}],"inLanguage":"pl-PL"},{"@type":"Organization","@id":"https:\/\/www.astronomy.tours\/#organization","name":"Astronomy Tours S.COOP","url":"https:\/\/www.astronomy.tours\/","logo":{"@type":"ImageObject","inLanguage":"pl-PL","@id":"https:\/\/www.astronomy.tours\/#\/schema\/logo\/image\/","url":"https:\/\/www.astronomy.tours\/wp-content\/uploads\/2026\/02\/logo-astronomy-tours-black-small.png","contentUrl":"https:\/\/www.astronomy.tours\/wp-content\/uploads\/2026\/02\/logo-astronomy-tours-black-small.png","width":2000,"height":740,"caption":"Astronomy Tours S.COOP"},"image":{"@id":"https:\/\/www.astronomy.tours\/#\/schema\/logo\/image\/"},"sameAs":["https:\/\/www.facebook.com\/astronomy.tours\/","https:\/\/www.instagram.com\/astronomytours\/?hl=en"]}]}},"_links":{"self":[{"href":"https:\/\/www.astronomy.tours\/pl\/wp-json\/wp\/v2\/pages\/2082","targetHints":{"allow":["GET"]}}],"collection":[{"href":"https:\/\/www.astronomy.tours\/pl\/wp-json\/wp\/v2\/pages"}],"about":[{"href":"https:\/\/www.astronomy.tours\/pl\/wp-json\/wp\/v2\/types\/page"}],"author":[{"embeddable":true,"href":"https:\/\/www.astronomy.tours\/pl\/wp-json\/wp\/v2\/users\/2"}],"replies":[{"embeddable":true,"href":"https:\/\/www.astronomy.tours\/pl\/wp-json\/wp\/v2\/comments?post=2082"}],"version-history":[{"count":13,"href":"https:\/\/www.astronomy.tours\/pl\/wp-json\/wp\/v2\/pages\/2082\/revisions"}],"predecessor-version":[{"id":4013,"href":"https:\/\/www.astronomy.tours\/pl\/wp-json\/wp\/v2\/pages\/2082\/revisions\/4013"}],"up":[{"embeddable":true,"href":"https:\/\/www.astronomy.tours\/pl\/wp-json\/wp\/v2\/pages\/472"}],"wp:attachment":[{"href":"https:\/\/www.astronomy.tours\/pl\/wp-json\/wp\/v2\/media?parent=2082"}],"curies":[{"name":"wp","href":"https:\/\/api.w.org\/{rel}","templated":true}]}}