{"id":3299,"date":"2024-06-24T10:24:58","date_gmt":"2024-06-24T08:24:58","guid":{"rendered":"https:\/\/www.astronomy.tours\/product\/explora-el-universo-volumen-1-introduccion-a-la-astronomia-para-ninos\/"},"modified":"2024-06-24T10:24:58","modified_gmt":"2024-06-24T08:24:58","slug":"explora-el-universo-volumen-1-introduccion-a-la-astronomia-para-ninos","status":"publish","type":"product","link":"https:\/\/www.astronomy.tours\/es\/producto\/explora-el-universo-volumen-1-introduccion-a-la-astronomia-para-ninos\/","title":{"rendered":"Explora el Universo Volumen 1: Introducci\u00f3n a la Astronom\u00eda&#8221; para ni\u00f1os"},"content":{"rendered":"<p>Emb\u00e1rcate en un apasionante viaje por el espacio con &#8220;Explora el Universo Libro 1: Introducci\u00f3n a la Astronom\u00eda&#8221;, la primera entrega de una atractiva serie creada por el equipo de la Fundaci\u00f3n Centro de Astronom\u00eda y Ciencia. \u00danete a Max y sus amigos para descubrir las maravillas del cosmos en una aventura divertida y educativa.<\/p>\n<p><strong>Caracter\u00edsticas principales:<\/strong><\/p>\n<ul>\n<li>Contenido educativo: Aprende conceptos astron\u00f3micos b\u00e1sicos como los a\u00f1os luz, las distancias en el espacio, la dilataci\u00f3n del tiempo, las constelaciones, la Estrella Polar (Polaris) y c\u00f3mo localizarla y utilizarla, los planetas del sistema solar y la Luna.<\/li>\n<li>Ilustraciones llenas de color: Disfruta de 56 coloridas p\u00e1ginas llenas de cautivadores gr\u00e1ficos que dan vida a los misterios del universo.<\/li>\n<li>Lenguaje f\u00e1cil de entender: Escrito en un lenguaje claro y accesible, adecuado para ni\u00f1os de hasta 12 a\u00f1os, lo que hace que los temas complejos sean f\u00e1ciles de comprender y divertidos de aprender.<\/li>\n<li>Una historia atractiva: Sigue a Max y sus amigos en sus aventuras espaciales, fomentando la curiosidad y la imaginaci\u00f3n.<\/li>\n<\/ul>\n<p>Perfecto para j\u00f3venes entusiastas de la astronom\u00eda y mentes curiosas, este libro despierta el inter\u00e9s por la ciencia y fomenta la exploraci\u00f3n del cosmos. Tanto si se lee solo como en compa\u00f1\u00eda de los padres, &#8220;Explora el Universo Libro 1&#8221; inspira el amor por la astronom\u00eda y prepara el terreno para seguir aprendiendo en futuras entregas de la serie.<\/p>\n<p>Enciende la pasi\u00f3n por el descubrimiento y expande las mentes j\u00f3venes con &#8220;Explora el Universo Libro 1: Introducci\u00f3n a la Astronom\u00eda&#8221;. \u00a1\u00danete a Max y sus amigos en un viaje inolvidable a trav\u00e9s de las estrellas!<\/p>\n","protected":false},"excerpt":{"rendered":"<p>Emb\u00e1rcate en un apasionante viaje por el espacio con &#8220;Explora el Universo Libro 1: Introducci\u00f3n a la Astronom\u00eda&#8221;, la primera entrega de una atractiva serie creada por el equipo de la Fundaci\u00f3n Centro de Astronom\u00eda y Ciencia. \u00danete a Max y sus amigos para descubrir las maravillas del cosmos en una aventura divertida y educativa.<\/p>\n","protected":false},"featured_media":0,"comment_status":"closed","ping_status":"closed","template":"","meta":[],"pwb-brand":[],"product_brand":[],"product_cat":[169,75],"product_tag":[],"class_list":{"0":"post-3299","1":"product","2":"type-product","3":"status-publish","5":"product_cat-para-ninos","6":"product_cat-libros","8":"first","9":"instock","10":"shipping-taxable","11":"purchasable","12":"product-type-variable"},"yoast_head":"<!-- This site is optimized with the Yoast SEO plugin v25.3 - https:\/\/yoast.com\/wordpress\/plugins\/seo\/ -->\n<title>Explora el Universo Volumen 1: Introducci\u00f3n a la Astronom\u00eda&quot; para ni\u00f1os - Astronomy Tours<\/title>\n<meta name=\"robots\" content=\"index, follow, max-snippet:-1, max-image-preview:large, max-video-preview:-1\" \/>\n<link rel=\"canonical\" href=\"https:\/\/www.astronomy.tours\/es\/producto\/explora-el-universo-volumen-1-introduccion-a-la-astronomia-para-ninos\/\" \/>\n<meta property=\"og:locale\" content=\"es_ES\" \/>\n<meta property=\"og:type\" content=\"article\" \/>\n<meta property=\"og:title\" content=\"Explora el Universo Volumen 1: Introducci\u00f3n a la Astronom\u00eda&quot; para ni\u00f1os - Astronomy Tours\" \/>\n<meta property=\"og:description\" content=\"Emb\u00e1rcate en un apasionante viaje por el espacio con &quot;Explora el Universo Libro 1: Introducci\u00f3n a la Astronom\u00eda&quot;, la primera entrega de una atractiva serie creada por el equipo de la Fundaci\u00f3n Centro de Astronom\u00eda y Ciencia. \u00danete a Max y sus amigos para descubrir las maravillas del cosmos en una aventura divertida y educativa.\" \/>\n<meta property=\"og:url\" content=\"https:\/\/www.astronomy.tours\/es\/producto\/explora-el-universo-volumen-1-introduccion-a-la-astronomia-para-ninos\/\" \/>\n<meta property=\"og:site_name\" content=\"Astronomy Tours\" \/>\n<meta property=\"article:publisher\" content=\"https:\/\/www.facebook.com\/astronomy.tours\/\" \/>\n<meta name=\"twitter:card\" content=\"summary_large_image\" \/>\n<meta name=\"twitter:label1\" content=\"Tiempo de lectura\" \/>\n\t<meta name=\"twitter:data1\" content=\"1 minuto\" \/>\n<script type=\"application\/ld+json\" class=\"yoast-schema-graph\">{\"@context\":\"https:\/\/schema.org\",\"@graph\":[{\"@type\":\"WebPage\",\"@id\":\"https:\/\/www.astronomy.tours\/es\/producto\/explora-el-universo-volumen-1-introduccion-a-la-astronomia-para-ninos\/\",\"url\":\"https:\/\/www.astronomy.tours\/es\/producto\/explora-el-universo-volumen-1-introduccion-a-la-astronomia-para-ninos\/\",\"name\":\"Explora el Universo Volumen 1: Introducci\u00f3n a la Astronom\u00eda\\\" para ni\u00f1os - Astronomy Tours\",\"isPartOf\":{\"@id\":\"https:\/\/www.astronomy.tours\/#website\"},\"datePublished\":\"2024-06-24T08:24:58+00:00\",\"breadcrumb\":{\"@id\":\"https:\/\/www.astronomy.tours\/es\/producto\/explora-el-universo-volumen-1-introduccion-a-la-astronomia-para-ninos\/#breadcrumb\"},\"inLanguage\":\"es\",\"potentialAction\":[{\"@type\":\"ReadAction\",\"target\":[\"https:\/\/www.astronomy.tours\/es\/producto\/explora-el-universo-volumen-1-introduccion-a-la-astronomia-para-ninos\/\"]}]},{\"@type\":\"BreadcrumbList\",\"@id\":\"https:\/\/www.astronomy.tours\/es\/producto\/explora-el-universo-volumen-1-introduccion-a-la-astronomia-para-ninos\/#breadcrumb\",\"itemListElement\":[{\"@type\":\"ListItem\",\"position\":1,\"name\":\"Home\",\"item\":\"https:\/\/www.astronomy.tours\/es\/\"},{\"@type\":\"ListItem\",\"position\":2,\"name\":\"Tienda\",\"item\":\"https:\/\/www.astronomy.tours\/es\/tienda\/\"},{\"@type\":\"ListItem\",\"position\":3,\"name\":\"Explora el Universo Volumen 1: Introducci\u00f3n a la Astronom\u00eda&#8221; para ni\u00f1os\"}]},{\"@type\":\"WebSite\",\"@id\":\"https:\/\/www.astronomy.tours\/#website\",\"url\":\"https:\/\/www.astronomy.tours\/\",\"name\":\"Astronomy Tours\",\"description\":\"Astronomical tours\",\"publisher\":{\"@id\":\"https:\/\/www.astronomy.tours\/#organization\"},\"potentialAction\":[{\"@type\":\"SearchAction\",\"target\":{\"@type\":\"EntryPoint\",\"urlTemplate\":\"https:\/\/www.astronomy.tours\/?s={search_term_string}\"},\"query-input\":{\"@type\":\"PropertyValueSpecification\",\"valueRequired\":true,\"valueName\":\"search_term_string\"}}],\"inLanguage\":\"es\"},{\"@type\":\"Organization\",\"@id\":\"https:\/\/www.astronomy.tours\/#organization\",\"name\":\"Astronomy Tours S.COOP\",\"url\":\"https:\/\/www.astronomy.tours\/\",\"logo\":{\"@type\":\"ImageObject\",\"inLanguage\":\"es\",\"@id\":\"https:\/\/www.astronomy.tours\/#\/schema\/logo\/image\/\",\"url\":\"https:\/\/www.astronomy.tours\/wp-content\/uploads\/2026\/02\/logo-astronomy-tours-black-small.png\",\"contentUrl\":\"https:\/\/www.astronomy.tours\/wp-content\/uploads\/2026\/02\/logo-astronomy-tours-black-small.png\",\"width\":2000,\"height\":740,\"caption\":\"Astronomy Tours S.COOP\"},\"image\":{\"@id\":\"https:\/\/www.astronomy.tours\/#\/schema\/logo\/image\/\"},\"sameAs\":[\"https:\/\/www.facebook.com\/astronomy.tours\/\",\"https:\/\/www.instagram.com\/astronomytours\/?hl=en\"]}]}<\/script>\n<!-- \/ Yoast SEO plugin. -->","yoast_head_json":{"title":"Explora el Universo Volumen 1: Introducci\u00f3n a la Astronom\u00eda\" para ni\u00f1os - Astronomy Tours","robots":{"index":"index","follow":"follow","max-snippet":"max-snippet:-1","max-image-preview":"max-image-preview:large","max-video-preview":"max-video-preview:-1"},"canonical":"https:\/\/www.astronomy.tours\/es\/producto\/explora-el-universo-volumen-1-introduccion-a-la-astronomia-para-ninos\/","og_locale":"es_ES","og_type":"article","og_title":"Explora el Universo Volumen 1: Introducci\u00f3n a la Astronom\u00eda\" para ni\u00f1os - Astronomy Tours","og_description":"Emb\u00e1rcate en un apasionante viaje por el espacio con \"Explora el Universo Libro 1: Introducci\u00f3n a la Astronom\u00eda\", la primera entrega de una atractiva serie creada por el equipo de la Fundaci\u00f3n Centro de Astronom\u00eda y Ciencia. \u00danete a Max y sus amigos para descubrir las maravillas del cosmos en una aventura divertida y educativa.","og_url":"https:\/\/www.astronomy.tours\/es\/producto\/explora-el-universo-volumen-1-introduccion-a-la-astronomia-para-ninos\/","og_site_name":"Astronomy Tours","article_publisher":"https:\/\/www.facebook.com\/astronomy.tours\/","twitter_card":"summary_large_image","twitter_misc":{"Tiempo de lectura":"1 minuto"},"schema":{"@context":"https:\/\/schema.org","@graph":[{"@type":"WebPage","@id":"https:\/\/www.astronomy.tours\/es\/producto\/explora-el-universo-volumen-1-introduccion-a-la-astronomia-para-ninos\/","url":"https:\/\/www.astronomy.tours\/es\/producto\/explora-el-universo-volumen-1-introduccion-a-la-astronomia-para-ninos\/","name":"Explora el Universo Volumen 1: Introducci\u00f3n a la Astronom\u00eda\" para ni\u00f1os - Astronomy Tours","isPartOf":{"@id":"https:\/\/www.astronomy.tours\/#website"},"datePublished":"2024-06-24T08:24:58+00:00","breadcrumb":{"@id":"https:\/\/www.astronomy.tours\/es\/producto\/explora-el-universo-volumen-1-introduccion-a-la-astronomia-para-ninos\/#breadcrumb"},"inLanguage":"es","potentialAction":[{"@type":"ReadAction","target":["https:\/\/www.astronomy.tours\/es\/producto\/explora-el-universo-volumen-1-introduccion-a-la-astronomia-para-ninos\/"]}]},{"@type":"BreadcrumbList","@id":"https:\/\/www.astronomy.tours\/es\/producto\/explora-el-universo-volumen-1-introduccion-a-la-astronomia-para-ninos\/#breadcrumb","itemListElement":[{"@type":"ListItem","position":1,"name":"Home","item":"https:\/\/www.astronomy.tours\/es\/"},{"@type":"ListItem","position":2,"name":"Tienda","item":"https:\/\/www.astronomy.tours\/es\/tienda\/"},{"@type":"ListItem","position":3,"name":"Explora el Universo Volumen 1: Introducci\u00f3n a la Astronom\u00eda&#8221; para ni\u00f1os"}]},{"@type":"WebSite","@id":"https:\/\/www.astronomy.tours\/#website","url":"https:\/\/www.astronomy.tours\/","name":"Astronomy Tours","description":"Astronomical tours","publisher":{"@id":"https:\/\/www.astronomy.tours\/#organization"},"potentialAction":[{"@type":"SearchAction","target":{"@type":"EntryPoint","urlTemplate":"https:\/\/www.astronomy.tours\/?s={search_term_string}"},"query-input":{"@type":"PropertyValueSpecification","valueRequired":true,"valueName":"search_term_string"}}],"inLanguage":"es"},{"@type":"Organization","@id":"https:\/\/www.astronomy.tours\/#organization","name":"Astronomy Tours S.COOP","url":"https:\/\/www.astronomy.tours\/","logo":{"@type":"ImageObject","inLanguage":"es","@id":"https:\/\/www.astronomy.tours\/#\/schema\/logo\/image\/","url":"https:\/\/www.astronomy.tours\/wp-content\/uploads\/2026\/02\/logo-astronomy-tours-black-small.png","contentUrl":"https:\/\/www.astronomy.tours\/wp-content\/uploads\/2026\/02\/logo-astronomy-tours-black-small.png","width":2000,"height":740,"caption":"Astronomy Tours S.COOP"},"image":{"@id":"https:\/\/www.astronomy.tours\/#\/schema\/logo\/image\/"},"sameAs":["https:\/\/www.facebook.com\/astronomy.tours\/","https:\/\/www.instagram.com\/astronomytours\/?hl=en"]}]}},"brands":[],"_links":{"self":[{"href":"https:\/\/www.astronomy.tours\/es\/wp-json\/wp\/v2\/product\/3299","targetHints":{"allow":["GET"]}}],"collection":[{"href":"https:\/\/www.astronomy.tours\/es\/wp-json\/wp\/v2\/product"}],"about":[{"href":"https:\/\/www.astronomy.tours\/es\/wp-json\/wp\/v2\/types\/product"}],"replies":[{"embeddable":true,"href":"https:\/\/www.astronomy.tours\/es\/wp-json\/wp\/v2\/comments?post=3299"}],"wp:attachment":[{"href":"https:\/\/www.astronomy.tours\/es\/wp-json\/wp\/v2\/media?parent=3299"}],"wp:term":[{"taxonomy":"pwb-brand","embeddable":true,"href":"https:\/\/www.astronomy.tours\/es\/wp-json\/wp\/v2\/pwb-brand?post=3299"},{"taxonomy":"product_brand","embeddable":true,"href":"https:\/\/www.astronomy.tours\/es\/wp-json\/wp\/v2\/product_brand?post=3299"},{"taxonomy":"product_cat","embeddable":true,"href":"https:\/\/www.astronomy.tours\/es\/wp-json\/wp\/v2\/product_cat?post=3299"},{"taxonomy":"product_tag","embeddable":true,"href":"https:\/\/www.astronomy.tours\/es\/wp-json\/wp\/v2\/product_tag?post=3299"}],"curies":[{"name":"wp","href":"https:\/\/api.w.org\/{rel}","templated":true}]}}