{"id":3286,"date":"2024-06-24T09:58:59","date_gmt":"2024-06-24T07:58:59","guid":{"rendered":"https:\/\/www.astronomy.tours\/product\/sudadera-con-capucha-cosas-de-estrellas\/"},"modified":"2024-06-24T09:59:36","modified_gmt":"2024-06-24T07:59:36","slug":"sudadera-con-capucha-cosas-de-estrellas","status":"publish","type":"product","link":"https:\/\/www.astronomy.tours\/es\/producto\/sudadera-con-capucha-cosas-de-estrellas\/","title":{"rendered":"Sudadera con capucha &#8220;Cosas de estrellas"},"content":{"rendered":"<div>Abraza el cosmos con nuestra sudadera con capucha &#8220;Cosas de estrellas&#8221;, un homenaje a la maravilla del universo y al esp\u00edritu de la investigaci\u00f3n cient\u00edfica. Esta cl\u00e1sica sudadera negra con capucha presenta un llamativo dise\u00f1o gr\u00e1fico tanto en la parte delantera como en la trasera, lo que la convierte en un complemento estelar de tu vestuario.<\/div>\n<div><\/div>\n<div>En la parte delantera encontrar\u00e1s una inspiradora cita de Carl Sagan: &#8220;Estamos hechos de materia estelar&#8221;. Esta profunda afirmaci\u00f3n encierra la idea de que los elementos que llevamos dentro se originaron en las propias estrellas, conect\u00e1ndonos con la inmensidad del espacio.<\/div>\n<div><\/div>\n<div>La parte trasera de la sudadera muestra con orgullo el emblema del Astr\u00f3nomo y el logotipo del Centro de Astronom\u00eda y Ciencia, junto a su lema: &#8220;El cielo es de todos&#8221;. Este lema habla de la inclusividad y la naturaleza universal de la astronom\u00eda, una ciencia que invita a todos a mirar hacia arriba y reflexionar sobre nuestro lugar en el cosmos.<\/div>\n<div><\/div>\n<div>Nuestra sudadera con capucha, confeccionada para ofrecer comodidad, est\u00e1 hecha de un tejido suave y acogedor que querr\u00e1s llevar todo el d\u00eda, tanto si est\u00e1s mirando las estrellas al aire libre como si te relajas en casa. Est\u00e1 disponible en varias tallas unisex para garantizar un ajuste perfecto para todos. Consulta la siguiente tabla de tallas para seleccionar la que prefieras.<\/div>\n<div><\/div>\n<div><strong>Tabla de tallas:<\/strong><\/div>\n<table class=\"t1\" cellspacing=\"0\" cellpadding=\"0\">\n<tbody>\n<tr>\n<td class=\"td1\" valign=\"bottom\">\n<p class=\"p2\"><b>Talla<\/b><\/p>\n<\/td>\n<td class=\"td2\" valign=\"bottom\">\n<p class=\"p2\"><b>Pecho (pulgadas)<\/b><\/p>\n<\/td>\n<td class=\"td3\" valign=\"bottom\">\n<p class=\"p2\"><b>Longitud (pulgadas)<\/b><\/p>\n<\/td>\n<\/tr>\n<tr>\n<td class=\"td4\" valign=\"top\">\n<p class=\"p2\">S<\/p>\n<\/td>\n<td class=\"td5\" valign=\"top\">\n<p class=\"p2\">36<\/p>\n<\/td>\n<td class=\"td6\" valign=\"top\">\n<p class=\"p2\">26<\/p>\n<\/td>\n<\/tr>\n<tr>\n<td class=\"td1\" valign=\"top\">\n<p class=\"p2\">M<\/p>\n<\/td>\n<td class=\"td2\" valign=\"top\">\n<p class=\"p2\">40<\/p>\n<\/td>\n<td class=\"td3\" valign=\"top\">\n<p class=\"p2\">27<\/p>\n<\/td>\n<\/tr>\n<tr>\n<td class=\"td4\" valign=\"top\">\n<p class=\"p2\">L<\/p>\n<\/td>\n<td class=\"td5\" valign=\"top\">\n<p class=\"p2\">44<\/p>\n<\/td>\n<td class=\"td6\" valign=\"top\">\n<p class=\"p2\">28<\/p>\n<\/td>\n<\/tr>\n<tr>\n<td class=\"td1\" valign=\"top\">\n<p class=\"p2\">XL<\/p>\n<\/td>\n<td class=\"td2\" valign=\"top\">\n<p class=\"p2\">48<\/p>\n<\/td>\n<td class=\"td3\" valign=\"top\">\n<p class=\"p2\">29<\/p>\n<\/td>\n<\/tr>\n<tr>\n<td class=\"td4\" valign=\"top\">\n<p class=\"p2\">XXL<\/p>\n<\/td>\n<td class=\"td5\" valign=\"top\">\n<p class=\"p2\">52<\/p>\n<\/td>\n<td class=\"td6\" valign=\"top\">\n<p class=\"p2\">30<\/p>\n<\/td>\n<\/tr>\n<\/tbody>\n<\/table>\n<div>\u00danete a nosotros para celebrar la belleza del cosmos y la unidad de la humanidad con nuestra sudadera con capucha &#8220;Cosas de estrellas&#8221;. Es algo m\u00e1s que ropa: es una declaraci\u00f3n de curiosidad, exploraci\u00f3n y asombro.<\/div>\n<div>Nota: La modelo lleva la talla M.<\/div>\n","protected":false},"excerpt":{"rendered":"<div class=\"elementor-element elementor-element-4dbd0e0 elementor-widget elementor-widget-woocommerce-product-short-description\" data-id=\"4dbd0e0\" data-element_type=\"widget\" data-widget_type=\"woocommerce-product-short-description.default\">\n<div class=\"elementor-widget-container\">\n<div class=\"woocommerce-product-details__short-description\">\n<p>Abraza el cosmos con nuestra sudadera con capucha &#8220;Cosas de estrellas&#8221;, un homenaje a la maravilla del universo y al esp\u00edritu de la investigaci\u00f3n cient\u00edfica. Esta cl\u00e1sica sudadera negra con capucha presenta un llamativo dise\u00f1o gr\u00e1fico tanto en la parte delantera como en la trasera, lo que la convierte en un complemento estelar de tu vestuario.<\/p>\n<\/div>\n<\/div>\n<\/div>\n<div class=\"elementor-element elementor-element-1419917d elementor-widget elementor-widget-woocommerce-notices\" data-id=\"1419917d\" data-element_type=\"widget\" data-widget_type=\"woocommerce-notices.default\">\n<div class=\"elementor-widget-container\">\n<div class=\"e-woocommerce-notices-wrapper\">\n<div class=\"woocommerce-notices-wrapper\"><\/div>\n<\/div>\n<\/div>\n<\/div>\n<div class=\"elementor-element elementor-element-1bace7 e-add-to-cart--show-quantity-yes elementor-widget elementor-widget-woocommerce-product-add-to-cart\" data-id=\"1bace7\" data-element_type=\"widget\" data-widget_type=\"woocommerce-product-add-to-cart.default\">\n<div class=\"elementor-widget-container\">\n<div class=\"elementor-add-to-cart elementor-product-variable\"><\/div>\n<\/div>\n<\/div>\n","protected":false},"featured_media":3057,"comment_status":"closed","ping_status":"closed","template":"","meta":[],"pwb-brand":[231],"product_brand":[],"product_cat":[155,76],"product_tag":[],"class_list":{"0":"post-3286","1":"product","2":"type-product","3":"status-publish","4":"has-post-thumbnail","6":"pwb-brand-just-stargaze-es","7":"product_cat-sudadera","8":"product_cat-ropa","10":"first","11":"instock","12":"featured","13":"shipping-taxable","14":"purchasable","15":"product-type-variable"},"yoast_head":"<!-- This site is optimized with the Yoast SEO plugin v25.3 - https:\/\/yoast.com\/wordpress\/plugins\/seo\/ -->\n<title>Sudadera con capucha &quot;Cosas de estrellas - Astronomy Tours<\/title>\n<meta name=\"robots\" content=\"index, follow, max-snippet:-1, max-image-preview:large, max-video-preview:-1\" \/>\n<link rel=\"canonical\" href=\"https:\/\/www.astronomy.tours\/producto\/hoodie-star-stuff\/\" \/>\n<meta property=\"og:locale\" content=\"es_ES\" \/>\n<meta property=\"og:type\" content=\"article\" \/>\n<meta property=\"og:title\" content=\"Sudadera con capucha &quot;Cosas de estrellas - Astronomy Tours\" \/>\n<meta property=\"og:description\" content=\"Abraza el cosmos con nuestra sudadera con capucha &quot;Cosas de estrellas&quot;, un homenaje a la maravilla del universo y al esp\u00edritu de la investigaci\u00f3n cient\u00edfica. Esta cl\u00e1sica sudadera negra con capucha presenta un llamativo dise\u00f1o gr\u00e1fico tanto en la parte delantera como en la trasera, lo que la convierte en un complemento estelar de tu vestuario.\" \/>\n<meta property=\"og:url\" content=\"https:\/\/www.astronomy.tours\/producto\/hoodie-star-stuff\/\" \/>\n<meta property=\"og:site_name\" content=\"Astronomy Tours\" \/>\n<meta property=\"article:publisher\" content=\"https:\/\/www.facebook.com\/astronomy.tours\/\" \/>\n<meta property=\"article:modified_time\" content=\"2024-06-24T07:59:36+00:00\" \/>\n<meta property=\"og:image\" content=\"https:\/\/www.astronomy.tours\/wp-content\/uploads\/2024\/05\/1.webp\" \/>\n\t<meta property=\"og:image:width\" content=\"2000\" \/>\n\t<meta property=\"og:image:height\" content=\"2000\" \/>\n\t<meta property=\"og:image:type\" content=\"image\/webp\" \/>\n<meta name=\"twitter:card\" content=\"summary_large_image\" \/>\n<meta name=\"twitter:label1\" content=\"Tiempo de lectura\" \/>\n\t<meta name=\"twitter:data1\" content=\"1 minuto\" \/>\n<script type=\"application\/ld+json\" class=\"yoast-schema-graph\">{\"@context\":\"https:\/\/schema.org\",\"@graph\":[{\"@type\":\"WebPage\",\"@id\":\"https:\/\/www.astronomy.tours\/producto\/hoodie-star-stuff\/\",\"url\":\"https:\/\/www.astronomy.tours\/producto\/hoodie-star-stuff\/\",\"name\":\"Sudadera con capucha \\\"Cosas de estrellas - Astronomy Tours\",\"isPartOf\":{\"@id\":\"https:\/\/www.astronomy.tours\/#website\"},\"primaryImageOfPage\":{\"@id\":\"https:\/\/www.astronomy.tours\/producto\/hoodie-star-stuff\/#primaryimage\"},\"image\":{\"@id\":\"https:\/\/www.astronomy.tours\/producto\/hoodie-star-stuff\/#primaryimage\"},\"thumbnailUrl\":\"https:\/\/www.astronomy.tours\/wp-content\/uploads\/2024\/05\/1.webp\",\"datePublished\":\"2024-06-24T07:58:59+00:00\",\"dateModified\":\"2024-06-24T07:59:36+00:00\",\"breadcrumb\":{\"@id\":\"https:\/\/www.astronomy.tours\/producto\/hoodie-star-stuff\/#breadcrumb\"},\"inLanguage\":\"es\",\"potentialAction\":[{\"@type\":\"ReadAction\",\"target\":[\"https:\/\/www.astronomy.tours\/producto\/hoodie-star-stuff\/\"]}]},{\"@type\":\"ImageObject\",\"inLanguage\":\"es\",\"@id\":\"https:\/\/www.astronomy.tours\/producto\/hoodie-star-stuff\/#primaryimage\",\"url\":\"https:\/\/www.astronomy.tours\/wp-content\/uploads\/2024\/05\/1.webp\",\"contentUrl\":\"https:\/\/www.astronomy.tours\/wp-content\/uploads\/2024\/05\/1.webp\",\"width\":2000,\"height\":2000},{\"@type\":\"BreadcrumbList\",\"@id\":\"https:\/\/www.astronomy.tours\/producto\/hoodie-star-stuff\/#breadcrumb\",\"itemListElement\":[{\"@type\":\"ListItem\",\"position\":1,\"name\":\"Home\",\"item\":\"https:\/\/www.astronomy.tours\/es\/\"},{\"@type\":\"ListItem\",\"position\":2,\"name\":\"Tienda\",\"item\":\"https:\/\/www.astronomy.tours\/es\/tienda\/\"},{\"@type\":\"ListItem\",\"position\":3,\"name\":\"Sudadera con capucha &#8220;Cosas de estrellas\"}]},{\"@type\":\"WebSite\",\"@id\":\"https:\/\/www.astronomy.tours\/#website\",\"url\":\"https:\/\/www.astronomy.tours\/\",\"name\":\"Astronomy Tours\",\"description\":\"Astronomical tours\",\"publisher\":{\"@id\":\"https:\/\/www.astronomy.tours\/#organization\"},\"potentialAction\":[{\"@type\":\"SearchAction\",\"target\":{\"@type\":\"EntryPoint\",\"urlTemplate\":\"https:\/\/www.astronomy.tours\/?s={search_term_string}\"},\"query-input\":{\"@type\":\"PropertyValueSpecification\",\"valueRequired\":true,\"valueName\":\"search_term_string\"}}],\"inLanguage\":\"es\"},{\"@type\":\"Organization\",\"@id\":\"https:\/\/www.astronomy.tours\/#organization\",\"name\":\"Astronomy Tours S.COOP\",\"url\":\"https:\/\/www.astronomy.tours\/\",\"logo\":{\"@type\":\"ImageObject\",\"inLanguage\":\"es\",\"@id\":\"https:\/\/www.astronomy.tours\/#\/schema\/logo\/image\/\",\"url\":\"https:\/\/www.astronomy.tours\/wp-content\/uploads\/2026\/02\/logo-astronomy-tours-black-small.png\",\"contentUrl\":\"https:\/\/www.astronomy.tours\/wp-content\/uploads\/2026\/02\/logo-astronomy-tours-black-small.png\",\"width\":2000,\"height\":740,\"caption\":\"Astronomy Tours S.COOP\"},\"image\":{\"@id\":\"https:\/\/www.astronomy.tours\/#\/schema\/logo\/image\/\"},\"sameAs\":[\"https:\/\/www.facebook.com\/astronomy.tours\/\",\"https:\/\/www.instagram.com\/astronomytours\/?hl=en\"]}]}<\/script>\n<!-- \/ Yoast SEO plugin. -->","yoast_head_json":{"title":"Sudadera con capucha \"Cosas de estrellas - Astronomy Tours","robots":{"index":"index","follow":"follow","max-snippet":"max-snippet:-1","max-image-preview":"max-image-preview:large","max-video-preview":"max-video-preview:-1"},"canonical":"https:\/\/www.astronomy.tours\/producto\/hoodie-star-stuff\/","og_locale":"es_ES","og_type":"article","og_title":"Sudadera con capucha \"Cosas de estrellas - Astronomy Tours","og_description":"Abraza el cosmos con nuestra sudadera con capucha \"Cosas de estrellas\", un homenaje a la maravilla del universo y al esp\u00edritu de la investigaci\u00f3n cient\u00edfica. Esta cl\u00e1sica sudadera negra con capucha presenta un llamativo dise\u00f1o gr\u00e1fico tanto en la parte delantera como en la trasera, lo que la convierte en un complemento estelar de tu vestuario.","og_url":"https:\/\/www.astronomy.tours\/producto\/hoodie-star-stuff\/","og_site_name":"Astronomy Tours","article_publisher":"https:\/\/www.facebook.com\/astronomy.tours\/","article_modified_time":"2024-06-24T07:59:36+00:00","og_image":[{"width":2000,"height":2000,"url":"https:\/\/www.astronomy.tours\/wp-content\/uploads\/2024\/05\/1.webp","type":"image\/webp"}],"twitter_card":"summary_large_image","twitter_misc":{"Tiempo de lectura":"1 minuto"},"schema":{"@context":"https:\/\/schema.org","@graph":[{"@type":"WebPage","@id":"https:\/\/www.astronomy.tours\/producto\/hoodie-star-stuff\/","url":"https:\/\/www.astronomy.tours\/producto\/hoodie-star-stuff\/","name":"Sudadera con capucha \"Cosas de estrellas - Astronomy Tours","isPartOf":{"@id":"https:\/\/www.astronomy.tours\/#website"},"primaryImageOfPage":{"@id":"https:\/\/www.astronomy.tours\/producto\/hoodie-star-stuff\/#primaryimage"},"image":{"@id":"https:\/\/www.astronomy.tours\/producto\/hoodie-star-stuff\/#primaryimage"},"thumbnailUrl":"https:\/\/www.astronomy.tours\/wp-content\/uploads\/2024\/05\/1.webp","datePublished":"2024-06-24T07:58:59+00:00","dateModified":"2024-06-24T07:59:36+00:00","breadcrumb":{"@id":"https:\/\/www.astronomy.tours\/producto\/hoodie-star-stuff\/#breadcrumb"},"inLanguage":"es","potentialAction":[{"@type":"ReadAction","target":["https:\/\/www.astronomy.tours\/producto\/hoodie-star-stuff\/"]}]},{"@type":"ImageObject","inLanguage":"es","@id":"https:\/\/www.astronomy.tours\/producto\/hoodie-star-stuff\/#primaryimage","url":"https:\/\/www.astronomy.tours\/wp-content\/uploads\/2024\/05\/1.webp","contentUrl":"https:\/\/www.astronomy.tours\/wp-content\/uploads\/2024\/05\/1.webp","width":2000,"height":2000},{"@type":"BreadcrumbList","@id":"https:\/\/www.astronomy.tours\/producto\/hoodie-star-stuff\/#breadcrumb","itemListElement":[{"@type":"ListItem","position":1,"name":"Home","item":"https:\/\/www.astronomy.tours\/es\/"},{"@type":"ListItem","position":2,"name":"Tienda","item":"https:\/\/www.astronomy.tours\/es\/tienda\/"},{"@type":"ListItem","position":3,"name":"Sudadera con capucha &#8220;Cosas de estrellas"}]},{"@type":"WebSite","@id":"https:\/\/www.astronomy.tours\/#website","url":"https:\/\/www.astronomy.tours\/","name":"Astronomy Tours","description":"Astronomical tours","publisher":{"@id":"https:\/\/www.astronomy.tours\/#organization"},"potentialAction":[{"@type":"SearchAction","target":{"@type":"EntryPoint","urlTemplate":"https:\/\/www.astronomy.tours\/?s={search_term_string}"},"query-input":{"@type":"PropertyValueSpecification","valueRequired":true,"valueName":"search_term_string"}}],"inLanguage":"es"},{"@type":"Organization","@id":"https:\/\/www.astronomy.tours\/#organization","name":"Astronomy Tours S.COOP","url":"https:\/\/www.astronomy.tours\/","logo":{"@type":"ImageObject","inLanguage":"es","@id":"https:\/\/www.astronomy.tours\/#\/schema\/logo\/image\/","url":"https:\/\/www.astronomy.tours\/wp-content\/uploads\/2026\/02\/logo-astronomy-tours-black-small.png","contentUrl":"https:\/\/www.astronomy.tours\/wp-content\/uploads\/2026\/02\/logo-astronomy-tours-black-small.png","width":2000,"height":740,"caption":"Astronomy Tours S.COOP"},"image":{"@id":"https:\/\/www.astronomy.tours\/#\/schema\/logo\/image\/"},"sameAs":["https:\/\/www.facebook.com\/astronomy.tours\/","https:\/\/www.instagram.com\/astronomytours\/?hl=en"]}]}},"brands":[{"id":231,"name":"Just Stargaze","slug":"just-stargaze-es"}],"_links":{"self":[{"href":"https:\/\/www.astronomy.tours\/es\/wp-json\/wp\/v2\/product\/3286","targetHints":{"allow":["GET"]}}],"collection":[{"href":"https:\/\/www.astronomy.tours\/es\/wp-json\/wp\/v2\/product"}],"about":[{"href":"https:\/\/www.astronomy.tours\/es\/wp-json\/wp\/v2\/types\/product"}],"replies":[{"embeddable":true,"href":"https:\/\/www.astronomy.tours\/es\/wp-json\/wp\/v2\/comments?post=3286"}],"wp:featuredmedia":[{"embeddable":true,"href":"https:\/\/www.astronomy.tours\/es\/wp-json\/wp\/v2\/media\/3057"}],"wp:attachment":[{"href":"https:\/\/www.astronomy.tours\/es\/wp-json\/wp\/v2\/media?parent=3286"}],"wp:term":[{"taxonomy":"pwb-brand","embeddable":true,"href":"https:\/\/www.astronomy.tours\/es\/wp-json\/wp\/v2\/pwb-brand?post=3286"},{"taxonomy":"product_brand","embeddable":true,"href":"https:\/\/www.astronomy.tours\/es\/wp-json\/wp\/v2\/product_brand?post=3286"},{"taxonomy":"product_cat","embeddable":true,"href":"https:\/\/www.astronomy.tours\/es\/wp-json\/wp\/v2\/product_cat?post=3286"},{"taxonomy":"product_tag","embeddable":true,"href":"https:\/\/www.astronomy.tours\/es\/wp-json\/wp\/v2\/product_tag?post=3286"}],"curies":[{"name":"wp","href":"https:\/\/api.w.org\/{rel}","templated":true}]}}