{"id":2396,"date":"2024-05-21T10:41:13","date_gmt":"2024-05-21T08:41:13","guid":{"rendered":"https:\/\/astronomy-new.imoli.com.pl\/product\/gafas-de-observacion-solar\/"},"modified":"2024-06-05T14:38:40","modified_gmt":"2024-06-05T12:38:40","slug":"gafas-de-observacion-solar","status":"publish","type":"product","link":"https:\/\/www.astronomy.tours\/es\/producto\/gafas-de-observacion-solar\/","title":{"rendered":"Gafas para Observaci\u00f3n Solar"},"content":{"rendered":"<div>\n<div>Observa los eclipses solares y disfruta de la observaci\u00f3n solar con confianza utilizando nuestras Gafas Certificadas para Observaci\u00f3n Solar. Estas duraderas gafas de cart\u00f3n est\u00e1n dise\u00f1adas para cumplir con rigurosos est\u00e1ndares de seguridad para la observaci\u00f3n solar.<\/div>\n<div><strong>Certificaciones<\/strong>:<\/div>\n<ul>\n<li>ISO 12312-2:2015<\/li>\n<li>Certificado CE<\/li>\n<\/ul>\n<div>Nuestras gafas para observaci\u00f3n solar brindan protecci\u00f3n ocular esencial para observar las actividades del Sol, incluidos los eclipses y las manchas solares. Las lentes especiales filtran eficazmente la radiaci\u00f3n ultravioleta, visible e infrarroja da\u00f1ina, asegurando que tus ojos est\u00e9n protegidos del deslumbramiento solar.<\/div>\n<div>Estas gafas ligeras y c\u00f3modas no se limitan a la observaci\u00f3n de eclipses; tambi\u00e9n son excelentes para la observaci\u00f3n general del sol durante todo el a\u00f1o. Ya seas un entusiasta de la astronom\u00eda, un amante de la naturaleza o simplemente curioso sobre el sistema solar, nuestras Gafas Certificadas para Observaci\u00f3n Solar son un accesorio imprescindible.<\/div>\n<div>Mantente seguro y experimenta las maravillas del Sol con tranquilidad. Nuestras gafas para observaci\u00f3n solar est\u00e1n certificadas para la observaci\u00f3n solar y dise\u00f1adas para tu disfrute y seguridad.<\/div>\n<\/div>\n","protected":false},"excerpt":{"rendered":"<p>Observa los eclipses solares y disfruta de la observaci\u00f3n solar con confianza utilizando nuestras Gafas Certificadas para Observaci\u00f3n Solar. Estas duraderas gafas de cart\u00f3n est\u00e1n dise\u00f1adas para cumplir con rigurosos est\u00e1ndares de seguridad para la observaci\u00f3n solar.<\/p>\n","protected":false},"featured_media":3021,"comment_status":"closed","ping_status":"closed","template":"","meta":[],"pwb-brand":[],"product_brand":[],"product_cat":[78],"product_tag":[],"class_list":{"0":"post-2396","1":"product","2":"type-product","3":"status-publish","4":"has-post-thumbnail","6":"product_cat-solar","8":"first","9":"instock","10":"shipping-taxable","11":"purchasable","12":"product-type-simple"},"yoast_head":"<!-- This site is optimized with the Yoast SEO plugin v25.3 - https:\/\/yoast.com\/wordpress\/plugins\/seo\/ -->\n<title>Gafas para Observaci\u00f3n Solar - Astronomy Tours<\/title>\n<meta name=\"robots\" content=\"index, follow, max-snippet:-1, max-image-preview:large, max-video-preview:-1\" \/>\n<link rel=\"canonical\" href=\"https:\/\/www.astronomy.tours\/es\/producto\/gafas-de-observacion-solar\/\" \/>\n<meta property=\"og:locale\" content=\"es_ES\" \/>\n<meta property=\"og:type\" content=\"article\" \/>\n<meta property=\"og:title\" content=\"Gafas para Observaci\u00f3n Solar - Astronomy Tours\" \/>\n<meta property=\"og:description\" content=\"Observa los eclipses solares y disfruta de la observaci\u00f3n solar con confianza utilizando nuestras Gafas Certificadas para Observaci\u00f3n Solar. Estas duraderas gafas de cart\u00f3n est\u00e1n dise\u00f1adas para cumplir con rigurosos est\u00e1ndares de seguridad para la observaci\u00f3n solar.\" \/>\n<meta property=\"og:url\" content=\"https:\/\/www.astronomy.tours\/es\/producto\/gafas-de-observacion-solar\/\" \/>\n<meta property=\"og:site_name\" content=\"Astronomy Tours\" \/>\n<meta property=\"article:publisher\" content=\"https:\/\/www.facebook.com\/astronomy.tours\/\" \/>\n<meta property=\"article:modified_time\" content=\"2024-06-05T12:38:40+00:00\" \/>\n<meta property=\"og:image\" content=\"https:\/\/www.astronomy.tours\/wp-content\/uploads\/2024\/05\/4-1.webp\" \/>\n\t<meta property=\"og:image:width\" content=\"2000\" \/>\n\t<meta property=\"og:image:height\" content=\"2000\" \/>\n\t<meta property=\"og:image:type\" content=\"image\/webp\" \/>\n<meta name=\"twitter:card\" content=\"summary_large_image\" \/>\n<meta name=\"twitter:label1\" content=\"Tiempo de lectura\" \/>\n\t<meta name=\"twitter:data1\" content=\"1 minuto\" \/>\n<script type=\"application\/ld+json\" class=\"yoast-schema-graph\">{\"@context\":\"https:\/\/schema.org\",\"@graph\":[{\"@type\":\"WebPage\",\"@id\":\"https:\/\/www.astronomy.tours\/es\/producto\/gafas-de-observacion-solar\/\",\"url\":\"https:\/\/www.astronomy.tours\/es\/producto\/gafas-de-observacion-solar\/\",\"name\":\"Gafas para Observaci\u00f3n Solar - Astronomy Tours\",\"isPartOf\":{\"@id\":\"https:\/\/www.astronomy.tours\/#website\"},\"primaryImageOfPage\":{\"@id\":\"https:\/\/www.astronomy.tours\/es\/producto\/gafas-de-observacion-solar\/#primaryimage\"},\"image\":{\"@id\":\"https:\/\/www.astronomy.tours\/es\/producto\/gafas-de-observacion-solar\/#primaryimage\"},\"thumbnailUrl\":\"https:\/\/www.astronomy.tours\/wp-content\/uploads\/2024\/05\/4-1.webp\",\"datePublished\":\"2024-05-21T08:41:13+00:00\",\"dateModified\":\"2024-06-05T12:38:40+00:00\",\"breadcrumb\":{\"@id\":\"https:\/\/www.astronomy.tours\/es\/producto\/gafas-de-observacion-solar\/#breadcrumb\"},\"inLanguage\":\"es\",\"potentialAction\":[{\"@type\":\"ReadAction\",\"target\":[\"https:\/\/www.astronomy.tours\/es\/producto\/gafas-de-observacion-solar\/\"]}]},{\"@type\":\"ImageObject\",\"inLanguage\":\"es\",\"@id\":\"https:\/\/www.astronomy.tours\/es\/producto\/gafas-de-observacion-solar\/#primaryimage\",\"url\":\"https:\/\/www.astronomy.tours\/wp-content\/uploads\/2024\/05\/4-1.webp\",\"contentUrl\":\"https:\/\/www.astronomy.tours\/wp-content\/uploads\/2024\/05\/4-1.webp\",\"width\":2000,\"height\":2000},{\"@type\":\"BreadcrumbList\",\"@id\":\"https:\/\/www.astronomy.tours\/es\/producto\/gafas-de-observacion-solar\/#breadcrumb\",\"itemListElement\":[{\"@type\":\"ListItem\",\"position\":1,\"name\":\"Home\",\"item\":\"https:\/\/www.astronomy.tours\/es\/\"},{\"@type\":\"ListItem\",\"position\":2,\"name\":\"Tienda\",\"item\":\"https:\/\/www.astronomy.tours\/es\/tienda\/\"},{\"@type\":\"ListItem\",\"position\":3,\"name\":\"Gafas para Observaci\u00f3n Solar\"}]},{\"@type\":\"WebSite\",\"@id\":\"https:\/\/www.astronomy.tours\/#website\",\"url\":\"https:\/\/www.astronomy.tours\/\",\"name\":\"Astronomy Tours\",\"description\":\"Astronomical tours\",\"publisher\":{\"@id\":\"https:\/\/www.astronomy.tours\/#organization\"},\"potentialAction\":[{\"@type\":\"SearchAction\",\"target\":{\"@type\":\"EntryPoint\",\"urlTemplate\":\"https:\/\/www.astronomy.tours\/?s={search_term_string}\"},\"query-input\":{\"@type\":\"PropertyValueSpecification\",\"valueRequired\":true,\"valueName\":\"search_term_string\"}}],\"inLanguage\":\"es\"},{\"@type\":\"Organization\",\"@id\":\"https:\/\/www.astronomy.tours\/#organization\",\"name\":\"Astronomy Tours S.COOP\",\"url\":\"https:\/\/www.astronomy.tours\/\",\"logo\":{\"@type\":\"ImageObject\",\"inLanguage\":\"es\",\"@id\":\"https:\/\/www.astronomy.tours\/#\/schema\/logo\/image\/\",\"url\":\"https:\/\/www.astronomy.tours\/wp-content\/uploads\/2026\/02\/logo-astronomy-tours-black-small.png\",\"contentUrl\":\"https:\/\/www.astronomy.tours\/wp-content\/uploads\/2026\/02\/logo-astronomy-tours-black-small.png\",\"width\":2000,\"height\":740,\"caption\":\"Astronomy Tours S.COOP\"},\"image\":{\"@id\":\"https:\/\/www.astronomy.tours\/#\/schema\/logo\/image\/\"},\"sameAs\":[\"https:\/\/www.facebook.com\/astronomy.tours\/\",\"https:\/\/www.instagram.com\/astronomytours\/?hl=en\"]}]}<\/script>\n<!-- \/ Yoast SEO plugin. -->","yoast_head_json":{"title":"Gafas para Observaci\u00f3n Solar - Astronomy Tours","robots":{"index":"index","follow":"follow","max-snippet":"max-snippet:-1","max-image-preview":"max-image-preview:large","max-video-preview":"max-video-preview:-1"},"canonical":"https:\/\/www.astronomy.tours\/es\/producto\/gafas-de-observacion-solar\/","og_locale":"es_ES","og_type":"article","og_title":"Gafas para Observaci\u00f3n Solar - Astronomy Tours","og_description":"Observa los eclipses solares y disfruta de la observaci\u00f3n solar con confianza utilizando nuestras Gafas Certificadas para Observaci\u00f3n Solar. Estas duraderas gafas de cart\u00f3n est\u00e1n dise\u00f1adas para cumplir con rigurosos est\u00e1ndares de seguridad para la observaci\u00f3n solar.","og_url":"https:\/\/www.astronomy.tours\/es\/producto\/gafas-de-observacion-solar\/","og_site_name":"Astronomy Tours","article_publisher":"https:\/\/www.facebook.com\/astronomy.tours\/","article_modified_time":"2024-06-05T12:38:40+00:00","og_image":[{"width":2000,"height":2000,"url":"https:\/\/www.astronomy.tours\/wp-content\/uploads\/2024\/05\/4-1.webp","type":"image\/webp"}],"twitter_card":"summary_large_image","twitter_misc":{"Tiempo de lectura":"1 minuto"},"schema":{"@context":"https:\/\/schema.org","@graph":[{"@type":"WebPage","@id":"https:\/\/www.astronomy.tours\/es\/producto\/gafas-de-observacion-solar\/","url":"https:\/\/www.astronomy.tours\/es\/producto\/gafas-de-observacion-solar\/","name":"Gafas para Observaci\u00f3n Solar - Astronomy Tours","isPartOf":{"@id":"https:\/\/www.astronomy.tours\/#website"},"primaryImageOfPage":{"@id":"https:\/\/www.astronomy.tours\/es\/producto\/gafas-de-observacion-solar\/#primaryimage"},"image":{"@id":"https:\/\/www.astronomy.tours\/es\/producto\/gafas-de-observacion-solar\/#primaryimage"},"thumbnailUrl":"https:\/\/www.astronomy.tours\/wp-content\/uploads\/2024\/05\/4-1.webp","datePublished":"2024-05-21T08:41:13+00:00","dateModified":"2024-06-05T12:38:40+00:00","breadcrumb":{"@id":"https:\/\/www.astronomy.tours\/es\/producto\/gafas-de-observacion-solar\/#breadcrumb"},"inLanguage":"es","potentialAction":[{"@type":"ReadAction","target":["https:\/\/www.astronomy.tours\/es\/producto\/gafas-de-observacion-solar\/"]}]},{"@type":"ImageObject","inLanguage":"es","@id":"https:\/\/www.astronomy.tours\/es\/producto\/gafas-de-observacion-solar\/#primaryimage","url":"https:\/\/www.astronomy.tours\/wp-content\/uploads\/2024\/05\/4-1.webp","contentUrl":"https:\/\/www.astronomy.tours\/wp-content\/uploads\/2024\/05\/4-1.webp","width":2000,"height":2000},{"@type":"BreadcrumbList","@id":"https:\/\/www.astronomy.tours\/es\/producto\/gafas-de-observacion-solar\/#breadcrumb","itemListElement":[{"@type":"ListItem","position":1,"name":"Home","item":"https:\/\/www.astronomy.tours\/es\/"},{"@type":"ListItem","position":2,"name":"Tienda","item":"https:\/\/www.astronomy.tours\/es\/tienda\/"},{"@type":"ListItem","position":3,"name":"Gafas para Observaci\u00f3n Solar"}]},{"@type":"WebSite","@id":"https:\/\/www.astronomy.tours\/#website","url":"https:\/\/www.astronomy.tours\/","name":"Astronomy Tours","description":"Astronomical tours","publisher":{"@id":"https:\/\/www.astronomy.tours\/#organization"},"potentialAction":[{"@type":"SearchAction","target":{"@type":"EntryPoint","urlTemplate":"https:\/\/www.astronomy.tours\/?s={search_term_string}"},"query-input":{"@type":"PropertyValueSpecification","valueRequired":true,"valueName":"search_term_string"}}],"inLanguage":"es"},{"@type":"Organization","@id":"https:\/\/www.astronomy.tours\/#organization","name":"Astronomy Tours S.COOP","url":"https:\/\/www.astronomy.tours\/","logo":{"@type":"ImageObject","inLanguage":"es","@id":"https:\/\/www.astronomy.tours\/#\/schema\/logo\/image\/","url":"https:\/\/www.astronomy.tours\/wp-content\/uploads\/2026\/02\/logo-astronomy-tours-black-small.png","contentUrl":"https:\/\/www.astronomy.tours\/wp-content\/uploads\/2026\/02\/logo-astronomy-tours-black-small.png","width":2000,"height":740,"caption":"Astronomy Tours S.COOP"},"image":{"@id":"https:\/\/www.astronomy.tours\/#\/schema\/logo\/image\/"},"sameAs":["https:\/\/www.facebook.com\/astronomy.tours\/","https:\/\/www.instagram.com\/astronomytours\/?hl=en"]}]}},"brands":[],"_links":{"self":[{"href":"https:\/\/www.astronomy.tours\/es\/wp-json\/wp\/v2\/product\/2396","targetHints":{"allow":["GET"]}}],"collection":[{"href":"https:\/\/www.astronomy.tours\/es\/wp-json\/wp\/v2\/product"}],"about":[{"href":"https:\/\/www.astronomy.tours\/es\/wp-json\/wp\/v2\/types\/product"}],"replies":[{"embeddable":true,"href":"https:\/\/www.astronomy.tours\/es\/wp-json\/wp\/v2\/comments?post=2396"}],"wp:featuredmedia":[{"embeddable":true,"href":"https:\/\/www.astronomy.tours\/es\/wp-json\/wp\/v2\/media\/3021"}],"wp:attachment":[{"href":"https:\/\/www.astronomy.tours\/es\/wp-json\/wp\/v2\/media?parent=2396"}],"wp:term":[{"taxonomy":"pwb-brand","embeddable":true,"href":"https:\/\/www.astronomy.tours\/es\/wp-json\/wp\/v2\/pwb-brand?post=2396"},{"taxonomy":"product_brand","embeddable":true,"href":"https:\/\/www.astronomy.tours\/es\/wp-json\/wp\/v2\/product_brand?post=2396"},{"taxonomy":"product_cat","embeddable":true,"href":"https:\/\/www.astronomy.tours\/es\/wp-json\/wp\/v2\/product_cat?post=2396"},{"taxonomy":"product_tag","embeddable":true,"href":"https:\/\/www.astronomy.tours\/es\/wp-json\/wp\/v2\/product_tag?post=2396"}],"curies":[{"name":"wp","href":"https:\/\/api.w.org\/{rel}","templated":true}]}}