{"id":1119,"date":"2024-04-09T12:50:11","date_gmt":"2024-04-09T10:50:11","guid":{"rendered":"https:\/\/astronomy-new.imoli.com.pl\/product\/dobson-254-1200\/"},"modified":"2024-06-05T14:03:56","modified_gmt":"2024-06-05T12:03:56","slug":"dobson-254-1200","status":"publish","type":"product","link":"https:\/\/www.astronomy.tours\/es\/producto\/dobson-254-1200\/","title":{"rendered":"Dobson 254\/1200"},"content":{"rendered":"<p class=\"p1\"><strong>Simplicidad y Precisi\u00f3n de las Monturas Dobson:<\/strong><\/p>\n<p class=\"p1\">\u00danete a las filas de astr\u00f3nomos aficionados y fabricantes de telescopios que aprecian la simplicidad y funcionalidad de las monturas Dobsonianas. Con el embrague de ajuste de tensi\u00f3n patentado de SkyWatcher, tienes el poder de ajustar finamente la fricci\u00f3n entre el tubo y el lateral de la montura. Experimenta un control inigualable sobre tu experiencia de observaci\u00f3n, desde ajustes sin esfuerzo hasta asegurar el tubo firmemente en su lugar para una observaci\u00f3n estable.<\/p>\n<p class=\"p1\"><strong>Especificaciones T\u00e9cnicas:<\/strong><\/p>\n<ul>\n<li class=\"p1\">Dise\u00f1o \u00d3ptico: Reflector Newtoniano<\/li>\n<li class=\"p1\">Apertura: 254mm<\/li>\n<li class=\"p1\">Longitud Focal: 1200mm<\/li>\n<li class=\"p1\">Relaci\u00f3n Focal: f\/4.7<\/li>\n<li class=\"p1\">Aumento M\u00e1ximo Recomendado: 508x<\/li>\n<li class=\"p1\">Magnitud Estelar L\u00edmite: 14.1<\/li>\n<li class=\"p1\">Poder Resolutivo: 0.47 segundos de arco<\/li>\n<li class=\"p1\">Porta Oculares: 2&#8243; (con adaptador de 1.25&#8243;)<\/li>\n<li class=\"p1\">Dimensiones del Tubo: 380 x (800mm-1120mm)<\/li>\n<li class=\"p1\">Peso: 15kg<\/li>\n<li class=\"p1\">Oculares: SP10 y SP26<\/li>\n<li class=\"p1\">Buscador: 8&#215;50<\/li>\n<li class=\"p1\">Montura: Dobson 10\u201d<\/li>\n<\/ul>\n<p class=\"p1\"><strong>Conjunto Completo para la Exploraci\u00f3n Definitiva:<\/strong><\/p>\n<p class=\"p1\">Este paquete de telescopio incluye todo lo que necesitas para emprender un viaje inolvidable a trav\u00e9s del cosmos. Desde los vers\u00e1tiles oculares Super hasta el preciso buscador, cada componente est\u00e1 cuidadosamente seleccionado para mejorar tu experiencia de observaci\u00f3n y capturar la belleza del cielo nocturno.<\/p>\n<p class=\"p1\">Experimenta la emoci\u00f3n del descubrimiento con el Telescopio SkyWatcher Dobson Classic 10&#8243;. Es m\u00e1s que solo un telescopio: es tu puerta a las maravillas del espacio profundo.<\/p>\n","protected":false},"excerpt":{"rendered":"<p class=\"p1\"><strong>Explora las Maravillas del Cielo Profundo con el Telescopio SkyWatcher Dobson Classic 10&#8243;<\/strong><\/p>\n<p class=\"p1\">Prep\u00e1rate para sorprenderte con el Telescopio SkyWatcher Dobson Classic 10&#8243;, uno de los mejores telescopios Dobsonianos del mercado, ofrecido a un precio incre\u00edble. Dise\u00f1ado para los entusiastas de la observaci\u00f3n del cielo profundo, este telescopio SkyWatcher promete vistas impresionantes de las maravillas celestiales.<\/p>\n","protected":false},"featured_media":1528,"comment_status":"open","ping_status":"closed","template":"","meta":[],"pwb-brand":[229],"product_brand":[],"product_cat":[121,77],"product_tag":[],"class_list":{"0":"post-1119","1":"product","2":"type-product","3":"status-publish","4":"has-post-thumbnail","6":"pwb-brand-skywatcher-es","7":"product_cat-telescopios","8":"product_cat-equipo","10":"first","11":"instock","12":"shipping-taxable","13":"purchasable","14":"product-type-simple"},"yoast_head":"<!-- This site is optimized with the Yoast SEO plugin v25.3 - https:\/\/yoast.com\/wordpress\/plugins\/seo\/ -->\n<title>Dobson 254\/1200 - Astronomy Tours<\/title>\n<meta name=\"robots\" content=\"index, follow, max-snippet:-1, max-image-preview:large, max-video-preview:-1\" \/>\n<link rel=\"canonical\" href=\"https:\/\/www.astronomy.tours\/producto\/dobson-254-1200\/\" \/>\n<meta property=\"og:locale\" content=\"es_ES\" \/>\n<meta property=\"og:type\" content=\"article\" \/>\n<meta property=\"og:title\" content=\"Dobson 254\/1200 - Astronomy Tours\" \/>\n<meta property=\"og:description\" content=\"Explora las Maravillas del Cielo Profundo con el Telescopio SkyWatcher Dobson Classic 10&quot; Prep\u00e1rate para sorprenderte con el Telescopio SkyWatcher Dobson Classic 10&quot;, uno de los mejores telescopios Dobsonianos del mercado, ofrecido a un precio incre\u00edble. Dise\u00f1ado para los entusiastas de la observaci\u00f3n del cielo profundo, este telescopio SkyWatcher promete vistas impresionantes de las maravillas celestiales.\" \/>\n<meta property=\"og:url\" content=\"https:\/\/www.astronomy.tours\/producto\/dobson-254-1200\/\" \/>\n<meta property=\"og:site_name\" content=\"Astronomy Tours\" \/>\n<meta property=\"article:publisher\" content=\"https:\/\/www.facebook.com\/astronomy.tours\/\" \/>\n<meta property=\"article:modified_time\" content=\"2024-06-05T12:03:56+00:00\" \/>\n<meta property=\"og:image\" content=\"https:\/\/www.astronomy.tours\/wp-content\/uploads\/2024\/04\/SW0055-1-1.webp\" \/>\n\t<meta property=\"og:image:width\" content=\"1150\" \/>\n\t<meta property=\"og:image:height\" content=\"1150\" \/>\n\t<meta property=\"og:image:type\" content=\"image\/webp\" \/>\n<meta name=\"twitter:card\" content=\"summary_large_image\" \/>\n<meta name=\"twitter:label1\" content=\"Tiempo de lectura\" \/>\n\t<meta name=\"twitter:data1\" content=\"1 minuto\" \/>\n<script type=\"application\/ld+json\" class=\"yoast-schema-graph\">{\"@context\":\"https:\/\/schema.org\",\"@graph\":[{\"@type\":\"WebPage\",\"@id\":\"https:\/\/www.astronomy.tours\/producto\/dobson-254-1200\/\",\"url\":\"https:\/\/www.astronomy.tours\/producto\/dobson-254-1200\/\",\"name\":\"Dobson 254\/1200 - Astronomy Tours\",\"isPartOf\":{\"@id\":\"https:\/\/www.astronomy.tours\/#website\"},\"primaryImageOfPage\":{\"@id\":\"https:\/\/www.astronomy.tours\/producto\/dobson-254-1200\/#primaryimage\"},\"image\":{\"@id\":\"https:\/\/www.astronomy.tours\/producto\/dobson-254-1200\/#primaryimage\"},\"thumbnailUrl\":\"https:\/\/www.astronomy.tours\/wp-content\/uploads\/2024\/04\/SW0055-1-1.webp\",\"datePublished\":\"2024-04-09T10:50:11+00:00\",\"dateModified\":\"2024-06-05T12:03:56+00:00\",\"breadcrumb\":{\"@id\":\"https:\/\/www.astronomy.tours\/producto\/dobson-254-1200\/#breadcrumb\"},\"inLanguage\":\"es\",\"potentialAction\":[{\"@type\":\"ReadAction\",\"target\":[\"https:\/\/www.astronomy.tours\/producto\/dobson-254-1200\/\"]}]},{\"@type\":\"ImageObject\",\"inLanguage\":\"es\",\"@id\":\"https:\/\/www.astronomy.tours\/producto\/dobson-254-1200\/#primaryimage\",\"url\":\"https:\/\/www.astronomy.tours\/wp-content\/uploads\/2024\/04\/SW0055-1-1.webp\",\"contentUrl\":\"https:\/\/www.astronomy.tours\/wp-content\/uploads\/2024\/04\/SW0055-1-1.webp\",\"width\":1150,\"height\":1150},{\"@type\":\"BreadcrumbList\",\"@id\":\"https:\/\/www.astronomy.tours\/producto\/dobson-254-1200\/#breadcrumb\",\"itemListElement\":[{\"@type\":\"ListItem\",\"position\":1,\"name\":\"Home\",\"item\":\"https:\/\/www.astronomy.tours\/es\/\"},{\"@type\":\"ListItem\",\"position\":2,\"name\":\"Tienda\",\"item\":\"https:\/\/www.astronomy.tours\/es\/tienda\/\"},{\"@type\":\"ListItem\",\"position\":3,\"name\":\"Dobson 254\/1200\"}]},{\"@type\":\"WebSite\",\"@id\":\"https:\/\/www.astronomy.tours\/#website\",\"url\":\"https:\/\/www.astronomy.tours\/\",\"name\":\"Astronomy Tours\",\"description\":\"Astronomical tours\",\"publisher\":{\"@id\":\"https:\/\/www.astronomy.tours\/#organization\"},\"potentialAction\":[{\"@type\":\"SearchAction\",\"target\":{\"@type\":\"EntryPoint\",\"urlTemplate\":\"https:\/\/www.astronomy.tours\/?s={search_term_string}\"},\"query-input\":{\"@type\":\"PropertyValueSpecification\",\"valueRequired\":true,\"valueName\":\"search_term_string\"}}],\"inLanguage\":\"es\"},{\"@type\":\"Organization\",\"@id\":\"https:\/\/www.astronomy.tours\/#organization\",\"name\":\"Astronomy Tours S.COOP\",\"url\":\"https:\/\/www.astronomy.tours\/\",\"logo\":{\"@type\":\"ImageObject\",\"inLanguage\":\"es\",\"@id\":\"https:\/\/www.astronomy.tours\/#\/schema\/logo\/image\/\",\"url\":\"https:\/\/www.astronomy.tours\/wp-content\/uploads\/2026\/02\/logo-astronomy-tours-black-small.png\",\"contentUrl\":\"https:\/\/www.astronomy.tours\/wp-content\/uploads\/2026\/02\/logo-astronomy-tours-black-small.png\",\"width\":2000,\"height\":740,\"caption\":\"Astronomy Tours S.COOP\"},\"image\":{\"@id\":\"https:\/\/www.astronomy.tours\/#\/schema\/logo\/image\/\"},\"sameAs\":[\"https:\/\/www.facebook.com\/astronomy.tours\/\",\"https:\/\/www.instagram.com\/astronomytours\/?hl=en\"]}]}<\/script>\n<!-- \/ Yoast SEO plugin. -->","yoast_head_json":{"title":"Dobson 254\/1200 - Astronomy Tours","robots":{"index":"index","follow":"follow","max-snippet":"max-snippet:-1","max-image-preview":"max-image-preview:large","max-video-preview":"max-video-preview:-1"},"canonical":"https:\/\/www.astronomy.tours\/producto\/dobson-254-1200\/","og_locale":"es_ES","og_type":"article","og_title":"Dobson 254\/1200 - Astronomy Tours","og_description":"Explora las Maravillas del Cielo Profundo con el Telescopio SkyWatcher Dobson Classic 10\" Prep\u00e1rate para sorprenderte con el Telescopio SkyWatcher Dobson Classic 10\", uno de los mejores telescopios Dobsonianos del mercado, ofrecido a un precio incre\u00edble. Dise\u00f1ado para los entusiastas de la observaci\u00f3n del cielo profundo, este telescopio SkyWatcher promete vistas impresionantes de las maravillas celestiales.","og_url":"https:\/\/www.astronomy.tours\/producto\/dobson-254-1200\/","og_site_name":"Astronomy Tours","article_publisher":"https:\/\/www.facebook.com\/astronomy.tours\/","article_modified_time":"2024-06-05T12:03:56+00:00","og_image":[{"width":1150,"height":1150,"url":"https:\/\/www.astronomy.tours\/wp-content\/uploads\/2024\/04\/SW0055-1-1.webp","type":"image\/webp"}],"twitter_card":"summary_large_image","twitter_misc":{"Tiempo de lectura":"1 minuto"},"schema":{"@context":"https:\/\/schema.org","@graph":[{"@type":"WebPage","@id":"https:\/\/www.astronomy.tours\/producto\/dobson-254-1200\/","url":"https:\/\/www.astronomy.tours\/producto\/dobson-254-1200\/","name":"Dobson 254\/1200 - Astronomy Tours","isPartOf":{"@id":"https:\/\/www.astronomy.tours\/#website"},"primaryImageOfPage":{"@id":"https:\/\/www.astronomy.tours\/producto\/dobson-254-1200\/#primaryimage"},"image":{"@id":"https:\/\/www.astronomy.tours\/producto\/dobson-254-1200\/#primaryimage"},"thumbnailUrl":"https:\/\/www.astronomy.tours\/wp-content\/uploads\/2024\/04\/SW0055-1-1.webp","datePublished":"2024-04-09T10:50:11+00:00","dateModified":"2024-06-05T12:03:56+00:00","breadcrumb":{"@id":"https:\/\/www.astronomy.tours\/producto\/dobson-254-1200\/#breadcrumb"},"inLanguage":"es","potentialAction":[{"@type":"ReadAction","target":["https:\/\/www.astronomy.tours\/producto\/dobson-254-1200\/"]}]},{"@type":"ImageObject","inLanguage":"es","@id":"https:\/\/www.astronomy.tours\/producto\/dobson-254-1200\/#primaryimage","url":"https:\/\/www.astronomy.tours\/wp-content\/uploads\/2024\/04\/SW0055-1-1.webp","contentUrl":"https:\/\/www.astronomy.tours\/wp-content\/uploads\/2024\/04\/SW0055-1-1.webp","width":1150,"height":1150},{"@type":"BreadcrumbList","@id":"https:\/\/www.astronomy.tours\/producto\/dobson-254-1200\/#breadcrumb","itemListElement":[{"@type":"ListItem","position":1,"name":"Home","item":"https:\/\/www.astronomy.tours\/es\/"},{"@type":"ListItem","position":2,"name":"Tienda","item":"https:\/\/www.astronomy.tours\/es\/tienda\/"},{"@type":"ListItem","position":3,"name":"Dobson 254\/1200"}]},{"@type":"WebSite","@id":"https:\/\/www.astronomy.tours\/#website","url":"https:\/\/www.astronomy.tours\/","name":"Astronomy Tours","description":"Astronomical tours","publisher":{"@id":"https:\/\/www.astronomy.tours\/#organization"},"potentialAction":[{"@type":"SearchAction","target":{"@type":"EntryPoint","urlTemplate":"https:\/\/www.astronomy.tours\/?s={search_term_string}"},"query-input":{"@type":"PropertyValueSpecification","valueRequired":true,"valueName":"search_term_string"}}],"inLanguage":"es"},{"@type":"Organization","@id":"https:\/\/www.astronomy.tours\/#organization","name":"Astronomy Tours S.COOP","url":"https:\/\/www.astronomy.tours\/","logo":{"@type":"ImageObject","inLanguage":"es","@id":"https:\/\/www.astronomy.tours\/#\/schema\/logo\/image\/","url":"https:\/\/www.astronomy.tours\/wp-content\/uploads\/2026\/02\/logo-astronomy-tours-black-small.png","contentUrl":"https:\/\/www.astronomy.tours\/wp-content\/uploads\/2026\/02\/logo-astronomy-tours-black-small.png","width":2000,"height":740,"caption":"Astronomy Tours S.COOP"},"image":{"@id":"https:\/\/www.astronomy.tours\/#\/schema\/logo\/image\/"},"sameAs":["https:\/\/www.facebook.com\/astronomy.tours\/","https:\/\/www.instagram.com\/astronomytours\/?hl=en"]}]}},"brands":[{"id":229,"name":"SKYWATCHER","slug":"skywatcher-es"}],"_links":{"self":[{"href":"https:\/\/www.astronomy.tours\/es\/wp-json\/wp\/v2\/product\/1119","targetHints":{"allow":["GET"]}}],"collection":[{"href":"https:\/\/www.astronomy.tours\/es\/wp-json\/wp\/v2\/product"}],"about":[{"href":"https:\/\/www.astronomy.tours\/es\/wp-json\/wp\/v2\/types\/product"}],"replies":[{"embeddable":true,"href":"https:\/\/www.astronomy.tours\/es\/wp-json\/wp\/v2\/comments?post=1119"}],"wp:featuredmedia":[{"embeddable":true,"href":"https:\/\/www.astronomy.tours\/es\/wp-json\/wp\/v2\/media\/1528"}],"wp:attachment":[{"href":"https:\/\/www.astronomy.tours\/es\/wp-json\/wp\/v2\/media?parent=1119"}],"wp:term":[{"taxonomy":"pwb-brand","embeddable":true,"href":"https:\/\/www.astronomy.tours\/es\/wp-json\/wp\/v2\/pwb-brand?post=1119"},{"taxonomy":"product_brand","embeddable":true,"href":"https:\/\/www.astronomy.tours\/es\/wp-json\/wp\/v2\/product_brand?post=1119"},{"taxonomy":"product_cat","embeddable":true,"href":"https:\/\/www.astronomy.tours\/es\/wp-json\/wp\/v2\/product_cat?post=1119"},{"taxonomy":"product_tag","embeddable":true,"href":"https:\/\/www.astronomy.tours\/es\/wp-json\/wp\/v2\/product_tag?post=1119"}],"curies":[{"name":"wp","href":"https:\/\/api.w.org\/{rel}","templated":true}]}}