{"id":1110,"date":"2024-04-09T14:37:37","date_gmt":"2024-04-09T12:37:37","guid":{"rendered":"https:\/\/astronomy-new.imoli.com.pl\/product\/dobson-305-1500-tubo-flexible-go-to-wif\/"},"modified":"2024-04-09T14:37:37","modified_gmt":"2024-04-09T12:37:37","slug":"dobson-305-1500-tubo-flexible-go-to-wif","status":"publish","type":"product","link":"https:\/\/www.astronomy.tours\/es\/producto\/dobson-305-1500-tubo-flexible-go-to-wif\/","title":{"rendered":"Dobson 305\/1500 Tubo flexible Go-To Wif"},"content":{"rendered":"<h3 class=\"p1\">**Observatorio port\u00e1til:**<\/h3>\n<p class=\"p1\">Experimenta el nacimiento de un observatorio astron\u00f3mico port\u00e1til con la emocionante serie de telescopios SkyWatcher DOBSON con funci\u00f3n Go-To. Explora con facilidad las maravillas del Universo, desde las nebulosas hasta los c\u00famulos estelares y las galaxias. El sistema patentado de tubo Dobson retr\u00e1ctil garantiza una portabilidad y unas prestaciones \u00f3pticas inigualables.<\/p>\n<h3 class=\"p1\">**Configuraci\u00f3n y calibraci\u00f3n sin esfuerzo:**<\/h3>\n<p class=\"p1\">Dise\u00f1ado para mayor comodidad, el Telescopio Wi-Fi Dobson BK 12 Go-To presenta un dise\u00f1o compacto de dos piezas que requiere un tiempo de montaje m\u00ednimo. Una vez montado, colimar el telescopio es un proceso sencillo, que proporciona un rendimiento \u00f3ptimo durante toda la noche. El embrague de ajuste de tensi\u00f3n patentado permite a los usuarios ajustar con precisi\u00f3n la fricci\u00f3n para un seguimiento suave sin un equilibrio perfecto.<\/p>\n<h3 class=\"p1\">**Control y navegaci\u00f3n avanzados:**<\/h3>\n<p class=\"p1\">Navega por el cosmos con precisi\u00f3n utilizando el panel de control SynScanTM AZ, que ofrece una completa base de datos de m\u00e1s de 42.900 objetos celestes. Apunta y dispara f\u00e1cilmente con el intuitivo sistema de men\u00fas, que incluye m\u00e9todos de alineaci\u00f3n con la estrella m\u00e1s brillante y con dos estrellas para una configuraci\u00f3n sin problemas. El dise\u00f1o de doble codificador permite el movimiento manual sin realineaci\u00f3n, mejorando la comodidad del usuario.<\/p>\n<h3 class=\"p1\">**M\u00f3dulo Wi-Fi integrado<\/h3>\n<p class=\"p1\">El telescopio Dobson BK 12 Go-To Wi-Fi viene equipado con un adaptador Wi-Fi integrado, que permite el control inal\u00e1mbrico de tu montura SkyWatcher Go-To mediante tu smartphone o tableta. S\u00f3lo tienes que descargar la aplicaci\u00f3n SynScan de Google Play o Apple App Store para disfrutar de una conectividad perfecta y acceder a la amplia base de datos de objetos para observar sin esfuerzo.<\/p>\n<h3 class=\"p1\">**Dise\u00f1o preparado para la astrofotograf\u00eda:**<\/h3>\n<p class=\"p1\">Capta im\u00e1genes asombrosas del cosmos con el dise\u00f1o preparado para astrofotograf\u00eda del Telescopio Wi-Fi Dobson BK 12 Go-To. Con un sistema \u00f3ptico reflector newtoniano, un di\u00e1metro de 305 mm y una distancia focal de 1.500 mm, este telescopio ofrece una capacidad excepcional de captaci\u00f3n de luz y una resoluci\u00f3n impresionante para obtener im\u00e1genes de objetos del espacio profundo. El telescopio incluye los oculares SP10 y SP26, junto con un buscador 8&#215;50, esencial para la astrofotograf\u00eda.<\/p>\n<h3 class=\"p1\">**Especificaciones t\u00e9cnicas<\/h3>\n<ul>\n<li class=\"p1\">Dise\u00f1o \u00f3ptico: Reflector newtoniano<\/li>\n<li class=\"p1\">Di\u00e1metro: 305 mm<\/li>\n<li class=\"p1\">Longitud focal: 1500 mm<\/li>\n<li class=\"p1\">Relaci\u00f3n focal: f\/4,9<\/li>\n<li class=\"p1\">Aumento m\u00e1ximo recomendado: 610x<\/li>\n<li class=\"p1\">Magnitud estelar l\u00edmite: 14,5<\/li>\n<li class=\"p1\">Poder de resoluci\u00f3n: 0,39 segundos de arco<\/li>\n<li class=\"p1\">Soporte del ocular: 2&#8243; (con adaptador a 1,25&#8243;)- Dimensiones del tubo: 450 x (920 mm-1400 mm)<\/li>\n<li class=\"p1\">Peso: 21Kg<\/li>\n<li class=\"p1\">Oculares: SP10 y SP26<\/li>\n<li class=\"p1\">Buscador: 8&#215;50<\/li>\n<li class=\"p1\">Montura: Dobson retr\u00e1ctil de 12&#8243; (plegable)<\/li>\n<\/ul>\n<p class=\"p1\">Desata tu pasi\u00f3n por la astronom\u00eda y explora las profundidades del espacio con el Telescopio SkyWatcher Dobson BK 12 Go-To Wi-Fi. Tanto si eres un astr\u00f3nomo experimentado como un principiante, este telescopio ofrece la combinaci\u00f3n perfecta de precisi\u00f3n, portabilidad y tecnolog\u00eda avanzada para elevar tus aventuras de observaci\u00f3n de las estrellas.<\/p>\n","protected":false},"excerpt":{"rendered":"<h3 class=\"p1\">Emb\u00e1rcate en la exploraci\u00f3n del espacio profundo con el telescopio Wi-Fi SkyWatcher Dobson BK 12 Go-To<\/h3>\n<p class=\"p1\">El telescopio SkyWatcher Dobson BK 12 Go-To Wi-Fi es un instrumento espectacular para la observaci\u00f3n del espacio profundo, que ofrece una calidad excepcional y funciones avanzadas. Con su sistema de control SynScanTM AZ, este telescopio permite apuntar con precisi\u00f3n a los objetos celestes, revolucionando tu experiencia de observaci\u00f3n de las estrellas.<\/p>\n","protected":false},"featured_media":1609,"comment_status":"open","ping_status":"closed","template":"","meta":[],"pwb-brand":[229],"product_brand":[],"product_cat":[121,77],"product_tag":[],"class_list":{"0":"post-1110","1":"product","2":"type-product","3":"status-publish","4":"has-post-thumbnail","6":"pwb-brand-skywatcher-es","7":"product_cat-telescopios","8":"product_cat-equipo","10":"first","11":"instock","12":"shipping-taxable","13":"purchasable","14":"product-type-simple"},"yoast_head":"<!-- This site is optimized with the Yoast SEO plugin v25.3 - https:\/\/yoast.com\/wordpress\/plugins\/seo\/ -->\n<title>Dobson 305\/1500 Tubo flexible Go-To Wif - Astronomy Tours<\/title>\n<meta name=\"robots\" content=\"index, follow, max-snippet:-1, max-image-preview:large, max-video-preview:-1\" \/>\n<link rel=\"canonical\" href=\"https:\/\/www.astronomy.tours\/producto\/dobson-305-1500-flex-tube-go-to-wif\/\" \/>\n<meta property=\"og:locale\" content=\"es_ES\" \/>\n<meta property=\"og:type\" content=\"article\" \/>\n<meta property=\"og:title\" content=\"Dobson 305\/1500 Tubo flexible Go-To Wif - Astronomy Tours\" \/>\n<meta property=\"og:description\" content=\"Emb\u00e1rcate en la exploraci\u00f3n del espacio profundo con el telescopio Wi-Fi SkyWatcher Dobson BK 12 Go-To El telescopio SkyWatcher Dobson BK 12 Go-To Wi-Fi es un instrumento espectacular para la observaci\u00f3n del espacio profundo, que ofrece una calidad excepcional y funciones avanzadas. Con su sistema de control SynScanTM AZ, este telescopio permite apuntar con precisi\u00f3n a los objetos celestes, revolucionando tu experiencia de observaci\u00f3n de las estrellas.\" \/>\n<meta property=\"og:url\" content=\"https:\/\/www.astronomy.tours\/producto\/dobson-305-1500-flex-tube-go-to-wif\/\" \/>\n<meta property=\"og:site_name\" content=\"Astronomy Tours\" \/>\n<meta property=\"article:publisher\" content=\"https:\/\/www.facebook.com\/astronomy.tours\/\" \/>\n<meta property=\"og:image\" content=\"https:\/\/www.astronomy.tours\/wp-content\/uploads\/2024\/04\/SW0065-1jpg-1.webp\" \/>\n\t<meta property=\"og:image:width\" content=\"882\" \/>\n\t<meta property=\"og:image:height\" content=\"1150\" \/>\n\t<meta property=\"og:image:type\" content=\"image\/webp\" \/>\n<meta name=\"twitter:card\" content=\"summary_large_image\" \/>\n<meta name=\"twitter:label1\" content=\"Tiempo de lectura\" \/>\n\t<meta name=\"twitter:data1\" content=\"2 minutos\" \/>\n<script type=\"application\/ld+json\" class=\"yoast-schema-graph\">{\"@context\":\"https:\/\/schema.org\",\"@graph\":[{\"@type\":\"WebPage\",\"@id\":\"https:\/\/www.astronomy.tours\/producto\/dobson-305-1500-flex-tube-go-to-wif\/\",\"url\":\"https:\/\/www.astronomy.tours\/producto\/dobson-305-1500-flex-tube-go-to-wif\/\",\"name\":\"Dobson 305\/1500 Tubo flexible Go-To Wif - Astronomy Tours\",\"isPartOf\":{\"@id\":\"https:\/\/www.astronomy.tours\/#website\"},\"primaryImageOfPage\":{\"@id\":\"https:\/\/www.astronomy.tours\/producto\/dobson-305-1500-flex-tube-go-to-wif\/#primaryimage\"},\"image\":{\"@id\":\"https:\/\/www.astronomy.tours\/producto\/dobson-305-1500-flex-tube-go-to-wif\/#primaryimage\"},\"thumbnailUrl\":\"https:\/\/www.astronomy.tours\/wp-content\/uploads\/2024\/04\/SW0065-1jpg-1.webp\",\"datePublished\":\"2024-04-09T12:37:37+00:00\",\"breadcrumb\":{\"@id\":\"https:\/\/www.astronomy.tours\/producto\/dobson-305-1500-flex-tube-go-to-wif\/#breadcrumb\"},\"inLanguage\":\"es\",\"potentialAction\":[{\"@type\":\"ReadAction\",\"target\":[\"https:\/\/www.astronomy.tours\/producto\/dobson-305-1500-flex-tube-go-to-wif\/\"]}]},{\"@type\":\"ImageObject\",\"inLanguage\":\"es\",\"@id\":\"https:\/\/www.astronomy.tours\/producto\/dobson-305-1500-flex-tube-go-to-wif\/#primaryimage\",\"url\":\"https:\/\/www.astronomy.tours\/wp-content\/uploads\/2024\/04\/SW0065-1jpg-1.webp\",\"contentUrl\":\"https:\/\/www.astronomy.tours\/wp-content\/uploads\/2024\/04\/SW0065-1jpg-1.webp\",\"width\":882,\"height\":1150},{\"@type\":\"BreadcrumbList\",\"@id\":\"https:\/\/www.astronomy.tours\/producto\/dobson-305-1500-flex-tube-go-to-wif\/#breadcrumb\",\"itemListElement\":[{\"@type\":\"ListItem\",\"position\":1,\"name\":\"Home\",\"item\":\"https:\/\/www.astronomy.tours\/es\/\"},{\"@type\":\"ListItem\",\"position\":2,\"name\":\"Tienda\",\"item\":\"https:\/\/www.astronomy.tours\/es\/tienda\/\"},{\"@type\":\"ListItem\",\"position\":3,\"name\":\"Dobson 305\/1500 Tubo flexible Go-To Wif\"}]},{\"@type\":\"WebSite\",\"@id\":\"https:\/\/www.astronomy.tours\/#website\",\"url\":\"https:\/\/www.astronomy.tours\/\",\"name\":\"Astronomy Tours\",\"description\":\"Astronomical tours\",\"publisher\":{\"@id\":\"https:\/\/www.astronomy.tours\/#organization\"},\"potentialAction\":[{\"@type\":\"SearchAction\",\"target\":{\"@type\":\"EntryPoint\",\"urlTemplate\":\"https:\/\/www.astronomy.tours\/?s={search_term_string}\"},\"query-input\":{\"@type\":\"PropertyValueSpecification\",\"valueRequired\":true,\"valueName\":\"search_term_string\"}}],\"inLanguage\":\"es\"},{\"@type\":\"Organization\",\"@id\":\"https:\/\/www.astronomy.tours\/#organization\",\"name\":\"Astronomy Tours S.COOP\",\"url\":\"https:\/\/www.astronomy.tours\/\",\"logo\":{\"@type\":\"ImageObject\",\"inLanguage\":\"es\",\"@id\":\"https:\/\/www.astronomy.tours\/#\/schema\/logo\/image\/\",\"url\":\"https:\/\/www.astronomy.tours\/wp-content\/uploads\/2026\/02\/logo-astronomy-tours-black-small.png\",\"contentUrl\":\"https:\/\/www.astronomy.tours\/wp-content\/uploads\/2026\/02\/logo-astronomy-tours-black-small.png\",\"width\":2000,\"height\":740,\"caption\":\"Astronomy Tours S.COOP\"},\"image\":{\"@id\":\"https:\/\/www.astronomy.tours\/#\/schema\/logo\/image\/\"},\"sameAs\":[\"https:\/\/www.facebook.com\/astronomy.tours\/\",\"https:\/\/www.instagram.com\/astronomytours\/?hl=en\"]}]}<\/script>\n<!-- \/ Yoast SEO plugin. -->","yoast_head_json":{"title":"Dobson 305\/1500 Tubo flexible Go-To Wif - Astronomy Tours","robots":{"index":"index","follow":"follow","max-snippet":"max-snippet:-1","max-image-preview":"max-image-preview:large","max-video-preview":"max-video-preview:-1"},"canonical":"https:\/\/www.astronomy.tours\/producto\/dobson-305-1500-flex-tube-go-to-wif\/","og_locale":"es_ES","og_type":"article","og_title":"Dobson 305\/1500 Tubo flexible Go-To Wif - Astronomy Tours","og_description":"Emb\u00e1rcate en la exploraci\u00f3n del espacio profundo con el telescopio Wi-Fi SkyWatcher Dobson BK 12 Go-To El telescopio SkyWatcher Dobson BK 12 Go-To Wi-Fi es un instrumento espectacular para la observaci\u00f3n del espacio profundo, que ofrece una calidad excepcional y funciones avanzadas. Con su sistema de control SynScanTM AZ, este telescopio permite apuntar con precisi\u00f3n a los objetos celestes, revolucionando tu experiencia de observaci\u00f3n de las estrellas.","og_url":"https:\/\/www.astronomy.tours\/producto\/dobson-305-1500-flex-tube-go-to-wif\/","og_site_name":"Astronomy Tours","article_publisher":"https:\/\/www.facebook.com\/astronomy.tours\/","og_image":[{"width":882,"height":1150,"url":"https:\/\/www.astronomy.tours\/wp-content\/uploads\/2024\/04\/SW0065-1jpg-1.webp","type":"image\/webp"}],"twitter_card":"summary_large_image","twitter_misc":{"Tiempo de lectura":"2 minutos"},"schema":{"@context":"https:\/\/schema.org","@graph":[{"@type":"WebPage","@id":"https:\/\/www.astronomy.tours\/producto\/dobson-305-1500-flex-tube-go-to-wif\/","url":"https:\/\/www.astronomy.tours\/producto\/dobson-305-1500-flex-tube-go-to-wif\/","name":"Dobson 305\/1500 Tubo flexible Go-To Wif - Astronomy Tours","isPartOf":{"@id":"https:\/\/www.astronomy.tours\/#website"},"primaryImageOfPage":{"@id":"https:\/\/www.astronomy.tours\/producto\/dobson-305-1500-flex-tube-go-to-wif\/#primaryimage"},"image":{"@id":"https:\/\/www.astronomy.tours\/producto\/dobson-305-1500-flex-tube-go-to-wif\/#primaryimage"},"thumbnailUrl":"https:\/\/www.astronomy.tours\/wp-content\/uploads\/2024\/04\/SW0065-1jpg-1.webp","datePublished":"2024-04-09T12:37:37+00:00","breadcrumb":{"@id":"https:\/\/www.astronomy.tours\/producto\/dobson-305-1500-flex-tube-go-to-wif\/#breadcrumb"},"inLanguage":"es","potentialAction":[{"@type":"ReadAction","target":["https:\/\/www.astronomy.tours\/producto\/dobson-305-1500-flex-tube-go-to-wif\/"]}]},{"@type":"ImageObject","inLanguage":"es","@id":"https:\/\/www.astronomy.tours\/producto\/dobson-305-1500-flex-tube-go-to-wif\/#primaryimage","url":"https:\/\/www.astronomy.tours\/wp-content\/uploads\/2024\/04\/SW0065-1jpg-1.webp","contentUrl":"https:\/\/www.astronomy.tours\/wp-content\/uploads\/2024\/04\/SW0065-1jpg-1.webp","width":882,"height":1150},{"@type":"BreadcrumbList","@id":"https:\/\/www.astronomy.tours\/producto\/dobson-305-1500-flex-tube-go-to-wif\/#breadcrumb","itemListElement":[{"@type":"ListItem","position":1,"name":"Home","item":"https:\/\/www.astronomy.tours\/es\/"},{"@type":"ListItem","position":2,"name":"Tienda","item":"https:\/\/www.astronomy.tours\/es\/tienda\/"},{"@type":"ListItem","position":3,"name":"Dobson 305\/1500 Tubo flexible Go-To Wif"}]},{"@type":"WebSite","@id":"https:\/\/www.astronomy.tours\/#website","url":"https:\/\/www.astronomy.tours\/","name":"Astronomy Tours","description":"Astronomical tours","publisher":{"@id":"https:\/\/www.astronomy.tours\/#organization"},"potentialAction":[{"@type":"SearchAction","target":{"@type":"EntryPoint","urlTemplate":"https:\/\/www.astronomy.tours\/?s={search_term_string}"},"query-input":{"@type":"PropertyValueSpecification","valueRequired":true,"valueName":"search_term_string"}}],"inLanguage":"es"},{"@type":"Organization","@id":"https:\/\/www.astronomy.tours\/#organization","name":"Astronomy Tours S.COOP","url":"https:\/\/www.astronomy.tours\/","logo":{"@type":"ImageObject","inLanguage":"es","@id":"https:\/\/www.astronomy.tours\/#\/schema\/logo\/image\/","url":"https:\/\/www.astronomy.tours\/wp-content\/uploads\/2026\/02\/logo-astronomy-tours-black-small.png","contentUrl":"https:\/\/www.astronomy.tours\/wp-content\/uploads\/2026\/02\/logo-astronomy-tours-black-small.png","width":2000,"height":740,"caption":"Astronomy Tours S.COOP"},"image":{"@id":"https:\/\/www.astronomy.tours\/#\/schema\/logo\/image\/"},"sameAs":["https:\/\/www.facebook.com\/astronomy.tours\/","https:\/\/www.instagram.com\/astronomytours\/?hl=en"]}]}},"brands":[{"id":229,"name":"SKYWATCHER","slug":"skywatcher-es"}],"_links":{"self":[{"href":"https:\/\/www.astronomy.tours\/es\/wp-json\/wp\/v2\/product\/1110","targetHints":{"allow":["GET"]}}],"collection":[{"href":"https:\/\/www.astronomy.tours\/es\/wp-json\/wp\/v2\/product"}],"about":[{"href":"https:\/\/www.astronomy.tours\/es\/wp-json\/wp\/v2\/types\/product"}],"replies":[{"embeddable":true,"href":"https:\/\/www.astronomy.tours\/es\/wp-json\/wp\/v2\/comments?post=1110"}],"wp:featuredmedia":[{"embeddable":true,"href":"https:\/\/www.astronomy.tours\/es\/wp-json\/wp\/v2\/media\/1609"}],"wp:attachment":[{"href":"https:\/\/www.astronomy.tours\/es\/wp-json\/wp\/v2\/media?parent=1110"}],"wp:term":[{"taxonomy":"pwb-brand","embeddable":true,"href":"https:\/\/www.astronomy.tours\/es\/wp-json\/wp\/v2\/pwb-brand?post=1110"},{"taxonomy":"product_brand","embeddable":true,"href":"https:\/\/www.astronomy.tours\/es\/wp-json\/wp\/v2\/product_brand?post=1110"},{"taxonomy":"product_cat","embeddable":true,"href":"https:\/\/www.astronomy.tours\/es\/wp-json\/wp\/v2\/product_cat?post=1110"},{"taxonomy":"product_tag","embeddable":true,"href":"https:\/\/www.astronomy.tours\/es\/wp-json\/wp\/v2\/product_tag?post=1110"}],"curies":[{"name":"wp","href":"https:\/\/api.w.org\/{rel}","templated":true}]}}