{"id":1088,"date":"2024-04-09T15:18:47","date_gmt":"2024-04-09T13:18:47","guid":{"rendered":"https:\/\/astronomy-new.imoli.com.pl\/product\/prismaticos-skymaster-20x80\/"},"modified":"2024-06-05T15:39:33","modified_gmt":"2024-06-05T13:39:33","slug":"prismaticos-skymaster-20x80","status":"publish","type":"product","link":"https:\/\/www.astronomy.tours\/es\/producto\/prismaticos-skymaster-20x80\/","title":{"rendered":"Prism\u00e1ticos Skymaster 20&#215;80"},"content":{"rendered":"<p class=\"p1\">La serie de binoculares astron\u00f3micos Celestron SkyMaster ha tenido un gran impacto en la astronom\u00eda desde su introducci\u00f3n. Estos binoculares cuentan con una gran apertura, excelente brillo, dise\u00f1o acrom\u00e1tico y un precio inigualable, lo que los convierte en uno de los productos m\u00e1s vendidos para principiantes en la observaci\u00f3n astron\u00f3mica.<\/p>\n<p class=\"p1\"><strong>Caracter\u00edsticas principales:<\/strong><\/p>\n<ul>\n<li class=\"p1\">Dise\u00f1o de prisma Porro<\/li>\n<li class=\"p1\">Aumento de 20x<\/li>\n<li class=\"p1\">Di\u00e1metro del objetivo de 80 mm<\/li>\n<li class=\"p1\">\u00d3ptica multicapa para una transmisi\u00f3n de luz mejorada<\/li>\n<li class=\"p1\">Cristal de prisma BAK4 para im\u00e1genes n\u00edtidas y claras<\/li>\n<li class=\"p1\">Campo visual real: 3.7 grados<\/li>\n<li class=\"p1\">Di\u00e1metro de la pupila de salida: 4 mm<\/li>\n<li class=\"p1\">Alivio ocular: 18 mm<\/li>\n<li class=\"p1\">Distancia m\u00ednima de enfoque: 33 metros<\/li>\n<li class=\"p1\">Construcci\u00f3n resistente al agua<\/li>\n<li class=\"p1\">Especificaciones:<\/li>\n<li class=\"p1\">Aumento: 20x<\/li>\n<li class=\"p1\">Di\u00e1metro del objetivo: 80 mm<\/li>\n<li class=\"p1\">Revestimientos \u00f3pticos: Multicapa<\/li>\n<li class=\"p1\">Tipo de prisma: Prisma Porro (BAK4)<\/li>\n<li class=\"p1\">Campo de visi\u00f3n: 3.7 grados<\/li>\n<li class=\"p1\">Di\u00e1metro de la pupila de salida: 4 mm<\/li>\n<li class=\"p1\">Alivio ocular: 18 mm<\/li>\n<li class=\"p1\">Distancia m\u00ednima de enfoque: 33 metros<\/li>\n<li class=\"p1\">Peso: 2,126 gramos<\/li>\n<li class=\"p1\">Resistencia al agua: Impermeable<\/li>\n<\/ul>\n<p class=\"p1\">Estos binoculares Celestron SkyMaster ofrecen un rendimiento excepcional y un valor excelente para los entusiastas de la astronom\u00eda, brindando vistas brillantes y claras de los objetos celestes a un precio asequible. Ideales tanto para principiantes como para astr\u00f3nomos experimentados, estos binoculares abren las maravillas del cielo nocturno con una claridad y detalle impresionantes.<\/p>\n","protected":false},"excerpt":{"rendered":"<p class=\"p1\"><strong>Binoculares Astron\u00f3micos Celestron SkyMaster 20&#215;80<\/strong><\/p>\n<p class=\"p1\">Los binoculares astron\u00f3micos Celestron SkyMaster se destacan por su gran apertura, brillo, dise\u00f1o acrom\u00e1tico e inigualable precio. Son ideales para aquellos que comienzan en la observaci\u00f3n astron\u00f3mica.<\/p>\n","protected":false},"featured_media":1465,"comment_status":"open","ping_status":"closed","template":"","meta":[],"pwb-brand":[235],"product_brand":[],"product_cat":[127,77],"product_tag":[],"class_list":{"0":"post-1088","1":"product","2":"type-product","3":"status-publish","4":"has-post-thumbnail","6":"pwb-brand-celestron-es","7":"product_cat-prismaticos","8":"product_cat-equipo","10":"first","11":"instock","12":"shipping-taxable","13":"purchasable","14":"product-type-simple"},"yoast_head":"<!-- This site is optimized with the Yoast SEO plugin v25.3 - https:\/\/yoast.com\/wordpress\/plugins\/seo\/ -->\n<title>Prism\u00e1ticos Skymaster 20x80 - Astronomy Tours<\/title>\n<meta name=\"robots\" content=\"index, follow, max-snippet:-1, max-image-preview:large, max-video-preview:-1\" \/>\n<link rel=\"canonical\" href=\"https:\/\/www.astronomy.tours\/es\/producto\/prismaticos-skymaster-20x80\/\" \/>\n<meta property=\"og:locale\" content=\"es_ES\" \/>\n<meta property=\"og:type\" content=\"article\" \/>\n<meta property=\"og:title\" content=\"Prism\u00e1ticos Skymaster 20x80 - Astronomy Tours\" \/>\n<meta property=\"og:description\" content=\"Binoculares Astron\u00f3micos Celestron SkyMaster 20x80 Los binoculares astron\u00f3micos Celestron SkyMaster se destacan por su gran apertura, brillo, dise\u00f1o acrom\u00e1tico e inigualable precio. Son ideales para aquellos que comienzan en la observaci\u00f3n astron\u00f3mica.\" \/>\n<meta property=\"og:url\" content=\"https:\/\/www.astronomy.tours\/es\/producto\/prismaticos-skymaster-20x80\/\" \/>\n<meta property=\"og:site_name\" content=\"Astronomy Tours\" \/>\n<meta property=\"article:publisher\" content=\"https:\/\/www.facebook.com\/astronomy.tours\/\" \/>\n<meta property=\"article:modified_time\" content=\"2024-06-05T13:39:33+00:00\" \/>\n<meta property=\"og:image\" content=\"https:\/\/www.astronomy.tours\/wp-content\/uploads\/2024\/04\/CB71018-DS-1-1.webp\" \/>\n\t<meta property=\"og:image:width\" content=\"1150\" \/>\n\t<meta property=\"og:image:height\" content=\"774\" \/>\n\t<meta property=\"og:image:type\" content=\"image\/webp\" \/>\n<meta name=\"twitter:card\" content=\"summary_large_image\" \/>\n<meta name=\"twitter:label1\" content=\"Tiempo de lectura\" \/>\n\t<meta name=\"twitter:data1\" content=\"1 minuto\" \/>\n<script type=\"application\/ld+json\" class=\"yoast-schema-graph\">{\"@context\":\"https:\/\/schema.org\",\"@graph\":[{\"@type\":\"WebPage\",\"@id\":\"https:\/\/www.astronomy.tours\/es\/producto\/prismaticos-skymaster-20x80\/\",\"url\":\"https:\/\/www.astronomy.tours\/es\/producto\/prismaticos-skymaster-20x80\/\",\"name\":\"Prism\u00e1ticos Skymaster 20x80 - Astronomy Tours\",\"isPartOf\":{\"@id\":\"https:\/\/www.astronomy.tours\/#website\"},\"primaryImageOfPage\":{\"@id\":\"https:\/\/www.astronomy.tours\/es\/producto\/prismaticos-skymaster-20x80\/#primaryimage\"},\"image\":{\"@id\":\"https:\/\/www.astronomy.tours\/es\/producto\/prismaticos-skymaster-20x80\/#primaryimage\"},\"thumbnailUrl\":\"https:\/\/www.astronomy.tours\/wp-content\/uploads\/2024\/04\/CB71018-DS-1-1.webp\",\"datePublished\":\"2024-04-09T13:18:47+00:00\",\"dateModified\":\"2024-06-05T13:39:33+00:00\",\"breadcrumb\":{\"@id\":\"https:\/\/www.astronomy.tours\/es\/producto\/prismaticos-skymaster-20x80\/#breadcrumb\"},\"inLanguage\":\"es\",\"potentialAction\":[{\"@type\":\"ReadAction\",\"target\":[\"https:\/\/www.astronomy.tours\/es\/producto\/prismaticos-skymaster-20x80\/\"]}]},{\"@type\":\"ImageObject\",\"inLanguage\":\"es\",\"@id\":\"https:\/\/www.astronomy.tours\/es\/producto\/prismaticos-skymaster-20x80\/#primaryimage\",\"url\":\"https:\/\/www.astronomy.tours\/wp-content\/uploads\/2024\/04\/CB71018-DS-1-1.webp\",\"contentUrl\":\"https:\/\/www.astronomy.tours\/wp-content\/uploads\/2024\/04\/CB71018-DS-1-1.webp\",\"width\":1150,\"height\":774},{\"@type\":\"BreadcrumbList\",\"@id\":\"https:\/\/www.astronomy.tours\/es\/producto\/prismaticos-skymaster-20x80\/#breadcrumb\",\"itemListElement\":[{\"@type\":\"ListItem\",\"position\":1,\"name\":\"Home\",\"item\":\"https:\/\/www.astronomy.tours\/es\/\"},{\"@type\":\"ListItem\",\"position\":2,\"name\":\"Tienda\",\"item\":\"https:\/\/www.astronomy.tours\/es\/tienda\/\"},{\"@type\":\"ListItem\",\"position\":3,\"name\":\"Prism\u00e1ticos Skymaster 20&#215;80\"}]},{\"@type\":\"WebSite\",\"@id\":\"https:\/\/www.astronomy.tours\/#website\",\"url\":\"https:\/\/www.astronomy.tours\/\",\"name\":\"Astronomy Tours\",\"description\":\"Astronomical tours\",\"publisher\":{\"@id\":\"https:\/\/www.astronomy.tours\/#organization\"},\"potentialAction\":[{\"@type\":\"SearchAction\",\"target\":{\"@type\":\"EntryPoint\",\"urlTemplate\":\"https:\/\/www.astronomy.tours\/?s={search_term_string}\"},\"query-input\":{\"@type\":\"PropertyValueSpecification\",\"valueRequired\":true,\"valueName\":\"search_term_string\"}}],\"inLanguage\":\"es\"},{\"@type\":\"Organization\",\"@id\":\"https:\/\/www.astronomy.tours\/#organization\",\"name\":\"Astronomy Tours S.COOP\",\"url\":\"https:\/\/www.astronomy.tours\/\",\"logo\":{\"@type\":\"ImageObject\",\"inLanguage\":\"es\",\"@id\":\"https:\/\/www.astronomy.tours\/#\/schema\/logo\/image\/\",\"url\":\"https:\/\/www.astronomy.tours\/wp-content\/uploads\/2026\/02\/logo-astronomy-tours-black-small.png\",\"contentUrl\":\"https:\/\/www.astronomy.tours\/wp-content\/uploads\/2026\/02\/logo-astronomy-tours-black-small.png\",\"width\":2000,\"height\":740,\"caption\":\"Astronomy Tours S.COOP\"},\"image\":{\"@id\":\"https:\/\/www.astronomy.tours\/#\/schema\/logo\/image\/\"},\"sameAs\":[\"https:\/\/www.facebook.com\/astronomy.tours\/\",\"https:\/\/www.instagram.com\/astronomytours\/?hl=en\"]}]}<\/script>\n<!-- \/ Yoast SEO plugin. -->","yoast_head_json":{"title":"Prism\u00e1ticos Skymaster 20x80 - Astronomy Tours","robots":{"index":"index","follow":"follow","max-snippet":"max-snippet:-1","max-image-preview":"max-image-preview:large","max-video-preview":"max-video-preview:-1"},"canonical":"https:\/\/www.astronomy.tours\/es\/producto\/prismaticos-skymaster-20x80\/","og_locale":"es_ES","og_type":"article","og_title":"Prism\u00e1ticos Skymaster 20x80 - Astronomy Tours","og_description":"Binoculares Astron\u00f3micos Celestron SkyMaster 20x80 Los binoculares astron\u00f3micos Celestron SkyMaster se destacan por su gran apertura, brillo, dise\u00f1o acrom\u00e1tico e inigualable precio. Son ideales para aquellos que comienzan en la observaci\u00f3n astron\u00f3mica.","og_url":"https:\/\/www.astronomy.tours\/es\/producto\/prismaticos-skymaster-20x80\/","og_site_name":"Astronomy Tours","article_publisher":"https:\/\/www.facebook.com\/astronomy.tours\/","article_modified_time":"2024-06-05T13:39:33+00:00","og_image":[{"width":1150,"height":774,"url":"https:\/\/www.astronomy.tours\/wp-content\/uploads\/2024\/04\/CB71018-DS-1-1.webp","type":"image\/webp"}],"twitter_card":"summary_large_image","twitter_misc":{"Tiempo de lectura":"1 minuto"},"schema":{"@context":"https:\/\/schema.org","@graph":[{"@type":"WebPage","@id":"https:\/\/www.astronomy.tours\/es\/producto\/prismaticos-skymaster-20x80\/","url":"https:\/\/www.astronomy.tours\/es\/producto\/prismaticos-skymaster-20x80\/","name":"Prism\u00e1ticos Skymaster 20x80 - Astronomy Tours","isPartOf":{"@id":"https:\/\/www.astronomy.tours\/#website"},"primaryImageOfPage":{"@id":"https:\/\/www.astronomy.tours\/es\/producto\/prismaticos-skymaster-20x80\/#primaryimage"},"image":{"@id":"https:\/\/www.astronomy.tours\/es\/producto\/prismaticos-skymaster-20x80\/#primaryimage"},"thumbnailUrl":"https:\/\/www.astronomy.tours\/wp-content\/uploads\/2024\/04\/CB71018-DS-1-1.webp","datePublished":"2024-04-09T13:18:47+00:00","dateModified":"2024-06-05T13:39:33+00:00","breadcrumb":{"@id":"https:\/\/www.astronomy.tours\/es\/producto\/prismaticos-skymaster-20x80\/#breadcrumb"},"inLanguage":"es","potentialAction":[{"@type":"ReadAction","target":["https:\/\/www.astronomy.tours\/es\/producto\/prismaticos-skymaster-20x80\/"]}]},{"@type":"ImageObject","inLanguage":"es","@id":"https:\/\/www.astronomy.tours\/es\/producto\/prismaticos-skymaster-20x80\/#primaryimage","url":"https:\/\/www.astronomy.tours\/wp-content\/uploads\/2024\/04\/CB71018-DS-1-1.webp","contentUrl":"https:\/\/www.astronomy.tours\/wp-content\/uploads\/2024\/04\/CB71018-DS-1-1.webp","width":1150,"height":774},{"@type":"BreadcrumbList","@id":"https:\/\/www.astronomy.tours\/es\/producto\/prismaticos-skymaster-20x80\/#breadcrumb","itemListElement":[{"@type":"ListItem","position":1,"name":"Home","item":"https:\/\/www.astronomy.tours\/es\/"},{"@type":"ListItem","position":2,"name":"Tienda","item":"https:\/\/www.astronomy.tours\/es\/tienda\/"},{"@type":"ListItem","position":3,"name":"Prism\u00e1ticos Skymaster 20&#215;80"}]},{"@type":"WebSite","@id":"https:\/\/www.astronomy.tours\/#website","url":"https:\/\/www.astronomy.tours\/","name":"Astronomy Tours","description":"Astronomical tours","publisher":{"@id":"https:\/\/www.astronomy.tours\/#organization"},"potentialAction":[{"@type":"SearchAction","target":{"@type":"EntryPoint","urlTemplate":"https:\/\/www.astronomy.tours\/?s={search_term_string}"},"query-input":{"@type":"PropertyValueSpecification","valueRequired":true,"valueName":"search_term_string"}}],"inLanguage":"es"},{"@type":"Organization","@id":"https:\/\/www.astronomy.tours\/#organization","name":"Astronomy Tours S.COOP","url":"https:\/\/www.astronomy.tours\/","logo":{"@type":"ImageObject","inLanguage":"es","@id":"https:\/\/www.astronomy.tours\/#\/schema\/logo\/image\/","url":"https:\/\/www.astronomy.tours\/wp-content\/uploads\/2026\/02\/logo-astronomy-tours-black-small.png","contentUrl":"https:\/\/www.astronomy.tours\/wp-content\/uploads\/2026\/02\/logo-astronomy-tours-black-small.png","width":2000,"height":740,"caption":"Astronomy Tours S.COOP"},"image":{"@id":"https:\/\/www.astronomy.tours\/#\/schema\/logo\/image\/"},"sameAs":["https:\/\/www.facebook.com\/astronomy.tours\/","https:\/\/www.instagram.com\/astronomytours\/?hl=en"]}]}},"brands":[{"id":235,"name":"CELESTRON","slug":"celestron-es"}],"_links":{"self":[{"href":"https:\/\/www.astronomy.tours\/es\/wp-json\/wp\/v2\/product\/1088","targetHints":{"allow":["GET"]}}],"collection":[{"href":"https:\/\/www.astronomy.tours\/es\/wp-json\/wp\/v2\/product"}],"about":[{"href":"https:\/\/www.astronomy.tours\/es\/wp-json\/wp\/v2\/types\/product"}],"replies":[{"embeddable":true,"href":"https:\/\/www.astronomy.tours\/es\/wp-json\/wp\/v2\/comments?post=1088"}],"wp:featuredmedia":[{"embeddable":true,"href":"https:\/\/www.astronomy.tours\/es\/wp-json\/wp\/v2\/media\/1465"}],"wp:attachment":[{"href":"https:\/\/www.astronomy.tours\/es\/wp-json\/wp\/v2\/media?parent=1088"}],"wp:term":[{"taxonomy":"pwb-brand","embeddable":true,"href":"https:\/\/www.astronomy.tours\/es\/wp-json\/wp\/v2\/pwb-brand?post=1088"},{"taxonomy":"product_brand","embeddable":true,"href":"https:\/\/www.astronomy.tours\/es\/wp-json\/wp\/v2\/product_brand?post=1088"},{"taxonomy":"product_cat","embeddable":true,"href":"https:\/\/www.astronomy.tours\/es\/wp-json\/wp\/v2\/product_cat?post=1088"},{"taxonomy":"product_tag","embeddable":true,"href":"https:\/\/www.astronomy.tours\/es\/wp-json\/wp\/v2\/product_tag?post=1088"}],"curies":[{"name":"wp","href":"https:\/\/api.w.org\/{rel}","templated":true}]}}