{"id":1086,"date":"2024-04-09T15:14:53","date_gmt":"2024-04-09T13:14:53","guid":{"rendered":"https:\/\/astronomy-new.imoli.com.pl\/product\/telescopio-seestar-smart\/"},"modified":"2024-06-05T15:31:48","modified_gmt":"2024-06-05T13:31:48","slug":"telescopio-seestar-smart","status":"publish","type":"product","link":"https:\/\/www.astronomy.tours\/es\/producto\/telescopio-seestar-smart\/","title":{"rendered":"Telescopio Seestar SMART"},"content":{"rendered":"<p class=\"p1\">El Seestar S50 integra un telescopio, un enfocador el\u00e9ctrico, una c\u00e1mara astron\u00f3mica, un controlador inteligente ASIAIR, una montura altazimutal y un dispositivo de conmutaci\u00f3n de filtros en una unidad compacta de s\u00f3lo 3 kg de peso. Est\u00e1 dise\u00f1ado para ser f\u00e1cil de usar, lo que permite tanto a principiantes como a entusiastas experimentados capturar im\u00e1genes impresionantes de objetos celestes sin esfuerzo.<\/p>\n<p class=\"p1\">Gracias a su compatibilidad con aplicaciones m\u00f3viles, la Seestar S50 te permite controlar y capturar f\u00e1cilmente objetos como el Sol, la Luna, las galaxias y las nebulosas. La funci\u00f3n de enfoque autom\u00e1tico garantiza im\u00e1genes n\u00edtidas y claras, mientras que la funcionalidad GoTo alinea autom\u00e1ticamente el telescopio para un seguimiento preciso.<\/p>\n<p class=\"p1\">Tanto si te gusta la astrofotograf\u00eda como si simplemente te gusta mirar las estrellas, el telescopio inteligente ZWO Seestar S50 es tu puerta de entrada para explorar el universo y compartir sus maravillas con los dem\u00e1s. Descubre el cosmos con facilidad y emoci\u00f3n, todo ello a un precio excepcional.<\/p>\n<h3 class=\"p1\">Telescopio inteligente Seestar S50<\/h3>\n<p class=\"p1\">El telescopio inteligente Seestar S50 integra un telescopio, un enfocador el\u00e9ctrico, una c\u00e1mara astron\u00f3mica, un controlador inteligente ASIAIR, una montura altazimutal y un dispositivo de conmutaci\u00f3n de filtros en una sola unidad, con un peso de s\u00f3lo 3 kg. Ahora incluye un filtro solar para mayor versatilidad. Utilizando una aplicaci\u00f3n m\u00f3vil, puedes capturar f\u00e1cilmente objetos celestes como el Sol, la Luna, las galaxias y las nebulosas.<\/p>\n<h3 class=\"p1\">Caracter\u00edsticas principales:<\/h3>\n<ul>\n<li class=\"p1\">Control Total de la Imagen: Comprueba r\u00e1pidamente las recomendaciones meteorol\u00f3gicas y de observaci\u00f3n nocturna. Selecciona los objetos celestes a fotografiar o cambia al modo paisaje y empieza a capturar con un solo clic.<\/li>\n<li class=\"p1\">Enfoque autom\u00e1tico y GoTo: Utiliza sensores integrados y mapas estelares combinados con el GPS de tu tel\u00e9fono para la calibraci\u00f3n y alineaci\u00f3n autom\u00e1ticas.<\/li>\n<li class=\"p1\">Experiencia visual envolvente: La \u00f3ptica apocrom\u00e1tica triple de calidad profesional proporciona im\u00e1genes n\u00edtidas con un excelente control de la aberraci\u00f3n crom\u00e1tica.<\/li>\n<li class=\"p1\">Bajo consumo de energ\u00eda: Bater\u00eda de larga duraci\u00f3n, recargable con una bater\u00eda externa, que ofrece hasta 6 horas de uso con una carga completa.<\/li>\n<li class=\"p1\">Wi-Fi\/Bluetooth incorporados: Incorpora c\u00f3modamente Wi-Fi\/Bluetooth para utilizarlo en cualquier lugar.<\/li>\n<li class=\"p1\">Sensores integrados: Los sensores integrados ayudan a nivelar el tr\u00edpode utilizando la pantalla de tu tel\u00e9fono m\u00f3vil.<\/li>\n<\/ul>\n<h3 class=\"p1\">Especificaciones t\u00e9cnicas:<\/h3>\n<p class=\"p1\"><strong> Sistema \u00f3ptico:<\/strong><\/p>\n<ul>\n<li class=\"p1\">Tipo: Refractor<\/li>\n<li class=\"p1\">Apertura: 50 mm<\/li>\n<li class=\"p1\">Distancia focal: 250 mm<\/li>\n<li class=\"p1\">Relaci\u00f3n focal: f\/5<\/li>\n<li class=\"p1\">Capacidad de resoluci\u00f3n: 2,4 segundos de arco- **Montaje:**<\/li>\n<li class=\"p1\">Tipo: Altazimutal<\/li>\n<li class=\"p1\">Ir a: S\u00ed<\/li>\n<li class=\"p1\">Duraci\u00f3n de la bater\u00eda: 6 horas<\/li>\n<\/ul>\n<p class=\"p1\"><strong>Sistema GoTo:<\/strong><\/p>\n<ul>\n<li class=\"p1\">Proceso de alineaci\u00f3n: Autom\u00e1tico<\/li>\n<li class=\"p1\">Wi-Fi: S\u00ed<\/li>\n<\/ul>\n<p class=\"p1\"><strong>General:<\/strong><\/p>\n<ul>\n<li class=\"p1\">Peso total: 3 kg<\/li>\n<li class=\"p1\">Color: Negro<\/li>\n<li class=\"p1\">Dimensiones: 142 mm (largo) x 129 mm (ancho) x 257 mm (alto)<\/li>\n<\/ul>\n<p class=\"p1\"><strong>Aplicaciones:<\/strong><\/p>\n<ul>\n<li class=\"p1\">Astrofotograf\u00eda autom\u00e1tica<\/li>\n<li class=\"p1\">Observaci\u00f3n de nebulosas y galaxias<\/li>\n<li class=\"p1\">Observaci\u00f3n de la Naturaleza<\/li>\n<\/ul>\n<p class=\"p1\"><strong>Recomendado para:<\/strong><\/p>\n<ul>\n<li class=\"p1\">Usuarios principiantes y avanzados<\/li>\n<\/ul>\n<p class=\"p1\"><strong>Qu\u00e9 incluye la caja:<\/strong><\/p>\n<ul>\n<li class=\"p1\">1x Telescopio ZWO Seestar S50<\/li>\n<li class=\"p1\">1x Minitr\u00edpode de fibra de carbono<\/li>\n<li class=\"p1\">1x Cable de alimentaci\u00f3n USB-C<\/li>\n<li class=\"p1\">1x Filtro solar<\/li>\n<li class=\"p1\">1x Funda de transporte r\u00edgida<\/li>\n<\/ul>\n<p class=\"p1\">Explora el universo de forma f\u00e1cil y emocionante con el telescopio inteligente Seestar S50. Perfecto tanto para principiantes y aficionados a la astronom\u00eda que busquen una soluci\u00f3n completa de observaci\u00f3n e imagen.<\/p>\n","protected":false},"excerpt":{"rendered":"<p><strong>Telescopio Inteligente Seestar S50<\/strong><\/p>\n<p class=\"p1\">Explore the universe easily and excitingly with the Seestar S50 smart telescope. Perfect for both beginners and astronomy enthusiasts seeking a comprehensive observing and imaging solution.<\/p>\n<p class=\"p1\">\n","protected":false},"featured_media":1771,"comment_status":"open","ping_status":"closed","template":"","meta":[],"pwb-brand":[233],"product_brand":[],"product_cat":[121,77],"product_tag":[],"class_list":{"0":"post-1086","1":"product","2":"type-product","3":"status-publish","4":"has-post-thumbnail","6":"pwb-brand-zwo-es","7":"product_cat-telescopios","8":"product_cat-equipo","10":"first","11":"instock","12":"shipping-taxable","13":"purchasable","14":"product-type-simple"},"yoast_head":"<!-- This site is optimized with the Yoast SEO plugin v25.3 - https:\/\/yoast.com\/wordpress\/plugins\/seo\/ -->\n<title>Telescopio Seestar SMART - Astronomy Tours<\/title>\n<meta name=\"robots\" content=\"index, follow, max-snippet:-1, max-image-preview:large, max-video-preview:-1\" \/>\n<link rel=\"canonical\" href=\"https:\/\/www.astronomy.tours\/es\/producto\/telescopio-seestar-smart\/\" \/>\n<meta property=\"og:locale\" content=\"es_ES\" \/>\n<meta property=\"og:type\" content=\"article\" \/>\n<meta property=\"og:title\" content=\"Telescopio Seestar SMART - Astronomy Tours\" \/>\n<meta property=\"og:description\" content=\"Telescopio Inteligente Seestar S50 Explore the universe easily and excitingly with the Seestar S50 smart telescope. Perfect for both beginners and astronomy enthusiasts seeking a comprehensive observing and imaging solution.\" \/>\n<meta property=\"og:url\" content=\"https:\/\/www.astronomy.tours\/es\/producto\/telescopio-seestar-smart\/\" \/>\n<meta property=\"og:site_name\" content=\"Astronomy Tours\" \/>\n<meta property=\"article:publisher\" content=\"https:\/\/www.facebook.com\/astronomy.tours\/\" \/>\n<meta property=\"article:modified_time\" content=\"2024-06-05T13:31:48+00:00\" \/>\n<meta property=\"og:image\" content=\"https:\/\/www.astronomy.tours\/wp-content\/uploads\/2024\/04\/ZWO-1.webp\" \/>\n\t<meta property=\"og:image:width\" content=\"1150\" \/>\n\t<meta property=\"og:image:height\" content=\"1150\" \/>\n\t<meta property=\"og:image:type\" content=\"image\/webp\" \/>\n<meta name=\"twitter:card\" content=\"summary_large_image\" \/>\n<meta name=\"twitter:label1\" content=\"Tiempo de lectura\" \/>\n\t<meta name=\"twitter:data1\" content=\"3 minutos\" \/>\n<script type=\"application\/ld+json\" class=\"yoast-schema-graph\">{\"@context\":\"https:\/\/schema.org\",\"@graph\":[{\"@type\":\"WebPage\",\"@id\":\"https:\/\/www.astronomy.tours\/es\/producto\/telescopio-seestar-smart\/\",\"url\":\"https:\/\/www.astronomy.tours\/es\/producto\/telescopio-seestar-smart\/\",\"name\":\"Telescopio Seestar SMART - Astronomy Tours\",\"isPartOf\":{\"@id\":\"https:\/\/www.astronomy.tours\/#website\"},\"primaryImageOfPage\":{\"@id\":\"https:\/\/www.astronomy.tours\/es\/producto\/telescopio-seestar-smart\/#primaryimage\"},\"image\":{\"@id\":\"https:\/\/www.astronomy.tours\/es\/producto\/telescopio-seestar-smart\/#primaryimage\"},\"thumbnailUrl\":\"https:\/\/www.astronomy.tours\/wp-content\/uploads\/2024\/04\/ZWO-1.webp\",\"datePublished\":\"2024-04-09T13:14:53+00:00\",\"dateModified\":\"2024-06-05T13:31:48+00:00\",\"breadcrumb\":{\"@id\":\"https:\/\/www.astronomy.tours\/es\/producto\/telescopio-seestar-smart\/#breadcrumb\"},\"inLanguage\":\"es\",\"potentialAction\":[{\"@type\":\"ReadAction\",\"target\":[\"https:\/\/www.astronomy.tours\/es\/producto\/telescopio-seestar-smart\/\"]}]},{\"@type\":\"ImageObject\",\"inLanguage\":\"es\",\"@id\":\"https:\/\/www.astronomy.tours\/es\/producto\/telescopio-seestar-smart\/#primaryimage\",\"url\":\"https:\/\/www.astronomy.tours\/wp-content\/uploads\/2024\/04\/ZWO-1.webp\",\"contentUrl\":\"https:\/\/www.astronomy.tours\/wp-content\/uploads\/2024\/04\/ZWO-1.webp\",\"width\":1150,\"height\":1150},{\"@type\":\"BreadcrumbList\",\"@id\":\"https:\/\/www.astronomy.tours\/es\/producto\/telescopio-seestar-smart\/#breadcrumb\",\"itemListElement\":[{\"@type\":\"ListItem\",\"position\":1,\"name\":\"Home\",\"item\":\"https:\/\/www.astronomy.tours\/es\/\"},{\"@type\":\"ListItem\",\"position\":2,\"name\":\"Tienda\",\"item\":\"https:\/\/www.astronomy.tours\/es\/tienda\/\"},{\"@type\":\"ListItem\",\"position\":3,\"name\":\"Telescopio Seestar SMART\"}]},{\"@type\":\"WebSite\",\"@id\":\"https:\/\/www.astronomy.tours\/#website\",\"url\":\"https:\/\/www.astronomy.tours\/\",\"name\":\"Astronomy Tours\",\"description\":\"Astronomical tours\",\"publisher\":{\"@id\":\"https:\/\/www.astronomy.tours\/#organization\"},\"potentialAction\":[{\"@type\":\"SearchAction\",\"target\":{\"@type\":\"EntryPoint\",\"urlTemplate\":\"https:\/\/www.astronomy.tours\/?s={search_term_string}\"},\"query-input\":{\"@type\":\"PropertyValueSpecification\",\"valueRequired\":true,\"valueName\":\"search_term_string\"}}],\"inLanguage\":\"es\"},{\"@type\":\"Organization\",\"@id\":\"https:\/\/www.astronomy.tours\/#organization\",\"name\":\"Astronomy Tours S.COOP\",\"url\":\"https:\/\/www.astronomy.tours\/\",\"logo\":{\"@type\":\"ImageObject\",\"inLanguage\":\"es\",\"@id\":\"https:\/\/www.astronomy.tours\/#\/schema\/logo\/image\/\",\"url\":\"https:\/\/www.astronomy.tours\/wp-content\/uploads\/2026\/02\/logo-astronomy-tours-black-small.png\",\"contentUrl\":\"https:\/\/www.astronomy.tours\/wp-content\/uploads\/2026\/02\/logo-astronomy-tours-black-small.png\",\"width\":2000,\"height\":740,\"caption\":\"Astronomy Tours S.COOP\"},\"image\":{\"@id\":\"https:\/\/www.astronomy.tours\/#\/schema\/logo\/image\/\"},\"sameAs\":[\"https:\/\/www.facebook.com\/astronomy.tours\/\",\"https:\/\/www.instagram.com\/astronomytours\/?hl=en\"]}]}<\/script>\n<!-- \/ Yoast SEO plugin. -->","yoast_head_json":{"title":"Telescopio Seestar SMART - Astronomy Tours","robots":{"index":"index","follow":"follow","max-snippet":"max-snippet:-1","max-image-preview":"max-image-preview:large","max-video-preview":"max-video-preview:-1"},"canonical":"https:\/\/www.astronomy.tours\/es\/producto\/telescopio-seestar-smart\/","og_locale":"es_ES","og_type":"article","og_title":"Telescopio Seestar SMART - Astronomy Tours","og_description":"Telescopio Inteligente Seestar S50 Explore the universe easily and excitingly with the Seestar S50 smart telescope. Perfect for both beginners and astronomy enthusiasts seeking a comprehensive observing and imaging solution.","og_url":"https:\/\/www.astronomy.tours\/es\/producto\/telescopio-seestar-smart\/","og_site_name":"Astronomy Tours","article_publisher":"https:\/\/www.facebook.com\/astronomy.tours\/","article_modified_time":"2024-06-05T13:31:48+00:00","og_image":[{"width":1150,"height":1150,"url":"https:\/\/www.astronomy.tours\/wp-content\/uploads\/2024\/04\/ZWO-1.webp","type":"image\/webp"}],"twitter_card":"summary_large_image","twitter_misc":{"Tiempo de lectura":"3 minutos"},"schema":{"@context":"https:\/\/schema.org","@graph":[{"@type":"WebPage","@id":"https:\/\/www.astronomy.tours\/es\/producto\/telescopio-seestar-smart\/","url":"https:\/\/www.astronomy.tours\/es\/producto\/telescopio-seestar-smart\/","name":"Telescopio Seestar SMART - Astronomy Tours","isPartOf":{"@id":"https:\/\/www.astronomy.tours\/#website"},"primaryImageOfPage":{"@id":"https:\/\/www.astronomy.tours\/es\/producto\/telescopio-seestar-smart\/#primaryimage"},"image":{"@id":"https:\/\/www.astronomy.tours\/es\/producto\/telescopio-seestar-smart\/#primaryimage"},"thumbnailUrl":"https:\/\/www.astronomy.tours\/wp-content\/uploads\/2024\/04\/ZWO-1.webp","datePublished":"2024-04-09T13:14:53+00:00","dateModified":"2024-06-05T13:31:48+00:00","breadcrumb":{"@id":"https:\/\/www.astronomy.tours\/es\/producto\/telescopio-seestar-smart\/#breadcrumb"},"inLanguage":"es","potentialAction":[{"@type":"ReadAction","target":["https:\/\/www.astronomy.tours\/es\/producto\/telescopio-seestar-smart\/"]}]},{"@type":"ImageObject","inLanguage":"es","@id":"https:\/\/www.astronomy.tours\/es\/producto\/telescopio-seestar-smart\/#primaryimage","url":"https:\/\/www.astronomy.tours\/wp-content\/uploads\/2024\/04\/ZWO-1.webp","contentUrl":"https:\/\/www.astronomy.tours\/wp-content\/uploads\/2024\/04\/ZWO-1.webp","width":1150,"height":1150},{"@type":"BreadcrumbList","@id":"https:\/\/www.astronomy.tours\/es\/producto\/telescopio-seestar-smart\/#breadcrumb","itemListElement":[{"@type":"ListItem","position":1,"name":"Home","item":"https:\/\/www.astronomy.tours\/es\/"},{"@type":"ListItem","position":2,"name":"Tienda","item":"https:\/\/www.astronomy.tours\/es\/tienda\/"},{"@type":"ListItem","position":3,"name":"Telescopio Seestar SMART"}]},{"@type":"WebSite","@id":"https:\/\/www.astronomy.tours\/#website","url":"https:\/\/www.astronomy.tours\/","name":"Astronomy Tours","description":"Astronomical tours","publisher":{"@id":"https:\/\/www.astronomy.tours\/#organization"},"potentialAction":[{"@type":"SearchAction","target":{"@type":"EntryPoint","urlTemplate":"https:\/\/www.astronomy.tours\/?s={search_term_string}"},"query-input":{"@type":"PropertyValueSpecification","valueRequired":true,"valueName":"search_term_string"}}],"inLanguage":"es"},{"@type":"Organization","@id":"https:\/\/www.astronomy.tours\/#organization","name":"Astronomy Tours S.COOP","url":"https:\/\/www.astronomy.tours\/","logo":{"@type":"ImageObject","inLanguage":"es","@id":"https:\/\/www.astronomy.tours\/#\/schema\/logo\/image\/","url":"https:\/\/www.astronomy.tours\/wp-content\/uploads\/2026\/02\/logo-astronomy-tours-black-small.png","contentUrl":"https:\/\/www.astronomy.tours\/wp-content\/uploads\/2026\/02\/logo-astronomy-tours-black-small.png","width":2000,"height":740,"caption":"Astronomy Tours S.COOP"},"image":{"@id":"https:\/\/www.astronomy.tours\/#\/schema\/logo\/image\/"},"sameAs":["https:\/\/www.facebook.com\/astronomy.tours\/","https:\/\/www.instagram.com\/astronomytours\/?hl=en"]}]}},"brands":[{"id":233,"name":"ZWO","slug":"zwo-es"}],"_links":{"self":[{"href":"https:\/\/www.astronomy.tours\/es\/wp-json\/wp\/v2\/product\/1086","targetHints":{"allow":["GET"]}}],"collection":[{"href":"https:\/\/www.astronomy.tours\/es\/wp-json\/wp\/v2\/product"}],"about":[{"href":"https:\/\/www.astronomy.tours\/es\/wp-json\/wp\/v2\/types\/product"}],"replies":[{"embeddable":true,"href":"https:\/\/www.astronomy.tours\/es\/wp-json\/wp\/v2\/comments?post=1086"}],"wp:featuredmedia":[{"embeddable":true,"href":"https:\/\/www.astronomy.tours\/es\/wp-json\/wp\/v2\/media\/1771"}],"wp:attachment":[{"href":"https:\/\/www.astronomy.tours\/es\/wp-json\/wp\/v2\/media?parent=1086"}],"wp:term":[{"taxonomy":"pwb-brand","embeddable":true,"href":"https:\/\/www.astronomy.tours\/es\/wp-json\/wp\/v2\/pwb-brand?post=1086"},{"taxonomy":"product_brand","embeddable":true,"href":"https:\/\/www.astronomy.tours\/es\/wp-json\/wp\/v2\/product_brand?post=1086"},{"taxonomy":"product_cat","embeddable":true,"href":"https:\/\/www.astronomy.tours\/es\/wp-json\/wp\/v2\/product_cat?post=1086"},{"taxonomy":"product_tag","embeddable":true,"href":"https:\/\/www.astronomy.tours\/es\/wp-json\/wp\/v2\/product_tag?post=1086"}],"curies":[{"name":"wp","href":"https:\/\/api.w.org\/{rel}","templated":true}]}}