{"id":1084,"date":"2024-04-09T15:08:20","date_gmt":"2024-04-09T13:08:20","guid":{"rendered":"https:\/\/astronomy-new.imoli.com.pl\/product\/objetivo-zoom-8-24-mm-3175\/"},"modified":"2024-06-05T15:22:46","modified_gmt":"2024-06-05T13:22:46","slug":"objetivo-zoom-8-24-mm-3175","status":"publish","type":"product","link":"https:\/\/www.astronomy.tours\/es\/producto\/objetivo-zoom-8-24-mm-3175\/","title":{"rendered":"Objetivo Zoom 8-24 mm (31,75)"},"content":{"rendered":"<p class=\"p1\"><strong>Especificaciones:<\/strong><\/p>\n<ul>\n<li class=\"p1\">Longitud Focal: 8mm a 24mm<\/li>\n<li class=\"p1\">Campo de Visi\u00f3n: 40\u00b0 a 60\u00b0<\/li>\n<li class=\"p1\">Peso: 236g<\/li>\n<li class=\"p1\">Di\u00e1metro Exterior: 46mm<\/li>\n<li class=\"p1\">Alivio Ocular: 15mm a 18mm<\/li>\n<li class=\"p1\">Totalmente Multicapa<\/li>\n<\/ul>\n","protected":false},"excerpt":{"rendered":"<p class=\"p1\"><strong>Ocular Zoom 8-24mm (1,25&#8243; 31,75mm)<\/strong><\/p>\n<p class=\"p1\">El ocular Zoom de SkyWatcher ofrece versatilidad al abarcar una variedad de longitudes focales en un solo ocular, proporcionando una magnificaci\u00f3n de calidad. Con el ocular Zoom 8-24mm de SkyWatcher, puedes cubrir todas las longitudes focales desde magnificaci\u00f3n media hasta alta para la observaci\u00f3n planetaria sin presionar los l\u00edmites de tu telescopio.<\/p>\n","protected":false},"featured_media":1672,"comment_status":"open","ping_status":"closed","template":"","meta":[],"pwb-brand":[229],"product_brand":[],"product_cat":[125,77],"product_tag":[],"class_list":{"0":"post-1084","1":"product","2":"type-product","3":"status-publish","4":"has-post-thumbnail","6":"pwb-brand-skywatcher-es","7":"product_cat-tripodes-y-accesorios","8":"product_cat-equipo","10":"first","11":"instock","12":"shipping-taxable","13":"purchasable","14":"product-type-simple"},"yoast_head":"<!-- This site is optimized with the Yoast SEO plugin v25.3 - https:\/\/yoast.com\/wordpress\/plugins\/seo\/ -->\n<title>Objetivo Zoom 8-24 mm (31,75) - Astronomy Tours<\/title>\n<meta name=\"robots\" content=\"index, follow, max-snippet:-1, max-image-preview:large, max-video-preview:-1\" \/>\n<link rel=\"canonical\" href=\"https:\/\/www.astronomy.tours\/es\/producto\/objetivo-zoom-8-24-mm-3175\/\" \/>\n<meta property=\"og:locale\" content=\"es_ES\" \/>\n<meta property=\"og:type\" content=\"article\" \/>\n<meta property=\"og:title\" content=\"Objetivo Zoom 8-24 mm (31,75) - Astronomy Tours\" \/>\n<meta property=\"og:description\" content=\"Ocular Zoom 8-24mm (1,25&quot; 31,75mm) El ocular Zoom de SkyWatcher ofrece versatilidad al abarcar una variedad de longitudes focales en un solo ocular, proporcionando una magnificaci\u00f3n de calidad. Con el ocular Zoom 8-24mm de SkyWatcher, puedes cubrir todas las longitudes focales desde magnificaci\u00f3n media hasta alta para la observaci\u00f3n planetaria sin presionar los l\u00edmites de tu telescopio.\" \/>\n<meta property=\"og:url\" content=\"https:\/\/www.astronomy.tours\/es\/producto\/objetivo-zoom-8-24-mm-3175\/\" \/>\n<meta property=\"og:site_name\" content=\"Astronomy Tours\" \/>\n<meta property=\"article:publisher\" content=\"https:\/\/www.facebook.com\/astronomy.tours\/\" \/>\n<meta property=\"article:modified_time\" content=\"2024-06-05T13:22:46+00:00\" \/>\n<meta property=\"og:image\" content=\"https:\/\/www.astronomy.tours\/wp-content\/uploads\/2024\/04\/SW0291-1.webp\" \/>\n\t<meta property=\"og:image:width\" content=\"1150\" \/>\n\t<meta property=\"og:image:height\" content=\"1150\" \/>\n\t<meta property=\"og:image:type\" content=\"image\/webp\" \/>\n<meta name=\"twitter:card\" content=\"summary_large_image\" \/>\n<script type=\"application\/ld+json\" class=\"yoast-schema-graph\">{\"@context\":\"https:\/\/schema.org\",\"@graph\":[{\"@type\":\"WebPage\",\"@id\":\"https:\/\/www.astronomy.tours\/es\/producto\/objetivo-zoom-8-24-mm-3175\/\",\"url\":\"https:\/\/www.astronomy.tours\/es\/producto\/objetivo-zoom-8-24-mm-3175\/\",\"name\":\"Objetivo Zoom 8-24 mm (31,75) - Astronomy Tours\",\"isPartOf\":{\"@id\":\"https:\/\/www.astronomy.tours\/#website\"},\"primaryImageOfPage\":{\"@id\":\"https:\/\/www.astronomy.tours\/es\/producto\/objetivo-zoom-8-24-mm-3175\/#primaryimage\"},\"image\":{\"@id\":\"https:\/\/www.astronomy.tours\/es\/producto\/objetivo-zoom-8-24-mm-3175\/#primaryimage\"},\"thumbnailUrl\":\"https:\/\/www.astronomy.tours\/wp-content\/uploads\/2024\/04\/SW0291-1.webp\",\"datePublished\":\"2024-04-09T13:08:20+00:00\",\"dateModified\":\"2024-06-05T13:22:46+00:00\",\"breadcrumb\":{\"@id\":\"https:\/\/www.astronomy.tours\/es\/producto\/objetivo-zoom-8-24-mm-3175\/#breadcrumb\"},\"inLanguage\":\"es\",\"potentialAction\":[{\"@type\":\"ReadAction\",\"target\":[\"https:\/\/www.astronomy.tours\/es\/producto\/objetivo-zoom-8-24-mm-3175\/\"]}]},{\"@type\":\"ImageObject\",\"inLanguage\":\"es\",\"@id\":\"https:\/\/www.astronomy.tours\/es\/producto\/objetivo-zoom-8-24-mm-3175\/#primaryimage\",\"url\":\"https:\/\/www.astronomy.tours\/wp-content\/uploads\/2024\/04\/SW0291-1.webp\",\"contentUrl\":\"https:\/\/www.astronomy.tours\/wp-content\/uploads\/2024\/04\/SW0291-1.webp\",\"width\":1150,\"height\":1150},{\"@type\":\"BreadcrumbList\",\"@id\":\"https:\/\/www.astronomy.tours\/es\/producto\/objetivo-zoom-8-24-mm-3175\/#breadcrumb\",\"itemListElement\":[{\"@type\":\"ListItem\",\"position\":1,\"name\":\"Home\",\"item\":\"https:\/\/www.astronomy.tours\/es\/\"},{\"@type\":\"ListItem\",\"position\":2,\"name\":\"Tienda\",\"item\":\"https:\/\/www.astronomy.tours\/es\/tienda\/\"},{\"@type\":\"ListItem\",\"position\":3,\"name\":\"Objetivo Zoom 8-24 mm (31,75)\"}]},{\"@type\":\"WebSite\",\"@id\":\"https:\/\/www.astronomy.tours\/#website\",\"url\":\"https:\/\/www.astronomy.tours\/\",\"name\":\"Astronomy Tours\",\"description\":\"Astronomical tours\",\"publisher\":{\"@id\":\"https:\/\/www.astronomy.tours\/#organization\"},\"potentialAction\":[{\"@type\":\"SearchAction\",\"target\":{\"@type\":\"EntryPoint\",\"urlTemplate\":\"https:\/\/www.astronomy.tours\/?s={search_term_string}\"},\"query-input\":{\"@type\":\"PropertyValueSpecification\",\"valueRequired\":true,\"valueName\":\"search_term_string\"}}],\"inLanguage\":\"es\"},{\"@type\":\"Organization\",\"@id\":\"https:\/\/www.astronomy.tours\/#organization\",\"name\":\"Astronomy Tours S.COOP\",\"url\":\"https:\/\/www.astronomy.tours\/\",\"logo\":{\"@type\":\"ImageObject\",\"inLanguage\":\"es\",\"@id\":\"https:\/\/www.astronomy.tours\/#\/schema\/logo\/image\/\",\"url\":\"https:\/\/www.astronomy.tours\/wp-content\/uploads\/2026\/02\/logo-astronomy-tours-black-small.png\",\"contentUrl\":\"https:\/\/www.astronomy.tours\/wp-content\/uploads\/2026\/02\/logo-astronomy-tours-black-small.png\",\"width\":2000,\"height\":740,\"caption\":\"Astronomy Tours S.COOP\"},\"image\":{\"@id\":\"https:\/\/www.astronomy.tours\/#\/schema\/logo\/image\/\"},\"sameAs\":[\"https:\/\/www.facebook.com\/astronomy.tours\/\",\"https:\/\/www.instagram.com\/astronomytours\/?hl=en\"]}]}<\/script>\n<!-- \/ Yoast SEO plugin. -->","yoast_head_json":{"title":"Objetivo Zoom 8-24 mm (31,75) - Astronomy Tours","robots":{"index":"index","follow":"follow","max-snippet":"max-snippet:-1","max-image-preview":"max-image-preview:large","max-video-preview":"max-video-preview:-1"},"canonical":"https:\/\/www.astronomy.tours\/es\/producto\/objetivo-zoom-8-24-mm-3175\/","og_locale":"es_ES","og_type":"article","og_title":"Objetivo Zoom 8-24 mm (31,75) - Astronomy Tours","og_description":"Ocular Zoom 8-24mm (1,25\" 31,75mm) El ocular Zoom de SkyWatcher ofrece versatilidad al abarcar una variedad de longitudes focales en un solo ocular, proporcionando una magnificaci\u00f3n de calidad. Con el ocular Zoom 8-24mm de SkyWatcher, puedes cubrir todas las longitudes focales desde magnificaci\u00f3n media hasta alta para la observaci\u00f3n planetaria sin presionar los l\u00edmites de tu telescopio.","og_url":"https:\/\/www.astronomy.tours\/es\/producto\/objetivo-zoom-8-24-mm-3175\/","og_site_name":"Astronomy Tours","article_publisher":"https:\/\/www.facebook.com\/astronomy.tours\/","article_modified_time":"2024-06-05T13:22:46+00:00","og_image":[{"width":1150,"height":1150,"url":"https:\/\/www.astronomy.tours\/wp-content\/uploads\/2024\/04\/SW0291-1.webp","type":"image\/webp"}],"twitter_card":"summary_large_image","schema":{"@context":"https:\/\/schema.org","@graph":[{"@type":"WebPage","@id":"https:\/\/www.astronomy.tours\/es\/producto\/objetivo-zoom-8-24-mm-3175\/","url":"https:\/\/www.astronomy.tours\/es\/producto\/objetivo-zoom-8-24-mm-3175\/","name":"Objetivo Zoom 8-24 mm (31,75) - Astronomy Tours","isPartOf":{"@id":"https:\/\/www.astronomy.tours\/#website"},"primaryImageOfPage":{"@id":"https:\/\/www.astronomy.tours\/es\/producto\/objetivo-zoom-8-24-mm-3175\/#primaryimage"},"image":{"@id":"https:\/\/www.astronomy.tours\/es\/producto\/objetivo-zoom-8-24-mm-3175\/#primaryimage"},"thumbnailUrl":"https:\/\/www.astronomy.tours\/wp-content\/uploads\/2024\/04\/SW0291-1.webp","datePublished":"2024-04-09T13:08:20+00:00","dateModified":"2024-06-05T13:22:46+00:00","breadcrumb":{"@id":"https:\/\/www.astronomy.tours\/es\/producto\/objetivo-zoom-8-24-mm-3175\/#breadcrumb"},"inLanguage":"es","potentialAction":[{"@type":"ReadAction","target":["https:\/\/www.astronomy.tours\/es\/producto\/objetivo-zoom-8-24-mm-3175\/"]}]},{"@type":"ImageObject","inLanguage":"es","@id":"https:\/\/www.astronomy.tours\/es\/producto\/objetivo-zoom-8-24-mm-3175\/#primaryimage","url":"https:\/\/www.astronomy.tours\/wp-content\/uploads\/2024\/04\/SW0291-1.webp","contentUrl":"https:\/\/www.astronomy.tours\/wp-content\/uploads\/2024\/04\/SW0291-1.webp","width":1150,"height":1150},{"@type":"BreadcrumbList","@id":"https:\/\/www.astronomy.tours\/es\/producto\/objetivo-zoom-8-24-mm-3175\/#breadcrumb","itemListElement":[{"@type":"ListItem","position":1,"name":"Home","item":"https:\/\/www.astronomy.tours\/es\/"},{"@type":"ListItem","position":2,"name":"Tienda","item":"https:\/\/www.astronomy.tours\/es\/tienda\/"},{"@type":"ListItem","position":3,"name":"Objetivo Zoom 8-24 mm (31,75)"}]},{"@type":"WebSite","@id":"https:\/\/www.astronomy.tours\/#website","url":"https:\/\/www.astronomy.tours\/","name":"Astronomy Tours","description":"Astronomical tours","publisher":{"@id":"https:\/\/www.astronomy.tours\/#organization"},"potentialAction":[{"@type":"SearchAction","target":{"@type":"EntryPoint","urlTemplate":"https:\/\/www.astronomy.tours\/?s={search_term_string}"},"query-input":{"@type":"PropertyValueSpecification","valueRequired":true,"valueName":"search_term_string"}}],"inLanguage":"es"},{"@type":"Organization","@id":"https:\/\/www.astronomy.tours\/#organization","name":"Astronomy Tours S.COOP","url":"https:\/\/www.astronomy.tours\/","logo":{"@type":"ImageObject","inLanguage":"es","@id":"https:\/\/www.astronomy.tours\/#\/schema\/logo\/image\/","url":"https:\/\/www.astronomy.tours\/wp-content\/uploads\/2026\/02\/logo-astronomy-tours-black-small.png","contentUrl":"https:\/\/www.astronomy.tours\/wp-content\/uploads\/2026\/02\/logo-astronomy-tours-black-small.png","width":2000,"height":740,"caption":"Astronomy Tours S.COOP"},"image":{"@id":"https:\/\/www.astronomy.tours\/#\/schema\/logo\/image\/"},"sameAs":["https:\/\/www.facebook.com\/astronomy.tours\/","https:\/\/www.instagram.com\/astronomytours\/?hl=en"]}]}},"brands":[{"id":229,"name":"SKYWATCHER","slug":"skywatcher-es"}],"_links":{"self":[{"href":"https:\/\/www.astronomy.tours\/es\/wp-json\/wp\/v2\/product\/1084","targetHints":{"allow":["GET"]}}],"collection":[{"href":"https:\/\/www.astronomy.tours\/es\/wp-json\/wp\/v2\/product"}],"about":[{"href":"https:\/\/www.astronomy.tours\/es\/wp-json\/wp\/v2\/types\/product"}],"replies":[{"embeddable":true,"href":"https:\/\/www.astronomy.tours\/es\/wp-json\/wp\/v2\/comments?post=1084"}],"wp:featuredmedia":[{"embeddable":true,"href":"https:\/\/www.astronomy.tours\/es\/wp-json\/wp\/v2\/media\/1672"}],"wp:attachment":[{"href":"https:\/\/www.astronomy.tours\/es\/wp-json\/wp\/v2\/media?parent=1084"}],"wp:term":[{"taxonomy":"pwb-brand","embeddable":true,"href":"https:\/\/www.astronomy.tours\/es\/wp-json\/wp\/v2\/pwb-brand?post=1084"},{"taxonomy":"product_brand","embeddable":true,"href":"https:\/\/www.astronomy.tours\/es\/wp-json\/wp\/v2\/product_brand?post=1084"},{"taxonomy":"product_cat","embeddable":true,"href":"https:\/\/www.astronomy.tours\/es\/wp-json\/wp\/v2\/product_cat?post=1084"},{"taxonomy":"product_tag","embeddable":true,"href":"https:\/\/www.astronomy.tours\/es\/wp-json\/wp\/v2\/product_tag?post=1084"}],"curies":[{"name":"wp","href":"https:\/\/api.w.org\/{rel}","templated":true}]}}