{"id":1081,"date":"2024-04-09T15:04:56","date_gmt":"2024-04-09T13:04:56","guid":{"rendered":"https:\/\/astronomy-new.imoli.com.pl\/product\/juego-de-objetivos-uwa-82-7-mm-15-mm-y-23-mm-con-caja\/"},"modified":"2024-06-05T15:17:59","modified_gmt":"2024-06-05T13:17:59","slug":"juego-de-objetivos-uwa-82-7-mm-15-mm-y-23-mm-con-caja","status":"publish","type":"product","link":"https:\/\/www.astronomy.tours\/es\/producto\/juego-de-objetivos-uwa-82-7-mm-15-mm-y-23-mm-con-caja\/","title":{"rendered":"Juego de objetivos UWA 82\u00b0 (7 mm, 15 mm y 23 mm) con caja"},"content":{"rendered":"<p class=\"p1\">La serie de oculares UWA de SkyWatcher ofrece un rendimiento mejorado junto con una amplia gama de longitudes focales. Esta gama de oculares ha sido dise\u00f1ada teniendo en cuenta las demandas y necesidades del usuario, para que puedan beneficiarse de las caracter\u00edsticas que han hecho \u00fanica a esta serie.<\/p>\n<p class=\"p1\">Los oculares de \u00e1ngulo ultra amplio P\u00f6ssl cuentan con 7 lentes con revestimiento antirreflejos para lograr una excelente transmisi\u00f3n de luz.<\/p>\n<p class=\"p1\">Este cambio de dise\u00f1o \u00f3ptico con 7 lentes aumenta el campo aparente de 52\u00b0 a 82\u00b0. Adem\u00e1s, se ha mejorado la comodidad del usuario con un alivio ocular de 16 mm y una banda el\u00e1stica ancha para facilitar el agarre y la manipulaci\u00f3n.<\/p>\n<p class=\"p1\">Los oculares de Sky-Watcher est\u00e1n excelentemente corregidos para la aberraci\u00f3n crom\u00e1tica y se adaptan a todo tipo de instrumentos (reflectores, refractores y catadi\u00f3ptricos).<\/p>\n<p class=\"p1\">Su campo aparente es de 82\u00b0.<\/p>\n<p class=\"p1\">Incorporan un ocular ajustable y rosca interna para la colocaci\u00f3n de filtros.<\/p>\n<p class=\"p1\">Este kit se suministra en un resistente estuche de aluminio para proteger los oculares, que incluye espuma precortada que se ajusta a las dimensiones de cada pieza. Con asa incorporada.<\/p>\n<p class=\"p1\"><strong>Especificaciones t\u00e9cnicas:<\/strong><\/p>\n<ul>\n<li class=\"p1\">Longitud Focal: 7 mm<\/li>\n<li class=\"p1\">Di\u00e1metro: 31.8 mm (1.25 pulgadas)<\/li>\n<li class=\"p1\">Campo Aparente: 82\u00b0<\/li>\n<li class=\"p1\">Peso: 342 g<\/li>\n<\/ul>\n<p>&nbsp;<\/p>\n<ul>\n<li class=\"p1\">Longitud Focal: 15 mm<\/li>\n<li class=\"p1\">Di\u00e1metro: 31.8 mm (1.25 pulgadas)<\/li>\n<li class=\"p1\">Campo Aparente: 82\u00b0<\/li>\n<li class=\"p1\">Peso: 400 g<\/li>\n<\/ul>\n<p>&nbsp;<\/p>\n<ul>\n<li>Longitud Focal: 23 mm<\/li>\n<li>Di\u00e1metro: 50.8 mm (2 pulgadas)<\/li>\n<li>Campo Aparente: 82\u00b0<\/li>\n<li>Peso: 816 g<\/li>\n<\/ul>\n","protected":false},"excerpt":{"rendered":"<p class=\"p1\"><strong>Conjunto de Lentes UWA 82\u00b0 (7 mm, 15 mm y 23 mm) con Estuche<\/strong><\/p>\n<p class=\"p1\">Si est\u00e1s buscando oculares de mayor calidad, el ocular UWA de SkyWatcher ofrece un rendimiento mejorado junto con una amplia gama de longitudes focales. Entre las m\u00faltiples caracter\u00edsticas de este ocular SkyWatcher, destacan los bordes ennegrecidos de sus lentes, que minimizan los reflejos internos y aumentan el contraste.<\/p>\n","protected":false},"featured_media":1678,"comment_status":"open","ping_status":"closed","template":"","meta":[],"pwb-brand":[229],"product_brand":[],"product_cat":[125,77],"product_tag":[],"class_list":{"0":"post-1081","1":"product","2":"type-product","3":"status-publish","4":"has-post-thumbnail","6":"pwb-brand-skywatcher-es","7":"product_cat-tripodes-y-accesorios","8":"product_cat-equipo","10":"first","11":"instock","12":"shipping-taxable","13":"purchasable","14":"product-type-simple"},"yoast_head":"<!-- This site is optimized with the Yoast SEO plugin v25.3 - https:\/\/yoast.com\/wordpress\/plugins\/seo\/ -->\n<title>Juego de objetivos UWA 82\u00b0 (7 mm, 15 mm y 23 mm) con caja - Astronomy Tours<\/title>\n<meta name=\"robots\" content=\"index, follow, max-snippet:-1, max-image-preview:large, max-video-preview:-1\" \/>\n<link rel=\"canonical\" href=\"https:\/\/www.astronomy.tours\/es\/producto\/juego-de-objetivos-uwa-82-7-mm-15-mm-y-23-mm-con-caja\/\" \/>\n<meta property=\"og:locale\" content=\"es_ES\" \/>\n<meta property=\"og:type\" content=\"article\" \/>\n<meta property=\"og:title\" content=\"Juego de objetivos UWA 82\u00b0 (7 mm, 15 mm y 23 mm) con caja - Astronomy Tours\" \/>\n<meta property=\"og:description\" content=\"Conjunto de Lentes UWA 82\u00b0 (7 mm, 15 mm y 23 mm) con Estuche Si est\u00e1s buscando oculares de mayor calidad, el ocular UWA de SkyWatcher ofrece un rendimiento mejorado junto con una amplia gama de longitudes focales. Entre las m\u00faltiples caracter\u00edsticas de este ocular SkyWatcher, destacan los bordes ennegrecidos de sus lentes, que minimizan los reflejos internos y aumentan el contraste.\" \/>\n<meta property=\"og:url\" content=\"https:\/\/www.astronomy.tours\/es\/producto\/juego-de-objetivos-uwa-82-7-mm-15-mm-y-23-mm-con-caja\/\" \/>\n<meta property=\"og:site_name\" content=\"Astronomy Tours\" \/>\n<meta property=\"article:publisher\" content=\"https:\/\/www.facebook.com\/astronomy.tours\/\" \/>\n<meta property=\"article:modified_time\" content=\"2024-06-05T13:17:59+00:00\" \/>\n<meta property=\"og:image\" content=\"https:\/\/www.astronomy.tours\/wp-content\/uploads\/2024\/04\/SW0389-2-1.webp\" \/>\n\t<meta property=\"og:image:width\" content=\"1150\" \/>\n\t<meta property=\"og:image:height\" content=\"1150\" \/>\n\t<meta property=\"og:image:type\" content=\"image\/webp\" \/>\n<meta name=\"twitter:card\" content=\"summary_large_image\" \/>\n<meta name=\"twitter:label1\" content=\"Tiempo de lectura\" \/>\n\t<meta name=\"twitter:data1\" content=\"1 minuto\" \/>\n<script type=\"application\/ld+json\" class=\"yoast-schema-graph\">{\"@context\":\"https:\/\/schema.org\",\"@graph\":[{\"@type\":\"WebPage\",\"@id\":\"https:\/\/www.astronomy.tours\/es\/producto\/juego-de-objetivos-uwa-82-7-mm-15-mm-y-23-mm-con-caja\/\",\"url\":\"https:\/\/www.astronomy.tours\/es\/producto\/juego-de-objetivos-uwa-82-7-mm-15-mm-y-23-mm-con-caja\/\",\"name\":\"Juego de objetivos UWA 82\u00b0 (7 mm, 15 mm y 23 mm) con caja - Astronomy Tours\",\"isPartOf\":{\"@id\":\"https:\/\/www.astronomy.tours\/#website\"},\"primaryImageOfPage\":{\"@id\":\"https:\/\/www.astronomy.tours\/es\/producto\/juego-de-objetivos-uwa-82-7-mm-15-mm-y-23-mm-con-caja\/#primaryimage\"},\"image\":{\"@id\":\"https:\/\/www.astronomy.tours\/es\/producto\/juego-de-objetivos-uwa-82-7-mm-15-mm-y-23-mm-con-caja\/#primaryimage\"},\"thumbnailUrl\":\"https:\/\/www.astronomy.tours\/wp-content\/uploads\/2024\/04\/SW0389-2-1.webp\",\"datePublished\":\"2024-04-09T13:04:56+00:00\",\"dateModified\":\"2024-06-05T13:17:59+00:00\",\"breadcrumb\":{\"@id\":\"https:\/\/www.astronomy.tours\/es\/producto\/juego-de-objetivos-uwa-82-7-mm-15-mm-y-23-mm-con-caja\/#breadcrumb\"},\"inLanguage\":\"es\",\"potentialAction\":[{\"@type\":\"ReadAction\",\"target\":[\"https:\/\/www.astronomy.tours\/es\/producto\/juego-de-objetivos-uwa-82-7-mm-15-mm-y-23-mm-con-caja\/\"]}]},{\"@type\":\"ImageObject\",\"inLanguage\":\"es\",\"@id\":\"https:\/\/www.astronomy.tours\/es\/producto\/juego-de-objetivos-uwa-82-7-mm-15-mm-y-23-mm-con-caja\/#primaryimage\",\"url\":\"https:\/\/www.astronomy.tours\/wp-content\/uploads\/2024\/04\/SW0389-2-1.webp\",\"contentUrl\":\"https:\/\/www.astronomy.tours\/wp-content\/uploads\/2024\/04\/SW0389-2-1.webp\",\"width\":1150,\"height\":1150},{\"@type\":\"BreadcrumbList\",\"@id\":\"https:\/\/www.astronomy.tours\/es\/producto\/juego-de-objetivos-uwa-82-7-mm-15-mm-y-23-mm-con-caja\/#breadcrumb\",\"itemListElement\":[{\"@type\":\"ListItem\",\"position\":1,\"name\":\"Home\",\"item\":\"https:\/\/www.astronomy.tours\/es\/\"},{\"@type\":\"ListItem\",\"position\":2,\"name\":\"Tienda\",\"item\":\"https:\/\/www.astronomy.tours\/es\/tienda\/\"},{\"@type\":\"ListItem\",\"position\":3,\"name\":\"Juego de objetivos UWA 82\u00b0 (7 mm, 15 mm y 23 mm) con caja\"}]},{\"@type\":\"WebSite\",\"@id\":\"https:\/\/www.astronomy.tours\/#website\",\"url\":\"https:\/\/www.astronomy.tours\/\",\"name\":\"Astronomy Tours\",\"description\":\"Astronomical tours\",\"publisher\":{\"@id\":\"https:\/\/www.astronomy.tours\/#organization\"},\"potentialAction\":[{\"@type\":\"SearchAction\",\"target\":{\"@type\":\"EntryPoint\",\"urlTemplate\":\"https:\/\/www.astronomy.tours\/?s={search_term_string}\"},\"query-input\":{\"@type\":\"PropertyValueSpecification\",\"valueRequired\":true,\"valueName\":\"search_term_string\"}}],\"inLanguage\":\"es\"},{\"@type\":\"Organization\",\"@id\":\"https:\/\/www.astronomy.tours\/#organization\",\"name\":\"Astronomy Tours S.COOP\",\"url\":\"https:\/\/www.astronomy.tours\/\",\"logo\":{\"@type\":\"ImageObject\",\"inLanguage\":\"es\",\"@id\":\"https:\/\/www.astronomy.tours\/#\/schema\/logo\/image\/\",\"url\":\"https:\/\/www.astronomy.tours\/wp-content\/uploads\/2026\/02\/logo-astronomy-tours-black-small.png\",\"contentUrl\":\"https:\/\/www.astronomy.tours\/wp-content\/uploads\/2026\/02\/logo-astronomy-tours-black-small.png\",\"width\":2000,\"height\":740,\"caption\":\"Astronomy Tours S.COOP\"},\"image\":{\"@id\":\"https:\/\/www.astronomy.tours\/#\/schema\/logo\/image\/\"},\"sameAs\":[\"https:\/\/www.facebook.com\/astronomy.tours\/\",\"https:\/\/www.instagram.com\/astronomytours\/?hl=en\"]}]}<\/script>\n<!-- \/ Yoast SEO plugin. -->","yoast_head_json":{"title":"Juego de objetivos UWA 82\u00b0 (7 mm, 15 mm y 23 mm) con caja - Astronomy Tours","robots":{"index":"index","follow":"follow","max-snippet":"max-snippet:-1","max-image-preview":"max-image-preview:large","max-video-preview":"max-video-preview:-1"},"canonical":"https:\/\/www.astronomy.tours\/es\/producto\/juego-de-objetivos-uwa-82-7-mm-15-mm-y-23-mm-con-caja\/","og_locale":"es_ES","og_type":"article","og_title":"Juego de objetivos UWA 82\u00b0 (7 mm, 15 mm y 23 mm) con caja - Astronomy Tours","og_description":"Conjunto de Lentes UWA 82\u00b0 (7 mm, 15 mm y 23 mm) con Estuche Si est\u00e1s buscando oculares de mayor calidad, el ocular UWA de SkyWatcher ofrece un rendimiento mejorado junto con una amplia gama de longitudes focales. Entre las m\u00faltiples caracter\u00edsticas de este ocular SkyWatcher, destacan los bordes ennegrecidos de sus lentes, que minimizan los reflejos internos y aumentan el contraste.","og_url":"https:\/\/www.astronomy.tours\/es\/producto\/juego-de-objetivos-uwa-82-7-mm-15-mm-y-23-mm-con-caja\/","og_site_name":"Astronomy Tours","article_publisher":"https:\/\/www.facebook.com\/astronomy.tours\/","article_modified_time":"2024-06-05T13:17:59+00:00","og_image":[{"width":1150,"height":1150,"url":"https:\/\/www.astronomy.tours\/wp-content\/uploads\/2024\/04\/SW0389-2-1.webp","type":"image\/webp"}],"twitter_card":"summary_large_image","twitter_misc":{"Tiempo de lectura":"1 minuto"},"schema":{"@context":"https:\/\/schema.org","@graph":[{"@type":"WebPage","@id":"https:\/\/www.astronomy.tours\/es\/producto\/juego-de-objetivos-uwa-82-7-mm-15-mm-y-23-mm-con-caja\/","url":"https:\/\/www.astronomy.tours\/es\/producto\/juego-de-objetivos-uwa-82-7-mm-15-mm-y-23-mm-con-caja\/","name":"Juego de objetivos UWA 82\u00b0 (7 mm, 15 mm y 23 mm) con caja - Astronomy Tours","isPartOf":{"@id":"https:\/\/www.astronomy.tours\/#website"},"primaryImageOfPage":{"@id":"https:\/\/www.astronomy.tours\/es\/producto\/juego-de-objetivos-uwa-82-7-mm-15-mm-y-23-mm-con-caja\/#primaryimage"},"image":{"@id":"https:\/\/www.astronomy.tours\/es\/producto\/juego-de-objetivos-uwa-82-7-mm-15-mm-y-23-mm-con-caja\/#primaryimage"},"thumbnailUrl":"https:\/\/www.astronomy.tours\/wp-content\/uploads\/2024\/04\/SW0389-2-1.webp","datePublished":"2024-04-09T13:04:56+00:00","dateModified":"2024-06-05T13:17:59+00:00","breadcrumb":{"@id":"https:\/\/www.astronomy.tours\/es\/producto\/juego-de-objetivos-uwa-82-7-mm-15-mm-y-23-mm-con-caja\/#breadcrumb"},"inLanguage":"es","potentialAction":[{"@type":"ReadAction","target":["https:\/\/www.astronomy.tours\/es\/producto\/juego-de-objetivos-uwa-82-7-mm-15-mm-y-23-mm-con-caja\/"]}]},{"@type":"ImageObject","inLanguage":"es","@id":"https:\/\/www.astronomy.tours\/es\/producto\/juego-de-objetivos-uwa-82-7-mm-15-mm-y-23-mm-con-caja\/#primaryimage","url":"https:\/\/www.astronomy.tours\/wp-content\/uploads\/2024\/04\/SW0389-2-1.webp","contentUrl":"https:\/\/www.astronomy.tours\/wp-content\/uploads\/2024\/04\/SW0389-2-1.webp","width":1150,"height":1150},{"@type":"BreadcrumbList","@id":"https:\/\/www.astronomy.tours\/es\/producto\/juego-de-objetivos-uwa-82-7-mm-15-mm-y-23-mm-con-caja\/#breadcrumb","itemListElement":[{"@type":"ListItem","position":1,"name":"Home","item":"https:\/\/www.astronomy.tours\/es\/"},{"@type":"ListItem","position":2,"name":"Tienda","item":"https:\/\/www.astronomy.tours\/es\/tienda\/"},{"@type":"ListItem","position":3,"name":"Juego de objetivos UWA 82\u00b0 (7 mm, 15 mm y 23 mm) con caja"}]},{"@type":"WebSite","@id":"https:\/\/www.astronomy.tours\/#website","url":"https:\/\/www.astronomy.tours\/","name":"Astronomy Tours","description":"Astronomical tours","publisher":{"@id":"https:\/\/www.astronomy.tours\/#organization"},"potentialAction":[{"@type":"SearchAction","target":{"@type":"EntryPoint","urlTemplate":"https:\/\/www.astronomy.tours\/?s={search_term_string}"},"query-input":{"@type":"PropertyValueSpecification","valueRequired":true,"valueName":"search_term_string"}}],"inLanguage":"es"},{"@type":"Organization","@id":"https:\/\/www.astronomy.tours\/#organization","name":"Astronomy Tours S.COOP","url":"https:\/\/www.astronomy.tours\/","logo":{"@type":"ImageObject","inLanguage":"es","@id":"https:\/\/www.astronomy.tours\/#\/schema\/logo\/image\/","url":"https:\/\/www.astronomy.tours\/wp-content\/uploads\/2026\/02\/logo-astronomy-tours-black-small.png","contentUrl":"https:\/\/www.astronomy.tours\/wp-content\/uploads\/2026\/02\/logo-astronomy-tours-black-small.png","width":2000,"height":740,"caption":"Astronomy Tours S.COOP"},"image":{"@id":"https:\/\/www.astronomy.tours\/#\/schema\/logo\/image\/"},"sameAs":["https:\/\/www.facebook.com\/astronomy.tours\/","https:\/\/www.instagram.com\/astronomytours\/?hl=en"]}]}},"brands":[{"id":229,"name":"SKYWATCHER","slug":"skywatcher-es"}],"_links":{"self":[{"href":"https:\/\/www.astronomy.tours\/es\/wp-json\/wp\/v2\/product\/1081","targetHints":{"allow":["GET"]}}],"collection":[{"href":"https:\/\/www.astronomy.tours\/es\/wp-json\/wp\/v2\/product"}],"about":[{"href":"https:\/\/www.astronomy.tours\/es\/wp-json\/wp\/v2\/types\/product"}],"replies":[{"embeddable":true,"href":"https:\/\/www.astronomy.tours\/es\/wp-json\/wp\/v2\/comments?post=1081"}],"wp:featuredmedia":[{"embeddable":true,"href":"https:\/\/www.astronomy.tours\/es\/wp-json\/wp\/v2\/media\/1678"}],"wp:attachment":[{"href":"https:\/\/www.astronomy.tours\/es\/wp-json\/wp\/v2\/media?parent=1081"}],"wp:term":[{"taxonomy":"pwb-brand","embeddable":true,"href":"https:\/\/www.astronomy.tours\/es\/wp-json\/wp\/v2\/pwb-brand?post=1081"},{"taxonomy":"product_brand","embeddable":true,"href":"https:\/\/www.astronomy.tours\/es\/wp-json\/wp\/v2\/product_brand?post=1081"},{"taxonomy":"product_cat","embeddable":true,"href":"https:\/\/www.astronomy.tours\/es\/wp-json\/wp\/v2\/product_cat?post=1081"},{"taxonomy":"product_tag","embeddable":true,"href":"https:\/\/www.astronomy.tours\/es\/wp-json\/wp\/v2\/product_tag?post=1081"}],"curies":[{"name":"wp","href":"https:\/\/api.w.org\/{rel}","templated":true}]}}