{"id":1080,"date":"2024-04-09T15:03:16","date_gmt":"2024-04-09T13:03:16","guid":{"rendered":"https:\/\/astronomy-new.imoli.com.pl\/product\/soporte-miniaz-go-to-wifi-con-tripode-portatil-y-extension-de-muelle\/"},"modified":"2024-06-05T15:14:43","modified_gmt":"2024-06-05T13:14:43","slug":"soporte-miniaz-go-to-wifi-con-tripode-portatil-y-extension-de-muelle","status":"publish","type":"product","link":"https:\/\/www.astronomy.tours\/es\/producto\/soporte-miniaz-go-to-wifi-con-tripode-portatil-y-extension-de-muelle\/","title":{"rendered":"Soporte MiniAZ Go-To wifi con tr\u00edpode port\u00e1til y extensi\u00f3n de muelle"},"content":{"rendered":"<p class=\"p1\">Para ampliar su gama de monturas, Sky-Watcher ofrece un nuevo modelo para usuarios de prism\u00e1ticos y telescopios interesados en observar tanto de d\u00eda como de noche. La montura SkyWatcher Mini AZ GOTO WIFI es una montura GOTO con una base de datos, que permite la localizaci\u00f3n autom\u00e1tica de objetos astron\u00f3micos.<\/p>\n<p class=\"p1\">La montura GOTO Wifi AZ-GTi es, por lo tanto, una montura altazimutal, el sistema m\u00e1s simple, c\u00f3modo y vers\u00e1til de usar, motorizado en ambas direcciones y equipado con su propia red Wifi. Con tu tel\u00e9fono inteligente (Google Android o Apple iOS) y la aplicaci\u00f3n SynScan gratuita, puedes controlar f\u00e1cilmente tu montura sin necesidad de usar cables.<\/p>\n<p class=\"p1\">Despu\u00e9s de ingresar las coordenadas en la aplicaci\u00f3n y seguir el procedimiento de alineaci\u00f3n, puedes explorar el Universo con tu tel\u00e9fono inteligente o tableta. No es necesario estar familiarizado con el cielo gracias a la base de datos de m\u00e1s de 10,000 objetos&#8230; y utilizando el motor de doble eje se evitar\u00e1 la necesidad de compensar manualmente la rotaci\u00f3n de la Tierra. La montura SkyWatcher AZ GOTO WIFI, AZ-GTi, incluso te permite utilizar la tecnolog\u00eda Freedom-Find\u2122 de SkyWatcher para mover manualmente tu instrumento sin perder la posici\u00f3n (en otros tipos de monturas, si desenganchas los ejes para hacer un movimiento manual, el telescopio pierde la alineaci\u00f3n y el proceso debe repetirse). De esta manera, tienes m\u00e1xima libertad y flexibilidad durante tus observaciones.<\/p>\n<p class=\"p1\">Con una capacidad de carga de 5 kg (con un accesorio de cola de milano macho Vixen opcional), puedes usar prism\u00e1ticos de hasta 100\/120 mm de di\u00e1metro o telescopios Maksutov de hasta 127 mm, y peque\u00f1os telescopios Newtonianos. El tr\u00edpode de aluminio plegable es f\u00e1cil de transportar. Es un conjunto perfecto (montura + tr\u00edpode) para el observador n\u00f3mada.<\/p>\n<p class=\"p1\"><strong>Especificaciones t\u00e9cnicas:<\/strong><\/p>\n<ul>\n<li class=\"p1\">Tipo de Montura: Montura Sky-Watcher AZ-GTi WIFI GOTO<\/li>\n<li class=\"p1\">Automatizaci\u00f3n: GOTO<\/li>\n<li class=\"p1\">Capacidad de Carga: 5 kg<\/li>\n<li class=\"p1\">Motorizaci\u00f3n: Servomotor DC en ambos ejes.<\/li>\n<li class=\"p1\">Controlador: a trav\u00e9s de la aplicaci\u00f3n SynScan gratuita (iOS o Android) o el mando a distancia SynScan opcional.<\/li>\n<li class=\"p1\">Base de Datos en la Aplicaci\u00f3n SynScan: +40,000 objetos incluyendo cat\u00e1logos Messier, NGC, IC, Caldwell. 305 estrellas por nombre, 55 estrellas dobles, Planetas, Luna y Sol.<\/li>\n<li class=\"p1\">Alineaci\u00f3n: Estrella m\u00e1s Brillante o Nivel Norte<\/li>\n<li class=\"p1\">Otras caracter\u00edsticas de la Aplicaci\u00f3n SynScan: Mejores objetos de la noche, identificaci\u00f3n de objetos, control por internet, PAE (mejora de la precisi\u00f3n de punter\u00eda).<\/li>\n<li class=\"p1\">Precisi\u00f3n de Punter\u00eda: 10&#8221; RMS de arco<\/li>\n<li class=\"p1\">Resoluci\u00f3n: Codificadores con 2,073,600 pulsos\/revoluci\u00f3n (0.625 segundos de arco)<\/li>\n<li class=\"p1\">Tipo de Punter\u00eda: Tecnolog\u00eda de Codificador Doble Freedom-Find\u2122<\/li>\n<li class=\"p1\">Tipo de Seguimiento: Sideral, Lunar, Solar<\/li>\n<li class=\"p1\">Rango de Velocidad: de 0.5x a 800x<\/li>\n<li class=\"p1\">Puerto de Conexi\u00f3n para Mando a Distancia SynScan Puerto de Disparo de C\u00e1mara (cable opcional) M\u00f3dulo Wifi Integrado Toma de Corriente 12V<\/li>\n<li class=\"p1\">Cola de Milano tipo Vixen<\/li>\n<li class=\"p1\">Tr\u00edpode plegable, con separador, y columna de extensi\u00f3n de 21.5cm<\/li>\n<li class=\"p1\">Altura del tr\u00edpode m\u00e1s montura: de 80.5mm a 152mm<\/li>\n<li class=\"p1\">Peso de la montura: 1.3 kg Peso del tr\u00edpode: 2.6 kg Peso total: 3.9 kg<\/li>\n<li>Fuente de Alimentaci\u00f3n: 12V DC (cable de bater\u00eda opcional o tanque de energ\u00eda) o bater\u00edas AA (8 pilas AA\/LR6 no incluidas)<\/li>\n<\/ul>\n","protected":false},"excerpt":{"rendered":"<p class=\"p1\"><strong>Montura MiniAZ Go-To wifi con tr\u00edpode port\u00e1til y extensi\u00f3n de columna<\/strong><\/p>\n<p class=\"p1\">La nueva montura ultraport\u00e1til SkyWatcher Mini AZ-GTi Wifi con tr\u00edpode y extensi\u00f3n de columna. \u00a1La soluci\u00f3n m\u00e1s econ\u00f3mica y revolucionaria para el astr\u00f3nomo n\u00f3mada!<\/p>\n","protected":false},"featured_media":867,"comment_status":"open","ping_status":"closed","template":"","meta":[],"pwb-brand":[229],"product_brand":[],"product_cat":[125,77],"product_tag":[],"class_list":{"0":"post-1080","1":"product","2":"type-product","3":"status-publish","4":"has-post-thumbnail","6":"pwb-brand-skywatcher-es","7":"product_cat-tripodes-y-accesorios","8":"product_cat-equipo","10":"first","11":"instock","12":"shipping-taxable","13":"purchasable","14":"product-type-simple"},"yoast_head":"<!-- This site is optimized with the Yoast SEO plugin v25.3 - https:\/\/yoast.com\/wordpress\/plugins\/seo\/ -->\n<title>Soporte MiniAZ Go-To wifi con tr\u00edpode port\u00e1til y extensi\u00f3n de muelle - Astronomy Tours<\/title>\n<meta name=\"robots\" content=\"index, follow, max-snippet:-1, max-image-preview:large, max-video-preview:-1\" \/>\n<link rel=\"canonical\" href=\"https:\/\/www.astronomy.tours\/es\/producto\/soporte-miniaz-go-to-wifi-con-tripode-portatil-y-extension-de-muelle\/\" \/>\n<meta property=\"og:locale\" content=\"es_ES\" \/>\n<meta property=\"og:type\" content=\"article\" \/>\n<meta property=\"og:title\" content=\"Soporte MiniAZ Go-To wifi con tr\u00edpode port\u00e1til y extensi\u00f3n de muelle - Astronomy Tours\" \/>\n<meta property=\"og:description\" content=\"Montura MiniAZ Go-To wifi con tr\u00edpode port\u00e1til y extensi\u00f3n de columna La nueva montura ultraport\u00e1til SkyWatcher Mini AZ-GTi Wifi con tr\u00edpode y extensi\u00f3n de columna. \u00a1La soluci\u00f3n m\u00e1s econ\u00f3mica y revolucionaria para el astr\u00f3nomo n\u00f3mada!\" \/>\n<meta property=\"og:url\" content=\"https:\/\/www.astronomy.tours\/es\/producto\/soporte-miniaz-go-to-wifi-con-tripode-portatil-y-extension-de-muelle\/\" \/>\n<meta property=\"og:site_name\" content=\"Astronomy Tours\" \/>\n<meta property=\"article:publisher\" content=\"https:\/\/www.facebook.com\/astronomy.tours\/\" \/>\n<meta property=\"article:modified_time\" content=\"2024-06-05T13:14:43+00:00\" \/>\n<meta property=\"og:image\" content=\"https:\/\/www.astronomy.tours\/wp-content\/uploads\/2024\/04\/SW0407-1.webp\" \/>\n\t<meta property=\"og:image:width\" content=\"800\" \/>\n\t<meta property=\"og:image:height\" content=\"800\" \/>\n\t<meta property=\"og:image:type\" content=\"image\/webp\" \/>\n<meta name=\"twitter:card\" content=\"summary_large_image\" \/>\n<meta name=\"twitter:label1\" content=\"Tiempo de lectura\" \/>\n\t<meta name=\"twitter:data1\" content=\"3 minutos\" \/>\n<script type=\"application\/ld+json\" class=\"yoast-schema-graph\">{\"@context\":\"https:\/\/schema.org\",\"@graph\":[{\"@type\":\"WebPage\",\"@id\":\"https:\/\/www.astronomy.tours\/es\/producto\/soporte-miniaz-go-to-wifi-con-tripode-portatil-y-extension-de-muelle\/\",\"url\":\"https:\/\/www.astronomy.tours\/es\/producto\/soporte-miniaz-go-to-wifi-con-tripode-portatil-y-extension-de-muelle\/\",\"name\":\"Soporte MiniAZ Go-To wifi con tr\u00edpode port\u00e1til y extensi\u00f3n de muelle - Astronomy Tours\",\"isPartOf\":{\"@id\":\"https:\/\/www.astronomy.tours\/#website\"},\"primaryImageOfPage\":{\"@id\":\"https:\/\/www.astronomy.tours\/es\/producto\/soporte-miniaz-go-to-wifi-con-tripode-portatil-y-extension-de-muelle\/#primaryimage\"},\"image\":{\"@id\":\"https:\/\/www.astronomy.tours\/es\/producto\/soporte-miniaz-go-to-wifi-con-tripode-portatil-y-extension-de-muelle\/#primaryimage\"},\"thumbnailUrl\":\"https:\/\/www.astronomy.tours\/wp-content\/uploads\/2024\/04\/SW0407-1.webp\",\"datePublished\":\"2024-04-09T13:03:16+00:00\",\"dateModified\":\"2024-06-05T13:14:43+00:00\",\"breadcrumb\":{\"@id\":\"https:\/\/www.astronomy.tours\/es\/producto\/soporte-miniaz-go-to-wifi-con-tripode-portatil-y-extension-de-muelle\/#breadcrumb\"},\"inLanguage\":\"es\",\"potentialAction\":[{\"@type\":\"ReadAction\",\"target\":[\"https:\/\/www.astronomy.tours\/es\/producto\/soporte-miniaz-go-to-wifi-con-tripode-portatil-y-extension-de-muelle\/\"]}]},{\"@type\":\"ImageObject\",\"inLanguage\":\"es\",\"@id\":\"https:\/\/www.astronomy.tours\/es\/producto\/soporte-miniaz-go-to-wifi-con-tripode-portatil-y-extension-de-muelle\/#primaryimage\",\"url\":\"https:\/\/www.astronomy.tours\/wp-content\/uploads\/2024\/04\/SW0407-1.webp\",\"contentUrl\":\"https:\/\/www.astronomy.tours\/wp-content\/uploads\/2024\/04\/SW0407-1.webp\",\"width\":800,\"height\":800},{\"@type\":\"BreadcrumbList\",\"@id\":\"https:\/\/www.astronomy.tours\/es\/producto\/soporte-miniaz-go-to-wifi-con-tripode-portatil-y-extension-de-muelle\/#breadcrumb\",\"itemListElement\":[{\"@type\":\"ListItem\",\"position\":1,\"name\":\"Home\",\"item\":\"https:\/\/www.astronomy.tours\/es\/\"},{\"@type\":\"ListItem\",\"position\":2,\"name\":\"Tienda\",\"item\":\"https:\/\/www.astronomy.tours\/es\/tienda\/\"},{\"@type\":\"ListItem\",\"position\":3,\"name\":\"Soporte MiniAZ Go-To wifi con tr\u00edpode port\u00e1til y extensi\u00f3n de muelle\"}]},{\"@type\":\"WebSite\",\"@id\":\"https:\/\/www.astronomy.tours\/#website\",\"url\":\"https:\/\/www.astronomy.tours\/\",\"name\":\"Astronomy Tours\",\"description\":\"Astronomical tours\",\"publisher\":{\"@id\":\"https:\/\/www.astronomy.tours\/#organization\"},\"potentialAction\":[{\"@type\":\"SearchAction\",\"target\":{\"@type\":\"EntryPoint\",\"urlTemplate\":\"https:\/\/www.astronomy.tours\/?s={search_term_string}\"},\"query-input\":{\"@type\":\"PropertyValueSpecification\",\"valueRequired\":true,\"valueName\":\"search_term_string\"}}],\"inLanguage\":\"es\"},{\"@type\":\"Organization\",\"@id\":\"https:\/\/www.astronomy.tours\/#organization\",\"name\":\"Astronomy Tours S.COOP\",\"url\":\"https:\/\/www.astronomy.tours\/\",\"logo\":{\"@type\":\"ImageObject\",\"inLanguage\":\"es\",\"@id\":\"https:\/\/www.astronomy.tours\/#\/schema\/logo\/image\/\",\"url\":\"https:\/\/www.astronomy.tours\/wp-content\/uploads\/2026\/02\/logo-astronomy-tours-black-small.png\",\"contentUrl\":\"https:\/\/www.astronomy.tours\/wp-content\/uploads\/2026\/02\/logo-astronomy-tours-black-small.png\",\"width\":2000,\"height\":740,\"caption\":\"Astronomy Tours S.COOP\"},\"image\":{\"@id\":\"https:\/\/www.astronomy.tours\/#\/schema\/logo\/image\/\"},\"sameAs\":[\"https:\/\/www.facebook.com\/astronomy.tours\/\",\"https:\/\/www.instagram.com\/astronomytours\/?hl=en\"]}]}<\/script>\n<!-- \/ Yoast SEO plugin. -->","yoast_head_json":{"title":"Soporte MiniAZ Go-To wifi con tr\u00edpode port\u00e1til y extensi\u00f3n de muelle - Astronomy Tours","robots":{"index":"index","follow":"follow","max-snippet":"max-snippet:-1","max-image-preview":"max-image-preview:large","max-video-preview":"max-video-preview:-1"},"canonical":"https:\/\/www.astronomy.tours\/es\/producto\/soporte-miniaz-go-to-wifi-con-tripode-portatil-y-extension-de-muelle\/","og_locale":"es_ES","og_type":"article","og_title":"Soporte MiniAZ Go-To wifi con tr\u00edpode port\u00e1til y extensi\u00f3n de muelle - Astronomy Tours","og_description":"Montura MiniAZ Go-To wifi con tr\u00edpode port\u00e1til y extensi\u00f3n de columna La nueva montura ultraport\u00e1til SkyWatcher Mini AZ-GTi Wifi con tr\u00edpode y extensi\u00f3n de columna. \u00a1La soluci\u00f3n m\u00e1s econ\u00f3mica y revolucionaria para el astr\u00f3nomo n\u00f3mada!","og_url":"https:\/\/www.astronomy.tours\/es\/producto\/soporte-miniaz-go-to-wifi-con-tripode-portatil-y-extension-de-muelle\/","og_site_name":"Astronomy Tours","article_publisher":"https:\/\/www.facebook.com\/astronomy.tours\/","article_modified_time":"2024-06-05T13:14:43+00:00","og_image":[{"width":800,"height":800,"url":"https:\/\/www.astronomy.tours\/wp-content\/uploads\/2024\/04\/SW0407-1.webp","type":"image\/webp"}],"twitter_card":"summary_large_image","twitter_misc":{"Tiempo de lectura":"3 minutos"},"schema":{"@context":"https:\/\/schema.org","@graph":[{"@type":"WebPage","@id":"https:\/\/www.astronomy.tours\/es\/producto\/soporte-miniaz-go-to-wifi-con-tripode-portatil-y-extension-de-muelle\/","url":"https:\/\/www.astronomy.tours\/es\/producto\/soporte-miniaz-go-to-wifi-con-tripode-portatil-y-extension-de-muelle\/","name":"Soporte MiniAZ Go-To wifi con tr\u00edpode port\u00e1til y extensi\u00f3n de muelle - Astronomy Tours","isPartOf":{"@id":"https:\/\/www.astronomy.tours\/#website"},"primaryImageOfPage":{"@id":"https:\/\/www.astronomy.tours\/es\/producto\/soporte-miniaz-go-to-wifi-con-tripode-portatil-y-extension-de-muelle\/#primaryimage"},"image":{"@id":"https:\/\/www.astronomy.tours\/es\/producto\/soporte-miniaz-go-to-wifi-con-tripode-portatil-y-extension-de-muelle\/#primaryimage"},"thumbnailUrl":"https:\/\/www.astronomy.tours\/wp-content\/uploads\/2024\/04\/SW0407-1.webp","datePublished":"2024-04-09T13:03:16+00:00","dateModified":"2024-06-05T13:14:43+00:00","breadcrumb":{"@id":"https:\/\/www.astronomy.tours\/es\/producto\/soporte-miniaz-go-to-wifi-con-tripode-portatil-y-extension-de-muelle\/#breadcrumb"},"inLanguage":"es","potentialAction":[{"@type":"ReadAction","target":["https:\/\/www.astronomy.tours\/es\/producto\/soporte-miniaz-go-to-wifi-con-tripode-portatil-y-extension-de-muelle\/"]}]},{"@type":"ImageObject","inLanguage":"es","@id":"https:\/\/www.astronomy.tours\/es\/producto\/soporte-miniaz-go-to-wifi-con-tripode-portatil-y-extension-de-muelle\/#primaryimage","url":"https:\/\/www.astronomy.tours\/wp-content\/uploads\/2024\/04\/SW0407-1.webp","contentUrl":"https:\/\/www.astronomy.tours\/wp-content\/uploads\/2024\/04\/SW0407-1.webp","width":800,"height":800},{"@type":"BreadcrumbList","@id":"https:\/\/www.astronomy.tours\/es\/producto\/soporte-miniaz-go-to-wifi-con-tripode-portatil-y-extension-de-muelle\/#breadcrumb","itemListElement":[{"@type":"ListItem","position":1,"name":"Home","item":"https:\/\/www.astronomy.tours\/es\/"},{"@type":"ListItem","position":2,"name":"Tienda","item":"https:\/\/www.astronomy.tours\/es\/tienda\/"},{"@type":"ListItem","position":3,"name":"Soporte MiniAZ Go-To wifi con tr\u00edpode port\u00e1til y extensi\u00f3n de muelle"}]},{"@type":"WebSite","@id":"https:\/\/www.astronomy.tours\/#website","url":"https:\/\/www.astronomy.tours\/","name":"Astronomy Tours","description":"Astronomical tours","publisher":{"@id":"https:\/\/www.astronomy.tours\/#organization"},"potentialAction":[{"@type":"SearchAction","target":{"@type":"EntryPoint","urlTemplate":"https:\/\/www.astronomy.tours\/?s={search_term_string}"},"query-input":{"@type":"PropertyValueSpecification","valueRequired":true,"valueName":"search_term_string"}}],"inLanguage":"es"},{"@type":"Organization","@id":"https:\/\/www.astronomy.tours\/#organization","name":"Astronomy Tours S.COOP","url":"https:\/\/www.astronomy.tours\/","logo":{"@type":"ImageObject","inLanguage":"es","@id":"https:\/\/www.astronomy.tours\/#\/schema\/logo\/image\/","url":"https:\/\/www.astronomy.tours\/wp-content\/uploads\/2026\/02\/logo-astronomy-tours-black-small.png","contentUrl":"https:\/\/www.astronomy.tours\/wp-content\/uploads\/2026\/02\/logo-astronomy-tours-black-small.png","width":2000,"height":740,"caption":"Astronomy Tours S.COOP"},"image":{"@id":"https:\/\/www.astronomy.tours\/#\/schema\/logo\/image\/"},"sameAs":["https:\/\/www.facebook.com\/astronomy.tours\/","https:\/\/www.instagram.com\/astronomytours\/?hl=en"]}]}},"brands":[{"id":229,"name":"SKYWATCHER","slug":"skywatcher-es"}],"_links":{"self":[{"href":"https:\/\/www.astronomy.tours\/es\/wp-json\/wp\/v2\/product\/1080","targetHints":{"allow":["GET"]}}],"collection":[{"href":"https:\/\/www.astronomy.tours\/es\/wp-json\/wp\/v2\/product"}],"about":[{"href":"https:\/\/www.astronomy.tours\/es\/wp-json\/wp\/v2\/types\/product"}],"replies":[{"embeddable":true,"href":"https:\/\/www.astronomy.tours\/es\/wp-json\/wp\/v2\/comments?post=1080"}],"wp:featuredmedia":[{"embeddable":true,"href":"https:\/\/www.astronomy.tours\/es\/wp-json\/wp\/v2\/media\/867"}],"wp:attachment":[{"href":"https:\/\/www.astronomy.tours\/es\/wp-json\/wp\/v2\/media?parent=1080"}],"wp:term":[{"taxonomy":"pwb-brand","embeddable":true,"href":"https:\/\/www.astronomy.tours\/es\/wp-json\/wp\/v2\/pwb-brand?post=1080"},{"taxonomy":"product_brand","embeddable":true,"href":"https:\/\/www.astronomy.tours\/es\/wp-json\/wp\/v2\/product_brand?post=1080"},{"taxonomy":"product_cat","embeddable":true,"href":"https:\/\/www.astronomy.tours\/es\/wp-json\/wp\/v2\/product_cat?post=1080"},{"taxonomy":"product_tag","embeddable":true,"href":"https:\/\/www.astronomy.tours\/es\/wp-json\/wp\/v2\/product_tag?post=1080"}],"curies":[{"name":"wp","href":"https:\/\/api.w.org\/{rel}","templated":true}]}}