{"id":1078,"date":"2024-04-09T14:55:47","date_gmt":"2024-04-09T12:55:47","guid":{"rendered":"https:\/\/astronomy-new.imoli.com.pl\/product\/soporte-az5-sin-tripode\/"},"modified":"2024-06-05T15:09:31","modified_gmt":"2024-06-05T13:09:31","slug":"soporte-az5-sin-tripode","status":"publish","type":"product","link":"https:\/\/www.astronomy.tours\/es\/producto\/soporte-az5-sin-tripode\/","title":{"rendered":"Soporte AZ5 sin tr\u00edpode"},"content":{"rendered":"<p class=\"p1\">La montura AZ5 de SkyWatcher est\u00e1 dise\u00f1ada para ofrecer versatilidad y facilidad de uso a los astr\u00f3nomos que est\u00e1n constantemente en movimiento. Su dise\u00f1o altazimutal permite movimientos simples de arriba-abajo y de izquierda a derecha sin necesidad de alineaci\u00f3n polar. Con sus 2 perillas de control posicionadas sim\u00e9tricamente, puedes lograr ajustes precisos incluso al observar con aumentos altos. Para obtener la m\u00e1xima velocidad de apuntado, la montura puede ser dirigida manualmente en ambos ejes al liberar los frenos.<\/p>\n<p class=\"p1\">Con una capacidad de carga de 5 kg (con una abrazadera tipo Vixen opcional), puedes usar binoculares de hasta 100-120 mm de di\u00e1metro o telescopios Maksutov de hasta 127 mm, e incluso peque\u00f1os reflectores newtonianos (ten en cuenta la longitud del tubo en este \u00faltimo caso). El tr\u00edpode de aluminio retr\u00e1ctil es f\u00e1cilmente transportable. \u00a1Es una combinaci\u00f3n perfecta (montura + tr\u00edpode) para el observador n\u00f3mada!<\/p>\n<p class=\"p1\"><strong>Especificaciones T\u00e9cnicas:<\/strong><\/p>\n<ul>\n<li class=\"p1\">Tipo de Montura: Montura Manual Deluxe AZ5 de SkyWatcher<\/li>\n<li class=\"p1\">Capacidad de Carga: 5 kg<\/li>\n<li class=\"p1\">Mec\u00e1nica: Helicoidal, 96 dientes en ambos ejes AR y DEC<\/li>\n<li class=\"p1\">Rotaci\u00f3n: AZ 360\u00ba, ALT -50\u00ba a +90\u00ba<\/li>\n<li class=\"p1\">Abrazadera tipo Vixen<\/li>\n<li class=\"p1\">Tr\u00edpode plegable con separador y columna de extensi\u00f3n de 21,5 cm<\/li>\n<li class=\"p1\">Altura del tr\u00edpode m\u00e1s montura: de 86,5 mm a 158 mm<\/li>\n<li>Peso Total: 4,9 kg<\/li>\n<\/ul>\n","protected":false},"excerpt":{"rendered":"<p class=\"p1\"><strong>Montura AZ5 de SkyWatcher (Sin Tr\u00edpode)<\/strong><\/p>\n<p class=\"p1\">\u00a1Presentamos la nueva montura ultraport\u00e1til AZ5 de SkyWatcher sin tr\u00edpode y columna de extensi\u00f3n! \u00a1Es la soluci\u00f3n m\u00e1s asequible y revolucionaria para el astr\u00f3nomo n\u00f3mada!<\/p>\n","protected":false},"featured_media":1690,"comment_status":"open","ping_status":"closed","template":"","meta":[],"pwb-brand":[229],"product_brand":[],"product_cat":[121,77],"product_tag":[],"class_list":{"0":"post-1078","1":"product","2":"type-product","3":"status-publish","4":"has-post-thumbnail","6":"pwb-brand-skywatcher-es","7":"product_cat-telescopios","8":"product_cat-equipo","10":"first","11":"instock","12":"shipping-taxable","13":"purchasable","14":"product-type-simple"},"yoast_head":"<!-- This site is optimized with the Yoast SEO plugin v25.3 - https:\/\/yoast.com\/wordpress\/plugins\/seo\/ -->\n<title>Soporte AZ5 sin tr\u00edpode - Astronomy Tours<\/title>\n<meta name=\"robots\" content=\"index, follow, max-snippet:-1, max-image-preview:large, max-video-preview:-1\" \/>\n<link rel=\"canonical\" href=\"https:\/\/www.astronomy.tours\/producto\/az5-mount-without-triopod\/\" \/>\n<meta property=\"og:locale\" content=\"es_ES\" \/>\n<meta property=\"og:type\" content=\"article\" \/>\n<meta property=\"og:title\" content=\"Soporte AZ5 sin tr\u00edpode - Astronomy Tours\" \/>\n<meta property=\"og:description\" content=\"Montura AZ5 de SkyWatcher (Sin Tr\u00edpode) \u00a1Presentamos la nueva montura ultraport\u00e1til AZ5 de SkyWatcher sin tr\u00edpode y columna de extensi\u00f3n! \u00a1Es la soluci\u00f3n m\u00e1s asequible y revolucionaria para el astr\u00f3nomo n\u00f3mada!\" \/>\n<meta property=\"og:url\" content=\"https:\/\/www.astronomy.tours\/producto\/az5-mount-without-triopod\/\" \/>\n<meta property=\"og:site_name\" content=\"Astronomy Tours\" \/>\n<meta property=\"article:publisher\" content=\"https:\/\/www.facebook.com\/astronomy.tours\/\" \/>\n<meta property=\"article:modified_time\" content=\"2024-06-05T13:09:31+00:00\" \/>\n<meta property=\"og:image\" content=\"https:\/\/www.astronomy.tours\/wp-content\/uploads\/2024\/04\/SW0408-1.webp\" \/>\n\t<meta property=\"og:image:width\" content=\"1150\" \/>\n\t<meta property=\"og:image:height\" content=\"1150\" \/>\n\t<meta property=\"og:image:type\" content=\"image\/webp\" \/>\n<meta name=\"twitter:card\" content=\"summary_large_image\" \/>\n<meta name=\"twitter:label1\" content=\"Tiempo de lectura\" \/>\n\t<meta name=\"twitter:data1\" content=\"1 minuto\" \/>\n<script type=\"application\/ld+json\" class=\"yoast-schema-graph\">{\"@context\":\"https:\/\/schema.org\",\"@graph\":[{\"@type\":\"WebPage\",\"@id\":\"https:\/\/www.astronomy.tours\/producto\/az5-mount-without-triopod\/\",\"url\":\"https:\/\/www.astronomy.tours\/producto\/az5-mount-without-triopod\/\",\"name\":\"Soporte AZ5 sin tr\u00edpode - Astronomy Tours\",\"isPartOf\":{\"@id\":\"https:\/\/www.astronomy.tours\/#website\"},\"primaryImageOfPage\":{\"@id\":\"https:\/\/www.astronomy.tours\/producto\/az5-mount-without-triopod\/#primaryimage\"},\"image\":{\"@id\":\"https:\/\/www.astronomy.tours\/producto\/az5-mount-without-triopod\/#primaryimage\"},\"thumbnailUrl\":\"https:\/\/www.astronomy.tours\/wp-content\/uploads\/2024\/04\/SW0408-1.webp\",\"datePublished\":\"2024-04-09T12:55:47+00:00\",\"dateModified\":\"2024-06-05T13:09:31+00:00\",\"breadcrumb\":{\"@id\":\"https:\/\/www.astronomy.tours\/producto\/az5-mount-without-triopod\/#breadcrumb\"},\"inLanguage\":\"es\",\"potentialAction\":[{\"@type\":\"ReadAction\",\"target\":[\"https:\/\/www.astronomy.tours\/producto\/az5-mount-without-triopod\/\"]}]},{\"@type\":\"ImageObject\",\"inLanguage\":\"es\",\"@id\":\"https:\/\/www.astronomy.tours\/producto\/az5-mount-without-triopod\/#primaryimage\",\"url\":\"https:\/\/www.astronomy.tours\/wp-content\/uploads\/2024\/04\/SW0408-1.webp\",\"contentUrl\":\"https:\/\/www.astronomy.tours\/wp-content\/uploads\/2024\/04\/SW0408-1.webp\",\"width\":1150,\"height\":1150},{\"@type\":\"BreadcrumbList\",\"@id\":\"https:\/\/www.astronomy.tours\/producto\/az5-mount-without-triopod\/#breadcrumb\",\"itemListElement\":[{\"@type\":\"ListItem\",\"position\":1,\"name\":\"Home\",\"item\":\"https:\/\/www.astronomy.tours\/es\/\"},{\"@type\":\"ListItem\",\"position\":2,\"name\":\"Tienda\",\"item\":\"https:\/\/www.astronomy.tours\/es\/tienda\/\"},{\"@type\":\"ListItem\",\"position\":3,\"name\":\"Soporte AZ5 sin tr\u00edpode\"}]},{\"@type\":\"WebSite\",\"@id\":\"https:\/\/www.astronomy.tours\/#website\",\"url\":\"https:\/\/www.astronomy.tours\/\",\"name\":\"Astronomy Tours\",\"description\":\"Astronomical tours\",\"publisher\":{\"@id\":\"https:\/\/www.astronomy.tours\/#organization\"},\"potentialAction\":[{\"@type\":\"SearchAction\",\"target\":{\"@type\":\"EntryPoint\",\"urlTemplate\":\"https:\/\/www.astronomy.tours\/?s={search_term_string}\"},\"query-input\":{\"@type\":\"PropertyValueSpecification\",\"valueRequired\":true,\"valueName\":\"search_term_string\"}}],\"inLanguage\":\"es\"},{\"@type\":\"Organization\",\"@id\":\"https:\/\/www.astronomy.tours\/#organization\",\"name\":\"Astronomy Tours S.COOP\",\"url\":\"https:\/\/www.astronomy.tours\/\",\"logo\":{\"@type\":\"ImageObject\",\"inLanguage\":\"es\",\"@id\":\"https:\/\/www.astronomy.tours\/#\/schema\/logo\/image\/\",\"url\":\"https:\/\/www.astronomy.tours\/wp-content\/uploads\/2026\/02\/logo-astronomy-tours-black-small.png\",\"contentUrl\":\"https:\/\/www.astronomy.tours\/wp-content\/uploads\/2026\/02\/logo-astronomy-tours-black-small.png\",\"width\":2000,\"height\":740,\"caption\":\"Astronomy Tours S.COOP\"},\"image\":{\"@id\":\"https:\/\/www.astronomy.tours\/#\/schema\/logo\/image\/\"},\"sameAs\":[\"https:\/\/www.facebook.com\/astronomy.tours\/\",\"https:\/\/www.instagram.com\/astronomytours\/?hl=en\"]}]}<\/script>\n<!-- \/ Yoast SEO plugin. -->","yoast_head_json":{"title":"Soporte AZ5 sin tr\u00edpode - Astronomy Tours","robots":{"index":"index","follow":"follow","max-snippet":"max-snippet:-1","max-image-preview":"max-image-preview:large","max-video-preview":"max-video-preview:-1"},"canonical":"https:\/\/www.astronomy.tours\/producto\/az5-mount-without-triopod\/","og_locale":"es_ES","og_type":"article","og_title":"Soporte AZ5 sin tr\u00edpode - Astronomy Tours","og_description":"Montura AZ5 de SkyWatcher (Sin Tr\u00edpode) \u00a1Presentamos la nueva montura ultraport\u00e1til AZ5 de SkyWatcher sin tr\u00edpode y columna de extensi\u00f3n! \u00a1Es la soluci\u00f3n m\u00e1s asequible y revolucionaria para el astr\u00f3nomo n\u00f3mada!","og_url":"https:\/\/www.astronomy.tours\/producto\/az5-mount-without-triopod\/","og_site_name":"Astronomy Tours","article_publisher":"https:\/\/www.facebook.com\/astronomy.tours\/","article_modified_time":"2024-06-05T13:09:31+00:00","og_image":[{"width":1150,"height":1150,"url":"https:\/\/www.astronomy.tours\/wp-content\/uploads\/2024\/04\/SW0408-1.webp","type":"image\/webp"}],"twitter_card":"summary_large_image","twitter_misc":{"Tiempo de lectura":"1 minuto"},"schema":{"@context":"https:\/\/schema.org","@graph":[{"@type":"WebPage","@id":"https:\/\/www.astronomy.tours\/producto\/az5-mount-without-triopod\/","url":"https:\/\/www.astronomy.tours\/producto\/az5-mount-without-triopod\/","name":"Soporte AZ5 sin tr\u00edpode - Astronomy Tours","isPartOf":{"@id":"https:\/\/www.astronomy.tours\/#website"},"primaryImageOfPage":{"@id":"https:\/\/www.astronomy.tours\/producto\/az5-mount-without-triopod\/#primaryimage"},"image":{"@id":"https:\/\/www.astronomy.tours\/producto\/az5-mount-without-triopod\/#primaryimage"},"thumbnailUrl":"https:\/\/www.astronomy.tours\/wp-content\/uploads\/2024\/04\/SW0408-1.webp","datePublished":"2024-04-09T12:55:47+00:00","dateModified":"2024-06-05T13:09:31+00:00","breadcrumb":{"@id":"https:\/\/www.astronomy.tours\/producto\/az5-mount-without-triopod\/#breadcrumb"},"inLanguage":"es","potentialAction":[{"@type":"ReadAction","target":["https:\/\/www.astronomy.tours\/producto\/az5-mount-without-triopod\/"]}]},{"@type":"ImageObject","inLanguage":"es","@id":"https:\/\/www.astronomy.tours\/producto\/az5-mount-without-triopod\/#primaryimage","url":"https:\/\/www.astronomy.tours\/wp-content\/uploads\/2024\/04\/SW0408-1.webp","contentUrl":"https:\/\/www.astronomy.tours\/wp-content\/uploads\/2024\/04\/SW0408-1.webp","width":1150,"height":1150},{"@type":"BreadcrumbList","@id":"https:\/\/www.astronomy.tours\/producto\/az5-mount-without-triopod\/#breadcrumb","itemListElement":[{"@type":"ListItem","position":1,"name":"Home","item":"https:\/\/www.astronomy.tours\/es\/"},{"@type":"ListItem","position":2,"name":"Tienda","item":"https:\/\/www.astronomy.tours\/es\/tienda\/"},{"@type":"ListItem","position":3,"name":"Soporte AZ5 sin tr\u00edpode"}]},{"@type":"WebSite","@id":"https:\/\/www.astronomy.tours\/#website","url":"https:\/\/www.astronomy.tours\/","name":"Astronomy Tours","description":"Astronomical tours","publisher":{"@id":"https:\/\/www.astronomy.tours\/#organization"},"potentialAction":[{"@type":"SearchAction","target":{"@type":"EntryPoint","urlTemplate":"https:\/\/www.astronomy.tours\/?s={search_term_string}"},"query-input":{"@type":"PropertyValueSpecification","valueRequired":true,"valueName":"search_term_string"}}],"inLanguage":"es"},{"@type":"Organization","@id":"https:\/\/www.astronomy.tours\/#organization","name":"Astronomy Tours S.COOP","url":"https:\/\/www.astronomy.tours\/","logo":{"@type":"ImageObject","inLanguage":"es","@id":"https:\/\/www.astronomy.tours\/#\/schema\/logo\/image\/","url":"https:\/\/www.astronomy.tours\/wp-content\/uploads\/2026\/02\/logo-astronomy-tours-black-small.png","contentUrl":"https:\/\/www.astronomy.tours\/wp-content\/uploads\/2026\/02\/logo-astronomy-tours-black-small.png","width":2000,"height":740,"caption":"Astronomy Tours S.COOP"},"image":{"@id":"https:\/\/www.astronomy.tours\/#\/schema\/logo\/image\/"},"sameAs":["https:\/\/www.facebook.com\/astronomy.tours\/","https:\/\/www.instagram.com\/astronomytours\/?hl=en"]}]}},"brands":[{"id":229,"name":"SKYWATCHER","slug":"skywatcher-es"}],"_links":{"self":[{"href":"https:\/\/www.astronomy.tours\/es\/wp-json\/wp\/v2\/product\/1078","targetHints":{"allow":["GET"]}}],"collection":[{"href":"https:\/\/www.astronomy.tours\/es\/wp-json\/wp\/v2\/product"}],"about":[{"href":"https:\/\/www.astronomy.tours\/es\/wp-json\/wp\/v2\/types\/product"}],"replies":[{"embeddable":true,"href":"https:\/\/www.astronomy.tours\/es\/wp-json\/wp\/v2\/comments?post=1078"}],"wp:featuredmedia":[{"embeddable":true,"href":"https:\/\/www.astronomy.tours\/es\/wp-json\/wp\/v2\/media\/1690"}],"wp:attachment":[{"href":"https:\/\/www.astronomy.tours\/es\/wp-json\/wp\/v2\/media?parent=1078"}],"wp:term":[{"taxonomy":"pwb-brand","embeddable":true,"href":"https:\/\/www.astronomy.tours\/es\/wp-json\/wp\/v2\/pwb-brand?post=1078"},{"taxonomy":"product_brand","embeddable":true,"href":"https:\/\/www.astronomy.tours\/es\/wp-json\/wp\/v2\/product_brand?post=1078"},{"taxonomy":"product_cat","embeddable":true,"href":"https:\/\/www.astronomy.tours\/es\/wp-json\/wp\/v2\/product_cat?post=1078"},{"taxonomy":"product_tag","embeddable":true,"href":"https:\/\/www.astronomy.tours\/es\/wp-json\/wp\/v2\/product_tag?post=1078"}],"curies":[{"name":"wp","href":"https:\/\/api.w.org\/{rel}","templated":true}]}}