{"id":1077,"date":"2024-04-09T14:54:02","date_gmt":"2024-04-09T12:54:02","guid":{"rendered":"https:\/\/astronomy-new.imoli.com.pl\/product\/soporte-az3-con-tripode-de-aluminio\/"},"modified":"2024-06-05T15:06:31","modified_gmt":"2024-06-05T13:06:31","slug":"soporte-az3-con-tripode-de-aluminio","status":"publish","type":"product","link":"https:\/\/www.astronomy.tours\/es\/producto\/soporte-az3-con-tripode-de-aluminio\/","title":{"rendered":"Soporte AZ3 con tr\u00edpode de aluminio"},"content":{"rendered":"<p class=\"p1\">Ampliando su gama de monturas, Sky-Watcher te trae un nuevo modelo dise\u00f1ado para usuarios de binoculares y telescopios interesados en la observaci\u00f3n tanto de d\u00eda como de noche. La montura AZ3 Pronto de SkyWatcher es una montura altazimutal ligera que ofrece el sistema m\u00e1s simple, c\u00f3modo y vers\u00e1til de usar. Sus movimientos son sencillos: arriba-abajo \/ izquierda-derecha, sin necesidad de alineaci\u00f3n polar. Con sus 2 manivelas (posicionadas sim\u00e9tricamente), puedes lograr movimientos finos precisos incluso al observar con grandes aumentos. Para obtener la m\u00e1xima velocidad de apuntado, la montura puede dirigirse manualmente en ambos ejes (liberando los frenos).<\/p>\n<p class=\"p1\">Con una capacidad de carga de 3 kg (con una abrazadera macho tipo Vixen opcional), puedes usar binoculares de hasta 80 mm de di\u00e1metro o telescopios Maksutov de 90-100 mm. El tr\u00edpode de aluminio retr\u00e1ctil es f\u00e1cilmente transportable. \u00a1Es una combinaci\u00f3n perfecta (montura + tr\u00edpode) para el observador n\u00f3mada!<\/p>\n<p class=\"p1\"><strong>Especificaciones T\u00e9cnicas:<\/strong><\/p>\n<ul>\n<li class=\"p1\">Tipo de Montura: Montura AZ3 Pronto de SkyWatcher<\/li>\n<li class=\"p1\">Capacidad de Carga: 3 kg<\/li>\n<li class=\"p1\">Mecanismo: Helicoidal, 180 dientes en el eje AR, 116 dientes en el eje DEC<\/li>\n<li class=\"p1\">Abrazadera Tipo Vixen<\/li>\n<li class=\"p1\">Tr\u00edpode Plegable: Con separador y columna de extensi\u00f3n de 21.5 cm<\/li>\n<li class=\"p1\">Altura del Tr\u00edpode con Montura: De 78.5mm a 150mm<\/li>\n<li class=\"p1\">Peso Total: 3.85 kg<\/li>\n<\/ul>\n<p class=\"p1\">La montura AZ3 Pronto de SkyWatcher con tr\u00edpode de aluminio ofrece portabilidad, facilidad de uso y versatilidad, lo que la convierte en una excelente opci\u00f3n para los observadores que est\u00e1n constantemente en movimiento y necesitan una montura confiable para sus binoculares o telescopios.<\/p>\n","protected":false},"excerpt":{"rendered":"<p class=\"p1\"><strong>Montura Altazimutal AZ3 Pronto de SkyWatcher con Tr\u00edpode de Aluminio<\/strong><\/p>\n<p class=\"p1\">\u00a1Presentamos la nueva montura ultraport\u00e1til AZ3 Pronto de SkyWatcher con tr\u00edpode y columna de extensi\u00f3n! \u00a1Es la soluci\u00f3n m\u00e1s asequible y revolucionaria para el astr\u00f3nomo n\u00f3mada!<\/p>\n","protected":false},"featured_media":1666,"comment_status":"open","ping_status":"closed","template":"","meta":[],"pwb-brand":[229],"product_brand":[],"product_cat":[125,77],"product_tag":[],"class_list":{"0":"post-1077","1":"product","2":"type-product","3":"status-publish","4":"has-post-thumbnail","6":"pwb-brand-skywatcher-es","7":"product_cat-tripodes-y-accesorios","8":"product_cat-equipo","10":"first","11":"instock","12":"shipping-taxable","13":"purchasable","14":"product-type-simple"},"yoast_head":"<!-- This site is optimized with the Yoast SEO plugin v25.3 - https:\/\/yoast.com\/wordpress\/plugins\/seo\/ -->\n<title>Soporte AZ3 con tr\u00edpode de aluminio - Astronomy Tours<\/title>\n<meta name=\"robots\" content=\"index, follow, max-snippet:-1, max-image-preview:large, max-video-preview:-1\" \/>\n<link rel=\"canonical\" href=\"https:\/\/www.astronomy.tours\/es\/producto\/soporte-az3-con-tripode-de-aluminio\/\" \/>\n<meta property=\"og:locale\" content=\"es_ES\" \/>\n<meta property=\"og:type\" content=\"article\" \/>\n<meta property=\"og:title\" content=\"Soporte AZ3 con tr\u00edpode de aluminio - Astronomy Tours\" \/>\n<meta property=\"og:description\" content=\"Montura Altazimutal AZ3 Pronto de SkyWatcher con Tr\u00edpode de Aluminio \u00a1Presentamos la nueva montura ultraport\u00e1til AZ3 Pronto de SkyWatcher con tr\u00edpode y columna de extensi\u00f3n! \u00a1Es la soluci\u00f3n m\u00e1s asequible y revolucionaria para el astr\u00f3nomo n\u00f3mada!\" \/>\n<meta property=\"og:url\" content=\"https:\/\/www.astronomy.tours\/es\/producto\/soporte-az3-con-tripode-de-aluminio\/\" \/>\n<meta property=\"og:site_name\" content=\"Astronomy Tours\" \/>\n<meta property=\"article:publisher\" content=\"https:\/\/www.facebook.com\/astronomy.tours\/\" \/>\n<meta property=\"article:modified_time\" content=\"2024-06-05T13:06:31+00:00\" \/>\n<meta property=\"og:image\" content=\"https:\/\/www.astronomy.tours\/wp-content\/uploads\/2024\/04\/SW0122-1-1.webp\" \/>\n\t<meta property=\"og:image:width\" content=\"916\" \/>\n\t<meta property=\"og:image:height\" content=\"1150\" \/>\n\t<meta property=\"og:image:type\" content=\"image\/webp\" \/>\n<meta name=\"twitter:card\" content=\"summary_large_image\" \/>\n<meta name=\"twitter:label1\" content=\"Tiempo de lectura\" \/>\n\t<meta name=\"twitter:data1\" content=\"1 minuto\" \/>\n<script type=\"application\/ld+json\" class=\"yoast-schema-graph\">{\"@context\":\"https:\/\/schema.org\",\"@graph\":[{\"@type\":\"WebPage\",\"@id\":\"https:\/\/www.astronomy.tours\/es\/producto\/soporte-az3-con-tripode-de-aluminio\/\",\"url\":\"https:\/\/www.astronomy.tours\/es\/producto\/soporte-az3-con-tripode-de-aluminio\/\",\"name\":\"Soporte AZ3 con tr\u00edpode de aluminio - Astronomy Tours\",\"isPartOf\":{\"@id\":\"https:\/\/www.astronomy.tours\/#website\"},\"primaryImageOfPage\":{\"@id\":\"https:\/\/www.astronomy.tours\/es\/producto\/soporte-az3-con-tripode-de-aluminio\/#primaryimage\"},\"image\":{\"@id\":\"https:\/\/www.astronomy.tours\/es\/producto\/soporte-az3-con-tripode-de-aluminio\/#primaryimage\"},\"thumbnailUrl\":\"https:\/\/www.astronomy.tours\/wp-content\/uploads\/2024\/04\/SW0122-1-1.webp\",\"datePublished\":\"2024-04-09T12:54:02+00:00\",\"dateModified\":\"2024-06-05T13:06:31+00:00\",\"breadcrumb\":{\"@id\":\"https:\/\/www.astronomy.tours\/es\/producto\/soporte-az3-con-tripode-de-aluminio\/#breadcrumb\"},\"inLanguage\":\"es\",\"potentialAction\":[{\"@type\":\"ReadAction\",\"target\":[\"https:\/\/www.astronomy.tours\/es\/producto\/soporte-az3-con-tripode-de-aluminio\/\"]}]},{\"@type\":\"ImageObject\",\"inLanguage\":\"es\",\"@id\":\"https:\/\/www.astronomy.tours\/es\/producto\/soporte-az3-con-tripode-de-aluminio\/#primaryimage\",\"url\":\"https:\/\/www.astronomy.tours\/wp-content\/uploads\/2024\/04\/SW0122-1-1.webp\",\"contentUrl\":\"https:\/\/www.astronomy.tours\/wp-content\/uploads\/2024\/04\/SW0122-1-1.webp\",\"width\":916,\"height\":1150},{\"@type\":\"BreadcrumbList\",\"@id\":\"https:\/\/www.astronomy.tours\/es\/producto\/soporte-az3-con-tripode-de-aluminio\/#breadcrumb\",\"itemListElement\":[{\"@type\":\"ListItem\",\"position\":1,\"name\":\"Home\",\"item\":\"https:\/\/www.astronomy.tours\/es\/\"},{\"@type\":\"ListItem\",\"position\":2,\"name\":\"Tienda\",\"item\":\"https:\/\/www.astronomy.tours\/es\/tienda\/\"},{\"@type\":\"ListItem\",\"position\":3,\"name\":\"Soporte AZ3 con tr\u00edpode de aluminio\"}]},{\"@type\":\"WebSite\",\"@id\":\"https:\/\/www.astronomy.tours\/#website\",\"url\":\"https:\/\/www.astronomy.tours\/\",\"name\":\"Astronomy Tours\",\"description\":\"Astronomical tours\",\"publisher\":{\"@id\":\"https:\/\/www.astronomy.tours\/#organization\"},\"potentialAction\":[{\"@type\":\"SearchAction\",\"target\":{\"@type\":\"EntryPoint\",\"urlTemplate\":\"https:\/\/www.astronomy.tours\/?s={search_term_string}\"},\"query-input\":{\"@type\":\"PropertyValueSpecification\",\"valueRequired\":true,\"valueName\":\"search_term_string\"}}],\"inLanguage\":\"es\"},{\"@type\":\"Organization\",\"@id\":\"https:\/\/www.astronomy.tours\/#organization\",\"name\":\"Astronomy Tours S.COOP\",\"url\":\"https:\/\/www.astronomy.tours\/\",\"logo\":{\"@type\":\"ImageObject\",\"inLanguage\":\"es\",\"@id\":\"https:\/\/www.astronomy.tours\/#\/schema\/logo\/image\/\",\"url\":\"https:\/\/www.astronomy.tours\/wp-content\/uploads\/2026\/02\/logo-astronomy-tours-black-small.png\",\"contentUrl\":\"https:\/\/www.astronomy.tours\/wp-content\/uploads\/2026\/02\/logo-astronomy-tours-black-small.png\",\"width\":2000,\"height\":740,\"caption\":\"Astronomy Tours S.COOP\"},\"image\":{\"@id\":\"https:\/\/www.astronomy.tours\/#\/schema\/logo\/image\/\"},\"sameAs\":[\"https:\/\/www.facebook.com\/astronomy.tours\/\",\"https:\/\/www.instagram.com\/astronomytours\/?hl=en\"]}]}<\/script>\n<!-- \/ Yoast SEO plugin. -->","yoast_head_json":{"title":"Soporte AZ3 con tr\u00edpode de aluminio - Astronomy Tours","robots":{"index":"index","follow":"follow","max-snippet":"max-snippet:-1","max-image-preview":"max-image-preview:large","max-video-preview":"max-video-preview:-1"},"canonical":"https:\/\/www.astronomy.tours\/es\/producto\/soporte-az3-con-tripode-de-aluminio\/","og_locale":"es_ES","og_type":"article","og_title":"Soporte AZ3 con tr\u00edpode de aluminio - Astronomy Tours","og_description":"Montura Altazimutal AZ3 Pronto de SkyWatcher con Tr\u00edpode de Aluminio \u00a1Presentamos la nueva montura ultraport\u00e1til AZ3 Pronto de SkyWatcher con tr\u00edpode y columna de extensi\u00f3n! \u00a1Es la soluci\u00f3n m\u00e1s asequible y revolucionaria para el astr\u00f3nomo n\u00f3mada!","og_url":"https:\/\/www.astronomy.tours\/es\/producto\/soporte-az3-con-tripode-de-aluminio\/","og_site_name":"Astronomy Tours","article_publisher":"https:\/\/www.facebook.com\/astronomy.tours\/","article_modified_time":"2024-06-05T13:06:31+00:00","og_image":[{"width":916,"height":1150,"url":"https:\/\/www.astronomy.tours\/wp-content\/uploads\/2024\/04\/SW0122-1-1.webp","type":"image\/webp"}],"twitter_card":"summary_large_image","twitter_misc":{"Tiempo de lectura":"1 minuto"},"schema":{"@context":"https:\/\/schema.org","@graph":[{"@type":"WebPage","@id":"https:\/\/www.astronomy.tours\/es\/producto\/soporte-az3-con-tripode-de-aluminio\/","url":"https:\/\/www.astronomy.tours\/es\/producto\/soporte-az3-con-tripode-de-aluminio\/","name":"Soporte AZ3 con tr\u00edpode de aluminio - Astronomy Tours","isPartOf":{"@id":"https:\/\/www.astronomy.tours\/#website"},"primaryImageOfPage":{"@id":"https:\/\/www.astronomy.tours\/es\/producto\/soporte-az3-con-tripode-de-aluminio\/#primaryimage"},"image":{"@id":"https:\/\/www.astronomy.tours\/es\/producto\/soporte-az3-con-tripode-de-aluminio\/#primaryimage"},"thumbnailUrl":"https:\/\/www.astronomy.tours\/wp-content\/uploads\/2024\/04\/SW0122-1-1.webp","datePublished":"2024-04-09T12:54:02+00:00","dateModified":"2024-06-05T13:06:31+00:00","breadcrumb":{"@id":"https:\/\/www.astronomy.tours\/es\/producto\/soporte-az3-con-tripode-de-aluminio\/#breadcrumb"},"inLanguage":"es","potentialAction":[{"@type":"ReadAction","target":["https:\/\/www.astronomy.tours\/es\/producto\/soporte-az3-con-tripode-de-aluminio\/"]}]},{"@type":"ImageObject","inLanguage":"es","@id":"https:\/\/www.astronomy.tours\/es\/producto\/soporte-az3-con-tripode-de-aluminio\/#primaryimage","url":"https:\/\/www.astronomy.tours\/wp-content\/uploads\/2024\/04\/SW0122-1-1.webp","contentUrl":"https:\/\/www.astronomy.tours\/wp-content\/uploads\/2024\/04\/SW0122-1-1.webp","width":916,"height":1150},{"@type":"BreadcrumbList","@id":"https:\/\/www.astronomy.tours\/es\/producto\/soporte-az3-con-tripode-de-aluminio\/#breadcrumb","itemListElement":[{"@type":"ListItem","position":1,"name":"Home","item":"https:\/\/www.astronomy.tours\/es\/"},{"@type":"ListItem","position":2,"name":"Tienda","item":"https:\/\/www.astronomy.tours\/es\/tienda\/"},{"@type":"ListItem","position":3,"name":"Soporte AZ3 con tr\u00edpode de aluminio"}]},{"@type":"WebSite","@id":"https:\/\/www.astronomy.tours\/#website","url":"https:\/\/www.astronomy.tours\/","name":"Astronomy Tours","description":"Astronomical tours","publisher":{"@id":"https:\/\/www.astronomy.tours\/#organization"},"potentialAction":[{"@type":"SearchAction","target":{"@type":"EntryPoint","urlTemplate":"https:\/\/www.astronomy.tours\/?s={search_term_string}"},"query-input":{"@type":"PropertyValueSpecification","valueRequired":true,"valueName":"search_term_string"}}],"inLanguage":"es"},{"@type":"Organization","@id":"https:\/\/www.astronomy.tours\/#organization","name":"Astronomy Tours S.COOP","url":"https:\/\/www.astronomy.tours\/","logo":{"@type":"ImageObject","inLanguage":"es","@id":"https:\/\/www.astronomy.tours\/#\/schema\/logo\/image\/","url":"https:\/\/www.astronomy.tours\/wp-content\/uploads\/2026\/02\/logo-astronomy-tours-black-small.png","contentUrl":"https:\/\/www.astronomy.tours\/wp-content\/uploads\/2026\/02\/logo-astronomy-tours-black-small.png","width":2000,"height":740,"caption":"Astronomy Tours S.COOP"},"image":{"@id":"https:\/\/www.astronomy.tours\/#\/schema\/logo\/image\/"},"sameAs":["https:\/\/www.facebook.com\/astronomy.tours\/","https:\/\/www.instagram.com\/astronomytours\/?hl=en"]}]}},"brands":[{"id":229,"name":"SKYWATCHER","slug":"skywatcher-es"}],"_links":{"self":[{"href":"https:\/\/www.astronomy.tours\/es\/wp-json\/wp\/v2\/product\/1077","targetHints":{"allow":["GET"]}}],"collection":[{"href":"https:\/\/www.astronomy.tours\/es\/wp-json\/wp\/v2\/product"}],"about":[{"href":"https:\/\/www.astronomy.tours\/es\/wp-json\/wp\/v2\/types\/product"}],"replies":[{"embeddable":true,"href":"https:\/\/www.astronomy.tours\/es\/wp-json\/wp\/v2\/comments?post=1077"}],"wp:featuredmedia":[{"embeddable":true,"href":"https:\/\/www.astronomy.tours\/es\/wp-json\/wp\/v2\/media\/1666"}],"wp:attachment":[{"href":"https:\/\/www.astronomy.tours\/es\/wp-json\/wp\/v2\/media?parent=1077"}],"wp:term":[{"taxonomy":"pwb-brand","embeddable":true,"href":"https:\/\/www.astronomy.tours\/es\/wp-json\/wp\/v2\/pwb-brand?post=1077"},{"taxonomy":"product_brand","embeddable":true,"href":"https:\/\/www.astronomy.tours\/es\/wp-json\/wp\/v2\/product_brand?post=1077"},{"taxonomy":"product_cat","embeddable":true,"href":"https:\/\/www.astronomy.tours\/es\/wp-json\/wp\/v2\/product_cat?post=1077"},{"taxonomy":"product_tag","embeddable":true,"href":"https:\/\/www.astronomy.tours\/es\/wp-json\/wp\/v2\/product_tag?post=1077"}],"curies":[{"name":"wp","href":"https:\/\/api.w.org\/{rel}","templated":true}]}}