{"id":1073,"date":"2024-04-09T15:36:22","date_gmt":"2024-04-09T13:36:22","guid":{"rendered":"https:\/\/astronomy-new.imoli.com.pl\/product\/telescopio-inteligente-unistellar-equinox-2\/"},"modified":"2024-06-05T15:12:53","modified_gmt":"2024-06-05T13:12:53","slug":"telescopio-inteligente-unistellar-equinox-2","status":"publish","type":"product","link":"https:\/\/www.astronomy.tours\/es\/producto\/telescopio-inteligente-unistellar-equinox-2\/","title":{"rendered":"Telescopio SMART Unistellar Equinox 2"},"content":{"rendered":"<div>El telescopio SMART Unistellar Equinox 2 es un telescopio automatizado incre\u00edblemente f\u00e1cil de usar, que no requiere conocimientos previos de astronom\u00eda. Comienza a capturar im\u00e1genes con visualizaci\u00f3n asistida. Compacto, ligero y controlable desde un tel\u00e9fono inteligente\/tableta. La nueva versi\u00f3n cuenta con un sensor m\u00e1s grande.<\/div>\n<div><\/div>\n<div>La tecnolog\u00eda digital y el desarrollo de aplicaciones para tel\u00e9fonos inteligentes y tabletas han revolucionado el mundo de la astronom\u00eda en los \u00faltimos a\u00f1os. Unistellar, una startup francesa, ha llevado esta filosof\u00eda un paso m\u00e1s all\u00e1 al incorporar una serie de tecnolog\u00edas patentadas en su telescopio. El eVscope\/eQuinox (Telescopio de Visi\u00f3n Mejorada) es el resultado de 5 a\u00f1os de investigaci\u00f3n y desarrollo por parte de 4 innovadores franceses, dise\u00f1ado para permitir que todos, ya sean principiantes en astronom\u00eda o simplemente curiosos sobre el cielo nocturno, descubran el espacio y sus maravillas sin necesidad de conocimientos previos en el campo. Ya sea para aficionados o expertos, el eVscope\/eQuinox ofrece una soluci\u00f3n r\u00e1pida y f\u00e1cil de instalar como complemento a tu equipo existente.<\/div>\n<div><\/div>\n<div><strong>Telescopio SMART Unistellar Equinox 2<\/strong><\/div>\n<div><\/div>\n<div>El telescopio SMART Unistellar Equinox 2 ofrece una configuraci\u00f3n r\u00e1pida, listo para usar en menos de 2 minutos despu\u00e9s de encenderlo.<\/div>\n<div><\/div>\n<div><strong>Caracter\u00edsticas principales:<\/strong><\/div>\n<ul>\n<li>&#8211; Configuraci\u00f3n ultra r\u00e1pida, listo para usar en menos de 2 minutos despu\u00e9s de encenderlo<\/li>\n<li>&#8211; Bater\u00eda recargable incorporada para horas de observaci\u00f3n inal\u00e1mbrica<\/li>\n<li>&#8211; Punter\u00eda autom\u00e1tica de objetos sin necesidad de alineaci\u00f3n, gracias al reconocimiento autom\u00e1tico de estrellas dentro del campo de visi\u00f3n<\/li>\n<li>&#8211; Visualizaci\u00f3n de objetos celestes desde tabletas y tel\u00e9fonos inteligentes, con m\u00faltiples dispositivos simult\u00e1neamente<\/li>\n<li>&#8211; Observaci\u00f3n de objetos incluso desde centros urbanos gracias a la rutina patentada de eliminaci\u00f3n de contaminaci\u00f3n lum\u00ednica<\/li>\n<li>&#8211; Comunidad Unistellar con oportunidades para la observaci\u00f3n cient\u00edfica de asteroides, cometas o exoplanetas<\/li>\n<li>&#8211; Una vez descargada la aplicaci\u00f3n Unistellar, no se requiere conexi\u00f3n a Internet para usarla<\/li>\n<\/ul>\n<div><strong>C\u00f3mo funciona:<\/strong><\/div>\n<ul>\n<li>&#8211; Descarga la aplicaci\u00f3n Unistellar y conecta el dispositivo al telescopio a trav\u00e9s de WiFi (red creada por el telescopio)<\/li>\n<li>&#8211; Realiza una sincronizaci\u00f3n inicial en un punto aleatorio del cielo: el telescopio reconocer\u00e1 las estrellas en ese campo para determinar sus posiciones y alineaci\u00f3n<\/li>\n<li>&#8211; Elige un objeto al que apuntar: los objetos est\u00e1n categorizados o por constelaciones<\/li>\n<li>&#8211; El telescopio apuntar\u00e1 a un \u00e1rea del cielo cerca del objeto, resincronizar\u00e1 y luego apuntar\u00e1 con precisi\u00f3n al objeto<\/li>\n<li>&#8211; Ahora puedes comenzar a &#8220;observarlo digitalmente&#8221;: a medida que pasa el tiempo, el objeto se volver\u00e1 m\u00e1s detallado y brillante. \u00a1En solo unos segundos, tambi\u00e9n puedes observarlo desde \u00e1reas iluminadas a trav\u00e9s del monitor de tu dispositivo!<\/li>\n<li>&#8211; Finalmente, puedes observar objetos que son IMPOSIBLES de ver con un telescopio normal (incluso grandes) en un cielo urbano o llano.<\/li>\n<\/ul>\n<div><strong>Particularmente adecuado para:<\/strong><\/div>\n<ul>\n<li>&#8211; Escuelas y universidades<\/li>\n<li>&#8211; Divulgaci\u00f3n astron\u00f3mica<\/li>\n<li>&#8211; Asociaciones astron\u00f3micas, observatorios y planetarios<\/li>\n<li>&#8211; Hoteles y resorts<\/li>\n<li>&#8211; Eventos<\/li>\n<\/ul>\n<div><strong>Especificaciones:<\/strong><\/div>\n<ul>\n<li>&#8211; Di\u00e1metro: 114 mm<\/li>\n<li>&#8211; Longitud Focal: 450 mm (f\/4)<\/li>\n<li>&#8211; Sensor de color Sony IMX224<\/li>\n<li>&#8211; Aumento equivalente: 50x (digital hasta 200x)<\/li>\n<li>&#8211; Peso total: 9 kg<\/li>\n<li>&#8211; Memoria interna: 64 GB<\/li>\n<\/ul>\n<div>Magnitud m\u00e1xima: hasta 16 en aproximadamente 1 minuto, desde un cielo de calidad media, hasta 18 en un cielo de monta\u00f1a oscuro, con unos minutos de exposici\u00f3n.<\/div>\n","protected":false},"excerpt":{"rendered":"<p class=\"p1\">El telescopio SMART Unistellar Equinox 2 es un telescopio automatizado incre\u00edblemente f\u00e1cil de usar, que no requiere conocimientos previos de astronom\u00eda. Comienza a capturar im\u00e1genes con visualizaci\u00f3n asistida. Compacto, ligero y controlable desde un tel\u00e9fono inteligente\/tableta. La nueva versi\u00f3n cuenta con un sensor m\u00e1s grande.<\/p>\n","protected":false},"featured_media":1720,"comment_status":"open","ping_status":"closed","template":"","meta":[],"pwb-brand":[239],"product_brand":[],"product_cat":[121,77],"product_tag":[],"class_list":{"0":"post-1073","1":"product","2":"type-product","3":"status-publish","4":"has-post-thumbnail","6":"pwb-brand-unistellar-es","7":"product_cat-telescopios","8":"product_cat-equipo","10":"first","11":"instock","12":"shipping-taxable","13":"purchasable","14":"product-type-simple"},"yoast_head":"<!-- This site is optimized with the Yoast SEO plugin v25.3 - https:\/\/yoast.com\/wordpress\/plugins\/seo\/ -->\n<title>Telescopio SMART Unistellar Equinox 2 - Astronomy Tours<\/title>\n<meta name=\"robots\" content=\"index, follow, max-snippet:-1, max-image-preview:large, max-video-preview:-1\" \/>\n<link rel=\"canonical\" href=\"https:\/\/www.astronomy.tours\/producto\/unistellar-equinox-2-smart-telescope\/\" \/>\n<meta property=\"og:locale\" content=\"es_ES\" \/>\n<meta property=\"og:type\" content=\"article\" \/>\n<meta property=\"og:title\" content=\"Telescopio SMART Unistellar Equinox 2 - Astronomy Tours\" \/>\n<meta property=\"og:description\" content=\"El telescopio SMART Unistellar Equinox 2 es un telescopio automatizado incre\u00edblemente f\u00e1cil de usar, que no requiere conocimientos previos de astronom\u00eda. Comienza a capturar im\u00e1genes con visualizaci\u00f3n asistida. Compacto, ligero y controlable desde un tel\u00e9fono inteligente\/tableta. La nueva versi\u00f3n cuenta con un sensor m\u00e1s grande.\" \/>\n<meta property=\"og:url\" content=\"https:\/\/www.astronomy.tours\/producto\/unistellar-equinox-2-smart-telescope\/\" \/>\n<meta property=\"og:site_name\" content=\"Astronomy Tours\" \/>\n<meta property=\"article:publisher\" content=\"https:\/\/www.facebook.com\/astronomy.tours\/\" \/>\n<meta property=\"article:modified_time\" content=\"2024-06-05T13:12:53+00:00\" \/>\n<meta property=\"og:image\" content=\"https:\/\/www.astronomy.tours\/wp-content\/uploads\/2024\/04\/UNI-EQUINOX2-1.webp\" \/>\n\t<meta property=\"og:image:width\" content=\"1150\" \/>\n\t<meta property=\"og:image:height\" content=\"1150\" \/>\n\t<meta property=\"og:image:type\" content=\"image\/webp\" \/>\n<meta name=\"twitter:card\" content=\"summary_large_image\" \/>\n<meta name=\"twitter:label1\" content=\"Tiempo de lectura\" \/>\n\t<meta name=\"twitter:data1\" content=\"3 minutos\" \/>\n<script type=\"application\/ld+json\" class=\"yoast-schema-graph\">{\"@context\":\"https:\/\/schema.org\",\"@graph\":[{\"@type\":\"WebPage\",\"@id\":\"https:\/\/www.astronomy.tours\/producto\/unistellar-equinox-2-smart-telescope\/\",\"url\":\"https:\/\/www.astronomy.tours\/producto\/unistellar-equinox-2-smart-telescope\/\",\"name\":\"Telescopio SMART Unistellar Equinox 2 - Astronomy Tours\",\"isPartOf\":{\"@id\":\"https:\/\/www.astronomy.tours\/#website\"},\"primaryImageOfPage\":{\"@id\":\"https:\/\/www.astronomy.tours\/producto\/unistellar-equinox-2-smart-telescope\/#primaryimage\"},\"image\":{\"@id\":\"https:\/\/www.astronomy.tours\/producto\/unistellar-equinox-2-smart-telescope\/#primaryimage\"},\"thumbnailUrl\":\"https:\/\/www.astronomy.tours\/wp-content\/uploads\/2024\/04\/UNI-EQUINOX2-1.webp\",\"datePublished\":\"2024-04-09T13:36:22+00:00\",\"dateModified\":\"2024-06-05T13:12:53+00:00\",\"breadcrumb\":{\"@id\":\"https:\/\/www.astronomy.tours\/producto\/unistellar-equinox-2-smart-telescope\/#breadcrumb\"},\"inLanguage\":\"es\",\"potentialAction\":[{\"@type\":\"ReadAction\",\"target\":[\"https:\/\/www.astronomy.tours\/producto\/unistellar-equinox-2-smart-telescope\/\"]}]},{\"@type\":\"ImageObject\",\"inLanguage\":\"es\",\"@id\":\"https:\/\/www.astronomy.tours\/producto\/unistellar-equinox-2-smart-telescope\/#primaryimage\",\"url\":\"https:\/\/www.astronomy.tours\/wp-content\/uploads\/2024\/04\/UNI-EQUINOX2-1.webp\",\"contentUrl\":\"https:\/\/www.astronomy.tours\/wp-content\/uploads\/2024\/04\/UNI-EQUINOX2-1.webp\",\"width\":1150,\"height\":1150},{\"@type\":\"BreadcrumbList\",\"@id\":\"https:\/\/www.astronomy.tours\/producto\/unistellar-equinox-2-smart-telescope\/#breadcrumb\",\"itemListElement\":[{\"@type\":\"ListItem\",\"position\":1,\"name\":\"Home\",\"item\":\"https:\/\/www.astronomy.tours\/es\/\"},{\"@type\":\"ListItem\",\"position\":2,\"name\":\"Tienda\",\"item\":\"https:\/\/www.astronomy.tours\/es\/tienda\/\"},{\"@type\":\"ListItem\",\"position\":3,\"name\":\"Telescopio SMART Unistellar Equinox 2\"}]},{\"@type\":\"WebSite\",\"@id\":\"https:\/\/www.astronomy.tours\/#website\",\"url\":\"https:\/\/www.astronomy.tours\/\",\"name\":\"Astronomy Tours\",\"description\":\"Astronomical tours\",\"publisher\":{\"@id\":\"https:\/\/www.astronomy.tours\/#organization\"},\"potentialAction\":[{\"@type\":\"SearchAction\",\"target\":{\"@type\":\"EntryPoint\",\"urlTemplate\":\"https:\/\/www.astronomy.tours\/?s={search_term_string}\"},\"query-input\":{\"@type\":\"PropertyValueSpecification\",\"valueRequired\":true,\"valueName\":\"search_term_string\"}}],\"inLanguage\":\"es\"},{\"@type\":\"Organization\",\"@id\":\"https:\/\/www.astronomy.tours\/#organization\",\"name\":\"Astronomy Tours S.COOP\",\"url\":\"https:\/\/www.astronomy.tours\/\",\"logo\":{\"@type\":\"ImageObject\",\"inLanguage\":\"es\",\"@id\":\"https:\/\/www.astronomy.tours\/#\/schema\/logo\/image\/\",\"url\":\"https:\/\/www.astronomy.tours\/wp-content\/uploads\/2026\/02\/logo-astronomy-tours-black-small.png\",\"contentUrl\":\"https:\/\/www.astronomy.tours\/wp-content\/uploads\/2026\/02\/logo-astronomy-tours-black-small.png\",\"width\":2000,\"height\":740,\"caption\":\"Astronomy Tours S.COOP\"},\"image\":{\"@id\":\"https:\/\/www.astronomy.tours\/#\/schema\/logo\/image\/\"},\"sameAs\":[\"https:\/\/www.facebook.com\/astronomy.tours\/\",\"https:\/\/www.instagram.com\/astronomytours\/?hl=en\"]}]}<\/script>\n<!-- \/ Yoast SEO plugin. -->","yoast_head_json":{"title":"Telescopio SMART Unistellar Equinox 2 - Astronomy Tours","robots":{"index":"index","follow":"follow","max-snippet":"max-snippet:-1","max-image-preview":"max-image-preview:large","max-video-preview":"max-video-preview:-1"},"canonical":"https:\/\/www.astronomy.tours\/producto\/unistellar-equinox-2-smart-telescope\/","og_locale":"es_ES","og_type":"article","og_title":"Telescopio SMART Unistellar Equinox 2 - Astronomy Tours","og_description":"El telescopio SMART Unistellar Equinox 2 es un telescopio automatizado incre\u00edblemente f\u00e1cil de usar, que no requiere conocimientos previos de astronom\u00eda. Comienza a capturar im\u00e1genes con visualizaci\u00f3n asistida. Compacto, ligero y controlable desde un tel\u00e9fono inteligente\/tableta. La nueva versi\u00f3n cuenta con un sensor m\u00e1s grande.","og_url":"https:\/\/www.astronomy.tours\/producto\/unistellar-equinox-2-smart-telescope\/","og_site_name":"Astronomy Tours","article_publisher":"https:\/\/www.facebook.com\/astronomy.tours\/","article_modified_time":"2024-06-05T13:12:53+00:00","og_image":[{"width":1150,"height":1150,"url":"https:\/\/www.astronomy.tours\/wp-content\/uploads\/2024\/04\/UNI-EQUINOX2-1.webp","type":"image\/webp"}],"twitter_card":"summary_large_image","twitter_misc":{"Tiempo de lectura":"3 minutos"},"schema":{"@context":"https:\/\/schema.org","@graph":[{"@type":"WebPage","@id":"https:\/\/www.astronomy.tours\/producto\/unistellar-equinox-2-smart-telescope\/","url":"https:\/\/www.astronomy.tours\/producto\/unistellar-equinox-2-smart-telescope\/","name":"Telescopio SMART Unistellar Equinox 2 - Astronomy Tours","isPartOf":{"@id":"https:\/\/www.astronomy.tours\/#website"},"primaryImageOfPage":{"@id":"https:\/\/www.astronomy.tours\/producto\/unistellar-equinox-2-smart-telescope\/#primaryimage"},"image":{"@id":"https:\/\/www.astronomy.tours\/producto\/unistellar-equinox-2-smart-telescope\/#primaryimage"},"thumbnailUrl":"https:\/\/www.astronomy.tours\/wp-content\/uploads\/2024\/04\/UNI-EQUINOX2-1.webp","datePublished":"2024-04-09T13:36:22+00:00","dateModified":"2024-06-05T13:12:53+00:00","breadcrumb":{"@id":"https:\/\/www.astronomy.tours\/producto\/unistellar-equinox-2-smart-telescope\/#breadcrumb"},"inLanguage":"es","potentialAction":[{"@type":"ReadAction","target":["https:\/\/www.astronomy.tours\/producto\/unistellar-equinox-2-smart-telescope\/"]}]},{"@type":"ImageObject","inLanguage":"es","@id":"https:\/\/www.astronomy.tours\/producto\/unistellar-equinox-2-smart-telescope\/#primaryimage","url":"https:\/\/www.astronomy.tours\/wp-content\/uploads\/2024\/04\/UNI-EQUINOX2-1.webp","contentUrl":"https:\/\/www.astronomy.tours\/wp-content\/uploads\/2024\/04\/UNI-EQUINOX2-1.webp","width":1150,"height":1150},{"@type":"BreadcrumbList","@id":"https:\/\/www.astronomy.tours\/producto\/unistellar-equinox-2-smart-telescope\/#breadcrumb","itemListElement":[{"@type":"ListItem","position":1,"name":"Home","item":"https:\/\/www.astronomy.tours\/es\/"},{"@type":"ListItem","position":2,"name":"Tienda","item":"https:\/\/www.astronomy.tours\/es\/tienda\/"},{"@type":"ListItem","position":3,"name":"Telescopio SMART Unistellar Equinox 2"}]},{"@type":"WebSite","@id":"https:\/\/www.astronomy.tours\/#website","url":"https:\/\/www.astronomy.tours\/","name":"Astronomy Tours","description":"Astronomical tours","publisher":{"@id":"https:\/\/www.astronomy.tours\/#organization"},"potentialAction":[{"@type":"SearchAction","target":{"@type":"EntryPoint","urlTemplate":"https:\/\/www.astronomy.tours\/?s={search_term_string}"},"query-input":{"@type":"PropertyValueSpecification","valueRequired":true,"valueName":"search_term_string"}}],"inLanguage":"es"},{"@type":"Organization","@id":"https:\/\/www.astronomy.tours\/#organization","name":"Astronomy Tours S.COOP","url":"https:\/\/www.astronomy.tours\/","logo":{"@type":"ImageObject","inLanguage":"es","@id":"https:\/\/www.astronomy.tours\/#\/schema\/logo\/image\/","url":"https:\/\/www.astronomy.tours\/wp-content\/uploads\/2026\/02\/logo-astronomy-tours-black-small.png","contentUrl":"https:\/\/www.astronomy.tours\/wp-content\/uploads\/2026\/02\/logo-astronomy-tours-black-small.png","width":2000,"height":740,"caption":"Astronomy Tours S.COOP"},"image":{"@id":"https:\/\/www.astronomy.tours\/#\/schema\/logo\/image\/"},"sameAs":["https:\/\/www.facebook.com\/astronomy.tours\/","https:\/\/www.instagram.com\/astronomytours\/?hl=en"]}]}},"brands":[{"id":239,"name":"UNISTELLAR","slug":"unistellar-es"}],"_links":{"self":[{"href":"https:\/\/www.astronomy.tours\/es\/wp-json\/wp\/v2\/product\/1073","targetHints":{"allow":["GET"]}}],"collection":[{"href":"https:\/\/www.astronomy.tours\/es\/wp-json\/wp\/v2\/product"}],"about":[{"href":"https:\/\/www.astronomy.tours\/es\/wp-json\/wp\/v2\/types\/product"}],"replies":[{"embeddable":true,"href":"https:\/\/www.astronomy.tours\/es\/wp-json\/wp\/v2\/comments?post=1073"}],"wp:featuredmedia":[{"embeddable":true,"href":"https:\/\/www.astronomy.tours\/es\/wp-json\/wp\/v2\/media\/1720"}],"wp:attachment":[{"href":"https:\/\/www.astronomy.tours\/es\/wp-json\/wp\/v2\/media?parent=1073"}],"wp:term":[{"taxonomy":"pwb-brand","embeddable":true,"href":"https:\/\/www.astronomy.tours\/es\/wp-json\/wp\/v2\/pwb-brand?post=1073"},{"taxonomy":"product_brand","embeddable":true,"href":"https:\/\/www.astronomy.tours\/es\/wp-json\/wp\/v2\/product_brand?post=1073"},{"taxonomy":"product_cat","embeddable":true,"href":"https:\/\/www.astronomy.tours\/es\/wp-json\/wp\/v2\/product_cat?post=1073"},{"taxonomy":"product_tag","embeddable":true,"href":"https:\/\/www.astronomy.tours\/es\/wp-json\/wp\/v2\/product_tag?post=1073"}],"curies":[{"name":"wp","href":"https:\/\/api.w.org\/{rel}","templated":true}]}}