{"id":1072,"date":"2024-04-09T15:38:37","date_gmt":"2024-04-09T13:38:37","guid":{"rendered":"https:\/\/astronomy-new.imoli.com.pl\/product\/ivescopio-2\/"},"modified":"2024-06-05T15:07:21","modified_gmt":"2024-06-05T13:07:21","slug":"ivescopio-2","status":"publish","type":"product","link":"https:\/\/www.astronomy.tours\/es\/producto\/ivescopio-2\/","title":{"rendered":"IVESCOPE 2"},"content":{"rendered":"<div>\n<div>Presentamos el eVscope 2 de Unistellar, una innovadora combinaci\u00f3n de la funcionalidad tradicional del telescopio GoTo con tecnolog\u00eda de vanguardia.<\/div>\n<div><\/div>\n<div>El eVscope 2 es un telescopio automatizado que es incre\u00edblemente f\u00e1cil de usar, no requiere conocimientos previos de astronom\u00eda. Te permite comenzar a capturar im\u00e1genes con visualizaci\u00f3n asistida, todo mientras es compacto, ligero y controlable desde un tel\u00e9fono inteligente o una tableta. El paquete incluye un ocular electr\u00f3nico de Nikon.<\/div>\n<div><\/div>\n<div>Este telescopio representa un avance significativo en la tecnolog\u00eda de telescopios GoTo, incorporando caracter\u00edsticas de \u00faltima generaci\u00f3n para ofrecer uno de los sistemas GoTo m\u00e1s r\u00e1pidos e inteligentes jam\u00e1s desarrollados.<\/div>\n<div><\/div>\n<div>El telescopio recoge la luz tenue de las distantes galaxias y nebulosas utilizando un sensor de baja luz altamente sensible, refinando la imagen a trav\u00e9s de una tecnolog\u00eda exclusiva de procesamiento de im\u00e1genes. La imagen mejorada se proyecta luego a trav\u00e9s de una pantalla OLED moderna, combinando los beneficios del control del telescopio asistido por computadora con una calidad de imagen mejorada para la observaci\u00f3n cl\u00e1sica.<\/div>\n<div><\/div>\n<div>Adem\u00e1s de revelar la misteriosa belleza de las galaxias distantes, el eVscope tambi\u00e9n permite una f\u00e1cil colaboraci\u00f3n con los investigadores. \u00danete a una amplia comunidad y contribuye a importantes descubrimientos cient\u00edficos a trav\u00e9s de una red distribuida de telescopios, todo mientras disfrutas de la experiencia de observaci\u00f3n.<\/div>\n<div><\/div>\n<div>El eVscope 2 cuenta con un telescopio de 114 mm de di\u00e1metro montado en un montaje altazimutal de doble eje motorizado, configurado en una disposici\u00f3n &#8220;Newtoniana&#8221; con una c\u00e1mara digital que reemplaza al espejo secundario. La c\u00e1mara captura im\u00e1genes (utilizando el sensor IMX347 de ultra sensibilidad) que se transfieren a una computadora a bordo y luego se transmiten a su tableta o tel\u00e9fono inteligente a trav\u00e9s de un algoritmo. Una caracter\u00edstica destacada del eVscope 2 es el ocular electr\u00f3nico, desarrollado por Nikon, que combina un microvisor OLED avanzado dise\u00f1ado para mejorar el contraste y las im\u00e1genes negras perfectas con un sofisticado sistema de lentes de los laboratorios \u00f3pticos expertos de Nikon. Este nuevo &#8220;ocular&#8221; ofrece vistas cautivadoras e inmersivas con un rico contraste, mayor comodidad de visualizaci\u00f3n y reducci\u00f3n de la fatiga ocular.<\/div>\n<div><strong>Caracter\u00edsticas:<\/strong><\/div>\n<ul>\n<li>Di\u00e1metro: 114 mm<\/li>\n<li>Longitud Focal: 450 mm (f\/4)<\/li>\n<li>Sensor: Sony IMX347 a color 4.1 Mp<\/li>\n<li>OCULAR ELECTR\u00d3NICO DE ALTA DEFINICI\u00d3N DISE\u00d1ADO POR NIKON<\/li>\n<li>Magnificaci\u00f3n equivalente: 50x (digital hasta 200x)<\/li>\n<li>Peso total: 9 Kg<\/li>\n<li>Memoria interna: 64 GB<\/li>\n<\/ul>\n<div>Magnitud m\u00e1xima: hasta 16 en aproximadamente 1 minuto, desde un cielo de calidad media, hasta 18 en un cielo de monta\u00f1a oscuro con unos minutos de exposici\u00f3n.<\/div>\n<\/div>\n","protected":false},"excerpt":{"rendered":"<div>Presentamos el eVscope 2 de Unistellar, una innovadora combinaci\u00f3n de la funcionalidad tradicional del telescopio GoTo con tecnolog\u00eda de vanguardia.<\/div>\n<div>El eVscope 2 es un telescopio automatizado que es incre\u00edblemente f\u00e1cil de usar, no requiere conocimientos previos de astronom\u00eda. Te permite comenzar a capturar im\u00e1genes con visualizaci\u00f3n asistida, todo mientras es compacto, ligero y controlable desde un tel\u00e9fono inteligente o una tableta. El paquete incluye un ocular electr\u00f3nico de Nikon.<\/div>\n","protected":false},"featured_media":1765,"comment_status":"open","ping_status":"closed","template":"","meta":[],"pwb-brand":[239],"product_brand":[],"product_cat":[121,77],"product_tag":[],"class_list":{"0":"post-1072","1":"product","2":"type-product","3":"status-publish","4":"has-post-thumbnail","6":"pwb-brand-unistellar-es","7":"product_cat-telescopios","8":"product_cat-equipo","10":"first","11":"instock","12":"shipping-taxable","13":"purchasable","14":"product-type-simple"},"yoast_head":"<!-- This site is optimized with the Yoast SEO plugin v25.3 - https:\/\/yoast.com\/wordpress\/plugins\/seo\/ -->\n<title>IVESCOPE 2 - Astronomy Tours<\/title>\n<meta name=\"robots\" content=\"index, follow, max-snippet:-1, max-image-preview:large, max-video-preview:-1\" \/>\n<link rel=\"canonical\" href=\"https:\/\/www.astronomy.tours\/es\/producto\/ivescopio-2\/\" \/>\n<meta property=\"og:locale\" content=\"es_ES\" \/>\n<meta property=\"og:type\" content=\"article\" \/>\n<meta property=\"og:title\" content=\"IVESCOPE 2 - Astronomy Tours\" \/>\n<meta property=\"og:description\" content=\"Presentamos el eVscope 2 de Unistellar, una innovadora combinaci\u00f3n de la funcionalidad tradicional del telescopio GoTo con tecnolog\u00eda de vanguardia. El eVscope 2 es un telescopio automatizado que es incre\u00edblemente f\u00e1cil de usar, no requiere conocimientos previos de astronom\u00eda. Te permite comenzar a capturar im\u00e1genes con visualizaci\u00f3n asistida, todo mientras es compacto, ligero y controlable desde un tel\u00e9fono inteligente o una tableta. El paquete incluye un ocular electr\u00f3nico de Nikon.\" \/>\n<meta property=\"og:url\" content=\"https:\/\/www.astronomy.tours\/es\/producto\/ivescopio-2\/\" \/>\n<meta property=\"og:site_name\" content=\"Astronomy Tours\" \/>\n<meta property=\"article:publisher\" content=\"https:\/\/www.facebook.com\/astronomy.tours\/\" \/>\n<meta property=\"article:modified_time\" content=\"2024-06-05T13:07:21+00:00\" \/>\n<meta property=\"og:image\" content=\"https:\/\/www.astronomy.tours\/wp-content\/uploads\/2024\/04\/UNI-IVSCOPE-2-ZAINO-5.webp\" \/>\n\t<meta property=\"og:image:width\" content=\"1150\" \/>\n\t<meta property=\"og:image:height\" content=\"1150\" \/>\n\t<meta property=\"og:image:type\" content=\"image\/webp\" \/>\n<meta name=\"twitter:card\" content=\"summary_large_image\" \/>\n<meta name=\"twitter:label1\" content=\"Tiempo de lectura\" \/>\n\t<meta name=\"twitter:data1\" content=\"2 minutos\" \/>\n<script type=\"application\/ld+json\" class=\"yoast-schema-graph\">{\"@context\":\"https:\/\/schema.org\",\"@graph\":[{\"@type\":\"WebPage\",\"@id\":\"https:\/\/www.astronomy.tours\/es\/producto\/ivescopio-2\/\",\"url\":\"https:\/\/www.astronomy.tours\/es\/producto\/ivescopio-2\/\",\"name\":\"IVESCOPE 2 - Astronomy Tours\",\"isPartOf\":{\"@id\":\"https:\/\/www.astronomy.tours\/#website\"},\"primaryImageOfPage\":{\"@id\":\"https:\/\/www.astronomy.tours\/es\/producto\/ivescopio-2\/#primaryimage\"},\"image\":{\"@id\":\"https:\/\/www.astronomy.tours\/es\/producto\/ivescopio-2\/#primaryimage\"},\"thumbnailUrl\":\"https:\/\/www.astronomy.tours\/wp-content\/uploads\/2024\/04\/UNI-IVSCOPE-2-ZAINO-5.webp\",\"datePublished\":\"2024-04-09T13:38:37+00:00\",\"dateModified\":\"2024-06-05T13:07:21+00:00\",\"breadcrumb\":{\"@id\":\"https:\/\/www.astronomy.tours\/es\/producto\/ivescopio-2\/#breadcrumb\"},\"inLanguage\":\"es\",\"potentialAction\":[{\"@type\":\"ReadAction\",\"target\":[\"https:\/\/www.astronomy.tours\/es\/producto\/ivescopio-2\/\"]}]},{\"@type\":\"ImageObject\",\"inLanguage\":\"es\",\"@id\":\"https:\/\/www.astronomy.tours\/es\/producto\/ivescopio-2\/#primaryimage\",\"url\":\"https:\/\/www.astronomy.tours\/wp-content\/uploads\/2024\/04\/UNI-IVSCOPE-2-ZAINO-5.webp\",\"contentUrl\":\"https:\/\/www.astronomy.tours\/wp-content\/uploads\/2024\/04\/UNI-IVSCOPE-2-ZAINO-5.webp\",\"width\":1150,\"height\":1150},{\"@type\":\"BreadcrumbList\",\"@id\":\"https:\/\/www.astronomy.tours\/es\/producto\/ivescopio-2\/#breadcrumb\",\"itemListElement\":[{\"@type\":\"ListItem\",\"position\":1,\"name\":\"Home\",\"item\":\"https:\/\/www.astronomy.tours\/es\/\"},{\"@type\":\"ListItem\",\"position\":2,\"name\":\"Tienda\",\"item\":\"https:\/\/www.astronomy.tours\/es\/tienda\/\"},{\"@type\":\"ListItem\",\"position\":3,\"name\":\"IVESCOPE 2\"}]},{\"@type\":\"WebSite\",\"@id\":\"https:\/\/www.astronomy.tours\/#website\",\"url\":\"https:\/\/www.astronomy.tours\/\",\"name\":\"Astronomy Tours\",\"description\":\"Astronomical tours\",\"publisher\":{\"@id\":\"https:\/\/www.astronomy.tours\/#organization\"},\"potentialAction\":[{\"@type\":\"SearchAction\",\"target\":{\"@type\":\"EntryPoint\",\"urlTemplate\":\"https:\/\/www.astronomy.tours\/?s={search_term_string}\"},\"query-input\":{\"@type\":\"PropertyValueSpecification\",\"valueRequired\":true,\"valueName\":\"search_term_string\"}}],\"inLanguage\":\"es\"},{\"@type\":\"Organization\",\"@id\":\"https:\/\/www.astronomy.tours\/#organization\",\"name\":\"Astronomy Tours S.COOP\",\"url\":\"https:\/\/www.astronomy.tours\/\",\"logo\":{\"@type\":\"ImageObject\",\"inLanguage\":\"es\",\"@id\":\"https:\/\/www.astronomy.tours\/#\/schema\/logo\/image\/\",\"url\":\"https:\/\/www.astronomy.tours\/wp-content\/uploads\/2026\/02\/logo-astronomy-tours-black-small.png\",\"contentUrl\":\"https:\/\/www.astronomy.tours\/wp-content\/uploads\/2026\/02\/logo-astronomy-tours-black-small.png\",\"width\":2000,\"height\":740,\"caption\":\"Astronomy Tours S.COOP\"},\"image\":{\"@id\":\"https:\/\/www.astronomy.tours\/#\/schema\/logo\/image\/\"},\"sameAs\":[\"https:\/\/www.facebook.com\/astronomy.tours\/\",\"https:\/\/www.instagram.com\/astronomytours\/?hl=en\"]}]}<\/script>\n<!-- \/ Yoast SEO plugin. -->","yoast_head_json":{"title":"IVESCOPE 2 - Astronomy Tours","robots":{"index":"index","follow":"follow","max-snippet":"max-snippet:-1","max-image-preview":"max-image-preview:large","max-video-preview":"max-video-preview:-1"},"canonical":"https:\/\/www.astronomy.tours\/es\/producto\/ivescopio-2\/","og_locale":"es_ES","og_type":"article","og_title":"IVESCOPE 2 - Astronomy Tours","og_description":"Presentamos el eVscope 2 de Unistellar, una innovadora combinaci\u00f3n de la funcionalidad tradicional del telescopio GoTo con tecnolog\u00eda de vanguardia. El eVscope 2 es un telescopio automatizado que es incre\u00edblemente f\u00e1cil de usar, no requiere conocimientos previos de astronom\u00eda. Te permite comenzar a capturar im\u00e1genes con visualizaci\u00f3n asistida, todo mientras es compacto, ligero y controlable desde un tel\u00e9fono inteligente o una tableta. El paquete incluye un ocular electr\u00f3nico de Nikon.","og_url":"https:\/\/www.astronomy.tours\/es\/producto\/ivescopio-2\/","og_site_name":"Astronomy Tours","article_publisher":"https:\/\/www.facebook.com\/astronomy.tours\/","article_modified_time":"2024-06-05T13:07:21+00:00","og_image":[{"width":1150,"height":1150,"url":"https:\/\/www.astronomy.tours\/wp-content\/uploads\/2024\/04\/UNI-IVSCOPE-2-ZAINO-5.webp","type":"image\/webp"}],"twitter_card":"summary_large_image","twitter_misc":{"Tiempo de lectura":"2 minutos"},"schema":{"@context":"https:\/\/schema.org","@graph":[{"@type":"WebPage","@id":"https:\/\/www.astronomy.tours\/es\/producto\/ivescopio-2\/","url":"https:\/\/www.astronomy.tours\/es\/producto\/ivescopio-2\/","name":"IVESCOPE 2 - Astronomy Tours","isPartOf":{"@id":"https:\/\/www.astronomy.tours\/#website"},"primaryImageOfPage":{"@id":"https:\/\/www.astronomy.tours\/es\/producto\/ivescopio-2\/#primaryimage"},"image":{"@id":"https:\/\/www.astronomy.tours\/es\/producto\/ivescopio-2\/#primaryimage"},"thumbnailUrl":"https:\/\/www.astronomy.tours\/wp-content\/uploads\/2024\/04\/UNI-IVSCOPE-2-ZAINO-5.webp","datePublished":"2024-04-09T13:38:37+00:00","dateModified":"2024-06-05T13:07:21+00:00","breadcrumb":{"@id":"https:\/\/www.astronomy.tours\/es\/producto\/ivescopio-2\/#breadcrumb"},"inLanguage":"es","potentialAction":[{"@type":"ReadAction","target":["https:\/\/www.astronomy.tours\/es\/producto\/ivescopio-2\/"]}]},{"@type":"ImageObject","inLanguage":"es","@id":"https:\/\/www.astronomy.tours\/es\/producto\/ivescopio-2\/#primaryimage","url":"https:\/\/www.astronomy.tours\/wp-content\/uploads\/2024\/04\/UNI-IVSCOPE-2-ZAINO-5.webp","contentUrl":"https:\/\/www.astronomy.tours\/wp-content\/uploads\/2024\/04\/UNI-IVSCOPE-2-ZAINO-5.webp","width":1150,"height":1150},{"@type":"BreadcrumbList","@id":"https:\/\/www.astronomy.tours\/es\/producto\/ivescopio-2\/#breadcrumb","itemListElement":[{"@type":"ListItem","position":1,"name":"Home","item":"https:\/\/www.astronomy.tours\/es\/"},{"@type":"ListItem","position":2,"name":"Tienda","item":"https:\/\/www.astronomy.tours\/es\/tienda\/"},{"@type":"ListItem","position":3,"name":"IVESCOPE 2"}]},{"@type":"WebSite","@id":"https:\/\/www.astronomy.tours\/#website","url":"https:\/\/www.astronomy.tours\/","name":"Astronomy Tours","description":"Astronomical tours","publisher":{"@id":"https:\/\/www.astronomy.tours\/#organization"},"potentialAction":[{"@type":"SearchAction","target":{"@type":"EntryPoint","urlTemplate":"https:\/\/www.astronomy.tours\/?s={search_term_string}"},"query-input":{"@type":"PropertyValueSpecification","valueRequired":true,"valueName":"search_term_string"}}],"inLanguage":"es"},{"@type":"Organization","@id":"https:\/\/www.astronomy.tours\/#organization","name":"Astronomy Tours S.COOP","url":"https:\/\/www.astronomy.tours\/","logo":{"@type":"ImageObject","inLanguage":"es","@id":"https:\/\/www.astronomy.tours\/#\/schema\/logo\/image\/","url":"https:\/\/www.astronomy.tours\/wp-content\/uploads\/2026\/02\/logo-astronomy-tours-black-small.png","contentUrl":"https:\/\/www.astronomy.tours\/wp-content\/uploads\/2026\/02\/logo-astronomy-tours-black-small.png","width":2000,"height":740,"caption":"Astronomy Tours S.COOP"},"image":{"@id":"https:\/\/www.astronomy.tours\/#\/schema\/logo\/image\/"},"sameAs":["https:\/\/www.facebook.com\/astronomy.tours\/","https:\/\/www.instagram.com\/astronomytours\/?hl=en"]}]}},"brands":[{"id":239,"name":"UNISTELLAR","slug":"unistellar-es"}],"_links":{"self":[{"href":"https:\/\/www.astronomy.tours\/es\/wp-json\/wp\/v2\/product\/1072","targetHints":{"allow":["GET"]}}],"collection":[{"href":"https:\/\/www.astronomy.tours\/es\/wp-json\/wp\/v2\/product"}],"about":[{"href":"https:\/\/www.astronomy.tours\/es\/wp-json\/wp\/v2\/types\/product"}],"replies":[{"embeddable":true,"href":"https:\/\/www.astronomy.tours\/es\/wp-json\/wp\/v2\/comments?post=1072"}],"wp:featuredmedia":[{"embeddable":true,"href":"https:\/\/www.astronomy.tours\/es\/wp-json\/wp\/v2\/media\/1765"}],"wp:attachment":[{"href":"https:\/\/www.astronomy.tours\/es\/wp-json\/wp\/v2\/media?parent=1072"}],"wp:term":[{"taxonomy":"pwb-brand","embeddable":true,"href":"https:\/\/www.astronomy.tours\/es\/wp-json\/wp\/v2\/pwb-brand?post=1072"},{"taxonomy":"product_brand","embeddable":true,"href":"https:\/\/www.astronomy.tours\/es\/wp-json\/wp\/v2\/product_brand?post=1072"},{"taxonomy":"product_cat","embeddable":true,"href":"https:\/\/www.astronomy.tours\/es\/wp-json\/wp\/v2\/product_cat?post=1072"},{"taxonomy":"product_tag","embeddable":true,"href":"https:\/\/www.astronomy.tours\/es\/wp-json\/wp\/v2\/product_tag?post=1072"}],"curies":[{"name":"wp","href":"https:\/\/api.w.org\/{rel}","templated":true}]}}