{"id":91,"date":"2024-03-29T11:26:16","date_gmt":"2024-03-29T10:26:16","guid":{"rendered":"https:\/\/astronomy-new.imoli.com.pl\/?page_id=91"},"modified":"2026-02-19T16:56:51","modified_gmt":"2026-02-19T15:56:51","slug":"quienes-somos","status":"publish","type":"page","link":"https:\/\/www.astronomy.tours\/es\/quienes-somos\/","title":{"rendered":"Qui\u00e9nes somos"},"content":{"rendered":"\t\t<div data-elementor-type=\"wp-page\" data-elementor-id=\"91\" class=\"elementor elementor-91\" data-elementor-post-type=\"page\">\n\t\t\t\t<div class=\"elementor-element elementor-element-190ce289 e-flex e-con-boxed e-con e-parent\" data-id=\"190ce289\" data-element_type=\"container\">\n\t\t\t\t\t<div class=\"e-con-inner\">\n\t\t<div class=\"elementor-element elementor-element-8ed9a0a e-flex e-con-boxed e-con e-child\" data-id=\"8ed9a0a\" data-element_type=\"container\">\n\t\t\t\t\t<div class=\"e-con-inner\">\n\t\t\t\t<div class=\"elementor-element elementor-element-78c9beb2 elementor-widget elementor-widget-text-editor\" data-id=\"78c9beb2\" data-element_type=\"widget\" data-widget_type=\"text-editor.default\">\n\t\t\t\t<div class=\"elementor-widget-container\">\n\t\t\t<style>\/*! elementor - v3.22.0 - 17-06-2024 *\/\n.elementor-widget-text-editor.elementor-drop-cap-view-stacked .elementor-drop-cap{background-color:#69727d;color:#fff}.elementor-widget-text-editor.elementor-drop-cap-view-framed .elementor-drop-cap{color:#69727d;border:3px solid;background-color:transparent}.elementor-widget-text-editor:not(.elementor-drop-cap-view-default) .elementor-drop-cap{margin-top:8px}.elementor-widget-text-editor:not(.elementor-drop-cap-view-default) .elementor-drop-cap-letter{width:1em;height:1em}.elementor-widget-text-editor .elementor-drop-cap{float:left;text-align:center;line-height:1;font-size:50px}.elementor-widget-text-editor .elementor-drop-cap-letter{display:inline-block}<\/style>\t\t\t\t<h1 class=\"wp-block-heading\">Conozca al equipo de Astronomy Tours<\/h1><p>Hola, \u00a1qu\u00e9 bien que te pases por aqu\u00ed! \u00a1Estamos aqu\u00ed para llevarte a vivir una de las mejores aventuras de tu vida! \u00a1Una aventura m\u00e1s all\u00e1 del cielo!<\/p><h2 class=\"wp-block-heading\">Pero, \u00bfqui\u00e9nes somos?<\/h2><p>Organizamos muchas actividades astron\u00f3micas, ya sea una sesi\u00f3n de observaci\u00f3n o un crucero bajo las estrellas, pero nuestra principal base de operaciones es nuestra Finca Astron\u00f3mica dedicada a la astronom\u00eda, situada en el Campo de Cartagena, cerca de la localidad de La Aljorra. En la Finca te damos la bienvenida con deliciosa comida, bebidas, hoguera y una variedad de herramientas y artilugios astron\u00f3micos.<\/p><p>Como todos somos reconocidos amantes de los animales, en la Finca hay animales amistosos y bien cuidados. Disponen de espacios realmente grandes donde la gente puede entrar f\u00e1cilmente e interactuar con ellos en su propio entorno.<\/p><h5 class=\"wp-block-heading\"><a href=\"http:\/\/asctenerife.com\/\" target=\"_blank\" rel=\"noopener\">www.asctenerife.com<\/a><\/h5><h2 class=\"wp-block-heading\">Fundaci\u00f3n Centro de Astronom\u00eda y Ciencia<\/h2><p>Nuestra actividad cuenta con el apoyo de la Fundaci\u00f3n Centro de Astronom\u00eda y Ciencia, conocida por su incre\u00edble labor de promoci\u00f3n de la astronom\u00eda y temas relacionados con ella. Lea m\u00e1s sobre la Fundaci\u00f3n Centro de Astronom\u00eda y Ciencia y quiz\u00e1 decida, como nosotros, participar en la promoci\u00f3n y divulgaci\u00f3n del amor a las estrellas y el conocimiento de nuestro planeta y su lugar en el universo.<\/p><p>Para m\u00e1s informaci\u00f3n sobre la Fundaci\u00f3n Centro de Astronom\u00eda y Ciencia, <a style=\"color: #ffffff;\" href=\"https:\/\/asctenerife.com\/\">pulse aqu\u00ed<\/a>.<\/p><p>Para hacer una donaci\u00f3n, <a href=\"https:\/\/buy.stripe.com\/5kA3d08iI4TQ8jm4gE\" target=\"_blank\" rel=\"noopener\">pulse aqu\u00ed<\/a>.<br \/>Visite nuestra tienda y vea todas las cosas chulas que ofrecemos all\u00ed. Gran parte de los beneficios de la tienda se destinan directamente a apoyar a la Fundaci\u00f3n.<\/p><h2 class=\"wp-block-heading\">\u00bfD\u00f3nde estamos?<\/h2><p>\u00a1Aqu\u00ed hay un enlace donde se puede encontrar una ubicaci\u00f3n de nuestra Finca Astron\u00f3mica!<\/p><p><iframe style=\"border: 0;\" src=\"https:\/\/www.google.com\/maps\/embed?pb=!1m18!1m12!1m3!1d12633.210454577355!2d-1.08735615!3d37.665596550000004!2m3!1f0!2f0!3f0!3m2!1i1024!2i768!4f13.1!3m3!1m2!1s0xd63673603212faf%3A0xf678554f8cb06500!2sFinca%20Astron%C3%B3mica!5e0!3m2!1sen!2ses!4v1647542638935!5m2!1sen!2ses\" width=\"600\" height=\"450\" allowfullscreen=\"allowfullscreen\"><\/iframe><\/p>\t\t\t\t\t\t<\/div>\n\t\t\t\t<\/div>\n\t\t\t\t\t<\/div>\n\t\t\t\t<\/div>\n\t\t\t\t\t<\/div>\n\t\t\t\t<\/div>\n\t\t<div class=\"elementor-element elementor-element-9437d52 e-flex e-con-boxed e-con e-parent\" data-id=\"9437d52\" data-element_type=\"container\">\n\t\t\t\t\t<div class=\"e-con-inner\">\n\t\t\t\t<div class=\"elementor-element elementor-element-cfc5d8d elementor-widget elementor-widget-image\" data-id=\"cfc5d8d\" data-element_type=\"widget\" data-widget_type=\"image.default\">\n\t\t\t\t<div class=\"elementor-widget-container\">\n\t\t\t<style>\/*! elementor - v3.22.0 - 17-06-2024 *\/\n.elementor-widget-image{text-align:center}.elementor-widget-image a{display:inline-block}.elementor-widget-image a img[src$=\".svg\"]{width:48px}.elementor-widget-image img{vertical-align:middle;display:inline-block}<\/style>\t\t\t\t\t\t\t\t\t\t<img fetchpriority=\"high\" decoding=\"async\" width=\"800\" height=\"200\" src=\"https:\/\/www.astronomy.tours\/wp-content\/uploads\/2026\/02\/Projekt-bez-nazwy-7-1024x256.png\" class=\"attachment-large size-large wp-image-6199\" alt=\"\" srcset=\"https:\/\/www.astronomy.tours\/wp-content\/uploads\/2026\/02\/Projekt-bez-nazwy-7-1024x256.png 1024w, https:\/\/www.astronomy.tours\/wp-content\/uploads\/2026\/02\/Projekt-bez-nazwy-7-300x75.png 300w, https:\/\/www.astronomy.tours\/wp-content\/uploads\/2026\/02\/Projekt-bez-nazwy-7-768x192.png 768w, https:\/\/www.astronomy.tours\/wp-content\/uploads\/2026\/02\/Projekt-bez-nazwy-7-1536x384.png 1536w, https:\/\/www.astronomy.tours\/wp-content\/uploads\/2026\/02\/Projekt-bez-nazwy-7-2048x512.png 2048w, https:\/\/www.astronomy.tours\/wp-content\/uploads\/2026\/02\/Projekt-bez-nazwy-7-600x150.png 600w\" sizes=\"(max-width: 800px) 100vw, 800px\" \/>\t\t\t\t\t\t\t\t\t\t\t\t\t<\/div>\n\t\t\t\t<\/div>\n\t\t\t\t\t<\/div>\n\t\t\t\t<\/div>\n\t\t<div class=\"elementor-element elementor-element-4bbb7e2 e-flex e-con-boxed e-con e-parent\" data-id=\"4bbb7e2\" data-element_type=\"container\">\n\t\t\t\t\t<div class=\"e-con-inner\">\n\t\t\t\t<div class=\"elementor-element elementor-element-36dfe82 elementor-widget elementor-widget-text-editor\" data-id=\"36dfe82\" data-element_type=\"widget\" data-widget_type=\"text-editor.default\">\n\t\t\t\t<div class=\"elementor-widget-container\">\n\t\t\t\t\t\t\t<p><span style=\"color: rgb(52, 54, 58); font-family: Helvetica; font-size: 12px;\">ASTRONOMY TOURS S. COOP., HA SIDO SUBVENCIONADA EN EL EJERCICIO 2025 POR LA CONSEJER\u00cdA DE EMPRESA, EMPLEO Y ECONOM\u00cdA SOCIAL, MEDIANTE SUBVENCIONES COFINANCIADAS POR LA UNI\u00d3N EUROPEA, EL MINISTERIO DE TRABAJO Y ECONOM\u00cdA SOCIAL Y LOS FONDOS EUROPEOS, EN EL MARCO DE LOS PROGRAMAS DE FOMENTO DE LA ECONOM\u00cdA SOCIAL, QUE INCLUYEN ACTUACIONES DESTINADAS AL EMPLEO, APORTACIONES E INVERSIONES EN COOPERATIVAS, ORIENTADAS AL FORTALECIMIENTO Y DESARROLLO DE ESTE MODELO EMPRESARIAL<\/span><\/p>\t\t\t\t\t\t<\/div>\n\t\t\t\t<\/div>\n\t\t\t\t\t<\/div>\n\t\t\t\t<\/div>\n\t\t\t\t<\/div>\n\t\t","protected":false},"excerpt":{"rendered":"<p>Descubre qui\u00e9nes somos en Astronomy Tours: un equipo de astr\u00f3nomos, educadores y gu\u00edas apasionados por ofrecer experiencias astron\u00f3micas \u00fanicas y educativas.<\/p>\n","protected":false},"author":2,"featured_media":59,"parent":0,"menu_order":0,"comment_status":"closed","ping_status":"closed","template":"elementor_header_footer","meta":{"footnotes":""},"class_list":["post-91","page","type-page","status-publish","has-post-thumbnail","hentry"],"yoast_head":"<!-- This site is optimized with the Yoast SEO plugin v25.3 - https:\/\/yoast.com\/wordpress\/plugins\/seo\/ -->\n<title>Qui\u00e9nes somos - Astronomy Tours<\/title>\n<meta name=\"description\" content=\"\u00bfQui\u00e9nes somos en Astronomy Tours?: un equipo de astr\u00f3nomos, educadores y gu\u00edas apasionados por la astronom\u00eda. Experiencias educativas.\" \/>\n<meta name=\"robots\" content=\"index, follow, max-snippet:-1, max-image-preview:large, max-video-preview:-1\" \/>\n<link rel=\"canonical\" href=\"https:\/\/www.astronomy.tours\/es\/quienes-somos\/\" \/>\n<meta property=\"og:locale\" content=\"es_ES\" \/>\n<meta property=\"og:type\" content=\"article\" \/>\n<meta property=\"og:title\" content=\"Qui\u00e9nes somos - Astronomy Tours\" \/>\n<meta property=\"og:description\" content=\"\u00bfQui\u00e9nes somos en Astronomy Tours?: un equipo de astr\u00f3nomos, educadores y gu\u00edas apasionados por la astronom\u00eda. Experiencias educativas.\" \/>\n<meta property=\"og:url\" content=\"https:\/\/www.astronomy.tours\/es\/quienes-somos\/\" \/>\n<meta property=\"og:site_name\" content=\"Astronomy Tours\" \/>\n<meta property=\"article:publisher\" content=\"https:\/\/www.facebook.com\/astronomy.tours\/\" \/>\n<meta property=\"article:modified_time\" content=\"2026-02-19T15:56:51+00:00\" \/>\n<meta property=\"og:image\" content=\"https:\/\/www.astronomy.tours\/wp-content\/uploads\/2024\/03\/cropped-cropped-AT-Web-Icon-1.png\" \/>\n\t<meta property=\"og:image:width\" content=\"512\" \/>\n\t<meta property=\"og:image:height\" content=\"512\" \/>\n\t<meta property=\"og:image:type\" content=\"image\/png\" \/>\n<meta name=\"twitter:card\" content=\"summary_large_image\" \/>\n<meta name=\"twitter:label1\" content=\"Tiempo de lectura\" \/>\n\t<meta name=\"twitter:data1\" content=\"2 minutos\" \/>\n<script type=\"application\/ld+json\" class=\"yoast-schema-graph\">{\"@context\":\"https:\/\/schema.org\",\"@graph\":[{\"@type\":\"WebPage\",\"@id\":\"https:\/\/www.astronomy.tours\/es\/quienes-somos\/\",\"url\":\"https:\/\/www.astronomy.tours\/es\/quienes-somos\/\",\"name\":\"Qui\u00e9nes somos - Astronomy Tours\",\"isPartOf\":{\"@id\":\"https:\/\/www.astronomy.tours\/#website\"},\"primaryImageOfPage\":{\"@id\":\"https:\/\/www.astronomy.tours\/es\/quienes-somos\/#primaryimage\"},\"image\":{\"@id\":\"https:\/\/www.astronomy.tours\/es\/quienes-somos\/#primaryimage\"},\"thumbnailUrl\":\"https:\/\/www.astronomy.tours\/wp-content\/uploads\/2024\/03\/cropped-cropped-AT-Web-Icon-1.png\",\"datePublished\":\"2024-03-29T10:26:16+00:00\",\"dateModified\":\"2026-02-19T15:56:51+00:00\",\"description\":\"\u00bfQui\u00e9nes somos en Astronomy Tours?: un equipo de astr\u00f3nomos, educadores y gu\u00edas apasionados por la astronom\u00eda. Experiencias educativas.\",\"breadcrumb\":{\"@id\":\"https:\/\/www.astronomy.tours\/es\/quienes-somos\/#breadcrumb\"},\"inLanguage\":\"es\",\"potentialAction\":[{\"@type\":\"ReadAction\",\"target\":[\"https:\/\/www.astronomy.tours\/es\/quienes-somos\/\"]}]},{\"@type\":\"ImageObject\",\"inLanguage\":\"es\",\"@id\":\"https:\/\/www.astronomy.tours\/es\/quienes-somos\/#primaryimage\",\"url\":\"https:\/\/www.astronomy.tours\/wp-content\/uploads\/2024\/03\/cropped-cropped-AT-Web-Icon-1.png\",\"contentUrl\":\"https:\/\/www.astronomy.tours\/wp-content\/uploads\/2024\/03\/cropped-cropped-AT-Web-Icon-1.png\",\"width\":512,\"height\":512},{\"@type\":\"BreadcrumbList\",\"@id\":\"https:\/\/www.astronomy.tours\/es\/quienes-somos\/#breadcrumb\",\"itemListElement\":[{\"@type\":\"ListItem\",\"position\":1,\"name\":\"Home\",\"item\":\"https:\/\/www.astronomy.tours\/es\/\"},{\"@type\":\"ListItem\",\"position\":2,\"name\":\"Qui\u00e9nes somos\"}]},{\"@type\":\"WebSite\",\"@id\":\"https:\/\/www.astronomy.tours\/#website\",\"url\":\"https:\/\/www.astronomy.tours\/\",\"name\":\"Astronomy Tours\",\"description\":\"Astronomical tours\",\"publisher\":{\"@id\":\"https:\/\/www.astronomy.tours\/#organization\"},\"potentialAction\":[{\"@type\":\"SearchAction\",\"target\":{\"@type\":\"EntryPoint\",\"urlTemplate\":\"https:\/\/www.astronomy.tours\/?s={search_term_string}\"},\"query-input\":{\"@type\":\"PropertyValueSpecification\",\"valueRequired\":true,\"valueName\":\"search_term_string\"}}],\"inLanguage\":\"es\"},{\"@type\":\"Organization\",\"@id\":\"https:\/\/www.astronomy.tours\/#organization\",\"name\":\"Astronomy Tours S.COOP\",\"url\":\"https:\/\/www.astronomy.tours\/\",\"logo\":{\"@type\":\"ImageObject\",\"inLanguage\":\"es\",\"@id\":\"https:\/\/www.astronomy.tours\/#\/schema\/logo\/image\/\",\"url\":\"https:\/\/www.astronomy.tours\/wp-content\/uploads\/2026\/02\/logo-astronomy-tours-black-small.png\",\"contentUrl\":\"https:\/\/www.astronomy.tours\/wp-content\/uploads\/2026\/02\/logo-astronomy-tours-black-small.png\",\"width\":2000,\"height\":740,\"caption\":\"Astronomy Tours S.COOP\"},\"image\":{\"@id\":\"https:\/\/www.astronomy.tours\/#\/schema\/logo\/image\/\"},\"sameAs\":[\"https:\/\/www.facebook.com\/astronomy.tours\/\",\"https:\/\/www.instagram.com\/astronomytours\/?hl=en\"]}]}<\/script>\n<!-- \/ Yoast SEO plugin. -->","yoast_head_json":{"title":"Qui\u00e9nes somos - Astronomy Tours","description":"\u00bfQui\u00e9nes somos en Astronomy Tours?: un equipo de astr\u00f3nomos, educadores y gu\u00edas apasionados por la astronom\u00eda. Experiencias educativas.","robots":{"index":"index","follow":"follow","max-snippet":"max-snippet:-1","max-image-preview":"max-image-preview:large","max-video-preview":"max-video-preview:-1"},"canonical":"https:\/\/www.astronomy.tours\/es\/quienes-somos\/","og_locale":"es_ES","og_type":"article","og_title":"Qui\u00e9nes somos - Astronomy Tours","og_description":"\u00bfQui\u00e9nes somos en Astronomy Tours?: un equipo de astr\u00f3nomos, educadores y gu\u00edas apasionados por la astronom\u00eda. Experiencias educativas.","og_url":"https:\/\/www.astronomy.tours\/es\/quienes-somos\/","og_site_name":"Astronomy Tours","article_publisher":"https:\/\/www.facebook.com\/astronomy.tours\/","article_modified_time":"2026-02-19T15:56:51+00:00","og_image":[{"width":512,"height":512,"url":"https:\/\/www.astronomy.tours\/wp-content\/uploads\/2024\/03\/cropped-cropped-AT-Web-Icon-1.png","type":"image\/png"}],"twitter_card":"summary_large_image","twitter_misc":{"Tiempo de lectura":"2 minutos"},"schema":{"@context":"https:\/\/schema.org","@graph":[{"@type":"WebPage","@id":"https:\/\/www.astronomy.tours\/es\/quienes-somos\/","url":"https:\/\/www.astronomy.tours\/es\/quienes-somos\/","name":"Qui\u00e9nes somos - Astronomy Tours","isPartOf":{"@id":"https:\/\/www.astronomy.tours\/#website"},"primaryImageOfPage":{"@id":"https:\/\/www.astronomy.tours\/es\/quienes-somos\/#primaryimage"},"image":{"@id":"https:\/\/www.astronomy.tours\/es\/quienes-somos\/#primaryimage"},"thumbnailUrl":"https:\/\/www.astronomy.tours\/wp-content\/uploads\/2024\/03\/cropped-cropped-AT-Web-Icon-1.png","datePublished":"2024-03-29T10:26:16+00:00","dateModified":"2026-02-19T15:56:51+00:00","description":"\u00bfQui\u00e9nes somos en Astronomy Tours?: un equipo de astr\u00f3nomos, educadores y gu\u00edas apasionados por la astronom\u00eda. Experiencias educativas.","breadcrumb":{"@id":"https:\/\/www.astronomy.tours\/es\/quienes-somos\/#breadcrumb"},"inLanguage":"es","potentialAction":[{"@type":"ReadAction","target":["https:\/\/www.astronomy.tours\/es\/quienes-somos\/"]}]},{"@type":"ImageObject","inLanguage":"es","@id":"https:\/\/www.astronomy.tours\/es\/quienes-somos\/#primaryimage","url":"https:\/\/www.astronomy.tours\/wp-content\/uploads\/2024\/03\/cropped-cropped-AT-Web-Icon-1.png","contentUrl":"https:\/\/www.astronomy.tours\/wp-content\/uploads\/2024\/03\/cropped-cropped-AT-Web-Icon-1.png","width":512,"height":512},{"@type":"BreadcrumbList","@id":"https:\/\/www.astronomy.tours\/es\/quienes-somos\/#breadcrumb","itemListElement":[{"@type":"ListItem","position":1,"name":"Home","item":"https:\/\/www.astronomy.tours\/es\/"},{"@type":"ListItem","position":2,"name":"Qui\u00e9nes somos"}]},{"@type":"WebSite","@id":"https:\/\/www.astronomy.tours\/#website","url":"https:\/\/www.astronomy.tours\/","name":"Astronomy Tours","description":"Astronomical tours","publisher":{"@id":"https:\/\/www.astronomy.tours\/#organization"},"potentialAction":[{"@type":"SearchAction","target":{"@type":"EntryPoint","urlTemplate":"https:\/\/www.astronomy.tours\/?s={search_term_string}"},"query-input":{"@type":"PropertyValueSpecification","valueRequired":true,"valueName":"search_term_string"}}],"inLanguage":"es"},{"@type":"Organization","@id":"https:\/\/www.astronomy.tours\/#organization","name":"Astronomy Tours S.COOP","url":"https:\/\/www.astronomy.tours\/","logo":{"@type":"ImageObject","inLanguage":"es","@id":"https:\/\/www.astronomy.tours\/#\/schema\/logo\/image\/","url":"https:\/\/www.astronomy.tours\/wp-content\/uploads\/2026\/02\/logo-astronomy-tours-black-small.png","contentUrl":"https:\/\/www.astronomy.tours\/wp-content\/uploads\/2026\/02\/logo-astronomy-tours-black-small.png","width":2000,"height":740,"caption":"Astronomy Tours S.COOP"},"image":{"@id":"https:\/\/www.astronomy.tours\/#\/schema\/logo\/image\/"},"sameAs":["https:\/\/www.facebook.com\/astronomy.tours\/","https:\/\/www.instagram.com\/astronomytours\/?hl=en"]}]}},"_links":{"self":[{"href":"https:\/\/www.astronomy.tours\/es\/wp-json\/wp\/v2\/pages\/91","targetHints":{"allow":["GET"]}}],"collection":[{"href":"https:\/\/www.astronomy.tours\/es\/wp-json\/wp\/v2\/pages"}],"about":[{"href":"https:\/\/www.astronomy.tours\/es\/wp-json\/wp\/v2\/types\/page"}],"author":[{"embeddable":true,"href":"https:\/\/www.astronomy.tours\/es\/wp-json\/wp\/v2\/users\/2"}],"replies":[{"embeddable":true,"href":"https:\/\/www.astronomy.tours\/es\/wp-json\/wp\/v2\/comments?post=91"}],"version-history":[{"count":22,"href":"https:\/\/www.astronomy.tours\/es\/wp-json\/wp\/v2\/pages\/91\/revisions"}],"predecessor-version":[{"id":6206,"href":"https:\/\/www.astronomy.tours\/es\/wp-json\/wp\/v2\/pages\/91\/revisions\/6206"}],"wp:featuredmedia":[{"embeddable":true,"href":"https:\/\/www.astronomy.tours\/es\/wp-json\/wp\/v2\/media\/59"}],"wp:attachment":[{"href":"https:\/\/www.astronomy.tours\/es\/wp-json\/wp\/v2\/media?parent=91"}],"curies":[{"name":"wp","href":"https:\/\/api.w.org\/{rel}","templated":true}]}}