{"id":490,"date":"2024-04-08T09:45:24","date_gmt":"2024-04-08T07:45:24","guid":{"rendered":"https:\/\/astronomy-new.imoli.com.pl\/eventos\/"},"modified":"2024-10-08T01:45:24","modified_gmt":"2024-10-07T23:45:24","slug":"eventos","status":"publish","type":"page","link":"https:\/\/www.astronomy.tours\/es\/eventos\/","title":{"rendered":"Eventos"},"content":{"rendered":"\t\t<div data-elementor-type=\"wp-page\" data-elementor-id=\"490\" class=\"elementor elementor-490 elementor-472\" data-elementor-post-type=\"page\">\n\t\t\t\t<div class=\"elementor-element elementor-element-b0309a7 e-flex e-con-boxed e-con e-parent\" data-id=\"b0309a7\" data-element_type=\"container\">\n\t\t\t\t\t<div class=\"e-con-inner\">\n\t\t\t\t<div class=\"elementor-element elementor-element-cb02082 elementor-widget elementor-widget-spacer\" data-id=\"cb02082\" data-element_type=\"widget\" data-widget_type=\"spacer.default\">\n\t\t\t\t<div class=\"elementor-widget-container\">\n\t\t\t<style>\/*! elementor - v3.22.0 - 17-06-2024 *\/\n.elementor-column .elementor-spacer-inner{height:var(--spacer-size)}.e-con{--container-widget-width:100%}.e-con-inner>.elementor-widget-spacer,.e-con>.elementor-widget-spacer{width:var(--container-widget-width,var(--spacer-size));--align-self:var(--container-widget-align-self,initial);--flex-shrink:0}.e-con-inner>.elementor-widget-spacer>.elementor-widget-container,.e-con>.elementor-widget-spacer>.elementor-widget-container{height:100%;width:100%}.e-con-inner>.elementor-widget-spacer>.elementor-widget-container>.elementor-spacer,.e-con>.elementor-widget-spacer>.elementor-widget-container>.elementor-spacer{height:100%}.e-con-inner>.elementor-widget-spacer>.elementor-widget-container>.elementor-spacer>.elementor-spacer-inner,.e-con>.elementor-widget-spacer>.elementor-widget-container>.elementor-spacer>.elementor-spacer-inner{height:var(--container-widget-height,var(--spacer-size))}.e-con-inner>.elementor-widget-spacer.elementor-widget-empty,.e-con>.elementor-widget-spacer.elementor-widget-empty{position:relative;min-height:22px;min-width:22px}.e-con-inner>.elementor-widget-spacer.elementor-widget-empty .elementor-widget-empty-icon,.e-con>.elementor-widget-spacer.elementor-widget-empty .elementor-widget-empty-icon{position:absolute;top:0;bottom:0;left:0;right:0;margin:auto;padding:0;width:22px;height:22px}<\/style>\t\t<div class=\"elementor-spacer\">\n\t\t\t<div class=\"elementor-spacer-inner\"><\/div>\n\t\t<\/div>\n\t\t\t\t<\/div>\n\t\t\t\t<\/div>\n\t\t\t\t<div class=\"elementor-element elementor-element-885be06 elementor-widget elementor-widget-heading\" data-id=\"885be06\" data-element_type=\"widget\" data-widget_type=\"heading.default\">\n\t\t\t\t<div class=\"elementor-widget-container\">\n\t\t\t<style>\/*! elementor - v3.22.0 - 17-06-2024 *\/\n.elementor-heading-title{padding:0;margin:0;line-height:1}.elementor-widget-heading .elementor-heading-title[class*=elementor-size-]>a{color:inherit;font-size:inherit;line-height:inherit}.elementor-widget-heading .elementor-heading-title.elementor-size-small{font-size:15px}.elementor-widget-heading .elementor-heading-title.elementor-size-medium{font-size:19px}.elementor-widget-heading .elementor-heading-title.elementor-size-large{font-size:29px}.elementor-widget-heading .elementor-heading-title.elementor-size-xl{font-size:39px}.elementor-widget-heading .elementor-heading-title.elementor-size-xxl{font-size:59px}<\/style><h1 class=\"elementor-heading-title elementor-size-default\">Eventos<\/h1>\t\t<\/div>\n\t\t\t\t<\/div>\n\t\t\t\t<div class=\"elementor-element elementor-element-f8a64cf elementor-widget elementor-widget-wp-widget-nav_menu\" data-id=\"f8a64cf\" data-element_type=\"widget\" data-widget_type=\"wp-widget-nav_menu.default\">\n\t\t\t\t<div class=\"elementor-widget-container\">\n\t\t\t<div class=\"menu-events-menu-container\"><ul id=\"menu-events-menu\" class=\"menu\"><li id=\"menu-item-2760\" class=\"menu-item menu-item-type-post_type menu-item-object-page menu-item-2760\"><a href=\"https:\/\/www.astronomy.tours\/events\/regular-events\/\">Eventos regulares<\/a><\/li>\n<li id=\"menu-item-2759\" class=\"menu-item menu-item-type-post_type menu-item-object-page menu-item-2759\"><a href=\"https:\/\/www.astronomy.tours\/events\/special-events\/\">Eventos especiales<\/a><\/li>\n<li id=\"menu-item-2758\" class=\"menu-item menu-item-type-post_type menu-item-object-page menu-item-2758\"><a href=\"https:\/\/www.astronomy.tours\/events\/workshops\/\">Talleres<\/a><\/li>\n<\/ul><\/div>\t\t<\/div>\n\t\t\t\t<\/div>\n\t\t\t\t<div class=\"elementor-element elementor-element-66bfa26 elementor-widget elementor-widget-shortcode\" data-id=\"66bfa26\" data-element_type=\"widget\" data-widget_type=\"shortcode.default\">\n\t\t\t\t<div class=\"elementor-widget-container\">\n\t\t\t\t\t<div class=\"elementor-shortcode\">\t\t<div class=\"wp-travel-itinerary-items\">\r\n\t\t\t\t\t\t\t\t<div class=\"wp-travel-itinerary-items wptravel-archive-wrapper  grid-view itinerary-3-per-row\" >\r\n\t\t\t\t\t\t\t<!-- Contents Here -->\r\n\t<div class=\"view-box\">\r\n\t\t<div class=\"view-image\">\r\n\t\t\t\t\t\t<a href=\"https:\/\/www.astronomy.tours\/es\/itinerary\/noche-de-astronomia\/\" class=\"image-thumb\">\r\n\t\t\t\t<div class=\"image-overlay\"><\/div>\r\n\t\t\t\t<img fetchpriority=\"high\" decoding=\"async\" width=\"800\" height=\"800\" src=\"https:\/\/www.astronomy.tours\/wp-content\/uploads\/2024\/04\/Astronomy-Night-1024x1024.webp\" class=\"attachment-large size-large wp-post-image\" alt=\"\" \/>\t\t\t<\/a>\r\n\t\t\t\t\t\t<div class=\"offer\">\r\n\t\t\t\t<span>#Astronomy-Night<\/span>\r\n\t\t\t<\/div>\r\n\t\t\t\t\t<\/div>\r\n\r\n\t\t<div class=\"view-content\">\r\n\t\t\t<div class=\"left-content\">\r\n\t\t\t\t\t\t\t\t<header>\r\n\t\t\t\t\t\t\t\t\t\t<h2 class=\"entry-title\">\r\n\t\t\t\t\t\t<a class=\"heading-link\" href=\"https:\/\/www.astronomy.tours\/es\/itinerary\/noche-de-astronomia\/\" rel=\"bookmark\" title=\"Permalink to: Noche de Astronomia\">\r\n\t\t\t\t\t\t\tNoche de Astronomia\t\t\t\t\t\t<\/a>\r\n\t\t\t\t\t<\/h2>\r\n\t\t\t\t\t<div class=\"favourite\"><a href=\"javascript:void(0);\" data-id=\"393\" data-event=\"add\" title=\"Please login to add your wishlists.\" class=\"wp-travel-add-to-wishlists\"><i class=\"far fa-bookmark\"><\/i> Please login to add your wishlists.<\/a><\/div>\t\t\t\t<\/header>\r\n\t\t\t\t\t\t\t\t<div class=\"trip-icons\">\r\n\t\t\t\t\t\t\t<div class=\"wp-travel-trip-time trip-duration\">\r\n\t\t\t<i class=\"far fa-calendar-alt\"><\/i>\t\t\t<span class=\"wp-travel-trip-duration\">\r\n\t\t\t\tN\/A\t\t\t<\/span>\r\n\t\t<\/div>\r\n\t\t\t\t\t\t\t<div class=\"trip-location\">\r\n\t\t\t\t\t\t<i class=\"fas fa-map-marker-alt\"><\/i>\t\t\t\t\t\t<span>\r\n\t\t\t\t\t\t\tN\/A\t\t\t\t\t\t<\/span>\r\n\t\t\t\t\t<\/div>\r\n\t\t\t\t\t<div class=\"group-size\">\r\n\t\t\t\t\t\t<i class=\"fas fa-users\"><\/i>\t\t\t\t\t\t<span>70<\/span>\r\n\t\t\t\t\t<\/div>\r\n\t\t\t\t<\/div>\r\n\t\t\t\t<div class=\"trip-desc\">\r\n\t\t\t\t\t<p>Explora la magia del cosmos bajo el cielo estrellado en nuestra Noche de Astronom\u00eda, \u00a1ideal para familias! Exquisita gastronom\u00eda, actividades cautivadoras y encuentros inolvidables te esperan en la Finca Astron\u00f3mica. \u00a1Reserva ahora y vive una aventura celestial \u00fanica apta para todas las edades! \ud83c\udf0c\ud83d\udd2d\u2728<\/p>\n<p>Inicio del evento: Una hora y media antes de la puesta de sol, duraci\u00f3n 5 horas.<\/p>\n<p><b>Todos los s\u00e1bados<\/b> <\/p>\n\t\t\t\t<\/div>\r\n\t\t\t<\/div>\r\n\t\t\t<div class=\"right-content\">\r\n\t\t\t\t<div class=\"footer-wrapper\">\r\n\t\t\t\t\t<div class=\"trip-price\">\r\n\t\t\t\t\t\t\t\t\t\t\t\t\t\t\t\t\t\t\t<span class=\"price-here\">\r\n\t\t\t\t\t\t\t\t\t\t\t<span class=\"wp-travel-trip-currency\">&#8364;<\/span><span class=\"wp-travel-trip-price-figure\">29.00<\/span>\r\n\t\t\t\t\t\t\t\t\t\t<\/span>\r\n\t\t\t\t\t\t\t\t\t\t\t\t\r\n\t\t\t\t\t<\/div>\r\n\t\t\t\t\t<div class=\"trip-rating\">\r\n\t\t\t\t\t\t\t\t\t\t\t<\/div>\r\n\t\t\t\t<\/div>\r\n\r\n\t\t\t\t\t\t\t\t\r\n\t\t\t\t<a class=\"wp-block-button__link explore-btn\" href=\"https:\/\/www.astronomy.tours\/es\/itinerary\/noche-de-astronomia\/\"><span>Explore<\/span><\/a>\r\n\t\t\t<\/div>\r\n\t\t<\/div>\r\n\t<\/div>\r\n\r\n\t<!-- Contents Here -->\r\n\t<div class=\"view-box\">\r\n\t\t<div class=\"view-image\">\r\n\t\t\t\t\t\t<a href=\"https:\/\/www.astronomy.tours\/es\/itinerary\/noche-de-astronomia-solo-adults\/\" class=\"image-thumb\">\r\n\t\t\t\t<div class=\"image-overlay\"><\/div>\r\n\t\t\t\t<img decoding=\"async\" width=\"800\" height=\"800\" src=\"https:\/\/www.astronomy.tours\/wp-content\/uploads\/2024\/04\/Astronomy-Night-Adult-Only-1024x1024.webp\" class=\"attachment-large size-large wp-post-image\" alt=\"\" \/>\t\t\t<\/a>\r\n\t\t\t\t\t\t<div class=\"offer\">\r\n\t\t\t\t<span>#Astronomy Night - Adult Only<\/span>\r\n\t\t\t<\/div>\r\n\t\t\t\t\t<\/div>\r\n\r\n\t\t<div class=\"view-content\">\r\n\t\t\t<div class=\"left-content\">\r\n\t\t\t\t\t\t\t\t<header>\r\n\t\t\t\t\t\t\t\t\t\t<h2 class=\"entry-title\">\r\n\t\t\t\t\t\t<a class=\"heading-link\" href=\"https:\/\/www.astronomy.tours\/es\/itinerary\/noche-de-astronomia-solo-adults\/\" rel=\"bookmark\" title=\"Permalink to: Noche de Astronom\u00eda &#8211; S\u00f3lo Adultos\">\r\n\t\t\t\t\t\t\tNoche de Astronom\u00eda &#8211; S\u00f3lo Adultos\t\t\t\t\t\t<\/a>\r\n\t\t\t\t\t<\/h2>\r\n\t\t\t\t\t<div class=\"favourite\"><a href=\"javascript:void(0);\" data-id=\"423\" data-event=\"add\" title=\"Please login to add your wishlists.\" class=\"wp-travel-add-to-wishlists\"><i class=\"far fa-bookmark\"><\/i> Please login to add your wishlists.<\/a><\/div>\t\t\t\t<\/header>\r\n\t\t\t\t\t\t\t\t<div class=\"trip-icons\">\r\n\t\t\t\t\t\t\t<div class=\"wp-travel-trip-time trip-duration\">\r\n\t\t\t<i class=\"far fa-calendar-alt\"><\/i>\t\t\t<span class=\"wp-travel-trip-duration\">\r\n\t\t\t\tN\/A\t\t\t<\/span>\r\n\t\t<\/div>\r\n\t\t\t\t\t\t\t<div class=\"trip-location\">\r\n\t\t\t\t\t\t<i class=\"fas fa-map-marker-alt\"><\/i>\t\t\t\t\t\t<span>\r\n\t\t\t\t\t\t\tN\/A\t\t\t\t\t\t<\/span>\r\n\t\t\t\t\t<\/div>\r\n\t\t\t\t\t<div class=\"group-size\">\r\n\t\t\t\t\t\t<i class=\"fas fa-users\"><\/i>\t\t\t\t\t\t<span>70<\/span>\r\n\t\t\t\t\t<\/div>\r\n\t\t\t\t<\/div>\r\n\t\t\t\t<div class=\"trip-desc\">\r\n\t\t\t\t\t<p>\u00a1Emb\u00e1rcate en un encantador viaje exclusivo para adultos en la Noche de Astronom\u00eda! \u00danete a nosotros bajo los cielos estrellados de la cautivadora Finca Astron\u00f3mica para una velada exclusiva llena de maravillas celestiales, actividades sofisticadas y encuentros c\u00e1lidos. \u00a1Reserva tu lugar ahora y disfruta de una experiencia c\u00f3smica inolvidable! \ud83c\udf0c\u2728 (Solo adultos)<\/p>\n<p>Inicio del evento: Una hora y media antes de la puesta de sol, duraci\u00f3n 5 horas.<\/p>\n<p><b>Todos los viernes<\/b><\/p>\n\t\t\t\t<\/div>\r\n\t\t\t<\/div>\r\n\t\t\t<div class=\"right-content\">\r\n\t\t\t\t<div class=\"footer-wrapper\">\r\n\t\t\t\t\t<div class=\"trip-price\">\r\n\t\t\t\t\t\t\t\t\t\t\t\t\t\t\t\t\t\t\t<span class=\"price-here\">\r\n\t\t\t\t\t\t\t\t\t\t\t<span class=\"wp-travel-trip-currency\">&#8364;<\/span><span class=\"wp-travel-trip-price-figure\">42.00<\/span>\r\n\t\t\t\t\t\t\t\t\t\t<\/span>\r\n\t\t\t\t\t\t\t\t\t\t\t\t\r\n\t\t\t\t\t<\/div>\r\n\t\t\t\t\t<div class=\"trip-rating\">\r\n\t\t\t\t\t\t\t\t\t\t\t<\/div>\r\n\t\t\t\t<\/div>\r\n\r\n\t\t\t\t\t\t\t\t\r\n\t\t\t\t<a class=\"wp-block-button__link explore-btn\" href=\"https:\/\/www.astronomy.tours\/es\/itinerary\/noche-de-astronomia-solo-adults\/\"><span>Explore<\/span><\/a>\r\n\t\t\t<\/div>\r\n\t\t<\/div>\r\n\t<\/div>\r\n\r\n\t<!-- Contents Here -->\r\n\t<div class=\"view-box\">\r\n\t\t<div class=\"view-image\">\r\n\t\t\t\t\t\t<a href=\"https:\/\/www.astronomy.tours\/es\/itinerary\/eclipse-solar-2026-pre-reserva-tu-experiencia-a-bordo-de-un-catamaran-2\/\" class=\"image-thumb\">\r\n\t\t\t\t<div class=\"image-overlay\"><\/div>\r\n\t\t\t\t<img decoding=\"async\" width=\"800\" height=\"800\" src=\"https:\/\/www.astronomy.tours\/wp-content\/uploads\/2025\/08\/ChatGPT-Image-Aug-19-2025-06_10_29-PM.png\" class=\"attachment-large size-large wp-post-image\" alt=\"\" \/>\t\t\t<\/a>\r\n\t\t\t\t\t\t<div class=\"offer\">\r\n\t\t\t\t<span>#WT-CODE 5386<\/span>\r\n\t\t\t<\/div>\r\n\t\t\t\t\t<\/div>\r\n\r\n\t\t<div class=\"view-content\">\r\n\t\t\t<div class=\"left-content\">\r\n\t\t\t\t\t\t\t\t<header>\r\n\t\t\t\t\t\t\t\t\t\t<h2 class=\"entry-title\">\r\n\t\t\t\t\t\t<a class=\"heading-link\" href=\"https:\/\/www.astronomy.tours\/es\/itinerary\/eclipse-solar-2026-pre-reserva-tu-experiencia-a-bordo-de-un-catamaran-2\/\" rel=\"bookmark\" title=\"Permalink to: Eclipse solar 2026 \u2013 Mejor Vista en el Mar!\">\r\n\t\t\t\t\t\t\tEclipse solar 2026 \u2013 Mejor Vista en el Mar!\t\t\t\t\t\t<\/a>\r\n\t\t\t\t\t<\/h2>\r\n\t\t\t\t\t<div class=\"favourite\"><a href=\"javascript:void(0);\" data-id=\"5386\" data-event=\"add\" title=\"Please login to add your wishlists.\" class=\"wp-travel-add-to-wishlists\"><i class=\"far fa-bookmark\"><\/i> Please login to add your wishlists.<\/a><\/div>\t\t\t\t<\/header>\r\n\t\t\t\t\t\t\t\t<div class=\"trip-icons\">\r\n\t\t\t\t\t\t\t<div class=\"wp-travel-trip-time trip-duration\">\r\n\t\t\t<i class=\"far fa-calendar-alt\"><\/i>\t\t\t<span class=\"wp-travel-trip-duration\">\r\n\t\t\t\t\t\t\t<\/span>\r\n\t\t<\/div>\r\n\t\t\t\t\t\t\t<div class=\"trip-location\">\r\n\t\t\t\t\t\t<i class=\"fas fa-map-marker-alt\"><\/i>\t\t\t\t\t\t<span>\r\n\t\t\t\t\t\t\tN\/A\t\t\t\t\t\t<\/span>\r\n\t\t\t\t\t<\/div>\r\n\t\t\t\t\t<div class=\"group-size\">\r\n\t\t\t\t\t\t<i class=\"fas fa-users\"><\/i>\t\t\t\t\t\t<span>1000<\/span>\r\n\t\t\t\t\t<\/div>\r\n\t\t\t\t<\/div>\r\n\t\t\t\t<div class=\"trip-desc\">\r\n\t\t\t\t\t<p>Eclipse solar \u2013 12 de agosto de 2026: Disfr\u00fatalo desde un catamar\u00e1n en el mar Mediterr\u00e1neo.<br \/>\n\u00a1Navega hacia el eclipse!<\/p>\n\t\t\t\t<\/div>\r\n\t\t\t<\/div>\r\n\t\t\t<div class=\"right-content\">\r\n\t\t\t\t<div class=\"footer-wrapper\">\r\n\t\t\t\t\t<div class=\"trip-price\">\r\n\t\t\t\t\t\t\t\t\t\t\t\t\t\t\t\t\t\t\t<span class=\"price-here\">\r\n\t\t\t\t\t\t\t\t\t\t\t<span class=\"wp-travel-trip-currency\">&#8364;<\/span><span class=\"wp-travel-trip-price-figure\">1.00<\/span>\r\n\t\t\t\t\t\t\t\t\t\t<\/span>\r\n\t\t\t\t\t\t\t\t\t\t\t\t\r\n\t\t\t\t\t<\/div>\r\n\t\t\t\t\t<div class=\"trip-rating\">\r\n\t\t\t\t\t\t\t\t\t\t\t\t\t<div class=\"wp-travel-average-review\">\r\n\t\t\t\t\t\t\t\t\t<div class=\"wp-travel-average-review\" title=\"Rated 0 out of 5\">\r\n\t\t<a>\r\n\t\t\t<span style=\"width:0%\">\r\n\t\t\t\t<strong itemprop=\"ratingValue\" class=\"rating\">0<\/strong> out of <span itemprop=\"bestRating\">5<\/span>\t\t\t<\/span>\r\n\t\t<\/a>\r\n\r\n\t<\/div>\r\n\t\t\t\t\t\t\t\t\t\t\t\t\t\t\t\t<\/div>\r\n\t\t\t\t\t\t\t<span class=\"wp-travel-review-text\"> (0 Reviews)<\/span>\r\n\t\t\t\t\t\t\t\t\t\t\t<\/div>\r\n\t\t\t\t<\/div>\r\n\r\n\t\t\t\t\t\t\t\t\r\n\t\t\t\t<a class=\"wp-block-button__link explore-btn\" href=\"https:\/\/www.astronomy.tours\/es\/itinerary\/eclipse-solar-2026-pre-reserva-tu-experiencia-a-bordo-de-un-catamaran-2\/\"><span>Explore<\/span><\/a>\r\n\t\t\t<\/div>\r\n\t\t<\/div>\r\n\t<\/div>\r\n\r\n\t\t\t\t\t<\/div>\r\n\t\t\t\t\t\t\t\t\t<\/div>\r\n\t\t<\/div>\n\t\t\t\t<\/div>\n\t\t\t\t<\/div>\n\t\t\t\t\t<\/div>\n\t\t\t\t<\/div>\n\t\t\t\t<\/div>\n\t\t","protected":false},"excerpt":{"rendered":"<p>Eventos<\/p>\n","protected":false},"author":2,"featured_media":0,"parent":0,"menu_order":0,"comment_status":"closed","ping_status":"closed","template":"","meta":{"footnotes":""},"class_list":["post-490","page","type-page","status-publish","hentry"],"yoast_head":"<!-- This site is optimized with the Yoast SEO plugin v25.3 - https:\/\/yoast.com\/wordpress\/plugins\/seo\/ -->\n<title>Eventos - Astronomy Tours<\/title>\n<meta name=\"robots\" content=\"index, follow, max-snippet:-1, max-image-preview:large, max-video-preview:-1\" \/>\n<link rel=\"canonical\" href=\"https:\/\/www.astronomy.tours\/es\/eventos\/\" \/>\n<meta property=\"og:locale\" content=\"es_ES\" \/>\n<meta property=\"og:type\" content=\"article\" \/>\n<meta property=\"og:title\" content=\"Eventos - Astronomy Tours\" \/>\n<meta property=\"og:description\" content=\"Eventos\" \/>\n<meta property=\"og:url\" content=\"https:\/\/www.astronomy.tours\/es\/eventos\/\" \/>\n<meta property=\"og:site_name\" content=\"Astronomy Tours\" \/>\n<meta property=\"article:publisher\" content=\"https:\/\/www.facebook.com\/astronomy.tours\/\" \/>\n<meta property=\"article:modified_time\" content=\"2024-10-07T23:45:24+00:00\" \/>\n<meta name=\"twitter:card\" content=\"summary_large_image\" \/>\n<script type=\"application\/ld+json\" class=\"yoast-schema-graph\">{\"@context\":\"https:\/\/schema.org\",\"@graph\":[{\"@type\":\"WebPage\",\"@id\":\"https:\/\/www.astronomy.tours\/es\/eventos\/\",\"url\":\"https:\/\/www.astronomy.tours\/es\/eventos\/\",\"name\":\"Eventos - Astronomy Tours\",\"isPartOf\":{\"@id\":\"https:\/\/www.astronomy.tours\/#website\"},\"datePublished\":\"2024-04-08T07:45:24+00:00\",\"dateModified\":\"2024-10-07T23:45:24+00:00\",\"breadcrumb\":{\"@id\":\"https:\/\/www.astronomy.tours\/es\/eventos\/#breadcrumb\"},\"inLanguage\":\"es\",\"potentialAction\":[{\"@type\":\"ReadAction\",\"target\":[\"https:\/\/www.astronomy.tours\/es\/eventos\/\"]}]},{\"@type\":\"BreadcrumbList\",\"@id\":\"https:\/\/www.astronomy.tours\/es\/eventos\/#breadcrumb\",\"itemListElement\":[{\"@type\":\"ListItem\",\"position\":1,\"name\":\"Home\",\"item\":\"https:\/\/www.astronomy.tours\/es\/\"},{\"@type\":\"ListItem\",\"position\":2,\"name\":\"Eventos\"}]},{\"@type\":\"WebSite\",\"@id\":\"https:\/\/www.astronomy.tours\/#website\",\"url\":\"https:\/\/www.astronomy.tours\/\",\"name\":\"Astronomy Tours\",\"description\":\"Astronomical tours\",\"publisher\":{\"@id\":\"https:\/\/www.astronomy.tours\/#organization\"},\"potentialAction\":[{\"@type\":\"SearchAction\",\"target\":{\"@type\":\"EntryPoint\",\"urlTemplate\":\"https:\/\/www.astronomy.tours\/?s={search_term_string}\"},\"query-input\":{\"@type\":\"PropertyValueSpecification\",\"valueRequired\":true,\"valueName\":\"search_term_string\"}}],\"inLanguage\":\"es\"},{\"@type\":\"Organization\",\"@id\":\"https:\/\/www.astronomy.tours\/#organization\",\"name\":\"Astronomy Tours S.COOP\",\"url\":\"https:\/\/www.astronomy.tours\/\",\"logo\":{\"@type\":\"ImageObject\",\"inLanguage\":\"es\",\"@id\":\"https:\/\/www.astronomy.tours\/#\/schema\/logo\/image\/\",\"url\":\"https:\/\/www.astronomy.tours\/wp-content\/uploads\/2026\/02\/logo-astronomy-tours-black-small.png\",\"contentUrl\":\"https:\/\/www.astronomy.tours\/wp-content\/uploads\/2026\/02\/logo-astronomy-tours-black-small.png\",\"width\":2000,\"height\":740,\"caption\":\"Astronomy Tours S.COOP\"},\"image\":{\"@id\":\"https:\/\/www.astronomy.tours\/#\/schema\/logo\/image\/\"},\"sameAs\":[\"https:\/\/www.facebook.com\/astronomy.tours\/\",\"https:\/\/www.instagram.com\/astronomytours\/?hl=en\"]}]}<\/script>\n<!-- \/ Yoast SEO plugin. -->","yoast_head_json":{"title":"Eventos - Astronomy Tours","robots":{"index":"index","follow":"follow","max-snippet":"max-snippet:-1","max-image-preview":"max-image-preview:large","max-video-preview":"max-video-preview:-1"},"canonical":"https:\/\/www.astronomy.tours\/es\/eventos\/","og_locale":"es_ES","og_type":"article","og_title":"Eventos - Astronomy Tours","og_description":"Eventos","og_url":"https:\/\/www.astronomy.tours\/es\/eventos\/","og_site_name":"Astronomy Tours","article_publisher":"https:\/\/www.facebook.com\/astronomy.tours\/","article_modified_time":"2024-10-07T23:45:24+00:00","twitter_card":"summary_large_image","schema":{"@context":"https:\/\/schema.org","@graph":[{"@type":"WebPage","@id":"https:\/\/www.astronomy.tours\/es\/eventos\/","url":"https:\/\/www.astronomy.tours\/es\/eventos\/","name":"Eventos - Astronomy Tours","isPartOf":{"@id":"https:\/\/www.astronomy.tours\/#website"},"datePublished":"2024-04-08T07:45:24+00:00","dateModified":"2024-10-07T23:45:24+00:00","breadcrumb":{"@id":"https:\/\/www.astronomy.tours\/es\/eventos\/#breadcrumb"},"inLanguage":"es","potentialAction":[{"@type":"ReadAction","target":["https:\/\/www.astronomy.tours\/es\/eventos\/"]}]},{"@type":"BreadcrumbList","@id":"https:\/\/www.astronomy.tours\/es\/eventos\/#breadcrumb","itemListElement":[{"@type":"ListItem","position":1,"name":"Home","item":"https:\/\/www.astronomy.tours\/es\/"},{"@type":"ListItem","position":2,"name":"Eventos"}]},{"@type":"WebSite","@id":"https:\/\/www.astronomy.tours\/#website","url":"https:\/\/www.astronomy.tours\/","name":"Astronomy Tours","description":"Astronomical tours","publisher":{"@id":"https:\/\/www.astronomy.tours\/#organization"},"potentialAction":[{"@type":"SearchAction","target":{"@type":"EntryPoint","urlTemplate":"https:\/\/www.astronomy.tours\/?s={search_term_string}"},"query-input":{"@type":"PropertyValueSpecification","valueRequired":true,"valueName":"search_term_string"}}],"inLanguage":"es"},{"@type":"Organization","@id":"https:\/\/www.astronomy.tours\/#organization","name":"Astronomy Tours S.COOP","url":"https:\/\/www.astronomy.tours\/","logo":{"@type":"ImageObject","inLanguage":"es","@id":"https:\/\/www.astronomy.tours\/#\/schema\/logo\/image\/","url":"https:\/\/www.astronomy.tours\/wp-content\/uploads\/2026\/02\/logo-astronomy-tours-black-small.png","contentUrl":"https:\/\/www.astronomy.tours\/wp-content\/uploads\/2026\/02\/logo-astronomy-tours-black-small.png","width":2000,"height":740,"caption":"Astronomy Tours S.COOP"},"image":{"@id":"https:\/\/www.astronomy.tours\/#\/schema\/logo\/image\/"},"sameAs":["https:\/\/www.facebook.com\/astronomy.tours\/","https:\/\/www.instagram.com\/astronomytours\/?hl=en"]}]}},"_links":{"self":[{"href":"https:\/\/www.astronomy.tours\/es\/wp-json\/wp\/v2\/pages\/490","targetHints":{"allow":["GET"]}}],"collection":[{"href":"https:\/\/www.astronomy.tours\/es\/wp-json\/wp\/v2\/pages"}],"about":[{"href":"https:\/\/www.astronomy.tours\/es\/wp-json\/wp\/v2\/types\/page"}],"author":[{"embeddable":true,"href":"https:\/\/www.astronomy.tours\/es\/wp-json\/wp\/v2\/users\/2"}],"replies":[{"embeddable":true,"href":"https:\/\/www.astronomy.tours\/es\/wp-json\/wp\/v2\/comments?post=490"}],"version-history":[{"count":28,"href":"https:\/\/www.astronomy.tours\/es\/wp-json\/wp\/v2\/pages\/490\/revisions"}],"predecessor-version":[{"id":4038,"href":"https:\/\/www.astronomy.tours\/es\/wp-json\/wp\/v2\/pages\/490\/revisions\/4038"}],"wp:attachment":[{"href":"https:\/\/www.astronomy.tours\/es\/wp-json\/wp\/v2\/media?parent=490"}],"curies":[{"name":"wp","href":"https:\/\/api.w.org\/{rel}","templated":true}]}}