{"id":3323,"date":"2024-06-24T11:07:24","date_gmt":"2024-06-24T09:07:24","guid":{"rendered":"https:\/\/www.astronomy.tours\/reserva-tu-tour-astronomico-privado\/"},"modified":"2024-10-08T01:48:54","modified_gmt":"2024-10-07T23:48:54","slug":"reserva-tu-tour-astronomico-privado","status":"publish","type":"page","link":"https:\/\/www.astronomy.tours\/es\/reserva-tu-tour-astronomico-privado\/","title":{"rendered":"Reserva tu Tour Astron\u00f3mico Privado"},"content":{"rendered":"<p>\u00a1Experimenta las maravillas del cielo nocturno con un toque personalizado! Ofrecemos tours astron\u00f3micos privados adaptados tanto para peque\u00f1os grupos \u00edntimos como para grandes reuniones organizadas. Perfectos para una variedad de ocasiones, nuestros tours est\u00e1n dise\u00f1ados para involucrar y deleitar a participantes de todas las edades. Ya sea que est\u00e9s planeando una aventura familiar, un evento corporativo, una celebraci\u00f3n de cumplea\u00f1os o una reuni\u00f3n especial, tenemos las actividades astron\u00f3micas perfectas para tus necesidades.<\/p>\n<p><strong>Nuestros Tours Privados Son Ideales Para:<\/strong><\/p>\n<ul>\n<li>Adultos y ni\u00f1os<\/li>\n<li>Eventos corporativos y actividades de integraci\u00f3n<\/li>\n<li>Fiestas de cumplea\u00f1os y ocasiones especiales<\/li>\n<li>Grupos escolares y salidas educativas<\/li>\n<\/ul>\n<p>Mejora tu experiencia con una estancia nocturna en nuestra encantadora Finca Astron\u00f3mica. Rel\u00e1jate bajo las estrellas y disfruta de una noche inmerso en maravillas celestiales con la comodidad y conveniencia de nuestras instalaciones dedicadas.<\/p>\n<p>Descubre las estrellas como nunca antes con nuestros gu\u00edas expertos y equipo de \u00faltima generaci\u00f3n. \u00a1Reserva tu tour privado hoy y haz que tu evento sea verdaderamente de otro mundo!<\/p>\n<p>Si est\u00e1s interesado en reservar una visita astron\u00f3mica privada, por favor completa el siguiente formulario y nos pondremos en contacto contigo para discutir los detalles y la disponibilidad.<\/p>\n","protected":false},"excerpt":{"rendered":"<p>\u00a1Experimenta las maravillas del cielo nocturno con un toque personalizado! Ofrecemos tours astron\u00f3micos privados adaptados tanto para peque\u00f1os grupos \u00edntimos como para grandes reuniones organizadas. Perfectos para una variedad de ocasiones, nuestros tours est\u00e1n dise\u00f1ados para involucrar y deleitar a participantes de todas las edades. Ya sea que est\u00e9s planeando una aventura familiar, un evento [&hellip;]<\/p>\n","protected":false},"author":2,"featured_media":0,"parent":0,"menu_order":0,"comment_status":"closed","ping_status":"closed","template":"","meta":{"footnotes":""},"class_list":["post-3323","page","type-page","status-publish","hentry"],"yoast_head":"<!-- This site is optimized with the Yoast SEO plugin v25.3 - https:\/\/yoast.com\/wordpress\/plugins\/seo\/ -->\n<title>Reserva tu Tour Astron\u00f3mico Privado - Astronomy Tours<\/title>\n<meta name=\"robots\" content=\"index, follow, max-snippet:-1, max-image-preview:large, max-video-preview:-1\" \/>\n<link rel=\"canonical\" href=\"https:\/\/www.astronomy.tours\/es\/reserva-tu-tour-astronomico-privado\/\" \/>\n<meta property=\"og:locale\" content=\"es_ES\" \/>\n<meta property=\"og:type\" content=\"article\" \/>\n<meta property=\"og:title\" content=\"Reserva tu Tour Astron\u00f3mico Privado - Astronomy Tours\" \/>\n<meta property=\"og:description\" content=\"\u00a1Experimenta las maravillas del cielo nocturno con un toque personalizado! Ofrecemos tours astron\u00f3micos privados adaptados tanto para peque\u00f1os grupos \u00edntimos como para grandes reuniones organizadas. Perfectos para una variedad de ocasiones, nuestros tours est\u00e1n dise\u00f1ados para involucrar y deleitar a participantes de todas las edades. Ya sea que est\u00e9s planeando una aventura familiar, un evento [&hellip;]\" \/>\n<meta property=\"og:url\" content=\"https:\/\/www.astronomy.tours\/es\/reserva-tu-tour-astronomico-privado\/\" \/>\n<meta property=\"og:site_name\" content=\"Astronomy Tours\" \/>\n<meta property=\"article:publisher\" content=\"https:\/\/www.facebook.com\/astronomy.tours\/\" \/>\n<meta property=\"article:modified_time\" content=\"2024-10-07T23:48:54+00:00\" \/>\n<meta name=\"twitter:card\" content=\"summary_large_image\" \/>\n<meta name=\"twitter:label1\" content=\"Tiempo de lectura\" \/>\n\t<meta name=\"twitter:data1\" content=\"1 minuto\" \/>\n<script type=\"application\/ld+json\" class=\"yoast-schema-graph\">{\"@context\":\"https:\/\/schema.org\",\"@graph\":[{\"@type\":\"WebPage\",\"@id\":\"https:\/\/www.astronomy.tours\/es\/reserva-tu-tour-astronomico-privado\/\",\"url\":\"https:\/\/www.astronomy.tours\/es\/reserva-tu-tour-astronomico-privado\/\",\"name\":\"Reserva tu Tour Astron\u00f3mico Privado - Astronomy Tours\",\"isPartOf\":{\"@id\":\"https:\/\/www.astronomy.tours\/#website\"},\"datePublished\":\"2024-06-24T09:07:24+00:00\",\"dateModified\":\"2024-10-07T23:48:54+00:00\",\"breadcrumb\":{\"@id\":\"https:\/\/www.astronomy.tours\/es\/reserva-tu-tour-astronomico-privado\/#breadcrumb\"},\"inLanguage\":\"es\",\"potentialAction\":[{\"@type\":\"ReadAction\",\"target\":[\"https:\/\/www.astronomy.tours\/es\/reserva-tu-tour-astronomico-privado\/\"]}]},{\"@type\":\"BreadcrumbList\",\"@id\":\"https:\/\/www.astronomy.tours\/es\/reserva-tu-tour-astronomico-privado\/#breadcrumb\",\"itemListElement\":[{\"@type\":\"ListItem\",\"position\":1,\"name\":\"Home\",\"item\":\"https:\/\/www.astronomy.tours\/es\/\"},{\"@type\":\"ListItem\",\"position\":2,\"name\":\"Reserva tu Tour Astron\u00f3mico Privado\"}]},{\"@type\":\"WebSite\",\"@id\":\"https:\/\/www.astronomy.tours\/#website\",\"url\":\"https:\/\/www.astronomy.tours\/\",\"name\":\"Astronomy Tours\",\"description\":\"Astronomical tours\",\"publisher\":{\"@id\":\"https:\/\/www.astronomy.tours\/#organization\"},\"potentialAction\":[{\"@type\":\"SearchAction\",\"target\":{\"@type\":\"EntryPoint\",\"urlTemplate\":\"https:\/\/www.astronomy.tours\/?s={search_term_string}\"},\"query-input\":{\"@type\":\"PropertyValueSpecification\",\"valueRequired\":true,\"valueName\":\"search_term_string\"}}],\"inLanguage\":\"es\"},{\"@type\":\"Organization\",\"@id\":\"https:\/\/www.astronomy.tours\/#organization\",\"name\":\"Astronomy Tours S.COOP\",\"url\":\"https:\/\/www.astronomy.tours\/\",\"logo\":{\"@type\":\"ImageObject\",\"inLanguage\":\"es\",\"@id\":\"https:\/\/www.astronomy.tours\/#\/schema\/logo\/image\/\",\"url\":\"https:\/\/www.astronomy.tours\/wp-content\/uploads\/2026\/02\/logo-astronomy-tours-black-small.png\",\"contentUrl\":\"https:\/\/www.astronomy.tours\/wp-content\/uploads\/2026\/02\/logo-astronomy-tours-black-small.png\",\"width\":2000,\"height\":740,\"caption\":\"Astronomy Tours S.COOP\"},\"image\":{\"@id\":\"https:\/\/www.astronomy.tours\/#\/schema\/logo\/image\/\"},\"sameAs\":[\"https:\/\/www.facebook.com\/astronomy.tours\/\",\"https:\/\/www.instagram.com\/astronomytours\/?hl=en\"]}]}<\/script>\n<!-- \/ Yoast SEO plugin. -->","yoast_head_json":{"title":"Reserva tu Tour Astron\u00f3mico Privado - Astronomy Tours","robots":{"index":"index","follow":"follow","max-snippet":"max-snippet:-1","max-image-preview":"max-image-preview:large","max-video-preview":"max-video-preview:-1"},"canonical":"https:\/\/www.astronomy.tours\/es\/reserva-tu-tour-astronomico-privado\/","og_locale":"es_ES","og_type":"article","og_title":"Reserva tu Tour Astron\u00f3mico Privado - Astronomy Tours","og_description":"\u00a1Experimenta las maravillas del cielo nocturno con un toque personalizado! Ofrecemos tours astron\u00f3micos privados adaptados tanto para peque\u00f1os grupos \u00edntimos como para grandes reuniones organizadas. Perfectos para una variedad de ocasiones, nuestros tours est\u00e1n dise\u00f1ados para involucrar y deleitar a participantes de todas las edades. Ya sea que est\u00e9s planeando una aventura familiar, un evento [&hellip;]","og_url":"https:\/\/www.astronomy.tours\/es\/reserva-tu-tour-astronomico-privado\/","og_site_name":"Astronomy Tours","article_publisher":"https:\/\/www.facebook.com\/astronomy.tours\/","article_modified_time":"2024-10-07T23:48:54+00:00","twitter_card":"summary_large_image","twitter_misc":{"Tiempo de lectura":"1 minuto"},"schema":{"@context":"https:\/\/schema.org","@graph":[{"@type":"WebPage","@id":"https:\/\/www.astronomy.tours\/es\/reserva-tu-tour-astronomico-privado\/","url":"https:\/\/www.astronomy.tours\/es\/reserva-tu-tour-astronomico-privado\/","name":"Reserva tu Tour Astron\u00f3mico Privado - Astronomy Tours","isPartOf":{"@id":"https:\/\/www.astronomy.tours\/#website"},"datePublished":"2024-06-24T09:07:24+00:00","dateModified":"2024-10-07T23:48:54+00:00","breadcrumb":{"@id":"https:\/\/www.astronomy.tours\/es\/reserva-tu-tour-astronomico-privado\/#breadcrumb"},"inLanguage":"es","potentialAction":[{"@type":"ReadAction","target":["https:\/\/www.astronomy.tours\/es\/reserva-tu-tour-astronomico-privado\/"]}]},{"@type":"BreadcrumbList","@id":"https:\/\/www.astronomy.tours\/es\/reserva-tu-tour-astronomico-privado\/#breadcrumb","itemListElement":[{"@type":"ListItem","position":1,"name":"Home","item":"https:\/\/www.astronomy.tours\/es\/"},{"@type":"ListItem","position":2,"name":"Reserva tu Tour Astron\u00f3mico Privado"}]},{"@type":"WebSite","@id":"https:\/\/www.astronomy.tours\/#website","url":"https:\/\/www.astronomy.tours\/","name":"Astronomy Tours","description":"Astronomical tours","publisher":{"@id":"https:\/\/www.astronomy.tours\/#organization"},"potentialAction":[{"@type":"SearchAction","target":{"@type":"EntryPoint","urlTemplate":"https:\/\/www.astronomy.tours\/?s={search_term_string}"},"query-input":{"@type":"PropertyValueSpecification","valueRequired":true,"valueName":"search_term_string"}}],"inLanguage":"es"},{"@type":"Organization","@id":"https:\/\/www.astronomy.tours\/#organization","name":"Astronomy Tours S.COOP","url":"https:\/\/www.astronomy.tours\/","logo":{"@type":"ImageObject","inLanguage":"es","@id":"https:\/\/www.astronomy.tours\/#\/schema\/logo\/image\/","url":"https:\/\/www.astronomy.tours\/wp-content\/uploads\/2026\/02\/logo-astronomy-tours-black-small.png","contentUrl":"https:\/\/www.astronomy.tours\/wp-content\/uploads\/2026\/02\/logo-astronomy-tours-black-small.png","width":2000,"height":740,"caption":"Astronomy Tours S.COOP"},"image":{"@id":"https:\/\/www.astronomy.tours\/#\/schema\/logo\/image\/"},"sameAs":["https:\/\/www.facebook.com\/astronomy.tours\/","https:\/\/www.instagram.com\/astronomytours\/?hl=en"]}]}},"_links":{"self":[{"href":"https:\/\/www.astronomy.tours\/es\/wp-json\/wp\/v2\/pages\/3323","targetHints":{"allow":["GET"]}}],"collection":[{"href":"https:\/\/www.astronomy.tours\/es\/wp-json\/wp\/v2\/pages"}],"about":[{"href":"https:\/\/www.astronomy.tours\/es\/wp-json\/wp\/v2\/types\/page"}],"author":[{"embeddable":true,"href":"https:\/\/www.astronomy.tours\/es\/wp-json\/wp\/v2\/users\/2"}],"replies":[{"embeddable":true,"href":"https:\/\/www.astronomy.tours\/es\/wp-json\/wp\/v2\/comments?post=3323"}],"version-history":[{"count":5,"href":"https:\/\/www.astronomy.tours\/es\/wp-json\/wp\/v2\/pages\/3323\/revisions"}],"predecessor-version":[{"id":3338,"href":"https:\/\/www.astronomy.tours\/es\/wp-json\/wp\/v2\/pages\/3323\/revisions\/3338"}],"wp:attachment":[{"href":"https:\/\/www.astronomy.tours\/es\/wp-json\/wp\/v2\/media?parent=3323"}],"curies":[{"name":"wp","href":"https:\/\/api.w.org\/{rel}","templated":true}]}}